{"id":9912,"date":"2024-12-16T20:32:07","date_gmt":"2024-12-16T20:32:07","guid":{"rendered":"https:\/\/new.biomed.md\/?post_type=product&#038;p=9912"},"modified":"2026-04-22T14:54:14","modified_gmt":"2026-04-22T14:54:14","slug":"monitor-fetal-doppler","status":"publish","type":"product","link":"https:\/\/biomed.md\/ru\/product\/monitor-fetal-doppler\/","title":{"rendered":"\u0424\u0435\u0442\u0430\u043b\u044c\u043d\u044b\u0439 \u0434\u043e\u043f\u043f\u043b\u0435\u0440\u043e\u0432\u0441\u043a\u0438\u0439 \u043c\u043e\u043d\u0438\u0442\u043e\u0440"},"content":{"rendered":"<h5 data-path-to-node=\"0\">\u041f\u043e\u0440\u0442\u0430\u0442\u0438\u0432\u043d\u044b\u0439 \u0444\u0435\u0442\u0430\u043b\u044c\u043d\u044b\u0439 \u0434\u043e\u043f\u043f\u043b\u0435\u0440\u043e\u0432\u0441\u043a\u0438\u0439 \u043c\u043e\u043d\u0438\u0442\u043e\u0440 \u2013 \u043f\u043e\u0441\u043b\u0443\u0448\u0430\u0439\u0442\u0435 \u0441\u0435\u0440\u0434\u0446\u0435\u0431\u0438\u0435\u043d\u0438\u0435 \u0432\u0430\u0448\u0435\u0433\u043e \u043c\u0430\u043b\u044b\u0448\u0430.<\/h5>\n<p data-path-to-node=\"1\">\u0418\u0441\u043f\u044b\u0442\u0430\u0439\u0442\u0435 \u043d\u0435\u043f\u043e\u0432\u0442\u043e\u0440\u0438\u043c\u044b\u0435 \u043e\u0449\u0443\u0449\u0435\u043d\u0438\u044f, \u0443\u0441\u043b\u044b\u0448\u0430\u0432 \u0441\u0435\u0440\u0434\u0446\u0435\u0431\u0438\u0435\u043d\u0438\u0435 \u0432\u0430\u0448\u0435\u0433\u043e \u043c\u0430\u043b\u044b\u0448\u0430 \u043f\u0440\u044f\u043c\u043e \u0443 \u0441\u0435\u0431\u044f \u0434\u043e\u043c\u0430 \u0441 \u043f\u043e\u043c\u043e\u0449\u044c\u044e \u043f\u0440\u043e\u0444\u0435\u0441\u0441\u0438\u043e\u043d\u0430\u043b\u044c\u043d\u043e\u0433\u043e \u0444\u0435\u0442\u0430\u043b\u044c\u043d\u043e\u0433\u043e \u0434\u043e\u043f\u043f\u043b\u0435\u0440\u043e\u0432\u0441\u043a\u043e\u0433\u043e \u043c\u043e\u043d\u0438\u0442\u043e\u0440\u0430, \u0434\u043e\u0441\u0442\u0443\u043f\u043d\u043e\u0433\u043e \u043d\u0430 Biomed.md. \u0411\u0435\u0437\u043e\u043f\u0430\u0441\u043d\u043e\u0435, \u0442\u043e\u0447\u043d\u043e\u0435 \u0438 \u043f\u0440\u043e\u0441\u0442\u043e\u0435 \u0432 \u0438\u0441\u043f\u043e\u043b\u044c\u0437\u043e\u0432\u0430\u043d\u0438\u0438 \u0443\u0441\u0442\u0440\u043e\u0439\u0441\u0442\u0432\u043e, \u0440\u0430\u0437\u0440\u0430\u0431\u043e\u0442\u0430\u043d\u043d\u043e\u0435 \u0434\u043b\u044f \u043e\u0431\u0435\u0441\u043f\u0435\u0447\u0435\u043d\u0438\u044f \u0441\u043f\u043e\u043a\u043e\u0439\u0441\u0442\u0432\u0438\u044f \u0431\u0443\u0434\u0443\u0449\u0438\u0445 \u043c\u0430\u043c \u043d\u0430 \u043f\u0440\u043e\u0442\u044f\u0436\u0435\u043d\u0438\u0438 \u0432\u0441\u0435\u0439 \u0431\u0435\u0440\u0435\u043c\u0435\u043d\u043d\u043e\u0441\u0442\u0438. \u042d\u0442\u043e\u0442 \u0444\u0435\u0442\u0430\u043b\u044c\u043d\u044b\u0439 \u0434\u043e\u043f\u043f\u043b\u0435\u0440 \u0438\u0441\u043f\u043e\u043b\u044c\u0437\u0443\u0435\u0442 \u0442\u0435\u0445\u043d\u043e\u043b\u043e\u0433\u0438\u044e \u043d\u0438\u0437\u043a\u043e\u044d\u043d\u0435\u0440\u0433\u0435\u0442\u0438\u0447\u0435\u0441\u043a\u043e\u0433\u043e \u0443\u043b\u044c\u0442\u0440\u0430\u0437\u0432\u0443\u043a\u0430 \u0434\u043b\u044f \u043d\u0435\u0438\u043d\u0432\u0430\u0437\u0438\u0432\u043d\u043e\u0433\u043e \u043e\u043f\u0440\u0435\u0434\u0435\u043b\u0435\u043d\u0438\u044f \u0447\u0430\u0441\u0442\u043e\u0442\u044b \u0441\u0435\u0440\u0434\u0435\u0447\u043d\u044b\u0445 \u0441\u043e\u043a\u0440\u0430\u0449\u0435\u043d\u0438\u0439 \u043f\u043b\u043e\u0434\u0430. \u042d\u0442\u043e \u0438\u0434\u0435\u0430\u043b\u044c\u043d\u044b\u0439 \u0438\u043d\u0441\u0442\u0440\u0443\u043c\u0435\u043d\u0442 \u0434\u043b\u044f \u0443\u0441\u0442\u0430\u043d\u043e\u0432\u043b\u0435\u043d\u0438\u044f \u0440\u0430\u043d\u043d\u0435\u0439 \u0441\u0432\u044f\u0437\u0438 \u0441 \u0432\u0430\u0448\u0438\u043c \u043c\u0430\u043b\u044b\u0448\u043e\u043c, \u043f\u0440\u0435\u0434\u043e\u0441\u0442\u0430\u0432\u043b\u044f\u044e\u0449\u0438\u0439 \u0432\u0430\u043c \u0432\u043e\u0437\u043c\u043e\u0436\u043d\u043e\u0441\u0442\u044c \u0441\u043b\u0435\u0434\u0438\u0442\u044c \u0437\u0430 \u0435\u0433\u043e \u0441\u0430\u043c\u043e\u0447\u0443\u0432\u0441\u0442\u0432\u0438\u0435\u043c \u0432 \u043a\u043e\u043c\u0444\u043e\u0440\u0442\u043d\u044b\u0445 \u0434\u043e\u043c\u0430\u0448\u043d\u0438\u0445 \u0443\u0441\u043b\u043e\u0432\u0438\u044f\u0445, \u043c\u0435\u0436\u0434\u0443 \u0440\u0435\u0433\u0443\u043b\u044f\u0440\u043d\u044b\u043c\u0438 \u043c\u0435\u0434\u0438\u0446\u0438\u043d\u0441\u043a\u0438\u043c\u0438 \u043e\u0441\u043c\u043e\u0442\u0440\u0430\u043c\u0438<\/p>\n<h5 data-path-to-node=\"2\">\u0421\u0435\u0440\u0442\u0438\u0444\u0438\u0446\u0438\u0440\u043e\u0432\u0430\u043d\u043d\u044b\u0435 \u043f\u043e\u043a\u0430\u0437\u0430\u0442\u0435\u043b\u0438 \u043f\u0440\u043e\u0438\u0437\u0432\u043e\u0434\u0438\u0442\u0435\u043b\u044c\u043d\u043e\u0441\u0442\u0438 \u0438 \u0431\u0435\u0437\u043e\u043f\u0430\u0441\u043d\u043e\u0441\u0442\u0438<\/h5>\n<ul data-path-to-node=\"3\">\n<li>\n<p data-path-to-node=\"3,0,0\"><b data-path-to-node=\"3,0,0\" data-index-in-node=\"0\">\u0422\u0435\u0445\u043d\u043e\u043b\u043e\u0433\u0438\u044f \u0448\u0443\u043c\u043e\u043f\u043e\u0434\u0430\u0432\u043b\u0435\u043d\u0438\u044f:<\/b> \u041e\u0441\u043d\u0430\u0449\u0435\u043d \u0446\u0438\u0444\u0440\u043e\u0432\u044b\u043c \u0441\u0438\u0433\u043d\u0430\u043b\u044c\u043d\u044b\u043c \u043f\u0440\u043e\u0446\u0435\u0441\u0441\u043e\u0440\u043e\u043c, \u043a\u043e\u0442\u043e\u0440\u044b\u0439 \u043e\u0442\u0444\u0438\u043b\u044c\u0442\u0440\u043e\u0432\u044b\u0432\u0430\u0435\u0442 \u0444\u043e\u043d\u043e\u0432\u044b\u0435 \u0437\u0432\u0443\u043a\u0438, \u043e\u0431\u0435\u0441\u043f\u0435\u0447\u0438\u0432\u0430\u044f \u0447\u0438\u0441\u0442\u043e\u0435 \u0438 \u043a\u0440\u0438\u0441\u0442\u0430\u043b\u044c\u043d\u043e \u0447\u0438\u0441\u0442\u043e\u0435 \u0437\u0432\u0443\u0447\u0430\u043d\u0438\u0435 \u0432\u0430\u0448\u0435\u0433\u043e \u0441\u0435\u0440\u0434\u0446\u0435\u0431\u0438\u0435\u043d\u0438\u044f.<\/p>\n<\/li>\n<li>\n<p data-path-to-node=\"3,1,0\"><b data-path-to-node=\"3,1,0\" data-index-in-node=\"0\">\u0416\u041a-\u044d\u043a\u0440\u0430\u043d \u0432\u044b\u0441\u043e\u043a\u043e\u0433\u043e \u0440\u0430\u0437\u0440\u0435\u0448\u0435\u043d\u0438\u044f:<\/b> \u041e\u0442\u043e\u0431\u0440\u0430\u0436\u0430\u0435\u0442 \u0447\u0430\u0441\u0442\u043e\u0442\u0443 \u0441\u0435\u0440\u0434\u0435\u0447\u043d\u044b\u0445 \u0441\u043e\u043a\u0440\u0430\u0449\u0435\u043d\u0438\u0439 \u043f\u043b\u043e\u0434\u0430 (\u0427\u0421\u0421) \u0432 \u0440\u0435\u0436\u0438\u043c\u0435 \u0440\u0435\u0430\u043b\u044c\u043d\u043e\u0433\u043e \u0432\u0440\u0435\u043c\u0435\u043d\u0438, \u043f\u043e\u0437\u0432\u043e\u043b\u044f\u044f \u043e\u0442\u0441\u043b\u0435\u0436\u0438\u0432\u0430\u0442\u044c \u043f\u043e\u043a\u0430\u0437\u0430\u0442\u0435\u043b\u0438 \u0441 \u043c\u0435\u0434\u0438\u0446\u0438\u043d\u0441\u043a\u043e\u0439 \u0442\u043e\u0447\u043d\u043e\u0441\u0442\u044c\u044e.<\/p>\n<\/li>\n<li>\n<p data-path-to-node=\"3,2,0\"><b data-path-to-node=\"3,2,0\" data-index-in-node=\"0\">\u0412\u044b\u0441\u043e\u043a\u043e\u0447\u0443\u0432\u0441\u0442\u0432\u0438\u0442\u0435\u043b\u044c\u043d\u044b\u0439 \u0437\u043e\u043d\u0434:<\/b> \u0421\u043c\u0435\u043d\u043d\u044b\u0439 \u0434\u0430\u0442\u0447\u0438\u043a 3,0 \u041c\u0413\u0446 \u043f\u043e\u0437\u0432\u043e\u043b\u044f\u0435\u0442 \u043f\u0440\u043e\u0432\u043e\u0434\u0438\u0442\u044c \u0440\u0430\u043d\u043d\u0435\u0435 \u0432\u044b\u044f\u0432\u043b\u0435\u043d\u0438\u0435 \u0441\u0435\u0440\u0434\u0435\u0447\u043d\u043e\u0433\u043e \u0440\u0438\u0442\u043c\u0430, \u043d\u0430\u0447\u0438\u043d\u0430\u044f \u0441 12-\u0439 \u043d\u0435\u0434\u0435\u043b\u0438 \u0431\u0435\u0440\u0435\u043c\u0435\u043d\u043d\u043e\u0441\u0442\u0438.<\/p>\n<\/li>\n<li>\n<p data-path-to-node=\"3,3,0\"><b data-path-to-node=\"3,3,0\" data-index-in-node=\"0\">\u041c\u0430\u043a\u0441\u0438\u043c\u0430\u043b\u044c\u043d\u0430\u044f \u0431\u0435\u0437\u043e\u043f\u0430\u0441\u043d\u043e\u0441\u0442\u044c:<\/b> \u0423\u0441\u0442\u0440\u043e\u0439\u0441\u0442\u0432\u043e \u0440\u0430\u0431\u043e\u0442\u0430\u0435\u0442 \u0441 \u043d\u0443\u043b\u0435\u0432\u044b\u043c \u0443\u0440\u043e\u0432\u043d\u0435\u043c \u0440\u0430\u0434\u0438\u0430\u0446\u0438\u0438, \u0447\u0442\u043e \u0434\u0435\u043b\u0430\u0435\u0442 \u0435\u0433\u043e \u0430\u0431\u0441\u043e\u043b\u044e\u0442\u043d\u043e \u0431\u0435\u0437\u043e\u043f\u0430\u0441\u043d\u044b\u043c \u043a\u0430\u043a \u0434\u043b\u044f \u043c\u0430\u0442\u0435\u0440\u0438, \u0442\u0430\u043a \u0438 \u0434\u043b\u044f \u043f\u043b\u043e\u0434\u0430.<\/p>\n<\/li>\n<\/ul>\n<h5 data-path-to-node=\"4\">\u041e\u0441\u043e\u0431\u0435\u043d\u043d\u043e\u0441\u0442\u0438 \u0438 \u043f\u0440\u0435\u0438\u043c\u0443\u0449\u0435\u0441\u0442\u0432\u0430 \u0431\u0438\u043e\u043c\u0435\u0434\u0438\u0446\u0438\u043d\u0441\u043a\u043e\u0439 \u0442\u0435\u0445\u043d\u0438\u043a\u0438<\/h5>\n<ul data-path-to-node=\"5\">\n<li>\n<p data-path-to-node=\"5,0,0\"><b data-path-to-node=\"5,0,0\" data-index-in-node=\"0\">\u0412\u0441\u0442\u0440\u043e\u0435\u043d\u043d\u044b\u0439 \u0434\u0438\u043d\u0430\u043c\u0438\u043a \u0438 \u0430\u0443\u0434\u0438\u043e\u0432\u044b\u0445\u043e\u0434:<\/b> \u0412\u044b \u043c\u043e\u0436\u0435\u0442\u0435 \u0441\u043b\u0443\u0448\u0430\u0442\u044c \u0437\u0432\u0443\u043a \u043d\u0435\u043f\u043e\u0441\u0440\u0435\u0434\u0441\u0442\u0432\u0435\u043d\u043d\u043e \u0447\u0435\u0440\u0435\u0437 \u0434\u0438\u043d\u0430\u043c\u0438\u043a \u0443\u0441\u0442\u0440\u043e\u0439\u0441\u0442\u0432\u0430 \u0438\u043b\u0438 \u043f\u043e\u0434\u043a\u043b\u044e\u0447\u0438\u0442\u044c \u043d\u0430\u0443\u0448\u043d\u0438\u043a\u0438 \u0434\u043b\u044f \u0431\u043e\u043b\u0435\u0435 \u0434\u0435\u0442\u0430\u043b\u044c\u043d\u043e\u0433\u043e \u0438 \u043f\u0440\u0438\u0432\u0430\u0442\u043d\u043e\u0433\u043e \u0432\u043e\u0441\u043f\u0440\u0438\u044f\u0442\u0438\u044f.<\/p>\n<\/li>\n<li>\n<p data-path-to-node=\"5,1,0\"><b data-path-to-node=\"5,1,0\" data-index-in-node=\"0\">\u042d\u0440\u0433\u043e\u043d\u043e\u043c\u0438\u0447\u043d\u044b\u0439 \u0438 \u043f\u043e\u0440\u0442\u0430\u0442\u0438\u0432\u043d\u044b\u0439 \u0434\u0438\u0437\u0430\u0439\u043d:<\/b> \u041a\u043e\u043c\u043f\u0430\u043a\u0442\u043d\u043e\u0435 \u0438 \u0443\u0434\u043e\u0431\u043d\u043e\u0435 \u0432 \u0438\u0441\u043f\u043e\u043b\u044c\u0437\u043e\u0432\u0430\u043d\u0438\u0438, \u043e\u043d\u043e \u043f\u043e\u0434\u0445\u043e\u0434\u0438\u0442 \u0434\u043b\u044f \u043f\u043e\u0435\u0437\u0434\u043e\u043a \u0438 \u043f\u043e\u0437\u0432\u043e\u043b\u044f\u0435\u0442 \u043e\u0441\u0443\u0449\u0435\u0441\u0442\u0432\u043b\u044f\u0442\u044c \u043f\u043e\u0441\u0442\u043e\u044f\u043d\u043d\u044b\u0439 \u043c\u043e\u043d\u0438\u0442\u043e\u0440\u0438\u043d\u0433, \u0433\u0434\u0435 \u0431\u044b \u0432\u044b \u043d\u0438 \u043d\u0430\u0445\u043e\u0434\u0438\u043b\u0438\u0441\u044c<\/p>\n<\/li>\n<li>\n<p data-path-to-node=\"5,2,0\"><b data-path-to-node=\"5,2,0\" data-index-in-node=\"0\">\u0418\u043d\u0442\u0443\u0438\u0442\u0438\u0432\u043d\u043e \u043f\u043e\u043d\u044f\u0442\u043d\u043e\u0435 \u0438\u0441\u043f\u043e\u043b\u044c\u0437\u043e\u0432\u0430\u043d\u0438\u0435:<\/b> \u041f\u0440\u043e\u0441\u0442\u043e\u0439 \u0438\u043d\u0442\u0435\u0440\u0444\u0435\u0439\u0441 \u0441 \u0443\u0434\u043e\u0431\u043d\u044b\u043c\u0438 \u043a\u043d\u043e\u043f\u043a\u0430\u043c\u0438, \u0438\u0434\u0435\u0430\u043b\u044c\u043d\u043e \u043f\u043e\u0434\u0445\u043e\u0434\u0438\u0442 \u0434\u043b\u044f \u0434\u043e\u043c\u0430\u0448\u043d\u0435\u0433\u043e \u0438\u0441\u043f\u043e\u043b\u044c\u0437\u043e\u0432\u0430\u043d\u0438\u044f \u0438 \u043d\u0435 \u0442\u0440\u0435\u0431\u0443\u0435\u0442 \u0441\u043f\u0435\u0446\u0438\u0430\u043b\u044c\u043d\u043e\u0439 \u043c\u0435\u0434\u0438\u0446\u0438\u043d\u0441\u043a\u043e\u0439 \u043f\u043e\u0434\u0433\u043e\u0442\u043e\u0432\u043a\u0438<\/p>\n<\/li>\n<\/ul>\n<h5 data-path-to-node=\"6\">\u0422\u0435\u0445\u043d\u0438\u0447\u0435\u0441\u043a\u0438\u0435 \u0445\u0430\u0440\u0430\u043a\u0442\u0435\u0440\u0438\u0441\u0442\u0438\u043a\u0438<\/h5>\n<ul data-path-to-node=\"7\">\n<li>\n<p data-path-to-node=\"7,0,0\"><b data-path-to-node=\"7,0,0\" data-index-in-node=\"0\">\u0422\u0438\u043f \u043f\u0440\u043e\u0434\u0443\u043a\u0442\u0430:<\/b> \u041f\u043e\u0440\u0442\u0430\u0442\u0438\u0432\u043d\u044b\u0439 \u0444\u0435\u0442\u0430\u043b\u044c\u043d\u044b\u0439 \u0434\u043e\u043f\u043f\u043b\u0435\u0440<\/p>\n<\/li>\n<li>\n<p data-path-to-node=\"7,1,0\"><b data-path-to-node=\"7,1,0\" data-index-in-node=\"0\">\u042d\u043a\u0440\u0430\u043d:<\/b> \u0416\u041a-\u0434\u0438\u0441\u043f\u043b\u0435\u0439 \u0441 \u043f\u043e\u0434\u0441\u0432\u0435\u0442\u043a\u043e\u0439<\/p>\n<\/li>\n<li>\n<p data-path-to-node=\"7,2,0\"><b data-path-to-node=\"7,2,0\" data-index-in-node=\"0\">\u0414\u0438\u0430\u043f\u0430\u0437\u043e\u043d \u0438\u0437\u043c\u0435\u0440\u0435\u043d\u0438\u044f \u0427\u0421\u0421 \u043f\u043b\u043e\u0434\u0430:<\/b> 50\u2013240 \u0443\u0434\u0430\u0440\u043e\u0432 \u0432 \u043c\u0438\u043d\u0443\u0442\u0443<\/p>\n<\/li>\n<li>\n<p data-path-to-node=\"7,3,0\"><b data-path-to-node=\"7,3,0\" data-index-in-node=\"0\">\u0418\u0441\u0442\u043e\u0447\u043d\u0438\u043a \u043f\u0438\u0442\u0430\u043d\u0438\u044f:<\/b> \u0411\u0430\u0442\u0430\u0440\u0435\u0439\u043a\u0438 \u0442\u0438\u043f\u0430 \u0410\u0410 (\u044d\u043a\u043e\u043d\u043e\u043c\u0438\u0447\u043d\u044b\u0435 \u0438 \u043b\u0435\u0433\u043a\u043e \u0437\u0430\u043c\u0435\u043d\u044f\u0435\u043c\u044b\u0435).<\/p>\n<\/li>\n<li>\n<p data-path-to-node=\"7,4,0\"><b data-path-to-node=\"7,4,0\" data-index-in-node=\"0\">\u0427\u0430\u0441\u0442\u043e\u0442\u0430 \u0437\u043e\u043d\u0434\u0438\u0440\u043e\u0432\u0430\u043d\u0438\u044f: <\/b>\u00a03.0 MHz<\/p>\n<\/li>\n<\/ul>\n<h5 data-path-to-node=\"8\">\u00a0\u041a\u043b\u044e\u0447\u0435\u0432\u044b\u0435 \u0441\u043b\u043e\u0432\u0430<\/h5>\n<p data-path-to-node=\"8\">\u00a0\u043f\u043e\u0440\u0442\u0430\u0442\u0438\u0432\u043d\u044b\u0439 \u0444\u0435\u0442\u0430\u043b\u044c\u043d\u044b\u0439 \u0434\u043e\u043f\u043f\u043b\u0435\u0440, \u043c\u043e\u043d\u0438\u0442\u043e\u0440 \u0441\u0435\u0440\u0434\u0446\u0435\u0431\u0438\u0435\u043d\u0438\u044f \u0440\u0435\u0431\u0435\u043d\u043a\u0430, \u043c\u043e\u043d\u0438\u0442\u043e\u0440 \u0447\u0430\u0441\u0442\u043e\u0442\u044b \u0441\u0435\u0440\u0434\u0435\u0447\u043d\u044b\u0445 \u0441\u043e\u043a\u0440\u0430\u0449\u0435\u043d\u0438\u0439 \u043f\u043b\u043e\u0434\u0430, \u0434\u043e\u043f\u043f\u043b\u0435\u0440 \u0434\u043b\u044f \u0431\u0435\u0440\u0435\u043c\u0435\u043d\u043d\u044b\u0445 \u041c\u043e\u043b\u0434\u043e\u0432\u0430, \u043c\u043e\u043d\u0438\u0442\u043e\u0440 \u0447\u0430\u0441\u0442\u043e\u0442\u044b \u0441\u0435\u0440\u0434\u0435\u0447\u043d\u044b\u0445 \u0441\u043e\u043a\u0440\u0430\u0449\u0435\u043d\u0438\u0439 \u043f\u043b\u043e\u0434\u0430 \u041a\u0438\u0448\u0438\u043d\u0435\u0432, \u0443\u0441\u0442\u0440\u043e\u0439\u0441\u0442\u0432\u0430 \u0434\u043b\u044f \u043c\u043e\u043d\u0438\u0442\u043e\u0440\u0438\u043d\u0433\u0430 \u0431\u0435\u0440\u0435\u043c\u0435\u043d\u043d\u043e\u0441\u0442\u0438, biomed.md, \u0446\u0435\u043d\u0430 \u0444\u0435\u0442\u0430\u043b\u044c\u043d\u043e\u0433\u043e \u0434\u043e\u043f\u043f\u043b\u0435\u0440\u0430 \u041c\u043e\u043b\u0434\u043e\u0432\u0430.<\/p>","protected":false},"excerpt":{"rendered":"<p>Monitor Fetal Doppler Portabil \u2013 Ascult\u0103 b\u0103t\u0103ile inimii bebelu\u0219ului Tr\u0103ie\u0219te emo\u021bia unic\u0103 de a auzi inima bebelu\u0219ului t\u0103u chiar de<\/p>","protected":false},"featured_media":16389,"comment_status":"open","ping_status":"closed","template":"","meta":{"_acf_changed":false},"product_brand":[],"product_cat":[101,102,107],"product_tag":[],"class_list":{"0":"post-9912","1":"product","2":"type-product","3":"status-publish","4":"has-post-thumbnail","6":"product_cat-copii","7":"product_cat-diverse","8":"product_cat-tehnica-de-reabilitare","10":"first","11":"instock","12":"shipping-taxable","13":"purchasable","14":"product-type-simple"},"acf":[],"_links":{"self":[{"href":"https:\/\/biomed.md\/ru\/wp-json\/wp\/v2\/product\/9912","targetHints":{"allow":["GET"]}}],"collection":[{"href":"https:\/\/biomed.md\/ru\/wp-json\/wp\/v2\/product"}],"about":[{"href":"https:\/\/biomed.md\/ru\/wp-json\/wp\/v2\/types\/product"}],"replies":[{"embeddable":true,"href":"https:\/\/biomed.md\/ru\/wp-json\/wp\/v2\/comments?post=9912"}],"version-history":[{"count":5,"href":"https:\/\/biomed.md\/ru\/wp-json\/wp\/v2\/product\/9912\/revisions"}],"predecessor-version":[{"id":16387,"href":"https:\/\/biomed.md\/ru\/wp-json\/wp\/v2\/product\/9912\/revisions\/16387"}],"wp:featuredmedia":[{"embeddable":true,"href":"https:\/\/biomed.md\/ru\/wp-json\/wp\/v2\/media\/16389"}],"wp:attachment":[{"href":"https:\/\/biomed.md\/ru\/wp-json\/wp\/v2\/media?parent=9912"}],"wp:term":[{"taxonomy":"product_brand","embeddable":true,"href":"https:\/\/biomed.md\/ru\/wp-json\/wp\/v2\/product_brand?post=9912"},{"taxonomy":"product_cat","embeddable":true,"href":"https:\/\/biomed.md\/ru\/wp-json\/wp\/v2\/product_cat?post=9912"},{"taxonomy":"product_tag","embeddable":true,"href":"https:\/\/biomed.md\/ru\/wp-json\/wp\/v2\/product_tag?post=9912"}],"curies":[{"name":"wp","href":"https:\/\/api.w.org\/{rel}","templated":true}]}}