{"id":9859,"date":"2024-12-16T20:32:01","date_gmt":"2024-12-16T20:32:01","guid":{"rendered":"https:\/\/new.biomed.md\/?post_type=product&#038;p=9859"},"modified":"2026-03-13T13:39:18","modified_gmt":"2026-03-13T13:39:18","slug":"paste-din-spelta-integrala","status":"publish","type":"product","link":"https:\/\/biomed.md\/ru\/product\/paste-din-spelta-integrala\/","title":{"rendered":"\u041c\u0430\u043a\u0430\u0440\u043e\u043d\u044b \u0438\u0437 \u0446\u0435\u043b\u044c\u043d\u043e\u0437\u0435\u0440\u043d\u043e\u0432\u043e\u0439 \u043f\u043e\u043b\u0431\u044b"},"content":{"rendered":"<h4>\u041c\u0430\u043a\u0430\u0440\u043e\u043d\u044b \u0438\u0437 \u0446\u0435\u043b\u044c\u043d\u043e\u0437\u0435\u0440\u043d\u043e\u0432\u043e\u0439 \u043f\u043e\u043b\u0431\u044b<\/h4>\n<p><b>R<\/b>eprezint\u0103 o alternativ\u0103 delicioas\u0103 \u0219i s\u0103n\u0103toas\u0103 la pastele tradi\u021bionale. Fabricate 100% din f\u0103in\u0103 integral\u0103 de spelt\u0103, aceste spirale sunt bogate \u00een fibre \u0219i ideale pentru toate felurile de paste. Cu un gust delicat de nuc\u0103, acestea pot fi utilizate \u00eentr-o varietate de preparate culinare, inclusiv salate \u0219i pr\u0103jituri de paste.<\/p>\n<h5>\u0421\u043e\u0441\u0442\u0430\u0432:<\/h5>\n<ul>\n<li>\u0426\u0435\u043b\u044c\u043d\u043e\u0437\u0435\u0440\u043d\u043e\u0432\u0430\u044f \u0441\u043f\u0435\u043b\u044c\u0442\u043e\u0432\u0430\u044f \u043c\u0443\u043a\u0430<\/li>\n<\/ul>\n<h5>\u041f\u0440\u0435\u0438\u043c\u0443\u0449\u0435\u0441\u0442\u0432\u0430:<\/h5>\n<ul>\n<li><strong>\u0411\u043e\u0433\u0430\u0442\u043e \u043a\u043b\u0435\u0442\u0447\u0430\u0442\u043a\u043e\u0439:<\/strong> \u043f\u043e\u043c\u043e\u0433\u0430\u0435\u0442 \u043f\u043e\u0434\u0434\u0435\u0440\u0436\u0438\u0432\u0430\u0442\u044c \u0437\u0434\u043e\u0440\u043e\u0432\u043e\u0435 \u043f\u0438\u0449\u0435\u0432\u0430\u0440\u0435\u043d\u0438\u0435 \u0438 \u043e\u0431\u0435\u0441\u043f\u0435\u0447\u0438\u0432\u0430\u0435\u0442 \u0431\u043e\u043b\u0435\u0435 \u0434\u043b\u0438\u0442\u0435\u043b\u044c\u043d\u043e\u0435 \u0447\u0443\u0432\u0441\u0442\u0432\u043e \u0441\u044b\u0442\u043e\u0441\u0442\u0438.<\/li>\n<li><strong>\u041d\u0435\u0436\u043d\u044b\u0439 \u043e\u0440\u0435\u0445\u043e\u0432\u044b\u0439 \u0432\u043a\u0443\u0441:<\/strong> \u0421\u043f\u0438\u0440\u0430\u043b\u0438 \u0438\u0437 \u043f\u043e\u043b\u0431\u044b \u043e\u0431\u043b\u0430\u0434\u0430\u044e\u0442 \u043f\u0440\u0438\u044f\u0442\u043d\u044b\u043c \u0432\u043a\u0443\u0441\u043e\u043c \u0438 \u043c\u043e\u0433\u0443\u0442 \u0431\u044b\u0442\u044c \u0438\u0441\u043f\u043e\u043b\u044c\u0437\u043e\u0432\u0430\u043d\u044b \u0432 \u0440\u0430\u0437\u043b\u0438\u0447\u043d\u044b\u0445 \u043a\u0443\u043b\u0438\u043d\u0430\u0440\u043d\u044b\u0445 \u0440\u0435\u0446\u0435\u043f\u0442\u0430\u0445.<\/li>\n<li><strong>\u0423\u043d\u0438\u0432\u0435\u0440\u0441\u0430\u043b\u044c\u043d\u044b\u0439:<\/strong> \u0418\u0434\u0435\u0430\u043b\u044c\u043d\u043e \u043f\u043e\u0434\u0445\u043e\u0434\u0438\u0442 \u0434\u043b\u044f \u0441\u0430\u043b\u0430\u0442\u043e\u0432, \u043c\u0430\u043a\u0430\u0440\u043e\u043d\u043d\u044b\u0445 \u0438\u0437\u0434\u0435\u043b\u0438\u0439, \u043b\u0435\u043f\u0435\u0448\u0435\u043a \u0438 \u043c\u043d\u043e\u0433\u0438\u0445 \u0434\u0440\u0443\u0433\u0438\u0445 \u0431\u043b\u044e\u0434.<\/li>\n<\/ul>\n<h5>\u0421\u043e\u0432\u0435\u0442 \u043f\u043e \u0440\u0435\u0446\u0435\u043f\u0442\u0443:<\/h5>\n<p>\u041f\u043e\u043f\u0440\u043e\u0431\u0443\u0439\u0442\u0435 \u043d\u0430\u0448 \u0432\u043e\u0441\u0445\u0438\u0442\u0438\u0442\u0435\u043b\u044c\u043d\u044b\u0439 \u0440\u0435\u0446\u0435\u043f\u0442 \u043f\u0430\u0441\u0442\u044b \u0441 \u0445\u0443\u043c\u0443\u0441\u043e\u043c \u0438 \u0441\u043f\u0438\u0440\u0430\u043b\u044c\u043a\u0430\u043c\u0438 \u0438\u0437 \u043f\u043e\u043b\u0431\u044b! \u041f\u0440\u0438\u0433\u043e\u0442\u043e\u0432\u043b\u0435\u043d\u0438\u0435 \u0437\u0430\u0439\u043c\u0435\u0442 \u0432\u0441\u0435\u0433\u043e 10 \u043c\u0438\u043d\u0443\u0442 \u0438 \u043e\u0447\u0435\u043d\u044c \u043f\u0440\u043e\u0441\u0442\u043e!<\/p>\n<h5>\u0422\u0430\u0431\u043b\u0438\u0446\u0430 \u043f\u0438\u0449\u0435\u0432\u043e\u0439 \u0446\u0435\u043d\u043d\u043e\u0441\u0442\u0438:<\/h5>\n<ul>\n<li><strong>\u042d\u043d\u0435\u0440\u0433\u0438\u044f:<\/strong> 1452 kJ (344 kcal)<\/li>\n<li><strong>\u0416\u0438\u0440\u044b:<\/strong> 2,4 \u0433\n<ul>\n<li>\u0438\u0437 \u043a\u043e\u0442\u043e\u0440\u044b\u0445 \u043d\u0430\u0441\u044b\u0449\u0435\u043d\u043d\u044b\u0435 \u0436\u0438\u0440\u043d\u044b\u0435 \u043a\u0438\u0441\u043b\u043e\u0442\u044b: 0,4 \u0433<\/li>\n<\/ul>\n<\/li>\n<li><strong>\u0423\u0433\u043b\u0435\u0432\u043e\u0434\u044b:<\/strong> 62 \u0433\n<ul>\n<li>\u0438\u0437 \u043a\u043e\u0442\u043e\u0440\u044b\u0445 \u0441\u0430\u0445\u0430\u0440: 3,3 \u0433<\/li>\n<\/ul>\n<\/li>\n<li><strong>\u0411\u0435\u043b\u043a\u0438:<\/strong> 13 \u0433<\/li>\n<li><strong>\u0421\u043e\u043b\u044c:<\/strong> &lt; 0,01 \u0433<\/li>\n<\/ul>\n<p><strong>\u0422\u0435\u0433\u0438:<\/strong> #\u0437\u0434\u043e\u0440\u043e\u0432\u0430\u044f\u043f\u0430\u0441\u0442\u0430, #\u043f\u043e\u043b\u0431\u0430, #\u0430\u043b\u044c\u0442\u0435\u0440\u043d\u0430\u0442\u0438\u0432\u043d\u0430\u044f\u043f\u0430\u0441\u0442\u0430, #\u0432\u0435\u0433\u0430\u043d\u0441\u043a\u0430\u044f, #\u0431\u043e\u0433\u0430\u0442\u0430\u044f\u043a\u043b\u0435\u0442\u0447\u0430\u0442\u043a\u043e\u0439, #\u0432\u043e\u0441\u0445\u0438\u0442\u0438\u0442\u0435\u043b\u044c\u043d\u044b\u0439\u0432\u043a\u0443\u0441, #\u0431\u044b\u0441\u0442\u0440\u044b\u0439\u0440\u0435\u0446\u0435\u043f\u0442, #\u043f\u0438\u0442\u0430\u043d\u0438\u0435<\/p>","protected":false},"excerpt":{"rendered":"<p><strong>\u041a\u043e\u043b\u0438\u0447\u0435\u0441\u0442\u0432\u043e 250\u0433<\/strong><\/p>\n<p>&nbsp;<\/p>","protected":false},"featured_media":0,"comment_status":"open","ping_status":"closed","template":"","meta":{"_acf_changed":false},"product_brand":[],"product_cat":[117,148],"product_tag":[],"class_list":{"0":"post-9859","1":"product","2":"type-product","3":"status-publish","5":"product_cat-condimente-si-fainuri-bio","6":"product_cat-gustari","8":"first","9":"instock","10":"shipping-taxable","11":"purchasable","12":"product-type-simple"},"acf":[],"_links":{"self":[{"href":"https:\/\/biomed.md\/ru\/wp-json\/wp\/v2\/product\/9859","targetHints":{"allow":["GET"]}}],"collection":[{"href":"https:\/\/biomed.md\/ru\/wp-json\/wp\/v2\/product"}],"about":[{"href":"https:\/\/biomed.md\/ru\/wp-json\/wp\/v2\/types\/product"}],"replies":[{"embeddable":true,"href":"https:\/\/biomed.md\/ru\/wp-json\/wp\/v2\/comments?post=9859"}],"version-history":[{"count":8,"href":"https:\/\/biomed.md\/ru\/wp-json\/wp\/v2\/product\/9859\/revisions"}],"predecessor-version":[{"id":15939,"href":"https:\/\/biomed.md\/ru\/wp-json\/wp\/v2\/product\/9859\/revisions\/15939"}],"wp:attachment":[{"href":"https:\/\/biomed.md\/ru\/wp-json\/wp\/v2\/media?parent=9859"}],"wp:term":[{"taxonomy":"product_brand","embeddable":true,"href":"https:\/\/biomed.md\/ru\/wp-json\/wp\/v2\/product_brand?post=9859"},{"taxonomy":"product_cat","embeddable":true,"href":"https:\/\/biomed.md\/ru\/wp-json\/wp\/v2\/product_cat?post=9859"},{"taxonomy":"product_tag","embeddable":true,"href":"https:\/\/biomed.md\/ru\/wp-json\/wp\/v2\/product_tag?post=9859"}],"curies":[{"name":"wp","href":"https:\/\/api.w.org\/{rel}","templated":true}]}}