{"id":9491,"date":"2024-12-16T20:31:12","date_gmt":"2024-12-16T20:31:12","guid":{"rendered":"https:\/\/new.biomed.md\/?post_type=product&#038;p=9491"},"modified":"2025-12-12T12:47:13","modified_gmt":"2025-12-12T12:47:13","slug":"pat-masa-pentru-masaj-pliabila-si-ajustabila","status":"publish","type":"product","link":"https:\/\/biomed.md\/ru\/product\/pat-masa-pentru-masaj-pliabila-si-ajustabila\/","title":{"rendered":"\u0421\u043a\u043b\u0430\u0434\u043d\u043e\u0439 \u0438 \u0440\u0435\u0433\u0443\u043b\u0438\u0440\u0443\u0435\u043c\u044b\u0439 \u043c\u0430\u0441\u0441\u0430\u0436\u043d\u044b\u0439 \u0441\u0442\u043e\u043b"},"content":{"rendered":"<p>\u0421\u043a\u043b\u0430\u0434\u043d\u043e\u0439 \u0438 \u0440\u0435\u0433\u0443\u043b\u0438\u0440\u0443\u0435\u043c\u044b\u0439 \u043c\u0430\u0441\u0441\u0430\u0436\u043d\u044b\u0439 \u0441\u0442\u043e\u043b<\/p>\n<p><strong>\u041e\u043f\u0438\u0441\u0430\u043d\u0438\u0435:<\/strong> \u042d\u0442\u043e\u0442 \u0441\u043a\u043b\u0430\u0434\u043d\u043e\u0439 \u043c\u0430\u0441\u0441\u0430\u0436\u043d\u044b\u0439 \u0441\u0442\u043e\u043b \u043e\u0431\u0435\u0441\u043f\u0435\u0447\u0438\u0432\u0430\u0435\u0442 \u0443\u043d\u0438\u043a\u0430\u043b\u044c\u043d\u044b\u0439 \u043e\u043f\u044b\u0442 \u0440\u0435\u043b\u0430\u043a\u0441\u0430\u0446\u0438\u0438 \u0438 \u043c\u043e\u0436\u0435\u0442 \u0438\u0441\u043f\u043e\u043b\u044c\u0437\u043e\u0432\u0430\u0442\u044c\u0441\u044f \u0432 \u0440\u0430\u0437\u043b\u0438\u0447\u043d\u044b\u0445 \u0446\u0435\u043b\u044f\u0445, \u0432\u043a\u043b\u044e\u0447\u0430\u044f \u0444\u0438\u0437\u0438\u043e\u0442\u0435\u0440\u0430\u043f\u0438\u044e, \u043e\u0441\u0442\u0435\u043e\u043f\u0430\u0442\u0438\u0447\u0435\u0441\u043a\u0438\u0439 \u043c\u0430\u0441\u0441\u0430\u0436 \u0438\u043b\u0438 \u043f\u0440\u043e\u0441\u0442\u043e\u0439 \u0440\u0430\u0441\u0441\u043b\u0430\u0431\u043b\u044f\u044e\u0449\u0438\u0439 \u043c\u0430\u0441\u0441\u0430\u0436.<\/p>\n<p><strong>\u0424\u0443\u043d\u043a\u0446\u0438\u0438:<\/strong><\/p>\n<ul>\n<li><strong>\u0423\u043d\u0438\u0432\u0435\u0440\u0441\u0430\u043b\u044c\u043d\u043e\u0441\u0442\u044c:<\/strong> \u041c\u043e\u0436\u0435\u0442 \u0438\u0441\u043f\u043e\u043b\u044c\u0437\u043e\u0432\u0430\u0442\u044c\u0441\u044f \u0434\u043b\u044f \u0444\u0438\u0437\u0438\u043e\u0442\u0435\u0440\u0430\u043f\u0435\u0432\u0442\u0438\u0447\u0435\u0441\u043a\u043e\u0433\u043e, \u043e\u0441\u0442\u0435\u043e\u043f\u0430\u0442\u0438\u0447\u0435\u0441\u043a\u043e\u0433\u043e \u0438\u043b\u0438 \u0440\u0435\u043b\u0430\u043a\u0441\u0430\u0446\u0438\u043e\u043d\u043d\u043e\u0433\u043e \u043c\u0430\u0441\u0441\u0430\u0436\u0430.<\/li>\n<li><strong>\u0420\u0435\u0433\u0443\u043b\u0438\u0440\u0443\u0435\u043c\u0430\u044f \u0432\u044b\u0441\u043e\u0442\u0430:<\/strong> \u041c\u0430\u0441\u0441\u0430\u0436\u043d\u044b\u0439 \u0441\u0442\u043e\u043b \u0441 7 \u0443\u0440\u043e\u0432\u043d\u044f\u043c\u0438 \u0432\u044b\u0441\u043e\u0442\u044b \u043e\u0442 62 \u0434\u043e 83 \u0441\u043c \u0434\u043b\u044f \u043e\u0431\u0435\u0441\u043f\u0435\u0447\u0435\u043d\u0438\u044f \u043c\u0430\u043a\u0441\u0438\u043c\u0430\u043b\u044c\u043d\u043e \u0443\u0434\u043e\u0431\u043d\u043e\u0433\u043e \u043f\u043e\u043b\u043e\u0436\u0435\u043d\u0438\u044f<\/li>\n<li><strong>\u041f\u0440\u0430\u043a\u0442\u0438\u0447\u043d\u044b\u0439 \u0434\u0438\u0437\u0430\u0439\u043d:<\/strong> \u0412 \u043d\u0435\u043c \u0435\u0441\u0442\u044c \u0441\u043f\u0435\u0446\u0438\u0430\u043b\u044c\u043d\u043e\u0435 \u043e\u0442\u0432\u0435\u0440\u0441\u0442\u0438\u0435 \u0434\u043b\u044f \u043b\u0438\u0446\u0430 \u0438 \u043e\u0442\u0432\u0435\u0440\u0441\u0442\u0438\u0435 \u0434\u043b\u044f \u0434\u044b\u0445\u0430\u043d\u0438\u044f \u0434\u043b\u044f \u043b\u044e\u0434\u0435\u0439 \u043d\u0435\u0432\u044b\u0441\u043e\u043a\u043e\u0433\u043e \u0440\u043e\u0441\u0442\u0430, \u0430 \u0442\u0430\u043a\u0436\u0435 \u0441\u043e\u043e\u0442\u0432\u0435\u0442\u0441\u0442\u0432\u0443\u044e\u0449\u0438\u0435 \u043f\u043e\u0434\u0443\u0448\u043a\u0438 \u0434\u043b\u044f \u0437\u0430\u043f\u043e\u043b\u043d\u0435\u043d\u0438\u044f.<\/li>\n<li><strong>\u0412\u044b\u0441\u043e\u043a\u0438\u0439 \u043a\u043e\u043c\u0444\u043e\u0440\u0442:<\/strong> \u041e\u0431\u0438\u0432\u043a\u0430 \u0438\u0437 \u0442\u043e\u043b\u0441\u0442\u043e\u0439 \u0440\u0435\u0437\u0438\u043d\u043e\u0432\u043e\u0439 \u043f\u0435\u043d\u044b \u0438 \u043f\u0440\u043e\u0447\u043d\u043e\u0439, \u043b\u0435\u0433\u043a\u043e\u043e\u0447\u0438\u0449\u0430\u0435\u043c\u043e\u0439 \u043f\u043e\u043b\u0438\u0443\u0440\u0435\u0442\u0430\u043d\u043e\u0432\u043e\u0439 \u043a\u043e\u0436\u0438 \u0434\u043b\u044f \u043e\u043f\u0442\u0438\u043c\u0430\u043b\u044c\u043d\u043e\u0439 \u0433\u0438\u0433\u0438\u0435\u043d\u044b.<\/li>\n<li><strong>\u0423\u0434\u043e\u0431\u043d\u0430\u044f \u0442\u0440\u0430\u043d\u0441\u043f\u043e\u0440\u0442\u0438\u0440\u043e\u0432\u043a\u0430:<\/strong> \u041b\u0435\u0433\u043a\u043e \u0441\u043a\u043b\u0430\u0434\u044b\u0432\u0430\u0435\u0442\u0441\u044f \u0432 \u0447\u0435\u0445\u043e\u043b \u0441 \u0440\u0443\u0447\u043a\u043e\u0439 \u0434\u043b\u044f \u0443\u0434\u043e\u0431\u043d\u043e\u0439 \u0442\u0440\u0430\u043d\u0441\u043f\u043e\u0440\u0442\u0438\u0440\u043e\u0432\u043a\u0438. \u041c\u0435\u0442\u0430\u043b\u043b\u0438\u0447\u0435\u0441\u043a\u0438\u0435 \u043c\u043e\u043b\u043d\u0438\u0438 \u043f\u043e\u0437\u0432\u043e\u043b\u044f\u044e\u0442 \u043d\u0430\u0434\u0435\u0436\u043d\u043e \u0437\u0430\u043f\u0435\u0440\u0435\u0442\u044c \u0441\u0443\u043c\u043a\u0443.<\/li>\n<li><strong>\u0420\u0430\u0437\u043c\u0435\u0440\u044b:<\/strong> 182 x 58 x 62-83 \u0441\u043c, \u0441 \u043f\u043e\u0434\u043b\u043e\u043a\u043e\u0442\u043d\u0438\u043a\u0430\u043c\u0438 \u0432\u044b\u0441\u043e\u0442\u043e\u0439 10 \u0441\u043c \u0441 \u043a\u0430\u0436\u0434\u043e\u0439 \u0441\u0442\u043e\u0440\u043e\u043d\u044b.<\/li>\n<li><strong>\u041c\u0430\u043a\u0441\u0438\u043c\u0430\u043b\u044c\u043d\u0430\u044f \u043d\u0430\u0433\u0440\u0443\u0437\u043a\u0430:<\/strong> 180 \u043a\u0433. \u0421\u0431\u043e\u0440\u043a\u0430 \u043d\u0435 \u0442\u0440\u0435\u0431\u0443\u0435\u0442\u0441\u044f<\/li>\n<\/ul>\n<p><strong>\u041f\u0440\u0435\u0438\u043c\u0443\u0449\u0435\u0441\u0442\u0432\u0430:<\/strong><\/p>\n<ul>\n<li><strong>\u0423\u043b\u0443\u0447\u0448\u0435\u043d\u043d\u044b\u0439 \u043a\u043e\u043c\u0444\u043e\u0440\u0442:<\/strong> \u0422\u043e\u043b\u0441\u0442\u0430\u044f \u043f\u043e\u0434\u043a\u043b\u0430\u0434\u043a\u0430 \u0438 \u0438\u0441\u043a\u0443\u0441\u0441\u0442\u0432\u0435\u043d\u043d\u0430\u044f \u043a\u043e\u0436\u0430 \u043e\u0431\u0435\u0441\u043f\u0435\u0447\u0438\u0432\u0430\u044e\u0442 \u043d\u0435\u043f\u0440\u0435\u0432\u0437\u043e\u0439\u0434\u0435\u043d\u043d\u044b\u0439 \u043a\u043e\u043c\u0444\u043e\u0440\u0442 \u0434\u043b\u044f \u043f\u043e\u043b\u044c\u0437\u043e\u0432\u0430\u0442\u0435\u043b\u044f.<\/li>\n<li><strong>\u041f\u043e\u0440\u0442\u0430\u0442\u0438\u0432\u043d\u043e\u0441\u0442\u044c:<\/strong> \u0421\u043a\u043b\u0430\u0434\u043d\u0430\u044f \u043a\u043e\u043d\u0441\u0442\u0440\u0443\u043a\u0446\u0438\u044f \u0438 \u0447\u0435\u0445\u043e\u043b \u0434\u043b\u044f \u043f\u0435\u0440\u0435\u043d\u043e\u0441\u043a\u0438 \u043e\u0431\u043b\u0435\u0433\u0447\u0430\u044e\u0442 \u0442\u0440\u0430\u043d\u0441\u043f\u043e\u0440\u0442\u0438\u0440\u043e\u0432\u043a\u0443 \u0438 \u0445\u0440\u0430\u043d\u0435\u043d\u0438\u0435.<\/li>\n<li><strong>\u0413\u0438\u0433\u0438\u0435\u043d\u0430 \u0438 \u043f\u0440\u043e\u0441\u0442\u043e\u0442\u0430 \u043e\u0447\u0438\u0441\u0442\u043a\u0438:<\/strong> \u0412\u044b\u0441\u043e\u043a\u043e\u043a\u0430\u0447\u0435\u0441\u0442\u0432\u0435\u043d\u043d\u044b\u0435 \u043c\u0430\u0442\u0435\u0440\u0438\u0430\u043b\u044b \u043f\u043e\u0437\u0432\u043e\u043b\u044f\u044e\u0442 \u043b\u0435\u0433\u043a\u043e \u0447\u0438\u0441\u0442\u0438\u0442\u044c \u0438 \u043f\u043e\u0434\u0434\u0435\u0440\u0436\u0438\u0432\u0430\u0442\u044c \u0433\u0438\u0433\u0438\u0435\u043d\u0443.<\/li>\n<li><strong>\u0410\u0434\u0430\u043f\u0442\u0438\u0432\u043d\u043e\u0441\u0442\u044c:<\/strong> \u0420\u0435\u0433\u0443\u043b\u0438\u0440\u0443\u0435\u043c\u0430\u044f \u0432\u044b\u0441\u043e\u0442\u0430 \u0438 \u044d\u0440\u0433\u043e\u043d\u043e\u043c\u0438\u0447\u043d\u044b\u0439 \u0434\u0438\u0437\u0430\u0439\u043d \u043e\u0431\u0435\u0441\u043f\u0435\u0447\u0438\u0432\u0430\u044e\u0442 \u043a\u043e\u043c\u0444\u043e\u0440\u0442 \u0434\u043b\u044f \u043f\u043e\u043b\u044c\u0437\u043e\u0432\u0430\u0442\u0435\u043b\u0435\u0439 \u043b\u044e\u0431\u043e\u0433\u043e \u0440\u043e\u0441\u0442\u0430.<\/li>\n<\/ul>\n<p><strong>\u0422\u0435\u0433\u0438:<\/strong> #\u041c\u0430\u0441\u0441\u0430\u0436\u043d\u044b\u0439\u0421\u0442\u043e\u043b #\u0424\u0438\u0437\u0438\u043e\u0442\u0435\u0440\u0430\u043f\u0435\u0432\u0442\u0438\u0447\u0435\u0441\u043a\u0438\u0439\u041c\u0430\u0441\u0441\u0430\u0436 #\u041e\u0441\u0442\u0435\u043e\u043f\u0430\u0442\u0438\u0447\u0435\u0441\u043a\u0438\u0439\u041c\u0430\u0441\u0441\u0430\u0436 #\u0420\u0435\u043b\u0430\u043a\u0441\u0430\u0446\u0438\u044f #\u041a\u043e\u043c\u0444\u043e\u0440\u0442 #\u041f\u043e\u0440\u0442\u0430\u0442\u0438\u0432\u043d\u043e\u0441\u0442\u044c<\/p>","protected":false},"excerpt":{"rendered":"<p>Masa pentru Masaj Pliabila si Ajustabila Descriere: Aceast\u0103 mas\u0103 de masaj pliabil\u0103 ofer\u0103 o experien\u021b\u0103 unic\u0103 de relaxare \u0219i poate<\/p>","protected":false},"featured_media":11249,"comment_status":"open","ping_status":"closed","template":"","meta":{"_acf_changed":false},"product_brand":[],"product_cat":[103,115,106],"product_tag":[],"class_list":{"0":"post-9491","1":"product","2":"type-product","3":"status-publish","4":"has-post-thumbnail","6":"product_cat-estetica","7":"product_cat-masaj-si-sport","8":"product_cat-utilaj-profesional-si-mobilier","10":"first","11":"instock","12":"shipping-taxable","13":"purchasable","14":"product-type-simple"},"acf":[],"_links":{"self":[{"href":"https:\/\/biomed.md\/ru\/wp-json\/wp\/v2\/product\/9491","targetHints":{"allow":["GET"]}}],"collection":[{"href":"https:\/\/biomed.md\/ru\/wp-json\/wp\/v2\/product"}],"about":[{"href":"https:\/\/biomed.md\/ru\/wp-json\/wp\/v2\/types\/product"}],"replies":[{"embeddable":true,"href":"https:\/\/biomed.md\/ru\/wp-json\/wp\/v2\/comments?post=9491"}],"version-history":[{"count":5,"href":"https:\/\/biomed.md\/ru\/wp-json\/wp\/v2\/product\/9491\/revisions"}],"predecessor-version":[{"id":14743,"href":"https:\/\/biomed.md\/ru\/wp-json\/wp\/v2\/product\/9491\/revisions\/14743"}],"wp:featuredmedia":[{"embeddable":true,"href":"https:\/\/biomed.md\/ru\/wp-json\/wp\/v2\/media\/11249"}],"wp:attachment":[{"href":"https:\/\/biomed.md\/ru\/wp-json\/wp\/v2\/media?parent=9491"}],"wp:term":[{"taxonomy":"product_brand","embeddable":true,"href":"https:\/\/biomed.md\/ru\/wp-json\/wp\/v2\/product_brand?post=9491"},{"taxonomy":"product_cat","embeddable":true,"href":"https:\/\/biomed.md\/ru\/wp-json\/wp\/v2\/product_cat?post=9491"},{"taxonomy":"product_tag","embeddable":true,"href":"https:\/\/biomed.md\/ru\/wp-json\/wp\/v2\/product_tag?post=9491"}],"curies":[{"name":"wp","href":"https:\/\/api.w.org\/{rel}","templated":true}]}}