{"id":9409,"date":"2024-12-16T20:31:04","date_gmt":"2024-12-16T20:31:04","guid":{"rendered":"https:\/\/new.biomed.md\/?post_type=product&#038;p=9409"},"modified":"2025-12-13T09:38:29","modified_gmt":"2025-12-13T09:38:29","slug":"camera-endoscop","status":"publish","type":"product","link":"https:\/\/biomed.md\/ru\/product\/camera-endoscop\/","title":{"rendered":"\u042d\u043d\u0434\u043e\u0441\u043a\u043e\u043f\u0438\u0447\u0435\u0441\u043a\u0430\u044f \u043a\u0430\u043c\u0435\u0440\u0430"},"content":{"rendered":"<p>\u042d\u043d\u0434\u043e\u0441\u043a\u043e\u043f\u0438\u0447\u0435\u0441\u043a\u0430\u044f \u043a\u0430\u043c\u0435\u0440\u0430<\/p>\n<p><strong>\u042d\u043d\u0434\u043e\u0441\u043a\u043e\u043f \u0434\u043b\u044f \u0443\u0434\u0430\u043b\u0435\u043d\u0438\u044f \u0443\u0448\u043d\u043e\u0439 \u0441\u0435\u0440\u044b 3 \u0432 1 \u2013 USB-\u043a\u0430\u043c\u0435\u0440\u0430 \u0434\u043b\u044f \u0443\u0445\u0430<\/strong><\/p>\n<p><strong>\u041e\u043f\u0438\u0441\u0430\u043d\u0438\u0435:<\/strong> \u042d\u0442\u043e\u0442 \u0438\u043d\u0441\u0442\u0440\u0443\u043c\u0435\u043d\u0442 \u0434\u043b\u044f \u0443\u0434\u0430\u043b\u0435\u043d\u0438\u044f \u0443\u0448\u043d\u043e\u0439 \u0441\u0435\u0440\u044b \u00ab3 \u0432 1\u00bb \u0432\u043a\u043b\u044e\u0447\u0430\u0435\u0442 \u0432 \u0441\u0435\u0431\u044f USB-\u043a\u0430\u043c\u0435\u0440\u0443-\u044d\u043d\u0434\u043e\u0441\u043a\u043e\u043f, \u0443\u0448\u043d\u0443\u044e \u043a\u0430\u043c\u0435\u0440\u0443 \u0438 \u0432\u043e\u0434\u043e\u043d\u0435\u043f\u0440\u043e\u043d\u0438\u0446\u0430\u0435\u043c\u044b\u0439 \u0446\u0438\u0444\u0440\u043e\u0432\u043e\u0439 \u044d\u043d\u0434\u043e\u0441\u043a\u043e\u043f HD. \u041e\u043d \u0438\u0434\u0435\u0430\u043b\u044c\u043d\u043e \u043f\u043e\u0434\u0445\u043e\u0434\u0438\u0442 \u0434\u043b\u044f \u0438\u0441\u043f\u043e\u043b\u044c\u0437\u043e\u0432\u0430\u043d\u0438\u044f \u043d\u0430 \u0443\u0441\u0442\u0440\u043e\u0439\u0441\u0442\u0432\u0430\u0445 Android, Windows \u0438 Mac, \u043e\u0431\u0435\u0441\u043f\u0435\u0447\u0438\u0432\u0430\u044f \u0431\u0435\u0437\u043e\u043f\u0430\u0441\u043d\u043e\u0435 \u0438 \u044d\u0444\u0444\u0435\u043a\u0442\u0438\u0432\u043d\u043e\u0435 \u0443\u0434\u0430\u043b\u0435\u043d\u0438\u0435 \u0443\u0448\u043d\u043e\u0439 \u0441\u0435\u0440\u044b.<\/p>\n<p><strong>\u0422\u0435\u0445\u043d\u0438\u0447\u0435\u0441\u043a\u0438\u0435 \u0445\u0430\u0440\u0430\u043a\u0442\u0435\u0440\u0438\u0441\u0442\u0438\u043a\u0438<\/strong><\/p>\n<ul>\n<li><strong>\u041c\u0430\u0442\u0435\u0440\u0438\u0430\u043b:<\/strong> \u041f\u043b\u0430\u0441\u0442\u0438\u043a, \u043c\u0435\u0442\u0430\u043b\u043b<\/li>\n<li><strong>\u0426\u0432\u0435\u0442:<\/strong> \u0427\u0435\u0440\u043d\u044b\u0439<\/li>\n<li><strong>\u0414\u0438\u0430\u043c\u0435\u0442\u0440 \u043b\u0438\u043d\u0437\u044b:<\/strong> 5,5 \u043c\u043c \/ 0,22 \u0434\u044e\u0439\u043c\u0430<\/li>\n<li><strong>\u0414\u043b\u0438\u043d\u0430 \u043f\u0435\u0440\u0430:<\/strong> \u041f\u0440\u0438\u043c\u0435\u0440\u043d\u043e 15 \u0441\u043c \/ 5,91 \u0434\u044e\u0439\u043c\u0430<\/li>\n<li><strong>\u0420\u0430\u0437\u0440\u0435\u0448\u0435\u043d\u0438\u0435:<\/strong> 640&#215;480<\/li>\n<li><strong>\u0424\u043e\u043a\u0443\u0441\u043d\u043e\u0435 \u0440\u0430\u0441\u0441\u0442\u043e\u044f\u043d\u0438\u0435:<\/strong> 2 \u043c \/ 6,56 \u0444\u0443\u0442\u0430<\/li>\n<li><strong>\u0420\u0430\u0437\u043c\u0435\u0440 \u0441\u0435\u043d\u0441\u043e\u0440\u0430:<\/strong> 1\/9 \u0434\u044e\u0439\u043c\u0430<\/li>\n<li><strong>\u0423\u0433\u043e\u043b \u043e\u0431\u0437\u043e\u0440\u0430:<\/strong> 70 \u0433\u0440\u0430\u0434\u0443\u0441\u043e\u0432<\/li>\n<li><strong>\u0418\u0441\u0442\u043e\u0447\u043d\u0438\u043a \u043f\u0438\u0442\u0430\u043d\u0438\u044f:<\/strong> 5 \u0412 \u043f\u043e\u0441\u0442\u043e\u044f\u043d\u043d\u043e\u0433\u043e \u0442\u043e\u043a\u0430 \u0447\u0435\u0440\u0435\u0437 USB<\/li>\n<li><strong>\u0412 \u043a\u043e\u043c\u043f\u043b\u0435\u043a\u0442 \u043f\u043e\u0441\u0442\u0430\u0432\u043a\u0438 \u043f\u0440\u0435\u043e\u0431\u0440\u0430\u0437\u043e\u0432\u0430\u0442\u0435\u043b\u044f 3 \u0432 1 \u0432\u0445\u043e\u0434\u044f\u0442:<\/strong> Micro USB, Type-C, USB<\/li>\n<li><strong>\u0421\u0438\u0441\u0442\u0435\u043c\u0430 \u043f\u043e\u0434\u0434\u0435\u0440\u0436\u043a\u0438:<\/strong> Android\/XP\/Win7\/Win8\/Vista (\u0441 \u0441\u0438\u0441\u0442\u0435\u043c\u043e\u0439 Android 4.4+, \u043f\u043e\u0434\u0434\u0435\u0440\u0436\u0438\u0432\u0430\u0435\u0442 \u0444\u0443\u043d\u043a\u0446\u0438\u044e USB OTG \u0438 \u043a\u0430\u043c\u0435\u0440\u0443 UVC \u0431\u0435\u0437 \u0434\u0440\u0430\u0439\u0432\u0435\u0440\u043e\u0432 \u0434\u043b\u044f \u0441\u043c\u0430\u0440\u0442\u0444\u043e\u043d\u043e\u0432 Android)<\/li>\n<\/ul>\n<p><strong>\u0412\u0430\u0436\u043d\u043e:<\/strong><\/p>\n<ul>\n<li>\u0421\u043e\u0432\u043c\u0435\u0441\u0442\u0438\u043c\u044b\u0435 \u0443\u0441\u0442\u0440\u043e\u0439\u0441\u0442\u0432\u0430 \u0434\u043e\u043b\u0436\u043d\u044b \u043f\u043e\u0434\u0434\u0435\u0440\u0436\u0438\u0432\u0430\u0442\u044c \u0444\u0443\u043d\u043a\u0446\u0438\u044e USB OTG \u0438 \u0438\u043c\u0435\u0442\u044c \u0432\u043e\u0437\u043c\u043e\u0436\u043d\u043e\u0441\u0442\u044c \u0440\u0430\u0431\u043e\u0442\u044b \u0441 UVC-\u043a\u0430\u043c\u0435\u0440\u043e\u0439 \u0431\u0435\u0437 \u0434\u0440\u0430\u0439\u0432\u0435\u0440\u0430. \u0422\u0440\u0435\u0431\u0443\u0435\u0442\u0441\u044f \u0432\u0435\u0440\u0441\u0438\u044f Android 4.1 \u0438\u043b\u0438 \u0432\u044b\u0448\u0435.<\/li>\n<li>\u0418\u0437-\u0437\u0430 \u0440\u0430\u0437\u043d\u0438\u0446\u044b \u0432 \u043e\u0441\u0432\u0435\u0449\u0435\u043d\u0438\u0438 \u0438 \u043d\u0430\u0441\u0442\u0440\u043e\u0439\u043a\u0430\u0445 \u044d\u043a\u0440\u0430\u043d\u0430 \u0444\u0430\u043a\u0442\u0438\u0447\u0435\u0441\u043a\u0438\u0439 \u0446\u0432\u0435\u0442 \u0442\u043e\u0432\u0430\u0440\u0430 \u043c\u043e\u0436\u0435\u0442 \u043d\u0435\u043c\u043d\u043e\u0433\u043e \u043e\u0442\u043b\u0438\u0447\u0430\u0442\u044c\u0441\u044f.<\/li>\n<li>\u041f\u043e\u0436\u0430\u043b\u0443\u0439\u0441\u0442\u0430, \u0443\u0447\u0442\u0438\u0442\u0435 \u043d\u0435\u0431\u043e\u043b\u044c\u0448\u0443\u044e \u0440\u0430\u0437\u043d\u0438\u0446\u0443 \u0432 \u0440\u0430\u0437\u043c\u0435\u0440\u0430\u0445 \u0438\u0437-\u0437\u0430 \u0440\u0430\u0437\u043b\u0438\u0447\u0438\u0439 \u0432 \u0440\u0443\u0447\u043d\u044b\u0445 \u0438\u0437\u043c\u0435\u0440\u0435\u043d\u0438\u044f\u0445.<\/li>\n<\/ul>\n<p><strong>\u0420\u0443\u043a\u043e\u0432\u043e\u0434\u0441\u0442\u0432\u043e \u043f\u043e \u0443\u0441\u0442\u0430\u043d\u043e\u0432\u043a\u0435:<\/strong><\/p>\n<p><strong>Windows 7\/8:<\/strong><\/p>\n<ol start=\"1\">\n<li>\u041f\u043e\u0434\u043a\u043b\u044e\u0447\u0438\u0442\u0435 USB-\u043d\u0430\u043a\u043e\u043f\u0438\u0442\u0435\u043b\u044c \u043a \u043a\u043e\u043c\u043f\u044c\u044e\u0442\u0435\u0440\u0443.<\/li>\n<li>\u0414\u0440\u0430\u0439\u0432\u0435\u0440 \u0443\u0441\u0442\u0440\u043e\u0439\u0441\u0442\u0432\u0430 \u0431\u0443\u0434\u0435\u0442 \u0443\u0441\u0442\u0430\u043d\u043e\u0432\u043b\u0435\u043d \u0430\u0432\u0442\u043e\u043c\u0430\u0442\u0438\u0447\u0435\u0441\u043a\u0438.<\/li>\n<li>\u041e\u0442\u043a\u0440\u043e\u0439\u0442\u0435 \u043c\u0435\u043d\u044e \u041f\u0423\u0421\u041a \u0438 \u043d\u0430\u0439\u0434\u0438\u0442\u0435 \u043f\u0440\u0438\u043b\u043e\u0436\u0435\u043d\u0438\u0435 Windows \u00ab\u041a\u0430\u043c\u0435\u0440\u0430\u00bb.<\/li>\n<li>\u041e\u0442\u043a\u0440\u043e\u0439\u0442\u0435 \u043f\u0440\u0438\u043b\u043e\u0436\u0435\u043d\u0438\u0435 \u00ab\u041a\u0430\u043c\u0435\u0440\u0430\u00bb.<\/li>\n<li>\u0415\u0441\u043b\u0438 \u043e\u0442\u043e\u0431\u0440\u0430\u0436\u0430\u0435\u0442\u0441\u044f \u0432\u0435\u0431-\u043a\u0430\u043c\u0435\u0440\u0430, \u0438\u0437\u043c\u0435\u043d\u0438\u0442\u0435 \u043a\u0430\u043c\u0435\u0440\u0443, \u0449\u0435\u043b\u043a\u043d\u0443\u0432 \u0437\u043d\u0430\u0447\u043e\u043a \u043a\u0430\u043c\u0435\u0440\u044b \u0438 \u0432\u044b\u0431\u0440\u0430\u0432 USB 2.0 PC CAMERA.<\/li>\n<\/ol>\n<p><strong>OS MAC:<\/strong><\/p>\n<ol start=\"1\">\n<li>\u041f\u043e\u0434\u043a\u043b\u044e\u0447\u0438\u0442\u0435 USB-\u043d\u0430\u043a\u043e\u043f\u0438\u0442\u0435\u043b\u044c \u043a \u043a\u043e\u043c\u043f\u044c\u044e\u0442\u0435\u0440\u0443.<\/li>\n<li>\u0414\u0440\u0430\u0439\u0432\u0435\u0440 \u0443\u0441\u0442\u0440\u043e\u0439\u0441\u0442\u0432\u0430 \u0431\u0443\u0434\u0435\u0442 \u0443\u0441\u0442\u0430\u043d\u043e\u0432\u043b\u0435\u043d \u0430\u0432\u0442\u043e\u043c\u0430\u0442\u0438\u0447\u0435\u0441\u043a\u0438.<\/li>\n<li>\u041f\u0435\u0440\u0435\u0439\u0434\u0438\u0442\u0435 \u0432 Launchpad \u0438 \u043d\u0430\u0439\u0434\u0438\u0442\u0435 QuickTime Player.<\/li>\n<li>\u041e\u0442\u043a\u0440\u043e\u0439\u0442\u0435 QuickTime Player \u0438 \u0432\u044b\u0431\u0435\u0440\u0438\u0442\u0435 \u00ab\u0417\u0430\u043f\u0438\u0441\u0430\u0442\u044c \u043d\u043e\u0432\u044b\u0439 \u0444\u0438\u043b\u044c\u043c\u00bb.<\/li>\n<li>\u0415\u0441\u043b\u0438 \u043e\u0442\u043e\u0431\u0440\u0430\u0436\u0430\u0435\u0442\u0441\u044f \u0434\u0440\u0443\u0433\u0430\u044f \u043a\u0430\u043c\u0435\u0440\u0430, \u0432\u044b\u0431\u0435\u0440\u0438\u0442\u0435 USB 2.0 PC CAMERA.<\/li>\n<\/ol>\n<p><strong>\u041c\u043e\u0431\u0438\u043b\u044c\u043d\u044b\u0435 \u0443\u0441\u0442\u0440\u043e\u0439\u0441\u0442\u0432\u0430 Android:<\/strong><\/p>\n<ol start=\"1\">\n<li>\u0417\u0430\u0433\u0440\u0443\u0437\u0438\u0442\u0435 \u043f\u0440\u0438\u043b\u043e\u0436\u0435\u043d\u0438\u0435 \u00abUSB CAMERA\u00bb \u0438\u0437 Google Playstore \u0438\u043b\u0438 \u043e\u0442\u0441\u043a\u0430\u043d\u0438\u0440\u0443\u0439\u0442\u0435 QR-\u043a\u043e\u0434, \u0447\u0442\u043e\u0431\u044b \u0443\u0441\u0442\u0430\u043d\u043e\u0432\u0438\u0442\u044c \u0435\u0433\u043e.<\/li>\n<li>\u041e\u0442\u043a\u0440\u043e\u0439\u0442\u0435 \u043f\u0440\u0438\u043b\u043e\u0436\u0435\u043d\u0438\u0435.<\/li>\n<li>\u041f\u043e\u0434\u043a\u043b\u044e\u0447\u0438\u0442\u0435 USB-\u043d\u0430\u043a\u043e\u043f\u0438\u0442\u0435\u043b\u044c \u043a \u0442\u0435\u043b\u0435\u0444\u043e\u043d\u0443 \u043f\u043e\u0441\u043b\u0435 \u0437\u0430\u043f\u0443\u0441\u043a\u0430 \u043f\u0440\u0438\u043b\u043e\u0436\u0435\u043d\u0438\u044f. \u0415\u0441\u043b\u0438 \u0432\u044b \u043f\u043e\u0434\u043a\u043b\u044e\u0447\u0438\u0442\u0435 \u0443\u0441\u0442\u0440\u043e\u0439\u0441\u0442\u0432\u043e \u0434\u043e \u0437\u0430\u043f\u0443\u0441\u043a\u0430 \u043f\u0440\u0438\u043b\u043e\u0436\u0435\u043d\u0438\u044f, \u043e\u043d\u043e \u041d\u0415 \u0431\u0443\u0434\u0435\u0442 \u0440\u0430\u0431\u043e\u0442\u0430\u0442\u044c.<\/li>\n<\/ol>\n<p><strong>\u0412 \u043a\u043e\u043c\u043f\u043b\u0435\u043a\u0442 \u043f\u043e\u0441\u0442\u0430\u0432\u043a\u0438 \u0432\u0445\u043e\u0434\u044f\u0442:<\/strong><\/p>\n<ul>\n<li>1x \u0420\u0443\u0447\u043a\u0430-\u043a\u0430\u043c\u0435\u0440\u0430<\/li>\n<li>1x \u0414\u0435\u0442\u0441\u043a\u0438\u0435 \u0443\u0448\u043d\u044b\u0435 \u043a\u0430\u043f\u043b\u0438<\/li>\n<li>1x \u041d\u0430\u0443\u0448\u043d\u0438\u043a\u0438 \u0434\u043b\u044f \u0432\u0437\u0440\u043e\u0441\u043b\u044b\u0445<\/li>\n<li>1x \u0423\u0448\u043d\u0430\u044f \u043b\u043e\u0436\u043a\u0430<\/li>\n<li>1x \u0417\u0430\u0449\u0438\u0442\u043d\u044b\u0439 \u0447\u0435\u0445\u043e\u043b<\/li>\n<li>1x \u0420\u0443\u043a\u043e\u0432\u043e\u0434\u0441\u0442\u0432\u043e \u043f\u043e\u043b\u044c\u0437\u043e\u0432\u0430\u0442\u0435\u043b\u044f<\/li>\n<\/ul>\n<p><strong>\u0422\u0435\u0433\u0438:<\/strong> #\u042d\u043d\u0434\u043e\u0441\u043a\u043e\u043f #USB\u043a\u0430\u043c\u0435\u0440\u0430 #\u0423\u0434\u0430\u043b\u0435\u043d\u0438\u0435 \u0443\u0448\u043d\u043e\u0439 \u0441\u0435\u0440\u044b #Android #Windows #Mac<\/p>","protected":false},"excerpt":{"rendered":"<p>Cemera Endoscop Endoscop 3 \u00een 1 pentru \u00cendep\u0103rtarea Cerumenului &#8211; USB Camera pentru Urechi Descriere Produs: Acest instrument 3 \u00een<\/p>","protected":false},"featured_media":3723,"comment_status":"open","ping_status":"closed","template":"","meta":{"_acf_changed":false},"product_brand":[],"product_cat":[104,102,106],"product_tag":[],"class_list":{"0":"post-9409","1":"product","2":"type-product","3":"status-publish","4":"has-post-thumbnail","6":"product_cat-accesorii-si-ustensile","7":"product_cat-diverse","8":"product_cat-utilaj-profesional-si-mobilier","10":"first","11":"instock","12":"shipping-taxable","13":"purchasable","14":"product-type-simple"},"acf":[],"_links":{"self":[{"href":"https:\/\/biomed.md\/ru\/wp-json\/wp\/v2\/product\/9409","targetHints":{"allow":["GET"]}}],"collection":[{"href":"https:\/\/biomed.md\/ru\/wp-json\/wp\/v2\/product"}],"about":[{"href":"https:\/\/biomed.md\/ru\/wp-json\/wp\/v2\/types\/product"}],"replies":[{"embeddable":true,"href":"https:\/\/biomed.md\/ru\/wp-json\/wp\/v2\/comments?post=9409"}],"version-history":[{"count":4,"href":"https:\/\/biomed.md\/ru\/wp-json\/wp\/v2\/product\/9409\/revisions"}],"predecessor-version":[{"id":14757,"href":"https:\/\/biomed.md\/ru\/wp-json\/wp\/v2\/product\/9409\/revisions\/14757"}],"wp:featuredmedia":[{"embeddable":true,"href":"https:\/\/biomed.md\/ru\/wp-json\/wp\/v2\/media\/3723"}],"wp:attachment":[{"href":"https:\/\/biomed.md\/ru\/wp-json\/wp\/v2\/media?parent=9409"}],"wp:term":[{"taxonomy":"product_brand","embeddable":true,"href":"https:\/\/biomed.md\/ru\/wp-json\/wp\/v2\/product_brand?post=9409"},{"taxonomy":"product_cat","embeddable":true,"href":"https:\/\/biomed.md\/ru\/wp-json\/wp\/v2\/product_cat?post=9409"},{"taxonomy":"product_tag","embeddable":true,"href":"https:\/\/biomed.md\/ru\/wp-json\/wp\/v2\/product_tag?post=9409"}],"curies":[{"name":"wp","href":"https:\/\/api.w.org\/{rel}","templated":true}]}}