{"id":9407,"date":"2024-12-16T20:31:04","date_gmt":"2024-12-16T20:31:04","guid":{"rendered":"https:\/\/new.biomed.md\/?post_type=product&#038;p=9407"},"modified":"2025-07-17T16:29:52","modified_gmt":"2025-07-17T16:29:52","slug":"vesta-pentru-slabit","status":"publish","type":"product","link":"https:\/\/biomed.md\/ru\/product\/vesta-pentru-slabit\/","title":{"rendered":"\u0416\u0438\u043b\u0435\u0442 \u0434\u043b\u044f \u043f\u043e\u0445\u0443\u0434\u0435\u043d\u0438\u044f \u0434\u043b\u044f \u043c\u0443\u0436\u0447\u0438\u043d"},"content":{"rendered":"<h4>\u0416\u0438\u043b\u0435\u0442 \u0434\u043b\u044f \u043f\u043e\u0445\u0443\u0434\u0435\u043d\u0438\u044f \u0434\u043b\u044f \u043c\u0443\u0436\u0447\u0438\u043d<\/h4>\n<p>\u042d\u0442\u0430 <strong>\u0436\u0438\u043b\u0435\u0442 \u0434\u043b\u044f \u043f\u043e\u0445\u0443\u0434\u0435\u043d\u0438\u044f \u0434\u043b\u044f \u043c\u0443\u0436\u0447\u0438\u043d<\/strong> \u0418\u0434\u0435\u0430\u043b\u044c\u043d\u043e \u043f\u043e\u0434\u0445\u043e\u0434\u0438\u0442 \u0434\u043b\u044f \u0442\u0435\u0445, \u043a\u0442\u043e \u0445\u043e\u0447\u0435\u0442 \u0441\u043c\u043e\u0434\u0435\u043b\u0438\u0440\u043e\u0432\u0430\u0442\u044c \u0441\u0432\u043e\u0435 \u0442\u0435\u043b\u043e \u0438 \u0443\u043b\u0443\u0447\u0448\u0438\u0442\u044c \u0444\u0438\u0433\u0443\u0440\u0443 \u0431\u0435\u0437 \u0445\u0438\u0440\u0443\u0440\u0433\u0438\u0447\u0435\u0441\u043a\u043e\u0433\u043e \u0432\u043c\u0435\u0448\u0430\u0442\u0435\u043b\u044c\u0441\u0442\u0432\u0430 \u0438\u043b\u0438 \u043b\u0435\u043a\u0430\u0440\u0441\u0442\u0432.<\/p>\n<p><strong>\u0424\u0443\u043d\u043a\u0446\u0438\u0438:<\/strong><\/p>\n<ul>\n<li><strong>\u041c\u0430\u0442\u0435\u0440\u0438\u0430\u043b:<\/strong> 100% \u043f\u043e\u043b\u0438\u044d\u0441\u0442\u0435\u0440<\/li>\n<li><strong>\u0424\u0443\u043d\u043a\u0446\u0438\u0438:<\/strong> \u043a\u043e\u043d\u0442\u0440\u043e\u043b\u044c \u0433\u0440\u0443\u0434\u0438 \u0438 \u0436\u0438\u0432\u043e\u0442\u0430, \u043f\u043e\u0434\u0442\u044f\u0436\u043a\u0430 \u0442\u0430\u043b\u0438\u0438, \u043a\u043e\u0440\u0440\u0435\u043a\u0446\u0438\u044f \u043e\u0441\u0430\u043d\u043a\u0438, \u0441\u043a\u0440\u044b\u0442\u0438\u0435 \u0433\u0438\u043d\u0435\u043a\u043e\u043c\u0430\u0441\u0442\u0438\u0438 (\u043c\u0443\u0436\u0441\u043a\u043e\u0439 \u0433\u0440\u0443\u0434\u0438), \u0441\u0436\u0438\u0433\u0430\u043d\u0438\u0435 \u0436\u0438\u0440\u0430, \u043a\u043e\u0440\u0440\u0435\u043a\u0446\u0438\u044f \u0444\u0438\u0433\u0443\u0440\u044b, \u043f\u043e\u0445\u0443\u0434\u0435\u043d\u0438\u0435, \u043f\u043e\u0442\u0435\u0440\u044f \u0432\u0435\u0441\u0430<\/li>\n<li><strong>\u041f\u0440\u0438\u043b\u043e\u0436\u0435\u043d\u0438\u044f:<\/strong> \u043f\u043e\u0434\u0445\u043e\u0434\u0438\u0442 \u0434\u043b\u044f \u0437\u0430\u043d\u044f\u0442\u0438\u0439 \u0441\u043f\u043e\u0440\u0442\u043e\u043c, \u0437\u0430\u043d\u044f\u0442\u0438\u0439 \u0432 \u0442\u0440\u0435\u043d\u0430\u0436\u0435\u0440\u043d\u043e\u043c \u0437\u0430\u043b\u0435, \u0442\u0440\u0435\u043d\u0438\u0440\u043e\u0432\u043e\u043a, \u0444\u0438\u0442\u043d\u0435\u0441\u0430 \u0438 \u0442. \u0434.<\/li>\n<li><strong>\u0421\u043f\u0435\u0446\u0438\u0430\u043b\u044c\u043d\u0430\u044f \u0444\u043e\u0440\u043c\u0443\u043b\u0430:<\/strong> \u0434\u043b\u044f \u0443\u043c\u0435\u043d\u044c\u0448\u0435\u043d\u0438\u044f \u043f\u0440\u043e\u044f\u0432\u043b\u0435\u043d\u0438\u0439 \u0433\u0438\u043d\u0435\u043a\u043e\u043c\u0430\u0441\u0442\u0438\u0438 \u0438\u043b\u0438 \u00ab\u043c\u0443\u0436\u0441\u043a\u043e\u0439 \u0433\u0440\u0443\u0434\u0438\u00bb<\/li>\n<li><strong>\u0412\u043e\u0437\u0434\u0443\u0445\u043e\u043f\u0440\u043e\u043d\u0438\u0446\u0430\u0435\u043c\u043e\u0441\u0442\u044c:<\/strong> \u0443\u043b\u0443\u0447\u0448\u0430\u0435\u0442 \u043a\u0440\u043e\u0432\u043e\u043e\u0431\u0440\u0430\u0449\u0435\u043d\u0438\u0435 \u0438 \u0441\u0436\u0438\u0433\u0430\u043d\u0438\u0435 \u0436\u0438\u0440\u0430, \u0444\u043e\u0440\u043c\u0438\u0440\u0443\u044f \u043a\u0440\u0435\u043f\u043a\u0443\u044e \u0433\u0440\u0443\u0434\u044c<\/li>\n<li><strong>\u0416\u0435\u0441\u0442\u043a\u043e\u0435 \u0441\u0436\u0430\u0442\u0438\u0435:<\/strong> \u043d\u0430 \u0436\u0438\u0432\u043e\u0442\u0435, \u0447\u0442\u043e\u0431\u044b \u0441\u0434\u0435\u043b\u0430\u0442\u044c \u0433\u0440\u0443\u0434\u044c, \u0436\u0438\u0432\u043e\u0442 \u0438 \u0436\u0438\u0432\u043e\u0442 \u043f\u043b\u043e\u0441\u043a\u0438\u043c\u0438<\/li>\n<li><strong>\u042d\u0444\u0444\u0435\u043a\u0442 \u043f\u043e\u0445\u0443\u0434\u0435\u043d\u0438\u044f:<\/strong> \u043d\u0435\u043c\u0435\u0434\u043b\u0435\u043d\u043d\u043e \u043f\u043e\u0441\u043b\u0435 \u043d\u043e\u0448\u0435\u043d\u0438\u044f \u043f\u043e\u0434 \u043b\u044e\u0431\u043e\u0439 \u043e\u0434\u0435\u0436\u0434\u043e\u0439<\/li>\n<li><strong>\u0414\u0438\u0437\u0430\u0439\u043d:<\/strong> \u043f\u043e\u0434\u0445\u043e\u0434\u0438\u0442 \u0434\u043b\u044f \u043b\u044e\u0431\u043e\u0433\u043e \u0442\u0438\u043f\u0430 \u043e\u0434\u0435\u0436\u0434\u044b, \u043d\u0430\u043f\u0440\u0438\u043c\u0435\u0440, \u0434\u043b\u044f \u0441\u043f\u043e\u0440\u0442\u0438\u0432\u043d\u044b\u0445 \u0440\u0443\u0431\u0430\u0448\u0435\u043a, \u0444\u0443\u0442\u0431\u043e\u043b\u043e\u043a, \u0441\u0432\u0438\u0442\u0435\u0440\u043e\u0432 \u0438 \u043e\u0444\u0438\u0446\u0438\u0430\u043b\u044c\u043d\u044b\u0445 \u0440\u0443\u0431\u0430\u0448\u0435\u043a<\/li>\n<li><strong>\u0414\u043e\u043f\u043e\u043b\u043d\u0438\u0442\u0435\u043b\u044c\u043d\u044b\u0435 \u0432\u043e\u0437\u043c\u043e\u0436\u043d\u043e\u0441\u0442\u0438:<\/strong> \u0441\u043e\u0445\u0440\u0430\u043d\u044f\u0435\u0442 \u0442\u0435\u043f\u043b\u043e \u0442\u0435\u043b\u0430 \u0438 \u0441\u043e\u0433\u0440\u0435\u0432\u0430\u0435\u0442 \u043e\u0431\u043b\u0430\u0441\u0442\u044c \u0436\u0438\u0432\u043e\u0442\u0430, \u0437\u0430\u0441\u0442\u0430\u0432\u043b\u044f\u044f \u0432\u0430\u0441 \u043f\u043e\u0442\u0435\u0442\u044c<\/li>\n<\/ul>\n<p><strong>\u041f\u0440\u0435\u0438\u043c\u0443\u0449\u0435\u0441\u0442\u0432\u0430:<\/strong><\/p>\n<ul>\n<li>\u041e\u0442\u043b\u0438\u0447\u043d\u043e \u043f\u043e\u0434\u0445\u043e\u0434\u0438\u0442 \u0434\u043b\u044f \u043c\u0443\u0436\u0447\u0438\u043d, \u043a\u043e\u0442\u043e\u0440\u044b\u0435 \u0445\u043e\u0442\u044f\u0442 \u0438\u043c\u0435\u0442\u044c \u0437\u0434\u043e\u0440\u043e\u0432\u0443\u044e \u0444\u0438\u0433\u0443\u0440\u0443.<\/li>\n<li>\u0418\u0434\u0435\u0430\u043b\u044c\u043d\u043e \u043f\u043e\u0434\u0445\u043e\u0434\u0438\u0442 \u0434\u043b\u044f \u0440\u043e\u0441\u0442\u0430 \u043c\u044b\u0448\u0446 \u0432 \u0441\u043f\u043e\u0440\u0442\u0437\u0430\u043b\u0435, \u0441\u0436\u0438\u0433\u0430\u043d\u0438\u044f \u0436\u0438\u0440\u0430 \u0438 \u0441\u043d\u0438\u0436\u0435\u043d\u0438\u044f \u0432\u0435\u0441\u0430.<\/li>\n<li>\u041f\u043e\u043c\u043e\u0433\u0430\u0435\u0442 \u0443\u043c\u0435\u043d\u044c\u0448\u0438\u0442\u044c \u0436\u0438\u0440 \u043d\u0430 \u0436\u0438\u0432\u043e\u0442\u0435 \u0438 \u0443\u043b\u0443\u0447\u0448\u0438\u0442\u044c \u043e\u0441\u0430\u043d\u043a\u0443<\/li>\n<li>\u042d\u0444\u0444\u0435\u043a\u0442\u0438\u0432\u0435\u043d \u0434\u043b\u044f \u0438\u043d\u0442\u0435\u043d\u0441\u0438\u0432\u043d\u044b\u0445 \u0442\u0440\u0435\u043d\u0438\u0440\u043e\u0432\u043e\u043a \u0438 \u0444\u0438\u0442\u043d\u0435\u0441\u0430<\/li>\n<\/ul>\n<p><strong>Detalii M\u0103rimi:<\/strong><\/p>\n<ul>\n<li>S: \u0413\u0440\u0443\u0434\u044c 82~87,5 \u0441\u043c |<\/li>\n<li>\u041c: \u0413\u0440\u0443\u0434\u044c 87,5~93 \u0441\u043c |<\/li>\n<li>L: \u0413\u0440\u0443\u0434\u044c 93~98 \u0441\u043c |<\/li>\n<li>XL: \u0413\u0440\u0443\u0434\u044c 98~103 \u0441\u043c |<\/li>\n<li>2XL: \u0413\u0440\u0443\u0434\u044c 103~108 \u0441\u043c |<\/li>\n<li>3XL: \u0413\u0440\u0443\u0434\u044c 108~113 \u0441\u043c |<\/li>\n<li>4XL: \u0413\u0440\u0443\u0434\u044c 113~118 \u0441\u043c |<\/li>\n<li>\u0414\u043e\u0441\u0442\u0443\u043f\u043d\u044b\u0435 \u0440\u0430\u0437\u043c\u0435\u0440\u044b: S, M, L, XL, XXL, 3XL, 4XL, 5XL<\/li>\n<\/ul>\n<p><strong>\u0422\u043e\u0432\u0430\u0440\u043d\u0430\u044f \u043d\u0430\u043a\u043b\u0430\u0434\u043d\u0430\u044f:<\/strong> 1 \u0445 \u041c\u0443\u0436\u0441\u043a\u043e\u0439 \u0436\u0438\u043b\u0435\u0442<\/p>\n<p><strong>\u0442\u0435\u0433\u0438:<\/strong> #\u0416\u0438\u043b\u0435\u0442\u0414\u043b\u044f\u041f\u043e\u0445\u0443\u0434\u0435\u043d\u0438\u044f #\u0424\u043e\u0440\u043c\u0438\u0440\u043e\u0432\u0430\u043d\u0438\u0435\u0411\u043e\u0434\u0438 #\u041a\u043e\u043d\u0442\u0440\u043e\u043b\u044c\u0416\u0438\u0440\u0430 #\u0421\u0436\u0438\u0433\u0430\u043d\u0438\u0435\u0416\u0438\u0440\u0430 #\u0424\u0438\u0442\u043d\u0435\u0441 #\u0413\u0438\u043d\u0435\u043a\u043e\u043c\u0430\u0441\u0442\u0438\u044f #\u0421\u043f\u043e\u0440\u0442 #\u042d\u0444\u0444\u0435\u043a\u0442\u0438\u0432\u043d\u0430\u044f\u0422\u0440\u0435\u043d\u0438\u0440\u043e\u0432\u043a\u0430 #\u041f\u043e\u0442\u0435\u0440\u044f\u0412\u0435\u0441\u0430 #\u041a\u043e\u043c\u043f\u0440\u0435\u0441\u0441\u0438\u044f\u0416\u0438\u0440\u0430<\/p>","protected":false},"excerpt":{"rendered":"<p>Vesta de Sl\u0103bit pentru B\u0103rba\u021bi Aceast\u0103 vest\u0103 de sl\u0103bit pentru b\u0103rba\u021bi este perfect\u0103 pentru cei care doresc s\u0103 \u00ee\u0219i modeleze<\/p>","protected":false},"featured_media":3711,"comment_status":"open","ping_status":"closed","template":"","meta":{"_acf_changed":false},"product_brand":[],"product_cat":[102,115,121],"product_tag":[],"class_list":{"0":"post-9407","1":"product","2":"type-product","3":"status-publish","4":"has-post-thumbnail","6":"product_cat-diverse","7":"product_cat-masaj-si-sport","8":"product_cat-ortopedie","10":"first","11":"instock","12":"shipping-taxable","13":"purchasable","14":"product-type-simple"},"acf":[],"_links":{"self":[{"href":"https:\/\/biomed.md\/ru\/wp-json\/wp\/v2\/product\/9407","targetHints":{"allow":["GET"]}}],"collection":[{"href":"https:\/\/biomed.md\/ru\/wp-json\/wp\/v2\/product"}],"about":[{"href":"https:\/\/biomed.md\/ru\/wp-json\/wp\/v2\/types\/product"}],"replies":[{"embeddable":true,"href":"https:\/\/biomed.md\/ru\/wp-json\/wp\/v2\/comments?post=9407"}],"version-history":[{"count":3,"href":"https:\/\/biomed.md\/ru\/wp-json\/wp\/v2\/product\/9407\/revisions"}],"predecessor-version":[{"id":10695,"href":"https:\/\/biomed.md\/ru\/wp-json\/wp\/v2\/product\/9407\/revisions\/10695"}],"wp:featuredmedia":[{"embeddable":true,"href":"https:\/\/biomed.md\/ru\/wp-json\/wp\/v2\/media\/3711"}],"wp:attachment":[{"href":"https:\/\/biomed.md\/ru\/wp-json\/wp\/v2\/media?parent=9407"}],"wp:term":[{"taxonomy":"product_brand","embeddable":true,"href":"https:\/\/biomed.md\/ru\/wp-json\/wp\/v2\/product_brand?post=9407"},{"taxonomy":"product_cat","embeddable":true,"href":"https:\/\/biomed.md\/ru\/wp-json\/wp\/v2\/product_cat?post=9407"},{"taxonomy":"product_tag","embeddable":true,"href":"https:\/\/biomed.md\/ru\/wp-json\/wp\/v2\/product_tag?post=9407"}],"curies":[{"name":"wp","href":"https:\/\/api.w.org\/{rel}","templated":true}]}}