{"id":9309,"date":"2024-12-16T20:30:50","date_gmt":"2024-12-16T20:30:50","guid":{"rendered":"https:\/\/new.biomed.md\/?post_type=product&#038;p=9309"},"modified":"2025-12-15T09:29:29","modified_gmt":"2025-12-15T09:29:29","slug":"talpi-ortopedice-cu-gel-pentru-calcaie","status":"publish","type":"product","link":"https:\/\/biomed.md\/ru\/product\/talpi-ortopedice-cu-gel-pentru-calcaie\/","title":{"rendered":"\u041e\u0440\u0442\u043e\u043f\u0435\u0434\u0438\u0447\u0435\u0441\u043a\u0438\u0435 \u043f\u043e\u0434\u043f\u044f\u0442\u043e\u0447\u043d\u0438\u043a\u0438 \u0441\u0438\u043b\u0438\u043a\u043e\u043d\u043e\u0432\u044b\u0435"},"content":{"rendered":"<h4>\u041e\u0440\u0442\u043e\u043f\u0435\u0434\u0438\u0447\u0435\u0441\u043a\u0438\u0435 \u043f\u043e\u0434\u043f\u044f\u0442\u043e\u0447\u043d\u0438\u043a\u0438 \u0441\u0438\u043b\u0438\u043a\u043e\u043d\u043e\u0432\u044b\u0435<\/h4>\n<p>\u041e\u0440\u0442\u043e\u043f\u0435\u0434\u0438\u0447\u0435\u0441\u043a\u0438\u0435 \u0433\u0435\u043b\u0435\u0432\u044b\u0435 \u0441\u0442\u0435\u043b\u044c\u043a\u0438 \u0434\u043b\u044f \u043f\u044f\u0442\u043e\u043a \u043f\u0440\u0435\u0434\u043d\u0430\u0437\u043d\u0430\u0447\u0435\u043d\u044b \u0434\u043b\u044f \u0435\u0436\u0435\u0434\u043d\u0435\u0432\u043d\u043e\u0433\u043e \u0438\u0441\u043f\u043e\u043b\u044c\u0437\u043e\u0432\u0430\u043d\u0438\u044f, \u043e\u0431\u0435\u0441\u043f\u0435\u0447\u0438\u0432\u0430\u044f \u043c\u0430\u043a\u0441\u0438\u043c\u0430\u043b\u044c\u043d\u044b\u0439 \u043a\u043e\u043c\u0444\u043e\u0440\u0442 \u0438 \u043f\u0440\u0435\u0434\u043e\u0442\u0432\u0440\u0430\u0449\u0430\u044f \u0443\u0441\u0442\u0430\u043b\u043e\u0441\u0442\u044c \u043d\u043e\u0433. \u042d\u0442\u0438 \u043f\u043e\u0434\u043e\u0448\u0432\u044b \u043f\u043e\u0434\u0445\u043e\u0434\u044f\u0442 \u0434\u043b\u044f \u0432\u0441\u0435\u0445 \u0442\u0438\u043f\u043e\u0432 \u043e\u0431\u0443\u0432\u0438, \u0434\u0435\u043b\u0430\u044f \u0445\u043e\u0434\u044c\u0431\u0443 \u0431\u043e\u043b\u0435\u0435 \u043b\u0435\u0433\u043a\u043e\u0439 \u0438 \u043f\u0440\u0438\u044f\u0442\u043d\u043e\u0439.<\/p>\n<p><strong>\u041e\u0441\u043e\u0431\u044b\u0435 \u0432\u043e\u0437\u043c\u043e\u0436\u043d\u043e\u0441\u0442\u0438:<\/strong><\/p>\n<ul>\n<li><strong>\u0421\u043f\u043e\u0441\u043e\u0431\u0441\u0442\u0432\u0443\u0435\u0442 \u0441\u0442\u0430\u0442\u0438\u0447\u0435\u0441\u043a\u043e\u043c\u0443 \u0438 \u0434\u0438\u043d\u0430\u043c\u0438\u0447\u0435\u0441\u043a\u043e\u043c\u0443 \u0431\u0430\u043b\u0430\u043d\u0441\u0443:<\/strong> \u042d\u0442\u043e \u043e\u0431\u0435\u0441\u043f\u0435\u0447\u0438\u0432\u0430\u0435\u0442 \u043b\u0443\u0447\u0448\u0443\u044e \u0443\u0441\u0442\u043e\u0439\u0447\u0438\u0432\u043e\u0441\u0442\u044c \u043f\u0440\u0438 \u0445\u043e\u0434\u044c\u0431\u0435.<\/li>\n<li><strong>\u0423\u043b\u0443\u0447\u0448\u0430\u0435\u0442 \u043e\u0441\u0430\u043d\u043a\u0443:<\/strong> \u041f\u043e\u043c\u043e\u0433\u0430\u0435\u0442 \u043f\u043e\u0434\u0434\u0435\u0440\u0436\u0438\u0432\u0430\u0442\u044c \u043f\u0440\u0430\u0432\u0438\u043b\u044c\u043d\u0443\u044e \u043e\u0441\u0430\u043d\u043a\u0443.<\/li>\n<li><strong>\u0421\u0442\u0438\u043c\u0443\u043b\u0438\u0440\u0443\u0435\u0442 \u0432\u0435\u043d\u043e\u0437\u043d\u043e\u0435 \u043a\u0440\u043e\u0432\u043e\u043e\u0431\u0440\u0430\u0449\u0435\u043d\u0438\u0435:<\/strong> \u0421\u043f\u043e\u0441\u043e\u0431\u0441\u0442\u0432\u0443\u0435\u0442 \u0437\u0434\u043e\u0440\u043e\u0432\u044c\u044e \u043a\u0440\u043e\u0432\u043e\u043e\u0431\u0440\u0430\u0449\u0435\u043d\u0438\u044f.<\/li>\n<li><strong>\u0423\u043c\u0435\u043d\u044c\u0448\u0430\u0435\u0442 \u0434\u0430\u0432\u043b\u0435\u043d\u0438\u0435 \u043d\u0430 \u043a\u043e\u043b\u0435\u043d\u0438 \u0438 \u0431\u0435\u0434\u0440\u0430:<\/strong> \u0421\u043f\u043e\u0441\u043e\u0431\u0441\u0442\u0432\u0443\u0435\u0442 \u0437\u0434\u043e\u0440\u043e\u0432\u044c\u044e \u0441\u0443\u0441\u0442\u0430\u0432\u043e\u0432, \u0441\u043d\u0438\u0436\u0430\u044f \u0434\u0430\u0432\u043b\u0435\u043d\u0438\u0435 \u0438 \u0443\u0441\u0442\u0430\u043b\u043e\u0441\u0442\u044c.<\/li>\n<li><strong>\u0421\u043d\u0438\u043c\u0430\u0435\u0442 \u0431\u043e\u043b\u044c:<\/strong> \u0418\u0437\u0431\u0430\u0432\u044c\u0442\u0435\u0441\u044c \u043e\u0442 \u0431\u043e\u043b\u0435\u0439 \u0432 \u0441\u043f\u0438\u043d\u0435, \u043f\u044f\u0442\u043a\u0430\u0445 \u0438 \u043a\u043e\u043b\u0435\u043d\u044f\u0445 \u0441 \u043f\u043e\u043c\u043e\u0449\u044c\u044e \u043f\u0440\u0430\u0432\u0438\u043b\u044c\u043d\u043e\u0439 \u043f\u043e\u0434\u0434\u0435\u0440\u0436\u043a\u0438 \u0441\u0442\u043e\u043f\u044b.<\/li>\n<li><strong>\u041f\u043e\u0434\u0445\u043e\u0434\u0438\u0442 \u0434\u043b\u044f \u043b\u044e\u0431\u043e\u0433\u043e \u0441\u0435\u0437\u043e\u043d\u0430:<\/strong> \u042d\u0442\u043e \u0433\u0430\u0440\u0430\u043d\u0442\u0438\u0440\u0443\u0435\u0442 \u043a\u043e\u043c\u0444\u043e\u0440\u0442 \u0432 \u043b\u044e\u0431\u043e\u0435 \u0432\u0440\u0435\u043c\u044f \u0433\u043e\u0434\u0430.<\/li>\n<li><strong>\u041a\u043e\u043c\u0444\u043e\u0440\u0442 \u0434\u043b\u044f \u0430\u043a\u0442\u0438\u0432\u043d\u043e\u0439 \u0436\u0438\u0437\u043d\u0438:<\/strong> \u041e\u043d\u0438 \u043f\u0440\u0435\u0434\u043b\u0430\u0433\u0430\u044e\u0442 \u043f\u043e\u0434\u0434\u0435\u0440\u0436\u043a\u0443 \u043b\u044e\u0434\u044f\u043c, \u0432\u0435\u0434\u0443\u0449\u0438\u043c \u0430\u043a\u0442\u0438\u0432\u043d\u044b\u0439 \u043e\u0431\u0440\u0430\u0437 \u0436\u0438\u0437\u043d\u0438 \u0438 \u0433\u043e\u0442\u043e\u0432\u044b\u043c \u043a \u0438\u043d\u0442\u0435\u043d\u0441\u0438\u0432\u043d\u044b\u043c \u0444\u0438\u0437\u0438\u0447\u0435\u0441\u043a\u0438\u043c \u043d\u0430\u0433\u0440\u0443\u0437\u043a\u0430\u043c.<\/li>\n<\/ul>\n<p><strong>\u0422\u0435\u0445\u043d\u0438\u0447\u0435\u0441\u043a\u0438\u0435 \u0445\u0430\u0440\u0430\u043a\u0442\u0435\u0440\u0438\u0441\u0442\u0438\u043a\u0438:<\/strong><\/p>\n<ul>\n<li><strong>\u0414\u043e\u0441\u0442\u0443\u043f\u043d\u044b\u0435 \u0440\u0430\u0437\u043c\u0435\u0440\u044b:<\/strong> \u0421, \u041c, \u041b<\/li>\n<li><strong>\u041c\u0430\u0442\u0435\u0440\u0438\u0430\u043b:<\/strong> \u041c\u044f\u0433\u043a\u0438\u0439 \u0433\u0435\u043b\u044c \u0434\u043b\u044f \u043f\u0440\u0435\u0432\u043e\u0441\u0445\u043e\u0434\u043d\u043e\u0439 \u0430\u043c\u043e\u0440\u0442\u0438\u0437\u0430\u0446\u0438\u0438.<\/li>\n<li><strong>\u0414\u0438\u0437\u0430\u0439\u043d:<\/strong> \u0410\u0434\u0430\u043f\u0442\u0438\u0440\u0443\u0435\u0442\u0441\u044f \u043a\u043e \u0432\u0441\u0435\u043c \u0442\u0438\u043f\u0430\u043c \u043e\u0431\u0443\u0432\u0438.<\/li>\n<li><strong>\u0414\u043e\u043b\u0433\u043e\u0432\u0435\u0447\u043d\u043e\u0441\u0442\u044c:<\/strong> \u0418\u0437\u043d\u043e\u0441\u043e\u0441\u0442\u043e\u0439\u043a\u0438\u0439 \u0438 \u043f\u043e\u0434\u0445\u043e\u0434\u0438\u0442 \u0434\u043b\u044f \u0435\u0436\u0435\u0434\u043d\u0435\u0432\u043d\u043e\u0433\u043e \u0438\u0441\u043f\u043e\u043b\u044c\u0437\u043e\u0432\u0430\u043d\u0438\u044f.<\/li>\n<li><strong>\u0423\u0445\u043e\u0434:<\/strong> \u041b\u0435\u0433\u043a\u043e \u0447\u0438\u0441\u0442\u0438\u0442\u044c \u0438 \u043e\u0431\u0441\u043b\u0443\u0436\u0438\u0432\u0430\u0442\u044c<\/li>\n<\/ul>\n<p><strong>\u0420\u0435\u043a\u043e\u043c\u0435\u043d\u0434\u0443\u0435\u043c\u044b\u0435 \u0442\u0435\u0433\u0438:<\/strong> #\u041e\u0440\u0442\u043e\u043f\u0435\u0434\u0438\u0447\u0435\u0441\u043a\u0438\u0435 \u043f\u043e\u0434\u043e\u0448\u0432\u044b, #GGelSoles, #\u041a\u043e\u043c\u0444\u043e\u0440\u0442 \u0434\u043b\u044f \u043d\u043e\u0433, #\u0417\u0434\u043e\u0440\u043e\u0432\u044b\u0435 \u043d\u043e\u0433\u0438, #\u041f\u0440\u0430\u0432\u0438\u043b\u044c\u043d\u0430\u044f \u043e\u0441\u0430\u043d\u043a\u0430, #\u0417\u0434\u043e\u0440\u043e\u0432\u044b\u0435 \u0441\u0443\u0441\u0442\u0430\u0432\u044b, #\u0423\u043c\u0435\u043d\u044c\u0448\u0435\u043d\u0438\u0435 \u0431\u043e\u043b\u0438, #\u0423\u043d\u0438\u0432\u0435\u0440\u0441\u0430\u043b\u044c\u043d\u044b\u0435 \u043f\u043e\u0434\u043e\u0448\u0432\u044b, #\u0414\u043b\u044f \u043f\u043e\u0432\u0441\u0435\u0434\u043d\u0435\u0432\u043d\u043e\u0433\u043e \u0438\u0441\u043f\u043e\u043b\u044c\u0437\u043e\u0432\u0430\u043d\u0438\u044f, #S\u0421\u043f\u043e\u0440\u0442\u0438\u0432\u043d\u044b\u0435 \u043f\u043e\u0434\u043e\u0448\u0432\u044b<\/p>","protected":false},"excerpt":{"rendered":"<p>Talpi Ortopedice cu Gel pentru Calcaie T\u0103lpile ortopedice cu gel pentru c\u0103lc\u00e2ie sunt concepute pentru utilizare zilnic\u0103, oferind confort maxim<\/p>","protected":false},"featured_media":13045,"comment_status":"open","ping_status":"closed","template":"","meta":{"_acf_changed":false},"product_brand":[],"product_cat":[147],"product_tag":[],"class_list":{"0":"post-9309","1":"product","2":"type-product","3":"status-publish","4":"has-post-thumbnail","6":"product_cat-talpi-ortopedice","8":"first","9":"instock","10":"shipping-taxable","11":"purchasable","12":"product-type-simple"},"acf":[],"_links":{"self":[{"href":"https:\/\/biomed.md\/ru\/wp-json\/wp\/v2\/product\/9309","targetHints":{"allow":["GET"]}}],"collection":[{"href":"https:\/\/biomed.md\/ru\/wp-json\/wp\/v2\/product"}],"about":[{"href":"https:\/\/biomed.md\/ru\/wp-json\/wp\/v2\/types\/product"}],"replies":[{"embeddable":true,"href":"https:\/\/biomed.md\/ru\/wp-json\/wp\/v2\/comments?post=9309"}],"version-history":[{"count":4,"href":"https:\/\/biomed.md\/ru\/wp-json\/wp\/v2\/product\/9309\/revisions"}],"predecessor-version":[{"id":14781,"href":"https:\/\/biomed.md\/ru\/wp-json\/wp\/v2\/product\/9309\/revisions\/14781"}],"wp:featuredmedia":[{"embeddable":true,"href":"https:\/\/biomed.md\/ru\/wp-json\/wp\/v2\/media\/13045"}],"wp:attachment":[{"href":"https:\/\/biomed.md\/ru\/wp-json\/wp\/v2\/media?parent=9309"}],"wp:term":[{"taxonomy":"product_brand","embeddable":true,"href":"https:\/\/biomed.md\/ru\/wp-json\/wp\/v2\/product_brand?post=9309"},{"taxonomy":"product_cat","embeddable":true,"href":"https:\/\/biomed.md\/ru\/wp-json\/wp\/v2\/product_cat?post=9309"},{"taxonomy":"product_tag","embeddable":true,"href":"https:\/\/biomed.md\/ru\/wp-json\/wp\/v2\/product_tag?post=9309"}],"curies":[{"name":"wp","href":"https:\/\/api.w.org\/{rel}","templated":true}]}}