{"id":9256,"date":"2024-12-16T20:30:42","date_gmt":"2024-12-16T20:30:42","guid":{"rendered":"https:\/\/new.biomed.md\/?post_type=product&#038;p=9256"},"modified":"2026-04-07T11:49:33","modified_gmt":"2026-04-07T11:49:33","slug":"xylitol-indulcitor-natural-xilitol","status":"publish","type":"product","link":"https:\/\/biomed.md\/ru\/product\/xylitol-indulcitor-natural-xilitol\/","title":{"rendered":"\u041a\u0441\u0438\u043b\u0438\u0442\u043e\u043b \u2014 \u043d\u0430\u0442\u0443\u0440\u0430\u043b\u044c\u043d\u044b\u0439 \u043f\u043e\u0434\u0441\u043b\u0430\u0441\u0442\u0438\u0442\u0435\u043b\u044c"},"content":{"rendered":"<h5>\u041a\u0441\u0438\u043b\u0438\u0442\u043e\u043b \u2014 \u043d\u0430\u0442\u0443\u0440\u0430\u043b\u044c\u043d\u044b\u0439 \u043f\u043e\u0434\u0441\u043b\u0430\u0441\u0442\u0438\u0442\u0435\u043b\u044c<\/h5>\n<p>\u041a\u0441\u0438\u043b\u0438\u0442 \u2014 \u044d\u0442\u043e \u043d\u0430\u0442\u0443\u0440\u0430\u043b\u044c\u043d\u044b\u0439 \u043f\u043e\u0434\u0441\u043b\u0430\u0441\u0442\u0438\u0442\u0435\u043b\u044c 100%, \u0441\u043e\u0434\u0435\u0440\u0436\u0430\u0449\u0438\u0439\u0441\u044f \u0432 \u0440\u0430\u0437\u043b\u0438\u0447\u043d\u044b\u0445 \u0440\u0430\u0441\u0442\u0435\u043d\u0438\u044f\u0445. \u042d\u0442\u043e \u044d\u0444\u0444\u0435\u043a\u0442\u0438\u0432\u043d\u044b\u0439 \u0437\u0430\u043c\u0435\u043d\u0438\u0442\u0435\u043b\u044c \u0441\u0430\u0445\u0430\u0440\u0430, \u0441\u043e\u0434\u0435\u0440\u0436\u0430\u0449\u0438\u0439\u0441\u044f \u0432 \u0432\u043e\u043b\u043e\u043a\u043d\u0430\u0445 \u0444\u0440\u0443\u043a\u0442\u043e\u0432, \u043e\u0432\u043e\u0449\u0435\u0439, \u0433\u0440\u0438\u0431\u043e\u0432, \u0437\u0435\u0440\u043d\u043e\u0432\u044b\u0445 \u0438 \u043a\u043e\u0440\u0435 \u0434\u0435\u0440\u0435\u0432\u044c\u0435\u0432, \u0442\u0430\u043a\u0438\u0445 \u043a\u0430\u043a \u0444\u0438\u043d\u0441\u043a\u0430\u044f \u0431\u0435\u0440\u0435\u0437\u0430. \u041a\u0441\u0438\u043b\u0438\u0442 \u043e\u0441\u043e\u0431\u0435\u043d\u043d\u044b\u0439 \u0442\u0435\u043c, \u0447\u0442\u043e \u0431\u0430\u043a\u0442\u0435\u0440\u0438\u0438 \u0438 \u0433\u0440\u0438\u0431\u043a\u0438 \u043d\u0435 \u043c\u043e\u0433\u0443\u0442 \u0440\u0430\u0441\u0449\u0435\u043f\u0438\u0442\u044c \u044d\u0442\u043e\u0442 \u043f\u043e\u0434\u0441\u043b\u0430\u0441\u0442\u0438\u0442\u0435\u043b\u044c, \u043f\u043e\u0441\u043a\u043e\u043b\u044c\u043a\u0443 \u043e\u043d \u044f\u0432\u043b\u044f\u0435\u0442\u0441\u044f \u043f\u043e\u043b\u043d\u043e\u0441\u0442\u044c\u044e \u043d\u0430\u0442\u0443\u0440\u0430\u043b\u044c\u043d\u044b\u043c \u043f\u0440\u043e\u0434\u0443\u043a\u0442\u043e\u043c.<\/p>\n<h5>\u0421\u0432\u043e\u0439\u0441\u0442\u0432\u0430 \u0438 \u043f\u0440\u0435\u0438\u043c\u0443\u0449\u0435\u0441\u0442\u0432\u0430:<\/h5>\n<ul>\n<li><strong>\u041d\u0430\u0442\u0443\u0440\u0430\u043b\u044c\u043d\u044b\u0439 \u0438 \u0437\u0434\u043e\u0440\u043e\u0432\u044b\u0439:<\/strong> \u041a\u0441\u0438\u043b\u0438\u0442 \u043f\u043e\u043b\u043d\u043e\u0441\u0442\u044c\u044e \u043d\u0430\u0442\u0443\u0440\u0430\u043b\u044c\u043d\u044b\u0439 \u0438 \u043c\u043e\u0436\u0435\u0442 \u0431\u044b\u0442\u044c \u0438\u0437\u0432\u043b\u0435\u0447\u0435\u043d \u0435\u0441\u0442\u0435\u0441\u0442\u0432\u0435\u043d\u043d\u044b\u043c \u043f\u0443\u0442\u0435\u043c.<\/li>\n<li><strong>\u0421\u043b\u0430\u0434\u043a\u0438\u0439 \u0432\u043a\u0443\u0441:<\/strong> \u041f\u043e \u0432\u043a\u0443\u0441\u0443 \u0438\u0434\u0435\u043d\u0442\u0438\u0447\u0435\u043d \u0441\u0430\u0445\u0430\u0440\u043e\u0437\u0435, \u043d\u043e \u0441\u043e\u0434\u0435\u0440\u0436\u0438\u0442 \u0442\u043e\u043b\u044c\u043a\u043e \u0434\u0432\u0435 \u0442\u0440\u0435\u0442\u0438 \u0435\u0435 \u043a\u0430\u043b\u043e\u0440\u0438\u0439.<\/li>\n<li><strong>\u041d\u0438\u0437\u043a\u0438\u0439 \u0433\u043b\u0438\u043a\u0435\u043c\u0438\u0447\u0435\u0441\u043a\u0438\u0439 \u0438\u043d\u0434\u0435\u043a\u0441:<\/strong> \u0418\u0434\u0435\u0430\u043b\u044c\u043d\u043e \u043f\u043e\u0434\u0445\u043e\u0434\u0438\u0442 \u0434\u043b\u044f \u0434\u0438\u0430\u0431\u0435\u0442\u0438\u043a\u043e\u0432 \u0438 \u0442\u0435\u0445, \u043a\u0442\u043e \u0445\u043e\u0447\u0435\u0442 \u0441\u043e\u043a\u0440\u0430\u0442\u0438\u0442\u044c \u043f\u043e\u0442\u0440\u0435\u0431\u043b\u0435\u043d\u0438\u0435 \u0441\u0430\u0445\u0430\u0440\u0430, \u043f\u043e\u0441\u043a\u043e\u043b\u044c\u043a\u0443 \u0433\u043b\u0438\u043a\u0435\u043c\u0438\u0447\u0435\u0441\u043a\u0438\u0439 \u0438\u043d\u0434\u0435\u043a\u0441 7 \u0437\u043d\u0430\u0447\u0438\u0442\u0435\u043b\u044c\u043d\u043e \u043d\u0438\u0436\u0435, \u0447\u0435\u043c \u0443 \u0431\u0435\u043b\u043e\u0433\u043e \u0441\u0430\u0445\u0430\u0440\u0430.<\/li>\n<li><strong>\u0417\u0434\u043e\u0440\u043e\u0432\u044c\u0435 \u043f\u043e\u043b\u043e\u0441\u0442\u0438 \u0440\u0442\u0430:<\/strong> \u0412 \u043e\u0442\u043b\u0438\u0447\u0438\u0435 \u043e\u0442 \u0441\u0430\u0445\u0430\u0440\u0430, \u043a\u043e\u0442\u043e\u0440\u044b\u0439 \u0441\u043f\u043e\u0441\u043e\u0431\u0441\u0442\u0432\u0443\u0435\u0442 \u0432\u043e\u0437\u043d\u0438\u043a\u043d\u043e\u0432\u0435\u043d\u0438\u044e \u043a\u0430\u0440\u0438\u0435\u0441\u0430, \u043a\u0441\u0438\u043b\u0438\u0442 \u043d\u0435 \u0441\u043f\u043e\u0441\u043e\u0431\u0441\u0442\u0432\u0443\u0435\u0442 \u0435\u0433\u043e \u043e\u0431\u0440\u0430\u0437\u043e\u0432\u0430\u043d\u0438\u044e \u0438 \u0434\u0430\u0436\u0435 \u043c\u043e\u0436\u0435\u0442 \u0441\u043f\u043e\u0441\u043e\u0431\u0441\u0442\u0432\u043e\u0432\u0430\u0442\u044c \u0440\u0435\u043c\u0438\u043d\u0435\u0440\u0430\u043b\u0438\u0437\u0430\u0446\u0438\u0438 \u0437\u0443\u0431\u043e\u0432.<\/li>\n<li><strong>\u041f\u043e\u0434\u0434\u0435\u0440\u0436\u043a\u0430 \u0437\u0434\u043e\u0440\u043e\u0432\u044c\u044f \u043a\u043e\u0441\u0442\u0435\u0439:<\/strong> \u0418\u0441\u0441\u043b\u0435\u0434\u043e\u0432\u0430\u043d\u0438\u044f \u043f\u043e\u043a\u0430\u0437\u044b\u0432\u0430\u044e\u0442, \u0447\u0442\u043e \u043a\u0441\u0438\u043b\u0438\u0442 \u043c\u043e\u0436\u0435\u0442 \u043f\u043e\u043c\u043e\u0447\u044c \u0432 \u0431\u043e\u0440\u044c\u0431\u0435 \u0441 \u043e\u0441\u0442\u0435\u043e\u043f\u043e\u0440\u043e\u0437\u043e\u043c, \u0437\u0430\u043a\u0440\u0435\u043f\u043b\u044f\u044f \u043a\u0430\u043b\u044c\u0446\u0438\u0439 \u0432 \u043a\u043e\u0441\u0442\u044f\u0445.<\/li>\n<li><strong>\u0423\u043c\u0435\u043d\u044c\u0448\u0435\u043d\u0438\u0435 \u043a\u043e\u043b\u0438\u0447\u0435\u0441\u0442\u0432\u0430 \u0431\u0430\u043a\u0442\u0435\u0440\u0438\u0439:<\/strong> \u0418\u0441\u0441\u043b\u0435\u0434\u043e\u0432\u0430\u043d\u0438\u044f \u043f\u043e\u043a\u0430\u0437\u0430\u043b\u0438, \u0447\u0442\u043e \u043a\u0441\u0438\u043b\u0438\u0442 \u043c\u043e\u0436\u0435\u0442 \u0443\u043c\u0435\u043d\u044c\u0448\u0438\u0442\u044c \u043a\u043e\u043b\u0438\u0447\u0435\u0441\u0442\u0432\u043e \u0431\u0430\u043a\u0442\u0435\u0440\u0438\u0439 \u0432 \u0434\u044b\u0445\u0430\u0442\u0435\u043b\u044c\u043d\u043e\u0439 \u0441\u0438\u0441\u0442\u0435\u043c\u0435 \u043d\u0430 \u0432\u0435\u043b\u0438\u0447\u0438\u043d\u0443 \u0434\u043e 40%, \u0442\u0435\u043c \u0441\u0430\u043c\u044b\u043c \u0441\u043d\u0438\u0436\u0430\u044f \u0440\u0438\u0441\u043a \u0430\u043b\u043b\u0435\u0440\u0433\u0438\u0438 \u0438 \u0430\u0441\u0442\u043c\u044b.<\/li>\n<li><strong>\u0423\u0441\u0432\u043e\u0435\u043d\u0438\u0435 \u0432\u0438\u0442\u0430\u043c\u0438\u043d\u0430 \u0412:<\/strong> \u041e\u043d \u0441\u043f\u043e\u0441\u043e\u0431\u0441\u0442\u0432\u0443\u0435\u0442 \u043b\u0443\u0447\u0448\u0435\u043c\u0443 \u0443\u0441\u0432\u043e\u0435\u043d\u0438\u044e \u0432\u0438\u0442\u0430\u043c\u0438\u043d\u0430 B, \u043f\u043e\u043b\u043e\u0436\u0438\u0442\u0435\u043b\u044c\u043d\u043e \u0432\u043d\u043e\u0441\u044f \u0441\u0432\u043e\u0439 \u0432\u043a\u043b\u0430\u0434 \u0432 \u0432\u0430\u0436\u043d\u044b\u0435 \u043c\u0435\u0442\u0430\u0431\u043e\u043b\u0438\u0447\u0435\u0441\u043a\u0438\u0435 \u043f\u0440\u043e\u0446\u0435\u0441\u0441\u044b.<\/li>\n<li><strong>\u0411\u0435\u0437\u043e\u043f\u0430\u0441\u043d\u043e \u0434\u043b\u044f \u0435\u0436\u0435\u0434\u043d\u0435\u0432\u043d\u043e\u0433\u043e \u0438\u0441\u043f\u043e\u043b\u044c\u0437\u043e\u0432\u0430\u043d\u0438\u044f:<\/strong> \u041e \u0441\u0435\u0440\u044c\u0435\u0437\u043d\u044b\u0445 \u043f\u043e\u0431\u043e\u0447\u043d\u044b\u0445 \u044d\u0444\u0444\u0435\u043a\u0442\u0430\u0445 \u043d\u0435 \u0441\u043e\u043e\u0431\u0449\u0430\u043b\u043e\u0441\u044c; \u0412 \u043f\u0435\u0440\u0432\u044b\u0435 \u0434\u043d\u0438 \u043f\u0440\u0438\u043c\u0435\u043d\u0435\u043d\u0438\u044f \u043c\u043e\u0436\u0435\u0442 \u0432\u043e\u0437\u043d\u0438\u043a\u043d\u0443\u0442\u044c \u043b\u0435\u0433\u043a\u0438\u0439 \u0441\u043b\u0430\u0431\u0438\u0442\u0435\u043b\u044c\u043d\u044b\u0439 \u044d\u0444\u0444\u0435\u043a\u0442.<\/li>\n<\/ul>\n<h5>\u0420\u0435\u043a\u043e\u043c\u0435\u043d\u0434\u0443\u0435\u043c\u043e\u0435 \u0438\u0441\u043f\u043e\u043b\u044c\u0437\u043e\u0432\u0430\u043d\u0438\u0435:<\/h5>\n<ul>\n<li><strong>\u0412 \u0435\u0434\u0435:<\/strong> \u0418\u0434\u0435\u0430\u043b\u044c\u043d\u043e \u043f\u043e\u0434\u0445\u043e\u0434\u0438\u0442 \u0434\u043b\u044f \u043a\u043e\u0444\u0435, \u0447\u0430\u044f, \u043f\u0438\u0440\u043e\u0436\u043d\u044b\u0445 \u0438 \u0434\u0440\u0443\u0433\u0438\u0445 \u043a\u0443\u043b\u0438\u043d\u0430\u0440\u043d\u044b\u0445 \u0438\u0437\u0434\u0435\u043b\u0438\u0439, \u043d\u0435 \u043c\u0435\u043d\u044f\u044f \u0438\u0445 \u0432\u043a\u0443\u0441\u0430, \u043d\u043e \u043d\u0430\u043c\u043d\u043e\u0433\u043e \u043f\u043e\u043b\u0435\u0437\u043d\u0435\u0435, \u0447\u0435\u043c \u0441\u0430\u0445\u0430\u0440 \u0438\u043b\u0438 \u0434\u0440\u0443\u0433\u0438\u0435 \u0441\u0438\u043d\u0442\u0435\u0442\u0438\u0447\u0435\u0441\u043a\u0438\u0435 \u043f\u043e\u0434\u0441\u043b\u0430\u0441\u0442\u0438\u0442\u0435\u043b\u0438.<\/li>\n<\/ul>\n<h5>\u041a\u043b\u044e\u0447\u0435\u0432\u044b\u0435 \u0441\u043b\u043e\u0432\u0430:<\/h5>\n<p>Xylitol,\u00a0 \u00cendulcitor Natural,\u00a0 S\u0103n\u0103tatea Oral\u0103,\u00a0 zahar diabet, Diabetici,\u00a0 Indice Glicemic Sc\u0103zut,\u00a0 Remineralizare Din\u021bi,\u00a0 S\u0103n\u0103tatea Osoas\u0103,\u00a0 Reducerea Bacteriilor<\/p>","protected":false},"excerpt":{"rendered":"<p>Xylitol Indulcitor Natural Xilitol Xylitolul este un \u00eendulcitor 100% natural, g\u0103sit \u00een diverse plante. Este un \u00eenlocuitor eficient al zah\u0103rului,<\/p>","protected":false},"featured_media":12908,"comment_status":"open","ping_status":"closed","template":"","meta":{"_acf_changed":false},"product_brand":[],"product_cat":[116],"product_tag":[],"class_list":{"0":"post-9256","1":"product","2":"type-product","3":"status-publish","4":"has-post-thumbnail","6":"product_cat-indulcitori-bio","8":"first","9":"instock","10":"sale","11":"shipping-taxable","12":"purchasable","13":"product-type-variable"},"acf":[],"_links":{"self":[{"href":"https:\/\/biomed.md\/ru\/wp-json\/wp\/v2\/product\/9256","targetHints":{"allow":["GET"]}}],"collection":[{"href":"https:\/\/biomed.md\/ru\/wp-json\/wp\/v2\/product"}],"about":[{"href":"https:\/\/biomed.md\/ru\/wp-json\/wp\/v2\/types\/product"}],"replies":[{"embeddable":true,"href":"https:\/\/biomed.md\/ru\/wp-json\/wp\/v2\/comments?post=9256"}],"version-history":[{"count":6,"href":"https:\/\/biomed.md\/ru\/wp-json\/wp\/v2\/product\/9256\/revisions"}],"predecessor-version":[{"id":16329,"href":"https:\/\/biomed.md\/ru\/wp-json\/wp\/v2\/product\/9256\/revisions\/16329"}],"wp:featuredmedia":[{"embeddable":true,"href":"https:\/\/biomed.md\/ru\/wp-json\/wp\/v2\/media\/12908"}],"wp:attachment":[{"href":"https:\/\/biomed.md\/ru\/wp-json\/wp\/v2\/media?parent=9256"}],"wp:term":[{"taxonomy":"product_brand","embeddable":true,"href":"https:\/\/biomed.md\/ru\/wp-json\/wp\/v2\/product_brand?post=9256"},{"taxonomy":"product_cat","embeddable":true,"href":"https:\/\/biomed.md\/ru\/wp-json\/wp\/v2\/product_cat?post=9256"},{"taxonomy":"product_tag","embeddable":true,"href":"https:\/\/biomed.md\/ru\/wp-json\/wp\/v2\/product_tag?post=9256"}],"curies":[{"name":"wp","href":"https:\/\/api.w.org\/{rel}","templated":true}]}}