{"id":9196,"date":"2024-12-16T20:30:34","date_gmt":"2024-12-16T20:30:34","guid":{"rendered":"https:\/\/new.biomed.md\/?post_type=product&#038;p=9196"},"modified":"2025-12-17T10:01:30","modified_gmt":"2025-12-17T10:01:30","slug":"aspirator-nazal-electric-reincarcabil","status":"publish","type":"product","link":"https:\/\/biomed.md\/ru\/product\/aspirator-nazal-electric-reincarcabil\/","title":{"rendered":"\u041d\u0430\u0437\u0430\u043b\u044c\u043d\u044b\u0439 \u0430\u0441\u043f\u0438\u0440\u0430\u0442\u043e\u0440 \u043f\u0435\u0440\u0435\u0437\u0430\u0440\u044f\u0436\u0430\u0435\u043c\u044b\u0439"},"content":{"rendered":"<h5>\u041d\u0430\u0437\u0430\u043b\u044c\u043d\u044b\u0439 \u0430\u0441\u043f\u0438\u0440\u0430\u0442\u043e\u0440 \u043f\u0435\u0440\u0435\u0437\u0430\u0440\u044f\u0436\u0430\u0435\u043c\u044b\u0439<\/h5>\n<p>\u042d\u0442\u043e\u0442 \u043f\u0435\u0440\u0435\u0437\u0430\u0440\u044f\u0436\u0430\u0435\u043c\u044b\u0439 \u044d\u043b\u0435\u043a\u0442\u0440\u0438\u0447\u0435\u0441\u043a\u0438\u0439 \u043d\u0430\u0437\u0430\u043b\u044c\u043d\u044b\u0439 \u0430\u0441\u043f\u0438\u0440\u0430\u0442\u043e\u0440 \u043f\u0440\u0435\u0434\u0441\u0442\u0430\u0432\u043b\u044f\u0435\u0442 \u0441\u043e\u0431\u043e\u0439 \u0441\u043e\u0432\u0440\u0435\u043c\u0435\u043d\u043d\u043e\u0435 \u0443\u0441\u0442\u0440\u043e\u0439\u0441\u0442\u0432\u043e, \u043f\u0440\u0435\u0434\u043d\u0430\u0437\u043d\u0430\u0447\u0435\u043d\u043d\u043e\u0435 \u0434\u043b\u044f \u043e\u0442\u0441\u0430\u0441\u044b\u0432\u0430\u043d\u0438\u044f \u0441\u043b\u0438\u0437\u0438, \u043d\u043e\u0441\u043e\u0432\u044b\u0445 \u0432\u044b\u0434\u0435\u043b\u0435\u043d\u0438\u0439 \u0438 \u0440\u0430\u0437\u043b\u0438\u0447\u043d\u044b\u0445 \u0434\u0440\u0443\u0433\u0438\u0445 \u0436\u0438\u0434\u043a\u043e\u0441\u0442\u0435\u0439, \u0438\u0441\u043f\u043e\u043b\u044c\u0437\u0443\u0435\u043c\u044b\u0445 \u0432 \u043f\u0435\u0434\u0438\u0430\u0442\u0440\u0438\u0447\u0435\u0441\u043a\u043e\u0439 \u043f\u0440\u0430\u043a\u0442\u0438\u043a\u0435. \u0411\u044b\u0441\u0442\u0440\u043e \u0438 \u043b\u0435\u0433\u043a\u043e \u0443\u0434\u0430\u043b\u044f\u0435\u0442 \u0438\u0437\u0431\u044b\u0442\u043e\u043a \u0441\u043b\u0438\u0437\u0438, \u043e\u0431\u043b\u0435\u0433\u0447\u0430\u044f \u0438\u043d\u0444\u0435\u043a\u0446\u0438\u0438 \u0432\u0435\u0440\u0445\u043d\u0438\u0445 \u0434\u044b\u0445\u0430\u0442\u0435\u043b\u044c\u043d\u044b\u0445 \u043f\u0443\u0442\u0435\u0439, \u0432\u044b\u0437\u0432\u0430\u043d\u043d\u044b\u0435 \u043f\u0440\u043e\u0441\u0442\u0443\u0434\u043e\u0439 \u0438\u043b\u0438 \u0430\u043b\u043b\u0435\u0440\u0433\u0438\u0435\u0439. \u0414\u043b\u044f \u043e\u043f\u0442\u0438\u043c\u0430\u043b\u044c\u043d\u043e\u0439 \u0440\u0430\u0431\u043e\u0442\u044b \u043d\u0430\u0437\u0430\u043b\u044c\u043d\u043e\u0433\u043e \u0430\u0441\u043f\u0438\u0440\u0430\u0442\u043e\u0440\u0430 \u043f\u0435\u0440\u0435\u0434 \u0438\u0441\u043f\u043e\u043b\u044c\u0437\u043e\u0432\u0430\u043d\u0438\u0435\u043c \u0440\u0435\u043a\u043e\u043c\u0435\u043d\u0434\u0443\u0435\u0442\u0441\u044f \u0437\u0430\u043a\u0430\u043f\u0430\u0442\u044c \u0432 \u043a\u0430\u0436\u0434\u0443\u044e \u043d\u043e\u0437\u0434\u0440\u044e \u0440\u0435\u0431\u0435\u043d\u043a\u0430 \u043f\u043e 2\u20133 \u043a\u0430\u043f\u043b\u0438 \u0444\u0438\u0437\u0438\u043e\u043b\u043e\u0433\u0438\u0447\u0435\u0441\u043a\u043e\u0433\u043e \u0440\u0430\u0441\u0442\u0432\u043e\u0440\u0430 \u0438\u043b\u0438 \u043c\u043e\u0440\u0441\u043a\u043e\u0439 \u0432\u043e\u0434\u044b.<\/p>\n<h5>\u041f\u0440\u0435\u0438\u043c\u0443\u0449\u0435\u0441\u0442\u0432\u0430 \u0438 \u043e\u0441\u043e\u0431\u0435\u043d\u043d\u043e\u0441\u0442\u0438:<\/h5>\n<ul>\n<li><strong>\u041f\u0435\u0440\u0435\u043a\u043b\u044e\u0447\u0430\u0442\u0435\u043b\u044c \u0434\u043b\u044f \u0440\u0435\u0433\u0443\u043b\u0438\u0440\u043e\u0432\u043a\u0438 6 \u0441\u043a\u043e\u0440\u043e\u0441\u0442\u0435\u0439 \u0432\u0441\u0430\u0441\u044b\u0432\u0430\u043d\u0438\u044f<\/strong><\/li>\n<li><strong>\u0412 \u043a\u043e\u043c\u043f\u043b\u0435\u043a\u0442 \u0432\u0445\u043e\u0434\u044f\u0442 \u0432\u0441\u0435 \u043d\u0435\u043e\u0431\u0445\u043e\u0434\u0438\u043c\u044b\u0435 \u0441\u043c\u0435\u043d\u043d\u044b\u0435 \u0430\u043a\u0441\u0435\u0441\u0441\u0443\u0430\u0440\u044b.<\/strong><\/li>\n<li><strong>\u041f\u0440\u043e\u0442\u0435\u0441\u0442\u0438\u0440\u043e\u0432\u0430\u043d\u043d\u044b\u0439 \u0434\u0438\u0437\u0430\u0439\u043d \u0438 \u0446\u0432\u0435\u0442\u0430:<\/strong> \u041e\u043a\u0430\u0437\u044b\u0432\u0430\u0435\u0442 \u0443\u0441\u043f\u043e\u043a\u0430\u0438\u0432\u0430\u044e\u0449\u0435\u0435 \u0434\u0435\u0439\u0441\u0442\u0432\u0438\u0435 \u043d\u0430 \u043c\u043b\u0430\u0434\u0435\u043d\u0446\u0435\u0432 \u0438 \u0434\u0435\u0442\u0435\u0439.<\/li>\n<li><strong>\u0418\u043d\u0442\u0443\u0438\u0442\u0438\u0432\u043d\u043e \u043f\u043e\u043d\u044f\u0442\u043d\u044b\u0435 \u0444\u0443\u043d\u043a\u0446\u0438\u0438:<\/strong> \u041e\u043d\u0438 \u0434\u0435\u043b\u0430\u044e\u0442 \u043f\u0440\u043e\u0434\u0443\u043a\u0442 \u043e\u0447\u0435\u043d\u044c \u043f\u0440\u043e\u0441\u0442\u044b\u043c \u0432 \u0438\u0441\u043f\u043e\u043b\u044c\u0437\u043e\u0432\u0430\u043d\u0438\u0438.<\/li>\n<li><strong>\u041f\u043e\u0440\u0442\u0430\u0442\u0438\u0432\u043d\u044b\u0439:<\/strong> \u0411\u043b\u0430\u0433\u043e\u0434\u0430\u0440\u044f \u0430\u043a\u043a\u0443\u043c\u0443\u043b\u044f\u0442\u043e\u0440\u0443 \u043e\u043d \u0440\u0430\u0431\u043e\u0442\u0430\u0435\u0442 1 \u0447\u0430\u0441 \u043d\u0435\u043f\u0440\u0435\u0440\u044b\u0432\u043d\u043e\u0439 \u0440\u0430\u0431\u043e\u0442\u044b.<\/li>\n<li><strong>\u041c\u0430\u043b\u044b\u0435 \u0440\u0430\u0437\u043c\u0435\u0440\u044b<\/strong><\/li>\n<li><strong>2 \u0430\u0434\u0430\u043f\u0442\u0438\u0432\u043d\u044b\u0435 \u0433\u043e\u043b\u043e\u0432\u043a\u0438:<\/strong> \u041e\u0434\u0438\u043d \u0434\u043b\u044f \u043c\u043b\u0430\u0434\u0435\u043d\u0446\u0435\u0432 \u0438 \u043e\u0434\u0438\u043d \u0434\u043b\u044f \u0434\u0435\u0442\u0435\u0439 \u043f\u043e\u0441\u0442\u0430\u0440\u0448\u0435<\/li>\n<\/ul>\n<h5>\u0422\u0435\u0445\u043d\u0438\u0447\u0435\u0441\u043a\u0438\u0435 \u0445\u0430\u0440\u0430\u043a\u0442\u0435\u0440\u0438\u0441\u0442\u0438\u043a\u0438:<\/h5>\n<ul>\n<li><strong>\u041c\u0430\u0442\u0435\u0440\u0438\u0430\u043b:<\/strong> \u041f\u041f+\u0441\u0438\u043b\u0438\u043a\u043e\u043d<\/li>\n<li><strong>\u0426\u0432\u0435\u0442:<\/strong> \u0437\u0435\u043b\u0435\u043d\u044b\u0439<\/li>\n<li><strong>\u0412\u0435\u0441:<\/strong> 0,24 \u043a\u0433<\/li>\n<li><strong>\u0420\u0430\u0437\u043c\u0435\u0440 \u0443\u043f\u0430\u043a\u043e\u0432\u043a\u0438:<\/strong> 10,5<em>5<\/em>23 \u0441\u043c<\/li>\n<li><strong>\u0411\u0430\u0442\u0430\u0440\u0435\u044f:<\/strong> \u041b\u0438\u0442\u0438\u0435\u0432\u0430\u044f \u0431\u0430\u0442\u0430\u0440\u0435\u044f, 500 \u043c\u0410<\/li>\n<li><strong>\u0412\u0445\u043e\u0434\u043d\u043e\u0435 \u043d\u0430\u043f\u0440\u044f\u0436\u0435\u043d\u0438\u0435:<\/strong> 5V<\/li>\n<li><strong>\u0412\u0445\u043e\u0434\u043d\u043e\u0439 \u0442\u043e\u043a:<\/strong> \u226480 mA<\/li>\n<li><strong>\u041c\u043e\u0449\u043d\u043e\u0441\u0442\u044c \u0432\u0441\u0430\u0441\u044b\u0432\u0430\u043d\u0438\u044f:<\/strong> \u0434\u043e 65 kPa<\/li>\n<li><strong>6 \u0440\u0430\u0431\u043e\u0447\u0438\u0445 \u0441\u043a\u043e\u0440\u043e\u0441\u0442\u0435\u0439<\/strong><\/li>\n<li><strong>\u0412\u0440\u0435\u043c\u044f \u0440\u0430\u0431\u043e\u0442\u044b \u043d\u0430 \u043e\u0434\u043d\u043e\u0439 \u0437\u0430\u0440\u044f\u0434\u043a\u0435:<\/strong> \u0434\u043e 1 \u0447\u0430\u0441\u0430<\/li>\n<\/ul>\n<h5>\u041e\u0441\u043e\u0431\u044b\u0435 \u0432\u043e\u0437\u043c\u043e\u0436\u043d\u043e\u0441\u0442\u0438:<\/h5>\n<ul>\n<li><strong>\u0420\u0435\u0436\u0438\u043c \u0440\u0435\u0433\u0443\u043b\u0438\u0440\u043e\u0432\u043a\u0438 \u0441\u043a\u043e\u0440\u043e\u0441\u0442\u0438:<\/strong> \u041f\u043e\u0437\u0432\u043e\u043b\u044f\u0435\u0442 \u0440\u0435\u0433\u0443\u043b\u0438\u0440\u043e\u0432\u0430\u0442\u044c \u043c\u043e\u0449\u043d\u043e\u0441\u0442\u044c \u0432\u0441\u0430\u0441\u044b\u0432\u0430\u043d\u0438\u044f \u0432 \u0441\u043e\u043e\u0442\u0432\u0435\u0442\u0441\u0442\u0432\u0438\u0438 \u0441 \u043f\u043e\u0442\u0440\u0435\u0431\u043d\u043e\u0441\u0442\u044f\u043c\u0438 \u0440\u0435\u0431\u0435\u043d\u043a\u0430.<\/li>\n<li><strong>\u0421\u043c\u0435\u043d\u043d\u044b\u0435 \u0433\u043e\u043b\u043e\u0432\u043a\u0438:<\/strong> \u041f\u0440\u0435\u0434\u043e\u0441\u0442\u0430\u0432\u043b\u044f\u0435\u0442\u0441\u044f \u0432\u043e\u0437\u043c\u043e\u0436\u043d\u043e\u0441\u0442\u044c \u043c\u0435\u043d\u044f\u0442\u044c \u0433\u043e\u043b\u043e\u0432\u043a\u0438 \u0432 \u0437\u0430\u0432\u0438\u0441\u0438\u043c\u043e\u0441\u0442\u0438 \u043e\u0442 \u0432\u043e\u0437\u0440\u0430\u0441\u0442\u0430 \u0440\u0435\u0431\u0435\u043d\u043a\u0430.<\/li>\n<li><strong>\u042d\u0440\u0433\u043e\u043d\u043e\u043c\u0438\u0447\u043d\u044b\u0439 \u0434\u0438\u0437\u0430\u0439\u043d:<\/strong> \u041e\u0431\u0435\u0441\u043f\u0435\u0447\u0438\u0432\u0430\u0435\u0442 \u043a\u043e\u043c\u0444\u043e\u0440\u0442\u043d\u043e\u0435 \u0438 \u044d\u0444\u0444\u0435\u043a\u0442\u0438\u0432\u043d\u043e\u0435 \u0438\u0441\u043f\u043e\u043b\u044c\u0437\u043e\u0432\u0430\u043d\u0438\u0435.<\/li>\n<li><strong>\u041b\u0435\u0433\u043a\u0430\u044f \u043e\u0447\u0438\u0441\u0442\u043a\u0430:<\/strong> \u0412\u0441\u0435 \u0441\u044a\u0435\u043c\u043d\u044b\u0435 \u043a\u043e\u043c\u043f\u043e\u043d\u0435\u043d\u0442\u044b \u043b\u0435\u0433\u043a\u043e \u0447\u0438\u0441\u0442\u044f\u0442\u0441\u044f \u0438 \u0434\u0435\u0437\u0438\u043d\u0444\u0438\u0446\u0438\u0440\u0443\u044e\u0442\u0441\u044f.<\/li>\n<li><strong>\u0421\u0432\u0435\u0442\u043e\u0434\u0438\u043e\u0434\u043d\u044b\u0439 \u0434\u0438\u0441\u043f\u043b\u0435\u0439:<\/strong> \u041f\u043e\u043a\u0430\u0437\u044b\u0432\u0430\u0435\u0442 \u0443\u0440\u043e\u0432\u0435\u043d\u044c \u0437\u0430\u0440\u044f\u0434\u0430 \u0430\u043a\u043a\u0443\u043c\u0443\u043b\u044f\u0442\u043e\u0440\u0430 \u0438 \u0432\u044b\u0431\u0440\u0430\u043d\u043d\u0443\u044e \u0441\u043a\u043e\u0440\u043e\u0441\u0442\u044c.<\/li>\n<li><strong>\u0424\u0443\u043d\u043a\u0446\u0438\u044f \u0430\u0432\u0442\u043e\u043c\u0430\u0442\u0438\u0447\u0435\u0441\u043a\u043e\u0433\u043e \u0432\u044b\u043a\u043b\u044e\u0447\u0435\u043d\u0438\u044f:<\/strong> \u0423\u0441\u0442\u0440\u043e\u0439\u0441\u0442\u0432\u043e \u0430\u0432\u0442\u043e\u043c\u0430\u0442\u0438\u0447\u0435\u0441\u043a\u0438 \u043e\u0442\u043a\u043b\u044e\u0447\u0430\u0435\u0442\u0441\u044f \u0447\u0435\u0440\u0435\u0437 1 \u0447\u0430\u0441 \u043d\u0435\u043f\u0440\u0435\u0440\u044b\u0432\u043d\u043e\u0433\u043e \u0438\u0441\u043f\u043e\u043b\u044c\u0437\u043e\u0432\u0430\u043d\u0438\u044f \u0434\u043b\u044f \u044d\u043a\u043e\u043d\u043e\u043c\u0438\u0438 \u044d\u043d\u0435\u0440\u0433\u0438\u0438.<\/li>\n<\/ul>\n<h5>\u0420\u0443\u043a\u043e\u0432\u043e\u0434\u0441\u0442\u0432\u043e \u043f\u043e\u043b\u044c\u0437\u043e\u0432\u0430\u0442\u0435\u043b\u044f:<\/h5>\n<ul>\n<li><strong>\u041f\u043e\u0434\u0433\u043e\u0442\u043e\u0432\u043a\u0430 \u0440\u0435\u0431\u0435\u043d\u043a\u0430:<\/strong> \u0417\u0430\u043a\u0430\u043f\u0430\u0439\u0442\u0435 \u043f\u043e 2\u20133 \u043a\u0430\u043f\u043b\u0438 \u0444\u0438\u0437\u0438\u043e\u043b\u043e\u0433\u0438\u0447\u0435\u0441\u043a\u043e\u0433\u043e \u0440\u0430\u0441\u0442\u0432\u043e\u0440\u0430 \u0438\u043b\u0438 \u043c\u043e\u0440\u0441\u043a\u043e\u0439 \u0432\u043e\u0434\u044b \u0432 \u043a\u0430\u0436\u0434\u0443\u044e \u043d\u043e\u0437\u0434\u0440\u044e \u0440\u0435\u0431\u0435\u043d\u043a\u0430.<\/li>\n<li><strong>\u0418\u0441\u043f\u043e\u043b\u044c\u0437\u043e\u0432\u0430\u043d\u0438\u0435 \u043f\u044b\u043b\u0435\u0441\u043e\u0441\u0430:<\/strong> \u0412\u0441\u0442\u0430\u0432\u044c\u0442\u0435 \u043d\u0430\u0441\u0430\u0434\u043a\u0443 \u0432 \u043d\u043e\u0437\u0434\u0440\u044e \u0440\u0435\u0431\u0435\u043d\u043a\u0430 \u0438 \u0432\u044b\u0431\u0435\u0440\u0438\u0442\u0435 \u0436\u0435\u043b\u0430\u0435\u043c\u0443\u044e \u0441\u043a\u043e\u0440\u043e\u0441\u0442\u044c \u0432\u0441\u0430\u0441\u044b\u0432\u0430\u043d\u0438\u044f.<\/li>\n<li><strong>\u0427\u0438\u0441\u0442\u043a\u0430 \u0438 \u043e\u0431\u0441\u043b\u0443\u0436\u0438\u0432\u0430\u043d\u0438\u0435:<\/strong> \u041f\u043e\u0441\u043b\u0435 \u0438\u0441\u043f\u043e\u043b\u044c\u0437\u043e\u0432\u0430\u043d\u0438\u044f \u043e\u0447\u0438\u0441\u0442\u0438\u0442\u0435 \u0431\u0430\u043a \u0438 \u043d\u0430\u0441\u0430\u0434\u043a\u0438 \u0432 \u0441\u043e\u043e\u0442\u0432\u0435\u0442\u0441\u0442\u0432\u0438\u0438 \u0441 \u0438\u043d\u0441\u0442\u0440\u0443\u043a\u0446\u0438\u044f\u043c\u0438 \u0432 \u0440\u0443\u043a\u043e\u0432\u043e\u0434\u0441\u0442\u0432\u0435 \u043f\u043e\u043b\u044c\u0437\u043e\u0432\u0430\u0442\u0435\u043b\u044f.<\/li>\n<\/ul>\n<h5>\u0421\u043e\u0434\u0435\u0440\u0436\u0438\u043c\u043e\u0435 \u0443\u043f\u0430\u043a\u043e\u0432\u043a\u0438:<\/h5>\n<ul>\n<li>1 \u0443\u0441\u0442\u0440\u043e\u0439\u0441\u0442\u0432\u043e<\/li>\n<li>2 \u043d\u0430\u0441\u0430\u0434\u043a\u0438 (\u043e\u0434\u043d\u0430 \u0434\u043b\u044f \u043c\u043b\u0430\u0434\u0435\u043d\u0446\u0435\u0432, \u043e\u0434\u043d\u0430 \u0434\u043b\u044f \u0434\u0435\u0442\u0435\u0439 \u043f\u043e\u0441\u0442\u0430\u0440\u0448\u0435)<\/li>\n<li>1 \u0440\u0435\u0437\u0435\u0440\u0432\u0443\u0430\u0440<\/li>\n<li>1 USB-\u043a\u0430\u0431\u0435\u043b\u044c \u0434\u043b\u044f \u0437\u0430\u0440\u044f\u0434\u043a\u0438<\/li>\n<li>1 \u0440\u0443\u043a\u043e\u0432\u043e\u0434\u0441\u0442\u0432\u043e \u043f\u043e\u043b\u044c\u0437\u043e\u0432\u0430\u0442\u0435\u043b\u044f<\/li>\n<\/ul>\n<h5>\u0442\u0435\u0433\u0438:<\/h5>\n<p>#\u041d\u0430\u0437\u0430\u043b\u044c\u043d\u044b\u0439\u0410\u0441\u043f\u0438\u0440\u0430\u0442\u043e\u0440, #\u041f\u0435\u0440\u0435\u0437\u0430\u0440\u044f\u0436\u0430\u0435\u043c\u044b\u0439, #\u041b\u0435\u0447\u0435\u043d\u0438\u0435\u0414\u0435\u0442\u0435\u0439, #\u041c\u0443\u043a\u043e\u0437\u0438\u0442, #\u041d\u043e\u0441\u043e\u0432\u044b\u0435\u0412\u044b\u0434\u0435\u043b\u0435\u043d\u0438\u044f, #\u041f\u043e\u0440\u0442\u0430\u0442\u0438\u0432\u043d\u044b\u0439, #6\u0421\u043a\u043e\u0440\u043e\u0441\u0442\u0435\u0439, #\u041c\u0435\u0434\u0438\u0446\u0438\u043d\u0441\u043a\u043e\u0435\u0423\u0441\u0442\u0440\u043e\u0439\u0441\u0442\u0432\u043e<\/p>","protected":false},"excerpt":{"rendered":"<p>Aspirator Nazal Electric Reincarcabil Acest aspirator nazal electric re\u00eenc\u0103rcabil este un dispozitiv modern destinat utiliz\u0103rii pentru aspirarea mucozit\u0103\u021bilor, secre\u021biilor nazale<\/p>","protected":false},"featured_media":3085,"comment_status":"open","ping_status":"closed","template":"","meta":{"_acf_changed":false},"product_brand":[],"product_cat":[101,102],"product_tag":[],"class_list":{"0":"post-9196","1":"product","2":"type-product","3":"status-publish","4":"has-post-thumbnail","6":"product_cat-copii","7":"product_cat-diverse","9":"first","10":"instock","11":"shipping-taxable","12":"purchasable","13":"product-type-simple"},"acf":[],"_links":{"self":[{"href":"https:\/\/biomed.md\/ru\/wp-json\/wp\/v2\/product\/9196","targetHints":{"allow":["GET"]}}],"collection":[{"href":"https:\/\/biomed.md\/ru\/wp-json\/wp\/v2\/product"}],"about":[{"href":"https:\/\/biomed.md\/ru\/wp-json\/wp\/v2\/types\/product"}],"replies":[{"embeddable":true,"href":"https:\/\/biomed.md\/ru\/wp-json\/wp\/v2\/comments?post=9196"}],"version-history":[{"count":4,"href":"https:\/\/biomed.md\/ru\/wp-json\/wp\/v2\/product\/9196\/revisions"}],"predecessor-version":[{"id":14824,"href":"https:\/\/biomed.md\/ru\/wp-json\/wp\/v2\/product\/9196\/revisions\/14824"}],"wp:featuredmedia":[{"embeddable":true,"href":"https:\/\/biomed.md\/ru\/wp-json\/wp\/v2\/media\/3085"}],"wp:attachment":[{"href":"https:\/\/biomed.md\/ru\/wp-json\/wp\/v2\/media?parent=9196"}],"wp:term":[{"taxonomy":"product_brand","embeddable":true,"href":"https:\/\/biomed.md\/ru\/wp-json\/wp\/v2\/product_brand?post=9196"},{"taxonomy":"product_cat","embeddable":true,"href":"https:\/\/biomed.md\/ru\/wp-json\/wp\/v2\/product_cat?post=9196"},{"taxonomy":"product_tag","embeddable":true,"href":"https:\/\/biomed.md\/ru\/wp-json\/wp\/v2\/product_tag?post=9196"}],"curies":[{"name":"wp","href":"https:\/\/api.w.org\/{rel}","templated":true}]}}