{"id":9129,"date":"2024-12-16T20:30:26","date_gmt":"2024-12-16T20:30:26","guid":{"rendered":"https:\/\/new.biomed.md\/?post_type=product&#038;p=9129"},"modified":"2026-04-08T12:17:35","modified_gmt":"2026-04-08T12:17:35","slug":"cupa-pentru-ciclu-menstrual","status":"publish","type":"product","link":"https:\/\/biomed.md\/ru\/product\/cupa-pentru-ciclu-menstrual\/","title":{"rendered":"\u041c\u0435\u043d\u0441\u0442\u0440\u0443\u0430\u043b\u044c\u043d\u0430\u044f \u0447\u0430\u0448\u0430"},"content":{"rendered":"<h5>\u041c\u0435\u043d\u0441\u0442\u0440\u0443\u0430\u043b\u044c\u043d\u0430\u044f \u0447\u0430\u0448\u0430<\/h5>\n<p>\u041a\u043e\u043b\u043e\u043a\u043e\u043b\u043e\u043e\u0431\u0440\u0430\u0437\u043d\u043e\u0435 \u0443\u0441\u0442\u0440\u043e\u0439\u0441\u0442\u0432\u043e, \u043a\u043e\u0442\u043e\u0440\u043e\u0435 \u0432\u0432\u043e\u0434\u044f\u0442 \u0432\u043e \u0432\u043b\u0430\u0433\u0430\u043b\u0438\u0449\u0435 \u0432\u043e \u0432\u0440\u0435\u043c\u044f \u043c\u0435\u043d\u0441\u0442\u0440\u0443\u0430\u0446\u0438\u0438 \u0441 \u0446\u0435\u043b\u044c\u044e \u0441\u0431\u043e\u0440\u0430 \u043c\u0435\u043d\u0441\u0442\u0440\u0443\u0430\u043b\u044c\u043d\u043e\u0439 \u0436\u0438\u0434\u043a\u043e\u0441\u0442\u0438. \u041c\u0435\u043d\u0441\u0442\u0440\u0443\u0430\u043b\u044c\u043d\u044b\u0435 \u0447\u0430\u0448\u0438 \u043f\u0440\u043e\u0438\u0437\u0432\u043e\u0434\u044f\u0442\u0441\u044f \u0441 1930-\u0445 \u0433\u043e\u0434\u043e\u0432 \u0438 \u0441\u0442\u0430\u043d\u043e\u0432\u044f\u0442\u0441\u044f \u0432\u0441\u0435 \u0431\u043e\u043b\u0435\u0435 \u043f\u043e\u043f\u0443\u043b\u044f\u0440\u043d\u044b\u043c\u0438.<\/p>\n<h5>\u0422\u0435\u0445\u043d\u0438\u0447\u0435\u0441\u043a\u0438\u0435 \u0445\u0430\u0440\u0430\u043a\u0442\u0435\u0440\u0438\u0441\u0442\u0438\u043a\u0438:<\/h5>\n<ul>\n<li><strong>\u041c\u0430\u0442\u0435\u0440\u0438\u0430\u043b:<\/strong> \u0421\u0438\u043b\u0438\u043a\u043e\u043d<\/li>\n<li><strong>\u0420\u0430\u0437\u043c\u0435\u0440:<\/strong> 6\u0441\u043c \u0445 4,5\u0441\u043c<\/li>\n<li><strong>\u043c\u044f\u0433\u043a\u0438\u0439\u0439 \u0441\u0438\u043b\u0438\u043a\u043e\u043d<\/strong><\/li>\n<\/ul>\n<h5>\u041e\u0441\u043e\u0431\u044b\u0435 \u0432\u043e\u0437\u043c\u043e\u0436\u043d\u043e\u0441\u0442\u0438:<\/h5>\n<ol start=\"1\">\n<li><strong>\u0421\u043d\u0438\u0436\u0435\u043d\u0438\u0435 \u0437\u0430\u0442\u0440\u0430\u0442:<\/strong> \u041c\u043d\u043e\u0433\u043e\u0440\u0430\u0437\u043e\u0432\u044b\u0435, \u043e\u0431\u0435\u0441\u043f\u0435\u0447\u0438\u0432\u0430\u044e\u0442 \u0434\u043e\u043b\u0433\u043e\u0441\u0440\u043e\u0447\u043d\u0443\u044e \u044d\u043a\u043e\u043d\u043e\u043c\u0438\u044e \u043f\u043e \u0441\u0440\u0430\u0432\u043d\u0435\u043d\u0438\u044e \u0441 \u0442\u0430\u043c\u043f\u043e\u043d\u0430\u043c\u0438.<\/li>\n<li><strong>\u041a\u043e\u043c\u0444\u043e\u0440\u0442\u043d\u044b\u0439:<\/strong> \u043d\u0435 \u00ab\u043e\u0449\u0443\u0449\u0430\u0435\u0442\u0441\u044f\u00bb \u0438 \u043c\u043e\u0436\u0435\u0442 \u0438\u0441\u043f\u043e\u043b\u044c\u0437\u043e\u0432\u0430\u0442\u044c\u0441\u044f \u0432 \u0441\u0438\u0442\u0443\u0430\u0446\u0438\u044f\u0445, \u043a\u043e\u0433\u0434\u0430 \u0442\u0430\u043c\u043f\u043e\u043d\u044b \u043d\u0435 \u043f\u043e\u0434\u0445\u043e\u0434\u044f\u0442.<\/li>\n<li><strong>\u041c\u044f\u0433\u043a\u0430\u044f \u0441\u0442\u0435\u043d\u043a\u0430 \u0438 \u044d\u0440\u0433\u043e\u043d\u043e\u043c\u0438\u0447\u043d\u0430\u044f \u0444\u043e\u0440\u043c\u0430:<\/strong> \u041e\u0431\u043b\u0435\u0433\u0447\u0430\u0435\u0442 \u043e\u043f\u043e\u0440\u043e\u0436\u043d\u0435\u043d\u0438\u0435 \u0438 \u043e\u0447\u0438\u0441\u0442\u043a\u0443 \u0447\u0430\u0448\u0438.<\/li>\n<li><strong>\u041b\u0435\u0433\u043a\u043e \u0441\u0442\u0435\u0440\u0438\u043b\u0438\u0437\u043e\u0432\u0430\u0442\u044c:<\/strong> \u043c\u043e\u0436\u043d\u043e \u043b\u0435\u0433\u043a\u043e \u0441\u0442\u0435\u0440\u0438\u043b\u0438\u0437\u043e\u0432\u0430\u0442\u044c \u043c\u0435\u0436\u0434\u0443 \u0446\u0438\u043a\u043b\u0430\u043c\u0438.<\/li>\n<li><strong>\u0413\u0438\u0433\u0438\u0435\u043d\u0438\u0447\u043d\u043e \u0438 \u0431\u0435\u0437\u043e\u043f\u0430\u0441\u043d\u043e:<\/strong> \u041e\u0431\u0435\u0441\u043f\u0435\u0447\u0438\u0432\u0430\u0435\u0442 \u0431\u043e\u043b\u044c\u0448\u0443\u044e \u0431\u0435\u0437\u043e\u043f\u0430\u0441\u043d\u043e\u0441\u0442\u044c \u043f\u043e \u0441\u0440\u0430\u0432\u043d\u0435\u043d\u0438\u044e \u0441 \u0442\u0430\u043c\u043f\u043e\u043d\u0430\u043c\u0438 \u0438\u043b\u0438 \u043f\u0440\u043e\u043a\u043b\u0430\u0434\u043a\u0430\u043c\u0438, \u043f\u0440\u0435\u0434\u043e\u0442\u0432\u0440\u0430\u0449\u0430\u044f \u043e\u043a\u0440\u0430\u0448\u0438\u0432\u0430\u043d\u0438\u0435 \u043e\u0434\u0435\u0436\u0434\u044b.<\/li>\n<li><strong>\u041f\u043e\u0434\u0434\u0435\u0440\u0436\u0438\u0432\u0430\u0435\u0442 \u0432\u0430\u0433\u0438\u043d\u0430\u043b\u044c\u043d\u0443\u044e \u0441\u043c\u0430\u0437\u043a\u0443:<\/strong> \u041d\u0435 \u0432\u044b\u0441\u0443\u0448\u0438\u0432\u0430\u0435\u0442 \u0441\u043b\u0438\u0437\u0438\u0441\u0442\u0443\u044e \u043e\u0431\u043e\u043b\u043e\u0447\u043a\u0443 \u0432\u043b\u0430\u0433\u0430\u043b\u0438\u0449\u0430.<\/li>\n<li><strong>\u041f\u0440\u0435\u0434\u043e\u0442\u0432\u0440\u0430\u0449\u0430\u0435\u0442 \u0432\u0430\u0433\u0438\u043d\u0430\u043b\u044c\u043d\u044b\u0439 \u043a\u0430\u043d\u0434\u0438\u0434\u043e\u0437 \u0438 \u0446\u0438\u0441\u0442\u0438\u0442:<\/strong> \u041d\u0435 \u0432\u044b\u0437\u044b\u0432\u0430\u0435\u0442 \u0447\u0440\u0435\u0437\u043c\u0435\u0440\u043d\u043e\u0439 \u0432\u043b\u0430\u0436\u043d\u043e\u0441\u0442\u0438.<\/li>\n<li><strong>\u041f\u043e\u0434\u0445\u043e\u0434\u0438\u0442 \u0434\u043b\u044f \u0437\u0430\u043d\u044f\u0442\u0438\u0439 \u0441\u043f\u043e\u0440\u0442\u043e\u043c \u0438 \u0444\u0438\u0437\u0438\u0447\u0435\u0441\u043a\u043e\u0439 \u0430\u043a\u0442\u0438\u0432\u043d\u043e\u0441\u0442\u044c\u044e:<\/strong> \u0415\u0433\u043e \u043c\u043e\u0436\u043d\u043e \u0438\u0441\u043f\u043e\u043b\u044c\u0437\u043e\u0432\u0430\u0442\u044c \u0432\u043e \u0432\u0440\u0435\u043c\u044f \u0440\u0430\u0437\u043b\u0438\u0447\u043d\u044b\u0445 \u043c\u0435\u0440\u043e\u043f\u0440\u0438\u044f\u0442\u0438\u0439.<\/li>\n<li><strong>\u0423\u043c\u0435\u043d\u044c\u0448\u0430\u0435\u0442 \u043d\u0435\u043f\u0440\u0438\u044f\u0442\u043d\u044b\u0435 \u0437\u0430\u043f\u0430\u0445\u0438:<\/strong> \u0417\u0430\u043f\u0430\u0445 \u0432\u043e \u0432\u0440\u0435\u043c\u044f \u043c\u0435\u043d\u0441\u0442\u0440\u0443\u0430\u0446\u0438\u0438 \u0443\u043c\u0435\u043d\u044c\u0448\u0430\u0435\u0442\u0441\u044f \u0438\u043b\u0438 \u0441\u0442\u0430\u043d\u043e\u0432\u0438\u0442\u0441\u044f \u043d\u0435\u0443\u043b\u043e\u0432\u0438\u043c\u044b\u043c.<\/li>\n<li><strong>\u0417\u0430\u043f\u0430\u0445 \u0432\u043e \u0432\u0440\u0435\u043c\u044f \u043c\u0435\u043d\u0441\u0442\u0440\u0443\u0430\u0446\u0438\u0438 \u0443\u043c\u0435\u043d\u044c\u0448\u0430\u0435\u0442\u0441\u044f \u0438\u043b\u0438 \u0441\u0442\u0430\u043d\u043e\u0432\u0438\u0442\u0441\u044f \u043d\u0435\u0443\u043b\u043e\u0432\u0438\u043c\u044b\u043c.<\/strong> \u0421\u043a\u043b\u0430\u0434\u044b\u0432\u0430\u0435\u0442\u0441\u044f \u0434\u043b\u044f \u0443\u0434\u043e\u0431\u0441\u0442\u0432\u0430 \u0442\u0440\u0430\u043d\u0441\u043f\u043e\u0440\u0442\u0438\u0440\u043e\u0432\u043a\u0438, \u0438\u0434\u0435\u0430\u043b\u044c\u043d\u043e \u043f\u043e\u0434\u0445\u043e\u0434\u0438\u0442 \u0434\u043b\u044f \u043d\u0435\u0431\u043e\u043b\u044c\u0448\u0438\u0445 \u0441\u0443\u043c\u043e\u043a.<\/li>\n<li><strong>\u0410\u043a\u0441\u0435\u0441\u0441\u0443\u0430\u0440\u044b \u0432 \u043a\u043e\u043c\u043f\u043b\u0435\u043a\u0442\u0435:<\/strong> \u041f\u043b\u0430\u0441\u0442\u0438\u043a\u043e\u0432\u0430\u044f \u043a\u043e\u0440\u043e\u0431\u043a\u0430 \u0438 \u043f\u0430\u043a\u0435\u0442 \u0434\u043b\u044f \u0441\u043e\u0445\u0440\u0430\u043d\u0435\u043d\u0438\u044f \u0433\u0438\u0433\u0438\u0435\u043d\u0438\u0447\u043d\u043e\u0441\u0442\u0438 \u0447\u0430\u0448\u043a\u0438.<\/li>\n<\/ol>\n<h5>\u0420\u0443\u043a\u043e\u0432\u043e\u0434\u0441\u0442\u0432\u043e \u043f\u043e\u043b\u044c\u0437\u043e\u0432\u0430\u0442\u0435\u043b\u044f:<\/h5>\n<ol start=\"1\">\n<li><strong>\u041d\u0430\u0439\u0434\u0438\u0442\u0435 \u0443\u0434\u043e\u0431\u043d\u043e\u0435 \u043f\u043e\u043b\u043e\u0436\u0435\u043d\u0438\u0435:<\/strong> \u0421\u0442\u043e\u044f \u0438\u043b\u0438 \u0441\u0442\u043e\u044f \u043d\u0430 \u043a\u043e\u043b\u0435\u043d\u044f\u0445.<\/li>\n<li><strong>\u0418\u0437\u0433\u0438\u0431 \u0447\u0430\u0448\u043a\u0438:<\/strong> \u0421\u043e\u0433\u043d\u0438\u0442\u0435 \u043c\u0435\u043d\u0441\u0442\u0440\u0443\u0430\u043b\u044c\u043d\u0443\u044e \u0447\u0430\u0448\u0443 \u043e\u0434\u0438\u043d \u0440\u0430\u0437, \u0437\u0430\u0442\u0435\u043c \u0435\u0449\u0435 \u043e\u0434\u0438\u043d \u0440\u0430\u0437.<\/li>\n<li><strong>\u0412\u0441\u0442\u0430\u0432\u044c\u0442\u0435 \u0447\u0430\u0448\u043a\u0443:<\/strong> \u0412\u043e\u0437\u044c\u043c\u0438\u0442\u0435 \u0438\u0437\u043e\u0433\u043d\u0443\u0442\u0443\u044e \u0447\u0430\u0448\u0443 \u0431\u043e\u043b\u044c\u0448\u0438\u043c \u0438 \u0443\u043a\u0430\u0437\u0430\u0442\u0435\u043b\u044c\u043d\u044b\u043c \u043f\u0430\u043b\u044c\u0446\u0430\u043c\u0438 \u0438 \u0432\u0432\u0435\u0434\u0438\u0442\u0435 \u0438\u0437\u043e\u0433\u043d\u0443\u0442\u044b\u0439 \u043a\u0440\u0430\u0439 \u0432\u043e \u0432\u043b\u0430\u0433\u0430\u043b\u0438\u0449\u0435. \u041d\u0435\u0442 \u043d\u0435\u043e\u0431\u0445\u043e\u0434\u0438\u043c\u043e\u0441\u0442\u0438 \u0432\u0432\u043e\u0434\u0438\u0442\u044c \u0435\u0433\u043e \u0433\u043b\u0443\u0431\u043e\u043a\u043e, \u043c\u044b\u0448\u0446\u044b \u0432\u043b\u0430\u0433\u0430\u043b\u0438\u0449\u0430 \u0443\u0434\u0435\u0440\u0436\u0430\u0442 \u0435\u0433\u043e \u043d\u0430 \u043c\u0435\u0441\u0442\u0435.<\/li>\n<li><strong>\u041e\u0431\u0435\u0441\u043f\u0435\u0447\u0435\u043d\u0438\u0435 \u043e\u0442\u043a\u0440\u044b\u0442\u0438\u044f:<\/strong> \u0421\u043e\u0436\u043c\u0438\u0442\u0435 \u043e\u0441\u043d\u043e\u0432\u0430\u043d\u0438\u0435 \u0447\u0430\u0448\u043a\u0438 \u0438 \u043f\u043e\u0432\u0435\u0440\u043d\u0438\u0442\u0435 \u0435\u0435 \u043e\u0434\u0438\u043d \u0440\u0430\u0437, \u0447\u0442\u043e\u0431\u044b \u0443\u0431\u0435\u0434\u0438\u0442\u044c\u0441\u044f, \u0447\u0442\u043e \u043e\u043d\u0430 \u043f\u043e\u043b\u043d\u043e\u0441\u0442\u044c\u044e \u043e\u0442\u043a\u0440\u044b\u043b\u0430\u0441\u044c.<\/li>\n<\/ol>\n<h5>\u041c\u0435\u0440\u044b \u043f\u0440\u0435\u0434\u043e\u0441\u0442\u043e\u0440\u043e\u0436\u043d\u043e\u0441\u0442\u0438:<\/h5>\n<ul>\n<li><strong>\u041d\u0435 \u0440\u0435\u043a\u043e\u043c\u0435\u043d\u0434\u0443\u0435\u0442\u0441\u044f:<\/strong> \u0416\u0435\u043d\u0449\u0438\u043d\u044b \u0441 \u0432\u0430\u0433\u0438\u043d\u0430\u043b\u044c\u043d\u044b\u043c\u0438 \u0437\u0430\u0431\u043e\u043b\u0435\u0432\u0430\u043d\u0438\u044f\u043c\u0438 \u0438 \u043c\u043e\u043b\u043e\u0434\u044b\u0435 \u0434\u0435\u0432\u0441\u0442\u0432\u0435\u043d\u043d\u0438\u0446\u044b \u0438\u0437-\u0437\u0430 \u0440\u0438\u0441\u043a\u0430 \u0440\u0430\u0437\u0440\u044b\u0432\u0430 \u0434\u0435\u0432\u0441\u0442\u0432\u0435\u043d\u043d\u043e\u0439 \u043f\u043b\u0435\u0432\u044b.<\/li>\n<li><strong>\u041e\u0431\u0441\u043b\u0443\u0436\u0438\u0432\u0430\u043d\u0438\u0435:<\/strong> \u0421\u0442\u0435\u0440\u0438\u043b\u0438\u0437\u0443\u0439\u0442\u0435 \u0447\u0430\u0448\u0443 \u043c\u0435\u0436\u0434\u0443 \u0446\u0438\u043a\u043b\u0430\u043c\u0438 \u0438\u043b\u0438 \u043f\u0435\u0440\u0435\u0434 \u043f\u0435\u0440\u0432\u044b\u043c \u0438\u0441\u043f\u043e\u043b\u044c\u0437\u043e\u0432\u0430\u043d\u0438\u0435\u043c. \u041f\u043e\u0441\u043b\u0435 \u0446\u0438\u043a\u043b\u0430 \u0445\u0440\u0430\u043d\u0438\u0442\u044c \u0432 \u0441\u0443\u0445\u043e\u043c \u043c\u0435\u0441\u0442\u0435 \u0432 \u0445\u043b\u043e\u043f\u0447\u0430\u0442\u043e\u0431\u0443\u043c\u0430\u0436\u043d\u043e\u043c \u043c\u0435\u0448\u043e\u0447\u043a\u0435.<\/li>\n<\/ul>\n<h5>\u0421\u043e\u0434\u0435\u0440\u0436\u0430\u043d\u0438\u0435:<\/h5>\n<ul>\n<li>\u0422\u0435\u043b\u043e \u043f\u0440\u043e\u0434\u0443\u043a\u0442\u0430<\/li>\n<li>\u041f\u043b\u0430\u0441\u0442\u0438\u043a\u043e\u0432\u0430\u044f \u043a\u043e\u0440\u043e\u0431\u043a\u0430 \u0438 \u0441\u0443\u043c\u043a\u0430 \u0434\u043b\u044f \u0445\u0440\u0430\u043d\u0435\u043d\u0438\u044f<\/li>\n<li>\u0420\u0443\u043a\u043e\u0432\u043e\u0434\u0441\u0442\u0432\u043e \u043f\u043e\u043b\u044c\u0437\u043e\u0432\u0430\u0442\u0435\u043b\u044f<\/li>\n<\/ul>\n<h5>\u0442\u0435\u0433\u0438:<\/h5>\n<p>Cupa Menstruala,\u00a0 \u00a0Igien\u0103 Feminina,\u00a0 Menstrua\u021bie,\u00a0 Economie,\u00a0 Confort,\u00a0 Sterilizare,\u00a0 S\u0103n\u0103tate Vaginal\u0103<\/p>","protected":false},"excerpt":{"rendered":"<p>Cupa pentru Ciclu Menstrual Un dispozitiv \u00een form\u0103 de clopo\u021bel care se poart\u0103 \u00een interiorul vaginului \u00een timpul menstrua\u021biei, av\u00e2nd<\/p>","protected":false},"featured_media":2833,"comment_status":"open","ping_status":"closed","template":"","meta":{"_acf_changed":false},"product_brand":[],"product_cat":[113,102],"product_tag":[],"class_list":{"0":"post-9129","1":"product","2":"type-product","3":"status-publish","4":"has-post-thumbnail","6":"product_cat-bio-cosmetica","7":"product_cat-diverse","9":"first","10":"outofstock","11":"shipping-taxable","12":"purchasable","13":"product-type-simple"},"acf":[],"_links":{"self":[{"href":"https:\/\/biomed.md\/ru\/wp-json\/wp\/v2\/product\/9129","targetHints":{"allow":["GET"]}}],"collection":[{"href":"https:\/\/biomed.md\/ru\/wp-json\/wp\/v2\/product"}],"about":[{"href":"https:\/\/biomed.md\/ru\/wp-json\/wp\/v2\/types\/product"}],"replies":[{"embeddable":true,"href":"https:\/\/biomed.md\/ru\/wp-json\/wp\/v2\/comments?post=9129"}],"version-history":[{"count":5,"href":"https:\/\/biomed.md\/ru\/wp-json\/wp\/v2\/product\/9129\/revisions"}],"predecessor-version":[{"id":16338,"href":"https:\/\/biomed.md\/ru\/wp-json\/wp\/v2\/product\/9129\/revisions\/16338"}],"wp:featuredmedia":[{"embeddable":true,"href":"https:\/\/biomed.md\/ru\/wp-json\/wp\/v2\/media\/2833"}],"wp:attachment":[{"href":"https:\/\/biomed.md\/ru\/wp-json\/wp\/v2\/media?parent=9129"}],"wp:term":[{"taxonomy":"product_brand","embeddable":true,"href":"https:\/\/biomed.md\/ru\/wp-json\/wp\/v2\/product_brand?post=9129"},{"taxonomy":"product_cat","embeddable":true,"href":"https:\/\/biomed.md\/ru\/wp-json\/wp\/v2\/product_cat?post=9129"},{"taxonomy":"product_tag","embeddable":true,"href":"https:\/\/biomed.md\/ru\/wp-json\/wp\/v2\/product_tag?post=9129"}],"curies":[{"name":"wp","href":"https:\/\/api.w.org\/{rel}","templated":true}]}}