{"id":9014,"date":"2024-12-16T20:30:09","date_gmt":"2024-12-16T20:30:09","guid":{"rendered":"https:\/\/new.biomed.md\/?post_type=product&#038;p=9014"},"modified":"2026-03-26T13:04:57","modified_gmt":"2026-03-26T13:04:57","slug":"fulgi-de-drojdie-inactiva-uscata","status":"publish","type":"product","link":"https:\/\/biomed.md\/ru\/product\/fulgi-de-drojdie-inactiva-uscata\/","title":{"rendered":"\u041d\u0435\u0430\u043a\u0442\u0438\u0432\u043d\u044b\u0435 \u0441\u0443\u0445\u0438\u0435 \u0434\u0440\u043e\u0436\u0436\u0438"},"content":{"rendered":"<h5>\u041d\u0435\u0430\u043a\u0442\u0438\u0432\u043d\u044b\u0435 \u0441\u0443\u0445\u0438\u0435 \u0434\u0440\u043e\u0436\u0436\u0438<\/h5>\n<p>\u041d\u0435\u0430\u043a\u0442\u0438\u0432\u043d\u044b\u0435 \u0434\u0440\u043e\u0436\u0436\u0438 \u043d\u0430\u0437\u044b\u0432\u0430\u044e\u0442 \u00ab\u0432\u0435\u0433\u0435\u0442\u0430\u0440\u0438\u0430\u043d\u0441\u043a\u0438\u043c \u0431\u0435\u043b\u043a\u043e\u043c\u00bb, \u043f\u043e\u0442\u043e\u043c\u0443 \u0447\u0442\u043e \u043e\u043d\u0438 \u044f\u0432\u043b\u044f\u044e\u0442\u0441\u044f \u0431\u043e\u0433\u0430\u0442\u044b\u043c \u0438\u0441\u0442\u043e\u0447\u043d\u0438\u043a\u043e\u043c \u043f\u043e\u043b\u043d\u043e\u0446\u0435\u043d\u043d\u044b\u0445 \u0431\u0435\u043b\u043a\u043e\u0432, \u0441\u043e\u0434\u0435\u0440\u0436\u0430\u0449\u0438\u0445 \u0431\u043e\u043b\u0435\u0435 55% \u043a\u0430\u0447\u0435\u0441\u0442\u0432\u0435\u043d\u043d\u044b\u0445 \u0431\u0435\u043b\u043a\u043e\u0432. \u0414\u0440\u043e\u0436\u0436\u0435\u0432\u044b\u0435 \u0445\u043b\u043e\u043f\u044c\u044f \u043f\u043e \u0441\u043e\u0434\u0435\u0440\u0436\u0430\u043d\u0438\u044e 18 \u0430\u043c\u0438\u043d\u043e\u043a\u0438\u0441\u043b\u043e\u0442 \u043e\u0442\u043d\u043e\u0441\u044f\u0442\u0441\u044f \u043a \u043a\u0430\u0442\u0435\u0433\u043e\u0440\u0438\u0438 \u0441\u043b\u043e\u0436\u043d\u044b\u0445 \u0431\u0435\u043b\u043a\u043e\u0432 \u0438, \u043a\u0440\u043e\u043c\u0435 \u0442\u043e\u0433\u043e, \u0441\u043e\u0434\u0435\u0440\u0436\u0430\u0442 \u0435\u0449\u0435 15 \u043d\u0435\u0437\u0430\u043c\u0435\u043d\u0438\u043c\u044b\u0445 \u043c\u0438\u043d\u0435\u0440\u0430\u043b\u043e\u0432.<\/p>\n<h5>\u0425\u0430\u0440\u0430\u043a\u0442\u0435\u0440\u0438\u0441\u0442\u0438\u043a\u0438:<\/h5>\n<ul>\n<li><strong>\u041e\u0441\u043d\u043e\u0432\u043d\u044b\u0435 \u043c\u0438\u043d\u0435\u0440\u0430\u043b\u044b:<\/strong> \u0414\u0440\u043e\u0436\u0436\u0435\u0432\u044b\u0435 \u0445\u043b\u043e\u043f\u044c\u044f \u0441\u043e\u0434\u0435\u0440\u0436\u0430\u0442 \u043c\u0438\u043a\u0440\u043e\u044d\u043b\u0435\u043c\u0435\u043d\u0442 \u0445\u0440\u043e\u043c, \u0438\u0437\u0432\u0435\u0441\u0442\u043d\u044b\u0439 \u043a\u0430\u043a \u0444\u0430\u043a\u0442\u043e\u0440 \u0442\u043e\u043b\u0435\u0440\u0430\u043d\u0442\u043d\u043e\u0441\u0442\u0438 \u043a \u0433\u043b\u044e\u043a\u043e\u0437\u0435. \u041e\u043d \u043e\u0442\u0432\u0435\u0447\u0430\u0435\u0442 \u0437\u0430 \u0440\u0435\u0433\u0443\u043b\u0438\u0440\u043e\u0432\u0430\u043d\u0438\u0435 \u043a\u043e\u043b\u0435\u0431\u0430\u043d\u0438\u0439 \u0443\u0440\u043e\u0432\u043d\u044f \u0433\u043b\u044e\u043a\u043e\u0437\u044b \u0432 \u043a\u0440\u043e\u0432\u0438 \u0443 \u0434\u0438\u0430\u0431\u0435\u0442\u0438\u043a\u043e\u0432 \u0438 \u043b\u044e\u0434\u0435\u0439 \u0441 \u043d\u0438\u0437\u043a\u0438\u043c \u043a\u0440\u043e\u0432\u044f\u043d\u044b\u043c \u0434\u0430\u0432\u043b\u0435\u043d\u0438\u0435\u043c. \u0414\u0440\u0443\u0433\u0438\u043c\u0438 \u044d\u043b\u0435\u043c\u0435\u043d\u0442\u0430\u043c\u0438, \u043a\u043e\u0442\u043e\u0440\u044b\u043c\u0438 \u0431\u043e\u0433\u0430\u0442\u044b \u0434\u0440\u043e\u0436\u0436\u0435\u0432\u044b\u0435 \u0445\u043b\u043e\u043f\u044c\u044f, \u044f\u0432\u043b\u044f\u044e\u0442\u0441\u044f: \u043c\u0430\u0433\u043d\u0438\u0439, \u043c\u0435\u0434\u044c, \u0432\u0430\u043d\u0430\u0434\u0438\u0439, \u043c\u043e\u043b\u0438\u0431\u0434\u0435\u043d \u0438 \u043b\u0438\u0442\u0438\u0439.<\/li>\n<li><strong>\u0411\u0435\u043b\u043a\u0438:<\/strong> \u0414\u0440\u043e\u0436\u0436\u0435\u0432\u044b\u0435 \u0445\u043b\u043e\u043f\u044c\u044f \u0431\u043e\u0433\u0430\u0442\u044b \u0431\u0435\u043b\u043a\u043e\u043c, \u0441\u043e\u0434\u0435\u0440\u0436\u0430\u0442 43,7 \u0433 \u0431\u0435\u043b\u043a\u0430 \u043d\u0430 100 \u0433 \u043f\u0440\u043e\u0434\u0443\u043a\u0442\u0430.<\/li>\n<li><strong>\u0412\u0438\u0442\u0430\u043c\u0438\u043d\u044b \u0438 \u043c\u0438\u043d\u0435\u0440\u0430\u043b\u044b:<\/strong> \u041e\u043d\u0438 \u0441\u043e\u0434\u0435\u0440\u0436\u0430\u0442 \u043a\u043e\u043c\u043f\u043b\u0435\u043a\u0441 \u0432\u0438\u0442\u0430\u043c\u0438\u043d\u043e\u0432 \u0433\u0440\u0443\u043f\u043f\u044b \u0412, \u0432\u0438\u0442\u0430\u043c\u0438\u043d\u0430 \u0415, \u043c\u0438\u043d\u0435\u0440\u0430\u043b\u043e\u0432, \u0431\u0435\u043b\u043a\u043e\u0432 \u0438 \u0430\u043c\u0438\u043d\u043e\u043a\u0438\u0441\u043b\u043e\u0442.<\/li>\n<\/ul>\n<h5>\u0418\u0441\u043f\u043e\u043b\u044c\u0437\u043e\u0432\u0430\u0442\u044c:<\/h5>\n<ul>\n<li><strong>\u0412 \u0435\u0434\u0435:<\/strong> \u0418\u0445 \u043c\u043e\u0436\u043d\u043e \u043f\u043e\u0441\u044b\u043f\u0430\u0442\u044c \u0441\u0430\u043b\u0430\u0442\u0430\u043c\u0438, \u0441\u0430\u043b\u0430\u0442\u0430\u043c\u0438 \u0438\u0437 \u0440\u043e\u0441\u0442\u043a\u043e\u0432 \u0438 \u0440\u0430\u0441\u0441\u0430\u0434\u044b, \u0438\u043c\u0435\u044f \u0432\u043e\u0441\u0445\u0438\u0442\u0438\u0442\u0435\u043b\u044c\u043d\u044b\u0439 \u0432\u043a\u0443\u0441 \u043d\u0435\u0436\u043d\u0435\u0439\u0448\u0435\u0433\u043e \u0441\u044b\u0440\u0430. \u041f\u043e\u0442\u0440\u0435\u0431\u043b\u0435\u043d\u0438\u0435 \u0440\u0435\u043a\u043e\u043c\u0435\u043d\u0434\u0443\u0435\u0442\u0441\u044f \u0431\u044b\u0442\u044c \u0443\u043c\u0435\u0440\u0435\u043d\u043d\u044b\u043c, \u043f\u043e\u0441\u043a\u043e\u043b\u044c\u043a\u0443 \u0443\u043f\u043e\u0442\u0440\u0435\u0431\u043b\u0435\u043d\u0438\u0435 \u0432 \u0438\u0437\u0431\u044b\u0442\u043a\u0435 \u043c\u043e\u0436\u0435\u0442 \u0432\u044b\u0437\u0432\u0430\u0442\u044c \u0430\u043b\u043b\u0435\u0440\u0433\u0438\u044e \u0438\u043b\u0438 \u043f\u0440\u043e\u0431\u043b\u0435\u043c\u044b \u0441 \u043f\u0438\u0449\u0435\u0432\u0430\u0440\u0435\u043d\u0438\u0435\u043c.<\/li>\n<li><strong>\u0423\u043b\u0443\u0447\u0448\u0435\u043d\u0438\u0435 \u043f\u0438\u0449\u0435\u0432\u043e\u0439 \u0446\u0435\u043d\u043d\u043e\u0441\u0442\u0438 \u0438 \u0432\u043a\u0443\u0441\u0430 \u043f\u0440\u043e\u0434\u0443\u043a\u0442\u043e\u0432:<\/strong> \u0414\u0440\u043e\u0436\u0436\u0435\u0432\u044b\u0435 \u0445\u043b\u043e\u043f\u044c\u044f \u0438\u0441\u043f\u043e\u043b\u044c\u0437\u0443\u044e\u0442\u0441\u044f \u043a\u0430\u043a \u0441\u0432\u044f\u0437\u0443\u044e\u0449\u0435\u0435 \u0432\u0435\u0449\u0435\u0441\u0442\u0432\u043e, \u043a\u0430\u043a \u0437\u0430\u043c\u0435\u043d\u0438\u0442\u0435\u043b\u044c \u044f\u0438\u0446, \u0432 \u043f\u0430\u043d\u0438\u0440\u043e\u0432\u043e\u0447\u043d\u044b\u0445 \u0441\u0443\u0445\u0430\u0440\u044f\u0445, \u0434\u0440\u0430\u0431\u0430\u0445 \u0438 \u0434\u0440\u0443\u0433\u0438\u0445 \u043f\u0440\u043e\u0434\u0443\u043a\u0442\u0430\u0445.<\/li>\n<li><strong>\u0418\u043d\u0433\u0440\u0435\u0434\u0438\u0435\u043d\u0442\u044b \u0432\u0435\u0433\u0430\u043d\u0441\u043a\u0438\u0445 \u0440\u0435\u0446\u0435\u043f\u0442\u043e\u0432:<\/strong> \u0414\u0440\u043e\u0436\u0436\u0435\u0432\u044b\u0435 \u0445\u043b\u043e\u043f\u044c\u044f \u0438\u0441\u043f\u043e\u043b\u044c\u0437\u0443\u044e\u0442\u0441\u044f \u0432 \u0440\u0430\u0437\u043b\u0438\u0447\u043d\u044b\u0445 \u0432\u0435\u0433\u0430\u043d\u0441\u043a\u0438\u0445 \u0440\u0435\u0446\u0435\u043f\u0442\u0430\u0445 \u0434\u043b\u044f \u043f\u0440\u0438\u0434\u0430\u043d\u0438\u044f \u0432\u043a\u0443\u0441\u0430 \u0438 \u043f\u0438\u0449\u0435\u0432\u043e\u0439 \u0446\u0435\u043d\u043d\u043e\u0441\u0442\u0438.<\/li>\n<li><strong>\u041c\u043e\u043b\u043e\u0447\u043d\u044b\u0435 \u0430\u043b\u044c\u0442\u0435\u0440\u043d\u0430\u0442\u0438\u0432\u044b:<\/strong> \u0418\u0445 \u043c\u043e\u0436\u043d\u043e \u0438\u0441\u043f\u043e\u043b\u044c\u0437\u043e\u0432\u0430\u0442\u044c \u0434\u043b\u044f \u043f\u0440\u0438\u0434\u0430\u043d\u0438\u044f \u0441\u044b\u0440\u043d\u043e\u0433\u043e \u0432\u043a\u0443\u0441\u0430 \u0431\u0435\u0437\u043c\u043e\u043b\u043e\u0447\u043d\u044b\u043c \u0440\u0435\u0446\u0435\u043f\u0442\u0430\u043c, \u0442\u0430\u043a\u0438\u043c \u043a\u0430\u043a \u0441\u043e\u0443\u0441\u044b, \u0441\u0443\u043f\u044b \u0438 \u043f\u0430\u0441\u0442\u044b.<\/li>\n<li><strong>\u0417\u0434\u043e\u0440\u043e\u0432\u044b\u0439 \u043f\u0435\u0440\u0435\u043a\u0443\u0441:<\/strong> \u041f\u043e\u0441\u044b\u043f\u044c\u0442\u0435 \u043f\u043e\u043f\u043a\u043e\u0440\u043d \u0434\u0440\u043e\u0436\u0436\u0435\u0432\u044b\u043c\u0438 \u0445\u043b\u043e\u043f\u044c\u044f\u043c\u0438, \u0447\u0442\u043e\u0431\u044b \u043f\u043e\u043b\u0443\u0447\u0438\u0442\u044c \u0437\u0434\u043e\u0440\u043e\u0432\u0443\u044e \u0438 \u0432\u043a\u0443\u0441\u043d\u0443\u044e \u0437\u0430\u043a\u0443\u0441\u043a\u0443.<\/li>\n<\/ul>\n<h5>\u041f\u043e\u043b\u044c\u0437\u0430 \u0434\u043b\u044f \u043e\u0440\u0433\u0430\u043d\u0438\u0437\u043c\u0430:<\/h5>\n<ul>\n<li><strong>\u0420\u0435\u0433\u0443\u043b\u044f\u0446\u0438\u044f \u0443\u0440\u043e\u0432\u043d\u044f \u0433\u043b\u044e\u043a\u043e\u0437\u044b \u0438 \u0430\u0440\u0442\u0435\u0440\u0438\u0430\u043b\u044c\u043d\u043e\u0433\u043e \u0434\u0430\u0432\u043b\u0435\u043d\u0438\u044f:<\/strong> \u0411\u043b\u0430\u0433\u043e\u0434\u0430\u0440\u044f \u0441\u043e\u0434\u0435\u0440\u0436\u0430\u043d\u0438\u044e \u0445\u0440\u043e\u043c\u0430 \u0434\u0440\u043e\u0436\u0436\u0435\u0432\u044b\u0435 \u0445\u043b\u043e\u043f\u044c\u044f \u043f\u043e\u043c\u043e\u0433\u0430\u044e\u0442 \u0440\u0435\u0433\u0443\u043b\u0438\u0440\u043e\u0432\u0430\u0442\u044c \u0443\u0440\u043e\u0432\u0435\u043d\u044c \u0433\u043b\u044e\u043a\u043e\u0437\u044b \u0432 \u043a\u0440\u043e\u0432\u0438 \u0438 \u043a\u0440\u043e\u0432\u044f\u043d\u043e\u0435 \u0434\u0430\u0432\u043b\u0435\u043d\u0438\u0435.<\/li>\n<li><strong>\u041f\u0438\u0449\u0435\u0432\u0430\u044f \u0434\u043e\u0431\u0430\u0432\u043a\u0430, \u0431\u043e\u0433\u0430\u0442\u0430\u044f \u0432\u0438\u0442\u0430\u043c\u0438\u043d\u0430\u043c\u0438 \u0438 \u043c\u0438\u043d\u0435\u0440\u0430\u043b\u0430\u043c\u0438:<\/strong> \u041e\u043d\u0438 \u0441\u043e\u0434\u0435\u0440\u0436\u0430\u0442 \u0432\u0438\u0442\u0430\u043c\u0438\u043d\u044b \u0433\u0440\u0443\u043f\u043f\u044b B, \u0432\u0438\u0442\u0430\u043c\u0438\u043d E \u0438 \u043d\u0435\u043e\u0431\u0445\u043e\u0434\u0438\u043c\u044b\u0435 \u043c\u0438\u043d\u0435\u0440\u0430\u043b\u044b.<\/li>\n<li><strong>\u0418\u0441\u0442\u043e\u0447\u043d\u0438\u043a \u0431\u0435\u043b\u043a\u0430:<\/strong> \u0412\u044b\u0441\u043e\u043a\u043e\u0435 \u0441\u043e\u0434\u0435\u0440\u0436\u0430\u043d\u0438\u0435 \u0431\u0435\u043b\u043a\u0430 \u0434\u0435\u043b\u0430\u0435\u0442 \u0434\u0440\u043e\u0436\u0436\u0435\u0432\u044b\u0435 \u0445\u043b\u043e\u043f\u044c\u044f \u043e\u0442\u043b\u0438\u0447\u043d\u044b\u043c \u0438\u0441\u0442\u043e\u0447\u043d\u0438\u043a\u043e\u043c \u0431\u0435\u043b\u043a\u0430 \u0434\u043b\u044f \u0432\u0435\u0433\u0435\u0442\u0430\u0440\u0438\u0430\u043d\u0446\u0435\u0432 \u0438 \u0432\u0435\u0433\u0430\u043d\u043e\u0432.<\/li>\n<li><strong>\u0423\u043b\u0443\u0447\u0448\u0435\u043d\u0438\u0435 \u043f\u0438\u0449\u0435\u0432\u0430\u0440\u0435\u043d\u0438\u044f:<\/strong> \u0414\u0440\u043e\u0436\u0436\u0435\u0432\u044b\u0435 \u0445\u043b\u043e\u043f\u044c\u044f \u0441\u043e\u0434\u0435\u0440\u0436\u0430\u0442 \u043a\u043b\u0435\u0442\u0447\u0430\u0442\u043a\u0443, \u043a\u043e\u0442\u043e\u0440\u0430\u044f \u043f\u043e\u043c\u043e\u0433\u0430\u0435\u0442 \u0440\u0435\u0433\u0443\u043b\u0438\u0440\u043e\u0432\u0430\u0442\u044c \u043a\u0438\u0448\u0435\u0447\u043d\u044b\u0439 \u0442\u0440\u0430\u043d\u0437\u0438\u0442 \u0438 \u0443\u043b\u0443\u0447\u0448\u0430\u0435\u0442 \u043f\u0438\u0449\u0435\u0432\u0430\u0440\u0435\u043d\u0438\u0435.<\/li>\n<li><strong>\u0423\u043b\u0443\u0447\u0448\u0435\u043d\u0438\u0435 \u0441\u0430\u043c\u043e\u0447\u0443\u0432\u0441\u0442\u0432\u0438\u044f:<\/strong> \u0421\u043e\u0434\u0435\u0440\u0436\u0430\u043d\u0438\u0435 \u0432\u0438\u0442\u0430\u043c\u0438\u043d\u043e\u0432 \u0433\u0440\u0443\u043f\u043f\u044b B \u0441\u043f\u043e\u0441\u043e\u0431\u0441\u0442\u0432\u0443\u0435\u0442 \u043d\u043e\u0440\u043c\u0430\u043b\u044c\u043d\u043e\u043c\u0443 \u0444\u0443\u043d\u043a\u0446\u0438\u043e\u043d\u0438\u0440\u043e\u0432\u0430\u043d\u0438\u044e \u043d\u0435\u0440\u0432\u043d\u043e\u0439 \u0441\u0438\u0441\u0442\u0435\u043c\u044b \u0438 \u0441\u043d\u0438\u0436\u0435\u043d\u0438\u044e \u0443\u0442\u043e\u043c\u043b\u044f\u0435\u043c\u043e\u0441\u0442\u0438.<\/li>\n<\/ul>\n<h5>\u0414\u0435\u043a\u043b\u0430\u0440\u0430\u0446\u0438\u044f \u043f\u0438\u0449\u0435\u0432\u043e\u0439 \u0446\u0435\u043d\u043d\u043e\u0441\u0442\u0438 \u043d\u0430 100 \u0433 \u043f\u0440\u043e\u0434\u0443\u043a\u0442\u0430 (\u0441\u0440\u0435\u0434\u043d\u0438\u0435 \u0437\u043d\u0430\u0447\u0435\u043d\u0438\u044f):<\/h5>\n<ul>\n<li><strong>\u042d\u043d\u0435\u0440\u0433\u0435\u0442\u0438\u0447\u0435\u0441\u043a\u0430\u044f \u0446\u0435\u043d\u043d\u043e\u0441\u0442\u044c:<\/strong> 1025 \u043a\u0414\u0436\/245 \u043a\u043a\u0430\u043b<\/li>\n<li><strong>\u0416\u0438\u0440\u044b:<\/strong> 4 \u0433 (\u0438\u0437 \u043d\u0438\u0445 \u043d\u0430\u0441\u044b\u0449\u0435\u043d\u043d\u044b\u0435 \u0436\u0438\u0440\u043d\u044b\u0435 \u043a\u0438\u0441\u043b\u043e\u0442\u044b 0,2 \u0433)<\/li>\n<li><strong>\u0423\u0433\u043b\u0435\u0432\u043e\u0434\u044b:<\/strong> 34 \u0433 (\u0438\u0437 \u043d\u0438\u0445 \u0441\u0430\u0445\u0430\u0440\u0430 2,2 \u0433)<\/li>\n<li><strong>\u0411\u0435\u043b\u043a\u0438:<\/strong> 43,7 \u0433<\/li>\n<li><strong>\u0412\u0438\u0442\u0430\u043c\u0438\u043d \u04121:<\/strong> 3,7 \u043c\u0433 (264% \u0414\u0417\u0420)<\/li>\n<li><strong>\u0412\u0438\u0442\u0430\u043c\u0438\u043d \u04122:<\/strong> 0,35 \u043c\u0433 (221% \u0414\u0417\u0420)<\/li>\n<li><strong>\u0412\u0438\u0442\u0430\u043c\u0438\u043d \u04125:<\/strong> 0,45 \u043c\u0433 (7,51% \u0414\u0417\u0420)<\/li>\n<li><strong>\u0412\u0438\u0442\u0430\u043c\u0438\u043d \u04126:<\/strong> 0,18 \u043c\u0433 (91% \u0414\u0417\u0420)<\/li>\n<li><strong>\u0412\u0438\u0442\u0430\u043c\u0438\u043d \u041212:<\/strong> 0,015 \u043c\u0433 (1,51% \u0414\u0417\u0420)<\/li>\n<li><strong>\u0412\u0438\u0442\u0430\u043c\u0438\u043d \u0420\u0420:<\/strong> 1,45 \u043c\u0433 (8% \u0414\u0417\u0420)<\/li>\n<li><strong>\u0424\u043e\u0441\u0444\u043e\u0440:<\/strong> 90 \u043c\u0433 (11.25% \u0414\u0417\u0420)<\/li>\n<li><strong>\u041c\u0430\u0433\u043d\u0438\u0439:<\/strong> 10 \u043c\u0433 (3,31% \u0414\u0417\u0420)<\/li>\n<li><strong>\u0426\u0438\u043d\u043a:<\/strong> 0,35 \u043c\u0433 (2,331% \u0414\u0417\u0420)<\/li>\n<li><strong>\u0416\u0435\u043b\u0435\u0437\u043e:<\/strong> 0,25 \u043c\u0433 (1,81% \u0414\u0417\u0420)<\/li>\n<\/ul>\n<h5>\u041a\u043b\u044e\u0447\u0435\u0432\u044b\u0435 \u0441\u043b\u043e\u0432\u0430:<\/h5>\n<p>Fulgi De Drojdie Inactiv\u0103,\u00a0 Proteine Vegetariene,\u00a0 Surs\u0103 De vitamine,\u00a0 Vitamine \u0218i Minerale,\u00a0 Reglarea Glucozei,\u00a0 Complexul De Vitamine B,\u00a0 Diete Vegane,\u00a0 Gust De Br\u00e2nz\u0103,\u00a0 Alternative La Lactate<\/p>","protected":false},"excerpt":{"rendered":"<p>Fulgi de Drojdie Inactiva Uscata Drojdia inactiv\u0103 este numit\u0103 \u201cproteina vegetarienilor\u201d, deoarece este o surs\u0103 bogat\u0103 de proteine complete, av\u00e2nd<\/p>","protected":false},"featured_media":16160,"comment_status":"open","ping_status":"closed","template":"","meta":{"_acf_changed":false},"product_brand":[],"product_cat":[117],"product_tag":[],"class_list":{"0":"post-9014","1":"product","2":"type-product","3":"status-publish","4":"has-post-thumbnail","6":"product_cat-condimente-si-fainuri-bio","8":"first","9":"instock","10":"shipping-taxable","11":"purchasable","12":"product-type-variable"},"acf":[],"_links":{"self":[{"href":"https:\/\/biomed.md\/ru\/wp-json\/wp\/v2\/product\/9014","targetHints":{"allow":["GET"]}}],"collection":[{"href":"https:\/\/biomed.md\/ru\/wp-json\/wp\/v2\/product"}],"about":[{"href":"https:\/\/biomed.md\/ru\/wp-json\/wp\/v2\/types\/product"}],"replies":[{"embeddable":true,"href":"https:\/\/biomed.md\/ru\/wp-json\/wp\/v2\/comments?post=9014"}],"version-history":[{"count":5,"href":"https:\/\/biomed.md\/ru\/wp-json\/wp\/v2\/product\/9014\/revisions"}],"predecessor-version":[{"id":16161,"href":"https:\/\/biomed.md\/ru\/wp-json\/wp\/v2\/product\/9014\/revisions\/16161"}],"wp:featuredmedia":[{"embeddable":true,"href":"https:\/\/biomed.md\/ru\/wp-json\/wp\/v2\/media\/16160"}],"wp:attachment":[{"href":"https:\/\/biomed.md\/ru\/wp-json\/wp\/v2\/media?parent=9014"}],"wp:term":[{"taxonomy":"product_brand","embeddable":true,"href":"https:\/\/biomed.md\/ru\/wp-json\/wp\/v2\/product_brand?post=9014"},{"taxonomy":"product_cat","embeddable":true,"href":"https:\/\/biomed.md\/ru\/wp-json\/wp\/v2\/product_cat?post=9014"},{"taxonomy":"product_tag","embeddable":true,"href":"https:\/\/biomed.md\/ru\/wp-json\/wp\/v2\/product_tag?post=9014"}],"curies":[{"name":"wp","href":"https:\/\/api.w.org\/{rel}","templated":true}]}}