{"id":8997,"date":"2024-12-16T20:30:08","date_gmt":"2024-12-16T20:30:08","guid":{"rendered":"https:\/\/new.biomed.md\/?post_type=product&#038;p=8997"},"modified":"2025-12-24T13:49:09","modified_gmt":"2025-12-24T13:49:09","slug":"incalzitor-cu-bricheta-pentru-auto","status":"publish","type":"product","link":"https:\/\/biomed.md\/ru\/product\/incalzitor-cu-bricheta-pentru-auto\/","title":{"rendered":"\u0410\u0432\u0442\u043e\u043c\u043e\u0431\u0438\u043b\u044c\u043d\u044b\u0439 \u043e\u0431\u043e\u0433\u0440\u0435\u0432\u0430\u0442\u0435\u043b\u044c \u0434\u043b\u044f \u0431\u0443\u0442\u044b\u043b\u043e\u0447\u0435\u043a \u043e\u0442 \u043f\u0440\u0438\u043a\u0443\u0440\u0438\u0432\u0430\u0442\u0435\u043b\u044f"},"content":{"rendered":"<h5>\u0410\u0432\u0442\u043e\u043c\u043e\u0431\u0438\u043b\u044c\u043d\u044b\u0439 \u043e\u0431\u043e\u0433\u0440\u0435\u0432\u0430\u0442\u0435\u043b\u044c \u0434\u043b\u044f \u0431\u0443\u0442\u044b\u043b\u043e\u0447\u0435\u043a \u043e\u0442 \u043f\u0440\u0438\u043a\u0443\u0440\u0438\u0432\u0430\u0442\u0435\u043b\u044f<\/h5>\n<p>\u0410\u0432\u0442\u043e\u043c\u043e\u0431\u0438\u043b\u044c\u043d\u044b\u0439 \u043e\u0431\u043e\u0433\u0440\u0435\u0432\u0430\u0442\u0435\u043b\u044c \u2013 \u043f\u0440\u0430\u043a\u0442\u0438\u0447\u043d\u043e\u0435 \u0443\u0441\u0442\u0440\u043e\u0439\u0441\u0442\u0432\u043e \u0434\u043b\u044f \u0440\u043e\u0434\u0438\u0442\u0435\u043b\u0435\u0439 \u0438 \u0442\u0435\u0445, \u043a\u0442\u043e \u043e\u0442\u043f\u0440\u0430\u0432\u043b\u044f\u0435\u0442\u0441\u044f \u043d\u0430 \u0440\u044b\u0431\u0430\u043b\u043a\u0443 \u0438\u043b\u0438 \u0432 \u043f\u0443\u0442\u0435\u0448\u0435\u0441\u0442\u0432\u0438\u0435, \u0432\u0441\u0435\u0433\u0434\u0430 \u043e\u0431\u0435\u0441\u043f\u0435\u0447\u0438\u0432\u0430\u044f \u0434\u043e\u0441\u0442\u0443\u043f \u043a \u0433\u043e\u0440\u044f\u0447\u0435\u043c\u0443 \u0447\u0430\u044e \u0438\u043b\u0438 \u0434\u0440\u0443\u0433\u0438\u043c \u043f\u043e\u0434\u043e\u0433\u0440\u0435\u0442\u044b\u043c \u043d\u0430\u043f\u0438\u0442\u043a\u0430\u043c \u0438 \u0435\u0434\u0435. \u042d\u0442\u043e \u043d\u0435\u0437\u0430\u043c\u0435\u043d\u0438\u043c\u043e\u0435 \u0443\u0441\u0442\u0440\u043e\u0439\u0441\u0442\u0432\u043e \u0432 \u043a\u0430\u0436\u0434\u043e\u043c \u0430\u0432\u0442\u043e\u043c\u043e\u0431\u0438\u043b\u0435, \u043f\u043e\u043c\u043e\u0433\u0430\u044e\u0449\u0435\u0435 \u0432 \u044d\u043a\u0441\u0442\u0440\u0435\u043d\u043d\u043e\u0439 \u0441\u0438\u0442\u0443\u0430\u0446\u0438\u0438. \u0410\u0432\u0442\u043e\u043c\u043e\u0431\u0438\u043b\u044c\u043d\u044b\u0439 \u043e\u0431\u043e\u0433\u0440\u0435\u0432\u0430\u0442\u0435\u043b\u044c \u043c\u043e\u0436\u0435\u0442 \u043d\u0430\u0433\u0440\u0435\u0432\u0430\u0442\u044c \u0431\u0443\u0442\u044b\u043b\u043e\u0447\u043a\u0438 \u0438\u043b\u0438 \u0434\u0435\u0442\u0441\u043a\u0438\u0435 \u0431\u0443\u0442\u044b\u043b\u043e\u0447\u043a\u0438 \u0440\u0430\u0437\u043d\u044b\u0445 \u0440\u0430\u0437\u043c\u0435\u0440\u043e\u0432 \u0438 \u043b\u0435\u0433\u043a\u043e \u043f\u043e\u0434\u043a\u043b\u044e\u0447\u0430\u0435\u0442\u0441\u044f \u043a \u043f\u0440\u0438\u043a\u0443\u0440\u0438\u0432\u0430\u0442\u0435\u043b\u044e \u0432 \u0430\u0432\u0442\u043e\u043c\u043e\u0431\u0438\u043b\u0435.<\/p>\n<h5>\u041e\u0441\u043e\u0431\u0435\u043d\u043d\u043e\u0441\u0442\u0438 \u0438 \u0442\u0435\u0445\u043d\u0438\u0447\u0435\u0441\u043a\u0438\u0435 \u0445\u0430\u0440\u0430\u043a\u0442\u0435\u0440\u0438\u0441\u0442\u0438\u043a\u0438:<\/h5>\n<ul>\n<li><strong>\u041f\u043e\u0434\u043a\u043b\u044e\u0447\u0435\u043d\u0438\u0435 \u043f\u0440\u0438\u043a\u0443\u0440\u0438\u0432\u0430\u0442\u0435\u043b\u044f:<\/strong> \u0418\u0437\u0434\u0435\u043b\u0438\u0435 \u043d\u0435\u043e\u0431\u0445\u043e\u0434\u0438\u043c\u043e \u043f\u043e\u0434\u043a\u043b\u044e\u0447\u0438\u0442\u044c \u043a \u043f\u0440\u0438\u043a\u0443\u0440\u0438\u0432\u0430\u0442\u0435\u043b\u044e \u0430\u0432\u0442\u043e\u043c\u043e\u0431\u0438\u043b\u044f.<\/li>\n<li><strong>\u0422\u0435\u0440\u043c\u043e\u043f\u043b\u0435\u043d\u043a\u0430:<\/strong> \u041c\u043e\u044e\u0449\u0430\u044f\u0441\u044f \u0432\u043d\u0435\u0448\u043d\u044f\u044f \u043f\u043e\u0434\u043a\u043b\u0430\u0434\u043a\u0430 \u0434\u043b\u044f \u043f\u043e\u0434\u0434\u0435\u0440\u0436\u0430\u043d\u0438\u044f \u0442\u0435\u043c\u043f\u0435\u0440\u0430\u0442\u0443\u0440\u044b.<\/li>\n<li><strong>\u041a\u0430\u0431\u0435\u043b\u044c\u043d\u044b\u0439 \u043a\u0430\u0440\u043c\u0430\u043d:<\/strong> \u0418\u043c\u0435\u0435\u0442\u0441\u044f \u043a\u0430\u0440\u043c\u0430\u043d \u0434\u043b\u044f \u0445\u0440\u0430\u043d\u0435\u043d\u0438\u044f \u043a\u0430\u0431\u0435\u043b\u044f.<\/li>\n<li><strong>\u041a\u0440\u0435\u043f\u043b\u0435\u043d\u0438\u0435:<\/strong> \u0415\u0433\u043e \u043c\u043e\u0436\u043d\u043e \u043f\u0440\u0438\u043a\u0440\u0435\u043f\u0438\u0442\u044c \u043a \u043a\u043e\u043b\u044f\u0441\u043a\u0435 \u0438\u043b\u0438 \u0431\u0430\u0433\u0430\u0436\u0443 \u0441 \u043f\u043e\u043c\u043e\u0449\u044c\u044e \u0440\u0435\u043c\u043d\u0435\u0439.<\/li>\n<li><strong>\u0422\u0435\u0440\u043c\u043e\u0441\u0442\u0430\u0442:<\/strong> \u0412\u0441\u0442\u0440\u043e\u0435\u043d\u043d\u044b\u0439 \u0442\u0435\u0440\u043c\u043e\u0441\u0442\u0430\u0442 \u0434\u043b\u044f \u043a\u043e\u043d\u0442\u0440\u043e\u043b\u044f \u0442\u0435\u043c\u043f\u0435\u0440\u0430\u0442\u0443\u0440\u044b.<\/li>\n<li><strong>\u0418\u0441\u0442\u043e\u0447\u043d\u0438\u043a \u043f\u0438\u0442\u0430\u043d\u0438\u044f:<\/strong> \u0420\u043e\u0437\u0435\u0442\u043a\u0430 12 \u0412, \u0432\u044b\u0445\u043e\u0434\u043d\u0430\u044f \u043c\u043e\u0449\u043d\u043e\u0441\u0442\u044c 30 \u0412\u0442 \u0434\u043b\u044f \u043f\u043e\u0434\u043a\u043b\u044e\u0447\u0435\u043d\u0438\u044f \u043a \u043f\u0440\u0438\u043a\u0443\u0440\u0438\u0432\u0430\u0442\u0435\u043b\u044e \u0430\u0432\u0442\u043e\u043c\u043e\u0431\u0438\u043b\u044f.<\/li>\n<li><strong>\u0412\u0440\u0435\u043c\u044f \u043d\u0430\u0433\u0440\u0435\u0432\u0430:<\/strong> \u0415\u0434\u0430 \u0440\u0430\u0437\u043e\u0433\u0440\u0435\u0432\u0430\u0435\u0442\u0441\u044f \u0437\u0430 20-30 \u043c\u0438\u043d\u0443\u0442.<\/li>\n<li><strong>\u0424\u0443\u043d\u043a\u0446\u0438\u044f \u0442\u0435\u0440\u043c\u043e\u0441\u0430:<\/strong> \u0417\u0430\u0449\u0438\u0449\u0430\u0435\u0442 \u043f\u0438\u0449\u0443, \u0441\u043e\u0445\u0440\u0430\u043d\u044f\u044f \u0435\u0435 \u0442\u0435\u043f\u043b\u043e\u0439 \u0438 \u043d\u0435 \u0434\u0430\u0432\u0430\u044f \u0435\u0439 \u043e\u0441\u0442\u044b\u0442\u044c.<\/li>\n<li><strong>\u041c\u0430\u043a\u0441\u0438\u043c\u0430\u043b\u044c\u043d\u0430\u044f \u0442\u0435\u043c\u043f\u0435\u0440\u0430\u0442\u0443\u0440\u0430:<\/strong> 60 \u0433\u0440\u0430\u0434\u0443\u0441\u043e\u0432 \u0426\u0435\u043b\u044c\u0441\u0438\u044f.<\/li>\n<\/ul>\n<h5>\u0420\u0435\u043a\u043e\u043c\u0435\u043d\u0434\u0443\u0435\u043c\u043e\u0435 \u0438\u0441\u043f\u043e\u043b\u044c\u0437\u043e\u0432\u0430\u043d\u0438\u0435:<\/h5>\n<ul>\n<li><strong>\u0414\u043b\u044f \u0440\u043e\u0434\u0438\u0442\u0435\u043b\u0435\u0439:<\/strong> \u0421\u043e\u0433\u0440\u0435\u0432\u0430\u043d\u0438\u0435 \u0434\u0435\u0442\u0441\u043a\u0438\u0445 \u0431\u0443\u0442\u044b\u043b\u043e\u0447\u0435\u043a \u0438\u043b\u0438 \u0431\u0443\u0442\u044b\u043b\u043e\u0447\u0435\u043a \u0432\u043e \u0432\u0440\u0435\u043c\u044f \u043f\u0443\u0442\u0435\u0448\u0435\u0441\u0442\u0432\u0438\u044f.<\/li>\n<li><strong>\u0414\u043b\u044f \u0442\u0443\u0440\u0438\u0441\u0442\u043e\u0432 \u0438 \u0440\u044b\u0431\u0430\u043a\u043e\u0432:<\/strong> \u041e\u0431\u0435\u0441\u043f\u0435\u0447\u0435\u043d\u0438\u0435 \u0434\u043e\u0441\u0442\u0443\u043f\u0430 \u043a \u0433\u043e\u0440\u044f\u0447\u0435\u043c\u0443 \u0447\u0430\u044e \u0438 \u0433\u043e\u0440\u044f\u0447\u0435\u0439 \u043f\u0438\u0449\u0435 \u0432 \u043b\u044e\u0431\u043e\u0435 \u0432\u0440\u0435\u043c\u044f.<\/li>\n<li><strong>\u0412 \u0441\u043b\u0443\u0447\u0430\u0435 \u0447\u0440\u0435\u0437\u0432\u044b\u0447\u0430\u0439\u043d\u043e\u0439 \u0441\u0438\u0442\u0443\u0430\u0446\u0438\u0438:<\/strong> \u0421\u043f\u0430\u0441\u0438\u0442\u0435\u043b\u044c \u0436\u0438\u0437\u043d\u0438 \u0432 \u0447\u0440\u0435\u0437\u0432\u044b\u0447\u0430\u0439\u043d\u044b\u0445 \u0441\u0438\u0442\u0443\u0430\u0446\u0438\u044f\u0445, \u043f\u0440\u0435\u0434\u043e\u0441\u0442\u0430\u0432\u0438\u0432 \u0438\u0441\u0442\u043e\u0447\u043d\u0438\u043a \u0442\u0435\u043f\u043b\u0430 \u0438 \u0435\u0434\u044b<\/li>\n<\/ul>\n<h5>\u0442\u0435\u0433\u0438:<\/h5>\n<p>#\u0410\u0432\u0442\u043e\u043c\u043e\u0431\u0438\u043b\u044c\u043d\u044b\u0439 \u043e\u0431\u043e\u0433\u0440\u0435\u0432\u0430\u0442\u0435\u043b\u044c, #\u041f\u043e\u0434\u043e\u0433\u0440\u0435\u0432\u0430\u0442\u0435\u043b\u044c \u0431\u0443\u0442\u044b\u043b\u043e\u0447\u0435\u043a, #\u041f\u043e\u0434\u043e\u0433\u0440\u0435\u0432\u0430\u0442\u0435\u043b\u044c \u0431\u0443\u0442\u044b\u043b\u043e\u0447\u0435\u043a, #\u041f\u0440\u0430\u043a\u0442\u0438\u0447\u0435\u0441\u043a\u043e\u0435 \u0443\u0441\u0442\u0440\u043e\u0439\u0441\u0442\u0432\u043e, #\u041f\u0443\u0442\u0435\u0448\u0435\u0441\u0442\u0432\u0438\u0435, #\u042d\u043a\u0441\u043a\u0443\u0440\u0441\u0438\u0438, #\u0420\u043e\u0434\u0438\u0442\u0435\u043b\u0438, #\u0410\u0432\u0442\u043e\u043c\u043e\u0431\u0438\u043b\u044c\u043d\u044b\u0439 \u0442\u0435\u0440\u043c\u043e\u0441<\/p>","protected":false},"excerpt":{"rendered":"<p>Incalzitor cu Bricheta pentru Auto \u00cenc\u0103lzitorul auto este un dispozitiv practic pentru p\u0103rin\u021bi \u0219i pentru cei care merg la pescuit<\/p>","protected":false},"featured_media":1702,"comment_status":"open","ping_status":"closed","template":"","meta":{"_acf_changed":false},"product_brand":[],"product_cat":[101,102],"product_tag":[],"class_list":{"0":"post-8997","1":"product","2":"type-product","3":"status-publish","4":"has-post-thumbnail","6":"product_cat-copii","7":"product_cat-diverse","9":"first","10":"instock","11":"shipping-taxable","12":"purchasable","13":"product-type-simple"},"acf":[],"_links":{"self":[{"href":"https:\/\/biomed.md\/ru\/wp-json\/wp\/v2\/product\/8997","targetHints":{"allow":["GET"]}}],"collection":[{"href":"https:\/\/biomed.md\/ru\/wp-json\/wp\/v2\/product"}],"about":[{"href":"https:\/\/biomed.md\/ru\/wp-json\/wp\/v2\/types\/product"}],"replies":[{"embeddable":true,"href":"https:\/\/biomed.md\/ru\/wp-json\/wp\/v2\/comments?post=8997"}],"version-history":[{"count":3,"href":"https:\/\/biomed.md\/ru\/wp-json\/wp\/v2\/product\/8997\/revisions"}],"predecessor-version":[{"id":14931,"href":"https:\/\/biomed.md\/ru\/wp-json\/wp\/v2\/product\/8997\/revisions\/14931"}],"wp:featuredmedia":[{"embeddable":true,"href":"https:\/\/biomed.md\/ru\/wp-json\/wp\/v2\/media\/1702"}],"wp:attachment":[{"href":"https:\/\/biomed.md\/ru\/wp-json\/wp\/v2\/media?parent=8997"}],"wp:term":[{"taxonomy":"product_brand","embeddable":true,"href":"https:\/\/biomed.md\/ru\/wp-json\/wp\/v2\/product_brand?post=8997"},{"taxonomy":"product_cat","embeddable":true,"href":"https:\/\/biomed.md\/ru\/wp-json\/wp\/v2\/product_cat?post=8997"},{"taxonomy":"product_tag","embeddable":true,"href":"https:\/\/biomed.md\/ru\/wp-json\/wp\/v2\/product_tag?post=8997"}],"curies":[{"name":"wp","href":"https:\/\/api.w.org\/{rel}","templated":true}]}}