{"id":8970,"date":"2024-12-16T20:30:00","date_gmt":"2024-12-16T20:30:00","guid":{"rendered":"https:\/\/new.biomed.md\/?post_type=product&#038;p=8970"},"modified":"2026-03-31T09:28:12","modified_gmt":"2026-03-31T09:28:12","slug":"ulei-de-dovleac","status":"publish","type":"product","link":"https:\/\/biomed.md\/ru\/product\/ulei-de-dovleac\/","title":{"rendered":"\u0422\u044b\u043a\u0432\u0435\u043d\u043d\u043e\u0435 \u043c\u0430\u0441\u043b\u043e"},"content":{"rendered":"<h5 data-rm-block-id=\"block-1\">\u0422\u044b\u043a\u0432\u0435\u043d\u043d\u043e\u0435 \u043c\u0430\u0441\u043b\u043e<\/h5>\n<p data-rm-block-id=\"block-2\">\u0422\u044b\u043a\u0432\u0435\u043d\u043d\u043e\u0435 \u043c\u0430\u0441\u043b\u043e, \u043f\u043e\u043b\u0443\u0447\u0430\u0435\u043c\u043e\u0435 \u043c\u0435\u0442\u043e\u0434\u043e\u043c \u0445\u043e\u043b\u043e\u0434\u043d\u043e\u0433\u043e \u043e\u0442\u0436\u0438\u043c\u0430 \u0438\u0437 \u0441\u0435\u043c\u044f\u043d \u0442\u044b\u043a\u0432\u044b, \u0431\u043e\u0433\u0430\u0442\u043e \u0432\u0430\u0436\u043d\u044b\u043c\u0438 \u043f\u0438\u0442\u0430\u0442\u0435\u043b\u044c\u043d\u044b\u043c\u0438 \u0432\u0435\u0449\u0435\u0441\u0442\u0432\u0430\u043c\u0438 \u0434\u043b\u044f \u043e\u0440\u0433\u0430\u043d\u0438\u0437\u043c\u0430. \u041e\u043d\u043e \u043f\u0440\u0438\u043d\u043e\u0441\u0438\u0442 \u043f\u043e\u043b\u044c\u0437\u0443 \u043a\u0430\u043a \u0437\u0434\u043e\u0440\u043e\u0432\u044c\u044e, \u0442\u0430\u043a \u0438 \u043a\u0440\u0430\u0441\u043e\u0442\u0435.<\/p>\n<p data-rm-block-id=\"block-3\">\u0422\u044b\u043a\u0432\u0430, \u0438\u043b\u0438 \u0433\u043e\u0440\u043b\u044f\u043d\u043a\u0430, \u0438\u043b\u0438 \u043a\u0443\u043a\u0443\u0440\u0431\u0438\u0442\u0430 (Cucurbita maxima) \u2014 \u043e\u0434\u043d\u043e\u043b\u0435\u0442\u043d\u0435\u0435 \u0442\u0440\u0430\u0432\u044f\u043d\u0438\u0441\u0442\u043e\u0435 \u0440\u0430\u0441\u0442\u0435\u043d\u0438\u0435, \u0432\u044b\u0440\u0430\u0449\u0438\u0432\u0430\u0435\u043c\u043e\u0435 \u0440\u0430\u0434\u0438 \u043f\u043b\u043e\u0434\u043e\u0432, \u0446\u0432\u0435\u0442\u043a\u043e\u0432 \u0438 \u0441\u0435\u043c\u044f\u043d. \u0422\u044b\u043a\u0432\u0430 \u0441\u043e\u0434\u0435\u0440\u0436\u0438\u0442 \u043c\u043d\u043e\u0433\u043e\u0447\u0438\u0441\u043b\u0435\u043d\u043d\u044b\u0435 \u043e\u0432\u0430\u043b\u044c\u043d\u044b\u0435, \u0432\u044b\u043f\u0443\u043a\u043b\u044b\u0435 \u0438 \u0433\u043b\u0430\u0434\u043a\u0438\u0435 \u0441\u0435\u043c\u0435\u043d\u0430 \u0434\u043b\u0438\u043d\u043e\u0439 2\u20133 \u0441\u043c, \u043a\u043e\u0442\u043e\u0440\u044b\u0435, \u0432 \u0441\u0432\u043e\u044e \u043e\u0447\u0435\u0440\u0435\u0434\u044c, \u0441\u043e\u0434\u0435\u0440\u0436\u0430\u0442 \u0431\u0435\u043b\u0443\u044e \u0441\u044a\u0435\u0434\u043e\u0431\u043d\u0443\u044e \u0441\u0435\u0440\u0434\u0446\u0435\u0432\u0438\u043d\u0443.<\/p>\n<h5 data-rm-block-id=\"block-4\">\u0425\u0430\u0440\u0430\u043a\u0442\u0435\u0440\u0438\u0441\u0442\u0438\u043a\u0438:<\/h5>\n<ul>\n<li data-rm-block-id=\"block-5\"><strong>\u041e\u043c\u0435\u0433\u0430 9, \u041e\u043c\u0435\u0433\u0430 3, \u041e\u043c\u0435\u0433\u0430 6:<\/strong> \u0421\u0435\u043c\u0435\u043d\u0430 \u0442\u044b\u043a\u0432\u044b \u0431\u043e\u0433\u0430\u0442\u044b \u043d\u0435\u0437\u0430\u043c\u0435\u043d\u0438\u043c\u044b\u043c\u0438 \u0436\u0438\u0440\u043d\u044b\u043c\u0438 \u043a\u0438\u0441\u043b\u043e\u0442\u0430\u043c\u0438, \u0432\u043a\u043b\u044e\u0447\u0430\u044f \u041e\u043c\u0435\u0433\u0430-9, \u041e\u043c\u0435\u0433\u0430-3 \u0438 \u041e\u043c\u0435\u0433\u0430-6.<\/li>\n<li data-rm-block-id=\"block-6\"><strong>\u0412\u0438\u0442\u0430\u043c\u0438\u043d\u044b \u0438 \u043c\u0438\u043d\u0435\u0440\u0430\u043b\u044b:<\/strong> \u0421\u043e\u0434\u0435\u0440\u0436\u0438\u0442 \u0432\u0438\u0442\u0430\u043c\u0438\u043d\u044b A, D, E, F, K, \u0441\u0430\u0445\u0430\u0440\u0430 \u0438 \u043c\u0438\u043a\u0440\u043e\u044d\u043b\u0435\u043c\u0435\u043d\u0442\u044b, \u0442\u0430\u043a\u0438\u0435 \u043a\u0430\u043a \u0444\u043e\u0441\u0444\u043e\u0440, \u043a\u0440\u0435\u043c\u043d\u0438\u0439, \u043a\u0430\u043b\u044c\u0446\u0438\u0439, \u043a\u0430\u043b\u0438\u0439, \u0436\u0435\u043b\u0435\u0437\u043e, \u043c\u0430\u0433\u043d\u0438\u0439.<\/li>\n<li data-rm-block-id=\"block-7\"><strong>\u0413\u043e\u0440\u043c\u043e\u043d\u0430\u043b\u044c\u043d\u044b\u0439 \u044d\u0444\u0444\u0435\u043a\u0442:<\/strong> \u041c\u0430\u0441\u043b\u043e \u0441\u0435\u043c\u044f\u043d \u0442\u044b\u043a\u0432\u044b \u0441\u043e\u0434\u0435\u0440\u0436\u0438\u0442 \u0432\u0435\u0449\u0435\u0441\u0442\u0432\u0430, \u043e\u0431\u043b\u0430\u0434\u0430\u044e\u0449\u0438\u0435 \u0433\u043e\u0440\u043c\u043e\u043d\u0430\u043b\u044c\u043d\u044b\u043c \u0434\u0435\u0439\u0441\u0442\u0432\u0438\u0435\u043c, \u043a\u043e\u0442\u043e\u0440\u044b\u0435 \u0441\u0442\u0438\u043c\u0443\u043b\u0438\u0440\u0443\u044e\u0442 \u0434\u0435\u0442\u043e\u0440\u043e\u0436\u0434\u0435\u043d\u0438\u0435.<\/li>\n<li><strong>\u041f\u0438\u0449\u0435\u0432\u0430\u044f \u0446\u0435\u043d\u043d\u043e\u0441\u0442\u044c (2 \u0441\u0442\u043e\u043b\u043e\u0432\u044b\u0435 \u043b\u043e\u0436\u043a\u0438, 28 \u0433):<\/strong>\n<ul>\n<li data-rm-block-id=\"block-8\">\u041a\u0430\u043b\u043e\u0440\u0438\u0439\u043d\u043e\u0441\u0442\u044c: 125 \u043a\u043a\u0430\u043b<\/li>\n<li data-rm-block-id=\"block-9\">\u0423\u0433\u043b\u0435\u0432\u043e\u0434\u044b: 15 \u0433<\/li>\n<li data-rm-block-id=\"block-10\">\u0411\u0435\u043b\u043e\u043a: 5 \u0433<\/li>\n<li data-rm-block-id=\"block-11\">\u0416\u0435\u043b\u0435\u0437\u043e: 5% \u043e\u0442 \u0440\u0435\u043a\u043e\u043c\u0435\u043d\u0434\u0443\u0435\u043c\u043e\u0439 \u0441\u0443\u0442\u043e\u0447\u043d\u043e\u0439 \u043d\u043e\u0440\u043c\u044b \u043f\u043e\u0442\u0440\u0435\u0431\u043b\u0435\u043d\u0438\u044f<\/li>\n<li data-rm-block-id=\"block-12\">\u041c\u0430\u0433\u043d\u0438\u0439: 74 \u043c\u0433, 25% \u043e\u0442 \u0440\u0435\u043a\u043e\u043c\u0435\u043d\u0434\u0443\u0435\u043c\u043e\u0439 \u0441\u0443\u0442\u043e\u0447\u043d\u043e\u0439 \u043d\u043e\u0440\u043c\u044b \u043f\u043e\u0442\u0440\u0435\u0431\u043b\u0435\u043d\u0438\u044f<\/li>\n<\/ul>\n<\/li>\n<\/ul>\n<h5 data-rm-block-id=\"block-13\">\u041f\u043e\u043b\u044c\u0437\u0430 \u0434\u043b\u044f \u043e\u0440\u0433\u0430\u043d\u0438\u0437\u043c\u0430:<\/h5>\n<ul>\n<li data-rm-block-id=\"block-14\"><strong>\u0423\u043c\u0435\u043d\u044c\u0448\u0430\u0435\u0442 \u0432\u043e\u0441\u043f\u0430\u043b\u0435\u043d\u0438\u0435:<\/strong> \u041d\u0435\u043d\u0430\u0441\u044b\u0449\u0435\u043d\u043d\u044b\u0435 \u0436\u0438\u0440\u044b \u0432 \u043c\u0430\u0441\u043b\u0435 \u0441\u0435\u043c\u044f\u043d \u0442\u044b\u043a\u0432\u044b \u043f\u043e\u043c\u043e\u0433\u0430\u044e\u0442 \u0443\u043c\u0435\u043d\u044c\u0448\u0438\u0442\u044c \u0432\u043e\u0441\u043f\u0430\u043b\u0435\u043d\u0438\u0435, \u0443\u0441\u0442\u0440\u0430\u043d\u044f\u044f \u043e\u0434\u043d\u0443 \u0438\u0437 \u043e\u0441\u043d\u043e\u0432\u043d\u044b\u0445 \u043f\u0440\u0438\u0447\u0438\u043d \u0441\u043e\u0432\u0440\u0435\u043c\u0435\u043d\u043d\u044b\u0445 \u0437\u0430\u0431\u043e\u043b\u0435\u0432\u0430\u043d\u0438\u0439.<\/li>\n<li data-rm-block-id=\"block-15\"><strong>\u0417\u0434\u043e\u0440\u043e\u0432\u044c\u0435 \u043f\u0440\u043e\u0441\u0442\u0430\u0442\u044b:<\/strong> \u042d\u0444\u0444\u0435\u043a\u0442\u0438\u0432\u0435\u043d \u0434\u043b\u044f \u043f\u043e\u0434\u0434\u0435\u0440\u0436\u0430\u043d\u0438\u044f \u0437\u0434\u043e\u0440\u043e\u0432\u044c\u044f \u043f\u0440\u0435\u0434\u0441\u0442\u0430\u0442\u0435\u043b\u044c\u043d\u043e\u0439 \u0436\u0435\u043b\u0435\u0437\u044b, \u0440\u0435\u043a\u043e\u043c\u0435\u043d\u0434\u0443\u0435\u0442\u0441\u044f \u043c\u0443\u0436\u0447\u0438\u043d\u0430\u043c \u0441\u0442\u0430\u0440\u0448\u0435 50 \u043b\u0435\u0442.<\/li>\n<li data-rm-block-id=\"block-16\"><strong>\u0417\u0434\u043e\u0440\u043e\u0432\u044c\u0435 \u0441\u0435\u0440\u0434\u0446\u0430:<\/strong> \u041f\u043e\u043b\u0435\u0437\u0435\u043d \u0434\u043b\u044f \u0441\u0435\u0440\u0434\u0446\u0430 \u0431\u043b\u0430\u0433\u043e\u0434\u0430\u0440\u044f \u0441\u0432\u043e\u0438\u043c \u043f\u0440\u043e\u0442\u0438\u0432\u043e\u0432\u043e\u0441\u043f\u0430\u043b\u0438\u0442\u0435\u043b\u044c\u043d\u044b\u043c \u0438 \u0430\u043d\u0442\u0438\u0433\u0438\u043f\u0435\u0440\u0442\u0435\u043d\u0437\u0438\u0432\u043d\u044b\u043c \u0441\u0432\u043e\u0439\u0441\u0442\u0432\u0430\u043c.<\/li>\n<li data-rm-block-id=\"block-17\"><strong>\u041b\u0435\u0447\u0435\u043d\u0438\u0435 \u0434\u0438\u0430\u0431\u0435\u0442\u0430:<\/strong> \u042d\u0444\u0444\u0435\u043a\u0442\u0438\u0432\u0435\u043d \u0434\u043b\u044f \u0431\u043e\u043b\u044c\u043d\u044b\u0445 \u0441\u0430\u0445\u0430\u0440\u043d\u044b\u043c \u0434\u0438\u0430\u0431\u0435\u0442\u043e\u043c 1 \u0438 2 \u0442\u0438\u043f\u0430 \u0431\u043b\u0430\u0433\u043e\u0434\u0430\u0440\u044f \u0441\u0432\u043e\u0438\u043c \u0430\u043d\u0442\u0438\u0433\u0438\u043f\u0435\u0440\u0433\u043b\u0438\u043a\u0435\u043c\u0438\u0447\u0435\u0441\u043a\u0438\u043c \u0441\u0432\u043e\u0439\u0441\u0442\u0432\u0430\u043c.<\/li>\n<li data-rm-block-id=\"block-18\"><strong>\u041f\u0441\u0438\u0445\u0438\u0447\u0435\u0441\u043a\u043e\u0435 \u0437\u0434\u043e\u0440\u043e\u0432\u044c\u0435:<\/strong> \u0421\u043e\u0433\u043b\u0430\u0441\u043d\u043e \u0438\u0441\u0441\u043b\u0435\u0434\u043e\u0432\u0430\u043d\u0438\u044f\u043c, \u043e\u043f\u0443\u0431\u043b\u0438\u043a\u043e\u0432\u0430\u043d\u043d\u044b\u043c \u0432 \u0411\u0440\u0438\u0442\u0430\u043d\u0441\u043a\u043e\u043c \u0436\u0443\u0440\u043d\u0430\u043b\u0435 \u043f\u0441\u0438\u0445\u0438\u0430\u0442\u0440\u0438\u0438, \u043e\u043d\u043e \u0441\u043d\u0438\u043c\u0430\u0435\u0442 \u0434\u0435\u043f\u0440\u0435\u0441\u0441\u0438\u044e, \u043e\u043a\u0430\u0437\u044b\u0432\u0430\u044f \u043f\u043e\u043b\u043e\u0436\u0438\u0442\u0435\u043b\u044c\u043d\u043e\u0435 \u0432\u043b\u0438\u044f\u043d\u0438\u0435 \u043d\u0430 \u043f\u0441\u0438\u0445\u0438\u043a\u0443.<\/li>\n<li data-rm-block-id=\"block-19\"><strong>\u0421\u0442\u0438\u043c\u0443\u043b\u044f\u0446\u0438\u044f \u0440\u043e\u0441\u0442\u0430 \u0432\u043e\u043b\u043e\u0441:<\/strong> \u0418\u0441\u0441\u043b\u0435\u0434\u043e\u0432\u0430\u043d\u0438\u044f \u043f\u043e\u043a\u0430\u0437\u0430\u043b\u0438, \u0447\u0442\u043e 400 \u043c\u0433 \u043c\u0430\u0441\u043b\u0430 \u0441\u0435\u043c\u044f\u043d \u0442\u044b\u043a\u0432\u044b \u0432 \u0434\u0435\u043d\u044c \u0443\u0441\u043a\u043e\u0440\u044f\u044e\u0442 \u0440\u043e\u0441\u0442 \u0432\u043e\u043b\u043e\u0441, \u043e\u0441\u043e\u0431\u0435\u043d\u043d\u043e \u0443 \u043c\u0443\u0436\u0447\u0438\u043d \u0441 \u0430\u043b\u043e\u043f\u0435\u0446\u0438\u0435\u0439.<\/li>\n<li data-rm-block-id=\"block-20\"><strong>\u0417\u0434\u043e\u0440\u043e\u0432\u044c\u0435 \u043c\u043e\u0447\u0435\u0432\u044b\u0432\u043e\u0434\u044f\u0449\u0438\u0445 \u043f\u0443\u0442\u0435\u0439:<\/strong> \u041f\u043e\u043b\u0435\u0437\u0435\u043d \u0434\u043b\u044f \u043f\u043e\u0447\u0435\u043a, \u043c\u043e\u0447\u0435\u0432\u043e\u0433\u043e \u043f\u0443\u0437\u044b\u0440\u044f \u0438 \u0443\u0440\u0435\u0442\u0440\u044b.<\/li>\n<li data-rm-block-id=\"block-21\"><strong>\u0423\u043b\u0443\u0447\u0448\u0435\u043d\u0438\u0435 \u0441\u0438\u043c\u043f\u0442\u043e\u043c\u043e\u0432 \u043c\u0435\u043d\u043e\u043f\u0430\u0443\u0437\u044b:<\/strong> \u041e\u0431\u043b\u0435\u0433\u0447\u0430\u0435\u0442 \u0442\u0430\u043a\u0438\u0435 \u0441\u0438\u043c\u043f\u0442\u043e\u043c\u044b, \u043a\u0430\u043a \u043f\u0440\u0438\u043b\u0438\u0432\u044b, \u0431\u043e\u043b\u0438 \u0432 \u0441\u0443\u0441\u0442\u0430\u0432\u0430\u0445 \u0438 \u0433\u043e\u043b\u043e\u0432\u043d\u044b\u0435 \u0431\u043e\u043b\u0438.<\/li>\n<\/ul>\n<h5 data-rm-block-id=\"block-22\">\u0421\u043f\u043e\u0441\u043e\u0431 \u043f\u0440\u0438\u043c\u0435\u043d\u0435\u043d\u0438\u044f:<\/h5>\n<ul>\n<li data-rm-block-id=\"block-23\"><strong>\u0412 \u0441\u0430\u043b\u0430\u0442\u0430\u0445:<\/strong> \u0418\u0441\u043f\u043e\u043b\u044c\u0437\u0443\u0435\u0442\u0441\u044f \u0432 \u043a\u0430\u0447\u0435\u0441\u0442\u0432\u0435 \u0437\u0430\u043f\u0440\u0430\u0432\u043a\u0438 \u0432 \u0441\u043e\u0447\u0435\u0442\u0430\u043d\u0438\u0438 \u0441 \u043b\u0438\u043c\u043e\u043d\u043d\u044b\u043c \u0441\u043e\u043a\u043e\u043c \u0438 \u0441\u043f\u0435\u0446\u0438\u044f\u043c\u0438.<\/li>\n<li data-rm-block-id=\"block-24\"><strong>\u0412 \u043a\u0440\u0435\u043c-\u0441\u0443\u043f\u0430\u0445:<\/strong> \u0414\u043e\u0431\u0430\u0432\u043b\u044f\u0435\u0442\u0441\u044f \u0434\u043b\u044f \u043f\u043e\u043b\u0443\u0447\u0435\u043d\u0438\u044f \u0434\u043e\u043f\u043e\u043b\u043d\u0438\u0442\u0435\u043b\u044c\u043d\u044b\u0445 \u043f\u0438\u0442\u0430\u0442\u0435\u043b\u044c\u043d\u044b\u0445 \u0432\u0435\u0449\u0435\u0441\u0442\u0432.<\/li>\n<li data-rm-block-id=\"block-25\"><strong>\u0414\u043b\u044f \u0437\u0430\u043f\u0435\u0447\u0435\u043d\u043d\u044b\u0445 \u043e\u0432\u043e\u0449\u0435\u0439:<\/strong> \u0421 \u043c\u043e\u0440\u043a\u043e\u0432\u044c\u044e, \u043a\u0430\u0440\u0442\u043e\u0444\u0435\u043b\u0435\u043c, \u0441\u043b\u0430\u0434\u043a\u0438\u043c \u043a\u0430\u0440\u0442\u043e\u0444\u0435\u043b\u0435\u043c, \u0441\u043f\u0430\u0440\u0436\u0435\u0439.<\/li>\n<li data-rm-block-id=\"block-26\"><strong>\u0412 \u0441\u043e\u0443\u0441\u0430\u0445:<\/strong> \u0418\u043d\u0433\u0440\u0435\u0434\u0438\u0435\u043d\u0442 \u0441\u043e\u0443\u0441\u043e\u0432, \u0442\u0430\u043a\u0438\u0445 \u043a\u0430\u043a \u043f\u0435\u0441\u0442\u043e \u0438\u043b\u0438 \u0441\u0430\u043b\u044c\u0441\u0430.<\/li>\n<li data-rm-block-id=\"block-27\"><strong>\u0423\u0442\u0440\u043e\u043c \u043d\u0430\u0442\u043e\u0449\u0430\u043a:<\/strong> \u041f\u043e \u043e\u0434\u043d\u043e\u0439 \u0441\u0442\u043e\u043b\u043e\u0432\u043e\u0439 \u043b\u043e\u0436\u043a\u0435 \u0437\u0430 30 \u043c\u0438\u043d\u0443\u0442 \u0434\u043e \u0435\u0434\u044b.<\/li>\n<\/ul>\n<h5 data-rm-block-id=\"block-28\">\u041a\u043b\u044e\u0447\u0435\u0432\u044b\u0435 \u0441\u043b\u043e\u0432\u0430:<\/h5>\n<p data-rm-block-id=\"block-29\">Ulei De Dovleac, Antiparazitar , S\u0103n\u0103tatea Prostatei, S\u0103n\u0103tatea Inimii, AntiInflamator, Cresterea P\u0103rului, S\u0103n\u0103tatea Mental\u0103, Tract Urinar, Menopauz\u0103,\u00a0 Nutri\u021bie<\/p>","protected":false},"excerpt":{"rendered":"<p><span style=\"color: #99cc00; font-size: 105%;\"><strong><span lang=\"EN-US\" style=\"line-height: 115%; font-family: Helvetica, sans-serif;\">\u00a0Produs ecologic, presat la rece. Ambalat in sticla<\/span><\/strong><\/span><\/p>","protected":false},"featured_media":14808,"comment_status":"open","ping_status":"closed","template":"","meta":{"_acf_changed":false},"product_brand":[],"product_cat":[99,114],"product_tag":[],"class_list":{"0":"post-8970","1":"product","2":"type-product","3":"status-publish","4":"has-post-thumbnail","6":"product_cat-promotii","7":"product_cat-ulei-bio","9":"first","10":"instock","11":"shipping-taxable","12":"purchasable","13":"product-type-variable"},"acf":[],"_links":{"self":[{"href":"https:\/\/biomed.md\/ru\/wp-json\/wp\/v2\/product\/8970","targetHints":{"allow":["GET"]}}],"collection":[{"href":"https:\/\/biomed.md\/ru\/wp-json\/wp\/v2\/product"}],"about":[{"href":"https:\/\/biomed.md\/ru\/wp-json\/wp\/v2\/types\/product"}],"replies":[{"embeddable":true,"href":"https:\/\/biomed.md\/ru\/wp-json\/wp\/v2\/comments?post=8970"}],"version-history":[{"count":8,"href":"https:\/\/biomed.md\/ru\/wp-json\/wp\/v2\/product\/8970\/revisions"}],"predecessor-version":[{"id":15966,"href":"https:\/\/biomed.md\/ru\/wp-json\/wp\/v2\/product\/8970\/revisions\/15966"}],"wp:featuredmedia":[{"embeddable":true,"href":"https:\/\/biomed.md\/ru\/wp-json\/wp\/v2\/media\/14808"}],"wp:attachment":[{"href":"https:\/\/biomed.md\/ru\/wp-json\/wp\/v2\/media?parent=8970"}],"wp:term":[{"taxonomy":"product_brand","embeddable":true,"href":"https:\/\/biomed.md\/ru\/wp-json\/wp\/v2\/product_brand?post=8970"},{"taxonomy":"product_cat","embeddable":true,"href":"https:\/\/biomed.md\/ru\/wp-json\/wp\/v2\/product_cat?post=8970"},{"taxonomy":"product_tag","embeddable":true,"href":"https:\/\/biomed.md\/ru\/wp-json\/wp\/v2\/product_tag?post=8970"}],"curies":[{"name":"wp","href":"https:\/\/api.w.org\/{rel}","templated":true}]}}