{"id":8865,"date":"2024-12-16T20:29:39","date_gmt":"2024-12-16T20:29:39","guid":{"rendered":"https:\/\/new.biomed.md\/?post_type=product&#038;p=8865"},"modified":"2026-03-13T14:13:50","modified_gmt":"2026-03-13T14:13:50","slug":"crema-de-tataneasa","status":"publish","type":"product","link":"https:\/\/biomed.md\/ru\/product\/crema-de-tataneasa\/","title":{"rendered":"\u041a\u0440\u0435\u043c \u041e\u043a\u043e\u043f\u043d\u0438\u043a"},"content":{"rendered":"<p>\u041a\u0440\u0435\u043c \u041e\u043a\u043e\u043f\u043d\u0438\u043a<\/p>\n<p>\u041a\u0440\u0435\u043c \u00ab\u041e\u043a\u043e\u043f\u043d\u0438\u043a\u00bb \u2014 \u043d\u0430\u0442\u0443\u0440\u0430\u043b\u044c\u043d\u044b\u0439 \u043f\u0440\u043e\u0434\u0443\u043a\u0442, \u043f\u043e\u043b\u0443\u0447\u0430\u0435\u043c\u044b\u0439 \u0438\u0437 \u0440\u0430\u0441\u0442\u0435\u043d\u0438\u044f Symphytum officinale, \u0438\u0437\u0432\u0435\u0441\u0442\u043d\u043e\u0433\u043e \u0441\u0432\u043e\u0438\u043c\u0438 \u043b\u0435\u0447\u0435\u0431\u043d\u044b\u043c\u0438 \u0441\u0432\u043e\u0439\u0441\u0442\u0432\u0430\u043c\u0438. \u0412 \u043e\u0441\u043d\u043e\u0432\u043d\u043e\u043c \u0435\u0433\u043e \u0438\u0441\u043f\u043e\u043b\u044c\u0437\u0443\u044e\u0442 \u0434\u043b\u044f \u043d\u0430\u0440\u0443\u0436\u043d\u043e\u0433\u043e \u043f\u0440\u0438\u043c\u0435\u043d\u0435\u043d\u0438\u044f, \u043e\u043a\u0430\u0437\u044b\u0432\u0430\u044f \u0437\u043d\u0430\u0447\u0438\u0442\u0435\u043b\u044c\u043d\u0443\u044e \u043f\u043e\u043b\u044c\u0437\u0443 \u0434\u043b\u044f \u043a\u043e\u0436\u0438, \u0441\u0443\u0441\u0442\u0430\u0432\u043e\u0432 \u0438 \u043c\u044b\u0448\u0446.<\/p>\n<p><strong>\u041e\u0441\u043d\u043e\u0432\u043d\u044b\u0435 \u043f\u0440\u0435\u0438\u043c\u0443\u0449\u0435\u0441\u0442\u0432\u0430:<\/strong><\/p>\n<ul>\n<li><strong>\u0417\u0430\u0436\u0438\u0432\u043b\u0435\u043d\u0438\u0435 \u0440\u0430\u043d:<\/strong> \u0411\u043b\u0430\u0433\u043e\u0434\u0430\u0440\u044f \u0441\u043e\u0434\u0435\u0440\u0436\u0430\u043d\u0438\u044e \u0430\u043b\u043b\u0430\u043d\u0442\u043e\u0438\u043d\u0430 \u043a\u0440\u0435\u043c \u0441\u0442\u0438\u043c\u0443\u043b\u0438\u0440\u0443\u0435\u0442 \u0440\u0435\u0433\u0435\u043d\u0435\u0440\u0430\u0446\u0438\u044e \u043a\u043b\u0435\u0442\u043e\u043a, \u0441\u043f\u043e\u0441\u043e\u0431\u0441\u0442\u0432\u0443\u044f \u0437\u0430\u0436\u0438\u0432\u043b\u0435\u043d\u0438\u044e \u043f\u043e\u0440\u0435\u0437\u043e\u0432, \u0446\u0430\u0440\u0430\u043f\u0438\u043d \u0438 \u043d\u0435\u0431\u043e\u043b\u044c\u0448\u0438\u0445 \u043e\u0436\u043e\u0433\u043e\u0432.<span class=\"mx-0.5 inline-block h-5 w-4 pb-1 align-middle\" data-copy=\"false\"><button id=\":r12:\" type=\"button\" aria-expanded=\"false\" aria-controls=\":r11:\" aria-label=\"\u0421\u0441\u044b\u043b\u043a\u0430 2\">2<\/button><\/span>.<\/li>\n<li><strong>\u0423\u043c\u0435\u043d\u044c\u0448\u0435\u043d\u0438\u0435 \u0432\u043e\u0441\u043f\u0430\u043b\u0435\u043d\u0438\u044f:<\/strong> \u042d\u0444\u0444\u0435\u043a\u0442\u0438\u0432\u0435\u043d \u0434\u043b\u044f \u043e\u0431\u043b\u0435\u0433\u0447\u0435\u043d\u0438\u044f \u0431\u043e\u043b\u0438 \u0432 \u043c\u044b\u0448\u0446\u0430\u0445 \u0438 \u0441\u0443\u0441\u0442\u0430\u0432\u0430\u0445, \u043f\u0440\u0438\u043c\u0435\u043d\u044f\u0435\u0442\u0441\u044f \u043f\u0440\u0438 \u0442\u0430\u043a\u0438\u0445 \u0437\u0430\u0431\u043e\u043b\u0435\u0432\u0430\u043d\u0438\u044f\u0445, \u043a\u0430\u043a \u0430\u0440\u0442\u0440\u0438\u0442, \u0440\u0435\u0432\u043c\u0430\u0442\u0438\u0437\u043c \u0438\u043b\u0438 \u0440\u0430\u0441\u0442\u044f\u0436\u0435\u043d\u0438\u044f.<span class=\"mx-0.5 inline-block h-5 w-4 pb-1 align-middle\" data-copy=\"false\"><button id=\":r16:\" type=\"button\" aria-expanded=\"false\" aria-controls=\":r15:\" aria-label=\"\u0421\u0441\u044b\u043b\u043a\u0430 3\">3<\/button><\/span>.<\/li>\n<li><strong>\u0423\u0432\u043b\u0430\u0436\u043d\u0435\u043d\u0438\u0435 \u0438 \u0443\u0441\u043f\u043e\u043a\u043e\u0435\u043d\u0438\u0435:<\/strong> \u0418\u0434\u0435\u0430\u043b\u044c\u043d\u043e \u043f\u043e\u0434\u0445\u043e\u0434\u0438\u0442 \u0434\u043b\u044f \u0441\u0443\u0445\u043e\u0439 \u0438\u043b\u0438 \u0440\u0430\u0437\u0434\u0440\u0430\u0436\u0435\u043d\u043d\u043e\u0439 \u043a\u043e\u0436\u0438, \u043e\u0431\u0435\u0441\u043f\u0435\u0447\u0438\u0432\u0430\u044f \u043e\u0449\u0443\u0449\u0435\u043d\u0438\u0435 \u043a\u043e\u043c\u0444\u043e\u0440\u0442\u0430 \u0438 \u0443\u043c\u0435\u043d\u044c\u0448\u0430\u044f \u043f\u043e\u043a\u0440\u0430\u0441\u043d\u0435\u043d\u0438\u044f.<\/li>\n<\/ul>\n<p>\u0412\u0430\u0436\u043d\u043e \u043e\u0442\u043c\u0435\u0442\u0438\u0442\u044c, \u0447\u0442\u043e \u0438\u0441\u043f\u043e\u043b\u044c\u0437\u043e\u0432\u0430\u0442\u044c \u043a\u0440\u0435\u043c \u0441\u043b\u0435\u0434\u0443\u0435\u0442 \u043f\u043e \u043d\u0430\u0437\u043d\u0430\u0447\u0435\u043d\u0438\u044e, \u0442\u0430\u043a \u043a\u0430\u043a \u0440\u0430\u0441\u0442\u0435\u043d\u0438\u0435 \u0441\u043e\u0434\u0435\u0440\u0436\u0438\u0442 \u0430\u043b\u043a\u0430\u043b\u043e\u0438\u0434\u044b, \u043a\u043e\u0442\u043e\u0440\u044b\u0435 \u0432 \u0431\u043e\u043b\u044c\u0448\u0438\u0445 \u043a\u043e\u043b\u0438\u0447\u0435\u0441\u0442\u0432\u0430\u0445 \u043c\u043e\u0433\u0443\u0442 \u0431\u044b\u0442\u044c \u0442\u043e\u043a\u0441\u0438\u0447\u043d\u044b\u043c\u0438.<\/p>","protected":false},"excerpt":{"rendered":"<p>Crema de Tataneasa Crema de t\u0103t\u0103neas\u0103 este un produs natural, ob\u021binut din planta Symphytum officinale, cunoscut\u0103 pentru propriet\u0103\u021bile sale terapeutice.<\/p>","protected":false},"featured_media":1417,"comment_status":"open","ping_status":"closed","template":"","meta":{"_acf_changed":false},"product_brand":[],"product_cat":[113],"product_tag":[],"class_list":{"0":"post-8865","1":"product","2":"type-product","3":"status-publish","4":"has-post-thumbnail","6":"product_cat-bio-cosmetica","8":"first","9":"instock","10":"shipping-taxable","11":"purchasable","12":"product-type-simple"},"acf":[],"_links":{"self":[{"href":"https:\/\/biomed.md\/ru\/wp-json\/wp\/v2\/product\/8865","targetHints":{"allow":["GET"]}}],"collection":[{"href":"https:\/\/biomed.md\/ru\/wp-json\/wp\/v2\/product"}],"about":[{"href":"https:\/\/biomed.md\/ru\/wp-json\/wp\/v2\/types\/product"}],"replies":[{"embeddable":true,"href":"https:\/\/biomed.md\/ru\/wp-json\/wp\/v2\/comments?post=8865"}],"version-history":[{"count":4,"href":"https:\/\/biomed.md\/ru\/wp-json\/wp\/v2\/product\/8865\/revisions"}],"predecessor-version":[{"id":14967,"href":"https:\/\/biomed.md\/ru\/wp-json\/wp\/v2\/product\/8865\/revisions\/14967"}],"wp:featuredmedia":[{"embeddable":true,"href":"https:\/\/biomed.md\/ru\/wp-json\/wp\/v2\/media\/1417"}],"wp:attachment":[{"href":"https:\/\/biomed.md\/ru\/wp-json\/wp\/v2\/media?parent=8865"}],"wp:term":[{"taxonomy":"product_brand","embeddable":true,"href":"https:\/\/biomed.md\/ru\/wp-json\/wp\/v2\/product_brand?post=8865"},{"taxonomy":"product_cat","embeddable":true,"href":"https:\/\/biomed.md\/ru\/wp-json\/wp\/v2\/product_cat?post=8865"},{"taxonomy":"product_tag","embeddable":true,"href":"https:\/\/biomed.md\/ru\/wp-json\/wp\/v2\/product_tag?post=8865"}],"curies":[{"name":"wp","href":"https:\/\/api.w.org\/{rel}","templated":true}]}}