{"id":8591,"date":"2024-12-16T20:29:00","date_gmt":"2024-12-16T20:29:00","guid":{"rendered":"https:\/\/new.biomed.md\/?post_type=product&#038;p=8591"},"modified":"2026-03-24T09:54:12","modified_gmt":"2026-03-24T09:54:12","slug":"ulei-de-in-presat-la-rece","status":"publish","type":"product","link":"https:\/\/biomed.md\/ru\/product\/ulei-de-in-presat-la-rece\/","title":{"rendered":"\u041b\u044c\u043d\u044f\u043d\u043e\u0435 \u043c\u0430\u0441\u043b\u043e \u0445\u043e\u043b\u043e\u0434\u043d\u043e\u0433\u043e \u043e\u0442\u0436\u0438\u043c\u0430"},"content":{"rendered":"<h4>\u041b\u044c\u043d\u044f\u043d\u043e\u0435 \u043c\u0430\u0441\u043b\u043e \u0445\u043e\u043b\u043e\u0434\u043d\u043e\u0433\u043e \u043e\u0442\u0436\u0438\u043c\u0430<\/h4>\n<p>\u041b\u044c\u043d\u044f\u043d\u043e\u0435 \u043c\u0430\u0441\u043b\u043e \u2013 \u043d\u0430\u0442\u0443\u0440\u0430\u043b\u044c\u043d\u044b\u0439 \u043f\u0440\u043e\u0434\u0443\u043a\u0442, \u043f\u043e\u043b\u0443\u0447\u0435\u043d\u043d\u044b\u0439 \u043f\u0443\u0442\u0435\u043c \u0445\u043e\u043b\u043e\u0434\u043d\u043e\u0433\u043e \u043e\u0442\u0436\u0438\u043c\u0430 \u0441\u0435\u043c\u044f\u043d \u043b\u044c\u043d\u0430 (Linum usitatissimum), \u0431\u043b\u0430\u0433\u043e\u0434\u0430\u0440\u044f \u0447\u0435\u043c\u0443 \u043d\u0435 \u0442\u0435\u0440\u044f\u044e\u0442\u0441\u044f \u0446\u0435\u043b\u0435\u0431\u043d\u044b\u0435 \u0441\u0432\u043e\u0439\u0441\u0442\u0432\u0430 \u0438 \u0446\u0435\u043b\u0435\u0431\u043d\u044b\u0435 \u043a\u0430\u0447\u0435\u0441\u0442\u0432\u0430. \u041b\u044c\u043d\u044f\u043d\u043e\u0435 \u043c\u0430\u0441\u043b\u043e \u0441\u043e\u0434\u0435\u0440\u0436\u0438\u0442 \u043b\u0438\u0433\u043d\u0430\u043d\u044b (\u043d\u0430\u0442\u0443\u0440\u0430\u043b\u044c\u043d\u044b\u0435 \u0440\u0430\u0441\u0442\u0438\u0442\u0435\u043b\u044c\u043d\u044b\u0435 \u0445\u0438\u043c\u0438\u0447\u0435\u0441\u043a\u0438\u0435 \u0432\u0435\u0449\u0435\u0441\u0442\u0432\u0430 \u0441 \u0430\u043d\u0442\u0438\u043e\u043a\u0441\u0438\u0434\u0430\u043d\u0442\u043d\u043e\u0439 \u0441\u043f\u043e\u0441\u043e\u0431\u043d\u043e\u0441\u0442\u044c\u044e), \u043a\u043e\u0442\u043e\u0440\u044b\u0435 \u043e\u0431\u043b\u0430\u0434\u0430\u044e\u0442 \u043f\u0440\u043e\u0442\u0438\u0432\u043e\u0432\u0438\u0440\u0443\u0441\u043d\u044b\u043c\u0438, \u0430\u043d\u0442\u0438\u0431\u0430\u043a\u0442\u0435\u0440\u0438\u0430\u043b\u044c\u043d\u044b\u043c\u0438, \u043f\u0440\u043e\u0442\u0438\u0432\u043e\u043f\u0430\u0440\u0430\u0437\u0438\u0442\u0430\u0440\u043d\u044b\u043c\u0438 \u0438 \u043f\u0440\u043e\u0442\u0438\u0432\u043e\u043e\u043f\u0443\u0445\u043e\u043b\u0435\u0432\u044b\u043c\u0438 \u0441\u0432\u043e\u0439\u0441\u0442\u0432\u0430\u043c\u0438.<\/p>\n<h5>\u0425\u0430\u0440\u0430\u043a\u0442\u0435\u0440\u0438\u0441\u0442\u0438\u043a\u0438:<\/h5>\n<p>\u041b\u044c\u043d\u044f\u043d\u043e\u0435 \u043c\u0430\u0441\u043b\u043e \u043e\u0431\u043b\u0430\u0434\u0430\u0435\u0442 \u043e\u0441\u043e\u0431\u044b\u043c\u0438 \u0441\u0432\u043e\u0439\u0441\u0442\u0432\u0430\u043c\u0438 \u0438 \u0441\u043e\u0434\u0435\u0440\u0436\u0438\u0442:<\/p>\n<ul>\n<li>\u0412 \u0434\u0432\u0430 \u0440\u0430\u0437\u0430 \u0431\u043e\u043b\u044c\u0448\u0435 \u0436\u0438\u0440\u043d\u044b\u0445 \u043a\u0438\u0441\u043b\u043e\u0442 \u041e\u043c\u0435\u0433\u0430-3, \u0447\u0435\u043c \u0432 \u0440\u044b\u0431\u044c\u0435\u043c \u0436\u0438\u0440\u0435.<\/li>\n<li>\u0421\u043c\u0435\u0441\u044c \u043d\u0435\u0437\u0430\u043c\u0435\u043d\u0438\u043c\u044b\u0445 \u043a\u0438\u0441\u043b\u043e\u0442 \u041e\u043c\u0435\u0433\u0430-3 \u0438 \u041e\u043c\u0435\u0433\u0430-9.<\/li>\n<li>\u0421\u0435\u043c\u0435\u043d\u0430 \u043b\u044c\u043d\u0430 \u044f\u0432\u043b\u044f\u044e\u0442\u0441\u044f \u043e\u0442\u043b\u0438\u0447\u043d\u044b\u043c \u0438\u0441\u0442\u043e\u0447\u043d\u0438\u043a\u043e\u043c \u043a\u0430\u043a \u0440\u0430\u0441\u0442\u0432\u043e\u0440\u0438\u043c\u043e\u0439, \u0442\u0430\u043a \u0438 \u043d\u0435\u0440\u0430\u0441\u0442\u0432\u043e\u0440\u0438\u043c\u043e\u0439 \u043a\u043b\u0435\u0442\u0447\u0430\u0442\u043a\u0438.<\/li>\n<li>\u0421\u043e\u0434\u0435\u0440\u0436\u0430\u0449\u0430\u044f\u0441\u044f \u0441\u043b\u0438\u0437\u044c \u0441\u0442\u0430\u0431\u0438\u043b\u0438\u0437\u0438\u0440\u0443\u0435\u0442 \u0443\u0440\u043e\u0432\u0435\u043d\u044c \u0441\u0430\u0445\u0430\u0440\u0430 \u0432 \u043a\u0440\u043e\u0432\u0438 \u0438 \u044f\u0432\u043b\u044f\u0435\u0442\u0441\u044f \u0435\u0441\u0442\u0435\u0441\u0442\u0432\u0435\u043d\u043d\u044b\u043c \u0441\u043b\u0430\u0431\u0438\u0442\u0435\u043b\u044c\u043d\u044b\u043c.<\/li>\n<li>\u041d\u0430 \u043a\u0430\u0436\u0434\u044b\u0435 100 \u0433\u0440\u0430\u043c\u043c\u043e\u0432 \u043b\u044c\u043d\u044f\u043d\u043e\u0433\u043e \u0441\u0435\u043c\u0435\u043d\u0438 \u0432\u044b \u043f\u043e\u043b\u0443\u0447\u0430\u0435\u0442\u0435 25-30 \u0433\u0440\u0430\u043c\u043c\u043e\u0432 \u0431\u0435\u043b\u043a\u0430, \u043f\u043e\u044d\u0442\u043e\u043c\u0443 \u0443\u043f\u043e\u0442\u0440\u0435\u0431\u043b\u0435\u043d\u0438\u0435 \u043b\u044c\u043d\u044f\u043d\u043e\u0433\u043e \u043c\u0430\u0441\u043b\u0430 \u043d\u0430\u0441\u0442\u043e\u044f\u0442\u0435\u043b\u044c\u043d\u043e \u0440\u0435\u043a\u043e\u043c\u0435\u043d\u0434\u0443\u0435\u0442\u0441\u044f \u043f\u0440\u0438 \u0434\u0438\u0435\u0442\u0430\u0445.<\/li>\n<\/ul>\n<h5>\u041f\u043e\u043b\u044c\u0437\u0430 \u0434\u043b\u044f \u043e\u0440\u0433\u0430\u043d\u0438\u0437\u043c\u0430:<\/h5>\n<ul>\n<li><strong>\u0420\u0435\u0433\u0443\u043b\u044f\u0446\u0438\u044f \u043a\u0438\u0448\u0435\u0447\u043d\u043e\u0433\u043e \u0442\u0440\u0430\u043d\u0437\u0438\u0442\u0430:<\/strong> \u041e\u043d \u0441\u043e\u0434\u0435\u0440\u0436\u0438\u0442 \u043b\u0435\u0446\u0438\u0442\u0438\u043d \u0438 \u043e\u0441\u043e\u0431\u0435\u043d\u043d\u043e \u044d\u0444\u0444\u0435\u043a\u0442\u0438\u0432\u0435\u043d \u0432 \u0440\u0435\u0433\u0443\u043b\u0438\u0440\u043e\u0432\u0430\u043d\u0438\u0438 \u043a\u0438\u0448\u0435\u0447\u043d\u043e\u0433\u043e \u0442\u0440\u0430\u043d\u0437\u0438\u0442\u0430.<\/li>\n<li><strong>\u041f\u0440\u043e\u0442\u0438\u0432\u043e\u0432\u043e\u0441\u043f\u0430\u043b\u0438\u0442\u0435\u043b\u044c\u043d\u043e\u0435 \u0438 \u043a\u0430\u0440\u0434\u0438\u043e\u043f\u0440\u043e\u0442\u0435\u043a\u0442\u043e\u0440\u043d\u043e\u0435:<\/strong> \u041e\u043a\u0430\u0437\u044b\u0432\u0430\u0435\u0442 \u043f\u0440\u043e\u0442\u0438\u0432\u043e\u0432\u043e\u0441\u043f\u0430\u043b\u0438\u0442\u0435\u043b\u044c\u043d\u043e\u0435 \u0438 \u043a\u0430\u0440\u0434\u0438\u043e\u043f\u0440\u043e\u0442\u0435\u043a\u0442\u043e\u0440\u043d\u043e\u0435 \u0434\u0435\u0439\u0441\u0442\u0432\u0438\u0435, \u0441\u043d\u0438\u0436\u0430\u044f \u0441\u043e\u0434\u0435\u0440\u0436\u0430\u043d\u0438\u0435 \u0436\u0438\u0440\u043e\u0432 \u0432 \u043a\u0440\u043e\u0432\u0438.<\/li>\n<li><strong>\u041d\u0435\u0437\u0430\u043c\u0435\u043d\u0438\u043c\u044b\u0435 \u0436\u0438\u0440\u043d\u044b\u0435 \u043a\u0438\u0441\u043b\u043e\u0442\u044b:<\/strong> \u0421\u043e\u0434\u0435\u0440\u0436\u0438\u0442 \u0432 \u0434\u0432\u0430 \u0440\u0430\u0437\u0430 \u0431\u043e\u043b\u044c\u0448\u0435 \u0436\u0438\u0440\u043d\u044b\u0445 \u043a\u0438\u0441\u043b\u043e\u0442 \u041e\u043c\u0435\u0433\u0430-3, \u0447\u0435\u043c \u0440\u044b\u0431\u0438\u0439 \u0436\u0438\u0440, \u0430 \u0442\u0430\u043a\u0436\u0435 \u0441\u043c\u0435\u0441\u044c \u043d\u0435\u0437\u0430\u043c\u0435\u043d\u0438\u043c\u044b\u0445 \u043a\u0438\u0441\u043b\u043e\u0442 \u041e\u043c\u0435\u0433\u0430-3 \u0438 \u041e\u043c\u0435\u0433\u0430-9.<\/li>\n<li><strong>\u0421\u0442\u0430\u0431\u0438\u043b\u0438\u0437\u0430\u0446\u0438\u044f \u0433\u043b\u044e\u043a\u043e\u0437\u044b \u0432 \u043a\u0440\u043e\u0432\u0438:<\/strong> \u041e\u043d \u0441\u0442\u0430\u0431\u0438\u043b\u0438\u0437\u0438\u0440\u0443\u0435\u0442 \u0443\u0440\u043e\u0432\u0435\u043d\u044c \u0441\u0430\u0445\u0430\u0440\u0430 \u0432 \u043a\u0440\u043e\u0432\u0438 \u0438 \u044f\u0432\u043b\u044f\u0435\u0442\u0441\u044f \u0435\u0441\u0442\u0435\u0441\u0442\u0432\u0435\u043d\u043d\u044b\u043c \u0441\u043b\u0430\u0431\u0438\u0442\u0435\u043b\u044c\u043d\u044b\u043c.<\/li>\n<li><strong>\u041f\u043e\u043b\u044c\u0437\u0430 \u0434\u043b\u044f \u0437\u0434\u043e\u0440\u043e\u0432\u044c\u044f:<\/strong> \u0421\u043e\u0434\u0435\u0440\u0436\u0438\u0442 \u0436\u0438\u0440\u043d\u044b\u0435 \u043a\u0438\u0441\u043b\u043e\u0442\u044b \u043e\u043c\u0435\u0433\u0430-3 \u0438 \u043e\u043c\u0435\u0433\u0430-6, \u0432 \u0442\u043e\u043c \u0447\u0438\u0441\u043b\u0435 \u043d\u0435\u0437\u0430\u043c\u0435\u043d\u0438\u043c\u0443\u044e \u0436\u0438\u0440\u043d\u0443\u044e \u043a\u0438\u0441\u043b\u043e\u0442\u0443 \u0430\u043b\u044c\u0444\u0430-\u043b\u0438\u043d\u043e\u043b\u0435\u043d\u043e\u0432\u0443\u044e \u043a\u0438\u0441\u043b\u043e\u0442\u0443 (\u0410\u041b\u041a), \u043a\u043e\u0442\u043e\u0440\u0430\u044f \u0432 \u043e\u0440\u0433\u0430\u043d\u0438\u0437\u043c\u0435 \u043f\u0440\u0435\u0432\u0440\u0430\u0449\u0430\u0435\u0442\u0441\u044f \u0432 \u043f\u043e\u043b\u0435\u0437\u043d\u044b\u0435 \u0434\u043b\u044f \u0437\u0434\u043e\u0440\u043e\u0432\u044c\u044f \u042d\u041f\u041a \u0438 \u0414\u0413\u041a.<\/li>\n<li><strong>\u0411\u0430\u043b\u0430\u043d\u0441 \u0436\u0438\u0440\u043d\u044b\u0445 \u043a\u0438\u0441\u043b\u043e\u0442:<\/strong> \u041a\u0430\u0436\u0434\u043e\u043c\u0443 \u0447\u0435\u043b\u043e\u0432\u0435\u043a\u0443 \u0432\u0430\u0436\u043d\u043e \u0438\u043c\u0435\u0442\u044c \u0441\u0431\u0430\u043b\u0430\u043d\u0441\u0438\u0440\u043e\u0432\u0430\u043d\u043d\u044b\u0439 \u0443\u0440\u043e\u0432\u0435\u043d\u044c \u0436\u0438\u0440\u043d\u044b\u0445 \u043a\u0438\u0441\u043b\u043e\u0442 \u043e\u043c\u0435\u0433\u0430-3 \u0438 \u043e\u043c\u0435\u0433\u0430-6, \u043f\u043e\u043b\u0443\u0447\u0430\u0435\u043c\u044b\u0445 \u0441 \u043f\u0438\u0449\u0435\u0439.<\/li>\n<li><strong>\u0423\u043c\u0435\u043d\u044c\u0448\u0435\u043d\u0438\u0435 \u0432\u043e\u0441\u043f\u0430\u043b\u0435\u043d\u0438\u044f:<\/strong> \u0416\u0438\u0440\u043d\u044b\u0435 \u043a\u0438\u0441\u043b\u043e\u0442\u044b \u043e\u043c\u0435\u0433\u0430-3 \u043f\u043e\u043c\u043e\u0433\u0430\u044e\u0442 \u0443\u043c\u0435\u043d\u044c\u0448\u0438\u0442\u044c \u0432\u043e\u0441\u043f\u0430\u043b\u0435\u043d\u0438\u0435.<\/li>\n<li><strong>\u041f\u0440\u0435\u0434\u043e\u0442\u0432\u0440\u0430\u0449\u0435\u043d\u0438\u0435 \u0440\u043e\u0441\u0442\u0430 \u043e\u043f\u0443\u0445\u043e\u043b\u0435\u0439:<\/strong> \u0418\u0441\u0441\u043b\u0435\u0434\u043e\u0432\u0430\u043d\u0438\u044f \u043f\u043e\u043a\u0430\u0437\u044b\u0432\u0430\u044e\u0442, \u0447\u0442\u043e \u043b\u044c\u043d\u044f\u043d\u043e\u0435 \u043c\u0430\u0441\u043b\u043e \u043f\u043e\u043c\u043e\u0433\u0430\u0435\u0442 \u043f\u0440\u0435\u0434\u043e\u0442\u0432\u0440\u0430\u0442\u0438\u0442\u044c \u0440\u043e\u0441\u0442 \u043e\u043f\u0443\u0445\u043e\u043b\u0435\u0439 \u043c\u043e\u043b\u043e\u0447\u043d\u043e\u0439 \u0436\u0435\u043b\u0435\u0437\u044b \u0438\u0437-\u0437\u0430 \u0441\u043e\u0435\u0434\u0438\u043d\u0435\u043d\u0438\u0439 \u0410\u041b\u041a.<\/li>\n<\/ul>\n<h5>\u0418\u0441\u043f\u043e\u043b\u044c\u0437\u043e\u0432\u0430\u043d\u0438\u0435:<\/h5>\n<ol start=\"1\">\n<li><strong>\u041a\u0443\u043b\u0438\u043d\u0430\u0440\u0438\u044f:<\/strong> \u041b\u044c\u043d\u044f\u043d\u043e\u0435 \u043c\u0430\u0441\u043b\u043e \u043c\u043e\u0436\u043d\u043e \u0434\u043e\u0431\u0430\u0432\u043b\u044f\u0442\u044c \u0432 \u0441\u0430\u043b\u0430\u0442\u044b, \u0441\u043c\u0443\u0437\u0438, \u0441\u0443\u043f\u044b \u0438\u043b\u0438 \u0439\u043e\u0433\u0443\u0440\u0442\u044b, \u0447\u0442\u043e\u0431\u044b \u043f\u043e\u0432\u044b\u0441\u0438\u0442\u044c \u043f\u0438\u0449\u0435\u0432\u0443\u044e \u0446\u0435\u043d\u043d\u043e\u0441\u0442\u044c \u043f\u0440\u043e\u0434\u0443\u043a\u0442\u043e\u0432.<\/li>\n<li><strong>\u041f\u0438\u0449\u0435\u0432\u0430\u044f \u0434\u043e\u0431\u0430\u0432\u043a\u0430:<\/strong> \u0423\u043f\u043e\u0442\u0440\u0435\u0431\u043b\u044f\u0439\u0442\u0435 \u0441\u0442\u043e\u043b\u043e\u0432\u0443\u044e \u043b\u043e\u0436\u043a\u0443 \u043b\u044c\u043d\u044f\u043d\u043e\u0433\u043e \u043c\u0430\u0441\u043b\u0430 \u043d\u0430\u0442\u043e\u0449\u0430\u043a \u0438\u043b\u0438 \u0434\u043e\u0431\u0430\u0432\u043b\u044f\u0439\u0442\u0435 \u0435\u0433\u043e \u0432 \u0441\u043e\u043a\u0438 \u0438 \u043d\u0430\u043f\u0438\u0442\u043a\u0438, \u0447\u0442\u043e\u0431\u044b \u0432\u043e\u0441\u043f\u043e\u043b\u044c\u0437\u043e\u0432\u0430\u0442\u044c\u0441\u044f \u0435\u0433\u043e \u0442\u0435\u0440\u0430\u043f\u0435\u0432\u0442\u0438\u0447\u0435\u0441\u043a\u0438\u043c\u0438 \u0441\u0432\u043e\u0439\u0441\u0442\u0432\u0430\u043c\u0438.<\/li>\n<li><strong>\u041b\u0438\u0447\u043d\u0430\u044f \u0433\u0438\u0433\u0438\u0435\u043d\u0430:<\/strong> \u041b\u044c\u043d\u044f\u043d\u043e\u0435 \u043c\u0430\u0441\u043b\u043e \u0442\u0430\u043a\u0436\u0435 \u043c\u043e\u0436\u043d\u043e \u0438\u0441\u043f\u043e\u043b\u044c\u0437\u043e\u0432\u0430\u0442\u044c \u0434\u043b\u044f \u0443\u0445\u043e\u0434\u0430 \u0437\u0430 \u0432\u043e\u043b\u043e\u0441\u0430\u043c\u0438 \u0438 \u043a\u043e\u0436\u0435\u0439, \u043d\u0430\u043d\u043e\u0441\u044f \u0435\u0433\u043e \u043d\u0435\u043f\u043e\u0441\u0440\u0435\u0434\u0441\u0442\u0432\u0435\u043d\u043d\u043e \u0438\u043b\u0438 \u0434\u043e\u0431\u0430\u0432\u043b\u044f\u044f \u0432 \u043a\u043e\u0441\u043c\u0435\u0442\u0438\u043a\u0443.<\/li>\n<\/ol>\n<h5>\u041a\u043b\u044e\u0447\u0435\u0432\u044b\u0435 \u0441\u043b\u043e\u0432\u0430:<\/h5>\n<p>Ulei De In,\u00a0 Omega3,\u00a0 Supliment Alimentar,\u00a0 Beneficii Pentru S\u0103n\u0103tate,\u00a0 Acizi Gra\u0219i Esen\u021biali,\u00a0 Alimenta\u021bie S\u0103n\u0103toas\u0103,\u00a0 Ulei Natural,\u00a0 Presare La Rece<\/p>","protected":false},"excerpt":{"rendered":"<p><span style=\"color: #99cc00;\"><strong>\u0411\u0418\u041e \u0441\u0435\u0440\u0442\u0438\u0444\u0438\u0446\u0438\u0440\u043e\u0432\u0430\u043d\u043d\u044b\u0439 \u043f\u0440\u043e\u0434\u0443\u043a\u0442. \u041a\u043e\u043b\u0438\u0447\u0435\u0441\u0442\u0432\u043e \u041f\u0440\u043e\u0434\u0443\u043a\u0442 \u0445\u043e\u043b\u043e\u0434\u043d\u043e\u0433\u043e \u043e\u0442\u0436\u0438\u043c\u0430, \u0440\u0430\u0441\u0444\u0430\u0441\u043e\u0432\u0430\u043d\u043d\u044b\u0439 \u0432 \u0431\u0443\u0442\u044b\u043b\u043a\u0443.<\/strong><\/span><\/p>\n<p>&nbsp;<\/p>\n<p>&nbsp;<\/p>","protected":false},"featured_media":14813,"comment_status":"open","ping_status":"closed","template":"","meta":{"_acf_changed":false},"product_brand":[],"product_cat":[114],"product_tag":[],"class_list":{"0":"post-8591","1":"product","2":"type-product","3":"status-publish","4":"has-post-thumbnail","6":"product_cat-ulei-bio","8":"first","9":"instock","10":"shipping-taxable","11":"purchasable","12":"product-type-variable"},"acf":[],"_links":{"self":[{"href":"https:\/\/biomed.md\/ru\/wp-json\/wp\/v2\/product\/8591","targetHints":{"allow":["GET"]}}],"collection":[{"href":"https:\/\/biomed.md\/ru\/wp-json\/wp\/v2\/product"}],"about":[{"href":"https:\/\/biomed.md\/ru\/wp-json\/wp\/v2\/types\/product"}],"replies":[{"embeddable":true,"href":"https:\/\/biomed.md\/ru\/wp-json\/wp\/v2\/comments?post=8591"}],"version-history":[{"count":7,"href":"https:\/\/biomed.md\/ru\/wp-json\/wp\/v2\/product\/8591\/revisions"}],"predecessor-version":[{"id":15935,"href":"https:\/\/biomed.md\/ru\/wp-json\/wp\/v2\/product\/8591\/revisions\/15935"}],"wp:featuredmedia":[{"embeddable":true,"href":"https:\/\/biomed.md\/ru\/wp-json\/wp\/v2\/media\/14813"}],"wp:attachment":[{"href":"https:\/\/biomed.md\/ru\/wp-json\/wp\/v2\/media?parent=8591"}],"wp:term":[{"taxonomy":"product_brand","embeddable":true,"href":"https:\/\/biomed.md\/ru\/wp-json\/wp\/v2\/product_brand?post=8591"},{"taxonomy":"product_cat","embeddable":true,"href":"https:\/\/biomed.md\/ru\/wp-json\/wp\/v2\/product_cat?post=8591"},{"taxonomy":"product_tag","embeddable":true,"href":"https:\/\/biomed.md\/ru\/wp-json\/wp\/v2\/product_tag?post=8591"}],"curies":[{"name":"wp","href":"https:\/\/api.w.org\/{rel}","templated":true}]}}