{"id":8582,"date":"2024-12-16T20:28:59","date_gmt":"2024-12-16T20:28:59","guid":{"rendered":"https:\/\/new.biomed.md\/?post_type=product&#038;p=8582"},"modified":"2026-03-30T11:31:37","modified_gmt":"2026-03-30T11:31:37","slug":"miez-de-dovleac-crud","status":"publish","type":"product","link":"https:\/\/biomed.md\/ru\/product\/miez-de-dovleac-crud\/","title":{"rendered":"\u0421\u044b\u0440\u044b\u0435 \u044f\u0434\u0440\u0430 \u0442\u044b\u043a\u0432\u0435\u043d\u043d\u044b\u0445 \u0441\u0435\u043c\u044f\u043d"},"content":{"rendered":"<h4>\u0421\u044b\u0440\u044b\u0435 \u0442\u044b\u043a\u0432\u0435\u043d\u043d\u044b\u0435 \u044f\u0434\u0440\u0430<\/h4>\n<p>\u0422\u044b\u043a\u0432\u0430 (Cucurbita maxima) \u2014 \u043e\u0434\u043d\u043e\u043b\u0435\u0442\u043d\u0435\u0435 \u0442\u0440\u0430\u0432\u044f\u043d\u0438\u0441\u0442\u043e\u0435 \u0440\u0430\u0441\u0442\u0435\u043d\u0438\u0435, \u0432\u044b\u0440\u0430\u0449\u0438\u0432\u0430\u0435\u043c\u043e\u0435 \u0440\u0430\u0434\u0438 \u043f\u043b\u043e\u0434\u043e\u0432, \u0446\u0432\u0435\u0442\u043e\u0432 \u0438 \u0441\u0435\u043c\u044f\u043d. \u0422\u044b\u043a\u0432\u0430 \u0441\u043e\u0434\u0435\u0440\u0436\u0438\u0442 \u0432\u043d\u0443\u0442\u0440\u0438 \u043c\u043d\u043e\u0436\u0435\u0441\u0442\u0432\u043e \u043e\u0432\u0430\u043b\u044c\u043d\u044b\u0445, \u0432\u044b\u043f\u0443\u043a\u043b\u044b\u0445 \u0438 \u0433\u043b\u0430\u0434\u043a\u0438\u0445 \u0441\u0435\u043c\u044f\u043d \u0434\u043b\u0438\u043d\u043e\u0439 2\u20133 \u0441\u043c, \u043a\u043e\u0442\u043e\u0440\u044b\u0435, \u0432 \u0441\u0432\u043e\u044e \u043e\u0447\u0435\u0440\u0435\u0434\u044c, \u0441\u043e\u0434\u0435\u0440\u0436\u0430\u0442 \u0431\u0435\u043b\u043e\u0435 \u0441\u044a\u0435\u0434\u043e\u0431\u043d\u043e\u0435 \u0441\u0435\u043c\u044f. \u041e\u043d \u0440\u043e\u0434\u043e\u043c \u0438\u0437 \u042e\u0436\u043d\u043e\u0439 \u0410\u043c\u0435\u0440\u0438\u043a\u0438, \u0433\u0434\u0435 \u0432 \u0434\u0438\u043a\u043e\u043c \u0432\u0438\u0434\u0435 \u0440\u0430\u0441\u0442\u0435\u0442 \u043d\u0430 \u042e\u0436\u043d\u043e\u043c \u043a\u043e\u043d\u0443\u0441\u0435. \u041e\u043d \u0431\u044b\u043b \u0437\u0430\u0432\u0435\u0437\u0435\u043d \u0432 \u0415\u0432\u0440\u043e\u043f\u0443 \u0432 \u0440\u0430\u043d\u043d\u0435\u043c \u0432\u043e\u0437\u0440\u0430\u0441\u0442\u0435 (\u043a\u043e\u043d\u0435\u0446 16 \u0432\u0435\u043a\u0430), \u0438 \u0438\u0437-\u0437\u0430 \u043b\u0435\u0433\u043a\u043e\u0441\u0442\u0438 \u0435\u0433\u043e \u0433\u0438\u0431\u0440\u0438\u0434\u0438\u0437\u0430\u0446\u0438\u0438 \u0435\u0433\u043e \u043f\u0443\u0442\u0430\u043b\u0438 \u0441 \u0441\u0430\u043f\u0441\u0430\u043d\u0430\u043c\u0438. \u0421\u0435\u0433\u043e\u0434\u043d\u044f \u0435\u0433\u043e \u0432\u044b\u0440\u0430\u0449\u0438\u0432\u0430\u044e\u0442 \u043d\u0430 \u0431\u043e\u043b\u044c\u0448\u0438\u0445 \u043f\u043b\u043e\u0449\u0430\u0434\u044f\u0445 \u0432 \u0440\u0435\u0433\u0438\u043e\u043d\u0430\u0445 \u0441 \u0443\u043c\u0435\u0440\u0435\u043d\u043d\u044b\u043c \u043a\u043b\u0438\u043c\u0430\u0442\u043e\u043c \u043f\u043e \u0432\u0441\u0435\u043c\u0443 \u043c\u0438\u0440\u0443.<\/p>\n<h5>\u0425\u0430\u0440\u0430\u043a\u0442\u0435\u0440\u0438\u0441\u0442\u0438\u043a\u0438:<\/h5>\n<p>Semin\u021bele de dovleac sunt o surs\u0103 excelent\u0103 de vitamine din grupul B (tiamina, riboflavina, niacina, acid pantotenic, vitamina B6 (piridoxina) \u0219i acid folic). Con\u021bin protein\u0103 de bun\u0103 calitate. Printre cele mai bogate seminte in proteine : 100 de grame de semin\u021be furnizeaz\u0103 80 de grame de protein\u0103.<\/p>\n<h5>\u041f\u043e\u043b\u044c\u0437\u0430 \u0434\u043b\u044f \u043e\u0440\u0433\u0430\u043d\u0438\u0437\u043c\u0430:<\/h5>\n<ul>\n<li><strong>\u041f\u0440\u043e\u0444\u0438\u043b\u0430\u043a\u0442\u0438\u043a\u0430 \u043a\u0430\u043c\u043d\u0435\u0439 \u0432 \u043f\u043e\u0447\u043a\u0430\u0445:<\/strong> \u0421\u043e\u0433\u043b\u0430\u0441\u043d\u043e \u0438\u0441\u0441\u043b\u0435\u0434\u043e\u0432\u0430\u043d\u0438\u044f\u043c, \u0441\u0435\u043c\u0435\u043d\u0430 \u0442\u044b\u043a\u0432\u044b \u043f\u0440\u0435\u0434\u043e\u0442\u0432\u0440\u0430\u0449\u0430\u044e\u0442 \u043e\u0431\u0440\u0430\u0437\u043e\u0432\u0430\u043d\u0438\u0435 \u043a\u0430\u043c\u043d\u0435\u0439 \u0432 \u043f\u043e\u0447\u043a\u0430\u0445 \u0438 \u0443\u043c\u0435\u043d\u044c\u0448\u0430\u044e\u0442 \u0432\u043e\u0441\u043f\u0430\u043b\u0435\u043d\u0438\u0435 \u043f\u0440\u0438 \u0430\u0440\u0442\u0440\u0438\u0442\u0435 \u0431\u0435\u0437 \u043f\u043e\u0431\u043e\u0447\u043d\u044b\u0445 \u044d\u0444\u0444\u0435\u043a\u0442\u043e\u0432 \u043b\u0435\u043a\u0430\u0440\u0441\u0442\u0432.<\/li>\n<li><strong>\u0415\u0441\u0442\u0435\u0441\u0442\u0432\u0435\u043d\u043d\u043e\u0435 \u043b\u0435\u0447\u0435\u043d\u0438\u0435:<\/strong> \u041e\u043d\u0438 \u0438\u0441\u043f\u043e\u043b\u044c\u0437\u0443\u044e\u0442\u0441\u044f \u0432\u043e \u043c\u043d\u043e\u0433\u0438\u0445 \u043d\u0430\u0440\u043e\u0434\u043d\u044b\u0445 \u043a\u0443\u043b\u044c\u0442\u0443\u0440\u0430\u0445 \u043a\u0430\u043a \u0435\u0441\u0442\u0435\u0441\u0442\u0432\u0435\u043d\u043d\u043e\u0435 \u0441\u0440\u0435\u0434\u0441\u0442\u0432\u043e \u043e\u0442 \u043b\u0435\u043d\u0442\u043e\u0447\u043d\u044b\u0445 \u0447\u0435\u0440\u0432\u0435\u0439 \u0438 \u0434\u0440\u0443\u0433\u0438\u0445 \u043f\u0430\u0440\u0430\u0437\u0438\u0442\u043e\u0432. \u041e\u043d\u0438 \u0445\u043e\u0440\u043e\u0448\u0438 \u0434\u043b\u044f \u043f\u043e\u0434\u0434\u0435\u0440\u0436\u0430\u043d\u0438\u044f \u0437\u0434\u043e\u0440\u043e\u0432\u044c\u044f \u043f\u0440\u043e\u0441\u0442\u0430\u0442\u044b.<\/li>\n<li><strong>\u0420\u0435\u0433\u0443\u043b\u044f\u0446\u0438\u044f \u0438\u043d\u0441\u0443\u043b\u0438\u043d\u0430:<\/strong> \u0418\u0441\u0441\u043b\u0435\u0434\u043e\u0432\u0430\u043d\u0438\u044f \u043f\u043e\u043a\u0430\u0437\u044b\u0432\u0430\u044e\u0442, \u0447\u0442\u043e \u0441\u0435\u043c\u0435\u043d\u0430 \u0442\u044b\u043a\u0432\u044b \u043c\u043e\u0433\u0443\u0442 \u043f\u043e\u043c\u043e\u0447\u044c \u0443\u043b\u0443\u0447\u0448\u0438\u0442\u044c \u0440\u0435\u0433\u0443\u043b\u044f\u0446\u0438\u044e \u0438\u043d\u0441\u0443\u043b\u0438\u043d\u0430 \u0438 \u043f\u0440\u0435\u0434\u043e\u0442\u0432\u0440\u0430\u0442\u0438\u0442\u044c \u043e\u0441\u043b\u043e\u0436\u043d\u0435\u043d\u0438\u044f \u0434\u0438\u0430\u0431\u0435\u0442\u0430 \u0437\u0430 \u0441\u0447\u0435\u0442 \u0441\u043d\u0438\u0436\u0435\u043d\u0438\u044f \u043e\u043a\u0438\u0441\u043b\u0438\u0442\u0435\u043b\u044c\u043d\u043e\u0433\u043e \u0441\u0442\u0440\u0435\u0441\u0441\u0430.<\/li>\n<li><strong>\u041f\u043e\u043b\u044c\u0437\u0430 \u0434\u043b\u044f \u0441\u0435\u0440\u0434\u0446\u0430 \u0438 \u043f\u0435\u0447\u0435\u043d\u0438:<\/strong> \u0421\u0435\u043c\u0435\u043d\u0430 \u0442\u044b\u043a\u0432\u044b, \u0431\u043e\u0433\u0430\u0442\u044b\u0435 \u043f\u043e\u043b\u0435\u0437\u043d\u044b\u043c\u0438 \u0436\u0438\u0440\u0430\u043c\u0438, \u0430\u043d\u0442\u0438\u043e\u043a\u0441\u0438\u0434\u0430\u043d\u0442\u0430\u043c\u0438 \u0438 \u043a\u043b\u0435\u0442\u0447\u0430\u0442\u043a\u043e\u0439, \u043f\u043e\u043b\u0435\u0437\u043d\u044b \u0434\u043b\u044f \u0437\u0434\u043e\u0440\u043e\u0432\u044c\u044f \u0441\u0435\u0440\u0434\u0446\u0430 \u0438 \u043f\u0435\u0447\u0435\u043d\u0438, \u043e\u0441\u043e\u0431\u0435\u043d\u043d\u043e \u0432 \u0441\u043e\u0447\u0435\u0442\u0430\u043d\u0438\u0438 \u0441 \u0441\u0435\u043c\u0435\u043d\u0430\u043c\u0438 \u043b\u044c\u043d\u0430.<\/li>\n<li><strong>\u0421\u043e\u0434\u0435\u0439\u0441\u0442\u0432\u0438\u0435 \u0441\u043d\u0443:<\/strong> \u0423\u043f\u043e\u0442\u0440\u0435\u0431\u043b\u0435\u043d\u0438\u0435 \u0442\u044b\u043a\u0432\u0435\u043d\u043d\u044b\u0445 \u0441\u0435\u043c\u0435\u0447\u0435\u043a \u043f\u0435\u0440\u0435\u0434 \u0441\u043d\u043e\u043c \u0432\u043c\u0435\u0441\u0442\u0435 \u0441 \u043d\u0435\u0431\u043e\u043b\u044c\u0448\u043e\u0439 \u043f\u043e\u0440\u0446\u0438\u0435\u0439 \u0443\u0433\u043b\u0435\u0432\u043e\u0434\u043e\u0432 \u043c\u043e\u0436\u0435\u0442 \u0431\u044b\u0442\u044c \u043f\u043e\u043b\u0435\u0437\u043d\u043e \u0434\u043b\u044f \u0432\u044b\u0440\u0430\u0431\u043e\u0442\u043a\u0438 \u0442\u0440\u0438\u043f\u0442\u043e\u0444\u0430\u043d\u0430, \u043d\u0435\u043e\u0431\u0445\u043e\u0434\u0438\u043c\u043e\u0433\u043e \u0434\u043b\u044f \u043c\u0435\u043b\u0430\u0442\u043e\u043d\u0438\u043d\u0430 \u0438 \u0441\u0435\u0440\u043e\u0442\u043e\u043d\u0438\u043d\u0430, \u0447\u0442\u043e \u0441\u043f\u043e\u0441\u043e\u0431\u0441\u0442\u0432\u0443\u0435\u0442 \u0441\u043f\u043e\u043a\u043e\u0439\u043d\u043e\u043c\u0443 \u043d\u043e\u0447\u043d\u043e\u043c\u0443 \u0441\u043d\u0443.<\/li>\n<li><strong>\u041f\u0440\u043e\u0442\u0438\u0432\u043e\u0432\u043e\u0441\u043f\u0430\u043b\u0438\u0442\u0435\u043b\u044c\u043d\u043e\u0435 \u0434\u0435\u0439\u0441\u0442\u0432\u0438\u0435:<\/strong> \u0421\u0435\u043c\u0435\u043d\u0430 \u0442\u044b\u043a\u0432\u044b \u043e\u0431\u043b\u0430\u0434\u0430\u044e\u0442 \u043f\u0440\u043e\u0442\u0438\u0432\u043e\u0432\u043e\u0441\u043f\u0430\u043b\u0438\u0442\u0435\u043b\u044c\u043d\u044b\u043c \u0434\u0435\u0439\u0441\u0442\u0432\u0438\u0435\u043c.<\/li>\n<\/ul>\n<h5>\u0418\u0441\u043f\u043e\u043b\u044c\u0437\u043e\u0432\u0430\u043d\u0438\u0435:<\/h5>\n<ol start=\"1\">\n<li><strong>\u041f\u0440\u0438\u0433\u043e\u0442\u043e\u0432\u043b\u0435\u043d\u0438\u0435:<\/strong> \u0421\u0435\u043c\u0435\u043d\u0430 \u0442\u044b\u043a\u0432\u044b \u043c\u043e\u0436\u043d\u043e \u0435\u0441\u0442\u044c \u0441\u044b\u0440\u044b\u043c\u0438 \u0438\u043b\u0438 \u0436\u0430\u0440\u0435\u043d\u044b\u043c\u0438, \u0434\u043e\u0431\u0430\u0432\u043b\u044f\u0442\u044c \u0432 \u0441\u0430\u043b\u0430\u0442\u044b, \u0441\u0443\u043f\u044b, \u0445\u043b\u0435\u0431, \u0442\u043e\u0440\u0442\u044b \u0438 \u0434\u0440\u0443\u0433\u0438\u0435 \u043a\u0443\u043b\u0438\u043d\u0430\u0440\u043d\u044b\u0435 \u0438\u0437\u0434\u0435\u043b\u0438\u044f. \u0418\u0445 \u0442\u0430\u043a\u0436\u0435 \u043c\u043e\u0436\u043d\u043e \u0438\u0441\u043f\u043e\u043b\u044c\u0437\u043e\u0432\u0430\u0442\u044c \u0434\u043b\u044f \u043f\u0440\u0438\u0433\u043e\u0442\u043e\u0432\u043b\u0435\u043d\u0438\u044f \u0442\u044b\u043a\u0432\u0435\u043d\u043d\u043e\u0433\u043e \u043c\u0430\u0441\u043b\u0430 \u0438\u043b\u0438 \u043c\u043e\u043b\u043e\u043a\u0430.<\/li>\n<li><strong>\u0422\u0440\u0430\u0434\u0438\u0446\u0438\u043e\u043d\u043d\u0430\u044f \u043c\u0435\u0434\u0438\u0446\u0438\u043d\u0430:<\/strong> \u0421\u0435\u043c\u0435\u043d\u0430 \u0442\u044b\u043a\u0432\u044b, \u0438\u0441\u043f\u043e\u043b\u044c\u0437\u0443\u0435\u043c\u044b\u0435 \u0432 \u043a\u0430\u0447\u0435\u0441\u0442\u0432\u0435 \u0435\u0441\u0442\u0435\u0441\u0442\u0432\u0435\u043d\u043d\u043e\u0433\u043e \u0441\u0440\u0435\u0434\u0441\u0442\u0432\u0430 \u0432 \u0440\u0430\u0437\u043b\u0438\u0447\u043d\u044b\u0445 \u043a\u0443\u043b\u044c\u0442\u0443\u0440\u0430\u0445, \u0438\u0437\u0432\u0435\u0441\u0442\u043d\u044b \u0441\u0432\u043e\u0438\u043c\u0438 \u043f\u0440\u043e\u0442\u0438\u0432\u043e\u043f\u0430\u0440\u0430\u0437\u0438\u0442\u0430\u0440\u043d\u044b\u043c\u0438 \u0438 \u043f\u0440\u043e\u0442\u0438\u0432\u043e\u0432\u043e\u0441\u043f\u0430\u043b\u0438\u0442\u0435\u043b\u044c\u043d\u044b\u043c\u0438 \u0441\u0432\u043e\u0439\u0441\u0442\u0432\u0430\u043c\u0438.<\/li>\n<li><strong>\u041f\u0438\u0449\u0435\u0432\u044b\u0435 \u0434\u043e\u0431\u0430\u0432\u043a\u0438:<\/strong> \u0421\u0435\u043c\u0435\u043d\u0430 \u0442\u044b\u043a\u0432\u044b \u043c\u043e\u0436\u043d\u043e \u0443\u043f\u043e\u0442\u0440\u0435\u0431\u043b\u044f\u0442\u044c \u0432 \u043a\u0430\u0447\u0435\u0441\u0442\u0432\u0435 \u043f\u0438\u0449\u0435\u0432\u044b\u0445 \u0434\u043e\u0431\u0430\u0432\u043e\u043a, \u0447\u0442\u043e\u0431\u044b \u0438\u0437\u0432\u043b\u0435\u0447\u044c \u0432\u044b\u0433\u043e\u0434\u0443 \u0438\u0437 \u0438\u0445 \u043f\u0438\u0442\u0430\u0442\u0435\u043b\u044c\u043d\u044b\u0445 \u0438 \u043b\u0435\u0447\u0435\u0431\u043d\u044b\u0445 \u0441\u0432\u043e\u0439\u0441\u0442\u0432.<\/li>\n<li><strong>\u041b\u0438\u0447\u043d\u0430\u044f \u0433\u0438\u0433\u0438\u0435\u043d\u0430:<\/strong> \u041c\u0430\u0441\u043b\u043e \u0441\u0435\u043c\u044f\u043d \u0442\u044b\u043a\u0432\u044b \u0438\u0441\u043f\u043e\u043b\u044c\u0437\u0443\u0435\u0442\u0441\u044f \u0432 \u043a\u043e\u0441\u043c\u0435\u0442\u0438\u043a\u0435 \u0431\u043b\u0430\u0433\u043e\u0434\u0430\u0440\u044f \u0441\u0432\u043e\u0438\u043c \u0443\u0432\u043b\u0430\u0436\u043d\u044f\u044e\u0449\u0438\u043c \u0438 \u0430\u043d\u0442\u0438\u043e\u043a\u0441\u0438\u0434\u0430\u043d\u0442\u043d\u044b\u043c \u0441\u0432\u043e\u0439\u0441\u0442\u0432\u0430\u043c.<\/li>\n<\/ol>\n<h5>\u041a\u043b\u044e\u0447\u0435\u0432\u044b\u0435 \u0441\u043b\u043e\u0432\u0430:<\/h5>\n<p>Miez De Dovleac crud , Semin\u021be De Dovleac, seminte de bostan, antiparazitar, Beneficii Pentru S\u0103n\u0103tate,\u00a0 Vitamine,\u00a0 Proteine,\u00a0 Antiinflamator,\u00a0 Tratament Natural,\u00a0 S\u0103n\u0103tate Prostat\u0103,\u00a0 Reglarea Insulinei<\/p>","protected":false},"excerpt":{"rendered":"<p>Miez de dovleac crud Dovleacul, bostanul sau cucurb\u0103ta (Cucurbita maxima) este o plant\u0103 erbacee anual\u0103 cultivat\u0103 pentru fructul, florile \u0219i<\/p>","protected":false},"featured_media":16219,"comment_status":"open","ping_status":"closed","template":"","meta":{"_acf_changed":false},"product_brand":[],"product_cat":[111],"product_tag":[],"class_list":{"0":"post-8582","1":"product","2":"type-product","3":"status-publish","4":"has-post-thumbnail","6":"product_cat-cereale-seminte-bio","8":"first","9":"instock","10":"shipping-taxable","11":"purchasable","12":"product-type-variable"},"acf":[],"_links":{"self":[{"href":"https:\/\/biomed.md\/ru\/wp-json\/wp\/v2\/product\/8582","targetHints":{"allow":["GET"]}}],"collection":[{"href":"https:\/\/biomed.md\/ru\/wp-json\/wp\/v2\/product"}],"about":[{"href":"https:\/\/biomed.md\/ru\/wp-json\/wp\/v2\/types\/product"}],"replies":[{"embeddable":true,"href":"https:\/\/biomed.md\/ru\/wp-json\/wp\/v2\/comments?post=8582"}],"version-history":[{"count":5,"href":"https:\/\/biomed.md\/ru\/wp-json\/wp\/v2\/product\/8582\/revisions"}],"predecessor-version":[{"id":16217,"href":"https:\/\/biomed.md\/ru\/wp-json\/wp\/v2\/product\/8582\/revisions\/16217"}],"wp:featuredmedia":[{"embeddable":true,"href":"https:\/\/biomed.md\/ru\/wp-json\/wp\/v2\/media\/16219"}],"wp:attachment":[{"href":"https:\/\/biomed.md\/ru\/wp-json\/wp\/v2\/media?parent=8582"}],"wp:term":[{"taxonomy":"product_brand","embeddable":true,"href":"https:\/\/biomed.md\/ru\/wp-json\/wp\/v2\/product_brand?post=8582"},{"taxonomy":"product_cat","embeddable":true,"href":"https:\/\/biomed.md\/ru\/wp-json\/wp\/v2\/product_cat?post=8582"},{"taxonomy":"product_tag","embeddable":true,"href":"https:\/\/biomed.md\/ru\/wp-json\/wp\/v2\/product_tag?post=8582"}],"curies":[{"name":"wp","href":"https:\/\/api.w.org\/{rel}","templated":true}]}}