{"id":8506,"date":"2024-12-16T20:28:48","date_gmt":"2024-12-16T20:28:48","guid":{"rendered":"https:\/\/new.biomed.md\/?post_type=product&#038;p=8506"},"modified":"2026-03-26T10:48:44","modified_gmt":"2026-03-26T10:48:44","slug":"quinoa","status":"publish","type":"product","link":"https:\/\/biomed.md\/ru\/product\/quinoa\/","title":{"rendered":"\u041a\u0438\u043d\u043e\u0430"},"content":{"rendered":"<p><strong>Quinoa 1 kg &#8211; Superalimentul din Anzi<\/strong><\/p>\n<p>\u041a\u0438\u043d\u043e\u0430 (Chenopodium quinoa), \u0445\u043e\u0442\u044f \u0438 \u0440\u0430\u0441\u0441\u043c\u0430\u0442\u0440\u0438\u0432\u0430\u0435\u0442\u0441\u044f \u043a\u0430\u043a \u0437\u0435\u0440\u043d\u043e \u0438 \u0433\u043e\u0442\u043e\u0432\u0438\u0442\u0441\u044f \u0442\u0430\u043a \u0436\u0435, \u043a\u0430\u043a \u0440\u0438\u0441 \u0438\u043b\u0438 \u044f\u0447\u043c\u0435\u043d\u044c, \u0441\u0432\u044f\u0437\u0430\u043d\u0430 \u0441 \u0437\u0435\u043b\u0435\u043d\u044b\u043c\u0438 \u0440\u0430\u0441\u0442\u0435\u043d\u0438\u044f\u043c\u0438, \u0442\u0430\u043a\u0438\u043c\u0438 \u043a\u0430\u043a \u0448\u043f\u0438\u043d\u0430\u0442, \u043c\u0430\u043d\u0433\u043e\u043b\u044c\u0434 \u0438\u043b\u0438 \u043c\u0430\u043d\u0433\u043e\u043b\u044c\u0434. \u0420\u043e\u0434\u043e\u043c \u0438\u0437 \u042e\u0436\u043d\u043e\u0439 \u0410\u043c\u0435\u0440\u0438\u043a\u0438, \u0440\u0435\u0433\u0438\u043e\u043d\u0430 \u0410\u043d\u0434 (\u042d\u043a\u0432\u0430\u0434\u043e\u0440, \u0411\u043e\u043b\u0438\u0432\u0438\u044f, \u041a\u043e\u043b\u0443\u043c\u0431\u0438\u044f \u0438 \u041f\u0435\u0440\u0443), \u043a\u0438\u043d\u043e\u0430 \u0432\u044b\u0440\u0430\u0449\u0438\u0432\u0430\u043b\u0438 \u0434\u043b\u044f \u043f\u043e\u0442\u0440\u0435\u0431\u043b\u0435\u043d\u0438\u044f \u0447\u0435\u043b\u043e\u0432\u0435\u043a\u043e\u043c \u0435\u0449\u0435 3000-4000 \u043b\u0435\u0442 \u043d\u0430\u0437\u0430\u0434. \u0412 \u0415\u0432\u0440\u043e\u043f\u0443 \u0435\u0433\u043e \u0437\u0430\u0432\u0435\u0437\u043b\u0438 \u0438\u0441\u043f\u0430\u043d\u0441\u043a\u0438\u0435 \u043a\u043e\u043b\u043e\u043d\u0438\u0441\u0442\u044b.<\/p>\n<p><strong>\u041f\u0438\u0442\u0430\u0442\u0435\u043b\u044c\u043d\u044b\u0435 \u0432\u0435\u0449\u0435\u0441\u0442\u0432\u0430:<\/strong><\/p>\n<ul>\n<li><strong>\u0411\u0435\u043b\u043a\u0438:<\/strong> \u0412\u044b\u0441\u043e\u043a\u043e\u043a\u0430\u0447\u0435\u0441\u0442\u0432\u0435\u043d\u043d\u044b\u0439 \u0431\u0435\u043b\u043e\u043a, \u0441\u043e\u0434\u0435\u0440\u0436\u0430\u0449\u0438\u0439 \u0432\u0441\u0435 9 \u043d\u0435\u0437\u0430\u043c\u0435\u043d\u0438\u043c\u044b\u0445 \u0430\u043c\u0438\u043d\u043e\u043a\u0438\u0441\u043b\u043e\u0442.<\/li>\n<li><strong>\u0412\u0438\u0442\u0430\u043c\u0438\u043d\u044b:<\/strong> \u0412\u0438\u0442\u0430\u043c\u0438\u043d\u044b A, C, D, E, K \u0438 B.<\/li>\n<li><strong>\u041c\u0438\u043d\u0435\u0440\u0430\u043b\u044b:<\/strong> \u0416\u0435\u043b\u0435\u0437\u043e, \u043a\u0430\u043b\u044c\u0446\u0438\u0439, \u0445\u0440\u043e\u043c, \u043c\u0435\u0434\u044c, \u0444\u0442\u043e\u0440, \u0439\u043e\u0434, \u043c\u0430\u0433\u043d\u0438\u0439, \u043a\u0430\u043b\u0438\u0439, \u0441\u0435\u043b\u0435\u043d \u0438 \u0446\u0438\u043d\u043a.<\/li>\n<li><strong>\u0414\u0440\u0443\u0433\u0438\u0435 \u0441\u043e\u0435\u0434\u0438\u043d\u0435\u043d\u0438\u044f:<\/strong> \u0424\u043b\u0430\u0432\u043e\u043d\u043e\u0438\u0434\u044b, \u043a\u0440\u0430\u0445\u043c\u0430\u043b, \u0441\u0430\u0445\u0430\u0440\u0430, \u043c\u0430\u0441\u043b\u043e (\u043d\u0435\u0437\u0430\u043c\u0435\u043d\u0438\u043c\u0430\u044f \u043b\u0438\u043d\u043e\u043b\u0435\u0432\u0430\u044f \u043a\u0438\u0441\u043b\u043e\u0442\u0430), \u043a\u043b\u0435\u0442\u0447\u0430\u0442\u043a\u0430.<\/li>\n<\/ul>\n<p><strong>\u041f\u043e\u043b\u044c\u0437\u0430 \u0434\u043b\u044f \u043e\u0440\u0433\u0430\u043d\u0438\u0437\u043c\u0430:<\/strong><\/p>\n<ul>\n<li><strong>\u041f\u0438\u0449\u0435\u0432\u0430\u0440\u0438\u0442\u0435\u043b\u044c\u043d\u043e\u0435 \u0437\u0434\u043e\u0440\u043e\u0432\u044c\u0435:<\/strong> \u0421\u0435\u043c\u0435\u043d\u0430 \u043a\u0438\u043d\u043e\u0430 \u0441\u043e\u0434\u0435\u0440\u0436\u0430\u0442 \u043a\u043b\u0435\u0442\u0447\u0430\u0442\u043a\u0443, \u043a\u043e\u0442\u043e\u0440\u0430\u044f \u0443\u0441\u043a\u043e\u0440\u044f\u0435\u0442 \u043a\u0438\u0448\u0435\u0447\u043d\u044b\u0439 \u0442\u0440\u0430\u043d\u0437\u0438\u0442, \u0447\u0442\u043e \u043d\u0435\u043e\u0431\u0445\u043e\u0434\u0438\u043c\u043e \u0434\u043b\u044f \u043a\u043e\u043d\u0442\u0440\u043e\u043b\u044f \u0432\u0435\u0441\u0430.<\/li>\n<li><strong>\u042d\u043d\u0435\u0440\u0433\u0438\u044f \u0438 \u0438\u043c\u043c\u0443\u043d\u0438\u0442\u0435\u0442:<\/strong> \u0421\u043e\u0434\u0435\u0440\u0436\u0438\u0442 \u0432\u0438\u0442\u0430\u043c\u0438\u043d\u044b \u0438 \u043c\u0438\u043d\u0435\u0440\u0430\u043b\u044b, \u043a\u043e\u0442\u043e\u0440\u044b\u0435 \u0437\u0430\u0440\u044f\u0436\u0430\u044e\u0442 \u043e\u0440\u0433\u0430\u043d\u0438\u0437\u043c \u044d\u043d\u0435\u0440\u0433\u0438\u0435\u0439 \u0438 \u0443\u043a\u0440\u0435\u043f\u043b\u044f\u044e\u0442 \u0438\u043c\u043c\u0443\u043d\u043d\u0443\u044e \u0441\u0438\u0441\u0442\u0435\u043c\u0443.<\/li>\n<li><strong>\u041f\u0440\u043e\u0442\u0438\u0432\u043e\u0432\u043e\u0441\u043f\u0430\u043b\u0438\u0442\u0435\u043b\u044c\u043d\u043e\u0435 \u0438 \u0430\u043d\u0442\u0438\u043e\u043a\u0441\u0438\u0434\u0430\u043d\u0442\u043d\u043e\u0435 \u0434\u0435\u0439\u0441\u0442\u0432\u0438\u0435:<\/strong> \u041e\u043d \u0441\u043e\u0434\u0435\u0440\u0436\u0438\u0442 \u0444\u043b\u0430\u0432\u043e\u043d\u043e\u0438\u0434\u044b \u0441 \u043f\u0440\u043e\u0442\u0438\u0432\u043e\u0432\u043e\u0441\u043f\u0430\u043b\u0438\u0442\u0435\u043b\u044c\u043d\u044b\u043c\u0438, \u043f\u0440\u043e\u0442\u0438\u0432\u043e\u0432\u0438\u0440\u0443\u0441\u043d\u044b\u043c\u0438, \u043f\u0440\u043e\u0442\u0438\u0432\u043e\u0440\u0430\u043a\u043e\u0432\u044b\u043c\u0438 \u0438 \u0430\u043d\u0442\u0438\u0434\u0435\u043f\u0440\u0435\u0441\u0441\u0438\u0432\u043d\u044b\u043c\u0438 \u0441\u0432\u043e\u0439\u0441\u0442\u0432\u0430\u043c\u0438.<\/li>\n<li><strong>\u041d\u0438\u0437\u043a\u0438\u0439 \u0433\u043b\u0438\u043a\u0435\u043c\u0438\u0447\u0435\u0441\u043a\u0438\u0439 \u0438\u043d\u0434\u0435\u043a\u0441:<\/strong> \u041f\u043e\u043c\u043e\u0433\u0430\u0435\u0442 \u043f\u043e\u0434\u0434\u0435\u0440\u0436\u0438\u0432\u0430\u0442\u044c \u0443\u0440\u043e\u0432\u0435\u043d\u044c \u0433\u043b\u044e\u043a\u043e\u0437\u044b \u0432 \u043a\u0440\u043e\u0432\u0438 \u0432 \u043f\u0440\u0435\u0434\u0435\u043b\u0430\u0445 \u043d\u043e\u0440\u043c\u044b, \u043f\u0440\u0435\u0434\u043e\u0442\u0432\u0440\u0430\u0449\u0430\u044f \u043e\u0436\u0438\u0440\u0435\u043d\u0438\u0435, \u0434\u0438\u0430\u0431\u0435\u0442 2 \u0442\u0438\u043f\u0430 \u0438 \u0441\u0435\u0440\u0434\u0435\u0447\u043d\u043e-\u0441\u043e\u0441\u0443\u0434\u0438\u0441\u0442\u044b\u0435 \u0437\u0430\u0431\u043e\u043b\u0435\u0432\u0430\u043d\u0438\u044f.<\/li>\n<li><strong>\u0418\u0441\u0442\u043e\u0447\u043d\u0438\u043a \u0431\u0435\u043b\u043a\u0430:<\/strong> \u0421\u043e\u0434\u0435\u0440\u0436\u0438\u0442 \u0432\u0441\u0435 9 \u043d\u0435\u0437\u0430\u043c\u0435\u043d\u0438\u043c\u044b\u0445 \u0430\u043c\u0438\u043d\u043e\u043a\u0438\u0441\u043b\u043e\u0442, \u0447\u0442\u043e \u0434\u0435\u043b\u0430\u0435\u0442 \u0435\u0433\u043e \u0438\u0434\u0435\u0430\u043b\u044c\u043d\u044b\u043c \u0434\u043b\u044f \u0440\u0430\u0437\u0432\u0438\u0442\u0438\u044f \u043c\u044b\u0448\u0446 \u0438 \u043e\u0431\u0449\u0435\u0433\u043e \u0441\u043e\u0441\u0442\u043e\u044f\u043d\u0438\u044f \u0437\u0434\u043e\u0440\u043e\u0432\u044c\u044f.<\/li>\n<li><strong>\u041a\u0430\u0447\u0435\u0441\u0442\u0432\u043e \u0433\u0440\u0443\u0434\u043d\u043e\u0433\u043e \u043c\u043e\u043b\u043e\u043a\u0430:<\/strong> \u0423\u043f\u043e\u0442\u0440\u0435\u0431\u043b\u044f\u0435\u043c\u0430\u044f \u043c\u0430\u0442\u0435\u0440\u044f\u043c\u0438 \u043a\u0438\u043d\u043e\u0430 \u0441\u043f\u043e\u0441\u043e\u0431\u0441\u0442\u0432\u0443\u0435\u0442 \u0443\u043b\u0443\u0447\u0448\u0435\u043d\u0438\u044e \u043a\u0430\u0447\u0435\u0441\u0442\u0432\u0430 \u0433\u0440\u0443\u0434\u043d\u043e\u0433\u043e \u043c\u043e\u043b\u043e\u043a\u0430.<\/li>\n<li><strong>\u0420\u0430\u0437\u0432\u0438\u0442\u0438\u0435 \u0440\u0435\u0431\u0435\u043d\u043a\u0430:<\/strong> \u0411\u043b\u0430\u0433\u043e\u0434\u0430\u0440\u044f \u0432\u044b\u0441\u043e\u043a\u043e\u043c\u0443 \u0441\u043e\u0434\u0435\u0440\u0436\u0430\u043d\u0438\u044e \u043a\u0430\u043b\u044c\u0446\u0438\u044f \u0441\u043f\u043e\u0441\u043e\u0431\u0441\u0442\u0432\u0443\u0435\u0442 \u043f\u0440\u0430\u0432\u0438\u043b\u044c\u043d\u043e\u043c\u0443 \u0440\u0430\u0437\u0432\u0438\u0442\u0438\u044e \u0437\u0443\u0431\u043e\u0432 \u0438 \u043a\u043e\u0441\u0442\u0435\u0439 \u0434\u0435\u0442\u0435\u0439.<\/li>\n<li><strong>\u0417\u0434\u043e\u0440\u043e\u0432\u044c\u0435 \u043c\u043e\u0437\u0433\u0430:<\/strong> \u0411\u043e\u0433\u0430\u0442 \u0432\u0438\u0442\u0430\u043c\u0438\u043d\u043e\u043c B9, \u043a\u043e\u0442\u043e\u0440\u044b\u0439 \u0437\u0430\u043c\u0435\u0434\u043b\u044f\u0435\u0442 \u0441\u0442\u0430\u0440\u0435\u043d\u0438\u0435 \u043c\u043e\u0437\u0433\u0430.<\/li>\n<\/ul>\n<p><strong>\u041a\u0443\u043b\u0438\u043d\u0430\u0440\u043d\u043e\u0435 \u0438\u0441\u043f\u043e\u043b\u044c\u0437\u043e\u0432\u0430\u043d\u0438\u0435:<\/strong><\/p>\n<ol start=\"1\">\n<li><strong>\u041f\u043b\u043e\u0432:<\/strong> \u041f\u0440\u0438\u0433\u043e\u0442\u043e\u0432\u044c\u0442\u0435 \u043a\u0438\u043d\u043e\u0430 \u0432\u043c\u0435\u0441\u0442\u043e \u0440\u0438\u0441\u0430, \u0447\u0442\u043e\u0431\u044b \u043f\u043e\u043b\u0443\u0447\u0438\u043b\u0441\u044f \u043f\u043e\u043b\u0435\u0437\u043d\u044b\u0439 \u0438 \u043f\u0438\u0442\u0430\u0442\u0435\u043b\u044c\u043d\u044b\u0439 \u043f\u043b\u043e\u0432.<\/li>\n<li><strong>\u0421\u0443\u043f\u044b:<\/strong> \u0414\u043e\u0431\u0430\u0432\u043b\u044f\u0439\u0442\u0435 \u043a\u0438\u043d\u043e\u0430 \u0432 \u0441\u0443\u043f\u044b, \u0447\u0442\u043e\u0431\u044b \u043f\u043e\u043b\u0443\u0447\u0438\u0442\u044c \u0431\u043e\u043b\u044c\u0448\u0435 \u0431\u0435\u043b\u043a\u0430 \u0438 \u043a\u043b\u0435\u0442\u0447\u0430\u0442\u043a\u0438.<\/li>\n<li><strong>\u0421\u0430\u043b\u0430\u0442\u044b:<\/strong> \u0418\u0441\u043f\u043e\u043b\u044c\u0437\u0443\u0439\u0442\u0435 \u043a\u0438\u043d\u043e\u0430 \u0432 \u0441\u0430\u043b\u0430\u0442\u0430\u0445, \u0447\u0442\u043e\u0431\u044b \u043f\u0440\u0438\u0434\u0430\u0442\u044c \u0438\u043c \u0442\u0435\u043a\u0441\u0442\u0443\u0440\u0443 \u0438 \u043f\u0438\u0449\u0435\u0432\u0443\u044e \u0446\u0435\u043d\u043d\u043e\u0441\u0442\u044c.<\/li>\n<li><strong>\u0422\u0443\u0448\u0435\u043d\u043e\u0435 \u043c\u044f\u0441\u043e:<\/strong> \u0414\u043e\u0431\u0430\u0432\u043b\u044f\u0439\u0442\u0435 \u043a\u0438\u043d\u043e\u0430 \u0432 \u0440\u0430\u0433\u0443 \u0438 \u043a\u0438\u0442\u0430\u0439\u0441\u043a\u0438\u0435 \u0440\u0435\u0446\u0435\u043f\u0442\u044b, \u0447\u0442\u043e\u0431\u044b \u043f\u043e\u043b\u0443\u0447\u0438\u0442\u044c \u0431\u043e\u043b\u044c\u0448\u0435 \u043f\u0438\u0442\u0430\u0442\u0435\u043b\u044c\u043d\u044b\u0445 \u0432\u0435\u0449\u0435\u0441\u0442\u0432.<\/li>\n<li><strong>\u041a\u043e\u043d\u0434\u0438\u0442\u0435\u0440\u0441\u043a\u0438\u0435 \u0438\u0437\u0434\u0435\u043b\u0438\u044f:<\/strong> \u0418\u0441\u043f\u043e\u043b\u044c\u0437\u0443\u0439\u0442\u0435 \u043a\u0438\u043d\u043e\u0430 \u0432 \u0441\u043e\u0443\u0441\u0430\u0445 \u0438 \u0432\u044b\u043f\u0435\u0447\u043a\u0435, \u0447\u0442\u043e\u0431\u044b \u043e\u0431\u043e\u0433\u0430\u0442\u0438\u0442\u044c \u0435\u0435 \u0431\u0435\u043b\u043a\u043e\u043c \u0438 \u043c\u0438\u043d\u0435\u0440\u0430\u043b\u0430\u043c\u0438.<\/li>\n<\/ol>\n<p><strong>\u041a\u043b\u044e\u0447\u0435\u0432\u044b\u0435 \u0441\u043b\u043e\u0432\u0430:<\/strong>\u00a0 Quinoa,\u00a0 Superaliment, Pseudocereala,fara gluten,\u00a0 cereala bogata in Proteine, Fibre,\u00a0 S\u0103n\u0103tate Digestiv\u0103,\u00a0 Antioxidant,\u00a0 Alimenta\u021bie S\u0103n\u0103toas\u0103,\u00a0 S\u0103n\u0103tatea Imunitar\u0103, mancare sanatoasa, alimente bio.<\/p>","protected":false},"excerpt":{"rendered":"<p><span style=\"color: #99cc00;\"><strong>\u00a0Cantitate 1 KG.<\/strong><\/span><\/p>","protected":false},"featured_media":16143,"comment_status":"open","ping_status":"closed","template":"","meta":{"_acf_changed":false},"product_brand":[],"product_cat":[111,99],"product_tag":[],"class_list":{"0":"post-8506","1":"product","2":"type-product","3":"status-publish","4":"has-post-thumbnail","6":"product_cat-cereale-seminte-bio","7":"product_cat-promotii","9":"first","10":"instock","11":"shipping-taxable","12":"purchasable","13":"product-type-simple"},"acf":[],"_links":{"self":[{"href":"https:\/\/biomed.md\/ru\/wp-json\/wp\/v2\/product\/8506","targetHints":{"allow":["GET"]}}],"collection":[{"href":"https:\/\/biomed.md\/ru\/wp-json\/wp\/v2\/product"}],"about":[{"href":"https:\/\/biomed.md\/ru\/wp-json\/wp\/v2\/types\/product"}],"replies":[{"embeddable":true,"href":"https:\/\/biomed.md\/ru\/wp-json\/wp\/v2\/comments?post=8506"}],"version-history":[{"count":4,"href":"https:\/\/biomed.md\/ru\/wp-json\/wp\/v2\/product\/8506\/revisions"}],"predecessor-version":[{"id":16144,"href":"https:\/\/biomed.md\/ru\/wp-json\/wp\/v2\/product\/8506\/revisions\/16144"}],"wp:featuredmedia":[{"embeddable":true,"href":"https:\/\/biomed.md\/ru\/wp-json\/wp\/v2\/media\/16143"}],"wp:attachment":[{"href":"https:\/\/biomed.md\/ru\/wp-json\/wp\/v2\/media?parent=8506"}],"wp:term":[{"taxonomy":"product_brand","embeddable":true,"href":"https:\/\/biomed.md\/ru\/wp-json\/wp\/v2\/product_brand?post=8506"},{"taxonomy":"product_cat","embeddable":true,"href":"https:\/\/biomed.md\/ru\/wp-json\/wp\/v2\/product_cat?post=8506"},{"taxonomy":"product_tag","embeddable":true,"href":"https:\/\/biomed.md\/ru\/wp-json\/wp\/v2\/product_tag?post=8506"}],"curies":[{"name":"wp","href":"https:\/\/api.w.org\/{rel}","templated":true}]}}