{"id":8483,"date":"2024-12-16T20:28:47","date_gmt":"2024-12-16T20:28:47","guid":{"rendered":"https:\/\/new.biomed.md\/?post_type=product&#038;p=8483"},"modified":"2026-04-16T08:15:14","modified_gmt":"2026-04-16T08:15:14","slug":"fotoliu-rulant-carucior-invalizi-f2","status":"publish","type":"product","link":"https:\/\/biomed.md\/ru\/product\/fotoliu-rulant-carucior-invalizi-f2\/","title":{"rendered":"\u0418\u043d\u0432\u0430\u043b\u0438\u0434\u043d\u0430\u044f \u043a\u043e\u043b\u044f\u0441\u043a\u0430 F2"},"content":{"rendered":"<p><strong>\u0418\u043d\u0432\u0430\u043b\u0438\u0434\u043d\u0430\u044f \u043a\u043e\u043b\u044f\u0441\u043a\u0430 F2<\/strong><\/p>\n<p>\u042d\u0442\u0430 \u0438\u043d\u0432\u0430\u043b\u0438\u0434\u043d\u0430\u044f \u043a\u043e\u043b\u044f\u0441\u043a\u0430 \u043f\u0440\u0435\u0434\u0441\u0442\u0430\u0432\u043b\u044f\u0435\u0442 \u0441\u043e\u0431\u043e\u0439 \u043e\u0440\u0442\u043e\u043f\u0435\u0434\u0438\u0447\u0435\u0441\u043a\u043e\u0435 \u0443\u0441\u0442\u0440\u043e\u0439\u0441\u0442\u0432\u043e \u0441 \u0440\u0443\u0447\u043d\u044b\u043c \u043f\u0440\u0438\u0432\u043e\u0434\u043e\u043c, \u0438\u043c\u0435\u044e\u0449\u0435\u0435 \u043f\u0440\u043e\u0447\u043d\u0443\u044e \u043a\u043e\u043d\u0441\u0442\u0440\u0443\u043a\u0446\u0438\u044e, \u0438\u0437\u0433\u043e\u0442\u043e\u0432\u043b\u0435\u043d\u043d\u0443\u044e \u0438\u0437 \u0441\u0442\u0430\u043b\u0438, \u043e\u043a\u0440\u0430\u0448\u0435\u043d\u043d\u043e\u0439 \u044d\u043b\u0435\u043a\u0442\u0440\u043e\u0441\u0442\u0430\u0442\u0438\u0447\u0435\u0441\u043a\u0438\u043c \u0441\u043f\u043e\u0441\u043e\u0431\u043e\u043c. \u041f\u0440\u0435\u0434\u043d\u0430\u0437\u043d\u0430\u0447\u0435\u043d\u0430 \u0434\u043b\u044f \u043f\u0435\u0440\u0435\u0432\u043e\u0437\u043a\u0438 \u043c\u0430\u043b\u043e\u043c\u043e\u0431\u0438\u043b\u044c\u043d\u044b\u0445 \u0433\u0440\u0443\u043f\u043f \u043d\u0430\u0441\u0435\u043b\u0435\u043d\u0438\u044f, \u043f\u043e\u0436\u0438\u043b\u044b\u0445 \u043b\u044e\u0434\u0435\u0439 \u0438 \u043f\u0430\u0446\u0438\u0435\u043d\u0442\u043e\u0432 \u0432 \u043f\u0435\u0440\u0438\u043e\u0434 \u043f\u043e\u0441\u043b\u0435\u043e\u043f\u0435\u0440\u0430\u0446\u0438\u043e\u043d\u043d\u043e\u0433\u043e \u0432\u043e\u0441\u0441\u0442\u0430\u043d\u043e\u0432\u043b\u0435\u043d\u0438\u044f.<\/p>\n<p><strong>\u0422\u0435\u0445\u043d\u0438\u0447\u0435\u0441\u043a\u0438\u0435 \u0445\u0430\u0440\u0430\u043a\u0442\u0435\u0440\u0438\u0441\u0442\u0438\u043a\u0438:<\/strong><\/p>\n<ul>\n<li><strong>\u041e\u0431\u0449\u0430\u044f \u0448\u0438\u0440\u0438\u043d\u0430:<\/strong> 65 \u0441\u043c<\/li>\n<li><strong>\u0428\u0438\u0440\u0438\u043d\u0430 \u0441\u0438\u0434\u0435\u043d\u044c\u044f:<\/strong> 46 \u0441\u043c<\/li>\n<li><strong>\u0414\u0438\u0430\u043c\u0435\u0442\u0440 \u0437\u0430\u0434\u043d\u0435\u0433\u043e \u043a\u043e\u043b\u0435\u0441\u0430:<\/strong> 58 \u0441\u043c<\/li>\n<li><strong>\u0414\u0438\u0430\u043c\u0435\u0442\u0440 \u043f\u0435\u0440\u0435\u0434\u043d\u0435\u0433\u043e \u043a\u043e\u043b\u0435\u0441\u0430:<\/strong> 20 \u0441\u043c<\/li>\n<li><strong>\u0412\u044b\u0441\u043e\u0442\u0430 \u0441\u0438\u0434\u0435\u043d\u044c\u044f:<\/strong> 50 \u0441\u043c<\/li>\n<li><strong>\u041e\u0431\u0449\u0430\u044f \u0432\u044b\u0441\u043e\u0442\u0430:<\/strong> 86,5 \u0441\u043c<\/li>\n<li><strong>\u0412\u0435\u0441 \u0437\u0430\u0433\u0440\u0443\u0437\u043a\u0438:<\/strong> 100 \u043a\u0433<\/li>\n<\/ul>\n<p><strong>\u041e\u0441\u043e\u0431\u044b\u0435 \u0432\u043e\u0437\u043c\u043e\u0436\u043d\u043e\u0441\u0442\u0438:<\/strong><\/p>\n<ul>\n<li><strong>\u0414\u043b\u044f \u0438\u0441\u043f\u043e\u043b\u044c\u0437\u043e\u0432\u0430\u043d\u0438\u044f \u0432\u043d\u0443\u0442\u0440\u0438 \u0438 \u0441\u043d\u0430\u0440\u0443\u0436\u0438 \u043f\u043e\u043c\u0435\u0449\u0435\u043d\u0438\u0439:<\/strong> \u0423\u0434\u043e\u0431\u0435\u043d \u0438 \u0431\u0435\u0437\u043e\u043f\u0430\u0441\u0435\u043d \u0432 \u0438\u0441\u043f\u043e\u043b\u044c\u0437\u043e\u0432\u0430\u043d\u0438\u0438.<\/li>\n<li><strong>\u0421\u043a\u043b\u0430\u0434\u043d\u0430\u044f:<\/strong> \u041e\u0431\u0435\u0441\u043f\u0435\u0447\u0438\u0432\u0430\u0435\u0442 \u043b\u0435\u0433\u043a\u0443\u044e \u0442\u0440\u0430\u043d\u0441\u043f\u043e\u0440\u0442\u0438\u0440\u043e\u0432\u043a\u0443 \u0438 \u0445\u0440\u0430\u043d\u0435\u043d\u0438\u0435.<\/li>\n<li><strong>\u041a\u043e\u043b\u0435\u0441\u0430 \u0438\u0437 \u0446\u0435\u043b\u044c\u043d\u043e\u0439 \u0440\u0435\u0437\u0438\u043d\u044b:<\/strong> \u041e\u0441\u043d\u0430\u0449\u0435\u043d \u0443\u0434\u0430\u0440\u043e\u043f\u0440\u043e\u0447\u043d\u044b\u043c\u0438 \u043a\u043e\u043b\u0435\u0441\u0430\u043c\u0438 \u0438 \u0442\u043e\u043b\u0441\u0442\u044b\u043c\u0438 \u0441\u043f\u0438\u0446\u0430\u043c\u0438.<\/li>\n<li><strong>\u0422\u043e\u0440\u043c\u043e\u0437\u043d\u044b\u0435 \u0440\u044b\u0447\u0430\u0433\u0438:<\/strong> \u041e\u0431\u0435\u0441\u043f\u0435\u0447\u0438\u0432\u0430\u0435\u0442 \u0431\u0435\u0437\u043e\u043f\u0430\u0441\u043d\u043e\u0441\u0442\u044c \u0438 \u043a\u043e\u043c\u0444\u043e\u0440\u0442 \u043f\u043e\u043b\u044c\u0437\u043e\u0432\u0430\u0442\u0435\u043b\u044f.<\/li>\n<li><strong>\u0421\u044a\u0435\u043c\u043d\u044b\u0435 \u043f\u043e\u0434\u0441\u0442\u0430\u0432\u043a\u0438 \u0434\u043b\u044f \u043d\u043e\u0433:<\/strong> \u041a\u043e\u043c\u043f\u0430\u043a\u0442\u043d\u0430\u044f \u043a\u043e\u043d\u0441\u0442\u0440\u0443\u043a\u0446\u0438\u044f, \u0443\u0434\u043e\u0431\u043d\u0430\u044f \u0434\u043b\u044f \u0442\u0440\u0430\u043d\u0441\u043f\u043e\u0440\u0442\u0438\u0440\u043e\u0432\u043a\u0438 \u0438 \u0438\u0441\u043f\u043e\u043b\u044c\u0437\u043e\u0432\u0430\u043d\u0438\u044f \u0432 \u043e\u0433\u0440\u0430\u043d\u0438\u0447\u0435\u043d\u043d\u043e\u043c \u043f\u0440\u043e\u0441\u0442\u0440\u0430\u043d\u0441\u0442\u0432\u0435.<\/li>\n<li><strong>\u0420\u0435\u043c\u0435\u043d\u044c \u0431\u0435\u0437\u043e\u043f\u0430\u0441\u043d\u043e\u0441\u0442\u0438:<\/strong> \u0414\u043b\u044f \u043d\u043e\u0433.<\/li>\n<li><strong>\u041e\u0431\u0438\u0432\u043a\u0430 \u0438\u0437 \u043f\u0440\u0435\u0441\u0441\u043e\u0432\u0430\u043d\u043d\u043e\u0439 \u043a\u043e\u0436\u0438:<\/strong> \u041b\u0435\u0433\u043a\u043e \u0441\u0442\u0438\u0440\u0430\u0435\u0442\u0441\u044f.<\/li>\n<li><strong>\u0421\u0442\u0430\u043b\u044c\u043d\u0430\u044f \u0440\u0430\u043c\u0430:<\/strong> \u0424\u0438\u043a\u0441\u0438\u0440\u043e\u0432\u0430\u043d\u043d\u044b\u0439 \u043f\u043e\u0434\u043b\u043e\u043a\u043e\u0442\u043d\u0438\u043a, \u0444\u0438\u043a\u0441\u0438\u0440\u043e\u0432\u0430\u043d\u043d\u0430\u044f \u043f\u043e\u0434\u0441\u0442\u0430\u0432\u043a\u0430 \u0434\u043b\u044f \u043d\u043e\u0433, \u0446\u0435\u043b\u044c\u043d\u044b\u0435 \u043f\u0435\u0440\u0435\u0434\u043d\u0438\u0435 \u0438 \u0437\u0430\u0434\u043d\u0438\u0435 \u043a\u043e\u043b\u0435\u0441\u0430.<\/li>\n<\/ul>\n<p><strong>\u041e\u0431\u0441\u043b\u0443\u0436\u0438\u0432\u0430\u043d\u0438\u0435 \u0443\u0441\u0442\u0440\u043e\u0439\u0441\u0442\u0432\u0430:<\/strong><\/p>\n<ul>\n<li><strong>\u0427\u0430\u0441\u0442\u0430\u044f \u0441\u0430\u043d\u0438\u0442\u0430\u0440\u043d\u0430\u044f \u043e\u0431\u0440\u0430\u0431\u043e\u0442\u043a\u0430:<\/strong> \u0421\u043e\u0445\u0440\u0430\u043d\u0438\u0442\u0435 \u043a\u0440\u0435\u0441\u043b\u043e \u0432 \u0445\u043e\u0440\u043e\u0448\u0435\u043c \u0441\u043e\u0441\u0442\u043e\u044f\u043d\u0438\u0438 \u043d\u0430\u0434\u043e\u043b\u0433\u043e.<\/li>\n<li><strong>\u041e\u0447\u0438\u0441\u0442\u043a\u0430:<\/strong> \u041d\u0435 \u0438\u0441\u043f\u043e\u043b\u044c\u0437\u0443\u0439\u0442\u0435 \u0435\u0434\u043a\u0438\u0435 \u0432\u0435\u0449\u0435\u0441\u0442\u0432\u0430 \u0438\u043b\u0438 \u0430\u0431\u0440\u0430\u0437\u0438\u0432\u043d\u044b\u0435 \u043c\u0430\u0442\u0435\u0440\u0438\u0430\u043b\u044b.<\/li>\n<\/ul>\n<p><strong>cuvinte chie :<\/strong> Fotoliu Rulant Carucior invalizi,\u00a0 carucior pentru disabilitati, Fotoliu Rulant,\u00a0 Mobilitate redusa ,\u00a0 carucior pentru batrani, Confort,\u00a0 Recuperare Medical\u0103,\u00a0 Transport Pacien\u021bi<\/p>\n<div><\/div>","protected":false},"excerpt":{"rendered":"<p>Fotoliu Rulant Carucior invalizi F2 Acest fotoliu rulant este un dispozitiv ortopedic cu antrenare manual\u0103, av\u00e2nd o structur\u0103 de rezisten\u021b\u0103<\/p>","protected":false},"featured_media":16428,"comment_status":"open","ping_status":"closed","template":"","meta":{"_acf_changed":false},"product_brand":[],"product_cat":[107],"product_tag":[],"class_list":{"0":"post-8483","1":"product","2":"type-product","3":"status-publish","4":"has-post-thumbnail","6":"product_cat-tehnica-de-reabilitare","8":"first","9":"instock","10":"shipping-taxable","11":"purchasable","12":"product-type-simple"},"acf":[],"_links":{"self":[{"href":"https:\/\/biomed.md\/ru\/wp-json\/wp\/v2\/product\/8483","targetHints":{"allow":["GET"]}}],"collection":[{"href":"https:\/\/biomed.md\/ru\/wp-json\/wp\/v2\/product"}],"about":[{"href":"https:\/\/biomed.md\/ru\/wp-json\/wp\/v2\/types\/product"}],"replies":[{"embeddable":true,"href":"https:\/\/biomed.md\/ru\/wp-json\/wp\/v2\/comments?post=8483"}],"version-history":[{"count":5,"href":"https:\/\/biomed.md\/ru\/wp-json\/wp\/v2\/product\/8483\/revisions"}],"predecessor-version":[{"id":16430,"href":"https:\/\/biomed.md\/ru\/wp-json\/wp\/v2\/product\/8483\/revisions\/16430"}],"wp:featuredmedia":[{"embeddable":true,"href":"https:\/\/biomed.md\/ru\/wp-json\/wp\/v2\/media\/16428"}],"wp:attachment":[{"href":"https:\/\/biomed.md\/ru\/wp-json\/wp\/v2\/media?parent=8483"}],"wp:term":[{"taxonomy":"product_brand","embeddable":true,"href":"https:\/\/biomed.md\/ru\/wp-json\/wp\/v2\/product_brand?post=8483"},{"taxonomy":"product_cat","embeddable":true,"href":"https:\/\/biomed.md\/ru\/wp-json\/wp\/v2\/product_cat?post=8483"},{"taxonomy":"product_tag","embeddable":true,"href":"https:\/\/biomed.md\/ru\/wp-json\/wp\/v2\/product_tag?post=8483"}],"curies":[{"name":"wp","href":"https:\/\/api.w.org\/{rel}","templated":true}]}}