{"id":16702,"date":"2026-04-29T09:58:12","date_gmt":"2026-04-29T09:58:12","guid":{"rendered":"https:\/\/biomed.md\/?post_type=product&#038;p=16702"},"modified":"2026-04-29T10:14:34","modified_gmt":"2026-04-29T10:14:34","slug":"orteza-pentru-glezna-si-picior","status":"publish","type":"product","link":"https:\/\/biomed.md\/ru\/product\/orteza-pentru-glezna-si-picior\/","title":{"rendered":"Ortez\u0103 pentru Glezn\u0103 \u0219i Picior"},"content":{"rendered":"<section class=\"text-token-text-primary w-full focus:outline-none [--shadow-height:45px] has-data-writing-block:pointer-events-none has-data-writing-block:-mt-(--shadow-height) has-data-writing-block:pt-(--shadow-height) [&amp;:has([data-writing-block])&gt;*]:pointer-events-auto [content-visibility:auto] supports-[content-visibility:auto]:[contain-intrinsic-size:auto_100lvh] R6Vx5W_threadScrollVars scroll-mb-[calc(var(--scroll-root-safe-area-inset-bottom,0px)+var(--thread-response-height))] scroll-mt-[calc(var(--header-height)+min(200px,max(70px,20svh)))]\" dir=\"auto\" data-turn-id=\"request-WEB:b4a59a73-265d-4a61-a861-0b23548c933b-23\" data-testid=\"conversation-turn-48\" data-scroll-anchor=\"false\" data-turn=\"assistant\">\n<div class=\"text-base my-auto mx-auto pb-10 [--thread-content-margin:var(--thread-content-margin-xs,calc(var(--spacing)*4))] @w-sm\/main:[--thread-content-margin:var(--thread-content-margin-sm,calc(var(--spacing)*6))] @w-lg\/main:[--thread-content-margin:var(--thread-content-margin-lg,calc(var(--spacing)*16))] px-(--thread-content-margin)\">\n<div class=\"[--thread-content-max-width:40rem] @w-lg\/main:[--thread-content-max-width:48rem] mx-auto max-w-(--thread-content-max-width) flex-1 group\/turn-messages focus-visible:outline-hidden relative flex w-full min-w-0 flex-col agent-turn\">\n<div class=\"flex max-w-full flex-col gap-4 grow\">\n<div class=\"min-h-8 text-message relative flex w-full flex-col items-end gap-2 text-start break-words whitespace-normal outline-none keyboard-focused:focus-ring [.text-message+&amp;]:mt-1\" dir=\"auto\" tabindex=\"0\" data-message-author-role=\"assistant\" data-message-id=\"9c3d43f4-6d67-41ba-b0dd-9f2952b45500\" data-message-model-slug=\"gpt-5-3\" data-turn-start-message=\"true\">\n<div class=\"flex w-full flex-col gap-1 empty:hidden\">\n<div class=\"markdown prose dark:prose-invert w-full wrap-break-word light markdown-new-styling\">\n<p data-start=\"92\" data-end=\"194\"><strong data-start=\"92\" data-end=\"194\">Ortez\u0103 pentru Glezn\u0103 \u0219i Picior cu Desc\u0103rcare Antepicior \u2013 Stabilizare \u0219i Protec\u021bie Post-Operatorie<\/strong><\/p>\n<p data-start=\"196\" data-end=\"518\">Aceast\u0103 ortez\u0103 pentru glezn\u0103 \u0219i picior este conceput\u0103 pentru a oferi stabilitate \u0219i protec\u021bie \u00een perioada de recuperare dup\u0103 interven\u021bii chirurgicale sau traumatisme. Designul special permite desc\u0103rcarea presiunii din zona antepiciorului, redistribuind greutatea c\u0103tre c\u0103lc\u00e2i \u0219i reduc\u00e2nd disconfortul \u00een timpul mersului.<\/p>\n<p data-start=\"520\" data-end=\"817\">Structura rigid\u0103, combinat\u0103 cu sistemul de fixare reglabil cu benzi velcro, asigur\u0103 o imobilizare eficient\u0103 \u0219i o adaptare perfect\u0103 pe picior. Modelul este prev\u0103zut cu elemente de sus\u021binere care ajut\u0103 la men\u021binerea pozi\u021biei corecte a gleznei, contribuind la o recuperare mai sigur\u0103 \u0219i mai rapid\u0103.<\/p>\n<p data-start=\"819\" data-end=\"1150\"><strong data-start=\"819\" data-end=\"832\">\u041f\u0420\u0415\u0418\u041c\u0423\u0429\u0415\u0421\u0422\u0412\u0410<\/strong><br data-start=\"832\" data-end=\"835\" \/>\u2022 Reduce presiunea asupra antepiciorului<br data-start=\"875\" data-end=\"878\" \/>\u2022 Stabilizeaz\u0103 glezn\u0103 \u0219i picior \u00een timpul mersului<br data-start=\"928\" data-end=\"931\" \/>\u2022 Favorizeaz\u0103 vindecarea dup\u0103 interven\u021bii sau leziuni<br data-start=\"984\" data-end=\"987\" \/>\u2022 Fixare sigur\u0103 cu benzi reglabile<br data-start=\"1021\" data-end=\"1024\" \/>\u2022 Confort sporit datorit\u0103 designului ergonomic<br data-start=\"1070\" data-end=\"1073\" data-is-only-node=\"\" \/>\u2022 Permite mobilitate controlat\u0103 f\u0103r\u0103 durere<br data-start=\"1116\" data-end=\"1119\" \/>\u2022 U\u0219or de utilizat \u0219i ajustat<\/p>\n<p data-start=\"1152\" data-end=\"1504\"><strong data-start=\"1152\" data-end=\"1176\">\u0425\u0430\u0440\u0430\u043a\u0442\u0435\u0440\u0438\u0441\u0442\u0438\u043a\u0438<\/strong><br data-start=\"1176\" data-end=\"1179\" \/>\u2022 Tip produs: ortez\u0103 glezn\u0103 \u0219i picior<br data-start=\"1216\" data-end=\"1219\" \/>\u2022 Material: PVC rezistent, materiale textile<br data-start=\"1263\" data-end=\"1266\" \/>\u2022 Sistem \u00eenchidere: benzi velcro reglabile<br data-start=\"1308\" data-end=\"1311\" \/>\u2022 Talp\u0103: rigid\u0103, anatomic\u0103<br data-start=\"1337\" data-end=\"1340\" \/>\u2022 Func\u021bie: stabilizare + desc\u0103rcare antepicior<br data-start=\"1386\" data-end=\"1389\" data-is-only-node=\"\" \/>\u2022 Utilizare: picior st\u00e2ng sau drept<br data-start=\"1424\" data-end=\"1427\" \/>\u2022 Design: deschis, ventilat<br data-start=\"1454\" data-end=\"1457\" \/>\u2022 M\u0103rimi: disponibile \u00een mai multe dimensiuni S, M, L<\/p>\n<p data-start=\"1506\" data-end=\"1736\"><strong data-start=\"1506\" data-end=\"1527\">\u0420\u0435\u043a\u043e\u043c\u0435\u043d\u0434\u0443\u0435\u0442\u0441\u044f \u0434\u043b\u044f<\/strong><br data-start=\"1527\" data-end=\"1530\" \/>\u2022 Recuperare post-operatorie la nivelul piciorului<br data-start=\"1580\" data-end=\"1583\" \/>\u2022 Leziuni ale antepiciorului sau gleznei<br data-start=\"1623\" data-end=\"1626\" \/>\u2022 Fracturi, entorse sau interven\u021bii chirurgicale<br data-start=\"1674\" data-end=\"1677\" \/>\u2022 Afec\u021biuni ce necesit\u0103 reducerea presiunii pe antepicior<\/p>\n<p data-start=\"1738\" data-end=\"1996\"><strong data-start=\"1738\" data-end=\"1770\">\u041f\u043e\u0447\u0435\u043c\u0443 \u0441\u0442\u043e\u0438\u0442 \u0432\u044b\u0431\u0440\u0430\u0442\u044c \u0438\u043c\u0435\u043d\u043d\u043e \u044d\u0442\u043e\u0442 \u043f\u0440\u043e\u0434\u0443\u043a\u0442?<\/strong><br data-start=\"1770\" data-end=\"1773\" \/>Aceast\u0103 ortez\u0103 ofer\u0103 combina\u021bia ideal\u0103 \u00eentre stabilitate, protec\u021bie \u0219i confort. Ajut\u0103 la reducerea durerii \u0219i sus\u021bine procesul de recuperare, fiind o solu\u021bie eficient\u0103 pentru utilizare zilnic\u0103 \u00een perioada post-operatorie.<\/p>\n<p data-start=\"1998\" data-end=\"2174\" data-is-last-node=\"\" data-is-only-node=\"\"><strong data-start=\"1998\" data-end=\"2015\">\u041a\u043b\u044e\u0447\u0435\u0432\u044b\u0435 \u0441\u043b\u043e\u0432\u0430<\/strong><br data-start=\"2015\" data-end=\"2018\" \/>ortez\u0103 glezn\u0103, ortez\u0103 picior, ortez\u0103 post-operatorie, suport glezn\u0103, ortez\u0103 recuperare, ortez\u0103 stabilizare glezn\u0103, ortez\u0103 medical\u0103 picior, ortez\u0103 antepicior<\/p>\n<\/div>\n<\/div>\n<\/div>\n<\/div>\n<\/div>\n<\/div>\n<\/section>","protected":false},"excerpt":{"rendered":"<p>Ortez\u0103 pentru Glezn\u0103 \u0219i Picior cu Desc\u0103rcare Antepicior \u2013 Stabilizare \u0219i Protec\u021bie Post-Operatorie Aceast\u0103 ortez\u0103 pentru glezn\u0103 \u0219i picior este<\/p>","protected":false},"featured_media":16708,"comment_status":"open","ping_status":"closed","template":"","meta":{"_acf_changed":false},"product_brand":[],"product_cat":[121],"product_tag":[],"class_list":{"0":"post-16702","1":"product","2":"type-product","3":"status-publish","4":"has-post-thumbnail","6":"product_cat-ortopedie","8":"first","9":"instock","10":"shipping-taxable","11":"purchasable","12":"product-type-simple"},"acf":[],"_links":{"self":[{"href":"https:\/\/biomed.md\/ru\/wp-json\/wp\/v2\/product\/16702","targetHints":{"allow":["GET"]}}],"collection":[{"href":"https:\/\/biomed.md\/ru\/wp-json\/wp\/v2\/product"}],"about":[{"href":"https:\/\/biomed.md\/ru\/wp-json\/wp\/v2\/types\/product"}],"replies":[{"embeddable":true,"href":"https:\/\/biomed.md\/ru\/wp-json\/wp\/v2\/comments?post=16702"}],"version-history":[{"count":3,"href":"https:\/\/biomed.md\/ru\/wp-json\/wp\/v2\/product\/16702\/revisions"}],"predecessor-version":[{"id":16719,"href":"https:\/\/biomed.md\/ru\/wp-json\/wp\/v2\/product\/16702\/revisions\/16719"}],"wp:featuredmedia":[{"embeddable":true,"href":"https:\/\/biomed.md\/ru\/wp-json\/wp\/v2\/media\/16708"}],"wp:attachment":[{"href":"https:\/\/biomed.md\/ru\/wp-json\/wp\/v2\/media?parent=16702"}],"wp:term":[{"taxonomy":"product_brand","embeddable":true,"href":"https:\/\/biomed.md\/ru\/wp-json\/wp\/v2\/product_brand?post=16702"},{"taxonomy":"product_cat","embeddable":true,"href":"https:\/\/biomed.md\/ru\/wp-json\/wp\/v2\/product_cat?post=16702"},{"taxonomy":"product_tag","embeddable":true,"href":"https:\/\/biomed.md\/ru\/wp-json\/wp\/v2\/product_tag?post=16702"}],"curies":[{"name":"wp","href":"https:\/\/api.w.org\/{rel}","templated":true}]}}