{"id":16647,"date":"2026-04-28T08:58:13","date_gmt":"2026-04-28T08:58:13","guid":{"rendered":"https:\/\/biomed.md\/?post_type=product&#038;p=16647"},"modified":"2026-04-28T08:58:13","modified_gmt":"2026-04-28T08:58:13","slug":"rama-de-sprijin-pentru-wc","status":"publish","type":"product","link":"https:\/\/biomed.md\/ru\/product\/rama-de-sprijin-pentru-wc\/","title":{"rendered":"\u041e\u043f\u043e\u0440\u043d\u0430\u044f \u0440\u0430\u043c\u0430 \u0434\u043b\u044f \u0443\u043d\u0438\u0442\u0430\u0437\u0430"},"content":{"rendered":"<p data-start=\"67\" data-end=\"147\"><strong data-start=\"67\" data-end=\"147\">\u0420\u0435\u0433\u0443\u043b\u0438\u0440\u0443\u0435\u043c\u0430\u044f \u043e\u043f\u043e\u0440\u043d\u0430\u044f \u0440\u0430\u043c\u0430 \u0434\u043b\u044f \u0443\u043d\u0438\u0442\u0430\u0437\u0430 \u2013 \u043d\u0430\u0434\u0435\u0436\u043d\u0430\u044f \u043f\u043e\u0434\u0434\u0435\u0440\u0436\u043a\u0430 \u0434\u043b\u044f \u0431\u0435\u0437\u043e\u043f\u0430\u0441\u043d\u043e\u0441\u0442\u0438 \u0432 \u0432\u0430\u043d\u043d\u043e\u0439 \u043a\u043e\u043c\u043d\u0430\u0442\u0435 <\/strong><\/p>\n<p data-start=\"67\" data-end=\"147\">\u0420\u0435\u0433\u0443\u043b\u0438\u0440\u0443\u0435\u043c\u0430\u044f \u043e\u043f\u043e\u0440\u043d\u0430\u044f \u0440\u0430\u043c\u0430 \u0434\u043b\u044f \u0443\u043d\u0438\u0442\u0430\u0437\u0430 \u2014 \u043d\u0435\u0437\u0430\u043c\u0435\u043d\u0438\u043c\u043e\u0435 \u043f\u0440\u0438\u0441\u043f\u043e\u0441\u043e\u0431\u043b\u0435\u043d\u0438\u0435 \u0434\u043b\u044f \u043b\u044e\u0434\u0435\u0439, \u043a\u043e\u0442\u043e\u0440\u044b\u043c \u043d\u0435\u043e\u0431\u0445\u043e\u0434\u0438\u043c\u0430 \u0434\u043e\u043f\u043e\u043b\u043d\u0438\u0442\u0435\u043b\u044c\u043d\u0430\u044f \u043f\u043e\u0434\u0434\u0435\u0440\u0436\u043a\u0430 \u043f\u0440\u0438 \u0438\u0441\u043f\u043e\u043b\u044c\u0437\u043e\u0432\u0430\u043d\u0438\u0438 \u0442\u0443\u0430\u043b\u0435\u0442\u0430. \u042d\u0442\u0430 \u043c\u0435\u0442\u0430\u043b\u043b\u0438\u0447\u0435\u0441\u043a\u0430\u044f \u043a\u043e\u043d\u0441\u0442\u0440\u0443\u043a\u0446\u0438\u044f, \u0440\u0430\u0437\u0440\u0430\u0431\u043e\u0442\u0430\u043d\u043d\u0430\u044f \u0434\u043b\u044f \u043e\u0431\u0435\u0441\u043f\u0435\u0447\u0435\u043d\u0438\u044f \u0443\u0441\u0442\u043e\u0439\u0447\u0438\u0432\u043e\u0441\u0442\u0438 \u0438 \u0431\u0435\u0437\u043e\u043f\u0430\u0441\u043d\u043e\u0441\u0442\u0438, \u043a\u0440\u0435\u043f\u0438\u0442\u0441\u044f \u0432\u043e\u043a\u0440\u0443\u0433 \u0447\u0430\u0448\u0438 \u0443\u043d\u0438\u0442\u0430\u0437\u0430, \u043f\u043e\u0437\u0432\u043e\u043b\u044f\u044f \u043b\u0435\u0433\u043a\u043e \u0441\u0430\u0434\u0438\u0442\u044c\u0441\u044f \u0438 \u0432\u0441\u0442\u0430\u0432\u0430\u0442\u044c \u0431\u0435\u0437 \u0443\u0441\u0438\u043b\u0438\u0439<\/p>\n<p data-start=\"463\" data-end=\"725\">\u0418\u0434\u0435\u0430\u043b\u044c\u043d\u043e \u043f\u043e\u0434\u0445\u043e\u0434\u0438\u0442 \u0434\u043b\u044f \u043f\u043e\u0436\u0438\u043b\u044b\u0445 \u043b\u044e\u0434\u0435\u0439, \u043b\u044e\u0434\u0435\u0439 \u0441 \u043e\u0433\u0440\u0430\u043d\u0438\u0447\u0435\u043d\u043d\u043e\u0439 \u043f\u043e\u0434\u0432\u0438\u0436\u043d\u043e\u0441\u0442\u044c\u044e \u0438\u043b\u0438 \u0442\u0435\u0445, \u043a\u0442\u043e \u043d\u0430\u0445\u043e\u0434\u0438\u0442\u0441\u044f \u0432 \u043f\u0440\u043e\u0446\u0435\u0441\u0441\u0435 \u0432\u043e\u0441\u0441\u0442\u0430\u043d\u043e\u0432\u043b\u0435\u043d\u0438\u044f, \u043f\u043e\u043c\u043e\u0433\u0430\u044f \u043f\u0440\u0435\u0434\u043e\u0442\u0432\u0440\u0430\u0442\u0438\u0442\u044c \u043d\u0435\u0441\u0447\u0430\u0441\u0442\u043d\u044b\u0435 \u0441\u043b\u0443\u0447\u0430\u0438 \u0438 \u043f\u043e\u0432\u044b\u0441\u0438\u0442\u044c \u0441\u0430\u043c\u043e\u0441\u0442\u043e\u044f\u0442\u0435\u043b\u044c\u043d\u043e\u0441\u0442\u044c \u0432 \u0432\u0430\u043d\u043d\u043e\u0439 \u043a\u043e\u043c\u043d\u0430\u0442\u0435. \u0411\u043b\u0430\u0433\u043e\u0434\u0430\u0440\u044f \u0440\u0435\u0433\u0443\u043b\u0438\u0440\u0443\u0435\u043c\u043e\u0439 \u043a\u043e\u043d\u0441\u0442\u0440\u0443\u043a\u0446\u0438\u0438, \u0440\u0430\u043c\u0430 \u043c\u043e\u0436\u0435\u0442 \u0431\u044b\u0442\u044c \u0430\u0434\u0430\u043f\u0442\u0438\u0440\u043e\u0432\u0430\u043d\u0430 \u043a \u0440\u043e\u0441\u0442\u0443 \u0438 \u043f\u043e\u0442\u0440\u0435\u0431\u043d\u043e\u0441\u0442\u044f\u043c \u043f\u043e\u043b\u044c\u0437\u043e\u0432\u0430\u0442\u0435\u043b\u044f<\/p>\n<p data-start=\"727\" data-end=\"1052\"><strong data-start=\"727\" data-end=\"740\">\u041f\u0420\u0415\u0418\u041c\u0423\u0429\u0415\u0421\u0422\u0412\u0410<\/strong><br data-start=\"740\" data-end=\"743\" \/>\u2022 \u041e\u0431\u0435\u0441\u043f\u0435\u0447\u0438\u0432\u0430\u0435\u0442 \u043d\u0430\u0434\u0435\u0436\u043d\u0443\u044e \u043f\u043e\u0434\u0434\u0435\u0440\u0436\u043a\u0443 \u043f\u0440\u0438 \u0441\u0438\u0434\u0435\u043d\u0438\u0438 \u0438 \u043f\u043e\u0434\u044a\u0435\u043c\u0435 \u0442\u044f\u0436\u0435\u0441\u0442\u0435\u0439.<br data-start=\"787\" data-end=\"790\" \/>\u2022 \u0421\u043d\u0438\u0436\u0430\u0435\u0442 \u0440\u0438\u0441\u043a \u043f\u043e\u0441\u043a\u043e\u043b\u044c\u0437\u043d\u0443\u0442\u044c\u0441\u044f \u0438 \u043f\u043e\u043b\u0443\u0447\u0438\u0442\u044c \u0442\u0440\u0430\u0432\u043c\u0443<br data-start=\"833\" data-end=\"836\" \/>\u2022 \u0420\u0435\u0433\u0443\u043b\u0438\u0440\u043e\u0432\u043a\u0430 \u043f\u043e \u0432\u044b\u0441\u043e\u0442\u0435 \u0434\u043b\u044f \u043e\u043f\u0442\u0438\u043c\u0430\u043b\u044c\u043d\u043e\u0433\u043e \u043a\u043e\u043c\u0444\u043e\u0440\u0442\u0430<br data-start=\"880\" data-end=\"883\" \/>\u2022 \u042d\u0440\u0433\u043e\u043d\u043e\u043c\u0438\u0447\u043d\u044b\u0435 \u0431\u043e\u043a\u043e\u0432\u044b\u0435 \u0440\u0443\u0447\u043a\u0438 \u0434\u043b\u044f \u0443\u0441\u0442\u043e\u0439\u0447\u0438\u0432\u043e\u0439 \u043e\u043f\u043e\u0440\u044b<br data-start=\"936\" data-end=\"939\" \/>\u2022 \u041f\u0440\u043e\u0447\u043d\u044b\u0439 \u0438 \u0434\u043e\u043b\u0433\u043e\u0432\u0435\u0447\u043d\u044b\u0439 \u043c\u0435\u0442\u0430\u043b\u043b\u0438\u0447\u0435\u0441\u043a\u0438\u0439 \u043a\u0430\u0440\u043a\u0430\u0441<br data-start=\"975\" data-end=\"978\" data-is-only-node=\"\" \/>\u2022 \u041b\u0435\u0433\u043a\u043e \u0441\u043e\u0431\u0438\u0440\u0430\u0435\u0442\u0441\u044f \u0438 \u0438\u0441\u043f\u043e\u043b\u044c\u0437\u0443\u0435\u0442\u0441\u044f<br data-start=\"1006\" data-end=\"1009\" \/>\u2022 \u041f\u043e\u0434\u0445\u043e\u0434\u0438\u0442 \u0434\u043b\u044f \u0431\u043e\u043b\u044c\u0448\u0438\u043d\u0441\u0442\u0432\u0430 \u0443\u043d\u0438\u0442\u0430\u0437\u043e\u0432<\/p>\n<p data-start=\"1054\" data-end=\"1483\"><strong data-start=\"1054\" data-end=\"1078\">\u0425\u0430\u0440\u0430\u043a\u0442\u0435\u0440\u0438\u0441\u0442\u0438\u043a\u0438<\/strong><br data-start=\"1078\" data-end=\"1081\" \/>\u2022 \u0422\u0438\u043f \u0438\u0437\u0434\u0435\u043b\u0438\u044f: \u041e\u043f\u043e\u0440\u043d\u0430\u044f \u0440\u0430\u043c\u0430 \u0434\u043b\u044f \u0443\u043d\u0438\u0442\u0430\u0437\u0430<br data-start=\"1120\" data-end=\"1123\" \/>\u2022 \u041c\u0430\u0442\u0435\u0440\u0438\u0430\u043b: \u043f\u0440\u043e\u0447\u043d\u0430\u044f \u0441\u0442\u0430\u043b\u044c\/\u043c\u0435\u0442\u0430\u043b\u043b<br data-start=\"1157\" data-end=\"1160\" \/>\u2022 \u0420\u0435\u0433\u0443\u043b\u0438\u0440\u0443\u0435\u043c\u0430\u044f \u0432\u044b\u0441\u043e\u0442\u0430: \u043f\u0440\u0438\u0431\u043b\u0438\u0437\u0438\u0442\u0435\u043b\u044c\u043d\u043e 65\u201375 \u0441\u043c<br data-start=\"1204\" data-end=\"1207\" \/>\u2022 \u041e\u0431\u0449\u0430\u044f \u0448\u0438\u0440\u0438\u043d\u0430: \u043f\u0440\u0438\u0431\u043b\u0438\u0437\u0438\u0442\u0435\u043b\u044c\u043d\u043e 50\u201355 \u0441\u043c<br data-start=\"1246\" data-end=\"1249\" \/>\u2022 \u0428\u0438\u0440\u0438\u043d\u0430 \u043c\u0435\u0436\u0434\u0443 \u0440\u0443\u0447\u043a\u0430\u043c\u0438: \u043f\u0440\u0438\u0431\u043b\u0438\u0437\u0438\u0442\u0435\u043b\u044c\u043d\u043e 45 \u0441\u043c<br data-start=\"1289\" data-end=\"1292\" data-is-only-node=\"\" \/>\u2022 \u0412\u0435\u0441 \u0438\u0437\u0434\u0435\u043b\u0438\u044f: \u043f\u0440\u0438\u0431\u043b\u0438\u0437\u0438\u0442\u0435\u043b\u044c\u043d\u043e 3\u20134 \u043a\u0433<br data-start=\"1331\" data-end=\"1334\" \/>\u2022 \u041c\u0430\u043a\u0441\u0438\u043c\u0430\u043b\u044c\u043d\u0430\u044f \u0433\u0440\u0443\u0437\u043e\u043f\u043e\u0434\u044a\u0435\u043c\u043d\u043e\u0441\u0442\u044c: \u0434\u043e 100\u2013120 \u043a\u0433<br data-start=\"1375\" data-end=\"1378\" \/>\u2022 \u0424\u0443\u043d\u043a\u0446\u0438\u0438: \u0440\u0435\u0433\u0443\u043b\u0438\u0440\u0443\u0435\u043c\u0430\u044f \u043f\u043e\u0434\u0441\u0442\u0430\u0432\u043a\u0430, \u043e\u043f\u043e\u0440\u043d\u0430\u044f \u0441\u0442\u043e\u0439\u043a\u0430<br data-start=\"1417\" data-end=\"1420\" \/>\u2022 \u041c\u043e\u043d\u0442\u0430\u0436: \u0440\u0430\u0437\u043c\u0435\u0449\u0435\u043d\u0438\u0435 \u0432\u043e\u043a\u0440\u0443\u0433 \u0447\u0430\u0448\u0438 \u0443\u043d\u0438\u0442\u0430\u0437\u0430<br data-start=\"1461\" data-end=\"1464\" \/>\u2022 \u041f\u0440\u0438\u043c\u0435\u043d\u0435\u043d\u0438\u0435: \u0432\u0430\u043d\u043d\u0430\u044f \u043a\u043e\u043c\u043d\u0430\u0442\u0430<\/p>\n<p data-start=\"1485\" data-end=\"1655\"><strong data-start=\"1485\" data-end=\"1506\">\u0420\u0435\u043a\u043e\u043c\u0435\u043d\u0434\u0443\u0435\u0442\u0441\u044f \u0434\u043b\u044f<\/strong><br data-start=\"1506\" data-end=\"1509\" \/>\u2022 \u041f\u043e\u0436\u0438\u043b\u044b\u0435 \u043b\u044e\u0434\u0438<br data-start=\"1529\" data-end=\"1532\" \/>\u2022 \u041b\u044e\u0434\u0438 \u0441 \u043e\u0433\u0440\u0430\u043d\u0438\u0447\u0435\u043d\u043d\u043e\u0439 \u043f\u043e\u0434\u0432\u0438\u0436\u043d\u043e\u0441\u0442\u044c\u044e<br data-start=\"1563\" data-end=\"1566\" \/>\u2022 \u041b\u044e\u0434\u0438 \u0432 \u043f\u043e\u0441\u043b\u0435\u043e\u043f\u0435\u0440\u0430\u0446\u0438\u043e\u043d\u043d\u043e\u043c \u043f\u0435\u0440\u0438\u043e\u0434\u0435 \u0432\u043e\u0441\u0441\u0442\u0430\u043d\u043e\u0432\u043b\u0435\u043d\u0438\u044f<br data-start=\"1606\" data-end=\"1609\" \/>\u2022 \u0415\u0436\u0435\u0434\u043d\u0435\u0432\u043d\u043e\u0435 \u0438\u0441\u043f\u043e\u043b\u044c\u0437\u043e\u0432\u0430\u043d\u0438\u0435 \u0434\u043b\u044f \u0431\u0435\u0437\u043e\u043f\u0430\u0441\u043d\u043e\u0441\u0442\u0438 \u0432 \u0432\u0430\u043d\u043d\u043e\u0439 \u043a\u043e\u043c\u043d\u0430\u0442\u0435<\/p>\n<p data-start=\"1657\" data-end=\"1922\"><strong data-start=\"1657\" data-end=\"1689\">\u041f\u043e\u0447\u0435\u043c\u0443 \u0441\u0442\u043e\u0438\u0442 \u0432\u044b\u0431\u0440\u0430\u0442\u044c \u0438\u043c\u0435\u043d\u043d\u043e \u044d\u0442\u043e\u0442 \u043f\u0440\u043e\u0434\u0443\u043a\u0442?<\/strong><br data-start=\"1689\" data-end=\"1692\" \/>\u042d\u0442\u0430 \u043e\u043f\u043e\u0440\u043d\u0430\u044f \u0440\u0430\u043c\u0430 \u043e\u0431\u0435\u0441\u043f\u0435\u0447\u0438\u0432\u0430\u0435\u0442 \u0434\u043e\u043f\u043e\u043b\u043d\u0438\u0442\u0435\u043b\u044c\u043d\u0443\u044e \u0431\u0435\u0437\u043e\u043f\u0430\u0441\u043d\u043e\u0441\u0442\u044c \u0438 \u043a\u043e\u043c\u0444\u043e\u0440\u0442 \u043f\u0440\u0438 \u0438\u0441\u043f\u043e\u043b\u044c\u0437\u043e\u0432\u0430\u043d\u0438\u0438 \u0442\u0443\u0430\u043b\u0435\u0442\u0430, \u044f\u0432\u043b\u044f\u044f\u0441\u044c \u043f\u0440\u043e\u0441\u0442\u044b\u043c \u0438 \u044d\u0444\u0444\u0435\u043a\u0442\u0438\u0432\u043d\u044b\u043c \u0440\u0435\u0448\u0435\u043d\u0438\u0435\u043c \u0434\u043b\u044f \u0441\u043e\u0445\u0440\u0430\u043d\u0435\u043d\u0438\u044f \u043d\u0435\u0437\u0430\u0432\u0438\u0441\u0438\u043c\u043e\u0441\u0442\u0438. \u041e\u043d\u0430 \u0438\u0434\u0435\u0430\u043b\u044c\u043d\u043e \u043f\u043e\u0434\u0445\u043e\u0434\u0438\u0442 \u0434\u043b\u044f \u043f\u0440\u0435\u0434\u043e\u0442\u0432\u0440\u0430\u0449\u0435\u043d\u0438\u044f \u043f\u0430\u0434\u0435\u043d\u0438\u0439 \u0438 \u0435\u0436\u0435\u0434\u043d\u0435\u0432\u043d\u043e\u0439 \u043f\u043e\u0434\u0434\u0435\u0440\u0436\u043a\u0438 \u0432 \u0432\u0430\u043d\u043d\u043e\u0439 \u043a\u043e\u043c\u043d\u0430\u0442\u0435.<\/p>\n<p data-start=\"1924\" data-end=\"2270\" data-is-last-node=\"\" data-is-only-node=\"\"><strong data-start=\"1924\" data-end=\"1941\">\u041a\u043b\u044e\u0447\u0435\u0432\u044b\u0435 \u0441\u043b\u043e\u0432\u0430<\/strong><br data-start=\"1941\" data-end=\"1944\" \/>\u041e\u043f\u043e\u0440\u043d\u0430\u044f \u0440\u0430\u043c\u0430 \u0434\u043b\u044f \u0443\u043d\u0438\u0442\u0430\u0437\u0430, \u0440\u0435\u0433\u0443\u043b\u0438\u0440\u0443\u0435\u043c\u0430\u044f \u043e\u043f\u043e\u0440\u0430 \u0434\u043b\u044f \u0443\u043d\u0438\u0442\u0430\u0437\u0430, \u043e\u043f\u043e\u0440\u043d\u0430\u044f \u0440\u0430\u043c\u0430 \u0434\u043b\u044f \u0442\u0443\u0430\u043b\u0435\u0442\u0430, \u0440\u0430\u043c\u0430 \u0434\u043b\u044f \u0443\u043d\u0438\u0442\u0430\u0437\u0430 \u0434\u043b\u044f \u043f\u043e\u0436\u0438\u043b\u044b\u0445 \u043b\u044e\u0434\u0435\u0439, \u043e\u043f\u043e\u0440\u0430 \u0434\u043b\u044f \u0443\u043d\u0438\u0442\u0430\u0437\u0430 \u0434\u043b\u044f \u043b\u044e\u0434\u0435\u0439 \u0441 \u043e\u0433\u0440\u0430\u043d\u0438\u0447\u0435\u043d\u043d\u044b\u043c\u0438 \u0432\u043e\u0437\u043c\u043e\u0436\u043d\u043e\u0441\u0442\u044f\u043c\u0438, \u043c\u0435\u0442\u0430\u043b\u043b\u0438\u0447\u0435\u0441\u043a\u0430\u044f \u0440\u0430\u043c\u0430 \u0434\u043b\u044f \u0443\u043d\u0438\u0442\u0430\u0437\u0430, \u043f\u043e\u0434\u044a\u0435\u043c\u043d\u0438\u043a \u0434\u043b\u044f \u0443\u043d\u0438\u0442\u0430\u0437\u0430, \u0443\u0441\u0442\u043e\u0439\u0447\u0438\u0432\u0430\u044f \u043e\u043f\u043e\u0440\u0430 \u0434\u043b\u044f \u0442\u0443\u0430\u043b\u0435\u0442\u0430, \u0440\u0435\u0433\u0443\u043b\u0438\u0440\u0443\u0435\u043c\u0430\u044f \u043f\u043e \u0432\u044b\u0441\u043e\u0442\u0435 \u0440\u0430\u043c\u0430 \u0434\u043b\u044f \u0443\u043d\u0438\u0442\u0430\u0437\u0430, \u043c\u0435\u0434\u0438\u0446\u0438\u043d\u0441\u043a\u043e\u0435 \u043e\u0431\u043e\u0440\u0443\u0434\u043e\u0432\u0430\u043d\u0438\u0435 \u0434\u043b\u044f \u0432\u0430\u043d\u043d\u043e\u0439 \u043a\u043e\u043c\u043d\u0430\u0442\u044b, \u043e\u043f\u043e\u0440\u0430 \u0434\u043b\u044f \u0443\u043d\u0438\u0442\u0430\u0437\u0430 \u0434\u043b\u044f \u0432\u043e\u0441\u0441\u0442\u0430\u043d\u043e\u0432\u043b\u0435\u043d\u0438\u044f, \u0440\u0430\u043c\u0430 \u0431\u0435\u0437\u043e\u043f\u0430\u0441\u043d\u043e\u0441\u0442\u0438 \u0434\u043b\u044f \u0442\u0443\u0430\u043b\u0435\u0442\u0430, \u0440\u0443\u0447\u043a\u0438 \u0434\u043b\u044f \u043e\u043f\u043e\u0440\u044b \u0443\u043d\u0438\u0442\u0430\u0437\u0430, \u043d\u0435\u0441\u043a\u043e\u043b\u044c\u0437\u044f\u0449\u0430\u044f \u043e\u043f\u043e\u0440\u0430 \u0434\u043b\u044f \u0443\u043d\u0438\u0442\u0430\u0437\u0430<\/p>","protected":false},"excerpt":{"rendered":"<p>Ram\u0103 de Sprijin pentru WC Reglabil\u0103 \u2013 Suport Stabil pentru Siguran\u021b\u0103 \u00een Baie. Rama de sprijin pentru WC reglabil\u0103 este<\/p>","protected":false},"featured_media":16651,"comment_status":"open","ping_status":"closed","template":"","meta":{"_acf_changed":false},"product_brand":[],"product_cat":[107],"product_tag":[],"class_list":{"0":"post-16647","1":"product","2":"type-product","3":"status-publish","4":"has-post-thumbnail","6":"product_cat-tehnica-de-reabilitare","8":"first","9":"instock","10":"shipping-taxable","11":"purchasable","12":"product-type-simple"},"acf":[],"_links":{"self":[{"href":"https:\/\/biomed.md\/ru\/wp-json\/wp\/v2\/product\/16647","targetHints":{"allow":["GET"]}}],"collection":[{"href":"https:\/\/biomed.md\/ru\/wp-json\/wp\/v2\/product"}],"about":[{"href":"https:\/\/biomed.md\/ru\/wp-json\/wp\/v2\/types\/product"}],"replies":[{"embeddable":true,"href":"https:\/\/biomed.md\/ru\/wp-json\/wp\/v2\/comments?post=16647"}],"version-history":[{"count":2,"href":"https:\/\/biomed.md\/ru\/wp-json\/wp\/v2\/product\/16647\/revisions"}],"predecessor-version":[{"id":16664,"href":"https:\/\/biomed.md\/ru\/wp-json\/wp\/v2\/product\/16647\/revisions\/16664"}],"wp:featuredmedia":[{"embeddable":true,"href":"https:\/\/biomed.md\/ru\/wp-json\/wp\/v2\/media\/16651"}],"wp:attachment":[{"href":"https:\/\/biomed.md\/ru\/wp-json\/wp\/v2\/media?parent=16647"}],"wp:term":[{"taxonomy":"product_brand","embeddable":true,"href":"https:\/\/biomed.md\/ru\/wp-json\/wp\/v2\/product_brand?post=16647"},{"taxonomy":"product_cat","embeddable":true,"href":"https:\/\/biomed.md\/ru\/wp-json\/wp\/v2\/product_cat?post=16647"},{"taxonomy":"product_tag","embeddable":true,"href":"https:\/\/biomed.md\/ru\/wp-json\/wp\/v2\/product_tag?post=16647"}],"curies":[{"name":"wp","href":"https:\/\/api.w.org\/{rel}","templated":true}]}}