{"id":16577,"date":"2026-04-24T09:12:46","date_gmt":"2026-04-24T09:12:46","guid":{"rendered":"https:\/\/biomed.md\/?post_type=product&#038;p=16577"},"modified":"2026-04-24T09:14:39","modified_gmt":"2026-04-24T09:14:39","slug":"scaun-ergonomic-cu-suport-lombar","status":"publish","type":"product","link":"https:\/\/biomed.md\/ru\/product\/scaun-ergonomic-cu-suport-lombar\/","title":{"rendered":"Scaun ergonomic cu suport lombar"},"content":{"rendered":"<p data-start=\"223\" data-end=\"319\"><strong data-start=\"223\" data-end=\"319\">Scaun ergonomic cu suport lombar \u2013 reglabil, cu sistem hidraulic \u0219i ro\u021bi<\/strong><\/p>\n<p data-start=\"223\" data-end=\"319\">Scaunul ergonomic de birou, salon, gene, cosmetologic etc este conceput pentru confort maxim \u0219i sus\u021binere corect\u0103 a corpului \u00een timpul utiliz\u0103rii \u00eendelungate. Datorit\u0103 designului ergonomic, acesta ofer\u0103 suport optim pentru coloan\u0103, zona lombar\u0103 \u0219i g\u00e2t, contribuind la men\u021binerea unei posturi corecte \u0219i reducerea tensiunii musculare.<\/p>\n<p data-start=\"649\" data-end=\"887\">Prev\u0103zut cu mecanism hidraulic pentru reglarea \u00een\u0103l\u021bimii \u0219i func\u021bie de \u00eenclinare, scaunul permite ajustarea rapid\u0103 \u00een func\u021bie de preferin\u021be. Structura solid\u0103 \u0219i baza stabil\u0103 cu ro\u021bi asigur\u0103 mobilitate u\u0219oar\u0103 \u0219i utilizare sigur\u0103 zilnic\u0103.<\/p>\n<p data-start=\"894\" data-end=\"1198\"><strong data-start=\"894\" data-end=\"920\">\u041f\u0440\u0435\u0438\u043c\u0443\u0449\u0435\u0441\u0442\u0432\u0430 \u0438 \u0432\u044b\u0433\u043e\u0434\u044b:<\/strong><br data-start=\"920\" data-end=\"923\" \/>\u2022 Sus\u021bine corect coloana vertebral\u0103 \u0219i postura<br data-start=\"969\" data-end=\"972\" \/>\u2022 Reduce durerile de spate \u0219i g\u00e2t<br data-start=\"1005\" data-end=\"1008\" \/>\u2022 Ideal pentru lucru la birou sau acas\u0103<br data-start=\"1047\" data-end=\"1050\" \/>\u2022 Confort ridicat pentru utilizare \u00eendelungat\u0103<br data-start=\"1096\" data-end=\"1099\" \/>\u2022 \u00cembun\u0103t\u0103\u021be\u0219te circula\u021bia \u0219i reduce oboseala<br data-start=\"1144\" data-end=\"1147\" \/>\u2022 Adaptabil pentru diferite tipuri de utilizatori<\/p>\n<p data-start=\"1205\" data-end=\"1488\"><strong data-start=\"1205\" data-end=\"1228\">\u041e\u0441\u043d\u043e\u0432\u043d\u044b\u0435 \u0444\u0443\u043d\u043a\u0446\u0438\u0438:<\/strong><br data-start=\"1228\" data-end=\"1231\" \/>\u2022 Reglare hidraulic\u0103 a \u00een\u0103l\u021bimii pentru pozi\u021bie optim\u0103<br data-start=\"1285\" data-end=\"1288\" \/>\u2022 Tetier\u0103 ajustabil\u0103 pentru suport cervical<br data-start=\"1331\" data-end=\"1334\" \/>\u2022 Suport lombar ergonomic pentru spate<br data-start=\"1372\" data-end=\"1375\" \/>\u2022 Sp\u0103tar reglabil cu func\u021bie de \u00eenclinare<br data-start=\"1416\" data-end=\"1419\" \/>\u2022 Rotire 360\u00b0 pentru flexibilitate<br data-start=\"1453\" data-end=\"1456\" \/>\u2022 Ro\u021bi pentru deplasare u\u0219oar\u0103<\/p>\n<p data-start=\"1495\" data-end=\"1768\"><strong data-start=\"1495\" data-end=\"1525\">\u041e\u0441\u043d\u043e\u0432\u043d\u044b\u0435 \u0445\u0430\u0440\u0430\u043a\u0442\u0435\u0440\u0438\u0441\u0442\u0438\u043a\u0438:<\/strong><br data-start=\"1525\" data-end=\"1528\" \/>\u2022 Design ergonomic modern<br data-start=\"1553\" data-end=\"1556\" \/>\u2022 Sp\u0103tar \u00eenalt pentru sus\u021binere complet\u0103<br data-start=\"1596\" data-end=\"1599\" \/>\u2022 Material respirabil pentru confort sporit<br data-start=\"1642\" data-end=\"1645\" \/>\u2022 Cotiere confortabile pentru sus\u021binerea bra\u021belor<br data-start=\"1694\" data-end=\"1697\" \/>\u2022 Baz\u0103 solid\u0103 pentru stabilitate crescut\u0103<br data-start=\"1738\" data-end=\"1741\" \/>\u2022 \u0411\u0435\u0441\u0448\u0443\u043c\u043d\u0430\u044f \u0440\u0430\u0431\u043e\u0442\u0430<\/p>\n<p data-start=\"1775\" data-end=\"2133\"><strong data-start=\"1775\" data-end=\"1800\">\u0422\u0435\u0445\u043d\u0438\u0447\u0435\u0441\u043a\u0438\u0435 \u0445\u0430\u0440\u0430\u043a\u0442\u0435\u0440\u0438\u0441\u0442\u0438\u043a\u0438:<\/strong><br data-start=\"1800\" data-end=\"1803\" \/>\u2022 Tip: scaun ergonomic de birou<br data-start=\"1834\" data-end=\"1837\" \/>\u2022 Mecanism: sistem hidraulic (gas lift)<br data-start=\"1876\" data-end=\"1879\" \/>\u2022 Func\u021bii: reglare \u00een\u0103l\u021bime, \u00eenclinare, rotire 360\u00b0<br data-start=\"1930\" data-end=\"1933\" \/>\u2022 Material: mesh\/textil respirabil + structur\u0103 metalic\u0103<br data-start=\"1988\" data-end=\"1991\" \/>\u2022 Baz\u0103: stea cu ro\u021bi (mobilitate ridicat\u0103)<br data-start=\"2033\" data-end=\"2036\" \/>\u2022 Capacitate suport: p\u00e2n\u0103 la aprox. 120\u2013150 kg<br data-start=\"2082\" data-end=\"2085\" \/>\u2022 Utilizare: birou, acas\u0103, spa\u021bii profesionale<\/p>\n<p data-start=\"2140\" data-end=\"2360\"><strong data-start=\"2140\" data-end=\"2165\">Confort \u0219i utilizare:<\/strong><br data-start=\"2165\" data-end=\"2168\" \/>\u2022 Ideal pentru sesiuni lungi de lucru<br data-start=\"2205\" data-end=\"2208\" \/>\u2022 Reduce presiunea asupra spatelui \u0219i \u0219oldurilor<br data-start=\"2256\" data-end=\"2259\" \/>\u2022 Permite ajust\u0103ri rapide pentru pozi\u021bie personalizat\u0103<br data-start=\"2313\" data-end=\"2316\" \/>\u2022 Potrivit pentru birou, studiu sau gaming<\/p>\n<p data-start=\"2367\" data-end=\"2543\"><strong data-start=\"2367\" data-end=\"2389\">\u0420\u0435\u043a\u043e\u043c\u0435\u043d\u0434\u0443\u0435\u0442\u0441\u044f \u0434\u043b\u044f:<\/strong><br data-start=\"2389\" data-end=\"2392\" \/>\u2022 munc\u0103 de birou \/ lucru la calculator<br data-start=\"2430\" data-end=\"2433\" \/>\u2022 persoane cu dureri de spate<br data-start=\"2462\" data-end=\"2465\" \/>\u2022 utilizare zilnic\u0103 prelungit\u0103<br data-start=\"2495\" data-end=\"2498\" \/>\u2022 home office<br data-start=\"2511\" data-end=\"2514\" \/>\u2022 studen\u021bi \u0219i profesioni\u0219ti<\/p>\n<p data-start=\"2550\" data-end=\"2795\"><strong data-start=\"2550\" data-end=\"2582\">\u041f\u043e\u0447\u0435\u043c\u0443 \u0441\u0442\u043e\u0438\u0442 \u0432\u044b\u0431\u0440\u0430\u0442\u044c \u0438\u043c\u0435\u043d\u043d\u043e \u044d\u0442\u043e\u0442 \u043f\u0440\u043e\u0434\u0443\u043a\u0442:<\/strong><br data-start=\"2582\" data-end=\"2585\" \/>Un scaun ergonomic bine proiectat nu este doar un element de mobilier, ci o investi\u021bie \u00een s\u0103n\u0103tatea ta. Acest model ofer\u0103 confort, suport \u0219i flexibilitate, fiind ideal pentru cei care petrec multe ore la birou.<\/p>\n<p data-start=\"2802\" data-end=\"3042\"><strong data-start=\"2802\" data-end=\"2820\">\u041a\u043b\u044e\u0447\u0435\u0432\u044b\u0435 \u0441\u043b\u043e\u0432\u0430:<\/strong><br data-start=\"2820\" data-end=\"2823\" \/>scaun ergonomic birou, scaun cosmetologic, scaun gene, scaun salon,\u00a0 scaun birou reglabil, scaun suport lombar, scaun cu tetiera, scaun hidraulic, scaun rotativ birou, scaun pentru gene, scaun lucru acasa<\/p>","protected":false},"excerpt":{"rendered":"<p>Scaun ergonomic cu suport lombar \u2013 reglabil, cu sistem hidraulic \u0219i ro\u021bi Scaunul ergonomic de birou, salon, gene, cosmetologic etc<\/p>","protected":false},"featured_media":16581,"comment_status":"open","ping_status":"closed","template":"","meta":{"_acf_changed":false},"product_brand":[],"product_cat":[103,106],"product_tag":[],"class_list":{"0":"post-16577","1":"product","2":"type-product","3":"status-publish","4":"has-post-thumbnail","6":"product_cat-estetica","7":"product_cat-utilaj-profesional-si-mobilier","9":"first","10":"instock","11":"shipping-taxable","12":"purchasable","13":"product-type-simple"},"acf":[],"_links":{"self":[{"href":"https:\/\/biomed.md\/ru\/wp-json\/wp\/v2\/product\/16577","targetHints":{"allow":["GET"]}}],"collection":[{"href":"https:\/\/biomed.md\/ru\/wp-json\/wp\/v2\/product"}],"about":[{"href":"https:\/\/biomed.md\/ru\/wp-json\/wp\/v2\/types\/product"}],"replies":[{"embeddable":true,"href":"https:\/\/biomed.md\/ru\/wp-json\/wp\/v2\/comments?post=16577"}],"version-history":[{"count":4,"href":"https:\/\/biomed.md\/ru\/wp-json\/wp\/v2\/product\/16577\/revisions"}],"predecessor-version":[{"id":16586,"href":"https:\/\/biomed.md\/ru\/wp-json\/wp\/v2\/product\/16577\/revisions\/16586"}],"wp:featuredmedia":[{"embeddable":true,"href":"https:\/\/biomed.md\/ru\/wp-json\/wp\/v2\/media\/16581"}],"wp:attachment":[{"href":"https:\/\/biomed.md\/ru\/wp-json\/wp\/v2\/media?parent=16577"}],"wp:term":[{"taxonomy":"product_brand","embeddable":true,"href":"https:\/\/biomed.md\/ru\/wp-json\/wp\/v2\/product_brand?post=16577"},{"taxonomy":"product_cat","embeddable":true,"href":"https:\/\/biomed.md\/ru\/wp-json\/wp\/v2\/product_cat?post=16577"},{"taxonomy":"product_tag","embeddable":true,"href":"https:\/\/biomed.md\/ru\/wp-json\/wp\/v2\/product_tag?post=16577"}],"curies":[{"name":"wp","href":"https:\/\/api.w.org\/{rel}","templated":true}]}}