{"id":16505,"date":"2026-04-21T12:31:21","date_gmt":"2026-04-21T12:31:21","guid":{"rendered":"https:\/\/biomed.md\/?post_type=product&#038;p=16505"},"modified":"2026-04-21T12:49:34","modified_gmt":"2026-04-21T12:49:34","slug":"masajor-electric-pentru-gat","status":"publish","type":"product","link":"https:\/\/biomed.md\/ru\/product\/masajor-electric-pentru-gat\/","title":{"rendered":"Masajor electric pentru g\u00e2t"},"content":{"rendered":"<p data-start=\"51\" data-end=\"113\"><strong data-start=\"51\" data-end=\"113\">Masajor electric pentru g\u00e2t \u2013 Relaxare \u0219i Confort\u00a0<\/strong><\/p>\n<p data-start=\"115\" data-end=\"424\">Transform\u0103 orele lungi petrecute \u00een fa\u021ba calculatorului \u00eentr-o experien\u021b\u0103 de relaxare cu masajorul electric pentru g\u00e2t disponibil pe biomed.md. Conceput special pentru persoanele active, acest dispozitiv \u00eembin\u0103 tehnologia modern\u0103 de masaj cu un design ergonomic, oferind sus\u021binere \u0219i detensionare instantanee.<\/p>\n<p data-start=\"426\" data-end=\"664\"><strong data-start=\"426\" data-end=\"488\">De ce s\u0103 alegi masajorul electric pentru g\u00e2t de la BioMed?<\/strong><br data-start=\"488\" data-end=\"491\" \/><strong data-start=\"491\" data-end=\"517\">Design ergonomic 360\u00b0:<\/strong> Forma tip \u201eU\u201d ofer\u0103 sus\u021binere optim\u0103 zonei cervicale \u0219i ajut\u0103 la men\u021binerea unei posturi corecte \u00een timpul lucrului, cititului sau c\u0103l\u0103toriilor.<\/p>\n<p data-start=\"666\" data-end=\"817\"><strong data-start=\"666\" data-end=\"698\">Tehnologie de masaj profund:<\/strong> Nodurile de masaj simuleaz\u0103 mi\u0219c\u0103rile de fr\u0103m\u00e2ntare ale unui terapeut, reduc\u00e2nd tensiunea muscular\u0103 \u0219i disconfortul.<\/p>\n<p data-start=\"819\" data-end=\"974\"><strong data-start=\"819\" data-end=\"856\">Func\u021bie de \u00eenc\u0103lzire terapeutic\u0103:<\/strong> C\u0103ldura integrat\u0103 contribuie la relaxarea musculaturii \u0219i \u00eembun\u0103t\u0103\u021birea circula\u021biei, amplific\u00e2nd efectul masajului.<\/p>\n<p data-start=\"976\" data-end=\"1158\"><strong data-start=\"976\" data-end=\"1014\">Control intuitiv \u0219i portabilitate:<\/strong> Butoane u\u0219or de utilizat pentru reglarea modurilor \u0219i intensit\u0103\u021bii. Design portabil, ideal pentru utilizare acas\u0103, la birou sau \u00een deplasare.<\/p>\n<p data-start=\"1160\" data-end=\"1293\"><strong data-start=\"1160\" data-end=\"1181\">\u041f\u0440\u0435\u043c\u0438\u0430\u043b\u044c\u043d\u044b\u0439 \u043c\u0430\u0442\u0435\u0440\u0438\u0430\u043b:<\/strong> Fabricat din materiale moi, respirabile \u0219i rezistente, pentru confort maxim chiar \u0219i \u00een utilizare prelungit\u0103.<\/p>\n<p data-start=\"1300\" data-end=\"1525\"><strong data-start=\"1300\" data-end=\"1325\">\u041e\u0441\u043d\u043e\u0432\u043d\u044b\u0435 \u043f\u0440\u0435\u0438\u043c\u0443\u0449\u0435\u0441\u0442\u0432\u0430:<\/strong><br data-start=\"1325\" data-end=\"1328\" \/>\u2022 Reduce stresul \u0219i oboseala acumulat\u0103<br data-start=\"1366\" data-end=\"1369\" \/>\u2022 Ajut\u0103 la prevenirea durerilor de g\u00e2t \u0219i umeri<br data-start=\"1416\" data-end=\"1419\" \/>\u2022 \u0420\u0430\u0441\u0441\u043b\u0430\u0431\u043b\u044f\u0435\u0442 \u043d\u0430\u043f\u0440\u044f\u0436\u0435\u043d\u043d\u044b\u0435 \u043c\u044b\u0448\u0446\u044b<br data-start=\"1453\" data-end=\"1456\" \/>\u2022 Sus\u021bine o postur\u0103 corect\u0103<br data-start=\"1483\" data-end=\"1486\" \/>\u2022 Contribuie la un somn mai odihnitor<\/p>\n<p data-start=\"1532\" data-end=\"2041\"><strong data-start=\"1532\" data-end=\"1557\">\u0422\u0435\u0445\u043d\u0438\u0447\u0435\u0441\u043a\u0438\u0435 \u0445\u0430\u0440\u0430\u043a\u0442\u0435\u0440\u0438\u0441\u0442\u0438\u043a\u0438:<\/strong><br data-start=\"1557\" data-end=\"1560\" \/>\u2022 Tip: masajor electric cervical Shiatsu<br data-start=\"1600\" data-end=\"1603\" \/>\u2022 Num\u0103r capete masaj: 8 noduri rotative<br data-start=\"1642\" data-end=\"1645\" \/>\u2022 Func\u021bii: masaj, \u00eenc\u0103lzire, schimbare direc\u021bie<br data-start=\"1692\" data-end=\"1695\" \/>\u2022 Niveluri intensitate: 2\u20133 trepte<br data-start=\"1729\" data-end=\"1732\" \/>\u2022 Alimentare: 220V + adaptor auto 12V<br data-start=\"1769\" data-end=\"1772\" \/>\u2022 Putere: aprox. 20W \u2013 30W<br data-start=\"1798\" data-end=\"1801\" \/>\u2022 Dimensiuni: aprox. 35 \u2013 58 cm<br data-start=\"1832\" data-end=\"1835\" \/>\u2022 Greutate: aprox. 1.5 \u2013 2 kg<br data-start=\"1864\" data-end=\"1867\" \/>\u2022 Material: piele ecologic\u0103 + material textil respirabil<br data-start=\"1923\" data-end=\"1926\" \/>\u2022 Utilizare: g\u00e2t, umeri, spate, lombar, picioare<br data-start=\"1974\" data-end=\"1977\" \/>\u2022 Sistem siguran\u021b\u0103: protec\u021bie supra\u00eenc\u0103lzire + oprire automat\u0103<\/p>\n<p data-start=\"2048\" data-end=\"2283\"><strong data-start=\"2048\" data-end=\"2080\">\u041f\u043e\u0447\u0435\u043c\u0443 \u0441\u0442\u043e\u0438\u0442 \u0432\u044b\u0431\u0440\u0430\u0442\u044c \u0438\u043c\u0435\u043d\u043d\u043e \u044d\u0442\u043e\u0442 \u043f\u0440\u043e\u0434\u0443\u043a\u0442:<\/strong><br data-start=\"2080\" data-end=\"2083\" \/>Un masajor eficient \u0219i u\u0219or de utilizat, ideal pentru relaxare rapid\u0103 \u0219i reducerea tensiunii musculare. Perfect pentru utilizare zilnic\u0103, oferind confort \u0219i recuperare \u00eentr-un mod simplu \u0219i accesibil.<\/p>\n<p data-start=\"2290\" data-end=\"2507\" data-is-last-node=\"\" data-is-only-node=\"\"><strong data-start=\"2290\" data-end=\"2308\">\u041a\u043b\u044e\u0447\u0435\u0432\u044b\u0435 \u0441\u043b\u043e\u0432\u0430:<\/strong><br data-start=\"2308\" data-end=\"2311\" \/>masajor electric gat, masaj cervical, aparat masaj gat, masaj umeri, masaj shiatsu, masaj cu incalzire, aparat masaj acasa, masaj anti stres, masaj birou, masajor portabil, masaj profesional acasa<\/p>","protected":false},"excerpt":{"rendered":"<p>Masajor electric pentru g\u00e2t \u2013 Relaxare \u0219i Confort\u00a0 Transform\u0103 orele lungi petrecute \u00een fa\u021ba calculatorului \u00eentr-o experien\u021b\u0103 de relaxare cu<\/p>","protected":false},"featured_media":16508,"comment_status":"open","ping_status":"closed","template":"","meta":{"_acf_changed":false},"product_brand":[],"product_cat":[115],"product_tag":[],"class_list":{"0":"post-16505","1":"product","2":"type-product","3":"status-publish","4":"has-post-thumbnail","6":"product_cat-masaj-si-sport","8":"first","9":"outofstock","10":"shipping-taxable","11":"purchasable","12":"product-type-simple"},"acf":[],"_links":{"self":[{"href":"https:\/\/biomed.md\/ru\/wp-json\/wp\/v2\/product\/16505","targetHints":{"allow":["GET"]}}],"collection":[{"href":"https:\/\/biomed.md\/ru\/wp-json\/wp\/v2\/product"}],"about":[{"href":"https:\/\/biomed.md\/ru\/wp-json\/wp\/v2\/types\/product"}],"replies":[{"embeddable":true,"href":"https:\/\/biomed.md\/ru\/wp-json\/wp\/v2\/comments?post=16505"}],"version-history":[{"count":1,"href":"https:\/\/biomed.md\/ru\/wp-json\/wp\/v2\/product\/16505\/revisions"}],"predecessor-version":[{"id":16515,"href":"https:\/\/biomed.md\/ru\/wp-json\/wp\/v2\/product\/16505\/revisions\/16515"}],"wp:featuredmedia":[{"embeddable":true,"href":"https:\/\/biomed.md\/ru\/wp-json\/wp\/v2\/media\/16508"}],"wp:attachment":[{"href":"https:\/\/biomed.md\/ru\/wp-json\/wp\/v2\/media?parent=16505"}],"wp:term":[{"taxonomy":"product_brand","embeddable":true,"href":"https:\/\/biomed.md\/ru\/wp-json\/wp\/v2\/product_brand?post=16505"},{"taxonomy":"product_cat","embeddable":true,"href":"https:\/\/biomed.md\/ru\/wp-json\/wp\/v2\/product_cat?post=16505"},{"taxonomy":"product_tag","embeddable":true,"href":"https:\/\/biomed.md\/ru\/wp-json\/wp\/v2\/product_tag?post=16505"}],"curies":[{"name":"wp","href":"https:\/\/api.w.org\/{rel}","templated":true}]}}