{"id":16464,"date":"2026-04-16T12:20:27","date_gmt":"2026-04-16T12:20:27","guid":{"rendered":"https:\/\/biomed.md\/?post_type=product&#038;p=16464"},"modified":"2026-04-16T12:20:27","modified_gmt":"2026-04-16T12:20:27","slug":"masajor-cu-apa-pentru-picioare-pliabil-cu-incalzire","status":"publish","type":"product","link":"https:\/\/biomed.md\/ru\/product\/masajor-cu-apa-pentru-picioare-pliabil-cu-incalzire\/","title":{"rendered":"Masajor cu ap\u0103 pentru picioare pliabil cu \u00eenc\u0103lzire"},"content":{"rendered":"<section class=\"text-token-text-primary w-full focus:outline-none [--shadow-height:45px] has-data-writing-block:pointer-events-none has-data-writing-block:-mt-(--shadow-height) has-data-writing-block:pt-(--shadow-height) [&amp;:has([data-writing-block])&gt;*]:pointer-events-auto [content-visibility:auto] supports-[content-visibility:auto]:[contain-intrinsic-size:auto_100lvh] R6Vx5W_threadScrollVars scroll-mb-[calc(var(--scroll-root-safe-area-inset-bottom,0px)+var(--thread-response-height))] scroll-mt-[calc(var(--header-height)+min(200px,max(70px,20svh)))]\" dir=\"auto\" data-turn-id=\"request-WEB:260bce73-1ee0-49af-8f81-1fc115cf369c-8\" data-testid=\"conversation-turn-18\" data-scroll-anchor=\"false\" data-turn=\"assistant\">\n<div class=\"text-base my-auto mx-auto pb-10 [--thread-content-margin:var(--thread-content-margin-xs,calc(var(--spacing)*4))] @w-sm\/main:[--thread-content-margin:var(--thread-content-margin-sm,calc(var(--spacing)*6))] @w-lg\/main:[--thread-content-margin:var(--thread-content-margin-lg,calc(var(--spacing)*16))] px-(--thread-content-margin)\">\n<div class=\"[--thread-content-max-width:40rem] @w-lg\/main:[--thread-content-max-width:48rem] mx-auto max-w-(--thread-content-max-width) flex-1 group\/turn-messages focus-visible:outline-hidden relative flex w-full min-w-0 flex-col agent-turn\">\n<div class=\"flex max-w-full flex-col gap-4 grow\">\n<div class=\"min-h-8 text-message relative flex w-full flex-col items-end gap-2 text-start break-words whitespace-normal outline-none keyboard-focused:focus-ring [.text-message+&amp;]:mt-1\" dir=\"auto\" tabindex=\"0\" data-message-author-role=\"assistant\" data-message-id=\"1a370b3c-7738-4d2a-a800-098060f59fe4\" data-message-model-slug=\"gpt-5-3\" data-turn-start-message=\"true\">\n<div class=\"flex w-full flex-col gap-1 empty:hidden\">\n<div class=\"markdown prose dark:prose-invert w-full wrap-break-word light markdown-new-styling\">\n<p data-start=\"70\" data-end=\"159\"><strong data-start=\"70\" data-end=\"159\">Masajor cu ap\u0103 pentru picioare pliabil cu \u00eenc\u0103lzire, control temperatur\u0103 \u0219i infraro\u0219u. <\/strong>Masajorul cu ap\u0103 pentru picioare pliabil este solu\u021bia ideal\u0103 pentru relaxare \u0219i recuperare dup\u0103 o zi obositoare. Conceput pentru utilizare acas\u0103, acest aparat ofer\u0103 un efect de spa profesional datorit\u0103 combina\u021biei de \u00eenc\u0103lzire automat\u0103, vibra\u021bii, bule \u0219i lumin\u0103 infraro\u0219ie. Designul pliabil \u00eel face extrem de practic, economisind spa\u021biu \u0219i fiind u\u0219or de depozitat.<\/p>\n<p data-start=\"551\" data-end=\"710\">Tehnologia de \u00eenc\u0103lzire men\u021bine apa la o temperatur\u0103 constant\u0103 pentru confort maxim, iar func\u021biile de masaj stimuleaz\u0103 circula\u021bia \u0219i reduc tensiunea muscular\u0103.<\/p>\n<p data-start=\"717\" data-end=\"1010\"><strong data-start=\"717\" data-end=\"743\">Beneficii \u0219i avantaje:<\/strong><br data-start=\"743\" data-end=\"746\" \/>\u2022 Relaxare profund\u0103 \u0219i reducerea oboselii picioarelor<br data-start=\"799\" data-end=\"802\" \/>\u2022 \u00cembun\u0103t\u0103\u021be\u0219te circula\u021bia sanguin\u0103<br data-start=\"837\" data-end=\"840\" \/>\u2022 Ajut\u0103 la reducerea durerilor \u0219i tensiunii musculare<br data-start=\"893\" data-end=\"896\" \/>\u2022 Efect de spa direct acas\u0103<br data-start=\"923\" data-end=\"926\" \/>\u2022 Ideal dup\u0103 munc\u0103 sau sport<br data-start=\"954\" data-end=\"957\" \/>\u2022 Compact \u0219i u\u0219or de depozitat<br data-start=\"987\" data-end=\"990\" \/>\u2022 U\u0219or de utilizat<\/p>\n<p data-start=\"1017\" data-end=\"1364\"><strong data-start=\"1017\" data-end=\"1040\">\u041e\u0441\u043d\u043e\u0432\u043d\u044b\u0435 \u0444\u0443\u043d\u043a\u0446\u0438\u0438:<\/strong><br data-start=\"1040\" data-end=\"1043\" \/>\u2022 \u00cenc\u0103lzire automat\u0103 a apei cu men\u021binerea temperaturii<br data-start=\"1097\" data-end=\"1100\" \/>\u2022 Control reglabil al temperaturii (aprox. 40\u201348\u00b0C)<br data-start=\"1151\" data-end=\"1154\" \/>\u2022 Func\u021bie de bule pentru efect de jacuzzi<br data-start=\"1195\" data-end=\"1198\" \/>\u2022 Vibra\u021bii pentru relaxare muscular\u0103<br data-start=\"1234\" data-end=\"1237\" \/>\u2022 Lumin\u0103 infraro\u0219ie pentru stimularea circula\u021biei<br data-start=\"1286\" data-end=\"1289\" \/>\u2022 Role de masaj pentru reflexoterapie<br data-start=\"1326\" data-end=\"1329\" \/>\u2022 Distribu\u021bie uniform\u0103 a c\u0103ldurii<\/p>\n<p data-start=\"1371\" data-end=\"1609\"><strong data-start=\"1371\" data-end=\"1401\">\u041e\u0441\u043d\u043e\u0432\u043d\u044b\u0435 \u0445\u0430\u0440\u0430\u043a\u0442\u0435\u0440\u0438\u0441\u0442\u0438\u043a\u0438:<\/strong><br data-start=\"1401\" data-end=\"1404\" \/>\u2022 Design pliabil \u2013 economise\u0219te spa\u021biu<br data-start=\"1442\" data-end=\"1445\" \/>\u2022 Material rezistent \u0219i impermeabil<br data-start=\"1480\" data-end=\"1483\" \/>\u2022 Suprafa\u021b\u0103 anti-alunecare<br data-start=\"1509\" data-end=\"1512\" \/>\u2022 M\u00e2ner pentru transport u\u0219or<br data-start=\"1541\" data-end=\"1544\" \/>\u2022 Func\u021bionare silen\u021bioas\u0103<br data-start=\"1569\" data-end=\"1572\" \/>\u2022 \u041f\u043e\u0434\u0445\u043e\u0434\u0438\u0442 \u0434\u043b\u044f \u0435\u0436\u0435\u0434\u043d\u0435\u0432\u043d\u043e\u0433\u043e \u0438\u0441\u043f\u043e\u043b\u044c\u0437\u043e\u0432\u0430\u043d\u0438\u044f<\/p>\n<p data-start=\"1616\" data-end=\"1944\"><strong data-start=\"1616\" data-end=\"1641\">\u0422\u0435\u0445\u043d\u0438\u0447\u0435\u0441\u043a\u0438\u0435 \u0445\u0430\u0440\u0430\u043a\u0442\u0435\u0440\u0438\u0441\u0442\u0438\u043a\u0438:<\/strong><br data-start=\"1641\" data-end=\"1644\" \/>\u2022 Tip: masajor cu ap\u0103 pentru picioare<br data-start=\"1681\" data-end=\"1684\" \/>\u2022 Putere: aprox. 400 \u2013 500W<br data-start=\"1711\" data-end=\"1714\" \/>\u2022 Alimentare: 220V<br data-start=\"1732\" data-end=\"1735\" \/>\u2022 Capacitate: aprox. 5 \u2013 6 litri<br data-start=\"1767\" data-end=\"1770\" \/>\u2022 Temperatur\u0103 reglabil\u0103: ~40\u00b0C \u2013 48\u00b0C<br data-start=\"1807\" data-end=\"1810\" \/>\u2022 Sistem \u00eenc\u0103lzire: PTC<br data-start=\"1833\" data-end=\"1836\" \/>\u2022 Func\u021bii: \u00eenc\u0103lzire, vibra\u021bii, bule, infraro\u0219u, masaj<br data-start=\"1890\" data-end=\"1893\" \/>\u2022 Design: pliabil<br data-start=\"1910\" data-end=\"1913\" \/>\u2022 Protec\u021bie: rezistent la ap\u0103<\/p>\n<p data-start=\"1951\" data-end=\"2114\"><strong data-start=\"1951\" data-end=\"1973\">\u0420\u0435\u043a\u043e\u043c\u0435\u043d\u0434\u0443\u0435\u0442\u0441\u044f \u0434\u043b\u044f:<\/strong><br data-start=\"1973\" data-end=\"1976\" \/>\u2022 persoane obosite sau cu dureri de picioare<br data-start=\"2020\" data-end=\"2023\" \/>\u2022 recuperare dup\u0103 efort fizic<br data-start=\"2052\" data-end=\"2055\" \/>\u2022 persoane cu circula\u021bie slab\u0103<br data-start=\"2085\" data-end=\"2088\" \/>\u2022 relaxare zilnic\u0103 acas\u0103<\/p>\n<p data-start=\"2121\" data-end=\"2298\"><strong data-start=\"2121\" data-end=\"2153\">De ce s\u0103 alegi acest produs:<\/strong><br data-start=\"2153\" data-end=\"2156\" \/>Un aparat compact \u0219i eficient care transform\u0103 \u00eengrijirea picioarelor \u00eentr-un ritual de relaxare. Ideal pentru confort zilnic \u0219i stare de bine.<\/p>\n<p data-start=\"2305\" data-end=\"2611\" data-is-last-node=\"\" data-is-only-node=\"\"><strong data-start=\"2305\" data-end=\"2323\">\u041a\u043b\u044e\u0447\u0435\u0432\u044b\u0435 \u0441\u043b\u043e\u0432\u0430:<\/strong><br data-start=\"2323\" data-end=\"2326\" \/>masajor picioare, masajor cu apa pentru picioare, spa picioare pliabil, aparat masaj picioare, cad\u0103 picioare cu \u00eenc\u0103lzire, foot spa electric, masajor picioare infraro\u0219u, aparat relaxare picioare, hidromasaj picioare, aparat circula\u021bie picioare, reflexoterapie acas\u0103, spa picioare compact<\/p>\n<\/div>\n<\/div>\n<\/div>\n<\/div>\n<div class=\"z-0 flex min-h-[46px] justify-start\"><\/div>\n<div class=\"mt-3 w-full empty:hidden\">\n<div class=\"text-center\"><\/div>\n<\/div>\n<\/div>\n<\/div>\n<\/section>\n<div class=\"pointer-events-none -mt-px h-px translate-y-[calc(var(--scroll-root-safe-area-inset-bottom)-14*var(--spacing))]\" aria-hidden=\"true\"><\/div>","protected":false},"excerpt":{"rendered":"<p>Masajor cu ap\u0103 pentru picioare pliabil cu \u00eenc\u0103lzire, control temperatur\u0103 \u0219i infraro\u0219u. Masajorul cu ap\u0103 pentru picioare pliabil este solu\u021bia<\/p>","protected":false},"featured_media":16465,"comment_status":"open","ping_status":"closed","template":"","meta":{"_acf_changed":false},"product_brand":[],"product_cat":[115],"product_tag":[],"class_list":{"0":"post-16464","1":"product","2":"type-product","3":"status-publish","4":"has-post-thumbnail","6":"product_cat-masaj-si-sport","8":"first","9":"outofstock","10":"shipping-taxable","11":"purchasable","12":"product-type-simple"},"acf":[],"_links":{"self":[{"href":"https:\/\/biomed.md\/ru\/wp-json\/wp\/v2\/product\/16464","targetHints":{"allow":["GET"]}}],"collection":[{"href":"https:\/\/biomed.md\/ru\/wp-json\/wp\/v2\/product"}],"about":[{"href":"https:\/\/biomed.md\/ru\/wp-json\/wp\/v2\/types\/product"}],"replies":[{"embeddable":true,"href":"https:\/\/biomed.md\/ru\/wp-json\/wp\/v2\/comments?post=16464"}],"version-history":[{"count":1,"href":"https:\/\/biomed.md\/ru\/wp-json\/wp\/v2\/product\/16464\/revisions"}],"predecessor-version":[{"id":16471,"href":"https:\/\/biomed.md\/ru\/wp-json\/wp\/v2\/product\/16464\/revisions\/16471"}],"wp:featuredmedia":[{"embeddable":true,"href":"https:\/\/biomed.md\/ru\/wp-json\/wp\/v2\/media\/16465"}],"wp:attachment":[{"href":"https:\/\/biomed.md\/ru\/wp-json\/wp\/v2\/media?parent=16464"}],"wp:term":[{"taxonomy":"product_brand","embeddable":true,"href":"https:\/\/biomed.md\/ru\/wp-json\/wp\/v2\/product_brand?post=16464"},{"taxonomy":"product_cat","embeddable":true,"href":"https:\/\/biomed.md\/ru\/wp-json\/wp\/v2\/product_cat?post=16464"},{"taxonomy":"product_tag","embeddable":true,"href":"https:\/\/biomed.md\/ru\/wp-json\/wp\/v2\/product_tag?post=16464"}],"curies":[{"name":"wp","href":"https:\/\/api.w.org\/{rel}","templated":true}]}}