{"id":16384,"date":"2026-04-09T13:31:23","date_gmt":"2026-04-09T13:31:23","guid":{"rendered":"https:\/\/biomed.md\/?post_type=product&#038;p=16384"},"modified":"2026-04-09T16:24:05","modified_gmt":"2026-04-09T16:24:05","slug":"glucometru-monitor-continuu-sibionics-gs1","status":"publish","type":"product","link":"https:\/\/biomed.md\/ru\/product\/glucometru-monitor-continuu-sibionics-gs1\/","title":{"rendered":"\u0413\u043b\u044e\u043a\u043e\u043c\u0435\u0442\u0440 \u043d\u0435\u043f\u0440\u0435\u0440\u044b\u0432\u043d\u043e\u0433\u043e \u043c\u043e\u043d\u0438\u0442\u043e\u0440\u0438\u043d\u0433\u0430 \u0443\u0440\u043e\u0432\u043d\u044f \u0433\u043b\u044e\u043a\u043e\u0437\u044b Sibionics GS1"},"content":{"rendered":"<h5 data-path-to-node=\"0\">\u0421\u0438\u0441\u0442\u0435\u043c\u0430 \u043d\u0435\u043f\u0440\u0435\u0440\u044b\u0432\u043d\u043e\u0433\u043e \u043c\u043e\u043d\u0438\u0442\u043e\u0440\u0438\u043d\u0433\u0430 \u0443\u0440\u043e\u0432\u043d\u044f \u0433\u043b\u044e\u043a\u043e\u0437\u044b Sibionics GS1<\/h5>\n<p data-path-to-node=\"1\">\u0412\u043e\u0437\u044c\u043c\u0438\u0442\u0435 \u043f\u043e\u0434 \u043f\u043e\u043b\u043d\u044b\u0439 \u043a\u043e\u043d\u0442\u0440\u043e\u043b\u044c \u0441\u0432\u043e\u0435 \u0437\u0434\u043e\u0440\u043e\u0432\u044c\u0435 \u0441 \u043f\u043e\u043c\u043e\u0449\u044c\u044e SIBIONICS GS1, \u0441\u0430\u043c\u043e\u0439 \u0441\u043e\u0432\u0440\u0435\u043c\u0435\u043d\u043d\u043e\u0439 \u0441\u0438\u0441\u0442\u0435\u043c\u044b \u043c\u043e\u043d\u0438\u0442\u043e\u0440\u0438\u043d\u0433\u0430 \u0443\u0440\u043e\u0432\u043d\u044f \u0433\u043b\u044e\u043a\u043e\u0437\u044b \u0432 \u043a\u0440\u043e\u0432\u0438 \u0431\u0435\u0437 \u043c\u043d\u043e\u0433\u043e\u043a\u0440\u0430\u0442\u043d\u043e\u0433\u043e \u043f\u0440\u043e\u043a\u0430\u043b\u044b\u0432\u0430\u043d\u0438\u044f, \u0442\u0435\u043f\u0435\u0440\u044c \u0434\u043e\u0441\u0442\u0443\u043f\u043d\u043e \u0432 Biomed.md. \u0420\u0430\u0437\u0440\u0430\u0431\u043e\u0442\u0430\u043d\u043d\u043e \u0434\u043b\u044f \u043e\u0431\u0435\u0441\u043f\u0435\u0447\u0435\u043d\u0438\u044f \u043c\u0435\u0434\u0438\u0446\u0438\u043d\u0441\u043a\u043e\u0439 \u0442\u043e\u0447\u043d\u043e\u0441\u0442\u0438 \u0432 \u043d\u0435\u0437\u0430\u043c\u0435\u0442\u043d\u043e\u043c \u0438 \u043f\u0440\u043e\u0441\u0442\u043e\u043c \u0432 \u0438\u0441\u043f\u043e\u043b\u044c\u0437\u043e\u0432\u0430\u043d\u0438\u0438 \u0444\u043e\u0440\u043c\u0430\u0442\u0435, \u0441\u0438\u0441\u0442\u0435\u043c\u0430 SIBIONICS GS1 \u0443\u0441\u0442\u0440\u0430\u043d\u044f\u0435\u0442 \u0434\u0438\u0441\u043a\u043e\u043c\u0444\u043e\u0440\u0442 \u0442\u0440\u0430\u0434\u0438\u0446\u0438\u043e\u043d\u043d\u044b\u0445 \u043c\u0435\u0442\u043e\u0434\u043e\u0432 \u0438\u0437\u043c\u0435\u0440\u0435\u043d\u0438\u044f, \u043f\u0440\u0435\u0434\u043e\u0441\u0442\u0430\u0432\u043b\u044f\u044f \u0432\u0430\u043c \u0434\u0430\u043d\u043d\u044b\u0435 \u0432 \u0440\u0435\u0436\u0438\u043c\u0435 \u0440\u0435\u0430\u043b\u044c\u043d\u043e\u0433\u043e \u0432\u0440\u0435\u043c\u0435\u043d\u0438 \u043f\u0440\u044f\u043c\u043e \u043d\u0430 \u0432\u0430\u0448 \u043c\u043e\u0431\u0438\u043b\u044c\u043d\u044b\u0439 \u0442\u0435\u043b\u0435\u0444\u043e\u043d. \u0411\u043b\u0430\u0433\u043e\u0434\u0430\u0440\u044f \u043b\u0443\u0447\u0448\u0435\u043c\u0443 \u0432 \u043e\u0442\u0440\u0430\u0441\u043b\u0438 \u0441\u0440\u043e\u043a\u0443 \u0441\u043b\u0443\u0436\u0431\u044b \u0434\u0430\u0442\u0447\u0438\u043a\u0430, \u043e\u043d \u044f\u0432\u043b\u044f\u0435\u0442\u0441\u044f \u0438\u0434\u0435\u0430\u043b\u044c\u043d\u044b\u043c \u043f\u0430\u0440\u0442\u043d\u0435\u0440\u043e\u043c \u0434\u043b\u044f \u043f\u0440\u043e\u0430\u043a\u0442\u0438\u0432\u043d\u043e\u0433\u043e \u0438 \u0438\u043d\u0442\u0435\u043b\u043b\u0435\u043a\u0442\u0443\u0430\u043b\u044c\u043d\u043e\u0433\u043e \u0443\u043f\u0440\u0430\u0432\u043b\u0435\u043d\u0438\u044f \u0434\u0438\u0430\u0431\u0435\u0442\u043e\u043c, \u043d\u0435 \u043f\u0440\u0435\u0440\u044b\u0432\u0430\u044f \u0432\u0430\u0448\u0443 \u043f\u043e\u0432\u0441\u0435\u0434\u043d\u0435\u0432\u043d\u0443\u044e \u0434\u0435\u044f\u0442\u0435\u043b\u044c\u043d\u043e\u0441\u0442\u044c<\/p>\n<h5 data-path-to-node=\"2\">\u041f\u0435\u0440\u0435\u0434\u043e\u0432\u044b\u0435 \u0442\u0435\u0445\u043d\u043e\u043b\u043e\u0433\u0438\u0438 \u0438 \u043f\u043e\u043b\u043d\u0430\u044f \u0441\u0432\u043e\u0431\u043e\u0434\u0430<\/h5>\n<ul data-path-to-node=\"3\">\n<li>\n<p data-path-to-node=\"3,0,0\"><b data-path-to-node=\"3,0,0\" data-index-in-node=\"0\">\u041c\u043e\u043d\u0438\u0442\u043e\u0440\u0438\u043d\u0433 \u0437\u0430\u043f\u0438\u0441\u0435\u0439 \u0432 \u0442\u0435\u0447\u0435\u043d\u0438\u0435 14 \u0434\u043d\u0435\u0439:<\/b> \u041e\u0434\u0438\u043d \u0434\u0430\u0442\u0447\u0438\u043a \u043e\u0431\u0435\u0441\u043f\u0435\u0447\u0438\u0432\u0430\u0435\u0442 \u043d\u0435\u043f\u0440\u0435\u0440\u044b\u0432\u043d\u044b\u0435 \u043f\u043e\u043a\u0430\u0437\u0430\u043d\u0438\u044f \u0432 \u0442\u0435\u0447\u0435\u043d\u0438\u0435 \u0434\u0432\u0443\u0445 \u043d\u0435\u0434\u0435\u043b\u044c, \u043d\u0435 \u0442\u0440\u0435\u0431\u0443\u044f \u0440\u0443\u0447\u043d\u043e\u0439 \u043a\u0430\u043b\u0438\u0431\u0440\u043e\u0432\u043a\u0438 \u043f\u043e \u043f\u0440\u043e\u043a\u043e\u043b\u0443 \u043f\u0430\u043b\u044c\u0446\u0430.<\/p>\n<\/li>\n<li>\n<p data-path-to-node=\"3,1,0\"><b data-path-to-node=\"3,1,0\" data-index-in-node=\"0\">\u0418\u0441\u043a\u043b\u044e\u0447\u0438\u0442\u0435\u043b\u044c\u043d\u043e \u0432\u044b\u0441\u043e\u043a\u0430\u044f \u0442\u043e\u0447\u043d\u043e\u0441\u0442\u044c MARD:<\/b> \u041f\u0435\u0440\u0435\u0434\u043e\u0432\u044b\u0435 \u0441\u0435\u043d\u0441\u043e\u0440\u043d\u044b\u0435 \u0442\u0435\u0445\u043d\u043e\u043b\u043e\u0433\u0438\u0438 \u043e\u0431\u0435\u0441\u043f\u0435\u0447\u0438\u0432\u0430\u044e\u0442 \u0442\u043e\u0447\u043d\u043e\u0435 \u0441\u043e\u043e\u0442\u0432\u0435\u0442\u0441\u0442\u0432\u0438\u0435 \u0440\u0435\u0430\u043b\u044c\u043d\u044b\u043c \u0437\u043d\u0430\u0447\u0435\u043d\u0438\u044f\u043c \u0443\u0440\u043e\u0432\u043d\u044f \u0433\u043b\u044e\u043a\u043e\u0437\u044b \u0432 \u043a\u0440\u043e\u0432\u0438, \u0447\u0442\u043e \u043f\u043e\u0437\u0432\u043e\u043b\u044f\u0435\u0442 \u0432\u0430\u043c \u0431\u044b\u0442\u044c \u0443\u0432\u0435\u0440\u0435\u043d\u043d\u044b\u043c\u0438 \u0432 \u043a\u0430\u0436\u0434\u043e\u043c \u0442\u0435\u0440\u0430\u043f\u0435\u0432\u0442\u0438\u0447\u0435\u0441\u043a\u043e\u043c \u0440\u0435\u0448\u0435\u043d\u0438\u0438<\/p>\n<\/li>\n<li>\n<p data-path-to-node=\"3,2,0\"><b data-path-to-node=\"3,2,0\" data-index-in-node=\"0\">\u0410\u0432\u0442\u043e\u043c\u0430\u0442\u0438\u0447\u0435\u0441\u043a\u0430\u044f \u043f\u0435\u0440\u0435\u0434\u0430\u0447\u0430 \u0434\u0430\u043d\u043d\u044b\u0445 \u043f\u043e Bluetooth:<\/b> \u0414\u0430\u043d\u043d\u044b\u0435 \u043c\u0433\u043d\u043e\u0432\u0435\u043d\u043d\u043e \u043f\u0435\u0440\u0435\u0434\u0430\u044e\u0442\u0441\u044f \u0432 \u043f\u0440\u0438\u043b\u043e\u0436\u0435\u043d\u0438\u0435 SIBIONICS, \u0433\u0435\u043d\u0435\u0440\u0438\u0440\u0443\u044f \u0438\u043d\u0442\u0443\u0438\u0442\u0438\u0432\u043d\u043e \u043f\u043e\u043d\u044f\u0442\u043d\u044b\u0435 \u0433\u0440\u0430\u0444\u0438\u043a\u0438 \u0438 \u043e\u0442\u0447\u0435\u0442\u044b \u043e \u0442\u0435\u043d\u0434\u0435\u043d\u0446\u0438\u044f\u0445 \u0431\u0435\u0437 \u043d\u0435\u043e\u0431\u0445\u043e\u0434\u0438\u043c\u043e\u0441\u0442\u0438 \u0440\u0443\u0447\u043d\u043e\u0433\u043e \u0441\u043a\u0430\u043d\u0438\u0440\u043e\u0432\u0430\u043d\u0438\u044f<\/p>\n<\/li>\n<li>\n<p data-path-to-node=\"3,3,0\"><b data-path-to-node=\"3,3,0\" data-index-in-node=\"0\">\u0423\u043b\u044c\u0442\u0440\u0430\u0442\u043e\u043d\u043a\u0438\u0439 \u0438 \u043f\u0440\u043e\u0447\u043d\u044b\u0439 \u0434\u0438\u0437\u0430\u0439\u043d:<\/b> \u0414\u0430\u0442\u0447\u0438\u043a \u043a\u043e\u043c\u043f\u0430\u043a\u0442\u043d\u044b\u0439 \u0438 \u043f\u043e\u043b\u043d\u043e\u0441\u0442\u044c\u044e \u0432\u043e\u0434\u043e\u043d\u0435\u043f\u0440\u043e\u043d\u0438\u0446\u0430\u0435\u043c\u044b\u0439 (IP28), \u0447\u0442\u043e \u0434\u0435\u043b\u0430\u0435\u0442 \u0435\u0433\u043e \u0438\u0434\u0435\u0430\u043b\u044c\u043d\u044b\u043c \u0434\u043b\u044f \u0430\u043a\u0442\u0438\u0432\u043d\u044b\u0445 \u043b\u044e\u0434\u0435\u0439, \u043a\u043e\u0442\u043e\u0440\u044b\u0435 \u043f\u043e\u0441\u0435\u0449\u0430\u044e\u0442 \u0441\u043f\u043e\u0440\u0442\u0437\u0430\u043b, \u043f\u043b\u0430\u0432\u0430\u044e\u0442 \u0438\u043b\u0438 \u043f\u0443\u0442\u0435\u0448\u0435\u0441\u0442\u0432\u0443\u044e\u0442.<\/p>\n<\/li>\n<\/ul>\n<h5 data-path-to-node=\"4\">\u041e\u0441\u043e\u0431\u0435\u043d\u043d\u043e\u0441\u0442\u0438 \u0438 \u043f\u0440\u0435\u0438\u043c\u0443\u0449\u0435\u0441\u0442\u0432\u0430 \u0431\u0438\u043e\u043c\u0435\u0434\u0438\u0446\u0438\u043d\u0441\u043a\u043e\u0439 \u0442\u0435\u0445\u043d\u0438\u043a\u0438<\/h5>\n<ul data-path-to-node=\"5\">\n<li>\n<p data-path-to-node=\"5,0,0\"><b data-path-to-node=\"5,0,0\" data-index-in-node=\"0\">\u0418\u043d\u0442\u0435\u043b\u043b\u0435\u043a\u0442\u0443\u0430\u043b\u044c\u043d\u044b\u0435 \u0441\u0438\u0441\u0442\u0435\u043c\u044b \u043e\u043f\u043e\u0432\u0435\u0449\u0435\u043d\u0438\u044f \u043e \u0447\u0440\u0435\u0437\u0432\u044b\u0447\u0430\u0439\u043d\u044b\u0445 \u0441\u0438\u0442\u0443\u0430\u0446\u0438\u044f\u0445:<\/b> \u0412\u044b \u043f\u043e\u043b\u0443\u0447\u0430\u0435\u0442\u0435 \u043c\u0433\u043d\u043e\u0432\u0435\u043d\u043d\u044b\u0435 \u0443\u0432\u0435\u0434\u043e\u043c\u043b\u0435\u043d\u0438\u044f \u043e \u043a\u0440\u0438\u0442\u0438\u0447\u0435\u0441\u043a\u0438\u0445 \u0437\u043d\u0430\u0447\u0435\u043d\u0438\u044f\u0445 \u0433\u0438\u043f\u043e- \u0438\u043b\u0438 \u0433\u0438\u043f\u0435\u0440\u0433\u043b\u0438\u043a\u0435\u043c\u0438\u0438, \u0447\u0442\u043e \u043e\u0431\u0435\u0441\u043f\u0435\u0447\u0438\u0432\u0430\u0435\u0442 \u0432\u0430\u0448\u0443 \u0437\u0430\u0449\u0438\u0442\u0443 \u0432 \u0442\u0435\u0447\u0435\u043d\u0438\u0435 \u0432\u0441\u0435\u0433\u043e \u0434\u043d\u044f \u0438 \u043d\u043e\u0447\u0438.<\/p>\n<\/li>\n<li>\n<p data-path-to-node=\"5,1,0\"><b data-path-to-node=\"5,1,0\" data-index-in-node=\"0\">\u041e\u0431\u043c\u0435\u043d \u0434\u0430\u043d\u043d\u044b\u043c\u0438 \u0432 \u0440\u0435\u0436\u0438\u043c\u0435 \u0440\u0435\u0430\u043b\u044c\u043d\u043e\u0433\u043e \u0432\u0440\u0435\u043c\u0435\u043d\u0438:<\/b> \u041f\u0440\u0438\u043b\u043e\u0436\u0435\u043d\u0438\u0435 \u043f\u043e\u0437\u0432\u043e\u043b\u044f\u0435\u0442 \u043e\u0431\u043c\u0435\u043d\u0438\u0432\u0430\u0442\u044c\u0441\u044f \u043e\u0442\u0447\u0435\u0442\u0430\u043c\u0438 \u0441 \u0447\u043b\u0435\u043d\u0430\u043c\u0438 \u0441\u0435\u043c\u044c\u0438 \u0438\u043b\u0438 \u043b\u0435\u0447\u0430\u0449\u0438\u043c \u0432\u0440\u0430\u0447\u043e\u043c, \u043e\u0431\u0435\u0441\u043f\u0435\u0447\u0438\u0432\u0430\u044f \u0434\u0438\u0441\u0442\u0430\u043d\u0446\u0438\u043e\u043d\u043d\u043e\u0435 \u043c\u0435\u0434\u0438\u0446\u0438\u043d\u0441\u043a\u043e\u0435 \u043d\u0430\u0431\u043b\u044e\u0434\u0435\u043d\u0438\u0435<\/p>\n<\/li>\n<li>\n<p data-path-to-node=\"5,2,0\"><b data-path-to-node=\"5,2,0\" data-index-in-node=\"0\">\u0411\u0435\u0437 \u043a\u0430\u043b\u0438\u0431\u0440\u043e\u0432\u043a\u0438 (\u0437\u0430\u0432\u043e\u0434\u0441\u043a\u0430\u044f \u043a\u0430\u043b\u0438\u0431\u0440\u043e\u0432\u043a\u0430):<\/b> \u0413\u043e\u0442\u043e\u0432 \u043a \u0438\u0441\u043f\u043e\u043b\u044c\u0437\u043e\u0432\u0430\u043d\u0438\u044e \u0441\u0440\u0430\u0437\u0443 \u043f\u043e\u0441\u043b\u0435 \u043d\u0430\u043d\u0435\u0441\u0435\u043d\u0438\u044f, \u043e\u0431\u0435\u0441\u043f\u0435\u0447\u0438\u0432\u0430\u044f \u043f\u0440\u043e\u0441\u0442\u043e\u0439 \u0438 \u0438\u043d\u0442\u0443\u0438\u0442\u0438\u0432\u043d\u043e \u043f\u043e\u043d\u044f\u0442\u043d\u044b\u0439 \u0438\u043d\u0442\u0435\u0440\u0444\u0435\u0439\u0441 \u0434\u043b\u044f \u043b\u044e\u0431\u043e\u0433\u043e \u0432\u043e\u0437\u0440\u0430\u0441\u0442\u0430<\/p>\n<\/li>\n<\/ul>\n<h5 data-path-to-node=\"6\">\u0422\u0435\u0445\u043d\u0438\u0447\u0435\u0441\u043a\u0438\u0435 \u0445\u0430\u0440\u0430\u043a\u0442\u0435\u0440\u0438\u0441\u0442\u0438\u043a\u0438<\/h5>\n<ul data-path-to-node=\"7\">\n<li>\n<p data-path-to-node=\"7,0,0\"><b data-path-to-node=\"7,0,0\" data-index-in-node=\"0\">\u0414\u043b\u0438\u0442\u0435\u043b\u044c\u043d\u043e\u0441\u0442\u044c \u0441\u0440\u0430\u0431\u0430\u0442\u044b\u0432\u0430\u043d\u0438\u044f \u0434\u0430\u0442\u0447\u0438\u043a\u0430:<\/b> 14 \u0434\u043d\u0435\u0439 \u043d\u0435\u043f\u0440\u0435\u0440\u044b\u0432\u043d\u043e\u0433\u043e \u043c\u043e\u043d\u0438\u0442\u043e\u0440\u0438\u043d\u0433\u0430<\/p>\n<\/li>\n<li>\n<p data-path-to-node=\"7,1,0\"><b data-path-to-node=\"7,1,0\" data-index-in-node=\"0\">\u0421\u0442\u0435\u043f\u0435\u043d\u044c \u0437\u0430\u0449\u0438\u0442\u044b:<\/b> \u0421\u0442\u0435\u043f\u0435\u043d\u044c \u0437\u0430\u0449\u0438\u0442\u044b IP28 (\u0432\u044b\u0441\u043e\u043a\u0430\u044f \u0432\u043e\u0434\u043e- \u0438 \u043f\u044b\u043b\u0435\u0441\u0442\u043e\u0439\u043a\u043e\u0441\u0442\u044c)<\/p>\n<\/li>\n<li>\n<p data-path-to-node=\"7,2,0\"><b data-path-to-node=\"7,2,0\" data-index-in-node=\"0\">\u0427\u0430\u0441\u0442\u043e\u0442\u043d\u044b\u0435 \u0438\u0437\u043c\u0435\u0440\u0435\u043d\u0438\u044f:<\/b> \u041a\u0430\u0436\u0434\u044b\u0435 5 \u043c\u0438\u043d\u0443\u0442 \u0447\u0435\u0440\u0435\u0437 Bluetooth.<\/p>\n<\/li>\n<li>\n<p data-path-to-node=\"7,3,0\"><b data-path-to-node=\"7,3,0\" data-index-in-node=\"0\">\u041a\u0430\u043b\u0438\u0431\u0440\u043e\u0432\u043a\u0430:<\/b> \u041d\u0435 \u0442\u0440\u0435\u0431\u0443\u0435\u0442 \u043a\u0430\u043b\u0438\u0431\u0440\u043e\u0432\u043a\u0438 \u043f\u043e \u043f\u0440\u043e\u043a\u043e\u043b\u0443 (\u0437\u0430\u0432\u043e\u0434\u0441\u043a\u0430\u044f \u043a\u0430\u043b\u0438\u0431\u0440\u043e\u0432\u043a\u0430)<\/p>\n<\/li>\n<li>\n<p data-path-to-node=\"7,4,0\"><b data-path-to-node=\"7,4,0\" data-index-in-node=\"0\">\u0421\u043e\u0432\u043c\u0435\u0441\u0442\u0438\u043c\u043e\u0441\u0442\u044c:<\/b> \u0421\u043f\u0435\u0446\u0438\u0430\u043b\u044c\u043d\u043e\u0435 \u043f\u0440\u0438\u043b\u043e\u0436\u0435\u043d\u0438\u0435 \u0434\u043b\u044f iOS \u0438 Android.<\/p>\n<\/li>\n<\/ul>\n<h5 data-path-to-node=\"8\">\u00a0\u041a\u043b\u044e\u0447\u0435\u0432\u044b\u0435 \u0441\u043b\u043e\u0432\u0430<\/h5>\n<p data-path-to-node=\"9,0,0\">\u00a0\u0421\u0438\u0441\u0442\u0435\u043c\u0430 \u043d\u0435\u043f\u0440\u0435\u0440\u044b\u0432\u043d\u043e\u0433\u043e \u043c\u043e\u043d\u0438\u0442\u043e\u0440\u0438\u043d\u0433\u0430 \u0443\u0440\u043e\u0432\u043d\u044f \u0433\u043b\u044e\u043a\u043e\u0437\u044b, SIBIONICS GS1 \u041c\u043e\u043b\u0434\u043e\u0432\u0430, CGM \u0431\u0435\u0437 \u043f\u0440\u043e\u043a\u043e\u043b\u0430 \u041a\u0438\u0448\u0438\u043d\u0435\u0432, 14-\u0434\u043d\u0435\u0432\u043d\u044b\u0439 \u0434\u0430\u0442\u0447\u0438\u043a \u0443\u0440\u043e\u0432\u043d\u044f \u0433\u043b\u044e\u043a\u043e\u0437\u044b \u0432 \u043a\u0440\u043e\u0432\u0438, \u043c\u043e\u043d\u0438\u0442\u043e\u0440\u0438\u043d\u0433 \u0434\u0438\u0430\u0431\u0435\u0442\u0430 \u043f\u043e Bluetooth, \u0446\u0435\u043d\u0430 \u0434\u0430\u0442\u0447\u0438\u043a\u0430 \u0443\u0440\u043e\u0432\u043d\u044f \u0433\u043b\u044e\u043a\u043e\u0437\u044b \u0432 \u043a\u0440\u043e\u0432\u0438 Sibionics, biomed.md, \u043c\u0435\u0434\u0438\u0446\u0438\u043d\u0441\u043a\u043e\u0435 \u0443\u0441\u0442\u0440\u043e\u0439\u0441\u0442\u0432\u043e \u0434\u043b\u044f \u043b\u0435\u0447\u0435\u043d\u0438\u044f \u0434\u0438\u0430\u0431\u0435\u0442\u0430 \u041c\u043e\u043b\u0434\u043e\u0432\u0430, \u0434\u0430\u0442\u0447\u0438\u043a\u0438 CGM \u0431\u0435\u0437 \u043a\u0430\u043b\u0438\u0431\u0440\u043e\u0432\u043a\u0438<\/p>","protected":false},"excerpt":{"rendered":"<p>Glucometru monitor continuu Sibionics GS1 . Sistem de Monitorizare Continu\u0103 a Glucozei (CGM) . Preia controlul total asupra s\u0103n\u0103t\u0103\u021bii tale<\/p>","protected":false},"featured_media":16369,"comment_status":"open","ping_status":"closed","template":"","meta":{"_acf_changed":false},"product_brand":[],"product_cat":[108],"product_tag":[],"class_list":{"0":"post-16384","1":"product","2":"type-product","3":"status-publish","4":"has-post-thumbnail","6":"product_cat-pulsoximetre-si-glucometre","8":"first","9":"outofstock","10":"shipping-taxable","11":"purchasable","12":"product-type-simple"},"acf":[],"_links":{"self":[{"href":"https:\/\/biomed.md\/ru\/wp-json\/wp\/v2\/product\/16384","targetHints":{"allow":["GET"]}}],"collection":[{"href":"https:\/\/biomed.md\/ru\/wp-json\/wp\/v2\/product"}],"about":[{"href":"https:\/\/biomed.md\/ru\/wp-json\/wp\/v2\/types\/product"}],"replies":[{"embeddable":true,"href":"https:\/\/biomed.md\/ru\/wp-json\/wp\/v2\/comments?post=16384"}],"version-history":[{"count":1,"href":"https:\/\/biomed.md\/ru\/wp-json\/wp\/v2\/product\/16384\/revisions"}],"predecessor-version":[{"id":16386,"href":"https:\/\/biomed.md\/ru\/wp-json\/wp\/v2\/product\/16384\/revisions\/16386"}],"wp:featuredmedia":[{"embeddable":true,"href":"https:\/\/biomed.md\/ru\/wp-json\/wp\/v2\/media\/16369"}],"wp:attachment":[{"href":"https:\/\/biomed.md\/ru\/wp-json\/wp\/v2\/media?parent=16384"}],"wp:term":[{"taxonomy":"product_brand","embeddable":true,"href":"https:\/\/biomed.md\/ru\/wp-json\/wp\/v2\/product_brand?post=16384"},{"taxonomy":"product_cat","embeddable":true,"href":"https:\/\/biomed.md\/ru\/wp-json\/wp\/v2\/product_cat?post=16384"},{"taxonomy":"product_tag","embeddable":true,"href":"https:\/\/biomed.md\/ru\/wp-json\/wp\/v2\/product_tag?post=16384"}],"curies":[{"name":"wp","href":"https:\/\/api.w.org\/{rel}","templated":true}]}}