{"id":16257,"date":"2026-03-31T11:47:01","date_gmt":"2026-03-31T11:47:01","guid":{"rendered":"https:\/\/biomed.md\/?post_type=product&#038;p=16257"},"modified":"2026-04-03T13:30:09","modified_gmt":"2026-04-03T13:30:09","slug":"tarate-de-grau","status":"publish","type":"product","link":"https:\/\/biomed.md\/ru\/product\/tarate-de-grau\/","title":{"rendered":"\u041f\u0448\u0435\u043d\u0438\u0447\u043d\u044b\u0435 \u043e\u0442\u0440\u0443\u0431\u0438"},"content":{"rendered":"<h5>\u0412\u0435\u0441 \u2013 250 \u0433<\/h5>\n<p><strong>\u041d\u0430\u0442\u0443\u0440\u0430\u043b\u044c\u043d\u043e\u0435 \u0437\u0434\u043e\u0440\u043e\u0432\u044c\u0435, \u0438\u0437 \u0441\u0430\u043c\u043e\u0433\u043e \u0441\u0435\u0440\u0434\u0446\u0430 \u043f\u0448\u0435\u043d\u0438\u0446\u044b.<\/strong> \u041f\u0448\u0435\u043d\u0438\u0447\u043d\u044b\u0435 \u043e\u0442\u0440\u0443\u0431\u0438 \u2014 \u043e\u0442\u043b\u0438\u0447\u043d\u044b\u0439 \u0438\u0441\u0442\u043e\u0447\u043d\u0438\u043a <strong>\u043a\u043b\u0435\u0442\u0447\u0430\u0442\u043a\u0430, \u0432\u0438\u0442\u0430\u043c\u0438\u043d\u044b \u0438 \u043c\u0438\u043d\u0435\u0440\u0430\u043b\u044b<\/strong>\u044d\u0442\u043e\u0442 \u043f\u0440\u043e\u0434\u0443\u043a\u0442, \u043d\u0430 100% \u043d\u0430\u0442\u0443\u0440\u0430\u043b\u044c\u043d\u044b\u0439 \u0438 \u0438\u0437\u0433\u043e\u0442\u043e\u0432\u043b\u0435\u043d\u043d\u044b\u0439 \u0438\u0437 \u0446\u0435\u043b\u044c\u043d\u043e\u0439 \u043f\u0448\u0435\u043d\u0438\u0446\u044b, \u043f\u043e\u043c\u043e\u0433\u0430\u0435\u0442 \u0440\u0435\u0433\u0443\u043b\u0438\u0440\u043e\u0432\u0430\u0442\u044c \u0440\u0430\u0431\u043e\u0442\u0443 \u043a\u0438\u0448\u0435\u0447\u043d\u0438\u043a\u0430 \u0438 \u043f\u043e\u0434\u0434\u0435\u0440\u0436\u0438\u0432\u0430\u0442\u044c \u0441\u0431\u0430\u043b\u0430\u043d\u0441\u0438\u0440\u043e\u0432\u0430\u043d\u043d\u043e\u0435 \u043f\u0438\u0442\u0430\u043d\u0438\u0435.<\/p>\n<h5>\u2714\ufe0f \u041e\u0441\u043d\u043e\u0432\u043d\u044b\u0435 \u043f\u0440\u0435\u0438\u043c\u0443\u0449\u0435\u0441\u0442\u0432\u0430:<\/h5>\n<ul>\n<li>\u2705 <strong>\u0411\u043e\u0433\u0430\u0442 \u043d\u0430\u0442\u0443\u0440\u0430\u043b\u044c\u043d\u044b\u043c\u0438 \u0432\u043e\u043b\u043e\u043a\u043d\u0430\u043c\u0438<\/strong> \u2013 \u0441\u043f\u043e\u0441\u043e\u0431\u0441\u0442\u0432\u0443\u0435\u0442 \u043f\u0438\u0449\u0435\u0432\u0430\u0440\u0435\u043d\u0438\u044e \u0438 \u0434\u0435\u0442\u043e\u043a\u0441\u0438\u043a\u0430\u0446\u0438\u0438 \u043e\u0440\u0433\u0430\u043d\u0438\u0437\u043c\u0430.<\/li>\n<li>\u2705 <strong>\u0418\u0441\u0442\u043e\u0447\u043d\u0438\u043a \u0440\u0430\u0441\u0442\u0438\u0442\u0435\u043b\u044c\u043d\u043e\u0433\u043e \u0431\u0435\u043b\u043a\u0430<\/strong> \u2013 \u0438\u0434\u0435\u0430\u043b\u044c\u043d\u043e \u043f\u043e\u0434\u0445\u043e\u0434\u0438\u0442 \u0434\u043b\u044f \u0441\u0431\u0430\u043b\u0430\u043d\u0441\u0438\u0440\u043e\u0432\u0430\u043d\u043d\u043e\u0433\u043e \u043f\u0438\u0442\u0430\u043d\u0438\u044f<\/li>\n<li>\u2705 <strong>\u0421\u043e\u0434\u0435\u0440\u0436\u0438\u0442 \u0432\u0438\u0442\u0430\u043c\u0438\u043d\u044b \u0433\u0440\u0443\u043f\u043f\u044b \u0412,<\/strong>\u0436\u0435\u043b\u0435\u0437\u043e, \u043c\u0430\u0433\u043d\u0438\u0439 \u0438 \u0446\u0438\u043d\u043a<\/li>\n<li>\u2705 <strong>\u0411\u0435\u0437 \u0434\u043e\u0431\u0430\u0432\u043e\u043a, \u043a\u043e\u043d\u0441\u0435\u0440\u0432\u0430\u043d\u0442\u043e\u0432 \u0438 \u0438\u0441\u043a\u0443\u0441\u0441\u0442\u0432\u0435\u043d\u043d\u044b\u0445 \u043a\u0440\u0430\u0441\u0438\u0442\u0435\u043b\u0435\u0439<\/strong><\/li>\n<li>\u2705 \u041f\u043e\u0434\u0445\u043e\u0434\u0438\u0442 \u0434\u043b\u044f <strong>\u0435\u0436\u0435\u0434\u043d\u0435\u0432\u043d\u043e\u0435 \u043f\u043e\u0442\u0440\u0435\u0431\u043b\u0435\u043d\u0438\u0435<\/strong>\u0432 \u0439\u043e\u0433\u0443\u0440\u0442\u0435, \u0441\u043c\u0443\u0437\u0438, \u0432\u044b\u043f\u0435\u0447\u043a\u0435 \u0438\u043b\u0438 \u0441\u0443\u043f\u0430\u0445.<\/li>\n<\/ul>\n<h5>\ud83d\udcd0 \u0445\u0430\u0440\u0430\u043a\u0442\u0435\u0440\u0438\u0441\u0442\u0438\u043a\u0438:<\/h5>\n<ul>\n<li>\u0412\u0435\u0441 \u043d\u0435\u0442\u0442\u043e: <strong>250 \u0433<\/strong><\/li>\n<li>\u0421\u043e\u0441\u0442\u0430\u0432: <strong>100% \u043f\u0448\u0435\u043d\u0438\u0447\u043d\u044b\u0435 \u043e\u0442\u0440\u0443\u0431\u0438<\/strong><\/li>\n<li>\u0421\u0442\u0440\u0430\u043d\u0430 \u043f\u0440\u043e\u0438\u0441\u0445\u043e\u0436\u0434\u0435\u043d\u0438\u044f: <strong>\u041f\u043e\u043b\u044c\u0448\u0430<\/strong><\/li>\n<li>\u0423\u043f\u0430\u043a\u043e\u0432\u043a\u0430: <strong>\u041f\u0440\u043e\u0437\u0440\u0430\u0447\u043d\u044b\u0439 \u043f\u0430\u043a\u0435\u0442, \u0433\u0435\u0440\u043c\u0435\u0442\u0438\u0447\u043d\u043e \u0437\u0430\u043a\u0440\u044b\u0442\u044b\u0439 \u0434\u043b\u044f \u0441\u043e\u0445\u0440\u0430\u043d\u0435\u043d\u0438\u044f \u0441\u0432\u0435\u0436\u0435\u0441\u0442\u0438<\/strong><\/li>\n<\/ul>\n<h5>\ud83d\udee0\ufe0f \u0420\u0435\u043a\u043e\u043c\u0435\u043d\u0434\u0430\u0446\u0438\u0438 \u043f\u043e \u043f\u0440\u0438\u043c\u0435\u043d\u0435\u043d\u0438\u044e:<\/h5>\n<p>\u0414\u043e\u0431\u0430\u0432\u044c\u0442\u0435 1\u20132 \u0441\u0442\u043e\u043b\u043e\u0432\u044b\u0435 \u043b\u043e\u0436\u043a\u0438 \u043f\u0448\u0435\u043d\u0438\u0447\u043d\u044b\u0445 \u043e\u0442\u0440\u0443\u0431\u0435\u0439 \u0432 \u0439\u043e\u0433\u0443\u0440\u0442, \u043a\u0435\u0444\u0438\u0440, \u0441\u043c\u0443\u0437\u0438 \u0438\u043b\u0438 \u043a\u0430\u0448\u0443 \u0434\u043b\u044f \u0435\u0436\u0435\u0434\u043d\u0435\u0432\u043d\u043e\u0433\u043e \u0443\u0432\u0435\u043b\u0438\u0447\u0435\u043d\u0438\u044f \u043f\u043e\u0442\u0440\u0435\u0431\u043b\u0435\u043d\u0438\u044f \u043a\u043b\u0435\u0442\u0447\u0430\u0442\u043a\u0438. \u0418\u0445 \u0442\u0430\u043a\u0436\u0435 \u043c\u043e\u0436\u043d\u043e \u0438\u0441\u043f\u043e\u043b\u044c\u0437\u043e\u0432\u0430\u0442\u044c \u0432 \u0440\u0435\u0446\u0435\u043f\u0442\u0430\u0445 \u0445\u043b\u0435\u0431\u0430, \u043f\u0435\u0447\u0435\u043d\u044c\u044f \u0438\u043b\u0438 \u043a\u0435\u043a\u0441\u043e\u0432 \u0434\u043b\u044f \u043f\u0440\u0438\u0434\u0430\u043d\u0438\u044f \u0434\u043e\u043f\u043e\u043b\u043d\u0438\u0442\u0435\u043b\u044c\u043d\u043e\u0439 \u0442\u0435\u043a\u0441\u0442\u0443\u0440\u044b \u0438 \u043f\u043e\u0432\u044b\u0448\u0435\u043d\u0438\u044f \u043f\u0438\u0442\u0430\u0442\u0435\u043b\u044c\u043d\u043e\u0439 \u0446\u0435\u043d\u043d\u043e\u0441\u0442\u0438<\/p>\n<h5>\ud83d\udd0d \u041a\u043b\u044e\u0447\u0435\u0432\u044b\u0435 \u0441\u043b\u043e\u0432\u0430 \u0434\u043b\u044f SEO:<\/h5>\n<p><em>\u043f\u0448\u0435\u043d\u0438\u0447\u043d\u044b\u0435 \u043e\u0442\u0440\u0443\u0431\u0438<\/em>, <em>\u043d\u0430\u0442\u0443\u0440\u0430\u043b\u044c\u043d\u044b\u0435 \u0432\u043e\u043b\u043e\u043a\u043d\u0430<\/em>, <em>\u0437\u0434\u043e\u0440\u043e\u0432\u043e\u0435 \u043f\u0438\u0449\u0435\u0432\u0430\u0440\u0435\u043d\u0438\u0435<\/em>, <em>\u0446\u0435\u043b\u044c\u043d\u044b\u0435 \u043f\u0440\u043e\u0434\u0443\u043a\u0442\u044b<\/em>, <em>\u043d\u0430\u0442\u0443\u0440\u0430\u043b\u044c\u043d\u044b\u0435 \u043f\u0440\u043e\u0434\u0443\u043a\u0442\u044b<\/em>, <em>\u043f\u0438\u0449\u0435\u0432\u044b\u0435 \u043e\u0442\u0440\u0443\u0431\u0438<\/em>, <em>\u0446\u0435\u043b\u044c\u043d\u043e\u0437\u0435\u0440\u043d\u043e\u0432\u043e\u0439<\/em>, <em>\u043f\u0440\u043e\u0434\u0443\u043a\u0442\u044b \u0434\u043b\u044f \u0434\u0435\u0442\u043e\u043a\u0441\u0438\u043a\u0430\u0446\u0438\u0438<\/em>, <em>\u043f\u043e\u043b\u0435\u0437\u043d\u044b\u0435 \u043f\u0440\u043e\u0434\u0443\u043a\u0442\u044b BIOMED.MD<\/em>, <em>\u043e\u0442\u0440\u0443\u0431\u0438 \u0431\u0435\u0437 \u0434\u043e\u0431\u0430\u0432\u043e\u043a<\/em>, <em>\u0441\u0431\u0430\u043b\u0430\u043d\u0441\u0438\u0440\u043e\u0432\u0430\u043d\u043d\u043e\u0435 \u043f\u0438\u0442\u0430\u043d\u0438\u0435<\/em><\/p>","protected":false},"excerpt":{"rendered":"<p>T\u0103r\u00e2\u021be de Gr\u00e2u \u2013 250 g S\u0103n\u0103tate natural\u0103, din inima gr\u00e2ului. T\u0103r\u00e2\u021bele de gr\u00e2u sunt o surs\u0103 excelent\u0103 de fibre,<\/p>","protected":false},"featured_media":16299,"comment_status":"open","ping_status":"closed","template":"","meta":{"_acf_changed":false},"product_brand":[],"product_cat":[111,117],"product_tag":[],"class_list":{"0":"post-16257","1":"product","2":"type-product","3":"status-publish","4":"has-post-thumbnail","6":"product_cat-cereale-seminte-bio","7":"product_cat-condimente-si-fainuri-bio","9":"first","10":"instock","11":"shipping-taxable","12":"purchasable","13":"product-type-simple"},"acf":[],"_links":{"self":[{"href":"https:\/\/biomed.md\/ru\/wp-json\/wp\/v2\/product\/16257","targetHints":{"allow":["GET"]}}],"collection":[{"href":"https:\/\/biomed.md\/ru\/wp-json\/wp\/v2\/product"}],"about":[{"href":"https:\/\/biomed.md\/ru\/wp-json\/wp\/v2\/types\/product"}],"replies":[{"embeddable":true,"href":"https:\/\/biomed.md\/ru\/wp-json\/wp\/v2\/comments?post=16257"}],"version-history":[{"count":3,"href":"https:\/\/biomed.md\/ru\/wp-json\/wp\/v2\/product\/16257\/revisions"}],"predecessor-version":[{"id":16300,"href":"https:\/\/biomed.md\/ru\/wp-json\/wp\/v2\/product\/16257\/revisions\/16300"}],"wp:featuredmedia":[{"embeddable":true,"href":"https:\/\/biomed.md\/ru\/wp-json\/wp\/v2\/media\/16299"}],"wp:attachment":[{"href":"https:\/\/biomed.md\/ru\/wp-json\/wp\/v2\/media?parent=16257"}],"wp:term":[{"taxonomy":"product_brand","embeddable":true,"href":"https:\/\/biomed.md\/ru\/wp-json\/wp\/v2\/product_brand?post=16257"},{"taxonomy":"product_cat","embeddable":true,"href":"https:\/\/biomed.md\/ru\/wp-json\/wp\/v2\/product_cat?post=16257"},{"taxonomy":"product_tag","embeddable":true,"href":"https:\/\/biomed.md\/ru\/wp-json\/wp\/v2\/product_tag?post=16257"}],"curies":[{"name":"wp","href":"https:\/\/api.w.org\/{rel}","templated":true}]}}