{"id":16211,"date":"2026-03-30T08:08:08","date_gmt":"2026-03-30T08:08:08","guid":{"rendered":"https:\/\/biomed.md\/?post_type=product&#038;p=16211"},"modified":"2026-03-30T08:08:09","modified_gmt":"2026-03-30T08:08:09","slug":"inulina-din-cicoare","status":"publish","type":"product","link":"https:\/\/biomed.md\/ru\/product\/inulina-din-cicoare\/","title":{"rendered":"\u0418\u043d\u0443\u043b\u0438\u043d \u0438\u0437 \u0446\u0438\u043a\u043e\u0440\u0438\u044f"},"content":{"rendered":"<p data-start=\"126\" data-end=\"224\"><strong data-start=\"126\" data-end=\"224\">\u0418\u043d\u0443\u043b\u0438\u043d \u0438\u0437 \u0446\u0438\u043a\u043e\u0440\u0438\u044f \u2013 \u043d\u0430\u0442\u0443\u0440\u0430\u043b\u044c\u043d\u044b\u0439 \u043f\u0440\u0435\u0431\u0438\u043e\u0442\u0438\u043a \u0434\u043b\u044f \u043f\u0438\u0449\u0435\u0432\u0430\u0440\u0435\u043d\u0438\u044f \u0438 \u0437\u0434\u043e\u0440\u043e\u0432\u044c\u044f \u043a\u0438\u0448\u0435\u0447\u043d\u0438\u043a\u0430<\/strong><\/p>\n<p data-start=\"226\" data-end=\"505\">\u0418\u043d\u0443\u043b\u0438\u043d \u0446\u0438\u043a\u043e\u0440\u0438\u044f \u2014 \u044d\u0442\u043e \u043d\u0430\u0442\u0443\u0440\u0430\u043b\u044c\u043d\u043e\u0435 \u043f\u0440\u0435\u0431\u0438\u043e\u0442\u0438\u0447\u0435\u0441\u043a\u043e\u0435 \u0432\u043e\u043b\u043e\u043a\u043d\u043e, \u0438\u0437\u0432\u043b\u0435\u043a\u0430\u0435\u043c\u043e\u0435 \u0438\u0437 \u043a\u043e\u0440\u043d\u044f \u0440\u0430\u0441\u0442\u0435\u043d\u0438\u044f \u0446\u0438\u043a\u043e\u0440\u0438\u044f.<em data-start=\"321\" data-end=\"340\">Cichorium intybus<\/em>\u0418\u0437\u0432\u0435\u0441\u0442\u043d\u043e, \u0447\u0442\u043e \u043e\u043d \u0438\u0433\u0440\u0430\u0435\u0442 \u0432\u0430\u0436\u043d\u0443\u044e \u0440\u043e\u043b\u044c \u0432 \u043f\u043e\u0434\u0434\u0435\u0440\u0436\u0430\u043d\u0438\u0438 \u043a\u0438\u0448\u0435\u0447\u043d\u043e\u0439 \u0444\u043b\u043e\u0440\u044b \u0438 \u043f\u0438\u0449\u0435\u0432\u0430\u0440\u0435\u043d\u0438\u044f, \u044f\u0432\u043b\u044f\u044f\u0441\u044c \u0438\u0434\u0435\u0430\u043b\u044c\u043d\u044b\u043c \u043a\u043e\u043c\u043f\u043e\u043d\u0435\u043d\u0442\u043e\u043c \u0434\u043b\u044f \u0437\u0434\u043e\u0440\u043e\u0432\u043e\u0433\u043e \u0438 \u0441\u0431\u0430\u043b\u0430\u043d\u0441\u0438\u0440\u043e\u0432\u0430\u043d\u043d\u043e\u0433\u043e \u043f\u0438\u0442\u0430\u043d\u0438\u044f<\/p>\n<p data-start=\"507\" data-end=\"705\">\u041e\u0431\u043b\u0430\u0434\u0430\u044f \u0441\u043b\u0435\u0433\u043a\u0430 \u0441\u043b\u0430\u0434\u043a\u043e\u0432\u0430\u0442\u044b\u043c \u0432\u043a\u0443\u0441\u043e\u043c, \u0438\u043d\u0443\u043b\u0438\u043d \u043c\u043e\u0436\u043d\u043e \u0438\u0441\u043f\u043e\u043b\u044c\u0437\u043e\u0432\u0430\u0442\u044c \u043a\u0430\u043a \u0432 \u043d\u0430\u043f\u0438\u0442\u043a\u0430\u0445, \u0442\u0430\u043a \u0438 \u0432 \u0440\u0430\u0437\u043b\u0438\u0447\u043d\u044b\u0445 \u0431\u043b\u044e\u0434\u0430\u0445, \u044f\u0432\u043b\u044f\u044f\u0441\u044c \u043d\u0430\u0442\u0443\u0440\u0430\u043b\u044c\u043d\u043e\u0439 \u0430\u043b\u044c\u0442\u0435\u0440\u043d\u0430\u0442\u0438\u0432\u043e\u0439 \u0441\u0430\u0445\u0430\u0440\u0443 \u0438 \u043e\u0442\u043b\u0438\u0447\u043d\u043e \u043f\u043e\u0434\u0434\u0435\u0440\u0436\u0438\u0432\u0430\u044f \u0437\u0434\u043e\u0440\u043e\u0432\u044c\u0435 \u043f\u0438\u0449\u0435\u0432\u0430\u0440\u0438\u0442\u0435\u043b\u044c\u043d\u043e\u0439 \u0441\u0438\u0441\u0442\u0435\u043c\u044b<\/p>\n<p data-start=\"707\" data-end=\"720\"><strong data-start=\"707\" data-end=\"720\">\u041f\u0420\u0415\u0418\u041c\u0423\u0429\u0415\u0421\u0422\u0412\u0410<\/strong><\/p>\n<p data-start=\"722\" data-end=\"1214\">\u2714 \u041d\u0430\u0442\u0443\u0440\u0430\u043b\u044c\u043d\u044b\u0439 \u043f\u0440\u0435\u0431\u0438\u043e\u0442\u0438\u043a \u2013 \u043f\u0438\u0442\u0430\u0435\u0442 \u043f\u043e\u043b\u0435\u0437\u043d\u044b\u0435 \u0431\u0430\u043a\u0442\u0435\u0440\u0438\u0438 \u0432 \u043a\u0438\u0448\u0435\u0447\u043d\u0438\u043a\u0435<br data-start=\"785\" data-end=\"788\" \/>\u2714 \u041f\u043e\u0434\u0434\u0435\u0440\u0436\u0438\u0432\u0430\u0435\u0442 \u0437\u0434\u043e\u0440\u043e\u0432\u044c\u0435 \u043a\u0438\u0448\u0435\u0447\u043d\u043e\u0439 \u0444\u043b\u043e\u0440\u044b<br data-start=\"826\" data-end=\"829\" \/>\u2714 \u0423\u043b\u0443\u0447\u0448\u0430\u0435\u0442 \u043f\u0438\u0449\u0435\u0432\u0430\u0440\u0435\u043d\u0438\u0435 \u0438 \u0440\u0430\u0431\u043e\u0442\u0443 \u043a\u0438\u0448\u0435\u0447\u043d\u0438\u043a\u0430<br data-start=\"877\" data-end=\"880\" \/>\u2714 \u041c\u043e\u0436\u0435\u0442 \u0443\u043c\u0435\u043d\u044c\u0448\u0438\u0442\u044c \u0432\u0437\u0434\u0443\u0442\u0438\u0435 \u0436\u0438\u0432\u043e\u0442\u0430 \u0438 \u0434\u0438\u0441\u043a\u043e\u043c\u0444\u043e\u0440\u0442 \u0432 \u043f\u0438\u0449\u0435\u0432\u0430\u0440\u0438\u0442\u0435\u043b\u044c\u043d\u043e\u0439 \u0441\u0438\u0441\u0442\u0435\u043c\u0435<br data-start=\"929\" data-end=\"932\" \/>\u2714 \u043f\u043e\u043c\u043e\u0433\u0430\u0435\u0442 \u043f\u043e\u0434\u0434\u0435\u0440\u0436\u0438\u0432\u0430\u0442\u044c \u043d\u043e\u0440\u043c\u0430\u043b\u044c\u043d\u044b\u0439 \u0443\u0440\u043e\u0432\u0435\u043d\u044c \u0441\u0430\u0445\u0430\u0440\u0430 \u0432 \u043a\u0440\u043e\u0432\u0438<br data-start=\"988\" data-end=\"991\" \/>\u2714 \u0421\u043f\u043e\u0441\u043e\u0431\u0441\u0442\u0432\u0443\u0435\u0442 \u043e\u0449\u0443\u0449\u0435\u043d\u0438\u044e \u0441\u044b\u0442\u043e\u0441\u0442\u0438 \u2013 \u043f\u043e\u043b\u0435\u0437\u043d\u043e \u0434\u043b\u044f \u043a\u043e\u043d\u0442\u0440\u043e\u043b\u044f \u0432\u0435\u0441\u0430<br data-start=\"1058\" data-end=\"1061\" \/>\u2714 \u041d\u0430\u0442\u0443\u0440\u0430\u043b\u044c\u043d\u0430\u044f \u0430\u043b\u044c\u0442\u0435\u0440\u043d\u0430\u0442\u0438\u0432\u0430 \u0441\u0430\u0445\u0430\u0440\u0443 \u2013 \u0441\u043b\u0435\u0433\u043a\u0430 \u0441\u043b\u0430\u0434\u043a\u0438\u0439 \u0432\u043a\u0443\u0441<br data-start=\"1110\" data-end=\"1113\" \/>\u2714 \u0421\u043f\u043e\u0441\u043e\u0431\u0441\u0442\u0432\u0443\u0435\u0442 \u0443\u0441\u0432\u043e\u0435\u043d\u0438\u044e \u043c\u0438\u043d\u0435\u0440\u0430\u043b\u043e\u0432 (\u043a\u0430\u043b\u044c\u0446\u0438\u044f, \u043c\u0430\u0433\u043d\u0438\u044f)<br data-start=\"1163\" data-end=\"1166\" \/>\u2714 \u041f\u043e\u0434\u0445\u043e\u0434\u0438\u0442 \u0434\u043b\u044f \u0432\u0435\u0433\u0430\u043d\u0441\u043a\u043e\u0439 \u0438 \u0431\u0435\u0437\u0433\u043b\u044e\u0442\u0435\u043d\u043e\u0432\u043e\u0439 \u0434\u0438\u0435\u0442\u044b<\/p>\n<p data-start=\"1216\" data-end=\"1231\"><strong data-start=\"1216\" data-end=\"1231\">\u0438\u043d\u0433\u0440\u0435\u0434\u0438\u0435\u043d\u0442\u044b<\/strong><\/p>\n<p data-start=\"1233\" data-end=\"1257\">100% \u0438\u043d\u0443\u043b\u0438\u043d \u0446\u0438\u043a\u043e\u0440\u0438\u044f<\/p>\n<p data-start=\"1259\" data-end=\"1304\"><strong data-start=\"1259\" data-end=\"1304\">\u041f\u0438\u0449\u0435\u0432\u0430\u044f \u0446\u0435\u043d\u043d\u043e\u0441\u0442\u044c (\u043f\u0440\u0438\u0431\u043b\u0438\u0437\u0438\u0442\u0435\u043b\u044c\u043d\u043e \/ 100 \u0433)<\/strong><\/p>\n<p data-start=\"1306\" data-end=\"1400\">\u042d\u043d\u0435\u0440\u0433\u0435\u0442\u0438\u0447\u0435\u0441\u043a\u0430\u044f \u0446\u0435\u043d\u043d\u043e\u0441\u0442\u044c: ~200 \u043a\u043a\u0430\u043b<br data-start=\"1324\" data-end=\"1327\" \/>\u0431\u0435\u043b\u043e\u043a: ~0 \u0433<br data-start=\"1341\" data-end=\"1344\" \/>\u0416\u0438\u0440\u044b: 0 \u0433<br data-start=\"1356\" data-end=\"1359\" \/>\u0423\u0433\u043b\u0435\u0432\u043e\u0434\u044b: ~5\u201310 \u0433<br data-start=\"1380\" data-end=\"1383\" \/>\u043a\u043b\u0435\u0442\u0447\u0430\u0442\u043a\u0430: ~85\u201390 \u0433<\/p>\n<p data-start=\"1402\" data-end=\"1419\"><strong data-start=\"1402\" data-end=\"1419\">\u0420\u0435\u0436\u0438\u043c \u043f\u043e\u0442\u0440\u0435\u0431\u043b\u0435\u043d\u0438\u044f<\/strong><\/p>\n<p data-start=\"1421\" data-end=\"1635\">\u2022 1\u20132 \u0447\u0430\u0439\u043d\u044b\u0435 \u043b\u043e\u0436\u043a\u0438 \u0432 \u0434\u0435\u043d\u044c, \u0434\u043e\u0431\u0430\u0432\u043b\u044f\u0442\u044c \u0432 \u0432\u043e\u0434\u0443, \u0447\u0430\u0439 \u0438\u043b\u0438 \u043a\u043e\u0444\u0435.<br data-start=\"1475\" data-end=\"1478\" \/>\u2022 \u041c\u043e\u0436\u043d\u043e \u0434\u043e\u0431\u0430\u0432\u043b\u044f\u0442\u044c \u0432 \u0441\u043c\u0443\u0437\u0438, \u0439\u043e\u0433\u0443\u0440\u0442 \u0438\u043b\u0438 \u043a\u0430\u0448\u0443<br data-start=\"1533\" data-end=\"1536\" \/>\u2022 \u0438\u0441\u043f\u043e\u043b\u044c\u0437\u0443\u0435\u0442\u0441\u044f \u0432 \u0434\u0435\u0441\u0435\u0440\u0442\u0430\u0445 \u0438\u043b\u0438 \u0432\u044b\u043f\u0435\u0447\u043a\u0435<br data-start=\"1585\" data-end=\"1588\" \/>\u2022 \u0420\u0435\u043a\u043e\u043c\u0435\u043d\u0434\u0443\u0435\u0442\u0441\u044f \u043f\u043e\u0441\u0442\u0435\u043f\u0435\u043d\u043d\u043e\u0435 \u0432\u0432\u0435\u0434\u0435\u043d\u0438\u0435 \u043f\u0440\u043e\u0434\u0443\u043a\u0442\u0430 \u0432 \u0440\u0430\u0446\u0438\u043e\u043d \u043f\u0438\u0442\u0430\u043d\u0438\u044f.<\/p>\n<p data-start=\"1637\" data-end=\"1675\"><strong data-start=\"1637\" data-end=\"1675\">\u041f\u043e\u0447\u0435\u043c\u0443 \u0441\u0442\u043e\u0438\u0442 \u0432\u044b\u0431\u0440\u0430\u0442\u044c \u0438\u043d\u0443\u043b\u0438\u043d \u0438\u0437 \u0446\u0438\u043a\u043e\u0440\u0438\u044f?<\/strong><\/p>\n<p data-start=\"1677\" data-end=\"1870\">\u2714 \u042d\u0444\u0444\u0435\u043a\u0442\u0438\u0432\u043d\u044b\u0439 \u043d\u0430\u0442\u0443\u0440\u0430\u043b\u044c\u043d\u044b\u0439 \u043f\u0440\u0435\u0431\u0438\u043e\u0442\u0438\u043a<br data-start=\"1705\" data-end=\"1708\" \/>\u2714 \u0432\u044b\u0441\u043e\u043a\u043e\u0435 \u0441\u043e\u0434\u0435\u0440\u0436\u0430\u043d\u0438\u0435 \u043a\u043b\u0435\u0442\u0447\u0430\u0442\u043a\u0438<br data-start=\"1735\" data-end=\"1738\" \/>\u2714 \u041f\u043e\u0434\u0434\u0435\u0440\u0436\u0438\u0432\u0430\u0435\u0442 \u043f\u0438\u0449\u0435\u0432\u0430\u0440\u0435\u043d\u0438\u0435 \u0438 \u0437\u0434\u043e\u0440\u043e\u0432\u044c\u0435 \u043a\u0438\u0448\u0435\u0447\u043d\u0438\u043a\u0430<br data-start=\"1781\" data-end=\"1784\" \/>\u2714 \u0417\u0434\u043e\u0440\u043e\u0432\u0430\u044f \u0430\u043b\u044c\u0442\u0435\u0440\u043d\u0430\u0442\u0438\u0432\u0430 \u0441\u0430\u0445\u0430\u0440\u0443<br data-start=\"1816\" data-end=\"1819\" \/>\u2714 \u0414\u043e\u0441\u0442\u0443\u043f\u043d\u044b \u044d\u043a\u043e\u043d\u043e\u043c\u0438\u0447\u043d\u044b\u0435 \u0432\u0430\u0440\u0438\u0430\u043d\u0442\u044b \u043f\u043e 500 \u0433 \u0438 1 \u043a\u0433<\/p>\n<p data-start=\"1872\" data-end=\"2031\">\u0418\u043d\u0443\u043b\u0438\u043d \u0446\u0438\u043a\u043e\u0440\u0438\u044f \u2014 \u0438\u0434\u0435\u0430\u043b\u044c\u043d\u044b\u0439 \u0432\u044b\u0431\u043e\u0440 \u0434\u043b\u044f \u0442\u0435\u0445, \u043a\u0442\u043e \u0445\u043e\u0447\u0435\u0442 \u0443\u043b\u0443\u0447\u0448\u0438\u0442\u044c \u043f\u0438\u0449\u0435\u0432\u0430\u0440\u0435\u043d\u0438\u0435 \u0438 \u043f\u043e\u0434\u0434\u0435\u0440\u0436\u0430\u0442\u044c \u0437\u0434\u043e\u0440\u043e\u0432\u044c\u0435 \u043a\u0438\u0448\u0435\u0447\u043d\u0438\u043a\u0430 \u0435\u0441\u0442\u0435\u0441\u0442\u0432\u0435\u043d\u043d\u044b\u043c \u043f\u0443\u0442\u0435\u043c<\/p>\n<p data-start=\"2033\" data-end=\"2057\"><strong data-start=\"2033\" data-end=\"2057\">\u0423\u0441\u043b\u043e\u0432\u0438\u044f \u0445\u0440\u0430\u043d\u0435\u043d\u0438\u044f<\/strong><\/p>\n<p data-start=\"2059\" data-end=\"2121\">\u0425\u0440\u0430\u043d\u0438\u0442\u044c \u0432 \u043f\u0440\u043e\u0445\u043b\u0430\u0434\u043d\u043e\u043c, \u0441\u0443\u0445\u043e\u043c \u043c\u0435\u0441\u0442\u0435, \u0432\u0434\u0430\u043b\u0438 \u043e\u0442 \u0432\u043b\u0430\u0433\u0438<\/p>\n<p data-start=\"2123\" data-end=\"2144\"><strong data-start=\"2123\" data-end=\"2144\">\u043a\u043b\u044e\u0447\u0435\u0432\u044b\u0435 \u0441\u043b\u043e\u0432\u0430 SEO<\/strong><\/p>\n<p data-start=\"2146\" data-end=\"2347\">\u0438\u043d\u0443\u043b\u0438\u043d \u0438\u0437 \u0446\u0438\u043a\u043e\u0440\u0438\u044f, \u0438\u043d\u0443\u043b\u0438\u043d \u043a\u0430\u043a \u043f\u0440\u0435\u0431\u0438\u043e\u0442\u0438\u043a, \u043d\u0430\u0442\u0443\u0440\u0430\u043b\u044c\u043d\u044b\u0435 \u043f\u0438\u0449\u0435\u0432\u0430\u0440\u0438\u0442\u0435\u043b\u044c\u043d\u044b\u0435 \u0432\u043e\u043b\u043e\u043a\u043d\u0430, \u043d\u0430\u0442\u0443\u0440\u0430\u043b\u044c\u043d\u044b\u0439 \u043f\u0440\u0435\u0431\u0438\u043e\u0442\u0438\u043a, \u043f\u043e\u043b\u044c\u0437\u0430 \u0438\u043d\u0443\u043b\u0438\u043d\u0430, \u0438\u043d\u0443\u043b\u0438\u043d \u0434\u043b\u044f \u043f\u043e\u0445\u0443\u0434\u0435\u043d\u0438\u044f, \u0438\u043d\u0443\u043b\u0438\u043d \u0434\u043b\u044f \u043a\u0438\u0448\u0435\u0447\u043d\u0438\u043a\u0430, \u043d\u0430\u0442\u0443\u0440\u0430\u043b\u044c\u043d\u044b\u0435 \u043f\u0438\u0449\u0435\u0432\u044b\u0435 \u0432\u043e\u043b\u043e\u043a\u043d\u0430, \u0438\u043d\u0443\u043b\u0438\u043d 1 \u043a\u0433, \u0438\u043d\u0443\u043b\u0438\u043d 500 \u0433<\/p>","protected":false},"excerpt":{"rendered":"<p>Inulin\u0103 din Cicoare \u2013 prebiotic natural pentru digestie \u0219i s\u0103n\u0103tatea intestinelor Inulina din cicoare este o fibr\u0103 prebiotic\u0103 natural\u0103, extras\u0103<\/p>","protected":false},"featured_media":16212,"comment_status":"open","ping_status":"closed","template":"","meta":{"_acf_changed":false},"product_brand":[],"product_cat":[117,98,148,116],"product_tag":[],"class_list":{"0":"post-16211","1":"product","2":"type-product","3":"status-publish","4":"has-post-thumbnail","6":"product_cat-condimente-si-fainuri-bio","7":"product_cat-bio-suplimente","8":"product_cat-gustari","9":"product_cat-indulcitori-bio","11":"first","12":"instock","13":"shipping-taxable","14":"purchasable","15":"product-type-variable"},"acf":[],"_links":{"self":[{"href":"https:\/\/biomed.md\/ru\/wp-json\/wp\/v2\/product\/16211","targetHints":{"allow":["GET"]}}],"collection":[{"href":"https:\/\/biomed.md\/ru\/wp-json\/wp\/v2\/product"}],"about":[{"href":"https:\/\/biomed.md\/ru\/wp-json\/wp\/v2\/types\/product"}],"replies":[{"embeddable":true,"href":"https:\/\/biomed.md\/ru\/wp-json\/wp\/v2\/comments?post=16211"}],"version-history":[{"count":1,"href":"https:\/\/biomed.md\/ru\/wp-json\/wp\/v2\/product\/16211\/revisions"}],"predecessor-version":[{"id":16215,"href":"https:\/\/biomed.md\/ru\/wp-json\/wp\/v2\/product\/16211\/revisions\/16215"}],"wp:featuredmedia":[{"embeddable":true,"href":"https:\/\/biomed.md\/ru\/wp-json\/wp\/v2\/media\/16212"}],"wp:attachment":[{"href":"https:\/\/biomed.md\/ru\/wp-json\/wp\/v2\/media?parent=16211"}],"wp:term":[{"taxonomy":"product_brand","embeddable":true,"href":"https:\/\/biomed.md\/ru\/wp-json\/wp\/v2\/product_brand?post=16211"},{"taxonomy":"product_cat","embeddable":true,"href":"https:\/\/biomed.md\/ru\/wp-json\/wp\/v2\/product_cat?post=16211"},{"taxonomy":"product_tag","embeddable":true,"href":"https:\/\/biomed.md\/ru\/wp-json\/wp\/v2\/product_tag?post=16211"}],"curies":[{"name":"wp","href":"https:\/\/api.w.org\/{rel}","templated":true}]}}