{"id":16053,"date":"2026-03-21T11:31:53","date_gmt":"2026-03-21T11:31:53","guid":{"rendered":"https:\/\/biomed.md\/?post_type=product&#038;p=16053"},"modified":"2026-03-21T11:31:53","modified_gmt":"2026-03-21T11:31:53","slug":"pastai-de-vanilie-naturale-14-15-cm-5-buc","status":"publish","type":"product","link":"https:\/\/biomed.md\/ru\/product\/pastai-de-vanilie-naturale-14-15-cm-5-buc\/","title":{"rendered":"\u041d\u0430\u0442\u0443\u0440\u0430\u043b\u044c\u043d\u044b\u0435 \u0441\u0442\u0440\u0443\u0447\u043a\u0438 \u0412\u0430\u043d\u0438\u043b\u0438 14\u201315 \u0441\u043c (5 \u0448\u0442.)"},"content":{"rendered":"<p data-start=\"89\" data-end=\"178\"><strong data-start=\"89\" data-end=\"178\">\u041d\u0430\u0442\u0443\u0440\u0430\u043b\u044c\u043d\u044b\u0435 \u0441\u0442\u0440\u0443\u0447\u043a\u0438 \u0432\u0430\u043d\u0438\u043b\u0438 14\u201315 \u0441\u043c (5 \u0448\u0442.) \u2013 \u0438\u043d\u0442\u0435\u043d\u0441\u0438\u0432\u043d\u044b\u0439 \u0430\u0440\u043e\u043c\u0430\u0442 \u0434\u043b\u044f \u0438\u0437\u044b\u0441\u043a\u0430\u043d\u043d\u044b\u0445 \u0434\u0435\u0441\u0435\u0440\u0442\u043e\u0432<\/strong><\/p>\n<p data-start=\"180\" data-end=\"453\">\u0412\u0430\u043d\u0438\u043b\u044c\u043d\u044b\u0435 \u0441\u0442\u0440\u0443\u0447\u043a\u0438 \u2014 \u044d\u0442\u043e \u0432\u044b\u0441\u043e\u043a\u043e\u043a\u0430\u0447\u0435\u0441\u0442\u0432\u0435\u043d\u043d\u044b\u0439 \u0438\u043d\u0433\u0440\u0435\u0434\u0438\u0435\u043d\u0442, \u0446\u0435\u043d\u0438\u043c\u044b\u0439 \u0437\u0430 \u0441\u0432\u043e\u0439 \u0438\u043d\u0442\u0435\u043d\u0441\u0438\u0432\u043d\u044b\u0439, \u0441\u043b\u0430\u0434\u043a\u0438\u0439 \u0438 \u0438\u0437\u044b\u0441\u043a\u0430\u043d\u043d\u044b\u0439 \u0430\u0440\u043e\u043c\u0430\u0442. \u041f\u043e\u043b\u0443\u0447\u0435\u043d\u043d\u044b\u0435 \u0438\u0437 \u043a\u0430\u0447\u0435\u0441\u0442\u0432\u0435\u043d\u043d\u043e\u0439 \u043d\u0430\u0442\u0443\u0440\u0430\u043b\u044c\u043d\u043e\u0439 \u0432\u0430\u043d\u0438\u043b\u0438, \u043e\u043d\u0438 \u043e\u0431\u043b\u0430\u0434\u0430\u044e\u0442 \u0430\u0443\u0442\u0435\u043d\u0442\u0438\u0447\u043d\u044b\u043c \u0432\u043a\u0443\u0441\u043e\u043c, \u043d\u0430\u043c\u043d\u043e\u0433\u043e \u043f\u0440\u0435\u0432\u043e\u0441\u0445\u043e\u0434\u044f\u0449\u0438\u043c \u0438\u0441\u043a\u0443\u0441\u0441\u0442\u0432\u0435\u043d\u043d\u044b\u0435 \u044d\u0441\u0441\u0435\u043d\u0446\u0438\u0438, \u0438 \u0438\u0434\u0435\u0430\u043b\u044c\u043d\u043e \u043f\u043e\u0434\u0445\u043e\u0434\u044f\u0442 \u0434\u043b\u044f \u0434\u0435\u0441\u0435\u0440\u0442\u043e\u0432, \u043d\u0430\u043f\u0438\u0442\u043a\u043e\u0432 \u0438 \u0438\u0437\u044b\u0441\u043a\u0430\u043d\u043d\u044b\u0445 \u0431\u043b\u044e\u0434<\/p>\n<p data-start=\"455\" data-end=\"576\">\u041a\u0430\u0436\u0434\u044b\u0439 \u0441\u0442\u0440\u0443\u0447\u043e\u043a \u0431\u043e\u0433\u0430\u0442 \u0430\u0440\u043e\u043c\u0430\u0442\u043d\u044b\u043c\u0438 \u0441\u0435\u043c\u0435\u043d\u0430\u043c\u0438, \u043a\u043e\u0442\u043e\u0440\u044b\u0435 \u043f\u0440\u0438\u0434\u0430\u044e\u0442 \u043b\u044e\u0431\u043e\u043c\u0443 \u0431\u043b\u044e\u0434\u0443 \u043d\u0430\u0442\u0443\u0440\u0430\u043b\u044c\u043d\u044b\u0439 \u0430\u0440\u043e\u043c\u0430\u0442 \u0438 \u043d\u0435\u043f\u043e\u0432\u0442\u043e\u0440\u0438\u043c\u044b\u0439 \u0432\u043a\u0443\u0441<\/p>\n<p data-start=\"578\" data-end=\"591\"><strong data-start=\"578\" data-end=\"591\">\u041f\u0420\u0415\u0418\u041c\u0423\u0429\u0415\u0421\u0422\u0412\u0410<\/strong><\/p>\n<p data-start=\"593\" data-end=\"1027\">\u2714 \u0418\u043d\u0442\u0435\u043d\u0441\u0438\u0432\u043d\u044b\u0439 \u043d\u0430\u0442\u0443\u0440\u0430\u043b\u044c\u043d\u044b\u0439 \u0430\u0440\u043e\u043c\u0430\u0442 \u2013 \u043d\u0430\u043c\u043d\u043e\u0433\u043e \u043f\u0440\u0435\u0432\u043e\u0441\u0445\u043e\u0434\u0438\u0442 \u0438\u0441\u043a\u0443\u0441\u0441\u0442\u0432\u0435\u043d\u043d\u044b\u0435 \u044d\u0441\u0441\u0435\u043d\u0446\u0438\u0438<br data-start=\"657\" data-end=\"660\" \/>\u2714 \u041f\u0440\u0435\u043c\u0438\u0430\u043b\u044c\u043d\u044b\u0439 \u0438\u043d\u0433\u0440\u0435\u0434\u0438\u0435\u043d\u0442 \u0434\u043b\u044f \u0438\u0437\u044b\u0441\u043a\u0430\u043d\u043d\u044b\u0445 \u0434\u0435\u0441\u0435\u0440\u0442\u043e\u0432<br data-start=\"706\" data-end=\"709\" \/>\u2714 \u0441\u043e\u0434\u0435\u0440\u0436\u0438\u0442 \u043f\u0440\u0438\u0440\u043e\u0434\u043d\u044b\u0435 \u0430\u043d\u0442\u0438\u043e\u043a\u0441\u0438\u0434\u0430\u043d\u0442\u043d\u044b\u0435 \u0441\u043e\u0435\u0434\u0438\u043d\u0435\u043d\u0438\u044f<br data-start=\"748\" data-end=\"751\" \/>\u2714 \u043f\u043e\u0434\u0434\u0435\u0440\u0436\u0438\u0432\u0430\u0435\u0442 \u043f\u043e\u0434\u043b\u0438\u043d\u043d\u044b\u0439 \u043a\u0443\u043b\u0438\u043d\u0430\u0440\u043d\u044b\u0439 \u043e\u043f\u044b\u0442<br data-start=\"792\" data-end=\"795\" \/>\u2714 \u0411\u0435\u0437 \u0434\u043e\u0431\u0430\u0432\u043e\u043a \u0438 \u0441\u0438\u043d\u0442\u0435\u0442\u0438\u0447\u0435\u0441\u043a\u0438\u0445 \u0430\u0440\u043e\u043c\u0430\u0442\u0438\u0437\u0430\u0442\u043e\u0440\u043e\u0432<br data-start=\"829\" data-end=\"832\" \/>\u2714 \u042d\u043a\u043e\u043d\u043e\u043c\u0438\u0447\u043d\u0430\u044f \u0434\u043e\u0437\u0438\u0440\u043e\u0432\u043a\u0430 \u2013 \u043d\u0435\u0431\u043e\u043b\u044c\u0448\u043e\u0435 \u043a\u043e\u043b\u0438\u0447\u0435\u0441\u0442\u0432\u043e \u043e\u0431\u0435\u0441\u043f\u0435\u0447\u0438\u0432\u0430\u0435\u0442 \u043d\u0430\u0441\u044b\u0449\u0435\u043d\u043d\u044b\u0439 \u0432\u043a\u0443\u0441<br data-start=\"887\" data-end=\"890\" \/>\u2714 \u0423\u043d\u0438\u0432\u0435\u0440\u0441\u0430\u043b\u044c\u043d\u044b\u0439 \u2013 \u0438\u0434\u0435\u0430\u043b\u044c\u043d\u043e \u043f\u043e\u0434\u0445\u043e\u0434\u0438\u0442 \u0434\u043b\u044f \u0441\u043b\u0430\u0434\u043e\u0441\u0442\u0435\u0439 \u0438 \u043d\u0430\u043f\u0438\u0442\u043a\u043e\u0432<br data-start=\"937\" data-end=\"940\" \/>\u2714 \u041f\u043e\u0434\u0445\u043e\u0434\u0438\u0442 \u0434\u043b\u044f \u0435\u0441\u0442\u0435\u0441\u0442\u0432\u0435\u043d\u043d\u043e\u0433\u043e \u043a\u043e\u0440\u043c\u043b\u0435\u043d\u0438\u044f<br data-start=\"979\" data-end=\"982\" \/>\u2714 \u0412\u044b\u0441\u043e\u043a\u043e\u0435 \u043a\u0430\u0447\u0435\u0441\u0442\u0432\u043e \u0434\u043b\u044f \u0438\u0437\u044b\u0441\u043a\u0430\u043d\u043d\u044b\u0445 \u0440\u0435\u0446\u0435\u043f\u0442\u043e\u0432<\/p>\n<p data-start=\"1029\" data-end=\"1044\"><strong data-start=\"1029\" data-end=\"1044\">\u0438\u043d\u0433\u0440\u0435\u0434\u0438\u0435\u043d\u0442\u044b<\/strong><\/p>\n<p data-start=\"1046\" data-end=\"1072\">\u043d\u0430\u0442\u0443\u0440\u0430\u043b\u044c\u043d\u044b\u0435 \u0441\u0442\u0440\u0443\u0447\u043a\u0438 \u0432\u0430\u043d\u0438\u043b\u0438<\/p>\n<p data-start=\"1074\" data-end=\"1119\"><strong data-start=\"1074\" data-end=\"1119\">\u041f\u0438\u0449\u0435\u0432\u0430\u044f \u0446\u0435\u043d\u043d\u043e\u0441\u0442\u044c (\u043f\u0440\u0438\u0431\u043b\u0438\u0437\u0438\u0442\u0435\u043b\u044c\u043d\u043e \/ 100 \u0433)<\/strong><\/p>\n<p data-start=\"1121\" data-end=\"1201\">\u042d\u043d\u0435\u0440\u0433\u0435\u0442\u0438\u0447\u0435\u0441\u043a\u0430\u044f \u0446\u0435\u043d\u043d\u043e\u0441\u0442\u044c: ~280 \u043a\u043a\u0430\u043b<br data-start=\"1139\" data-end=\"1142\" \/>\u0431\u0435\u043b\u043e\u043a: ~0\u20131 \u0433<br data-start=\"1158\" data-end=\"1161\" \/>\u0416\u0438\u0440\u044b: ~0 \u0433<br data-start=\"1174\" data-end=\"1177\" \/>\u0443\u0433\u043b\u0435\u0432\u043e\u0434\u043e\u0432: ~12\u201315 \u0433<\/p>\n<p data-start=\"1203\" data-end=\"1223\"><strong data-start=\"1203\" data-end=\"1223\">\u041a\u0430\u043a \u0438\u0441\u043f\u043e\u043b\u044c\u0437\u043e\u0432\u0430\u0442\u044c<\/strong><\/p>\n<p data-start=\"1225\" data-end=\"1480\">\u2022 \u0420\u0430\u0437\u0440\u0435\u0436\u044c\u0442\u0435 \u0441\u0442\u0440\u0443\u0447\u043e\u043a \u0432\u0434\u043e\u043b\u044c \u0438 \u0438\u0437\u0432\u043b\u0435\u043a\u0438\u0442\u0435 \u0441\u0435\u043c\u0435\u043d\u0430.<br data-start=\"1276\" data-end=\"1279\" \/>\u2022 \u0414\u043e\u0431\u0430\u0432\u043b\u044f\u0442\u044c \u0432 \u043a\u0440\u0435\u043c\u044b, \u0442\u043e\u0440\u0442\u044b, \u043c\u043e\u0440\u043e\u0436\u0435\u043d\u043e\u0435 \u0438\u043b\u0438 \u0441\u043e\u0443\u0441\u044b.<br data-start=\"1332\" data-end=\"1335\" \/>\u2022 \u041c\u043e\u0436\u043d\u043e \u0434\u043e\u0431\u0430\u0432\u043b\u044f\u0442\u044c \u0432 \u043c\u043e\u043b\u043e\u043a\u043e \u0438\u043b\u0438 \u0433\u043e\u0440\u044f\u0447\u0438\u0435 \u043d\u0430\u043f\u0438\u0442\u043a\u0438<br data-start=\"1379\" data-end=\"1382\" \/>\u2022 \u0421\u0442\u0440\u0443\u0447\u043e\u043a \u043c\u043e\u0436\u043d\u043e \u0438\u0441\u043f\u043e\u043b\u044c\u0437\u043e\u0432\u0430\u0442\u044c \u0434\u043b\u044f \u043f\u0440\u0438\u0433\u043e\u0442\u043e\u0432\u043b\u0435\u043d\u0438\u044f \u0432\u0430\u043d\u0438\u043b\u044c\u043d\u043e\u0433\u043e \u0441\u0430\u0445\u0430\u0440\u0430.<br data-start=\"1430\" data-end=\"1433\" \/>\u2022 \u0418\u0434\u0435\u0430\u043b\u044c\u043d\u043e \u043f\u043e\u0434\u0445\u043e\u0434\u0438\u0442 \u0434\u043b\u044f \u043d\u0430\u0442\u0443\u0440\u0430\u043b\u044c\u043d\u044b\u0445 \u0438 \u0430\u0440\u043e\u043c\u0430\u0442\u043d\u044b\u0445 \u0434\u0435\u0441\u0435\u0440\u0442\u043e\u0432<\/p>\n<p data-start=\"1482\" data-end=\"1529\"><strong data-start=\"1482\" data-end=\"1529\">\u041f\u043e\u0447\u0435\u043c\u0443 \u0441\u0442\u043e\u0438\u0442 \u0432\u044b\u0431\u0440\u0430\u0442\u044c \u043d\u0430\u0442\u0443\u0440\u0430\u043b\u044c\u043d\u044b\u0435 \u0441\u0442\u0440\u0443\u0447\u043a\u0438 \u0432\u0430\u043d\u0438\u043b\u0438?<\/strong><\/p>\n<p data-start=\"1531\" data-end=\"1717\">\u2714 \u0410\u0443\u0442\u0435\u043d\u0442\u0438\u0447\u043d\u044b\u0439 \u0438 \u043d\u0430\u0441\u044b\u0449\u0435\u043d\u043d\u044b\u0439 \u0430\u0440\u043e\u043c\u0430\u0442<br data-start=\"1559\" data-end=\"1562\" \/>\u2714 \u041f\u0440\u0435\u0432\u043e\u0441\u0445\u043e\u0434\u043d\u043e\u0435 \u043a\u0430\u0447\u0435\u0441\u0442\u0432\u043e \u043f\u043e \u0441\u0440\u0430\u0432\u043d\u0435\u043d\u0438\u044e \u0441 \u044d\u0441\u0441\u0435\u043d\u0446\u0438\u044f\u043c\u0438<br data-start=\"1598\" data-end=\"1601\" \/>\u2714 \u041f\u043e\u0434\u0445\u043e\u0434\u0438\u0442 \u0434\u043b\u044f \u0434\u0435\u0441\u0435\u0440\u0442\u043e\u0432 \u043f\u0440\u0435\u043c\u0438\u0443\u043c-\u043a\u043b\u0430\u0441\u0441\u0430<br data-start=\"1637\" data-end=\"1640\" \/>\u2714 \u041d\u0430\u0442\u0443\u0440\u0430\u043b\u044c\u043d\u044b\u0439 \u043f\u0440\u043e\u0434\u0443\u043a\u0442 \u0431\u0435\u0437 \u0434\u043e\u0431\u0430\u0432\u043e\u043a<br data-start=\"1669\" data-end=\"1672\" \/>\u2714 \u043f\u0440\u0435\u0432\u0440\u0430\u0449\u0430\u0435\u0442 \u043b\u044e\u0431\u043e\u0439 \u0440\u0435\u0446\u0435\u043f\u0442 \u0432 \u0438\u0437\u044b\u0441\u043a\u0430\u043d\u043d\u044b\u0439<\/p>\n<p data-start=\"1719\" data-end=\"1865\">\u041d\u0430\u0442\u0443\u0440\u0430\u043b\u044c\u043d\u044b\u0435 \u0441\u0442\u0440\u0443\u0447\u043a\u0438 \u0432\u0430\u043d\u0438\u043b\u0438 \u2014 \u0438\u0434\u0435\u0430\u043b\u044c\u043d\u044b\u0439 \u0432\u044b\u0431\u043e\u0440 \u0434\u043b\u044f \u0442\u0435\u0445, \u043a\u0442\u043e \u0445\u043e\u0447\u0435\u0442 \u043f\u0440\u0438\u0433\u043e\u0442\u043e\u0432\u0438\u0442\u044c \u0434\u0435\u0441\u0435\u0440\u0442\u044b \u0441 \u0430\u0443\u0442\u0435\u043d\u0442\u0438\u0447\u043d\u044b\u043c, \u043d\u0430\u0441\u044b\u0449\u0435\u043d\u043d\u044b\u043c \u0438 \u0432\u044b\u0441\u043e\u043a\u043e\u043a\u0430\u0447\u0435\u0441\u0442\u0432\u0435\u043d\u043d\u044b\u043c \u0432\u043a\u0443\u0441\u043e\u043c<\/p>\n<p data-start=\"1867\" data-end=\"1891\"><strong data-start=\"1867\" data-end=\"1891\">\u0423\u0441\u043b\u043e\u0432\u0438\u044f \u0445\u0440\u0430\u043d\u0435\u043d\u0438\u044f<\/strong><\/p>\n<p data-start=\"1893\" data-end=\"2009\">\u0425\u0440\u0430\u043d\u0438\u0442\u044c \u0432 \u043f\u0440\u043e\u0445\u043b\u0430\u0434\u043d\u043e\u043c, \u0441\u0443\u0445\u043e\u043c \u043c\u0435\u0441\u0442\u0435, \u0432\u0434\u0430\u043b\u0438 \u043e\u0442 \u0441\u0432\u0435\u0442\u0430. \u0414\u043b\u044f \u0441\u043e\u0445\u0440\u0430\u043d\u0435\u043d\u0438\u044f \u0430\u0440\u043e\u043c\u0430\u0442\u0430 \u0440\u0435\u043a\u043e\u043c\u0435\u043d\u0434\u0443\u0435\u0442\u0441\u044f \u043f\u043b\u043e\u0442\u043d\u043e \u0437\u0430\u043a\u0440\u044b\u0432\u0430\u0442\u044c \u0443\u043f\u0430\u043a\u043e\u0432\u043a\u0443<\/p>\n<p data-start=\"2011\" data-end=\"2032\"><strong data-start=\"2011\" data-end=\"2032\">\u043a\u043b\u044e\u0447\u0435\u0432\u044b\u0435 \u0441\u043b\u043e\u0432\u0430 SEO<\/strong><\/p>\n<p data-start=\"2034\" data-end=\"2228\">\u0441\u0442\u0440\u0443\u0447\u043a\u0438 \u0432\u0430\u043d\u0438\u043b\u0438, \u043d\u0430\u0442\u0443\u0440\u0430\u043b\u044c\u043d\u0430\u044f \u0432\u0430\u043d\u0438\u043b\u044c, \u0432\u0430\u043d\u0438\u043b\u044c \u043f\u0440\u0435\u043c\u0438\u0443\u043c-\u043a\u043b\u0430\u0441\u0441\u0430, \u0441\u0442\u0440\u0443\u0447\u043a\u0438 \u0432\u0430\u043d\u0438\u043b\u0438 \u0434\u043b\u044f \u0434\u0435\u0441\u0435\u0440\u0442\u043e\u0432, \u0432\u0430\u043d\u0438\u043b\u044c\u043d\u0430\u044f \u043f\u0430\u043b\u043e\u0447\u043a\u0430, \u0432\u0430\u043d\u0438\u043b\u044c \u0434\u043b\u044f \u0442\u043e\u0440\u0442\u043e\u0432, \u0438\u0437\u044b\u0441\u043a\u0430\u043d\u043d\u0430\u044f \u0432\u0430\u043d\u0438\u043b\u044c, \u043d\u0430\u0442\u0443\u0440\u0430\u043b\u044c\u043d\u044b\u0439 \u0432\u0430\u043d\u0438\u043b\u044c\u043d\u044b\u0439 \u0430\u0440\u043e\u043c\u0430\u0442\u0438\u0437\u0430\u0442\u043e\u0440, \u0438\u043d\u0433\u0440\u0435\u0434\u0438\u0435\u043d\u0442\u044b \u0434\u043b\u044f \u0432\u044b\u043f\u0435\u0447\u043a\u0438<\/p>","protected":false},"excerpt":{"rendered":"<p>P\u0103st\u0103i de vanilie naturale 14\u201315 cm (5 buc) \u2013 arom\u0103 intens\u0103 pentru deserturi rafinate P\u0103st\u0103ile de vanilie sunt un ingredient<\/p>","protected":false},"featured_media":15912,"comment_status":"open","ping_status":"closed","template":"","meta":{"_acf_changed":false},"product_brand":[],"product_cat":[117,111,116],"product_tag":[],"class_list":{"0":"post-16053","1":"product","2":"type-product","3":"status-publish","4":"has-post-thumbnail","6":"product_cat-condimente-si-fainuri-bio","7":"product_cat-cereale-seminte-bio","8":"product_cat-indulcitori-bio","10":"first","11":"instock","12":"shipping-taxable","13":"purchasable","14":"product-type-simple"},"acf":[],"_links":{"self":[{"href":"https:\/\/biomed.md\/ru\/wp-json\/wp\/v2\/product\/16053","targetHints":{"allow":["GET"]}}],"collection":[{"href":"https:\/\/biomed.md\/ru\/wp-json\/wp\/v2\/product"}],"about":[{"href":"https:\/\/biomed.md\/ru\/wp-json\/wp\/v2\/types\/product"}],"replies":[{"embeddable":true,"href":"https:\/\/biomed.md\/ru\/wp-json\/wp\/v2\/comments?post=16053"}],"version-history":[{"count":2,"href":"https:\/\/biomed.md\/ru\/wp-json\/wp\/v2\/product\/16053\/revisions"}],"predecessor-version":[{"id":16094,"href":"https:\/\/biomed.md\/ru\/wp-json\/wp\/v2\/product\/16053\/revisions\/16094"}],"wp:featuredmedia":[{"embeddable":true,"href":"https:\/\/biomed.md\/ru\/wp-json\/wp\/v2\/media\/15912"}],"wp:attachment":[{"href":"https:\/\/biomed.md\/ru\/wp-json\/wp\/v2\/media?parent=16053"}],"wp:term":[{"taxonomy":"product_brand","embeddable":true,"href":"https:\/\/biomed.md\/ru\/wp-json\/wp\/v2\/product_brand?post=16053"},{"taxonomy":"product_cat","embeddable":true,"href":"https:\/\/biomed.md\/ru\/wp-json\/wp\/v2\/product_cat?post=16053"},{"taxonomy":"product_tag","embeddable":true,"href":"https:\/\/biomed.md\/ru\/wp-json\/wp\/v2\/product_tag?post=16053"}],"curies":[{"name":"wp","href":"https:\/\/api.w.org\/{rel}","templated":true}]}}