{"id":16018,"date":"2026-03-18T10:36:18","date_gmt":"2026-03-18T10:36:18","guid":{"rendered":"https:\/\/biomed.md\/?post_type=product&#038;p=16018"},"modified":"2026-03-18T10:36:18","modified_gmt":"2026-03-18T10:36:18","slug":"crema-cu-caramel-sarat-300-g","status":"publish","type":"product","link":"https:\/\/biomed.md\/ru\/product\/crema-cu-caramel-sarat-300-g\/","title":{"rendered":"\u041a\u0440\u0435\u043c \u0441 \u0441\u043e\u043b\u0435\u043d\u043e\u0439 \u043a\u0430\u0440\u0430\u043c\u0435\u043b\u044c\u044e 300 \u0433"},"content":{"rendered":"<p data-start=\"74\" data-end=\"149\"><strong data-start=\"74\" data-end=\"149\">\u041a\u0440\u0435\u043c \u0441 \u0441\u043e\u043b\u0435\u043d\u043e\u0439 \u043a\u0430\u0440\u0430\u043c\u0435\u043b\u044c\u044e, 300 \u0433 \u2013 \u043d\u0430\u0442\u0443\u0440\u0430\u043b\u044c\u043d\u044b\u0439 \u0438 \u0432\u043a\u0443\u0441\u043d\u044b\u0439 \u0441\u043f\u0440\u0435\u0434.<\/strong><\/p>\n<p data-start=\"151\" data-end=\"456\">\u041a\u0440\u0435\u043c \u0441 \u0441\u043e\u043b\u0435\u043d\u043e\u0439 \u043a\u0430\u0440\u0430\u043c\u0435\u043b\u044c\u044e \u2014 \u044d\u0442\u043e \u043d\u0435\u0436\u043d\u0430\u044f \u0438 \u043f\u0438\u043a\u0430\u043d\u0442\u043d\u0430\u044f \u043f\u0430\u0441\u0442\u0430, \u043f\u0440\u0438\u0433\u043e\u0442\u043e\u0432\u043b\u0435\u043d\u043d\u0430\u044f \u0438\u0437 \u043a\u0430\u0447\u0435\u0441\u0442\u0432\u0435\u043d\u043d\u044b\u0445 \u0438\u043d\u0433\u0440\u0435\u0434\u0438\u0435\u043d\u0442\u043e\u0432, \u0441\u043e\u0447\u0435\u0442\u0430\u044e\u0449\u0430\u044f \u0441\u043b\u0430\u0434\u043e\u0441\u0442\u044c \u043a\u0430\u0440\u0430\u043c\u0435\u043b\u0438 \u0441 \u043b\u0435\u0433\u043a\u043e\u0439 \u0441\u043e\u043b\u0435\u043d\u043e\u0439 \u043d\u043e\u0442\u043a\u043e\u0439. \u042d\u0442\u043e \u0438\u0434\u0435\u0430\u043b\u044c\u043d\u044b\u0439 \u0432\u044b\u0431\u043e\u0440 \u0434\u043b\u044f \u0432\u043a\u0443\u0441\u043d\u043e\u0433\u043e \u0437\u0430\u0432\u0442\u0440\u0430\u043a\u0430, \u0441\u043b\u0430\u0434\u043a\u043e\u0433\u043e \u043f\u0435\u0440\u0435\u043a\u0443\u0441\u0430 \u0438\u043b\u0438 \u0431\u044b\u0441\u0442\u0440\u043e\u0433\u043e \u0434\u0435\u0441\u0435\u0440\u0442\u0430, \u0434\u0430\u0440\u044f\u0449\u0438\u0439 \u044d\u043d\u0435\u0440\u0433\u0438\u044e \u0438 \u0432\u043a\u0443\u0441 \u0441 \u043a\u0430\u0436\u0434\u043e\u0439 \u043b\u043e\u0436\u043a\u043e\u0439<\/p>\n<p data-start=\"458\" data-end=\"577\">\u0411\u043b\u0430\u0433\u043e\u0434\u0430\u0440\u044f \u043a\u0440\u0435\u043c\u043e\u0432\u043e\u0439 \u0442\u0435\u043a\u0441\u0442\u0443\u0440\u0435 \u0438 \u043d\u0430\u0441\u044b\u0449\u0435\u043d\u043d\u043e\u043c\u0443 \u0432\u043a\u0443\u0441\u0443 \u044d\u0442\u043e\u0442 \u043a\u0440\u0435\u043c \u044f\u0432\u043b\u044f\u0435\u0442\u0441\u044f \u043e\u0442\u043b\u0438\u0447\u043d\u043e\u0439 \u0430\u043b\u044c\u0442\u0435\u0440\u043d\u0430\u0442\u0438\u0432\u043e\u0439 \u043a\u043b\u0430\u0441\u0441\u0438\u0447\u0435\u0441\u043a\u0438\u043c \u043a\u043e\u043c\u043c\u0435\u0440\u0447\u0435\u0441\u043a\u0438\u043c \u043f\u0440\u043e\u0434\u0443\u043a\u0442\u0430\u043c<\/p>\n<p data-start=\"579\" data-end=\"592\"><strong data-start=\"579\" data-end=\"592\">\u041f\u0420\u0415\u0418\u041c\u0423\u0429\u0415\u0421\u0422\u0412\u0410<\/strong><\/p>\n<p data-start=\"594\" data-end=\"1069\">\u2714 \u0411\u044b\u0441\u0442\u0440\u044b\u0439 \u0438\u0441\u0442\u043e\u0447\u043d\u0438\u043a \u044d\u043d\u0435\u0440\u0433\u0438\u0438 \u2013 \u0438\u0434\u0435\u0430\u043b\u044c\u043d\u043e \u043f\u043e\u0434\u0445\u043e\u0434\u0438\u0442 \u0434\u043b\u044f \u0443\u0442\u0440\u0430 \u0438\u043b\u0438 \u043f\u0435\u0440\u0435\u043a\u0443\u0441\u0430<br data-start=\"657\" data-end=\"660\" \/>\u2714 \u0421\u0431\u0430\u043b\u0430\u043d\u0441\u0438\u0440\u043e\u0432\u0430\u043d\u043d\u044b\u0439 \u0441\u043b\u0430\u0434\u043a\u043e-\u0441\u043e\u043b\u0435\u043d\u044b\u0439 \u0432\u043a\u0443\u0441 \u2013 \u0438\u0434\u0435\u0430\u043b\u044c\u043d\u043e\u0435 \u0441\u043e\u0447\u0435\u0442\u0430\u043d\u0438\u0435 \u0432\u043a\u0443\u0441\u043e\u0432<br data-start=\"717\" data-end=\"720\" \/>\u2714 \u041d\u0435\u0436\u043d\u0430\u044f \u0438 \u043a\u0440\u0435\u043c\u043e\u0432\u0430\u044f \u0442\u0435\u043a\u0441\u0442\u0443\u0440\u0430 \u2013 \u200b\u200b\u043f\u0440\u0438\u044f\u0442\u043d\u043e\u0435 \u043d\u0430\u0441\u043b\u0430\u0436\u0434\u0435\u043d\u0438\u0435 \u0441 \u043a\u0430\u0436\u0434\u044b\u043c \u0433\u043b\u043e\u0442\u043a\u043e\u043c<br data-start=\"779\" data-end=\"782\" \/>\u2714 \u041f\u043e\u0434\u0445\u043e\u0434\u0438\u0442 \u0434\u043b\u044f \u0432\u0441\u0435\u0439 \u0441\u0435\u043c\u044c\u0438<br data-start=\"817\" data-end=\"820\" \/>\u2714 \u0423\u043d\u0438\u0432\u0435\u0440\u0441\u0430\u043b\u044c\u043d\u044b\u0439 \u2013 \u043c\u043e\u0436\u043d\u043e \u0438\u0441\u043f\u043e\u043b\u044c\u0437\u043e\u0432\u0430\u0442\u044c \u0432 \u0434\u0435\u0441\u0435\u0440\u0442\u0430\u0445, \u043d\u0430 \u0445\u043b\u0435\u0431\u0435 \u0438\u043b\u0438 \u0431\u043b\u0438\u043d\u0430\u0445<br data-start=\"886\" data-end=\"889\" \/>\u2714 \u0410\u043b\u044c\u0442\u0435\u0440\u043d\u0430\u0442\u0438\u0432\u0430 \u043a\u043b\u0430\u0441\u0441\u0438\u0447\u0435\u0441\u043a\u0438\u043c \u043e\u0431\u0440\u0430\u0431\u043e\u0442\u0430\u043d\u043d\u044b\u043c \u043a\u0440\u0435\u043c\u0430\u043c<br data-start=\"931\" data-end=\"934\" \/>\u2714 \u0411\u0435\u0437 \u0441\u0438\u043b\u044c\u043d\u044b\u0445 \u0438\u0441\u043a\u0443\u0441\u0441\u0442\u0432\u0435\u043d\u043d\u044b\u0445 \u0430\u0440\u043e\u043c\u0430\u0442\u0438\u0437\u0430\u0442\u043e\u0440\u043e\u0432 \u2013 \u043d\u0430\u0442\u0443\u0440\u0430\u043b\u044c\u043d\u044b\u0439 \u0432\u043a\u0443\u0441<br data-start=\"983\" data-end=\"986\" \/>\u2714 \u041b\u0435\u0433\u043a\u043e \u0432\u043a\u043b\u044e\u0447\u0438\u0442\u044c \u0432 \u0435\u0436\u0435\u0434\u043d\u0435\u0432\u043d\u044b\u0439 \u0440\u0430\u0446\u0438\u043e\u043d<br data-start=\"1027\" data-end=\"1030\" \/>\u2714 \u0421\u043e\u0437\u0434\u0430\u0435\u0442 \u0431\u044b\u0441\u0442\u0440\u044b\u0435 \u0438 \u0432\u043a\u0443\u0441\u043d\u044b\u0435 \u0440\u0435\u0446\u0435\u043f\u0442\u044b<\/p>\n<p data-start=\"1071\" data-end=\"1086\"><strong data-start=\"1071\" data-end=\"1086\">\u0438\u043d\u0433\u0440\u0435\u0434\u0438\u0435\u043d\u0442\u044b<\/strong><\/p>\n<p data-start=\"1088\" data-end=\"1185\">\u0441\u0430\u0445\u0430\u0440, \u0441\u043b\u0438\u0432\u043e\u0447\u043d\u043e\u0435 \u043c\u0430\u0441\u043b\u043e, \u0441\u043b\u0438\u0432\u043a\u0438, \u043a\u0430\u0440\u0430\u043c\u0435\u043b\u044c, \u043c\u043e\u0440\u0441\u043a\u0430\u044f \u0441\u043e\u043b\u044c, \u043d\u0430\u0442\u0443\u0440\u0430\u043b\u044c\u043d\u044b\u0435 \u0440\u0430\u0441\u0442\u0438\u0442\u0435\u043b\u044c\u043d\u044b\u0435 \u043c\u0430\u0441\u043b\u0430 (\u0432 \u0437\u0430\u0432\u0438\u0441\u0438\u043c\u043e\u0441\u0442\u0438 \u043e\u0442 \u0440\u0435\u0446\u0435\u043f\u0442\u0430)<\/p>\n<p data-start=\"1187\" data-end=\"1232\"><strong data-start=\"1187\" data-end=\"1232\">\u041f\u0438\u0449\u0435\u0432\u0430\u044f \u0446\u0435\u043d\u043d\u043e\u0441\u0442\u044c (\u043f\u0440\u0438\u0431\u043b\u0438\u0437\u0438\u0442\u0435\u043b\u044c\u043d\u043e \/ 100 \u0433)<\/strong><\/p>\n<p data-start=\"1234\" data-end=\"1322\">\u042d\u043d\u0435\u0440\u0433\u0435\u0442\u0438\u0447\u0435\u0441\u043a\u0430\u044f \u0446\u0435\u043d\u043d\u043e\u0441\u0442\u044c: ~500\u2013550 \u043a\u043a\u0430\u043b<br data-start=\"1256\" data-end=\"1259\" \/>\u0431\u0435\u043b\u043e\u043a: ~2\u20134 \u0433<br data-start=\"1275\" data-end=\"1278\" \/>\u0436\u0438\u0440\u044b: ~20\u201330 \u0433<br data-start=\"1295\" data-end=\"1298\" \/>\u0423\u0433\u043b\u0435\u0432\u043e\u0434\u044b: ~60\u201370 \u0433<\/p>\n<p data-start=\"1324\" data-end=\"1341\"><strong data-start=\"1324\" data-end=\"1341\">\u0420\u0435\u0436\u0438\u043c \u043f\u043e\u0442\u0440\u0435\u0431\u043b\u0435\u043d\u0438\u044f<\/strong><\/p>\n<p data-start=\"1343\" data-end=\"1380\">\u0415\u0435 \u043c\u043e\u0436\u043d\u043e \u0443\u043f\u043e\u0442\u0440\u0435\u0431\u043b\u044f\u0442\u044c \u0440\u0430\u0437\u043b\u0438\u0447\u043d\u044b\u043c\u0438 \u0441\u043f\u043e\u0441\u043e\u0431\u0430\u043c\u0438:<\/p>\n<p data-start=\"1382\" data-end=\"1539\">\u2022 \u043d\u0430\u043c\u0430\u0437\u044b\u0432\u0430\u0442\u044c \u043d\u0430 \u0445\u043b\u0435\u0431 \u0438\u043b\u0438 \u0442\u043e\u0441\u0442<br data-start=\"1410\" data-end=\"1413\" \/>\u2022 \u0432 \u0431\u043b\u0438\u043d\u0430\u0445 \u0438\u043b\u0438 \u0432\u0430\u0444\u043b\u044f\u0445<br data-start=\"1437\" data-end=\"1440\" \/>\u2022 \u0432 \u043a\u0430\u0447\u0435\u0441\u0442\u0432\u0435 \u0442\u043e\u043f\u043f\u0438\u043d\u0433\u0430 \u0434\u043b\u044f \u043c\u043e\u0440\u043e\u0436\u0435\u043d\u043e\u0433\u043e \u0438\u043b\u0438 \u0434\u0435\u0441\u0435\u0440\u0442\u043e\u0432<br data-start=\"1483\" data-end=\"1486\" \/>\u2022 \u0432 \u0441\u043c\u0443\u0437\u0438 \u0438\u043b\u0438 \u043a\u0430\u0448\u0435<br data-start=\"1516\" data-end=\"1519\" \/>\u2022 \u0443\u043f\u043e\u0442\u0440\u0435\u0431\u043b\u044f\u043b\u0441\u044f \u0432 \u0447\u0438\u0441\u0442\u043e\u043c \u0432\u0438\u0434\u0435<\/p>\n<p data-start=\"1541\" data-end=\"1582\"><strong data-start=\"1541\" data-end=\"1582\">\u041f\u043e\u0447\u0435\u043c\u0443 \u0441\u0442\u043e\u0438\u0442 \u0432\u044b\u0431\u0440\u0430\u0442\u044c \u043a\u0440\u0435\u043c \u0441 \u0441\u043e\u043b\u0435\u043d\u043e\u0439 \u043a\u0430\u0440\u0430\u043c\u0435\u043b\u044c\u044e?<\/strong><\/p>\n<p data-start=\"1584\" data-end=\"1770\">\u2714 \u0421\u0431\u0430\u043b\u0430\u043d\u0441\u0438\u0440\u043e\u0432\u0430\u043d\u043d\u0430\u044f \u0441\u043b\u0430\u0434\u043e\u0441\u0442\u044c \u0441 \u043b\u0435\u0433\u043a\u043e\u0439 \u0441\u043e\u043b\u0435\u043d\u043e\u0441\u0442\u044c\u044e<br data-start=\"1622\" data-end=\"1625\" \/>\u2714 \u041a\u0440\u0435\u043c\u043e\u0432\u0430\u044f \u0438 \u043f\u0440\u0438\u044f\u0442\u043d\u0430\u044f \u0442\u0435\u043a\u0441\u0442\u0443\u0440\u0430<br data-start=\"1654\" data-end=\"1657\" \/>\u2714 \u041f\u043e\u0434\u0445\u043e\u0434\u0438\u0442 \u0434\u043b\u044f \u0434\u0435\u0441\u0435\u0440\u0442\u043e\u0432 \u0438 \u0437\u0430\u043a\u0443\u0441\u043e\u043a<br data-start=\"1696\" data-end=\"1699\" \/>\u2714 \u0411\u044b\u0441\u0442\u0440\u044b\u0439 \u0438\u0441\u0442\u043e\u0447\u043d\u0438\u043a \u044d\u043d\u0435\u0440\u0433\u0438\u0438<br data-start=\"1724\" data-end=\"1727\" \/>\u2714 \u0412\u043a\u0443\u0441\u043d\u0430\u044f \u0430\u043b\u044c\u0442\u0435\u0440\u043d\u0430\u0442\u0438\u0432\u0430 \u043a\u043b\u0430\u0441\u0441\u0438\u0447\u0435\u0441\u043a\u0438\u043c \u043a\u0440\u0435\u043c\u0430\u043c<\/p>\n<p data-start=\"1772\" data-end=\"1930\">\u042d\u0442\u043e\u0442 \u043a\u0440\u0435\u043c \u0441 \u0441\u043e\u043b\u0435\u043d\u043e\u0439 \u043a\u0430\u0440\u0430\u043c\u0435\u043b\u044c\u044e \u2014 \u0438\u0434\u0435\u0430\u043b\u044c\u043d\u044b\u0439 \u0432\u044b\u0431\u043e\u0440 \u0434\u043b\u044f \u0442\u0435\u0445, \u043a\u0442\u043e \u0438\u0449\u0435\u0442 \u0432\u043a\u0443\u0441\u043d\u044b\u0439, \u043f\u0440\u043e\u0441\u0442\u043e\u0439 \u0432 \u0438\u0441\u043f\u043e\u043b\u044c\u0437\u043e\u0432\u0430\u043d\u0438\u0438 \u043f\u0440\u043e\u0434\u0443\u043a\u0442, \u043f\u043e\u0434\u0445\u043e\u0434\u044f\u0449\u0438\u0439 \u0434\u043b\u044f \u0440\u0430\u0437\u043b\u0438\u0447\u043d\u044b\u0445 \u043a\u0443\u043b\u0438\u043d\u0430\u0440\u043d\u044b\u0445 \u0431\u043b\u044e\u0434.<\/p>\n<p data-start=\"1932\" data-end=\"1956\"><strong data-start=\"1932\" data-end=\"1956\">\u0423\u0441\u043b\u043e\u0432\u0438\u044f \u0445\u0440\u0430\u043d\u0435\u043d\u0438\u044f<\/strong><\/p>\n<p data-start=\"1958\" data-end=\"2079\">\u0425\u0440\u0430\u043d\u0438\u0442\u044c \u0432 \u043f\u0440\u043e\u0445\u043b\u0430\u0434\u043d\u043e\u043c, \u0441\u0443\u0445\u043e\u043c \u043c\u0435\u0441\u0442\u0435, \u0432\u0434\u0430\u043b\u0438 \u043e\u0442 \u0441\u0432\u0435\u0442\u0430. \u041f\u043e\u0441\u043b\u0435 \u043e\u0442\u043a\u0440\u044b\u0442\u0438\u044f \u0440\u0435\u043a\u043e\u043c\u0435\u043d\u0434\u0443\u0435\u0442\u0441\u044f \u043f\u043b\u043e\u0442\u043d\u043e \u0437\u0430\u043a\u0440\u044b\u0442\u044c \u0431\u0430\u043d\u043a\u0443.<\/p>\n<p data-start=\"2081\" data-end=\"2102\"><strong data-start=\"2081\" data-end=\"2102\">\u043a\u043b\u044e\u0447\u0435\u0432\u044b\u0435 \u0441\u043b\u043e\u0432\u0430 SEO<\/strong><\/p>\n<p data-start=\"2104\" data-end=\"2275\">\u043a\u0440\u0435\u043c \u0438\u0437 \u0441\u043e\u043b\u0435\u043d\u043e\u0439 \u043a\u0430\u0440\u0430\u043c\u0435\u043b\u0438, \u043a\u0430\u0440\u0430\u043c\u0435\u043b\u044c\u043d\u0430\u044f \u043f\u0430\u0441\u0442\u0430, \u043f\u0430\u0441\u0442\u0430 \u0438\u0437 \u0441\u043e\u043b\u0435\u043d\u043e\u0439 \u043a\u0430\u0440\u0430\u043c\u0435\u043b\u0438, \u043a\u0430\u0440\u0430\u043c\u0435\u043b\u044c\u043d\u044b\u0439 \u0434\u0436\u0435\u043c, \u0434\u0435\u0441\u0435\u0440\u0442 \u0438\u0437 \u0441\u043e\u043b\u0435\u043d\u043e\u0439 \u043a\u0430\u0440\u0430\u043c\u0435\u043b\u0438, \u043d\u0430\u0442\u0443\u0440\u0430\u043b\u044c\u043d\u044b\u0435 \u0441\u043b\u0430\u0434\u043a\u0438\u0435 \u0441\u043b\u0438\u0432\u043a\u0438, \u0442\u043e\u043f\u043f\u0438\u043d\u0433 \u0434\u043b\u044f \u0431\u043b\u0438\u043d\u043e\u0432, \u043a\u0430\u0440\u0430\u043c\u0435\u043b\u044c\u043d\u0430\u044f \u0437\u0430\u043a\u0443\u0441\u043a\u0430<\/p>","protected":false},"excerpt":{"rendered":"<p>Crem\u0103 cu caramel s\u0103rat 300 g \u2013 past\u0103 tartinabil\u0103 natural\u0103 \u0219i delicioas\u0103 Crema cu caramel s\u0103rat este o past\u0103 tartinabil\u0103<\/p>","protected":false},"featured_media":16027,"comment_status":"open","ping_status":"closed","template":"","meta":{"_acf_changed":false},"product_brand":[],"product_cat":[148,116],"product_tag":[],"class_list":{"0":"post-16018","1":"product","2":"type-product","3":"status-publish","4":"has-post-thumbnail","6":"product_cat-gustari","7":"product_cat-indulcitori-bio","9":"first","10":"instock","11":"shipping-taxable","12":"purchasable","13":"product-type-simple"},"acf":[],"_links":{"self":[{"href":"https:\/\/biomed.md\/ru\/wp-json\/wp\/v2\/product\/16018","targetHints":{"allow":["GET"]}}],"collection":[{"href":"https:\/\/biomed.md\/ru\/wp-json\/wp\/v2\/product"}],"about":[{"href":"https:\/\/biomed.md\/ru\/wp-json\/wp\/v2\/types\/product"}],"replies":[{"embeddable":true,"href":"https:\/\/biomed.md\/ru\/wp-json\/wp\/v2\/comments?post=16018"}],"version-history":[{"count":2,"href":"https:\/\/biomed.md\/ru\/wp-json\/wp\/v2\/product\/16018\/revisions"}],"predecessor-version":[{"id":16029,"href":"https:\/\/biomed.md\/ru\/wp-json\/wp\/v2\/product\/16018\/revisions\/16029"}],"wp:featuredmedia":[{"embeddable":true,"href":"https:\/\/biomed.md\/ru\/wp-json\/wp\/v2\/media\/16027"}],"wp:attachment":[{"href":"https:\/\/biomed.md\/ru\/wp-json\/wp\/v2\/media?parent=16018"}],"wp:term":[{"taxonomy":"product_brand","embeddable":true,"href":"https:\/\/biomed.md\/ru\/wp-json\/wp\/v2\/product_brand?post=16018"},{"taxonomy":"product_cat","embeddable":true,"href":"https:\/\/biomed.md\/ru\/wp-json\/wp\/v2\/product_cat?post=16018"},{"taxonomy":"product_tag","embeddable":true,"href":"https:\/\/biomed.md\/ru\/wp-json\/wp\/v2\/product_tag?post=16018"}],"curies":[{"name":"wp","href":"https:\/\/api.w.org\/{rel}","templated":true}]}}