{"id":16003,"date":"2026-03-17T10:34:15","date_gmt":"2026-03-17T10:34:15","guid":{"rendered":"https:\/\/biomed.md\/?post_type=product&#038;p=16003"},"modified":"2026-03-17T10:34:15","modified_gmt":"2026-03-17T10:34:15","slug":"crema-de-arahide-cu-cacao","status":"publish","type":"product","link":"https:\/\/biomed.md\/ru\/product\/crema-de-arahide-cu-cacao\/","title":{"rendered":"\u0410\u0440\u0430\u0445\u0438\u0441\u043e\u0432\u043e\u0435 \u043c\u0430\u0441\u043b\u043e \u0441 \u043a\u0430\u043a\u0430\u043e, 300 \u0433"},"content":{"rendered":"<p data-start=\"131\" data-end=\"209\"><strong data-start=\"131\" data-end=\"209\">\u0410\u0440\u0430\u0445\u0438\u0441\u043e\u0432\u0430\u044f \u043f\u0430\u0441\u0442\u0430 \u0441 \u043a\u0430\u043a\u0430\u043e, 300 \u0433 \u2013 \u043d\u0430\u0442\u0443\u0440\u0430\u043b\u044c\u043d\u0430\u044f \u0438 \u0432\u043a\u0443\u0441\u043d\u0430\u044f<\/strong><\/p>\n<p data-start=\"211\" data-end=\"505\">\u0410\u0440\u0430\u0445\u0438\u0441\u043e\u0432\u0430\u044f \u043f\u0430\u0441\u0442\u0430 \u0441 \u043a\u0430\u043a\u0430\u043e \u2014 \u044d\u0442\u043e \u043d\u0435\u0436\u043d\u0430\u044f \u0438 \u0430\u0440\u043e\u043c\u0430\u0442\u043d\u0430\u044f \u043c\u0430\u0441\u0441\u0430, \u0438\u0437\u0433\u043e\u0442\u043e\u0432\u043b\u0435\u043d\u043d\u0430\u044f \u0438\u0437 \u043a\u0430\u0447\u0435\u0441\u0442\u0432\u0435\u043d\u043d\u044b\u0445 \u0438\u043d\u0433\u0440\u0435\u0434\u0438\u0435\u043d\u0442\u043e\u0432, \u043a\u043e\u0442\u043e\u0440\u0430\u044f \u0441\u043e\u0447\u0435\u0442\u0430\u0435\u0442 \u0432 \u0441\u0435\u0431\u0435 \u043d\u0430\u0441\u044b\u0449\u0435\u043d\u043d\u044b\u0439 \u0432\u043a\u0443\u0441 \u043a\u0430\u043a\u0430\u043e \u0438 \u0431\u043e\u0433\u0430\u0442\u044b\u0439 \u0430\u0440\u043e\u043c\u0430\u0442 \u0430\u0440\u0430\u0445\u0438\u0441\u0430. \u042d\u0442\u043e \u0438\u0434\u0435\u0430\u043b\u044c\u043d\u044b\u0439 \u0432\u044b\u0431\u043e\u0440 \u0434\u043b\u044f \u0432\u043a\u0443\u0441\u043d\u043e\u0433\u043e \u0437\u0430\u0432\u0442\u0440\u0430\u043a\u0430 \u0438\u043b\u0438 \u0441\u043b\u0430\u0434\u043a\u043e\u0433\u043e \u043f\u0435\u0440\u0435\u043a\u0443\u0441\u0430, \u0434\u0430\u0440\u044f\u0449\u0438\u0439 \u044d\u043d\u0435\u0440\u0433\u0438\u044e \u0438 \u0443\u0434\u043e\u0432\u043e\u043b\u044c\u0441\u0442\u0432\u0438\u0435 \u0441 \u043a\u0430\u0436\u0434\u043e\u0439 \u043b\u043e\u0436\u043a\u043e\u0439<\/p>\n<p data-start=\"507\" data-end=\"631\">\u0411\u043b\u0430\u0433\u043e\u0434\u0430\u0440\u044f \u043a\u0440\u0435\u043c\u043e\u0432\u043e\u0439 \u0442\u0435\u043a\u0441\u0442\u0443\u0440\u0435 \u0438 \u0441\u0431\u0430\u043b\u0430\u043d\u0441\u0438\u0440\u043e\u0432\u0430\u043d\u043d\u043e\u043c\u0443 \u0432\u043a\u0443\u0441\u0443 \u044d\u0442\u043e\u0442 \u043a\u0440\u0435\u043c \u044f\u0432\u043b\u044f\u0435\u0442\u0441\u044f \u043e\u0442\u043b\u0438\u0447\u043d\u043e\u0439 \u0430\u043b\u044c\u0442\u0435\u0440\u043d\u0430\u0442\u0438\u0432\u043e\u0439 \u043a\u043b\u0430\u0441\u0441\u0438\u0447\u0435\u0441\u043a\u0438\u043c \u043a\u043e\u043c\u043c\u0435\u0440\u0447\u0435\u0441\u043a\u0438\u043c \u043f\u0440\u043e\u0434\u0443\u043a\u0442\u0430\u043c<\/p>\n<p data-start=\"633\" data-end=\"646\"><strong data-start=\"633\" data-end=\"646\">\u041f\u0420\u0415\u0418\u041c\u0423\u0429\u0415\u0421\u0422\u0412\u0410<\/strong><\/p>\n<p data-start=\"648\" data-end=\"1218\">\u2714 \u0411\u044b\u0441\u0442\u0440\u044b\u0439 \u0438\u0441\u0442\u043e\u0447\u043d\u0438\u043a \u044d\u043d\u0435\u0440\u0433\u0438\u0438 \u2013 \u0438\u0434\u0435\u0430\u043b\u044c\u043d\u043e \u043f\u043e\u0434\u0445\u043e\u0434\u0438\u0442 \u0434\u043b\u044f \u0443\u0442\u0440\u0430 \u0438\u043b\u0438 \u043f\u0435\u0440\u0435\u043a\u0443\u0441\u0430<br data-start=\"711\" data-end=\"714\" \/>\u2714 \u0411\u043e\u0433\u0430\u0442 \u043f\u043e\u043b\u0435\u0437\u043d\u044b\u043c\u0438 \u0436\u0438\u0440\u0430\u043c\u0438 \u2013 \u043f\u043e\u0434\u0434\u0435\u0440\u0436\u0438\u0432\u0430\u0435\u0442 \u0437\u0434\u043e\u0440\u043e\u0432\u044c\u0435 \u0441\u0435\u0440\u0434\u0446\u0430<br data-start=\"770\" data-end=\"773\" \/>\u2714 \u0421\u043e\u0434\u0435\u0440\u0436\u0438\u0442 \u043d\u0430\u0442\u0443\u0440\u0430\u043b\u044c\u043d\u044b\u0435 \u0430\u043d\u0442\u0438\u043e\u043a\u0441\u0438\u0434\u0430\u043d\u0442\u044b \u2013 \u043a\u0430\u043a\u0430\u043e \u043f\u043e\u043c\u043e\u0433\u0430\u0435\u0442 \u0437\u0430\u0449\u0438\u0442\u0438\u0442\u044c \u043a\u043b\u0435\u0442\u043a\u0438<br data-start=\"841\" data-end=\"844\" \/>\u2714 \u041f\u043e\u0442\u0440\u0435\u0431\u043b\u0435\u043d\u0438\u0435 \u0440\u0430\u0441\u0442\u0438\u0442\u0435\u043b\u044c\u043d\u043e\u0433\u043e \u0431\u0435\u043b\u043a\u0430 \u0441\u043f\u043e\u0441\u043e\u0431\u0441\u0442\u0432\u0443\u0435\u0442 \u043f\u043e\u0434\u0434\u0435\u0440\u0436\u0430\u043d\u0438\u044e \u043c\u044b\u0448\u0435\u0447\u043d\u043e\u0439 \u043c\u0430\u0441\u0441\u044b<br data-start=\"915\" data-end=\"918\" \/>\u2714 \u041f\u043e\u0434\u0434\u0435\u0440\u0436\u0438\u0432\u0430\u0435\u0442 \u0440\u0430\u0431\u043e\u0442\u0443 \u043c\u043e\u0437\u0433\u0430 \u2013 \u0441\u043e\u0434\u0435\u0440\u0436\u0438\u0442 \u0432\u0430\u0436\u043d\u044b\u0435 \u043f\u0438\u0442\u0430\u0442\u0435\u043b\u044c\u043d\u044b\u0435 \u0432\u0435\u0449\u0435\u0441\u0442\u0432\u0430, \u0442\u0430\u043a\u0438\u0435 \u043a\u0430\u043a \u0430\u0440\u0430\u0445\u0438\u0441<br data-start=\"986\" data-end=\"989\" \/>\u2714 \u041d\u0430\u0441\u044b\u0449\u0435\u043d\u043d\u044b\u0439 \u0438 \u043d\u0430\u0442\u0443\u0440\u0430\u043b\u044c\u043d\u044b\u0439 \u0432\u043a\u0443\u0441 \u2013 \u0441\u0431\u0430\u043b\u0430\u043d\u0441\u0438\u0440\u043e\u0432\u0430\u043d\u043d\u043e\u0435 \u0441\u043e\u0447\u0435\u0442\u0430\u043d\u0438\u0435 \u0430\u0440\u0430\u0445\u0438\u0441\u0430 \u0438 \u043a\u0430\u043a\u0430\u043e<br data-start=\"1054\" data-end=\"1057\" \/>\u2714 \u0410\u043b\u044c\u0442\u0435\u0440\u043d\u0430\u0442\u0438\u0432\u0430 \u043a\u043b\u0430\u0441\u0441\u0438\u0447\u0435\u0441\u043a\u0438\u043c \u043a\u0440\u0435\u043c\u0430\u043c \u2013 \u0431\u043e\u043b\u0435\u0435 \u0441\u0431\u0430\u043b\u0430\u043d\u0441\u0438\u0440\u043e\u0432\u0430\u043d\u043d\u044b\u0439 \u0432\u0430\u0440\u0438\u0430\u043d\u0442<br data-start=\"1115\" data-end=\"1118\" \/>\u2714 \u041f\u043e\u0434\u0445\u043e\u0434\u0438\u0442 \u0434\u043b\u044f \u0432\u0441\u0435\u0439 \u0441\u0435\u043c\u044c\u0438<br data-start=\"1153\" data-end=\"1156\" \/>\u2714 \u0423\u043d\u0438\u0432\u0435\u0440\u0441\u0430\u043b\u044c\u043d\u044b\u0439 \u2013 \u0438\u0434\u0435\u0430\u043b\u044c\u043d\u043e \u043f\u043e\u0434\u0445\u043e\u0434\u0438\u0442 \u0434\u043b\u044f \u0437\u0430\u0432\u0442\u0440\u0430\u043a\u0430, \u0434\u0435\u0441\u0435\u0440\u0442\u043e\u0432 \u0438\u043b\u0438 \u043f\u0435\u0440\u0435\u043a\u0443\u0441\u043e\u0432<\/p>\n<p data-start=\"1220\" data-end=\"1235\"><strong data-start=\"1220\" data-end=\"1235\">\u0438\u043d\u0433\u0440\u0435\u0434\u0438\u0435\u043d\u0442\u044b<\/strong><\/p>\n<p data-start=\"1237\" data-end=\"1330\">\u0430\u0440\u0430\u0445\u0438\u0441\u043e\u0432\u043e\u0435 \u043c\u0430\u0441\u043b\u043e, \u043a\u0430\u043a\u0430\u043e, \u043d\u0430\u0442\u0443\u0440\u0430\u043b\u044c\u043d\u044b\u0439 \u043f\u043e\u0434\u0441\u043b\u0430\u0441\u0442\u0438\u0442\u0435\u043b\u044c (\u0432 \u0437\u0430\u0432\u0438\u0441\u0438\u043c\u043e\u0441\u0442\u0438 \u043e\u0442 \u0440\u0435\u0446\u0435\u043f\u0442\u0430), \u043d\u0430\u0442\u0443\u0440\u0430\u043b\u044c\u043d\u044b\u0435 \u0440\u0430\u0441\u0442\u0438\u0442\u0435\u043b\u044c\u043d\u044b\u0435 \u043c\u0430\u0441\u043b\u0430<\/p>\n<p data-start=\"1332\" data-end=\"1377\"><strong data-start=\"1332\" data-end=\"1377\">\u041f\u0438\u0449\u0435\u0432\u0430\u044f \u0446\u0435\u043d\u043d\u043e\u0441\u0442\u044c (\u043f\u0440\u0438\u0431\u043b\u0438\u0437\u0438\u0442\u0435\u043b\u044c\u043d\u043e \/ 100 \u0433)<\/strong><\/p>\n<p data-start=\"1379\" data-end=\"1468\">\u042d\u043d\u0435\u0440\u0433\u0435\u0442\u0438\u0447\u0435\u0441\u043a\u0430\u044f \u0446\u0435\u043d\u043d\u043e\u0441\u0442\u044c: ~550\u2013600 \u043a\u043a\u0430\u043b<br data-start=\"1401\" data-end=\"1404\" \/>\u0431\u0435\u043b\u043e\u043a: ~8\u201312 \u0433<br data-start=\"1421\" data-end=\"1424\" \/>\u0436\u0438\u0440\u044b: ~40\u201350 \u0433<br data-start=\"1441\" data-end=\"1444\" \/>\u0443\u0433\u043b\u0435\u0432\u043e\u0434\u043e\u0432: ~30\u201340 \u0433<\/p>\n<p data-start=\"1470\" data-end=\"1487\"><strong data-start=\"1470\" data-end=\"1487\">\u0420\u0435\u0436\u0438\u043c \u043f\u043e\u0442\u0440\u0435\u0431\u043b\u0435\u043d\u0438\u044f<\/strong><\/p>\n<p data-start=\"1489\" data-end=\"1526\">\u0415\u0435 \u043c\u043e\u0436\u043d\u043e \u0443\u043f\u043e\u0442\u0440\u0435\u0431\u043b\u044f\u0442\u044c \u0440\u0430\u0437\u043b\u0438\u0447\u043d\u044b\u043c\u0438 \u0441\u043f\u043e\u0441\u043e\u0431\u0430\u043c\u0438:<\/p>\n<p data-start=\"1528\" data-end=\"1662\">\u2022 \u043d\u0430 \u0445\u043b\u0435\u0431\u0435 \u0438\u043b\u0438 \u0442\u043e\u0441\u0442\u0435<br data-start=\"1548\" data-end=\"1551\" \/>\u2022 \u0432 \u0431\u043b\u0438\u043d\u0430\u0445 \u0438\u043b\u0438 \u0432\u0430\u0444\u043b\u044f\u0445<br data-start=\"1574\" data-end=\"1577\" \/>\u2022 \u0432 \u043a\u0430\u0448\u0435 \u0438\u043b\u0438 \u0441\u043c\u0443\u0437\u0438<br data-start=\"1607\" data-end=\"1610\" \/>\u2022 \u0432 \u043a\u0430\u0447\u0435\u0441\u0442\u0432\u0435 \u0443\u043a\u0440\u0430\u0448\u0435\u043d\u0438\u044f \u0434\u043b\u044f \u0434\u0435\u0441\u0435\u0440\u0442\u043e\u0432<br data-start=\"1639\" data-end=\"1642\" \/>\u2022 \u0443\u043f\u043e\u0442\u0440\u0435\u0431\u043b\u044f\u043b\u0441\u044f \u0432 \u0447\u0438\u0441\u0442\u043e\u043c \u0432\u0438\u0434\u0435<\/p>\n<p data-start=\"1664\" data-end=\"1708\"><strong data-start=\"1664\" data-end=\"1708\">\u041f\u043e\u0447\u0435\u043c\u0443 \u0441\u0442\u043e\u0438\u0442 \u0432\u044b\u0431\u0440\u0430\u0442\u044c \u0430\u0440\u0430\u0445\u0438\u0441\u043e\u0432\u043e\u0435 \u043c\u0430\u0441\u043b\u043e \u0441 \u043a\u0430\u043a\u0430\u043e?<\/strong><\/p>\n<p data-start=\"1710\" data-end=\"1893\">\u2714 \u041d\u0435\u0436\u043d\u0430\u044f \u0438 \u043a\u0440\u0435\u043c\u043e\u0432\u0430\u044f \u0442\u0435\u043a\u0441\u0442\u0443\u0440\u0430<br data-start=\"1736\" data-end=\"1739\" \/>\u2714 \u041d\u0430\u0441\u044b\u0449\u0435\u043d\u043d\u044b\u0439 \u0432\u043a\u0443\u0441 \u0430\u0440\u0430\u0445\u0438\u0441\u0430 \u0438 \u043a\u0430\u043a\u0430\u043e<br data-start=\"1771\" data-end=\"1774\" \/>\u2714 \u043f\u0440\u0438\u0440\u043e\u0434\u043d\u044b\u0439 \u0438\u0441\u0442\u043e\u0447\u043d\u0438\u043a \u044d\u043d\u0435\u0440\u0433\u0438\u0438<br data-start=\"1801\" data-end=\"1804\" \/>\u2714 \u041f\u043e\u0434\u0445\u043e\u0434\u0438\u0442 \u0434\u043b\u044f \u0441\u0431\u0430\u043b\u0430\u043d\u0441\u0438\u0440\u043e\u0432\u0430\u043d\u043d\u043e\u0433\u043e \u043e\u0431\u0440\u0430\u0437\u0430 \u0436\u0438\u0437\u043d\u0438<br data-start=\"1850\" data-end=\"1853\" \/>\u2714 \u0418\u0434\u0435\u0430\u043b\u044c\u043d\u043e \u043f\u043e\u0434\u0445\u043e\u0434\u0438\u0442 \u0434\u043b\u044f \u0437\u0430\u0432\u0442\u0440\u0430\u043a\u0430 \u0438 \u0434\u0435\u0441\u0435\u0440\u0442\u043e\u0432<\/p>\n<p data-start=\"1895\" data-end=\"2046\">\u042d\u0442\u043e \u0430\u0440\u0430\u0445\u0438\u0441\u043e\u0432\u043e\u0435 \u043c\u0430\u0441\u043b\u043e \u0441 \u043a\u0430\u043a\u0430\u043e \u2014 \u0438\u0434\u0435\u0430\u043b\u044c\u043d\u044b\u0439 \u0432\u044b\u0431\u043e\u0440 \u0434\u043b\u044f \u0442\u0435\u0445, \u043a\u0442\u043e \u0438\u0449\u0435\u0442 \u0432\u043a\u0443\u0441\u043d\u044b\u0439, \u0441\u0431\u0430\u043b\u0430\u043d\u0441\u0438\u0440\u043e\u0432\u0430\u043d\u043d\u044b\u0439 \u043f\u0440\u043e\u0434\u0443\u043a\u0442, \u043a\u043e\u0442\u043e\u0440\u044b\u0439 \u043b\u0435\u0433\u043a\u043e \u0432\u043a\u043b\u044e\u0447\u0438\u0442\u044c \u0432 \u0441\u0432\u043e\u0439 \u0435\u0436\u0435\u0434\u043d\u0435\u0432\u043d\u044b\u0439 \u0440\u0430\u0446\u0438\u043e\u043d<\/p>\n<p data-start=\"2048\" data-end=\"2072\"><strong data-start=\"2048\" data-end=\"2072\">\u0423\u0441\u043b\u043e\u0432\u0438\u044f \u0445\u0440\u0430\u043d\u0435\u043d\u0438\u044f<\/strong><\/p>\n<p data-start=\"2074\" data-end=\"2193\">\u0425\u0440\u0430\u043d\u0438\u0442\u044c \u0432 \u043f\u0440\u043e\u0445\u043b\u0430\u0434\u043d\u043e\u043c, \u0441\u0443\u0445\u043e\u043c \u043c\u0435\u0441\u0442\u0435, \u0432\u0434\u0430\u043b\u0438 \u043e\u0442 \u0441\u0432\u0435\u0442\u0430. \u041f\u043e\u0441\u043b\u0435 \u043e\u0442\u043a\u0440\u044b\u0442\u0438\u044f \u0440\u0435\u043a\u043e\u043c\u0435\u043d\u0434\u0443\u0435\u0442\u0441\u044f \u043f\u043b\u043e\u0442\u043d\u043e \u0437\u0430\u043a\u0440\u044b\u0442\u044c \u0431\u0430\u043d\u043a\u0443<\/p>\n<p data-start=\"2195\" data-end=\"2216\"><strong data-start=\"2195\" data-end=\"2216\">\u043a\u043b\u044e\u0447\u0435\u0432\u044b\u0435 \u0441\u043b\u043e\u0432\u0430 SEO<\/strong><\/p>\n<p data-start=\"2218\" data-end=\"2420\">\u0430\u0440\u0430\u0445\u0438\u0441\u043e\u0432\u043e\u0435 \u043c\u0430\u0441\u043b\u043e \u0441 \u043a\u0430\u043a\u0430\u043e, \u0430\u0440\u0430\u0445\u0438\u0441\u043e\u0432\u0430\u044f \u043f\u0430\u0441\u0442\u0430, \u0430\u0440\u0430\u0445\u0438\u0441\u043e\u0432\u0430\u044f \u043f\u0430\u0441\u0442\u0430 \u0441 \u043a\u0430\u043a\u0430\u043e, \u043f\u043e\u043b\u0435\u0437\u043d\u044b\u0435 \u0441\u043b\u0430\u0434\u043a\u0438\u0435 \u0441\u043b\u0438\u0432\u043a\u0438, \u0430\u0440\u0430\u0445\u0438\u0441\u043e\u0432\u043e\u0435 \u043c\u0430\u0441\u043b\u043e \u0441 \u043a\u0430\u043a\u0430\u043e, \u043a\u0440\u0435\u043c \u0434\u043b\u044f \u0431\u043b\u0438\u043d\u043e\u0432, \u043d\u0430\u0442\u0443\u0440\u0430\u043b\u044c\u043d\u0430\u044f \u043f\u0430\u0441\u0442\u0430, \u0434\u0435\u0441\u0435\u0440\u0442 \u0438\u0437 \u0430\u0440\u0430\u0445\u0438\u0441\u0430 \u0438 \u043a\u0430\u043a\u0430\u043e<\/p>","protected":false},"excerpt":{"rendered":"<p>Crem\u0103 de arahide cu cacao 300 g \u2013 past\u0103 tartinabil\u0103 natural\u0103 \u0219i delicioas\u0103 Crema de arahide cu cacao este o<\/p>","protected":false},"featured_media":16006,"comment_status":"open","ping_status":"closed","template":"","meta":{"_acf_changed":false},"product_brand":[],"product_cat":[148,116,118],"product_tag":[],"class_list":{"0":"post-16003","1":"product","2":"type-product","3":"status-publish","4":"has-post-thumbnail","6":"product_cat-gustari","7":"product_cat-indulcitori-bio","8":"product_cat-nuci-si-fructe-uscate-bio","10":"first","11":"instock","12":"shipping-taxable","13":"purchasable","14":"product-type-simple"},"acf":[],"_links":{"self":[{"href":"https:\/\/biomed.md\/ru\/wp-json\/wp\/v2\/product\/16003","targetHints":{"allow":["GET"]}}],"collection":[{"href":"https:\/\/biomed.md\/ru\/wp-json\/wp\/v2\/product"}],"about":[{"href":"https:\/\/biomed.md\/ru\/wp-json\/wp\/v2\/types\/product"}],"replies":[{"embeddable":true,"href":"https:\/\/biomed.md\/ru\/wp-json\/wp\/v2\/comments?post=16003"}],"version-history":[{"count":1,"href":"https:\/\/biomed.md\/ru\/wp-json\/wp\/v2\/product\/16003\/revisions"}],"predecessor-version":[{"id":16007,"href":"https:\/\/biomed.md\/ru\/wp-json\/wp\/v2\/product\/16003\/revisions\/16007"}],"wp:featuredmedia":[{"embeddable":true,"href":"https:\/\/biomed.md\/ru\/wp-json\/wp\/v2\/media\/16006"}],"wp:attachment":[{"href":"https:\/\/biomed.md\/ru\/wp-json\/wp\/v2\/media?parent=16003"}],"wp:term":[{"taxonomy":"product_brand","embeddable":true,"href":"https:\/\/biomed.md\/ru\/wp-json\/wp\/v2\/product_brand?post=16003"},{"taxonomy":"product_cat","embeddable":true,"href":"https:\/\/biomed.md\/ru\/wp-json\/wp\/v2\/product_cat?post=16003"},{"taxonomy":"product_tag","embeddable":true,"href":"https:\/\/biomed.md\/ru\/wp-json\/wp\/v2\/product_tag?post=16003"}],"curies":[{"name":"wp","href":"https:\/\/api.w.org\/{rel}","templated":true}]}}