{"id":15508,"date":"2026-02-06T10:00:13","date_gmt":"2026-02-06T10:00:13","guid":{"rendered":"https:\/\/biomed.md\/?post_type=product&#038;p=15508"},"modified":"2026-04-01T12:23:38","modified_gmt":"2026-04-01T12:23:38","slug":"scaun-toaleta-wc-xxl","status":"publish","type":"product","link":"https:\/\/biomed.md\/ru\/product\/scaun-toaleta-wc-xxl\/","title":{"rendered":"\u0421\u0442\u0443\u043b \u0442\u0443\u0430\u043b\u0435\u0442 XXL"},"content":{"rendered":"<p data-start=\"99\" data-end=\"181\"><strong data-start=\"99\" data-end=\"181\">\u0421\u0442\u0443\u043b \u0442\u0443\u0430\u043b\u0435\u0442 XXL<\/strong><\/p>\n<p data-start=\"183\" data-end=\"462\">\u041f\u0440\u043e\u0444\u0435\u0441\u0441\u0438\u043e\u043d\u0430\u043b\u044c\u043d\u043e\u0435 \u043c\u0435\u0434\u0438\u0446\u0438\u043d\u0441\u043a\u043e\u0435 \u0443\u0441\u0442\u0440\u043e\u0439\u0441\u0442\u0432\u043e, \u043f\u0440\u0435\u0434\u043d\u0430\u0437\u043d\u0430\u0447\u0435\u043d\u043d\u043e\u0435 \u0434\u043b\u044f \u043b\u044e\u0434\u0435\u0439 \u0441 \u0438\u0437\u0431\u044b\u0442\u043e\u0447\u043d\u044b\u043c \u0432\u0435\u0441\u043e\u043c \u0438\u043b\u0438 \u043e\u0433\u0440\u0430\u043d\u0438\u0447\u0435\u043d\u043d\u043e\u0439 \u043f\u043e\u0434\u0432\u0438\u0436\u043d\u043e\u0441\u0442\u044c\u044e, \u043d\u0443\u0436\u0434\u0430\u044e\u0449\u0438\u0445\u0441\u044f <strong data-start=\"308\" data-end=\"368\">\u0432 \u0447\u0440\u0435\u0437\u0432\u044b\u0447\u0430\u0439\u043d\u043e \u043f\u0440\u043e\u0447\u043d\u043e\u043c, \u0443\u0441\u0442\u043e\u0439\u0447\u0438\u0432\u043e\u043c \u0438 \u0443\u0434\u043e\u0431\u043d\u044b\u043c \u0441\u0442\u0443\u043b\u0435 \u0442\u0443\u0430\u043b\u0435\u0442.<\/strong>\u041e\u0431\u0435\u0441\u043f\u0435\u0447\u0438\u0432\u0430\u0435\u0442 \u0431\u0435\u0437\u043e\u043f\u0430\u0441\u043d\u043e\u0441\u0442\u044c \u043f\u0440\u0438 \u0435\u0436\u0435\u0434\u043d\u0435\u0432\u043d\u043e\u043c \u0438\u0441\u043f\u043e\u043b\u044c\u0437\u043e\u0432\u0430\u043d\u0438\u0438 \u0432 \u0434\u043e\u043c\u0430\u0448\u043d\u0438\u0445 \u0443\u0441\u043b\u043e\u0432\u0438\u044f\u0445, \u0432 \u0446\u0435\u043d\u0442\u0440\u0430\u0445 \u043f\u043e \u0443\u0445\u043e\u0434\u0443 \u0438\u043b\u0438 \u0432 \u043f\u0440\u043e\u0446\u0435\u0441\u0441\u0435 \u0440\u0435\u0430\u0431\u0438\u043b\u0438\u0442\u0430\u0446\u0438\u0438.<\/p>\n<p data-start=\"464\" data-end=\"548\">\u041f\u0440\u043e\u0447\u043d\u0430\u044f \u043a\u043e\u043d\u0441\u0442\u0440\u0443\u043a\u0446\u0438\u044f \u0438 \u0432\u043c\u0435\u0441\u0442\u0438\u0442\u0435\u043b\u044c\u043d\u043e\u0441\u0442\u044c \u044f\u0432\u043d\u043e \u043e\u0442\u043b\u0438\u0447\u0430\u044e\u0442 \u0435\u0433\u043e \u043e\u0442 \u0441\u0442\u0430\u043d\u0434\u0430\u0440\u0442\u043d\u044b\u0445 \u043c\u043e\u0434\u0435\u043b\u0435\u0439<\/p>\n<p data-start=\"550\" data-end=\"581\"><strong data-start=\"550\" data-end=\"581\">\u041f\u0440\u0435\u0438\u043c\u0443\u0449\u0435\u0441\u0442\u0432\u0430 \u0434\u043b\u044f \u043f\u043e\u043b\u044c\u0437\u043e\u0432\u0430\u0442\u0435\u043b\u044f<\/strong><\/p>\n<p data-start=\"583\" data-end=\"968\">\u2022 \u041e\u0431\u0435\u0441\u043f\u0435\u0447\u0438\u0432\u0430\u0435\u0442 \u0431\u0435\u0437\u043e\u043f\u0430\u0441\u043d\u043e\u0435 \u0438\u0441\u043f\u043e\u043b\u044c\u0437\u043e\u0432\u0430\u043d\u0438\u0435 \u0442\u0443\u0430\u043b\u0435\u0442\u0430 \u0434\u043b\u044f \u043b\u044e\u0434\u0435\u0439 \u0441 \u043e\u0433\u0440\u0430\u043d\u0438\u0447\u0435\u043d\u043d\u043e\u0439 \u043f\u043e\u0434\u0432\u0438\u0436\u043d\u043e\u0441\u0442\u044c\u044e<br data-start=\"662\" data-end=\"665\" \/>\u2022 \u0421\u043d\u0438\u0436\u0430\u0435\u0442 \u0443\u0441\u0438\u043b\u0438\u044f, \u043f\u0440\u0438\u043b\u0430\u0433\u0430\u0435\u043c\u044b\u0435 \u043b\u0438\u0446\u043e\u043c, \u043e\u0441\u0443\u0449\u0435\u0441\u0442\u0432\u043b\u044f\u044e\u0449\u0438\u043c \u0443\u0445\u043e\u0434, \u043f\u0440\u0438 \u043f\u0435\u0440\u0435\u043c\u0435\u0449\u0435\u043d\u0438\u0438 \u043f\u0430\u0446\u0438\u0435\u043d\u0442\u0430<br data-start=\"721\" data-end=\"724\" \/>\u2022 \u041e\u0431\u0435\u0441\u043f\u0435\u0447\u0438\u0432\u0430\u0435\u0442 \u043c\u0430\u043a\u0441\u0438\u043c\u0430\u043b\u044c\u043d\u0443\u044e \u0443\u0441\u0442\u043e\u0439\u0447\u0438\u0432\u043e\u0441\u0442\u044c \u0431\u043b\u0430\u0433\u043e\u0434\u0430\u0440\u044f \u0443\u0441\u0438\u043b\u0435\u043d\u043d\u043e\u0439 \u043a\u043e\u043d\u0441\u0442\u0440\u0443\u043a\u0446\u0438\u0438<br data-start=\"779\" data-end=\"782\" \/>\u2022 \u041e\u0431\u0435\u0441\u043f\u0435\u0447\u0438\u0432\u0430\u0435\u0442 \u043f\u043e\u0432\u044b\u0448\u0435\u043d\u043d\u044b\u0439 \u043a\u043e\u043c\u0444\u043e\u0440\u0442 \u0431\u043b\u0430\u0433\u043e\u0434\u0430\u0440\u044f \u0448\u0438\u0440\u043e\u043a\u043e\u043c\u0443 \u0441\u0438\u0434\u0435\u043d\u044c\u044e \u0438 \u043f\u043e\u0434\u0434\u0435\u0440\u0436\u0438\u0432\u0430\u044e\u0449\u0435\u0439 \u0441\u043f\u0438\u043d\u043a\u0435<br data-start=\"844\" data-end=\"847\" \/>\u2022 \u041e\u0431\u043b\u0435\u0433\u0447\u0430\u0435\u0442 \u043f\u043e\u0434\u044a\u0435\u043c \u0438 \u043f\u0435\u0440\u0435\u043c\u0435\u0449\u0435\u043d\u0438\u0435 \u0431\u043b\u0430\u0433\u043e\u0434\u0430\u0440\u044f \u043e\u043f\u043e\u0440\u043d\u044b\u043c \u0440\u0443\u0447\u043a\u0430\u043c<br data-start=\"917\" data-end=\"920\" \/>\u2022 \u041f\u043e\u0434\u0445\u043e\u0434\u0438\u0442 \u0434\u043b\u044f \u0447\u0430\u0441\u0442\u043e\u0433\u043e \u0435\u0436\u0435\u0434\u043d\u0435\u0432\u043d\u043e\u0433\u043e \u0438\u0441\u043f\u043e\u043b\u044c\u0437\u043e\u0432\u0430\u043d\u0438\u044f<\/p>\n<p data-start=\"970\" data-end=\"1011\"><strong data-start=\"970\" data-end=\"1011\">\u0413\u043b\u0430\u0432\u043d\u043e\u0435 \u043f\u0440\u0435\u0438\u043c\u0443\u0449\u0435\u0441\u0442\u0432\u043e \u2014 \u043b\u0451\u0433\u043a\u0438\u0439 \u0431\u043e\u043a\u043e\u0432\u043e\u0439 \u043f\u0435\u0440\u0435\u0441\u0430\u0434\u043e\u0447\u043d\u044b\u0439 \u043c\u0435\u0445\u0430\u043d\u0438\u0437\u043c<\/strong><\/p>\n<p data-start=\"1013\" data-end=\"1237\">\u2022 \u041e\u043f\u043e\u0440\u043d\u044b\u0435 \u0440\u0443\u0447\u043a\u0438 <strong data-start=\"1037\" data-end=\"1063\">\u043e\u0442\u043a\u0438\u0434\u044b\u0432\u0430\u044e\u0442\u0441\u044f \u0431\u0435\u0437 \u0438\u043d\u0441\u0442\u0440\u0443\u043c\u0435\u043d\u0442\u043e\u0432<\/strong>\u043e\u0431\u043b\u0435\u0433\u0447\u0430\u044f \u043f\u0440\u044f\u043c\u0443\u044e \u043f\u0435\u0440\u0435\u0441\u0430\u0434\u043a\u0443 \u0438\u0437 \u0438\u043d\u0432\u0430\u043b\u0438\u0434\u043d\u043e\u0439 \u043a\u043e\u043b\u044f\u0441\u043a\u0438<br data-start=\"1110\" data-end=\"1113\" \/>\u2022 \u0421\u043d\u0438\u0436\u0430\u0435\u0442 \u0440\u0438\u0441\u043a \u043f\u0430\u0434\u0435\u043d\u0438\u044f \u043f\u0440\u0438 \u043f\u0435\u0440\u0435\u043c\u0435\u0449\u0435\u043d\u0438\u0438 \u043f\u0430\u0446\u0438\u0435\u043d\u0442\u0430<br data-start=\"1168\" data-end=\"1171\" \/>\u2022 \u041e\u0431\u0435\u0441\u043f\u0435\u0447\u0438\u0432\u0430\u0435\u0442 \u0431\u043e\u043a\u043e\u0432\u043e\u0439 \u0434\u043e\u0441\u0442\u0443\u043f \u0434\u043b\u044f \u043e\u0431\u043b\u0435\u0433\u0447\u0435\u043d\u0438\u044f \u0443\u0445\u043e\u0434\u0430 \u0438 \u043f\u043e\u0437\u0438\u0446\u0438\u043e\u043d\u0438\u0440\u043e\u0432\u0430\u043d\u0438\u044f<\/p>\n<p data-start=\"1239\" data-end=\"1267\"><strong data-start=\"1239\" data-end=\"1267\">\u041d\u0430\u0434\u0435\u0436\u043d\u043e\u0441\u0442\u044c \u0438 \u0431\u0435\u0437\u043e\u043f\u0430\u0441\u043d\u043e\u0441\u0442\u044c<\/strong><\/p>\n<p data-start=\"1269\" data-end=\"1585\">\u2022 \u0420\u0430\u043c\u0430 \u0438\u0437\u0433\u043e\u0442\u043e\u0432\u043b\u0435\u043d\u0430 \u200b\u200b\u0438\u0437 <strong data-start=\"1281\" data-end=\"1300\">\u0441\u0432\u0435\u0440\u0445\u043f\u0440\u043e\u0447\u043d\u043e\u0439 \u0441\u0442\u0430\u043b\u0438<\/strong> \u0441 \u0441\u0435\u0440\u044b\u043c \u043f\u043e\u0440\u043e\u0448\u043a\u043e\u0432\u044b\u043c \u043f\u043e\u043a\u0440\u044b\u0442\u0438\u0435\u043c \u2014 \u0438\u0437\u043d\u043e\u0441\u043e\u0441\u0442\u043e\u0439\u043a\u043e\u0435 \u0438 \u043f\u0440\u043e\u0441\u0442\u043e\u0435 \u0432 \u043e\u0431\u0441\u043b\u0443\u0436\u0438\u0432\u0430\u043d\u0438\u0438<br data-start=\"1368\" data-end=\"1371\" \/>\u2022 \u0420\u0430\u0441\u0448\u0438\u0440\u0435\u043d\u043d\u0430\u044f \u043a\u043e\u043d\u0441\u0442\u0440\u0443\u043a\u0446\u0438\u044f \u0434\u043b\u044f \u043f\u0440\u0435\u0432\u043e\u0441\u0445\u043e\u0434\u043d\u043e\u0439 \u0443\u0441\u0442\u043e\u0439\u0447\u0438\u0432\u043e\u0441\u0442\u0438<br data-start=\"1420\" data-end=\"1423\" \/>\u2022 \u041f\u043e\u0434\u043b\u043e\u043a\u043e\u0442\u043d\u0438\u043a\u0438 \u0434\u043b\u044f \u043a\u043e\u043c\u0444\u043e\u0440\u0442\u0430 \u0438 \u043d\u0430\u0434\u0435\u0436\u043d\u043e\u0439 \u043f\u043e\u0434\u0434\u0435\u0440\u0436\u043a\u0438<br data-start=\"1473\" data-end=\"1476\" \/>\u2022 \u041f\u0440\u043e\u0447\u043d\u043e\u0435 \u0441\u0438\u0434\u0435\u043d\u044c\u0435 \u0441 \u043d\u0430\u0434\u0435\u0436\u043d\u043e\u0439 \u0444\u0438\u043a\u0441\u0430\u0446\u0438\u0435\u0439<br data-start=\"1509\" data-end=\"1512\" \/>\u2022 \u0411\u043e\u043b\u044c\u0448\u043e\u0439 \u0441\u044a\u0435\u043c\u043d\u044b\u0439 \u043a\u043e\u043d\u0442\u0435\u0439\u043d\u0435\u0440 \u0434\u043b\u044f \u0441\u0431\u043e\u0440\u0430 \u043e\u0442\u0445\u043e\u0434\u043e\u0432, \u043e\u0431\u043b\u0435\u0433\u0447\u0430\u044e\u0449\u0438\u0439 \u043e\u043f\u043e\u0440\u043e\u0436\u043d\u0435\u043d\u0438\u0435 \u0438 \u0441\u0430\u043d\u0438\u0442\u0430\u0440\u043d\u0443\u044e \u043e\u0431\u0440\u0430\u0431\u043e\u0442\u043a\u0443<\/p>\n<p data-start=\"1587\" data-end=\"1641\"><strong data-start=\"1587\" data-end=\"1641\">\u0422\u0435\u0445\u043d\u0438\u0447\u0435\u0441\u043a\u0438\u0435 \u0445\u0430\u0440\u0430\u043a\u0442\u0435\u0440\u0438\u0441\u0442\u0438\u043a\u0438 (\u0432 \u043c\u0435\u0442\u0440\u0438\u0447\u0435\u0441\u043a\u043e\u0439 \u0441\u0438\u0441\u0442\u0435\u043c\u0435)<\/strong><\/p>\n<p data-start=\"1643\" data-end=\"2152\">\u2022 \u041c\u0430\u043a\u0441\u0438\u043c\u0430\u043b\u044c\u043d\u0430\u044f \u0432\u043c\u0435\u0441\u0442\u0438\u043c\u043e\u0441\u0442\u044c \u043f\u043e\u043b\u044c\u0437\u043e\u0432\u0430\u0442\u0435\u043b\u0435\u0439: <strong data-start=\"1675\" data-end=\"1687\">\u2248 454 \u043a\u0433<\/strong><br data-start=\"1687\" data-end=\"1690\" \/>\u2022 \u0412\u0435\u0441 \u043f\u0440\u043e\u0434\u0443\u043a\u0442\u0430: <strong data-start=\"1709\" data-end=\"1721\">\u2248 9,5 \u043a\u0433<\/strong><br data-start=\"1721\" data-end=\"1724\" \/>\u2022 \u041e\u0431\u0449\u0430\u044f \u0448\u0438\u0440\u0438\u043d\u0430 \u0432 \u043e\u0431\u043b\u0430\u0441\u0442\u0438 \u043d\u043e\u0433: <strong data-start=\"1753\" data-end=\"1766\">\u2248 66,7 \u0441\u043c<\/strong><br data-start=\"1766\" data-end=\"1769\" \/>\u2022 \u041e\u0431\u0449\u0430\u044f \u0448\u0438\u0440\u0438\u043d\u0430 \u0438\u0437\u0434\u0435\u043b\u0438\u044f: <strong data-start=\"1793\" data-end=\"1806\">\u2248 66,7 \u0441\u043c<\/strong><br data-start=\"1806\" data-end=\"1809\" \/>\u2022 \u041e\u0431\u0449\u0430\u044f \u0434\u043b\u0438\u043d\u0430: <strong data-start=\"1827\" data-end=\"1840\">\u2248 53,3 \u0441\u043c<\/strong><br data-start=\"1840\" data-end=\"1843\" \/>\u2022 \u041e\u0431\u0449\u0430\u044f \u0432\u044b\u0441\u043e\u0442\u0430: <strong data-start=\"1862\" data-end=\"1875\">\u2248 83,8 \u0441\u043c<\/strong><br data-start=\"1875\" data-end=\"1878\" \/>\u2022 \u0428\u0438\u0440\u0438\u043d\u0430 \u0441\u0438\u0434\u0435\u043d\u044c\u044f: <strong data-start=\"1894\" data-end=\"1905\">\u2248 59 \u0441\u043c<\/strong><br data-start=\"1905\" data-end=\"1908\" \/>\u2022 \u0413\u043b\u0443\u0431\u0438\u043d\u0430 \u0441\u0438\u0434\u0435\u043d\u044c\u044f: <strong data-start=\"1926\" data-end=\"1937\">\u2248 47 \u0441\u043c<\/strong><br data-start=\"1937\" data-end=\"1940\" \/>\u2022 \u0428\u0438\u0440\u0438\u043d\u0430 \u043c\u0435\u0436\u0434\u0443 \u043f\u043e\u0434\u043b\u043e\u043a\u043e\u0442\u043d\u0438\u043a\u0430\u043c\u0438: <strong data-start=\"1962\" data-end=\"1975\">\u2248 65,4 \u0441\u043c<\/strong><br data-start=\"1975\" data-end=\"1978\" data-is-only-node=\"\" \/>\u2022 \u0412\u044b\u0441\u043e\u0442\u0430 \u0441\u0438\u0434\u0435\u043d\u044c\u044f \u043e\u0442 \u043f\u043e\u043b\u0430: <strong data-start=\"2008\" data-end=\"2038\">\u2248 44,5 \u2013 56 \u0441\u043c (\u0440\u0435\u0433\u0443\u043b\u0438\u0440\u0443\u0435\u043c\u0430\u044f \u0434\u043b\u0438\u043d\u0430)<\/strong><br data-start=\"2038\" data-end=\"2041\" \/>\u2022 \u041c\u0430\u0442\u0435\u0440\u0438\u0430\u043b: \u043f\u0440\u043e\u0447\u043d\u0430\u044f \u0441\u0442\u0430\u043b\u044c, \u044d\u043b\u0435\u043a\u0442\u0440\u043e\u0441\u0442\u0430\u0442\u0438\u0447\u0435\u0441\u043a\u0438 \u043e\u043a\u0440\u0430\u0448\u0435\u043d\u043d\u043e\u0435 \u043f\u043e\u043a\u0440\u044b\u0442\u0438\u0435<br data-start=\"2097\" data-end=\"2100\" \/>\u2022 \u0422\u0443\u0430\u043b\u0435\u0442\u043d\u044b\u0439 \u043a\u043e\u043d\u0442\u0435\u0439\u043d\u0435\u0440: <strong data-start=\"2121\" data-end=\"2140\">\u043f\u0440\u0438\u043c\u0435\u0440\u043d\u043e 11 \u043b\u0438\u0442\u0440\u043e\u0432<\/strong>\u0441 \u043a\u0440\u044b\u0448\u043a\u043e\u0439<\/p>\n<p data-start=\"2154\" data-end=\"2185\"><strong data-start=\"2154\" data-end=\"2185\">\u041a\u043e\u043c\u0443 \u044d\u0442\u043e \u0440\u0435\u043a\u043e\u043c\u0435\u043d\u0434\u0443\u0435\u0442\u0441\u044f?<\/strong><\/p>\n<p data-start=\"2187\" data-end=\"2395\">\u2022 \u043b\u044e\u0434\u0438, \u043f\u0435\u0440\u0435\u043d\u0435\u0441\u0448\u0438\u0435 \u0431\u0430\u0440\u0438\u0430\u0442\u0440\u0438\u0447\u0435\u0441\u043a\u0443\u044e \u043e\u043f\u0435\u0440\u0430\u0446\u0438\u044e<br data-start=\"2208\" data-end=\"2211\" \/>\u2022 \u043f\u0430\u0446\u0438\u0435\u043d\u0442\u044b \u0441 \u043e\u0447\u0435\u043d\u044c \u043e\u0433\u0440\u0430\u043d\u0438\u0447\u0435\u043d\u043d\u043e\u0439 \u043f\u043e\u0434\u0432\u0438\u0436\u043d\u043e\u0441\u0442\u044c\u044e<br data-start=\"2249\" data-end=\"2252\" \/>\u2022 \u043f\u043e\u0441\u043b\u0435\u043e\u043f\u0435\u0440\u0430\u0446\u0438\u043e\u043d\u043d\u043e\u0435 \u0432\u043e\u0441\u0441\u0442\u0430\u043d\u043e\u0432\u043b\u0435\u043d\u0438\u0435<br data-start=\"2280\" data-end=\"2283\" \/>\u2022 \u041f\u0440\u0438\u043c\u0435\u043d\u0435\u043d\u0438\u0435 \u0432 \u043c\u0435\u0434\u0438\u0446\u0438\u043d\u0441\u043a\u0438\u0445 \u0446\u0435\u043d\u0442\u0440\u0430\u0445 \u0438 \u043f\u0440\u0438 \u0443\u0445\u043e\u0434\u0435 \u043d\u0430 \u0434\u043e\u043c\u0443<br data-start=\"2339\" data-end=\"2342\" \/>\u2022 \u0441\u0438\u0442\u0443\u0430\u0446\u0438\u0438, \u043a\u043e\u0433\u0434\u0430 \u0441\u0442\u0430\u043d\u0434\u0430\u0440\u0442\u043d\u044b\u0439 \u0442\u0443\u0430\u043b\u0435\u0442 \u043d\u0435\u0434\u043e\u0441\u0442\u0443\u043f\u0435\u043d<\/p>\n<p data-start=\"2397\" data-end=\"2443\"><strong data-start=\"2397\" data-end=\"2443\">\u041f\u0440\u0435\u0438\u043c\u0443\u0449\u0435\u0441\u0442\u0432\u0430 \u043f\u0435\u0440\u0435\u0434 \u0441\u0442\u0430\u043d\u0434\u0430\u0440\u0442\u043d\u044b\u043c\u0438 \u0441\u0438\u0434\u0435\u043d\u044c\u044f\u043c\u0438 \u0434\u043b\u044f \u0443\u043d\u0438\u0442\u0430\u0437\u0430<\/strong><\/p>\n<p data-start=\"2445\" data-end=\"2627\">\u2714 \u0437\u043d\u0430\u0447\u0438\u0442\u0435\u043b\u044c\u043d\u043e \u0431\u043e\u043b\u044c\u0448\u0430\u044f \u0433\u0440\u0443\u0437\u043e\u043f\u043e\u0434\u044a\u0435\u043c\u043d\u043e\u0441\u0442\u044c<br data-start=\"2483\" data-end=\"2486\" \/>\u2714 \u0411\u043e\u043b\u044c\u0448\u0435 \u043c\u0435\u0441\u0442\u0430 \u0434\u043b\u044f \u043a\u043e\u043c\u0444\u043e\u0440\u0442\u0430<br data-start=\"2518\" data-end=\"2521\" \/>\u2714 \u0411\u0435\u0437\u043e\u043f\u0430\u0441\u043d\u0430\u044f \u0431\u043e\u043a\u043e\u0432\u0430\u044f \u043f\u0435\u0440\u0435\u0441\u0430\u0434\u043a\u0430<br data-start=\"2545\" data-end=\"2548\" \/>\u2714 \u041f\u0440\u0435\u0432\u043e\u0441\u0445\u043e\u0434\u043d\u0430\u044f \u043c\u0435\u0434\u0438\u0446\u0438\u043d\u0441\u043a\u0430\u044f \u0441\u0442\u0430\u0431\u0438\u043b\u044c\u043d\u043e\u0441\u0442\u044c<br data-start=\"2581\" data-end=\"2584\" \/>\u2714 \u041f\u0440\u043e\u0447\u043d\u043e\u0441\u0442\u044c \u0434\u043b\u044f \u0438\u043d\u0442\u0435\u043d\u0441\u0438\u0432\u043d\u043e\u0433\u043e \u0438\u0441\u043f\u043e\u043b\u044c\u0437\u043e\u0432\u0430\u043d\u0438\u044f<\/p>\n<p data-start=\"2629\" data-end=\"2931\"><strong data-start=\"2629\" data-end=\"2650\">\u043a\u043b\u044e\u0447\u0435\u0432\u044b\u0435 \u0441\u043b\u043e\u0432\u0430 SEO<\/strong><br data-start=\"2650\" data-end=\"2653\" \/>\u0422\u0443\u0430\u043b\u0435\u0442\u043d\u043e\u0435 \u043a\u0440\u0435\u0441\u043b\u043e \u0434\u043b\u044f \u043b\u044e\u0434\u0435\u0439 \u0441 \u0438\u0437\u0431\u044b\u0442\u043e\u0447\u043d\u044b\u043c \u0432\u0435\u0441\u043e\u043c, \u043c\u0435\u0434\u0438\u0446\u0438\u043d\u0441\u043a\u043e\u0435 \u0442\u0443\u0430\u043b\u0435\u0442\u043d\u043e\u0435 \u043a\u0440\u0435\u0441\u043b\u043e, \u0442\u0443\u0430\u043b\u0435\u0442\u043d\u043e\u0435 \u043a\u0440\u0435\u0441\u043b\u043e \u0434\u043b\u044f \u043b\u044e\u0434\u0435\u0439 \u0441 \u0438\u0437\u0431\u044b\u0442\u043e\u0447\u043d\u044b\u043c \u0432\u0435\u0441\u043e\u043c, \u0443\u0441\u0438\u043b\u0435\u043d\u043d\u043e\u0435 \u0442\u0443\u0430\u043b\u0435\u0442\u043d\u043e\u0435 \u043a\u0440\u0435\u0441\u043b\u043e, \u0442\u0443\u0430\u043b\u0435\u0442\u043d\u043e\u0435 \u043a\u0440\u0435\u0441\u043b\u043e \u0441\u043e \u0441\u043a\u043b\u0430\u0434\u043d\u044b\u043c\u0438 \u043f\u043e\u0434\u043b\u043e\u043a\u043e\u0442\u043d\u0438\u043a\u0430\u043c\u0438, \u043e\u0431\u043e\u0440\u0443\u0434\u043e\u0432\u0430\u043d\u0438\u0435 \u0434\u043b\u044f \u0443\u0445\u043e\u0434\u0430 \u0437\u0430 \u043f\u0430\u0446\u0438\u0435\u043d\u0442\u0430\u043c\u0438, \u043c\u0435\u0434\u0438\u0446\u0438\u043d\u0441\u043a\u043e\u0435 \u0442\u0443\u0430\u043b\u0435\u0442\u043d\u043e\u0435 \u0443\u0441\u0442\u0440\u043e\u0439\u0441\u0442\u0432\u043e, \u0442\u0443\u0430\u043b\u0435\u0442\u043d\u043e\u0435 \u043a\u0440\u0435\u0441\u043b\u043e \u0434\u043b\u044f \u043f\u0430\u0446\u0438\u0435\u043d\u0442\u043e\u0432, \u043c\u043e\u0431\u0438\u043b\u044c\u043d\u0430\u044f \u043f\u043e\u0434\u0441\u0442\u0430\u0432\u043a\u0430 \u0434\u043b\u044f \u0442\u0443\u0430\u043b\u0435\u0442\u0430, \u0431\u0438\u043e\u043c\u0435\u0434\u0438\u0446\u0438\u043d\u0441\u043a\u043e\u0435 \u043e\u0431\u043e\u0440\u0443\u0434\u043e\u0432\u0430\u043d\u0438\u0435<\/p>","protected":false},"excerpt":{"rendered":"<p>Scaun Toalet\u0103 WC XXL Dispozitiv medical profesional conceput pentru persoane cu greutate corporal\u0103 mare sau mobilitate limitat\u0103, care necesit\u0103 un<\/p>","protected":false},"featured_media":15512,"comment_status":"open","ping_status":"closed","template":"","meta":{"_acf_changed":false},"product_brand":[],"product_cat":[107],"product_tag":[],"class_list":{"0":"post-15508","1":"product","2":"type-product","3":"status-publish","4":"has-post-thumbnail","6":"product_cat-tehnica-de-reabilitare","8":"first","9":"instock","10":"shipping-taxable","11":"purchasable","12":"product-type-simple"},"acf":[],"_links":{"self":[{"href":"https:\/\/biomed.md\/ru\/wp-json\/wp\/v2\/product\/15508","targetHints":{"allow":["GET"]}}],"collection":[{"href":"https:\/\/biomed.md\/ru\/wp-json\/wp\/v2\/product"}],"about":[{"href":"https:\/\/biomed.md\/ru\/wp-json\/wp\/v2\/types\/product"}],"replies":[{"embeddable":true,"href":"https:\/\/biomed.md\/ru\/wp-json\/wp\/v2\/comments?post=15508"}],"version-history":[{"count":3,"href":"https:\/\/biomed.md\/ru\/wp-json\/wp\/v2\/product\/15508\/revisions"}],"predecessor-version":[{"id":15520,"href":"https:\/\/biomed.md\/ru\/wp-json\/wp\/v2\/product\/15508\/revisions\/15520"}],"wp:featuredmedia":[{"embeddable":true,"href":"https:\/\/biomed.md\/ru\/wp-json\/wp\/v2\/media\/15512"}],"wp:attachment":[{"href":"https:\/\/biomed.md\/ru\/wp-json\/wp\/v2\/media?parent=15508"}],"wp:term":[{"taxonomy":"product_brand","embeddable":true,"href":"https:\/\/biomed.md\/ru\/wp-json\/wp\/v2\/product_brand?post=15508"},{"taxonomy":"product_cat","embeddable":true,"href":"https:\/\/biomed.md\/ru\/wp-json\/wp\/v2\/product_cat?post=15508"},{"taxonomy":"product_tag","embeddable":true,"href":"https:\/\/biomed.md\/ru\/wp-json\/wp\/v2\/product_tag?post=15508"}],"curies":[{"name":"wp","href":"https:\/\/api.w.org\/{rel}","templated":true}]}}