{"id":14551,"date":"2025-11-25T16:33:12","date_gmt":"2025-11-25T16:33:12","guid":{"rendered":"https:\/\/biomed.md\/?post_type=product&#038;p=14551"},"modified":"2026-01-30T12:44:00","modified_gmt":"2026-01-30T12:44:00","slug":"soia-bucati-250g","status":"publish","type":"product","link":"https:\/\/biomed.md\/ru\/product\/soia-bucati-250g\/","title":{"rendered":"\u041a\u0443\u0441\u043e\u0447\u043a\u0438 \u0441\u043e\u0438 250 \u0433"},"content":{"rendered":"<h4 data-rm-block-id=\"block-1\"><strong>\u041a\u0443\u0441\u043e\u0447\u043a\u0438 \u0441\u043e\u0438 250 \u0433 \u2013 \u0443\u043d\u0438\u0432\u0435\u0440\u0441\u0430\u043b\u044c\u043d\u044b\u0439 \u0438 \u0446\u0435\u043d\u043d\u044b\u0439 \u0440\u0430\u0441\u0442\u0438\u0442\u0435\u043b\u044c\u043d\u044b\u0439 \u0431\u0435\u043b\u043e\u043a<\/strong><\/h4>\n<p data-rm-block-id=\"block-2\">\u041e\u0442\u043a\u0440\u043e\u0439\u0442\u0435 \u0434\u043b\u044f \u0441\u0435\u0431\u044f \u0438\u0434\u0435\u0430\u043b\u044c\u043d\u0443\u044e \u0430\u043b\u044c\u0442\u0435\u0440\u043d\u0430\u0442\u0438\u0432\u0443 \u043c\u044f\u0441\u0443 \u0441 <strong>Bio natura SOJA ST\u00dcCKE<\/strong>, \u043f\u043e\u043b\u0443\u0447\u0435\u043d\u043d\u044b\u0439 \u0438\u0437 <strong>100% \u043e\u0440\u0433\u0430\u043d\u0438\u0447\u0435\u0441\u043a\u0430\u044f \u0441\u043e\u0435\u0432\u0430\u044f \u043c\u0443\u043a\u0430.<\/strong>\u042d\u0442\u0438 \u0441\u043e\u0435\u0432\u044b\u0435 \u043a\u0443\u0441\u043e\u0447\u043a\u0438 \u2014 \u043e\u0442\u043b\u0438\u0447\u043d\u044b\u0439 \u0438\u0441\u0442\u043e\u0447\u043d\u0438\u043a \u0440\u0430\u0441\u0442\u0438\u0442\u0435\u043b\u044c\u043d\u043e\u0433\u043e \u0431\u0435\u043b\u043a\u0430. \u0418\u0445 \u043f\u043e\u0440\u0438\u0441\u0442\u0430\u044f \u0442\u0435\u043a\u0441\u0442\u0443\u0440\u0430 \u043f\u0440\u0435\u043a\u0440\u0430\u0441\u043d\u043e \u0432\u043f\u0438\u0442\u044b\u0432\u0430\u0435\u0442 \u0432\u043a\u0443\u0441\u044b \u0431\u043b\u044e\u0434. \u041e\u043d\u0438 \u043f\u043e\u0434\u0445\u043e\u0434\u044f\u0442 \u0434\u043b\u044f \u0434\u0438\u0435\u0442\u0438\u0447\u0435\u0441\u043a\u043e\u0433\u043e \u043f\u0438\u0442\u0430\u043d\u0438\u044f. <strong>\u0432\u0435\u0433\u0430\u043d, \u0432\u0435\u0433\u0435\u0442\u0430\u0440\u0438\u0430\u043d\u0435\u0446 \u0438\u043b\u0438 \u0444\u043b\u0435\u043a\u0441\u0438\u0442\u0430\u0440\u0438\u0430\u043d\u0435\u0446<\/strong>, \u043e\u0431\u0435\u0441\u043f\u0435\u0447\u0438\u0432\u0430\u044f \u043f\u043e\u0441\u043b\u0435\u0434\u043e\u0432\u0430\u0442\u0435\u043b\u044c\u043d\u043e\u0441\u0442\u044c \u0438 \u0432\u043a\u0443\u0441 \u0442\u0440\u0430\u0434\u0438\u0446\u0438\u043e\u043d\u043d\u044b\u0445 \u0438 \u0441\u043e\u0432\u0440\u0435\u043c\u0435\u043d\u043d\u044b\u0445 \u0440\u0435\u0446\u0435\u043f\u0442\u043e\u0432.<\/p>\n<h5 data-rm-block-id=\"block-3\">\u2705 \u041e\u0441\u043d\u043e\u0432\u043d\u044b\u0435 \u043f\u0440\u0435\u0438\u043c\u0443\u0449\u0435\u0441\u0442\u0432\u0430:<\/h5>\n<ul>\n<li data-rm-block-id=\"block-4\"><strong>100% \u043e\u0440\u0433\u0430\u043d\u0438\u0447\u0435\u0441\u043a\u0430\u044f \u0441\u043e\u0435\u0432\u0430\u044f \u043c\u0443\u043a\u0430.<\/strong> \u2013 \u0431\u0435\u0437 \u0434\u043e\u0431\u0430\u0432\u043e\u043a \u0438 \u043a\u043e\u043d\u0441\u0435\u0440\u0432\u0430\u043d\u0442\u043e\u0432<\/li>\n<li data-rm-block-id=\"block-5\"><strong>\u041c\u044f\u0441\u0438\u0441\u0442\u0430\u044f \u0438 \u0432\u043f\u0438\u0442\u044b\u0432\u0430\u044e\u0449\u0430\u044f \u0442\u0435\u043a\u0441\u0442\u0443\u0440\u0430<\/strong> \u2013 \u0438\u0434\u0435\u0430\u043b\u044c\u043d\u043e \u043f\u043e\u0434\u0445\u043e\u0434\u0438\u0442 \u0434\u043b\u044f \u043f\u0440\u0438\u0433\u043e\u0442\u043e\u0432\u043b\u0435\u043d\u0438\u044f \u043f\u0438\u0449\u0438<\/li>\n<li data-rm-block-id=\"block-6\"><strong>\u041a\u0443\u043b\u0438\u043d\u0430\u0440\u043d\u0430\u044f \u0443\u043d\u0438\u0432\u0435\u0440\u0441\u0430\u043b\u044c\u043d\u043e\u0441\u0442\u044c<\/strong> \u2013 \u0438\u0434\u0435\u0430\u043b\u044c\u043d\u043e \u043f\u043e\u0434\u0445\u043e\u0434\u0438\u0442 \u0434\u043b\u044f \u0433\u0443\u043b\u044f\u0448\u0430, \u0440\u0430\u0433\u0443, \u0441\u0443\u043f\u043e\u0432, \u0432\u043e\u043a\u043e\u0432, \u0431\u0443\u0440\u0433\u0435\u0440\u043e\u0432 \u0438\u043b\u0438 \u043d\u0430\u0447\u0438\u043d\u043a\u0438<\/li>\n<li data-rm-block-id=\"block-7\"><strong>\u041d\u0435 \u0441\u043e\u0434\u0435\u0440\u0436\u0438\u0442 \u0433\u043b\u044e\u0442\u0435\u043d<\/strong> (\u043c\u043e\u0436\u0435\u0442 \u0441\u043e\u0434\u0435\u0440\u0436\u0430\u0442\u044c \u0441\u043b\u0435\u0434\u044b), \u0431\u0435\u0437 \u043b\u0430\u043a\u0442\u043e\u0437\u044b, \u0431\u0435\u0437 \u0438\u043d\u0433\u0440\u0435\u0434\u0438\u0435\u043d\u0442\u043e\u0432 \u0436\u0438\u0432\u043e\u0442\u043d\u043e\u0433\u043e \u043f\u0440\u043e\u0438\u0441\u0445\u043e\u0436\u0434\u0435\u043d\u0438\u044f<\/li>\n<\/ul>\n<h5 data-rm-block-id=\"block-8\">\ud83c\udf72 \u0420\u0435\u043a\u043e\u043c\u0435\u043d\u0434\u0430\u0446\u0438\u0438 \u043f\u043e \u043f\u0440\u0438\u0433\u043e\u0442\u043e\u0432\u043b\u0435\u043d\u0438\u044e:<\/h5>\n<ul>\n<li>\n<p data-rm-block-id=\"block-9\">\u041a\u0443\u0441\u043e\u0447\u043a\u0438 \u0441\u043e\u0438 \u043e\u0442\u0432\u0430\u0440\u0438\u0442\u0435 \u0432 \u0432\u043e\u0434\u0435 \u0441\u043e \u0441\u043f\u0435\u0446\u0438\u044f\u043c\u0438 \u0438\u043b\u0438 \u043e\u0432\u043e\u0449\u043d\u043e\u043c \u0431\u0443\u043b\u044c\u043e\u043d\u0435 \u0432 \u0442\u0435\u0447\u0435\u043d\u0438\u0435 10\u201315 \u043c\u0438\u043d\u0443\u0442.<\/p>\n<\/li>\n<li>\n<p data-rm-block-id=\"block-10\">\u0421\u043b\u0435\u0439\u0442\u0435 \u0441 \u043d\u0438\u0445 \u0432\u043e\u0434\u0443 \u0438 \u0433\u043e\u0442\u043e\u0432\u044c\u0442\u0435 \u0432 \u043a\u0430\u0447\u0435\u0441\u0442\u0432\u0435 \u043e\u0441\u043d\u043e\u0432\u043d\u043e\u0433\u043e \u0438\u043d\u0433\u0440\u0435\u0434\u0438\u0435\u043d\u0442\u0430 \u0432 \u0442\u0430\u043a\u0438\u0445 \u0440\u0435\u0446\u0435\u043f\u0442\u0430\u0445:<\/p>\n<ol>\n<li data-rm-block-id=\"block-11\">\u0421\u043e\u0435\u0432\u044b\u0439 \u0431\u043e\u043b\u043e\u043d\u044c\u0435\u0437\u0435<\/li>\n<li data-rm-block-id=\"block-12\">Chili fara carne<\/li>\n<li data-rm-block-id=\"block-13\">\u041e\u0432\u043e\u0449\u043d\u043e\u0435 \u0440\u0430\u0433\u0443 \u0441 \u0441\u043e\u0435\u0439<\/li>\n<li data-rm-block-id=\"block-14\">\u0412\u0435\u0433\u0430\u043d\u0441\u043a\u0438\u0435 \u0431\u0443\u0440\u0433\u0435\u0440\u044b<\/li>\n<li data-rm-block-id=\"block-14\">\u041d\u0430\u0447\u0438\u043d\u043a\u0430 \u0434\u043b\u044f \u043f\u0435\u0440\u0446\u0435\u0432 \u0438\u043b\u0438 \u0431\u0430\u043a\u043b\u0430\u0436\u0430\u043d\u043e\u0432<\/li>\n<\/ol>\n<\/li>\n<\/ul>\n<h5 data-rm-block-id=\"block-16\">\ud83d\udce6 \u041f\u043e\u0434\u0440\u043e\u0431\u043d\u0430\u044f \u0438\u043d\u0444\u043e\u0440\u043c\u0430\u0446\u0438\u044f \u043e \u043f\u0440\u043e\u0434\u0443\u043a\u0442\u0435:<\/h5>\n<ul>\n<li data-rm-block-id=\"block-17\"><strong>\u0412\u0435\u0441 \u043d\u0435\u0442\u0442\u043e: 250 \u0433<\/strong><\/li>\n<li data-rm-block-id=\"block-18\"><strong>\u0421\u043e\u0441\u0442\u0430\u0432: \u0447\u0430\u0441\u0442\u0438\u0447\u043d\u043e \u043e\u0431\u0435\u0437\u0436\u0438\u0440\u0435\u043d\u043d\u0430\u044f \u0441\u043e\u0435\u0432\u0430\u044f \u043c\u0443\u043a\u0430*, *\u0438\u0437 \u0441\u0435\u0440\u0442\u0438\u0444\u0438\u0446\u0438\u0440\u043e\u0432\u0430\u043d\u043d\u043e\u0433\u043e \u043e\u0440\u0433\u0430\u043d\u0438\u0447\u0435\u0441\u043a\u043e\u0433\u043e \u0437\u0435\u043c\u043b\u0435\u0434\u0435\u043b\u0438\u044f<\/strong><\/li>\n<\/ul>\n<p data-rm-block-id=\"block-21\"><b>\u0421\u041e\u042f <\/b>\u2014 \u0438\u0434\u0435\u0430\u043b\u044c\u043d\u044b\u0439 \u0432\u044b\u0431\u043e\u0440 \u0434\u043b\u044f \u0442\u0435\u0445, \u043a\u0442\u043e \u0441\u0442\u0440\u0435\u043c\u0438\u0442\u0441\u044f \u043a \u0437\u0434\u043e\u0440\u043e\u0432\u043e\u043c\u0443, \u044d\u043a\u043e\u043b\u043e\u0433\u0438\u0447\u043d\u043e\u043c\u0443 \u0438 \u0432\u043a\u0443\u0441\u043d\u043e\u043c\u0443 \u043e\u0431\u0440\u0430\u0437\u0443 \u0436\u0438\u0437\u043d\u0438. \u041f\u0440\u0435\u0432\u0440\u0430\u0442\u0438\u0442\u0435 \u043a\u0430\u0436\u0434\u044b\u0439 \u043f\u0440\u0438\u0451\u043c \u043f\u0438\u0449\u0438 \u0432 \u043f\u0438\u0442\u0430\u0442\u0435\u043b\u044c\u043d\u043e\u0435 \u0438 \u0432\u043a\u0443\u0441\u043d\u043e\u0435 \u0441\u043e\u0431\u044b\u0442\u0438\u0435!<\/p>\n<blockquote>\n<p data-rm-block-id=\"block-22\"><i>\u041a\u043b\u044e\u0447\u0435\u0432\u044b\u0435 \u0441\u043b\u043e\u0432\u0430: \u0421\u043e\u0435\u0432\u044b\u0435 \u043a\u0443\u0441\u043e\u0447\u043a\u0438 25 \u0433, \u0430\u043b\u044c\u0442\u0435\u0440\u043d\u0430\u0442\u0438\u0432\u0430 \u043c\u044f\u0441\u0443, \u0440\u0430\u0441\u0442\u0438\u0442\u0435\u043b\u044c\u043d\u044b\u0439 \u0431\u0435\u043b\u043e\u043a<\/i><\/p>\n<\/blockquote>","protected":false},"excerpt":{"rendered":"<p>Soia Bucati 250g \u2013 Proteina vegetal\u0103 versatil\u0103 \u0219i valoroas\u0103 Descoper\u0103 alternativa ideal\u0103 la carne cu Bio natura SOJA ST\u00dcCKE, ob\u021binut\u0103<\/p>","protected":false},"featured_media":14552,"comment_status":"open","ping_status":"closed","template":"","meta":{"_acf_changed":false},"product_brand":[],"product_cat":[111,117,148],"product_tag":[],"class_list":{"0":"post-14551","1":"product","2":"type-product","3":"status-publish","4":"has-post-thumbnail","6":"product_cat-cereale-seminte-bio","7":"product_cat-condimente-si-fainuri-bio","8":"product_cat-gustari","10":"first","11":"instock","12":"shipping-taxable","13":"purchasable","14":"product-type-simple"},"acf":[],"_links":{"self":[{"href":"https:\/\/biomed.md\/ru\/wp-json\/wp\/v2\/product\/14551","targetHints":{"allow":["GET"]}}],"collection":[{"href":"https:\/\/biomed.md\/ru\/wp-json\/wp\/v2\/product"}],"about":[{"href":"https:\/\/biomed.md\/ru\/wp-json\/wp\/v2\/types\/product"}],"replies":[{"embeddable":true,"href":"https:\/\/biomed.md\/ru\/wp-json\/wp\/v2\/comments?post=14551"}],"version-history":[{"count":5,"href":"https:\/\/biomed.md\/ru\/wp-json\/wp\/v2\/product\/14551\/revisions"}],"predecessor-version":[{"id":15434,"href":"https:\/\/biomed.md\/ru\/wp-json\/wp\/v2\/product\/14551\/revisions\/15434"}],"wp:featuredmedia":[{"embeddable":true,"href":"https:\/\/biomed.md\/ru\/wp-json\/wp\/v2\/media\/14552"}],"wp:attachment":[{"href":"https:\/\/biomed.md\/ru\/wp-json\/wp\/v2\/media?parent=14551"}],"wp:term":[{"taxonomy":"product_brand","embeddable":true,"href":"https:\/\/biomed.md\/ru\/wp-json\/wp\/v2\/product_brand?post=14551"},{"taxonomy":"product_cat","embeddable":true,"href":"https:\/\/biomed.md\/ru\/wp-json\/wp\/v2\/product_cat?post=14551"},{"taxonomy":"product_tag","embeddable":true,"href":"https:\/\/biomed.md\/ru\/wp-json\/wp\/v2\/product_tag?post=14551"}],"curies":[{"name":"wp","href":"https:\/\/api.w.org\/{rel}","templated":true}]}}