{"id":14492,"date":"2025-11-21T14:30:51","date_gmt":"2025-11-21T14:30:51","guid":{"rendered":"https:\/\/biomed.md\/?post_type=product&#038;p=14492"},"modified":"2026-01-30T12:46:03","modified_gmt":"2026-01-30T12:46:03","slug":"ghimbir-suc-bio","status":"publish","type":"product","link":"https:\/\/biomed.md\/ru\/product\/ghimbir-suc-bio\/","title":{"rendered":"\u0418\u043c\u0431\u0438\u0440\u043d\u044b\u0439 \u0441\u043e\u043a \u0411\u0418\u041e"},"content":{"rendered":"<p data-start=\"204\" data-end=\"580\"><strong data-start=\"204\" data-end=\"234\">\u0421\u043e\u043a \u0418\u043c\u0431\u0438\u0440\u044f <\/strong><strong data-start=\"204\" data-end=\"234\">\u0411\u0418\u041e <\/strong><\/p>\n<p data-start=\"204\" data-end=\"580\"><strong data-start=\"204\" data-end=\"234\">100% \u043f\u0440\u044f\u043c\u043e\u0433\u043e \u043e\u0442\u0436\u0438\u043c\u0430<\/strong>\u00a0\u2014 \u044d\u0442\u043e \u0447\u0438\u0441\u0442\u044b\u0439, 100% \u043d\u0430\u0442\u0443\u0440\u0430\u043b\u044c\u043d\u044b\u0439 \u0441\u043e\u043a, \u0438\u0437\u0433\u043e\u0442\u043e\u0432\u043b\u0435\u043d\u043d\u044b\u0439 \u0438\u0441\u043a\u043b\u044e\u0447\u0438\u0442\u0435\u043b\u044c\u043d\u043e \u0438\u0437 \u043e\u0440\u0433\u0430\u043d\u0438\u0447\u0435\u0441\u043a\u0438 \u0432\u044b\u0440\u0430\u0449\u0435\u043d\u043d\u043e\u0433\u043e \u0438 \u0431\u0435\u0440\u0435\u0436\u043d\u043e \u043e\u0431\u0440\u0430\u0431\u043e\u0442\u0430\u043d\u043d\u043e\u0433\u043e \u043a\u043e\u0440\u043d\u044f \u0438\u043c\u0431\u0438\u0440\u044f (Zingiber officinale). \u042d\u0442\u043e\u0442 \u043f\u0440\u0435\u043c\u0438\u0430\u043b\u044c\u043d\u044b\u0439 \u043f\u0440\u043e\u0434\u0443\u043a\u0442 \u043e\u0442 Medicura Naturprodukte AG \u0432\u044b\u043f\u0443\u0441\u043a\u0430\u0435\u0442\u0441\u044f \u0432 \u0441\u0442\u0435\u043a\u043b\u044f\u043d\u043d\u043e\u0439 \u0431\u0443\u0442\u044b\u043b\u043a\u0435 \u043e\u0431\u044a\u0451\u043c\u043e\u043c 330 \u043c\u043b, \u0441\u043e\u0445\u0440\u0430\u043d\u044f\u044e\u0449\u0435\u0439 \u0432\u0441\u0435 \u0430\u043a\u0442\u0438\u0432\u043d\u044b\u0435 \u0441\u0432\u043e\u0439\u0441\u0442\u0432\u0430 \u043e\u0440\u0433\u0430\u043d\u0438\u0447\u0435\u0441\u043a\u043e\u0433\u043e \u0438\u043c\u0431\u0438\u0440\u044f \u0432 \u0443\u0434\u043e\u0431\u043d\u043e\u043c \u0438 \u043f\u0440\u043e\u0441\u0442\u043e\u043c \u0434\u043b\u044f \u0438\u0441\u043f\u043e\u043b\u044c\u0437\u043e\u0432\u0430\u043d\u0438\u044f \u0444\u043e\u0440\u043c\u0430\u0442\u0435.<\/p>\n<h5 data-start=\"587\" data-end=\"614\">\u041f\u0440\u0435\u0438\u043c\u0443\u0449\u0435\u0441\u0442\u0432\u0430 \u0438 \u0441\u0432\u043e\u0439\u0441\u0442\u0432\u0430<\/h5>\n<ul data-start=\"616\" data-end=\"1710\">\n<li data-start=\"616\" data-end=\"806\">\n<p data-start=\"618\" data-end=\"806\"><strong data-start=\"618\" data-end=\"650\">\u041f\u0440\u0435\u0438\u043c\u0443\u0449\u0435\u0441\u0442\u0432\u0430 \u0438 \u0441\u0432\u043e\u0439\u0441\u0442\u0432\u0430<\/strong>: \u0422\u0430\u043a \u043a\u0430\u043a \u0441\u043e\u043a \u0438\u0437\u0433\u043e\u0442\u043e\u0432\u043b\u0435\u043d \u0438\u0437 100% \u0438\u043c\u0431\u0438\u0440\u044f, \u043e\u043d \u0438\u043c\u0435\u0435\u0442 \u043a\u0440\u0435\u043f\u043a\u0438\u0439, \u0447\u0438\u0441\u0442\u044b\u0439 \u0432\u043a\u0443\u0441 \u0431\u0435\u0437 \u0434\u043e\u0431\u0430\u0432\u043b\u0435\u043d\u0438\u044f \u0432\u043e\u0434\u044b, \u0441\u0430\u0445\u0430\u0440\u0430 \u0438\u043b\u0438 \u0434\u0440\u0443\u0433\u0438\u0445 \u0440\u0430\u0437\u0431\u0430\u0432\u0438\u0442\u0435\u043b\u0435\u0439.<\/p>\n<\/li>\n<li data-start=\"807\" data-end=\"1044\">\n<p data-start=\"809\" data-end=\"1044\"><strong data-start=\"809\" data-end=\"831\">\u041f\u043e\u0434\u0434\u0435\u0440\u0436\u0438\u0432\u0430\u0435\u043c\u043e\u0435 \u043f\u0438\u0449\u0435\u0432\u0430\u0440\u0435\u043d\u0438\u0435<\/strong>: \u0418\u043c\u0431\u0438\u0440\u044c \u0438\u0437\u0432\u0435\u0441\u0442\u0435\u043d \u0441\u0432\u043e\u0435\u0439 \u0441\u043f\u043e\u0441\u043e\u0431\u043d\u043e\u0441\u0442\u044c\u044e \u0441\u0442\u0438\u043c\u0443\u043b\u0438\u0440\u043e\u0432\u0430\u0442\u044c \u0441\u0435\u043a\u0440\u0435\u0446\u0438\u044e \u0436\u0435\u043b\u0443\u0434\u043e\u0447\u043d\u043e\u0433\u043e \u0441\u043e\u043a\u0430 \u0438 \u0443\u043b\u0443\u0447\u0448\u0430\u0442\u044c \u043c\u043e\u0442\u043e\u0440\u0438\u043a\u0443 \u043a\u0438\u0448\u0435\u0447\u043d\u0438\u043a\u0430, \u0441\u043f\u043e\u0441\u043e\u0431\u0441\u0442\u0432\u0443\u044f \u0431\u043e\u043b\u0435\u0435 \u044d\u0444\u0444\u0435\u043a\u0442\u0438\u0432\u043d\u043e\u043c\u0443 \u043f\u0438\u0449\u0435\u0432\u0430\u0440\u0435\u043d\u0438\u044e.<\/p>\n<\/li>\n<li data-start=\"1045\" data-end=\"1280\">\n<p data-start=\"1047\" data-end=\"1280\"><strong data-start=\"1047\" data-end=\"1082\">\u0423\u043c\u0435\u043d\u044c\u0448\u0435\u043d\u0438\u0435 \u0447\u0443\u0432\u0441\u0442\u0432\u0430 \u0442\u043e\u0448\u043d\u043e\u0442\u044b<\/strong>: \u0410\u043a\u0442\u0438\u0432\u043d\u044b\u0435 \u0441\u043e\u0435\u0434\u0438\u043d\u0435\u043d\u0438\u044f \u0432 \u0438\u043c\u0431\u0438\u0440\u0435, \u0442\u0430\u043a\u0438\u0435 \u043a\u0430\u043a \u0433\u0438\u043d\u0433\u0435\u0440\u043e\u043b, \u043c\u043e\u0433\u0443\u0442 \u0443\u043c\u0435\u043d\u044c\u0448\u0438\u0442\u044c \u0442\u043e\u0448\u043d\u043e\u0442\u0443 \u0438 \u0434\u0438\u0441\u043a\u043e\u043c\u0444\u043e\u0440\u0442 \u0432 \u0436\u0438\u0432\u043e\u0442\u0435, \u0447\u0442\u043e \u0434\u0435\u043b\u0430\u0435\u0442 \u0435\u0433\u043e \u0442\u0430\u043a\u0436\u0435 \u043f\u043e\u043b\u0435\u0437\u043d\u044b\u043c \u043f\u0440\u0438 \u0443\u043a\u0430\u0447\u0438\u0432\u0430\u043d\u0438\u0438 \u0438\u043b\u0438 \u043b\u0435\u0433\u043a\u043e\u0439 \u0442\u043e\u0448\u043d\u043e\u0442\u0435.<\/p>\n<\/li>\n<li data-start=\"1281\" data-end=\"1495\">\n<p data-start=\"1283\" data-end=\"1495\"><strong data-start=\"1283\" data-end=\"1331\">\u041f\u0440\u043e\u0442\u0438\u0432\u043e\u0432\u043e\u0441\u043f\u0430\u043b\u0438\u0442\u0435\u043b\u044c\u043d\u044b\u0435 \u0438 \u0430\u043d\u0442\u0438\u043e\u043a\u0441\u0438\u0434\u0430\u043d\u0442\u043d\u044b\u0435 \u0441\u0432\u043e\u0439\u0441\u0442\u0432\u0430<\/strong>: \u0418\u043c\u0431\u0438\u0440\u044c \u0431\u043e\u0433\u0430\u0442 \u0431\u0438\u043e\u0430\u043a\u0442\u0438\u0432\u043d\u044b\u043c\u0438 \u0432\u0435\u0449\u0435\u0441\u0442\u0432\u0430\u043c\u0438, \u043a\u043e\u0442\u043e\u0440\u044b\u0435 \u043c\u043e\u0433\u0443\u0442 \u0431\u043e\u0440\u043e\u0442\u044c\u0441\u044f \u0441 \u0432\u043e\u0441\u043f\u0430\u043b\u0435\u043d\u0438\u0435\u043c \u0438 \u043e\u043a\u0438\u0441\u043b\u0438\u0442\u0435\u043b\u044c\u043d\u044b\u043c \u0441\u0442\u0440\u0435\u0441\u0441\u043e\u043c, \u043f\u043e\u0434\u0434\u0435\u0440\u0436\u0438\u0432\u0430\u044f \u043e\u0431\u0449\u0435\u0435 \u0441\u043e\u0441\u0442\u043e\u044f\u043d\u0438\u0435 \u0437\u0434\u043e\u0440\u043e\u0432\u044c\u044f.<\/p>\n<\/li>\n<li data-start=\"1496\" data-end=\"1710\">\n<p data-start=\"1498\" data-end=\"1710\"><strong data-start=\"1498\" data-end=\"1532\">\u041f\u043e\u0434\u0434\u0435\u0440\u0436\u043a\u0430 \u0438\u043c\u043c\u0443\u043d\u043d\u043e\u0439 \u0441\u0438\u0441\u0442\u0435\u043c\u044b<\/strong>: \u0411\u043b\u0430\u0433\u043e\u0434\u0430\u0440\u044f \u0441\u0432\u043e\u0438\u043c \u043f\u0440\u0438\u0440\u043e\u0434\u043d\u044b\u043c \u0441\u0432\u043e\u0439\u0441\u0442\u0432\u0430\u043c \u0438\u043c\u0431\u0438\u0440\u044c \u0447\u0430\u0441\u0442\u043e \u0438\u0441\u043f\u043e\u043b\u044c\u0437\u0443\u0435\u0442\u0441\u044f \u0432 \u043a\u0430\u0447\u0435\u0441\u0442\u0432\u0435 \u0432\u0441\u043f\u043e\u043c\u043e\u0433\u0430\u0442\u0435\u043b\u044c\u043d\u043e\u0433\u043e \u0441\u0440\u0435\u0434\u0441\u0442\u0432\u0430 \u0434\u043b\u044f \u043f\u043e\u0434\u0434\u0435\u0440\u0436\u0430\u043d\u0438\u044f \u0430\u043a\u0442\u0438\u0432\u043d\u043e\u0441\u0442\u0438 \u0438 \u0437\u0434\u043e\u0440\u043e\u0432\u044c\u044f \u0438\u043c\u043c\u0443\u043d\u043d\u043e\u0439 \u0441\u0438\u0441\u0442\u0435\u043c\u044b.<\/p>\n<\/li>\n<\/ul>\n<h5 data-start=\"1717\" data-end=\"1739\">\u041c\u0435\u0442\u043e\u0434 \u043f\u0440\u0438\u0435\u043c\u0430<\/h5>\n<ul data-start=\"1741\" data-end=\"2032\">\n<li data-start=\"1741\" data-end=\"1826\">\n<p data-start=\"1743\" data-end=\"1826\">\u0420\u0435\u043a\u043e\u043c\u0435\u043d\u0434\u0443\u0435\u0442\u0441\u044f <strong data-start=\"1756\" data-end=\"1771\">30 \u043c\u043b \u0432 \u0434\u0435\u043d\u044c<\/strong> \u0434\u043b\u044f \u0432\u0437\u0440\u043e\u0441\u043b\u044b\u0445.<\/p>\n<\/li>\n<li data-start=\"1827\" data-end=\"1922\">\n<p data-start=\"1829\" data-end=\"1922\">\u041f\u0435\u0440\u0435\u0434 \u043f\u0440\u0438\u043c\u0435\u043d\u0435\u043d\u0438\u0435\u043c \u0432\u0441\u0442\u0440\u044f\u0445\u043d\u0438\u0442\u0435 \u0431\u0443\u0442\u044b\u043b\u043a\u0443, \u0442\u0430\u043a \u043a\u0430\u043a \u044d\u0442\u043e \u043d\u0430\u0442\u0443\u0440\u0430\u043b\u044c\u043d\u044b\u0439 \u043f\u0440\u043e\u0434\u0443\u043a\u0442 \u2014 \u0432\u043e\u0437\u043c\u043e\u0436\u043d\u043e \u043e\u0431\u0440\u0430\u0437\u043e\u0432\u0430\u043d\u0438\u0435 \u043e\u0441\u0430\u0434\u043a\u0430.<\/p>\n<\/li>\n<li data-start=\"1923\" data-end=\"2032\">\n<p data-start=\"1925\" data-end=\"2032\">\u041c\u043e\u0436\u043d\u043e \u0443\u043f\u043e\u0442\u0440\u0435\u0431\u043b\u044f\u0442\u044c <strong data-start=\"1943\" data-end=\"1950\">\u0447\u0438\u0441\u0442\u044b\u043c<\/strong>, \u043d\u043e \u0435\u0433\u043e \u0442\u0430\u043a\u0436\u0435 \u043c\u043e\u0436\u043d\u043e \u0440\u0430\u0437\u0431\u0430\u0432\u043b\u044f\u0442\u044c \u0432\u043e\u0434\u043e\u0439, \u0434\u0440\u0443\u0433\u0438\u043c\u0438 \u0441\u043e\u043a\u0430\u043c\u0438 \u0438\u043b\u0438 \u0447\u0430\u044f\u043c\u0438, \u0432 \u0437\u0430\u0432\u0438\u0441\u0438\u043c\u043e\u0441\u0442\u0438 \u043e\u0442 \u043f\u0440\u0435\u0434\u043f\u043e\u0447\u0442\u0435\u043d\u0438\u0439.<\/p>\n<\/li>\n<\/ul>\n<h5 data-start=\"2374\" data-end=\"2404\">\u041f\u043e\u0447\u0435\u043c\u0443 \u0441\u0442\u043e\u0438\u0442 \u0432\u044b\u0431\u0440\u0430\u0442\u044c \u044d\u0442\u043e\u0442 \u043f\u0440\u043e\u0434\u0443\u043a\u0442?<\/h5>\n<ol data-start=\"2406\" data-end=\"2883\">\n<li data-start=\"2406\" data-end=\"2511\">\n<p data-start=\"2409\" data-end=\"2511\"><strong data-start=\"2409\" data-end=\"2430\">\u041e\u0440\u0433\u0430\u043d\u0438\u0447\u0435\u0441\u043a\u043e\u0435 \u043a\u0430\u0447\u0435\u0441\u0442\u0432\u043e<\/strong> \u2013 \u0418\u043c\u0431\u0438\u0440\u044c \u0438\u0437 \u043a\u043e\u043d\u0442\u0440\u043e\u043b\u0438\u0440\u0443\u0435\u043c\u044b\u0445 \u0445\u043e\u0437\u044f\u0439\u0441\u0442\u0432, \u0431\u0435\u0437 \u043f\u0435\u0441\u0442\u0438\u0446\u0438\u0434\u043e\u0432 \u0438 \u0445\u0438\u043c\u0438\u0447\u0435\u0441\u043a\u0438\u0445 \u0434\u043e\u0431\u0430\u0432\u043e\u043a.<\/p>\n<\/li>\n<li data-start=\"2512\" data-end=\"2618\">\n<p data-start=\"2515\" data-end=\"2618\"><strong data-start=\"2515\" data-end=\"2536\">\u0423\u0434\u043e\u0431\u043d\u0430\u044f \u0444\u043e\u0440\u043c\u0430<\/strong> \u2013 \u041f\u0440\u043e\u0449\u0435 \u0432 \u0438\u0441\u043f\u043e\u043b\u044c\u0437\u043e\u0432\u0430\u043d\u0438\u0438, \u0447\u0435\u043c \u0441\u0432\u0435\u0436\u0438\u0439 \u043a\u043e\u0440\u0435\u043d\u044c; \u044d\u043a\u043e\u043d\u043e\u043c\u0438\u0442 \u0432\u0440\u0435\u043c\u044f \u043d\u0430 \u043f\u0440\u0438\u0433\u043e\u0442\u043e\u0432\u043b\u0435\u043d\u0438\u0435.<\/p>\n<\/li>\n<li data-start=\"2619\" data-end=\"2751\">\n<p data-start=\"2622\" data-end=\"2751\"><strong data-start=\"2622\" data-end=\"2652\">\u042d\u043a\u043e\u043d\u043e\u043c\u0438\u044f \u043c\u0435\u0441\u0442\u0430 \u0438 \u0432\u0440\u0435\u043c\u0435\u043d\u0438<\/strong> \u2013 \u0412\u0430\u043c \u043d\u0435 \u043d\u0443\u0436\u043d\u043e \u0447\u0438\u0441\u0442\u0438\u0442\u044c \u043a\u043e\u0440\u0435\u043d\u044c \u0438\u043c\u0431\u0438\u0440\u044f \u0438\u043b\u0438 \u0442\u0435\u0440\u0435\u0442\u044c \u0435\u0433\u043e, \u043f\u0440\u043e\u0441\u0442\u043e \u043e\u0442\u043c\u0435\u0440\u044c\u0442\u0435 \u0441\u043e\u043a \u0438 \u0432\u044b\u043f\u0435\u0439\u0442\u0435 \u0435\u0433\u043e.<\/p>\n<\/li>\n<li data-start=\"2752\" data-end=\"2883\">\n<p data-start=\"2755\" data-end=\"2883\"><strong data-start=\"2755\" data-end=\"2772\">\u0412\u0430\u0440\u0438\u0430\u0446\u0438\u0438<\/strong> \u2013 \u0412\u044b \u043c\u043e\u0436\u0435\u0442\u0435 \u0434\u043e\u0431\u0430\u0432\u043b\u044f\u0442\u044c \u044d\u0442\u043e\u0442 \u0441\u043e\u043a \u0432 \u0431\u043b\u044e\u0434\u0430, \u0441\u043c\u0443\u0437\u0438, \u0447\u0430\u0438 \u0438\u043b\u0438 \u043f\u0438\u0442\u044c \u0435\u0433\u043e \u0432 \u0447\u0438\u0441\u0442\u043e\u043c \u0432\u0438\u0434\u0435 \u0434\u043b\u044f \u043f\u043e\u0432\u044b\u0448\u0435\u043d\u0438\u044f \u0442\u043e\u043d\u0443\u0441\u0430.<\/p>\n<\/li>\n<\/ol>\n<h6 data-start=\"2905\" data-end=\"2957\"><strong data-start=\"2905\" data-end=\"2957\">\u041f\u0440\u0435\u0434\u043b\u0430\u0433\u0430\u0435\u043c\u044b\u0435 \u043a\u043b\u044e\u0447\u0435\u0432\u044b\u0435 \u0441\u043b\u043e\u0432\u0430 \u0434\u043b\u044f \u0441\u0442\u0440\u0430\u043d\u0438\u0446\u044b \u043f\u0440\u043e\u0434\u0443\u043a\u0442\u0430:<\/strong><\/h6>\n<h6 data-start=\"2960\" data-end=\"2977\">\u041e\u0440\u0433\u0430\u043d\u0438\u0447\u0435\u0441\u043a\u0438\u0439 \u0438\u043c\u0431\u0438\u0440\u043d\u044b\u0439 \u0441\u043e\u043a Bio Ingwer 100% Fruchtsaft, \u0438\u043c\u0431\u0438\u0440\u043d\u044b\u0439 \u0441\u043e\u043a 330 \u043c\u043b, \u043e\u0440\u0433\u0430\u043d\u0438\u0447\u0435\u0441\u043a\u0438\u0439 \u0438\u043c\u0431\u0438\u0440\u044c \u0434\u043b\u044f \u043f\u0438\u0449\u0435\u0432\u0430\u0440\u0435\u043d\u0438\u044f, \u043f\u043e\u043b\u044c\u0437\u0430 \u043d\u0430\u0442\u0443\u0440\u0430\u043b\u044c\u043d\u043e\u0433\u043e \u0438\u043c\u0431\u0438\u0440\u044f<\/h6>","protected":false},"excerpt":{"rendered":"<p>Ghimbir Suc Bio 100% stoarcere directa\u00a0este un suc pur, 100% natural, ob\u021binut exclusiv din r\u0103d\u0103cin\u0103 de ghimbir (Zingiber officinale), cultivat\u0103<\/p>","protected":false},"featured_media":14494,"comment_status":"open","ping_status":"closed","template":"","meta":{"_acf_changed":false},"product_brand":[],"product_cat":[112],"product_tag":[],"class_list":{"0":"post-14492","1":"product","2":"type-product","3":"status-publish","4":"has-post-thumbnail","6":"product_cat-sucuri-siropuri-bio","8":"first","9":"instock","10":"shipping-taxable","11":"purchasable","12":"product-type-simple"},"acf":[],"_links":{"self":[{"href":"https:\/\/biomed.md\/ru\/wp-json\/wp\/v2\/product\/14492","targetHints":{"allow":["GET"]}}],"collection":[{"href":"https:\/\/biomed.md\/ru\/wp-json\/wp\/v2\/product"}],"about":[{"href":"https:\/\/biomed.md\/ru\/wp-json\/wp\/v2\/types\/product"}],"replies":[{"embeddable":true,"href":"https:\/\/biomed.md\/ru\/wp-json\/wp\/v2\/comments?post=14492"}],"version-history":[{"count":4,"href":"https:\/\/biomed.md\/ru\/wp-json\/wp\/v2\/product\/14492\/revisions"}],"predecessor-version":[{"id":14594,"href":"https:\/\/biomed.md\/ru\/wp-json\/wp\/v2\/product\/14492\/revisions\/14594"}],"wp:featuredmedia":[{"embeddable":true,"href":"https:\/\/biomed.md\/ru\/wp-json\/wp\/v2\/media\/14494"}],"wp:attachment":[{"href":"https:\/\/biomed.md\/ru\/wp-json\/wp\/v2\/media?parent=14492"}],"wp:term":[{"taxonomy":"product_brand","embeddable":true,"href":"https:\/\/biomed.md\/ru\/wp-json\/wp\/v2\/product_brand?post=14492"},{"taxonomy":"product_cat","embeddable":true,"href":"https:\/\/biomed.md\/ru\/wp-json\/wp\/v2\/product_cat?post=14492"},{"taxonomy":"product_tag","embeddable":true,"href":"https:\/\/biomed.md\/ru\/wp-json\/wp\/v2\/product_tag?post=14492"}],"curies":[{"name":"wp","href":"https:\/\/api.w.org\/{rel}","templated":true}]}}