{"id":14327,"date":"2025-10-30T10:00:48","date_gmt":"2025-10-30T10:00:48","guid":{"rendered":"https:\/\/biomed.md\/?post_type=product&#038;p=14327"},"modified":"2026-01-30T12:48:11","modified_gmt":"2026-01-30T12:48:11","slug":"higrometre-cu-certificat-metrologic","status":"publish","type":"product","link":"https:\/\/biomed.md\/ru\/product\/higrometre-cu-certificat-metrologic\/","title":{"rendered":"\u041f\u0441\u0438\u0445\u0440\u043e\u043c\u0435\u0442\u0440\u0438\u0447\u0435\u0441\u043a\u0438\u0439 \u0413\u0438\u0433\u0440\u043e\u043c\u0435\u0442\u0440 \u0441 \u043c\u0435\u0442\u0440\u043e\u043b\u043e\u0433\u0438\u0435\u0439"},"content":{"rendered":"<h5 class=\"serp-title\"><mark>Higrometre Cu Certificat Metrologic<\/mark><\/h5>\n<p data-start=\"372\" data-end=\"732\">\u0413\u0438\u0433\u0440\u043e\u043c\u0435\u0442\u0440\u044b <strong data-start=\"385\" data-end=\"394\">\u0412\u0418\u0422-1<\/strong> \u0438 <strong data-start=\"398\" data-end=\"407\">\u0412\u0418\u0422-2<\/strong> \u044f\u0432\u043b\u044f\u044e\u0442\u0441\u044f \u043d\u0430\u0434\u0435\u0436\u043d\u044b\u043c\u0438 \u043c\u0435\u0442\u0440\u043e\u043b\u043e\u0433\u0438\u0447\u0435\u0441\u043a\u0438\u043c\u0438 \u043f\u0440\u0438\u0431\u043e\u0440\u0430\u043c\u0438, \u043f\u0440\u0435\u0434\u043d\u0430\u0437\u043d\u0430\u0447\u0435\u043d\u043d\u044b\u043c\u0438 \u0434\u043b\u044f \u0442\u043e\u0447\u043d\u043e\u0433\u043e \u0438\u0437\u043c\u0435\u0440\u0435\u043d\u0438\u044f <strong data-start=\"488\" data-end=\"529\">\u043e\u0442\u043d\u043e\u0441\u0438\u0442\u0435\u043b\u044c\u043d\u0430\u044f \u0432\u043b\u0430\u0436\u043d\u043e\u0441\u0442\u044c \u0438 \u0442\u0435\u043c\u043f\u0435\u0440\u0430\u0442\u0443\u0440\u0430<\/strong> \u0432 \u043f\u043e\u043c\u0435\u0449\u0435\u043d\u0438\u044f\u0445 \u0441 \u043a\u043e\u043d\u0442\u0440\u043e\u043b\u0438\u0440\u0443\u0435\u043c\u044b\u043c \u043a\u043b\u0438\u043c\u0430\u0442\u043e\u043c. \u042d\u0442\u0438 \u043c\u043e\u0434\u0435\u043b\u0438 \u043c\u0435\u0442\u0440\u043e\u043b\u043e\u0433\u0438\u0447\u0435\u0441\u043a\u0438 \u0441\u0435\u0440\u0442\u0438\u0444\u0438\u0446\u0438\u0440\u043e\u0432\u0430\u043d\u044b \u0438 \u043e\u0431\u0435\u0441\u043f\u0435\u0447\u0438\u0432\u0430\u044e\u0442 \u0442\u043e\u0447\u043d\u044b\u0435 \u0440\u0435\u0437\u0443\u043b\u044c\u0442\u0430\u0442\u044b, \u0448\u0438\u0440\u043e\u043a\u043e \u0438\u0441\u043f\u043e\u043b\u044c\u0437\u0443\u044e\u0442\u0441\u044f \u0432 <strong data-start=\"664\" data-end=\"731\">\u043b\u0430\u0431\u043e\u0440\u0430\u0442\u043e\u0440\u0438\u0438, \u0430\u043f\u0442\u0435\u043a\u0438, \u043c\u0435\u0434\u0438\u0446\u0438\u043d\u0441\u043a\u0438\u0435 \u0441\u043a\u043b\u0430\u0434\u044b \u0438 \u043f\u0440\u043e\u0438\u0437\u0432\u043e\u0434\u0441\u0442\u0432\u0435\u043d\u043d\u044b\u0435 \u043f\u043e\u043c\u0435\u0449\u0435\u043d\u0438\u044f<\/strong>.<\/p>\n<hr data-start=\"734\" data-end=\"737\" \/>\n<h5 data-start=\"739\" data-end=\"786\">\u2705 <strong data-start=\"745\" data-end=\"786\">\u041e\u0441\u043d\u043e\u0432\u043d\u044b\u0435 \u043f\u0440\u0435\u0438\u043c\u0443\u0449\u0435\u0441\u0442\u0432\u0430 \u0438 \u043e\u0441\u043e\u0431\u0435\u043d\u043d\u043e\u0441\u0442\u0438<\/strong><\/h5>\n<ul data-start=\"787\" data-end=\"1610\">\n<li data-start=\"787\" data-end=\"907\">\n<p data-start=\"789\" data-end=\"907\"><strong data-start=\"789\" data-end=\"821\">\u0422\u043e\u0447\u043d\u043e\u0435 \u0438 \u043d\u0430\u0434\u0435\u0436\u043d\u043e\u0435 \u0438\u0437\u043c\u0435\u0440\u0435\u043d\u0438\u0435:<\/strong> \u0422\u043e\u0447\u043d\u043e \u043e\u043f\u0440\u0435\u0434\u0435\u043b\u044f\u0435\u0442 \u0432\u043b\u0430\u0436\u043d\u043e\u0441\u0442\u044c \u0438 \u0442\u0435\u043c\u043f\u0435\u0440\u0430\u0442\u0443\u0440\u0443 \u0432 \u0441\u043e\u043e\u0442\u0432\u0435\u0442\u0441\u0442\u0432\u0438\u0438 \u0441 \u043c\u0435\u0442\u0440\u043e\u043b\u043e\u0433\u0438\u0447\u0435\u0441\u043a\u0438\u043c\u0438 \u0441\u0442\u0430\u043d\u0434\u0430\u0440\u0442\u0430\u043c\u0438.<\/p>\n<\/li>\n<li data-start=\"908\" data-end=\"1010\">\n<p data-start=\"910\" data-end=\"1010\"><strong data-start=\"910\" data-end=\"943\">\u041c\u0435\u0442\u0440\u043e\u043b\u043e\u0433\u0438\u0447\u0435\u0441\u043a\u0438\u0439 \u0441\u0435\u0440\u0442\u0438\u0444\u0438\u043a\u0430\u0442 \u0432\u043a\u043b\u044e\u0447\u0430\u0435\u0442:<\/strong> \u041e\u0431\u0435\u0441\u043f\u0435\u0447\u0438\u0432\u0430\u0435\u0442 \u0434\u043e\u0432\u0435\u0440\u0438\u0435 \u0438 \u0441\u043e\u043e\u0442\u0432\u0435\u0442\u0441\u0442\u0432\u0438\u0435 \u0442\u0440\u0435\u0431\u043e\u0432\u0430\u043d\u0438\u044f\u043c \u0432\u043e \u0432\u0441\u0435\u0445 \u043f\u0440\u043e\u0444\u0435\u0441\u0441\u0438\u043e\u043d\u0430\u043b\u044c\u043d\u044b\u0445 \u0441\u0440\u0435\u0434\u0430\u0445.<\/p>\n<\/li>\n<li data-start=\"1011\" data-end=\"1106\">\n<p data-start=\"1013\" data-end=\"1106\"><strong data-start=\"1013\" data-end=\"1037\">\u041f\u0440\u043e\u0447\u043d\u0430\u044f \u043a\u043e\u043d\u0441\u0442\u0440\u0443\u043a\u0446\u0438\u044f:<\/strong> \u041f\u0440\u043e\u0447\u043d\u0430\u044f \u043f\u043b\u0430\u0441\u0442\u0438\u043a\u043e\u0432\u0430\u044f \u043e\u0441\u043d\u043e\u0432\u0430 \u0434\u043b\u044f \u0443\u0441\u0442\u043e\u0439\u0447\u0438\u0432\u043e\u0441\u0442\u0438 \u0438 \u0434\u043e\u043b\u0433\u043e\u0432\u0435\u0447\u043d\u043e\u0441\u0442\u0438.<\/p>\n<\/li>\n<li data-start=\"1107\" data-end=\"1205\">\n<p data-start=\"1109\" data-end=\"1205\"><strong data-start=\"1109\" data-end=\"1145\">\u0422\u0435\u0440\u043c\u043e\u043c\u0435\u0442\u0440\u0438\u0447\u0435\u0441\u043a\u0430\u044f \u0436\u0438\u0434\u043a\u043e\u0441\u0442\u044c \u0412\u0418\u0422 (\u0442\u043e\u043b\u0443\u043e\u043b):<\/strong> \u041e\u0431\u0435\u0441\u043f\u0435\u0447\u0438\u0432\u0430\u0435\u0442 \u043d\u0430\u0434\u0435\u0436\u043d\u044b\u0435 \u0438 \u043f\u043e\u0441\u043b\u0435\u0434\u043e\u0432\u0430\u0442\u0435\u043b\u044c\u043d\u044b\u0435 \u0438\u0437\u043c\u0435\u0440\u0435\u043d\u0438\u044f \u0432 \u0440\u0430\u0437\u043b\u0438\u0447\u043d\u044b\u0445 \u0443\u0441\u043b\u043e\u0432\u0438\u044f\u0445.<\/p>\n<\/li>\n<li data-start=\"1206\" data-end=\"1299\">\n<p data-start=\"1208\" data-end=\"1299\"><strong data-start=\"1208\" data-end=\"1240\">\u0418\u043d\u0442\u0435\u0433\u0440\u0438\u0440\u043e\u0432\u0430\u043d\u043d\u0430\u044f \u043f\u0441\u0438\u0445\u0440\u043e\u043c\u0435\u0442\u0440\u0438\u0447\u0435\u0441\u043a\u0430\u044f \u0442\u0430\u0431\u043b\u0438\u0446\u0430:<\/strong> \u041f\u043e\u0437\u0432\u043e\u043b\u044f\u0435\u0442 \u0431\u044b\u0441\u0442\u0440\u043e \u0438 \u043b\u0435\u0433\u043a\u043e \u043f\u0440\u0435\u043e\u0431\u0440\u0430\u0437\u043e\u0432\u044b\u0432\u0430\u0442\u044c \u0438\u0437\u043c\u0435\u0440\u0435\u043d\u043d\u044b\u0435 \u0437\u043d\u0430\u0447\u0435\u043d\u0438\u044f.<\/p>\n<\/li>\n<li data-start=\"1300\" data-end=\"1610\">\n<p data-start=\"1302\" data-end=\"1334\"><strong data-start=\"1302\" data-end=\"1332\">\u0414\u043e\u0441\u0442\u0443\u043f\u043d\u044b \u0434\u0432\u0430 \u0432\u0430\u0440\u0438\u0430\u043d\u0442\u0430:<\/strong><\/p>\n<ul data-start=\"1337\" data-end=\"1610\">\n<li data-start=\"1337\" data-end=\"1447\">\n<p data-start=\"1339\" data-end=\"1447\"><strong data-start=\"1339\" data-end=\"1349\">\u0412\u0418\u0422-1:<\/strong> \u0414\u0438\u0430\u043f\u0430\u0437\u043e\u043d \u0442\u0435\u043c\u043f\u0435\u0440\u0430\u0442\u0443\u0440 <strong data-start=\"1374\" data-end=\"1386\">0 \u2013 25\u00b0C<\/strong>, \u0438\u0434\u0435\u0430\u043b\u044c\u043d\u043e \u043f\u043e\u0434\u0445\u043e\u0434\u0438\u0442 \u0434\u043b\u044f \u0445\u043e\u043b\u043e\u0434\u0438\u043b\u044c\u043d\u044b\u0445 \u043a\u0430\u043c\u0435\u0440, \u043b\u0430\u0431\u043e\u0440\u0430\u0442\u043e\u0440\u0438\u0439 \u0438 \u0441\u043a\u043b\u0430\u0434\u043e\u0432.<\/p>\n<\/li>\n<li data-start=\"1450\" data-end=\"1610\">\n<p data-start=\"1452\" data-end=\"1610\"><strong data-start=\"1452\" data-end=\"1462\">\u0412\u0418\u0422-2:<\/strong> \u0414\u0438\u0430\u043f\u0430\u0437\u043e\u043d \u0442\u0435\u043c\u043f\u0435\u0440\u0430\u0442\u0443\u0440 <strong data-start=\"1487\" data-end=\"1500\">15 \u2013 40\u00b0C<\/strong>, \u0438\u0434\u0435\u0430\u043b\u044c\u043d\u043e \u043f\u043e\u0434\u0445\u043e\u0434\u0438\u0442 \u0434\u043b\u044f \u043e\u0442\u0430\u043f\u043b\u0438\u0432\u0430\u0435\u043c\u044b\u0445 \u043f\u043e\u043c\u0435\u0449\u0435\u043d\u0438\u0439, \u043a\u043b\u0438\u043d\u0438\u043a, \u043f\u0440\u043e\u0438\u0437\u0432\u043e\u0434\u0441\u0442\u0432\u0435\u043d\u043d\u044b\u0445 \u0446\u0435\u0445\u043e\u0432 \u0438\u043b\u0438 \u0438\u0441\u043f\u044b\u0442\u0430\u0442\u0435\u043b\u044c\u043d\u044b\u0445 \u0437\u043e\u043d \u0441 \u0432\u044b\u0441\u043e\u043a\u0438\u043c\u0438 \u0442\u0435\u043c\u043f\u0435\u0440\u0430\u0442\u0443\u0440\u0430\u043c\u0438.<\/p>\n<\/li>\n<\/ul>\n<\/li>\n<\/ul>\n<hr data-start=\"1612\" data-end=\"1615\" \/>\n<h5 data-start=\"1617\" data-end=\"1649\">\ud83e\uddea <strong data-start=\"1624\" data-end=\"1649\">\u0420\u0435\u043a\u043e\u043c\u0435\u043d\u0434\u0443\u0435\u043c\u043e\u0435 \u0438\u0441\u043f\u043e\u043b\u044c\u0437\u043e\u0432\u0430\u043d\u0438\u0435<\/strong><\/h5>\n<p data-start=\"1650\" data-end=\"1710\">\u0413\u0438\u0433\u0440\u043e\u043c\u0435\u0442\u0440\u044b <strong data-start=\"1663\" data-end=\"1672\">\u0412\u0418\u0422-1<\/strong> \u0438 <strong data-start=\"1676\" data-end=\"1685\">\u0412\u0418\u0422-2<\/strong> sunt potrivite pentru:<\/p>\n<ul data-start=\"1711\" data-end=\"2076\">\n<li data-start=\"1711\" data-end=\"1805\">\n<p data-start=\"1713\" data-end=\"1805\"><strong data-start=\"1713\" data-end=\"1753\">\u041c\u0435\u0434\u0438\u0446\u0438\u043d\u0441\u043a\u0438\u0435 \u0438 \u0444\u0430\u0440\u043c\u0430\u0446\u0435\u0432\u0442\u0438\u0447\u0435\u0441\u043a\u0438\u0435 \u043b\u0430\u0431\u043e\u0440\u0430\u0442\u043e\u0440\u0438\u0438<\/strong> \u2013 \u0434\u043b\u044f \u043a\u043e\u043d\u0442\u0440\u043e\u043b\u044f \u0443\u0441\u043b\u043e\u0432\u0438\u0439 \u0445\u0440\u0430\u043d\u0435\u043d\u0438\u044f;<\/p>\n<\/li>\n<li data-start=\"1806\" data-end=\"1885\">\n<p data-start=\"1808\" data-end=\"1885\"><strong data-start=\"1808\" data-end=\"1847\">\u041f\u0440\u043e\u0434\u043e\u0432\u043e\u043b\u044c\u0441\u0442\u0432\u0435\u043d\u043d\u044b\u0435 \u0438 \u0444\u0430\u0440\u043c\u0430\u0446\u0435\u0432\u0442\u0438\u0447\u0435\u0441\u043a\u0438\u0435 \u0441\u043a\u043b\u0430\u0434\u044b<\/strong> \u2013 \u0434\u043b\u044f \u043f\u043e\u0434\u0434\u0435\u0440\u0436\u0430\u043d\u0438\u044f \u043c\u0438\u043a\u0440\u043e\u043a\u043b\u0438\u043c\u0430\u0442\u0430;<\/p>\n<\/li>\n<li data-start=\"1886\" data-end=\"1997\">\n<p data-start=\"1888\" data-end=\"1997\"><strong data-start=\"1888\" data-end=\"1940\">\u041a\u043b\u0438\u043d\u0438\u043a\u0438, \u043a\u043e\u0441\u043c\u0435\u0442\u0438\u0447\u0435\u0441\u043a\u0438\u0435 \u043a\u0430\u0431\u0438\u043d\u0435\u0442\u044b \u0438 \u0438\u0441\u0441\u043b\u0435\u0434\u043e\u0432\u0430\u0442\u0435\u043b\u044c\u0441\u043a\u0438\u0435 \u0446\u0435\u043d\u0442\u0440\u044b<\/strong> \u2013 \u043f\u043e\u0434\u0434\u0435\u0440\u0436\u0438\u0432\u0430\u0442\u044c \u043e\u043f\u0442\u0438\u043c\u0430\u043b\u044c\u043d\u0443\u044e \u0432\u043b\u0430\u0436\u043d\u043e\u0441\u0442\u044c \u0438 \u0442\u0435\u043c\u043f\u0435\u0440\u0430\u0442\u0443\u0440\u0443;<\/p>\n<\/li>\n<li data-start=\"1998\" data-end=\"2076\">\n<p data-start=\"2000\" data-end=\"2076\"><strong data-start=\"2000\" data-end=\"2022\">\u041f\u0440\u043e\u043c\u044b\u0448\u043b\u0435\u043d\u043d\u044b\u0435 \u043f\u043e\u043c\u0435\u0449\u0435\u043d\u0438\u044f<\/strong> \u2013 \u0434\u043b\u044f \u0443\u043f\u0440\u0430\u0432\u043b\u0435\u043d\u0438\u044f \u043f\u0440\u043e\u0446\u0435\u0441\u0441\u0430\u043c\u0438, \u0447\u0443\u0432\u0441\u0442\u0432\u0438\u0442\u0435\u043b\u044c\u043d\u044b\u043c\u0438 \u043a \u0432\u043b\u0430\u0433\u0435.<\/p>\n<\/li>\n<\/ul>\n<hr data-start=\"2078\" data-end=\"2081\" \/>\n<h5 data-start=\"2083\" data-end=\"2114\">\ud83d\udce6 <strong data-start=\"2090\" data-end=\"2114\">\u0425\u0430\u0440\u0430\u043a\u0442\u0435\u0440\u0438\u0441\u0442\u0438\u043a\u0438<\/strong><\/h5>\n<div class=\"_tableContainer_1rjym_1\">\n<div class=\"group _tableWrapper_1rjym_13 flex w-fit flex-col-reverse\" tabindex=\"-1\">\n<table class=\"w-fit min-w-(--thread-content-width)\" data-start=\"2115\" data-end=\"2434\">\n<thead data-start=\"2115\" data-end=\"2149\">\n<tr data-start=\"2115\" data-end=\"2149\">\n<th data-start=\"2115\" data-end=\"2132\" data-col-size=\"sm\">\u0425\u0430\u0440\u0430\u043a\u0442\u0435\u0440\u0438\u0441\u0442\u0438\u043a\u0430<\/th>\n<th data-start=\"2132\" data-end=\"2140\" data-col-size=\"sm\">\u0412\u0418\u0422-1<\/th>\n<th data-start=\"2140\" data-end=\"2149\" data-col-size=\"sm\">\u0412\u0418\u0422-2<\/th>\n<\/tr>\n<\/thead>\n<tbody data-start=\"2185\" data-end=\"2434\">\n<tr data-start=\"2185\" data-end=\"2238\">\n<td data-start=\"2185\" data-end=\"2210\" data-col-size=\"sm\">\u0414\u0438\u0430\u043f\u0430\u0437\u043e\u043d \u0442\u0435\u043c\u043f\u0435\u0440\u0430\u0442\u0443\u0440<\/td>\n<td data-col-size=\"sm\" data-start=\"2210\" data-end=\"2223\">0\u00b0C \u2013 25\u00b0C<\/td>\n<td data-col-size=\"sm\" data-start=\"2223\" data-end=\"2238\">15\u00b0C \u2013 40\u00b0C<\/td>\n<\/tr>\n<tr data-start=\"2239\" data-end=\"2279\">\n<td data-start=\"2239\" data-end=\"2260\" data-col-size=\"sm\">\u0422\u0435\u0440\u043c\u043e\u043c\u0435\u0442\u0440\u0438\u0447\u0435\u0441\u043a\u0430\u044f \u0436\u0438\u0434\u043a\u043e\u0441\u0442\u044c<\/td>\n<td data-col-size=\"sm\" data-start=\"2260\" data-end=\"2269\">\u0422\u043e\u043b\u0443\u043e\u043b<\/td>\n<td data-col-size=\"sm\" data-start=\"2269\" data-end=\"2279\">\u0422\u043e\u043b\u0443\u043e\u043b<\/td>\n<\/tr>\n<tr data-start=\"2280\" data-end=\"2337\">\n<td data-start=\"2280\" data-end=\"2296\" data-col-size=\"sm\">\u041e\u0441\u043d\u043e\u0432\u043d\u043e\u0439 \u043c\u0430\u0442\u0435\u0440\u0438\u0430\u043b<\/td>\n<td data-start=\"2296\" data-end=\"2316\" data-col-size=\"sm\">\u041f\u0440\u043e\u0447\u043d\u044b\u0439 \u043f\u043b\u0430\u0441\u0442\u0438\u043a<\/td>\n<td data-start=\"2316\" data-end=\"2337\" data-col-size=\"sm\">\u041f\u0440\u043e\u0447\u043d\u044b\u0439 \u043f\u043b\u0430\u0441\u0442\u0438\u043a<\/td>\n<\/tr>\n<tr data-start=\"2338\" data-end=\"2378\">\n<td data-start=\"2338\" data-end=\"2351\" data-col-size=\"sm\">\u0421\u0435\u0440\u0442\u0438\u0444\u0438\u043a\u0430\u0442<\/td>\n<td data-start=\"2351\" data-end=\"2364\" data-col-size=\"sm\">\u041c\u0435\u0442\u0440\u043e\u043b\u043e\u0433\u0438\u0447\u0435\u0441\u043a\u0438\u0439<\/td>\n<td data-start=\"2364\" data-end=\"2378\" data-col-size=\"sm\">\u041c\u0435\u0442\u0440\u043e\u043b\u043e\u0433\u0438\u0447\u0435\u0441\u043a\u0438\u0439<\/td>\n<\/tr>\n<tr data-start=\"2379\" data-end=\"2434\">\n<td data-start=\"2379\" data-end=\"2391\" data-col-size=\"sm\">\u0410\u043a\u0441\u0435\u0441\u0441\u0443\u0430\u0440\u044b<\/td>\n<td data-col-size=\"sm\" data-start=\"2391\" data-end=\"2412\">\u041f\u0441\u0438\u0445\u0440\u043e\u043c\u0435\u0442\u0440\u0438\u0447\u0435\u0441\u043a\u0430\u044f \u0442\u0430\u0431\u043b\u0438\u0446\u0430<\/td>\n<td data-col-size=\"sm\" data-start=\"2412\" data-end=\"2434\">\u041f\u0441\u0438\u0445\u0440\u043e\u043c\u0435\u0442\u0440\u0438\u0447\u0435\u0441\u043a\u0430\u044f \u0442\u0430\u0431\u043b\u0438\u0446\u0430<\/td>\n<\/tr>\n<\/tbody>\n<\/table>\n<\/div>\n<\/div>\n<hr data-start=\"2436\" data-end=\"2439\" \/>\n<h5 data-start=\"2441\" data-end=\"2491\">\ud83d\udca1 <strong data-start=\"2448\" data-end=\"2491\">\u041f\u0440\u0435\u0438\u043c\u0443\u0449\u0435\u0441\u0442\u0432\u0430 SEO (\u0438\u043d\u0442\u0435\u0433\u0440\u0438\u0440\u043e\u0432\u0430\u043d\u043d\u044b\u0435 \u043a\u043b\u044e\u0447\u0435\u0432\u044b\u0435 \u0441\u043b\u043e\u0432\u0430)<\/strong><\/h5>\n<p data-start=\"2492\" data-end=\"2739\">\ud83d\udc49 \u043f\u0440\u043e\u0444\u0435\u0441\u0441\u0438\u043e\u043d\u0430\u043b\u044c\u043d\u044b\u0439 \u0433\u0438\u0433\u0440\u043e\u043c\u0435\u0442\u0440<br data-start=\"2517\" data-end=\"2520\" \/>\ud83d\udc49 \u0413\u0438\u0433\u0440\u043e\u043c\u0435\u0442\u0440 \u0412\u0418\u0422-1 \u0438 \u0412\u0418\u0422-2<br data-start=\"2548\" data-end=\"2551\" \/>\ud83d\udc49 \u0438\u0437\u043c\u0435\u0440\u0435\u043d\u0438\u0435 \u0432\u043b\u0430\u0436\u043d\u043e\u0441\u0442\u0438 \u0438 \u0442\u0435\u043c\u043f\u0435\u0440\u0430\u0442\u0443\u0440\u044b<br data-start=\"2587\" data-end=\"2590\" \/>\ud83d\udc49 \u0441\u0435\u0440\u0442\u0438\u0444\u0438\u0446\u0438\u0440\u043e\u0432\u0430\u043d\u043d\u043e\u0435 \u043c\u0435\u0442\u0440\u043e\u043b\u043e\u0433\u0438\u0447\u0435\u0441\u043a\u0438\u0439 \u043f\u0440\u0438\u0431\u043e\u0440<br data-start=\"2625\" data-end=\"2628\" \/>\ud83d\udc49 \u043a\u043b\u0438\u043c\u0430\u0442\u0438\u0447\u0435\u0441\u043a\u0438\u0439 \u043b\u0430\u0431\u043e\u0440\u0430\u0442\u043e\u0440\u043d\u044b\u0439 \u043f\u0440\u0438\u0431\u043e\u0440<br data-start=\"2660\" data-end=\"2663\" \/>\ud83d\udc49 \u0433\u0438\u0433\u0440\u043e\u043c\u0435\u0442\u0440 \u0441 \u043f\u0441\u0438\u0445\u0440\u043e\u043c\u0435\u0442\u0440\u0438\u0447\u0435\u0441\u043a\u043e\u0439 \u0442\u0430\u0431\u043b\u0438\u0446\u0435\u0439<br data-start=\"2698\" data-end=\"2701\" \/>\ud83d\udc49 \u0433\u0438\u0433\u0440\u043e\u043c\u0435\u0442\u0440 \u0434\u043b\u044f \u0445\u0440\u0430\u043d\u0435\u043d\u0438\u044f \u043c\u0435\u0434\u0438\u0446\u0438\u043d\u0441\u043a\u0438\u0445 \u043f\u0440\u0435\u043f\u0430\u0440\u0430\u0442\u043e\u0432<\/p>\n<p data-start=\"2767\" data-end=\"2862\">\u0412\u044b\u0431\u0438\u0440\u0430\u0439\u0442\u0435 <strong data-start=\"2773\" data-end=\"2794\">\u0413\u0438\u0433\u0440\u043e\u043c\u0435\u0442\u0440 \u0412\u0418\u0422-1<\/strong> \u0438\u043b\u0438 <strong data-start=\"2799\" data-end=\"2808\">\u0412\u0418\u0422-2<\/strong> \u0432 \u0437\u0430\u0432\u0438\u0441\u0438\u043c\u043e\u0441\u0442\u0438 \u043e\u0442 \u0442\u0435\u043c\u043f\u0435\u0440\u0430\u0442\u0443\u0440\u044b \u043e\u043a\u0440\u0443\u0436\u0430\u044e\u0449\u0435\u0439 \u0441\u0440\u0435\u0434\u044b, \u0432 \u043a\u043e\u0442\u043e\u0440\u043e\u0439 \u0432\u044b \u0440\u0430\u0431\u043e\u0442\u0430\u0435\u0442\u0435:<\/p>\n<ul data-start=\"2863\" data-end=\"2950\">\n<li data-start=\"2863\" data-end=\"2905\">\n<p data-start=\"2865\" data-end=\"2905\"><strong data-start=\"2865\" data-end=\"2874\">\u0412\u0418\u0422-1<\/strong> \u0434\u043b\u044f \u0445\u043e\u043b\u043e\u0434\u043d\u044b\u0445 \u043f\u043e\u043c\u0435\u0449\u0435\u043d\u0438\u0439 (0\u201325\u00b0C),<\/p>\n<\/li>\n<li data-start=\"2906\" data-end=\"2950\">\n<p data-start=\"2908\" data-end=\"2950\"><strong data-start=\"2908\" data-end=\"2917\">\u0412\u0418\u0422-2<\/strong> \u0434\u043b\u044f \u0442\u0435\u043f\u043b\u044b\u0445 \u043f\u043e\u043c\u0435\u0449\u0435\u043d\u0438\u0439 (15\u201340\u00b0\u0421).<\/p>\n<\/li>\n<\/ul>\n<p data-start=\"2952\" data-end=\"3151\">\u041e\u0431\u0435 \u043c\u043e\u0434\u0435\u043b\u0438 \u0433\u0430\u0440\u0430\u043d\u0442\u0438\u0440\u0443\u044e\u0442 <strong data-start=\"2977\" data-end=\"3001\">\u043c\u0435\u0442\u0440\u043e\u043b\u043e\u0433\u0438\u0447\u0435\u0441\u043a\u0430\u044f \u0442\u043e\u0447\u043d\u043e\u0441\u0442\u044c<\/strong>, <strong data-start=\"3003\" data-end=\"3026\">\u043d\u0430\u0434\u0435\u0436\u043d\u043e\u0441\u0442\u044c \u0441 \u0442\u0435\u0447\u0435\u043d\u0438\u0435\u043c \u0432\u0440\u0435\u043c\u0435\u043d\u0438<\/strong> \u0438 <strong data-start=\"3030\" data-end=\"3066\">\u043e\u043f\u0442\u0438\u043c\u0430\u043b\u044c\u043d\u044b\u0439 \u043a\u043e\u043d\u0442\u0440\u043e\u043b\u044c \u043c\u0438\u043a\u0440\u043e\u043a\u043b\u0438\u043c\u0430\u0442\u0430<\/strong> \u2013 \u043d\u0435\u043e\u0431\u0445\u043e\u0434\u0438\u043c\u044b \u0434\u043b\u044f \u043e\u0431\u0435\u0441\u043f\u0435\u0447\u0435\u043d\u0438\u044f \u043a\u0430\u0447\u0435\u0441\u0442\u0432\u0430, \u0431\u0435\u0437\u043e\u043f\u0430\u0441\u043d\u043e\u0441\u0442\u0438 \u0438 \u0441\u043e\u043e\u0442\u0432\u0435\u0442\u0441\u0442\u0432\u0438\u044f \u0442\u0440\u0435\u0431\u043e\u0432\u0430\u043d\u0438\u044f\u043c \u0432 \u043b\u044e\u0431\u043e\u0439 \u043f\u0440\u043e\u0444\u0435\u0441\u0441\u0438\u043e\u043d\u0430\u043b\u044c\u043d\u043e\u0439 \u0441\u0444\u0435\u0440\u0435.<\/p>","protected":false},"excerpt":{"rendered":"<p>Higrometre Cu Certificat Metrologic Higrometrele VIT-1 \u0219i VIT-2 sunt instrumente metrologice de \u00eencredere, concepute pentru m\u0103surarea precis\u0103 a umidit\u0103\u021bii relative<\/p>","protected":false},"featured_media":14331,"comment_status":"open","ping_status":"closed","template":"","meta":{"_acf_changed":false},"product_brand":[],"product_cat":[109,105],"product_tag":[],"class_list":{"0":"post-14327","1":"product","2":"type-product","3":"status-publish","4":"has-post-thumbnail","6":"product_cat-termometre-si-tensiometre","7":"product_cat-analizatoare-apa-sol-ph","9":"first","10":"instock","11":"shipping-taxable","12":"purchasable","13":"product-type-simple"},"acf":[],"_links":{"self":[{"href":"https:\/\/biomed.md\/ru\/wp-json\/wp\/v2\/product\/14327","targetHints":{"allow":["GET"]}}],"collection":[{"href":"https:\/\/biomed.md\/ru\/wp-json\/wp\/v2\/product"}],"about":[{"href":"https:\/\/biomed.md\/ru\/wp-json\/wp\/v2\/types\/product"}],"replies":[{"embeddable":true,"href":"https:\/\/biomed.md\/ru\/wp-json\/wp\/v2\/comments?post=14327"}],"version-history":[{"count":5,"href":"https:\/\/biomed.md\/ru\/wp-json\/wp\/v2\/product\/14327\/revisions"}],"predecessor-version":[{"id":15435,"href":"https:\/\/biomed.md\/ru\/wp-json\/wp\/v2\/product\/14327\/revisions\/15435"}],"wp:featuredmedia":[{"embeddable":true,"href":"https:\/\/biomed.md\/ru\/wp-json\/wp\/v2\/media\/14331"}],"wp:attachment":[{"href":"https:\/\/biomed.md\/ru\/wp-json\/wp\/v2\/media?parent=14327"}],"wp:term":[{"taxonomy":"product_brand","embeddable":true,"href":"https:\/\/biomed.md\/ru\/wp-json\/wp\/v2\/product_brand?post=14327"},{"taxonomy":"product_cat","embeddable":true,"href":"https:\/\/biomed.md\/ru\/wp-json\/wp\/v2\/product_cat?post=14327"},{"taxonomy":"product_tag","embeddable":true,"href":"https:\/\/biomed.md\/ru\/wp-json\/wp\/v2\/product_tag?post=14327"}],"curies":[{"name":"wp","href":"https:\/\/api.w.org\/{rel}","templated":true}]}}