{"id":13230,"date":"2025-07-31T14:49:46","date_gmt":"2025-07-31T14:49:46","guid":{"rendered":"https:\/\/biomed.md\/?post_type=product&#038;p=13230"},"modified":"2026-01-30T13:40:18","modified_gmt":"2026-01-30T13:40:18","slug":"manusa-robotica-de-reabilitare","status":"publish","type":"product","link":"https:\/\/biomed.md\/ru\/product\/manusa-robotica-de-reabilitare\/","title":{"rendered":"\u0420\u0435\u0430\u0431\u0438\u043b\u0438\u0442\u0430\u0446\u0438\u043e\u043d\u043d\u0430\u044f \u041f\u0435\u0440\u0447\u0430\u0442\u043a\u0430 \u0442\u0440\u0435\u043d\u0430\u0436\u0435\u0440"},"content":{"rendered":"<h4 data-rm-block-id=\"block-1\"><strong>\u0420\u043e\u0431\u043e\u0442\u0438\u0437\u0438\u0440\u043e\u0432\u0430\u043d\u043d\u0430\u044f \u0440\u0435\u0430\u0431\u0438\u043b\u0438\u0442\u0430\u0446\u0438\u043e\u043d\u043d\u0430\u044f \u043f\u0435\u0440\u0447\u0430\u0442\u043a\u0430 \u2013 9 \u0443\u0440\u043e\u0432\u043d\u0435\u0439 \u0438\u043d\u0434\u0438\u0432\u0438\u0434\u0443\u0430\u043b\u044c\u043d\u043e\u0439 \u0442\u0440\u0435\u043d\u0438\u0440\u043e\u0432\u043a\u0438 \u043f\u0430\u043b\u044c\u0446\u0435\u0432<\/strong><\/h4>\n<p data-rm-block-id=\"block-2\"><strong>\u0412\u0435\u0440\u043d\u0438\u0442\u0435 \u0441\u0435\u0431\u0435 \u0433\u0438\u0431\u043a\u043e\u0441\u0442\u044c, \u0443\u043a\u0440\u0435\u043f\u0438\u0442\u0435 \u043c\u044b\u0448\u0446\u044b \u0438 \u0443\u043b\u0443\u0447\u0448\u0438\u0442\u0435 \u043f\u043e\u0434\u0432\u0438\u0436\u043d\u043e\u0441\u0442\u044c \u0440\u0443\u043a \u0441 \u043f\u043e\u043c\u043e\u0449\u044c\u044e \u043f\u0435\u0440\u0435\u0434\u043e\u0432\u043e\u0433\u043e \u0440\u0435\u0448\u0435\u043d\u0438\u044f \u043f\u043e \u0444\u0443\u043d\u043a\u0446\u0438\u043e\u043d\u0430\u043b\u044c\u043d\u043e\u043c\u0443 \u043f\u0435\u0440\u0435\u043e\u0431\u0443\u0447\u0435\u043d\u0438\u044e.<\/strong><\/p>\n<p data-rm-block-id=\"block-3\">\u042d\u0442\u0430 \u0440\u0435\u0430\u0431\u0438\u043b\u0438\u0442\u0430\u0446\u0438\u043e\u043d\u043d\u0430\u044f \u043f\u0435\u0440\u0447\u0430\u0442\u043a\u0430 \u0441 \u0438\u043d\u0442\u0435\u043b\u043b\u0435\u043a\u0442\u0443\u0430\u043b\u044c\u043d\u043e\u0439 \u0442\u0435\u0445\u043d\u043e\u043b\u043e\u0433\u0438\u0435\u0439 \u0434\u043b\u044f \u0438\u043c\u0438\u0442\u0430\u0446\u0438\u0438 \u0434\u0432\u0438\u0436\u0435\u043d\u0438\u0439 \u0438 \u0438\u043d\u0434\u0438\u0432\u0438\u0434\u0443\u0430\u043b\u044c\u043d\u043e\u0439 \u0442\u0440\u0435\u043d\u0438\u0440\u043e\u0432\u043a\u0438 \u043f\u0430\u043b\u044c\u0446\u0435\u0432 \u0441\u043f\u0435\u0446\u0438\u0430\u043b\u044c\u043d\u043e \u0440\u0430\u0437\u0440\u0430\u0431\u043e\u0442\u0430\u043d\u0430 \u0434\u043b\u044f \u043b\u044e\u0434\u0435\u0439, \u0441\u0442\u0440\u0430\u0434\u0430\u044e\u0449\u0438\u0445 \u043e\u0442 \u0441\u0443\u0434\u043e\u0440\u043e\u0433, \u0441\u043a\u043e\u0432\u0430\u043d\u043d\u043e\u0441\u0442\u0438, \u043f\u0430\u0440\u0435\u0437\u043e\u0432 \u0438\u043b\u0438 \u0432\u043e\u0441\u0441\u0442\u0430\u043d\u0430\u0432\u043b\u0438\u0432\u0430\u044e\u0449\u0438\u0445\u0441\u044f \u043f\u043e\u0441\u043b\u0435 \u0438\u043d\u0441\u0443\u043b\u044c\u0442\u0430. \u041e\u0441\u043d\u0430\u0449\u0435\u043d\u043d\u0430\u044f \u0441\u0435\u043d\u0441\u043e\u0440\u043d\u044b\u043c \u0416\u041a-\u0434\u0438\u0441\u043f\u043b\u0435\u0435\u043c \u0438 \u0438\u043d\u0442\u0443\u0438\u0442\u0438\u0432\u043d\u043e \u043f\u043e\u043d\u044f\u0442\u043d\u044b\u043c\u0438 \u0444\u0443\u043d\u043a\u0446\u0438\u044f\u043c\u0438, \u043e\u043d\u0430 \u043f\u043e\u0437\u0432\u043e\u043b\u044f\u0435\u0442 \u043f\u0440\u043e\u0432\u043e\u0434\u0438\u0442\u044c \u044d\u0444\u0444\u0435\u043a\u0442\u0438\u0432\u043d\u044b\u0435 \u0438 \u043f\u0435\u0440\u0441\u043e\u043d\u0430\u043b\u0438\u0437\u0438\u0440\u043e\u0432\u0430\u043d\u043d\u044b\u0435 \u0442\u0440\u0435\u043d\u0438\u0440\u043e\u0432\u043a\u0438, \u043d\u0435 \u0432\u044b\u0445\u043e\u0434\u044f \u0438\u0437 \u0434\u043e\u043c\u0430.<\/p>\n<h5 data-rm-block-id=\"block-4\">\u2705 <strong>\u041e\u0441\u043d\u043e\u0432\u043d\u044b\u0435 \u0445\u0430\u0440\u0430\u043a\u0442\u0435\u0440\u0438\u0441\u0442\u0438\u043a\u0438<\/strong><\/h5>\n<ul>\n<li data-rm-block-id=\"block-5\">\u0422\u0435\u0445\u043d\u043e\u043b\u043e\u0433\u0438\u044f \u0441\u0438\u043c\u0443\u043b\u044f\u0446\u0438\u0438 \u0437\u0430\u0445\u0432\u0430\u0442\u0430 \u2013 \u0441\u043d\u0438\u043c\u0430\u0435\u0442 \u0441\u043f\u0430\u0437\u043c\u044b \u0438 \u0441\u0442\u0438\u043c\u0443\u043b\u0438\u0440\u0443\u0435\u0442 \u0444\u0443\u043d\u043a\u0446\u0438\u043e\u043d\u0430\u043b\u044c\u043d\u0443\u044e \u043f\u043e\u0434\u0432\u0438\u0436\u043d\u043e\u0441\u0442\u044c<\/li>\n<li data-rm-block-id=\"block-6\">\u0416\u041a-\u044d\u043a\u0440\u0430\u043d \u0438 3 \u043a\u043d\u043e\u043f\u043a\u0438 \u0443\u043f\u0440\u0430\u0432\u043b\u0435\u043d\u0438\u044f \u2014 \u0438\u043d\u0442\u0443\u0438\u0442\u0438\u0432\u043d\u043e \u043f\u043e\u043d\u044f\u0442\u043d\u043e\u0435 \u0438 \u0434\u043e\u0441\u0442\u0443\u043f\u043d\u043e\u0435 \u0438\u0441\u043f\u043e\u043b\u044c\u0437\u043e\u0432\u0430\u043d\u0438\u0435 \u0431\u0435\u0437 \u043f\u043e\u0441\u0442\u043e\u0440\u043e\u043d\u043d\u0435\u0439 \u043f\u043e\u043c\u043e\u0449\u0438<\/li>\n<li data-rm-block-id=\"block-7\">9 \u0443\u0440\u043e\u0432\u043d\u0435\u0439 \u0438\u043d\u0442\u0435\u043d\u0441\u0438\u0432\u043d\u043e\u0441\u0442\u0438 \u2014 \u0442\u043e\u0447\u043d\u044b\u0439 \u043a\u043e\u043d\u0442\u0440\u043e\u043b\u044c \u0434\u0432\u0438\u0436\u0435\u043d\u0438\u0439 \u043a\u0430\u0436\u0434\u043e\u0433\u043e \u043f\u0430\u043b\u044c\u0446\u0430<\/li>\n<li data-rm-block-id=\"block-8\">\u042d\u0440\u0433\u043e\u043d\u043e\u043c\u0438\u0447\u043d\u044b\u0439 \u0434\u0438\u0437\u0430\u0439\u043d \u0441 \u0433\u0438\u0431\u043a\u043e\u0439 \u0441\u0442\u0440\u0443\u043a\u0442\u0443\u0440\u043e\u0439 \u2014 \u0438\u043c\u0438\u0442\u0438\u0440\u0443\u0435\u0442 \u0444\u043e\u0440\u043c\u0443 \u0438 \u0444\u0443\u043d\u043a\u0446\u0438\u043e\u043d\u0430\u043b\u044c\u043d\u043e\u0441\u0442\u044c \u0440\u0443\u043a\u0438 \u0434\u043b\u044f \u0435\u0441\u0442\u0435\u0441\u0442\u0432\u0435\u043d\u043d\u043e\u0433\u043e \u0432\u043e\u0441\u0441\u0442\u0430\u043d\u043e\u0432\u043b\u0435\u043d\u0438\u044f<\/li>\n<li data-rm-block-id=\"block-9\">\u0423\u0434\u043e\u0431\u043d\u044b\u0435 \u0438 \u0431\u0435\u0437\u043e\u043f\u0430\u0441\u043d\u044b\u0435 \u043c\u0430\u0442\u0435\u0440\u0438\u0430\u043b\u044b \u2014 \u0430\u0434\u0430\u043f\u0442\u0438\u0440\u043e\u0432\u0430\u043d\u044b \u0434\u043b\u044f \u0434\u043b\u0438\u0442\u0435\u043b\u044c\u043d\u043e\u0433\u043e \u0438\u0441\u043f\u043e\u043b\u044c\u0437\u043e\u0432\u0430\u043d\u0438\u044f<\/li>\n<\/ul>\n<h5 data-rm-block-id=\"block-10\">\ud83d\udcd0 <strong>\u0425\u0430\u0440\u0430\u043a\u0442\u0435\u0440\u0438\u0441\u0442\u0438\u043a\u0438<\/strong><\/h5>\n<div>\n<div>\n<table>\n<thead>\n<tr>\n<th data-rm-block-id=\"block-11\">\u0425\u0430\u0440\u0430\u043a\u0442\u0435\u0440\u0438\u0441\u0442\u0438\u043a\u0430<\/th>\n<th data-rm-block-id=\"block-12\">\u041f\u043e\u0434\u0440\u043e\u0431\u043d\u043e\u0441\u0442\u0438<\/th>\n<\/tr>\n<\/thead>\n<tbody>\n<tr>\n<td data-rm-block-id=\"block-13\">\u0422\u0438\u043f \u043f\u0440\u043e\u0434\u0443\u043a\u0442\u0430<\/td>\n<td data-rm-block-id=\"block-14\">\u0420\u043e\u0431\u043e\u0442\u0438\u0437\u0438\u0440\u043e\u0432\u0430\u043d\u043d\u0430\u044f \u0440\u0435\u0430\u0431\u0438\u043b\u0438\u0442\u0430\u0446\u0438\u043e\u043d\u043d\u0430\u044f \u043f\u0435\u0440\u0447\u0430\u0442\u043a\u0430<\/td>\n<\/tr>\n<tr>\n<td data-rm-block-id=\"block-15\">\u0423\u0440\u043e\u0432\u043d\u0438 \u043e\u0431\u0443\u0447\u0435\u043d\u0438\u044f<\/td>\n<td data-rm-block-id=\"block-16\">9 \u0443\u0440\u043e\u0432\u043d\u0435\u0439 \u0438\u043d\u0442\u0435\u043d\u0441\u0438\u0432\u043d\u043e\u0441\u0442\u0438<\/td>\n<\/tr>\n<tr>\n<td data-rm-block-id=\"block-17\">\u0418\u043d\u0434\u0438\u0432\u0438\u0434\u0443\u0430\u043b\u044c\u043d\u044b\u0439 \u043a\u043e\u043d\u0442\u0440\u043e\u043b\u044c<\/td>\n<td data-rm-block-id=\"block-18\">\u0414\u043b\u044f \u043a\u0430\u0436\u0434\u043e\u0433\u043e \u043f\u0430\u043b\u044c\u0446\u0430<\/td>\n<\/tr>\n<tr>\n<td data-rm-block-id=\"block-19\">\u041f\u043e\u043b\u044c\u0437\u043e\u0432\u0430\u0442\u0435\u043b\u044c\u0441\u043a\u0438\u0439 \u0438\u043d\u0442\u0435\u0440\u0444\u0435\u0439\u0441<\/td>\n<td data-rm-block-id=\"block-20\">\u0416\u041a-\u044d\u043a\u0440\u0430\u043d + 3 \u0441\u0435\u043d\u0441\u043e\u0440\u043d\u044b\u0435 \u043a\u043d\u043e\u043f\u043a\u0438<\/td>\n<\/tr>\n<tr>\n<td data-rm-block-id=\"block-21\">\u041e\u0441\u043d\u043e\u0432\u043d\u044b\u0435 \u0444\u0443\u043d\u043a\u0446\u0438\u0438<\/td>\n<td data-rm-block-id=\"block-22\">\u041c\u043e\u0434\u0435\u043b\u0438\u0440\u043e\u0432\u0430\u043d\u0438\u0435 \u043b\u043e\u0432\u043b\u0438, \u0437\u0435\u0440\u043a\u0430\u043b\u044c\u043d\u043e\u0435 \u043e\u0431\u0443\u0447\u0435\u043d\u0438\u0435<\/td>\n<\/tr>\n<tr>\n<td data-rm-block-id=\"block-23\">\u0420\u0435\u043a\u043e\u043c\u0435\u043d\u0434\u0443\u0435\u043c\u043e\u0435 \u0438\u0441\u043f\u043e\u043b\u044c\u0437\u043e\u0432\u0430\u043d\u0438\u0435<\/td>\n<td data-rm-block-id=\"block-24\">\u0412\u043e\u0441\u0441\u0442\u0430\u043d\u043e\u0432\u043b\u0435\u043d\u0438\u0435 \u043f\u043e\u0441\u043b\u0435 \u0438\u043d\u0441\u0443\u043b\u044c\u0442\u0430, \u0441\u0443\u0434\u043e\u0440\u043e\u0433\u0438, \u0441\u043a\u043e\u0432\u0430\u043d\u043d\u043e\u0441\u0442\u044c, \u043c\u044b\u0448\u0435\u0447\u043d\u0430\u044f \u0441\u043b\u0430\u0431\u043e\u0441\u0442\u044c<\/td>\n<\/tr>\n<tr>\n<td data-rm-block-id=\"block-25\">\u0422\u0440\u0435\u0431\u0443\u0435\u0442\u0441\u044f \u0441\u0431\u043e\u0440\u043a\u0430<\/td>\n<td data-rm-block-id=\"block-26\">\u043d\u0435\u0442<\/td>\n<\/tr>\n<\/tbody>\n<\/table>\n<\/div>\n<\/div>\n<div data-rm-block-id=\"block-27\"><\/div>\n<h5 data-rm-block-id=\"block-28\">\ud83d\udc65 <strong>\u041f\u043e\u0434\u0445\u043e\u0434\u0438\u0442 \u0434\u043b\u044f:<\/strong><\/h5>\n<ul>\n<li data-rm-block-id=\"block-29\">\u041b\u044e\u0434\u0438, \u0432\u043e\u0441\u0441\u0442\u0430\u043d\u0430\u0432\u043b\u0438\u0432\u0430\u044e\u0449\u0438\u0435\u0441\u044f \u043f\u043e\u0441\u043b\u0435 \u0438\u043d\u0441\u0443\u043b\u044c\u0442\u0430<\/li>\n<li data-rm-block-id=\"block-30\">\u041f\u043e\u043b\u044c\u0437\u043e\u0432\u0430\u0442\u0435\u043b\u0438 \u0441 \u043e\u0433\u0440\u0430\u043d\u0438\u0447\u0435\u043d\u043d\u043e\u0439 \u043f\u043e\u0434\u0432\u0438\u0436\u043d\u043e\u0441\u0442\u044c\u044e \u0438\u043b\u0438 \u043c\u044b\u0448\u0435\u0447\u043d\u043e\u0439 \u0441\u043a\u043e\u0432\u0430\u043d\u043d\u043e\u0441\u0442\u044c\u044e<\/li>\n<li data-rm-block-id=\"block-31\">\u041b\u044e\u0434\u0438, \u0441\u0442\u0440\u0430\u0434\u0430\u044e\u0449\u0438\u0435 \u043e\u0442 \u0431\u043e\u043b\u0435\u0439 \u0432 \u0441\u0443\u0441\u0442\u0430\u0432\u0430\u0445 \u0438 \u0441\u043f\u0430\u0437\u043c\u043e\u0432 \u0440\u0443\u043a<\/li>\n<\/ul>\n<h5 data-rm-block-id=\"block-32\">\ud83d\udeab <strong>\u041f\u0440\u043e\u0442\u0438\u0432\u043e\u043f\u043e\u043a\u0430\u0437\u0430\u043d\u0438\u044f<\/strong><\/h5>\n<ul>\n<li data-rm-block-id=\"block-33\">\u0420\u0443\u043a\u0438 \u0441 \u043e\u0442\u043a\u0440\u044b\u0442\u044b\u043c\u0438 \u0440\u0430\u043d\u0430\u043c\u0438 \u0438\u043b\u0438 \u043e\u0441\u0442\u0440\u044b\u043c \u0432\u043e\u0441\u043f\u0430\u043b\u0435\u043d\u0438\u0435\u043c<\/li>\n<li data-rm-block-id=\"block-34\">\u041b\u044e\u0434\u0438 \u0441 \u0438\u043c\u043f\u043b\u0430\u043d\u0442\u0430\u0442\u0430\u043c\u0438, \u043d\u0435\u0441\u043e\u0432\u043c\u0435\u0441\u0442\u0438\u043c\u044b\u043c\u0438 \u0441 \u0430\u043a\u0442\u0438\u0432\u043d\u044b\u043c\u0438 \u0442\u0435\u0445\u043d\u043e\u043b\u043e\u0433\u0438\u044f\u043c\u0438<\/li>\n<li data-rm-block-id=\"block-35\">\u041f\u0440\u0438\u043c\u0435\u043d\u0435\u043d\u0438\u0435 \u0431\u0435\u0437 \u0440\u0435\u043a\u043e\u043c\u0435\u043d\u0434\u0430\u0446\u0438\u0438 \u0432\u0440\u0430\u0447\u0430 \u0432 \u0441\u043b\u043e\u0436\u043d\u044b\u0445 \u043d\u0435\u0432\u0440\u043e\u043b\u043e\u0433\u0438\u0447\u0435\u0441\u043a\u0438\u0445 \u0441\u043b\u0443\u0447\u0430\u044f\u0445<\/li>\n<\/ul>\n<p data-rm-block-id=\"block-36\">\ud83d\udd0e <strong>\u043a\u043b\u044e\u0447\u0435\u0432\u044b\u0435 \u0441\u043b\u043e\u0432\u0430 SEO<\/strong><\/p>\n<p data-rm-block-id=\"block-37\">\u041f\u0435\u0440\u0447\u0430\u0442\u043a\u0430 \u0434\u043b\u044f \u0440\u0435\u0430\u0431\u0438\u043b\u0438\u0442\u0430\u0446\u0438\u0438 \u043f\u043e\u0441\u043b\u0435 \u0438\u043d\u0441\u0443\u043b\u044c\u0442\u0430, \u0440\u043e\u0431\u043e\u0442\u0438\u0437\u0438\u0440\u043e\u0432\u0430\u043d\u043d\u044b\u0439 \u0442\u0440\u0435\u043d\u0430\u0436\u0451\u0440 \u0434\u043b\u044f \u043f\u0430\u043b\u044c\u0446\u0435\u0432, \u043e\u0431\u043e\u0440\u0443\u0434\u043e\u0432\u0430\u043d\u0438\u0435 \u0434\u043b\u044f \u0440\u0435\u0430\u0431\u0438\u043b\u0438\u0442\u0430\u0446\u0438\u0438 \u0440\u0443\u043a, \u0441\u0442\u0438\u043c\u0443\u043b\u044f\u0442\u043e\u0440 \u0433\u0438\u0431\u043a\u043e\u0441\u0442\u0438 \u043f\u0430\u043b\u044c\u0446\u0435\u0432, \u0443\u0441\u0442\u0440\u043e\u0439\u0441\u0442\u0432\u043e \u0434\u043b\u044f \u0432\u043e\u0441\u0441\u0442\u0430\u043d\u043e\u0432\u043b\u0435\u043d\u0438\u044f \u043f\u043e\u0441\u043b\u0435 \u0438\u043d\u0441\u0443\u043b\u044c\u0442\u0430, \u0443\u043c\u043d\u0430\u044f \u043e\u0440\u0442\u043e\u043f\u0435\u0434\u0438\u0447\u0435\u0441\u043a\u0430\u044f \u043f\u0435\u0440\u0447\u0430\u0442\u043a\u0430, \u0443\u0441\u0442\u0440\u043e\u0439\u0441\u0442\u0432\u043e \u0434\u043b\u044f \u0440\u0435\u0430\u0431\u0438\u043b\u0438\u0442\u0430\u0446\u0438\u0438 \u0440\u0443\u043a \u0432 \u0434\u043e\u043c\u0430\u0448\u043d\u0438\u0445 \u0443\u0441\u043b\u043e\u0432\u0438\u044f\u0445, \u043f\u0435\u0440\u0447\u0430\u0442\u043a\u0430 \u0434\u043b\u044f \u0442\u0440\u0435\u043d\u0438\u0440\u043e\u0432\u043a\u0438 \u043f\u0430\u043b\u044c\u0446\u0435\u0432<\/p>\n<div data-rm-block-id=\"block-38\"><\/div>","protected":false},"excerpt":{"rendered":"<p>M\u0103nu\u0219\u0103 Robotic\u0103 de Reabilitare \u2013 9 niveluri de antrenament individual pentru degete Rec\u00e2\u0219tig\u0103 flexibilitatea, fortific\u0103 musculatura \u0219i \u00eembun\u0103t\u0103\u021be\u0219te mobilitatea m\u00e2inii<\/p>","protected":false},"featured_media":13232,"comment_status":"open","ping_status":"closed","template":"","meta":{"_acf_changed":false},"product_brand":[],"product_cat":[107],"product_tag":[],"class_list":{"0":"post-13230","1":"product","2":"type-product","3":"status-publish","4":"has-post-thumbnail","6":"product_cat-tehnica-de-reabilitare","8":"first","9":"instock","10":"shipping-taxable","11":"purchasable","12":"product-type-simple"},"acf":[],"_links":{"self":[{"href":"https:\/\/biomed.md\/ru\/wp-json\/wp\/v2\/product\/13230","targetHints":{"allow":["GET"]}}],"collection":[{"href":"https:\/\/biomed.md\/ru\/wp-json\/wp\/v2\/product"}],"about":[{"href":"https:\/\/biomed.md\/ru\/wp-json\/wp\/v2\/types\/product"}],"replies":[{"embeddable":true,"href":"https:\/\/biomed.md\/ru\/wp-json\/wp\/v2\/comments?post=13230"}],"version-history":[{"count":3,"href":"https:\/\/biomed.md\/ru\/wp-json\/wp\/v2\/product\/13230\/revisions"}],"predecessor-version":[{"id":13709,"href":"https:\/\/biomed.md\/ru\/wp-json\/wp\/v2\/product\/13230\/revisions\/13709"}],"wp:featuredmedia":[{"embeddable":true,"href":"https:\/\/biomed.md\/ru\/wp-json\/wp\/v2\/media\/13232"}],"wp:attachment":[{"href":"https:\/\/biomed.md\/ru\/wp-json\/wp\/v2\/media?parent=13230"}],"wp:term":[{"taxonomy":"product_brand","embeddable":true,"href":"https:\/\/biomed.md\/ru\/wp-json\/wp\/v2\/product_brand?post=13230"},{"taxonomy":"product_cat","embeddable":true,"href":"https:\/\/biomed.md\/ru\/wp-json\/wp\/v2\/product_cat?post=13230"},{"taxonomy":"product_tag","embeddable":true,"href":"https:\/\/biomed.md\/ru\/wp-json\/wp\/v2\/product_tag?post=13230"}],"curies":[{"name":"wp","href":"https:\/\/api.w.org\/{rel}","templated":true}]}}