{"id":13001,"date":"2025-07-17T14:35:53","date_gmt":"2025-07-17T14:35:53","guid":{"rendered":"https:\/\/biomed.md\/?post_type=product&#038;p=13001"},"modified":"2025-09-13T11:06:11","modified_gmt":"2025-09-13T11:06:11","slug":"scutece-pentru-adulti","status":"publish","type":"product","link":"https:\/\/biomed.md\/ru\/product\/scutece-pentru-adulti\/","title":{"rendered":"\u041f\u043e\u0434\u0433\u0443\u0437\u043d\u0438\u043a\u0438 \u0434\u043b\u044f \u0432\u0437\u0440\u043e\u0441\u043b\u044b\u0445 Pampers"},"content":{"rendered":"<p><strong>\u041f\u043e\u0434\u0433\u0443\u0437\u043d\u0438\u043a\u0438 \u0434\u043b\u044f \u0432\u0437\u0440\u043e\u0441\u043b\u044b\u0445 Pampers M-XL, \u043d\u0430\u0431\u043e\u0440 \u0438\u0437 10 \u0448\u0442\u0443\u043a \u2013 <\/strong>\u0423\u043b\u0443\u0447\u0448\u0435\u043d\u043d\u0430\u044f \u0437\u0430\u0449\u0438\u0442\u0430, \u0438\u043d\u0434\u0438\u0432\u0438\u0434\u0443\u0430\u043b\u044c\u043d\u044b\u0439 \u043a\u043e\u043c\u0444\u043e\u0440\u0442, \u043d\u0435\u0437\u0430\u043c\u0435\u0442\u043d\u044b\u0439 \u0443\u0445\u043e\u0434. \u041e\u0434\u043d\u043e\u0440\u0430\u0437\u043e\u0432\u044b\u0435 \u043f\u043e\u0434\u0433\u0443\u0437\u043d\u0438\u043a\u0438 \u0434\u043b\u044f \u0432\u0437\u0440\u043e\u0441\u043b\u044b\u0445, \u0440\u0430\u0437\u0440\u0430\u0431\u043e\u0442\u0430\u043d\u043d\u044b\u0435 \u0434\u043b\u044f \u043e\u0431\u0435\u0441\u043f\u0435\u0447\u0435\u043d\u0438\u044f \u0431\u0435\u0437\u043e\u043f\u0430\u0441\u043d\u043e\u0441\u0442\u0438, \u043a\u043e\u043c\u0444\u043e\u0440\u0442\u0430 \u0438 \u0447\u0443\u0432\u0441\u0442\u0432\u0430 \u0441\u043e\u0431\u0441\u0442\u0432\u0435\u043d\u043d\u043e\u0433\u043e \u0434\u043e\u0441\u0442\u043e\u0438\u043d\u0441\u0442\u0432\u0430, \u044f\u0432\u043b\u044f\u044e\u0442\u0441\u044f \u0438\u0434\u0435\u0430\u043b\u044c\u043d\u044b\u043c \u0440\u0435\u0448\u0435\u043d\u0438\u0435\u043c \u0434\u043b\u044f \u043b\u044e\u0434\u0435\u0439 \u0441 \u043d\u0435\u0434\u0435\u0440\u0436\u0430\u043d\u0438\u0435\u043c \u043c\u043e\u0447\u0438, \u043e\u0433\u0440\u0430\u043d\u0438\u0447\u0435\u043d\u043d\u043e\u0439 \u043f\u043e\u0434\u0432\u0438\u0436\u043d\u043e\u0441\u0442\u044c\u044e \u0438\u043b\u0438 \u043d\u0430\u0445\u043e\u0434\u044f\u0449\u0438\u0445\u0441\u044f \u043f\u043e\u0434 \u043c\u0435\u0434\u0438\u0446\u0438\u043d\u0441\u043a\u0438\u043c \u043d\u0430\u0431\u043b\u044e\u0434\u0435\u043d\u0438\u0435\u043c. \u0411\u043b\u0430\u0433\u043e\u0434\u0430\u0440\u044f \u0443\u0441\u043e\u0432\u0435\u0440\u0448\u0435\u043d\u0441\u0442\u0432\u043e\u0432\u0430\u043d\u043d\u043e\u0439 \u043a\u043e\u043d\u0441\u0442\u0440\u0443\u043a\u0446\u0438\u0438 \u0438 \u0432\u044b\u0441\u043e\u043a\u043e\u043a\u0430\u0447\u0435\u0441\u0442\u0432\u0435\u043d\u043d\u044b\u043c \u043c\u0430\u0442\u0435\u0440\u0438\u0430\u043b\u0430\u043c \u044d\u0442\u0438 \u043f\u043e\u0434\u0433\u0443\u0437\u043d\u0438\u043a\u0438 \u0431\u044b\u0441\u0442\u0440\u043e \u0432\u043f\u0438\u0442\u044b\u0432\u0430\u044e\u0442 \u0432\u043b\u0430\u0433\u0443, \u043e\u0431\u0435\u0441\u043f\u0435\u0447\u0438\u0432\u0430\u044e\u0442 \u0440\u0435\u0433\u0443\u043b\u0438\u0440\u0443\u0435\u043c\u0443\u044e \u043f\u043e\u0441\u0430\u0434\u043a\u0443 \u0438 \u044d\u0444\u0444\u0435\u043a\u0442\u0438\u0432\u043d\u0443\u044e \u0432\u0435\u043d\u0442\u0438\u043b\u044f\u0446\u0438\u044e, \u043e\u0431\u0435\u0441\u043f\u0435\u0447\u0438\u0432\u0430\u044f \u043d\u0435\u0437\u0430\u043c\u0435\u0442\u043d\u043e\u0435 \u0438 \u0431\u0435\u0437\u043e\u043f\u0430\u0441\u043d\u043e\u0435 \u0438\u0441\u043f\u043e\u043b\u044c\u0437\u043e\u0432\u0430\u043d\u0438\u0435 \u0434\u043d\u0435\u043c \u0438 \u043d\u043e\u0447\u044c\u044e.<\/p>\n<p><strong>\u041e\u0441\u043d\u043e\u0432\u043d\u044b\u0435 \u0445\u0430\u0440\u0430\u043a\u0442\u0435\u0440\u0438\u0441\u0442\u0438\u043a\u0438<\/strong><\/p>\n<ul>\n<li>\ud83d\udd12 <em>\u0414\u0438\u0437\u0430\u0439\u043d \u043b\u0438\u043f\u0443\u0447\u043a\u0438<\/em> \u2013 \u043f\u043e\u0437\u0432\u043e\u043b\u044f\u0435\u0442 \u043b\u0435\u0433\u043a\u043e \u0440\u0435\u0433\u0443\u043b\u0438\u0440\u043e\u0432\u0430\u0442\u044c \u0440\u0430\u0437\u043c\u0435\u0440 \u0434\u043b\u044f \u0443\u0434\u043e\u0431\u043d\u043e\u0439 \u0438 \u043d\u0430\u0434\u0435\u0436\u043d\u043e\u0439 \u043f\u043e\u0441\u0430\u0434\u043a\u0438<\/li>\n<li>\ud83d\udca7 <em>\u0412\u044b\u0441\u043e\u043a\u043e\u043a\u0430\u0447\u0435\u0441\u0442\u0432\u0435\u043d\u043d\u0430\u044f \u0446\u0435\u043b\u043b\u044e\u043b\u043e\u0437\u0430<\/em> \u2013 \u043e\u0431\u0435\u0441\u043f\u0435\u0447\u0438\u0432\u0430\u0435\u0442 \u0431\u044b\u0441\u0442\u0440\u043e\u0435 \u0432\u043f\u0438\u0442\u044b\u0432\u0430\u043d\u0438\u0435 \u0438 \u044d\u0444\u0444\u0435\u043a\u0442\u0438\u0432\u043d\u043e\u0435 \u0431\u043b\u043e\u043a\u0438\u0440\u043e\u0432\u0430\u043d\u0438\u0435 \u0432\u043b\u0430\u0433\u0438<\/li>\n<li>\ud83d\udee1\ufe0f <em>\u0422\u0440\u0435\u0445\u043c\u0435\u0440\u043d\u044b\u0439 \u0431\u0430\u0440\u044c\u0435\u0440 \u043f\u0440\u043e\u0442\u0438\u0432 \u043f\u0440\u043e\u0442\u0435\u0447\u0435\u043a<\/em> \u2013 \u043f\u0440\u0435\u0434\u043e\u0442\u0432\u0440\u0430\u0449\u0430\u0435\u0442 \u0431\u043e\u043a\u043e\u0432\u044b\u0435 \u0443\u0442\u0435\u0447\u043a\u0438 \u0434\u0430\u0436\u0435 \u0432\u043e \u0432\u0440\u0435\u043c\u044f \u0434\u0432\u0438\u0436\u0435\u043d\u0438\u0439<\/li>\n<li>\ud83c\udf2c\ufe0f <em>\u0414\u044b\u0448\u0430\u0449\u0438\u0439 \u043d\u0438\u0436\u043d\u0438\u0439 \u0441\u043b\u043e\u0439 \u0438\u0437 \u043f\u043e\u043b\u0438\u044d\u0442\u0438\u043b\u0435\u043d\u0430<\/em> \u2013 \u043e\u0431\u0435\u0441\u043f\u0435\u0447\u0438\u0432\u0430\u0435\u0442 \u0446\u0438\u0440\u043a\u0443\u043b\u044f\u0446\u0438\u044e \u0432\u043e\u0437\u0434\u0443\u0445\u0430 \u0438 \u0441\u043e\u0445\u0440\u0430\u043d\u044f\u0435\u0442 \u043a\u043e\u0436\u0443 \u0441\u0443\u0445\u043e\u0439<\/li>\n<li>\ud83c\udfa8 <em>\u0418\u043d\u0434\u0438\u043a\u0430\u0442\u043e\u0440 \u043c\u043e\u0447\u0438<\/em> \u2013 \u043c\u0435\u043d\u044f\u0435\u0442 \u0446\u0432\u0435\u0442 \u043f\u043e\u0441\u043b\u0435 \u0430\u0431\u0441\u043e\u0440\u0431\u0446\u0438\u0438, \u0434\u043b\u044f \u0443\u0434\u043e\u0431\u0441\u0442\u0432\u0430 \u043a\u043e\u043d\u0442\u0440\u043e\u043b\u044f<\/li>\n<li>\ud83c\udf3f <em>\u0414\u043e\u0431\u0430\u0432\u043b\u0435\u043d\u0438\u0435 \u044d\u0441\u0441\u0435\u043d\u0446\u0438\u0438 \u043c\u043e\u043a\u0441\u044b<\/em> \u2013 \u0430\u043d\u0442\u0438\u0431\u0430\u043a\u0442\u0435\u0440\u0438\u0430\u043b\u044c\u043d\u043e\u0435 \u0434\u0435\u0439\u0441\u0442\u0432\u0438\u0435, \u0437\u0430\u0449\u0438\u0449\u0430\u0435\u0442 \u043a\u043e\u0436\u0443 \u0438 \u043f\u043e\u0434\u0434\u0435\u0440\u0436\u0438\u0432\u0430\u0435\u0442 \u0435\u0435 \u0438\u043c\u043c\u0443\u043d\u0438\u0442\u0435\u0442<\/li>\n<li>\ud83c\udf38 <em>\u041d\u0435\u0439\u0442\u0440\u0430\u043b\u0438\u0437\u0430\u0442\u043e\u0440 \u0437\u0430\u043f\u0430\u0445\u043e\u0432<\/em> \u2013 \u0443\u043c\u0435\u043d\u044c\u0448\u0430\u0435\u0442 \u043d\u0435\u043f\u0440\u0438\u044f\u0442\u043d\u044b\u0435 \u0437\u0430\u043f\u0430\u0445\u0438 \u0438 \u043e\u0431\u0435\u0441\u043f\u0435\u0447\u0438\u0432\u0430\u0435\u0442 \u0434\u043b\u0438\u0442\u0435\u043b\u044c\u043d\u0443\u044e \u0441\u0432\u0435\u0436\u0435\u0441\u0442\u044c<\/li>\n<li>\ud83e\uddf2 <em>\u0418\u043c\u043f\u043e\u0440\u0442\u043d\u044b\u0439 \u043f\u043e\u043b\u0438\u043c\u0435\u0440\u043d\u044b\u0439 \u0430\u0431\u0441\u043e\u0440\u0431\u0435\u043d\u0442 (SAP)<\/em> \u2013 \u0432\u044b\u0441\u043e\u043a\u0430\u044f \u0432\u043f\u0438\u0442\u044b\u0432\u0430\u044e\u0449\u0430\u044f \u0441\u043f\u043e\u0441\u043e\u0431\u043d\u043e\u0441\u0442\u044c, \u043c\u0433\u043d\u043e\u0432\u0435\u043d\u043d\u043e\u0435 \u0432\u044b\u0441\u044b\u0445\u0430\u043d\u0438\u0435<\/li>\n<\/ul>\n<p><strong>\u0414\u043e\u0441\u0442\u0443\u043f\u043d\u044b\u0435 \u0440\u0430\u0437\u043c\u0435\u0440\u044b<\/strong><\/p>\n<div>\n<div>\n<table>\n<thead>\n<tr>\n<th>\u0420\u0430\u0437\u043c\u0435\u0440<\/th>\n<th>\u0440\u0430\u0437\u043c\u0435\u0440<\/th>\n<th>\u041e\u043a\u0440\u0443\u0436\u043d\u043e\u0441\u0442\u044c \u0442\u0430\u043b\u0438\u0438<\/th>\n<th>\u041e\u043a\u0440\u0443\u0436\u043d\u043e\u0441\u0442\u044c \u0431\u0435\u0434\u0435\u0440<\/th>\n<th>\u0410\u0431\u0441\u043e\u0440\u0431\u0435\u043d\u0442 SAP<\/th>\n<th>\u0412\u0435\u0441 \u0437\u0430 \u0448\u0442\u0443\u043a\u0443.<\/th>\n<\/tr>\n<\/thead>\n<tbody>\n<tr>\n<td>\u043c<\/td>\n<td>650\u00d7800 mm<\/td>\n<td>67\u2013124 cm<\/td>\n<td>80\u2013112 cm<\/td>\n<td>12 \u0433<\/td>\n<td>80 \u0433<\/td>\n<\/tr>\n<tr>\n<td>L<\/td>\n<td>750\u00d7900 mm<\/td>\n<td>76\u2013143 cm<\/td>\n<td>102\u2013142 cm<\/td>\n<td>14 \u0433<\/td>\n<td>90 \u0433<\/td>\n<\/tr>\n<tr>\n<td>XL<\/td>\n<td>800\u00d7990 mm<\/td>\n<td>82\u2013153 cm<\/td>\n<td>132\u2013173 cm<\/td>\n<td>16 g<\/td>\n<td>100 \u0433<\/td>\n<\/tr>\n<\/tbody>\n<\/table>\n<\/div>\n<div><\/div>\n<\/div>\n<p><strong>\u0420\u0435\u043a\u043e\u043c\u0435\u043d\u0434\u0443\u0435\u0442\u0441\u044f \u0434\u043b\u044f<\/strong><\/p>\n<ul>\n<li>\u041f\u043e\u0436\u0438\u043b\u044b\u0435 \u043b\u044e\u0434\u0438 \u0441 \u043e\u0441\u043e\u0431\u044b\u043c\u0438 \u043f\u043e\u0442\u0440\u0435\u0431\u043d\u043e\u0441\u0442\u044f\u043c\u0438<\/li>\n<li>\u041f\u0430\u0446\u0438\u0435\u043d\u0442\u044b, \u043d\u0430\u0445\u043e\u0434\u044f\u0449\u0438\u0435\u0441\u044f \u043d\u0430 \u043c\u0435\u0434\u0438\u0446\u0438\u043d\u0441\u043a\u043e\u043c \u0438\u043b\u0438 \u043f\u043e\u0441\u043b\u0435\u043e\u043f\u0435\u0440\u0430\u0446\u0438\u043e\u043d\u043d\u043e\u043c \u043b\u0435\u0447\u0435\u043d\u0438\u0438<\/li>\n<li>\u0418\u0441\u043f\u043e\u043b\u044c\u0437\u0443\u0439\u0442\u0435 \u043d\u043e\u0447\u044c\u044e \u0438\u043b\u0438 \u0432 \u0434\u043e\u0440\u043e\u0433\u0435.<\/li>\n<li>\u041c\u0435\u0434\u0438\u0446\u0438\u043d\u0441\u043a\u0438\u0435 \u0446\u0435\u043d\u0442\u0440\u044b, \u0431\u043e\u043b\u044c\u043d\u0438\u0446\u044b, \u0434\u043e\u043c\u0430 \u043f\u0440\u0435\u0441\u0442\u0430\u0440\u0435\u043b\u044b\u0445 \u0438 \u0443\u0445\u043e\u0434 \u043d\u0430 \u0434\u043e\u043c\u0443<\/li>\n<\/ul>\n<p>\u043a\u043b\u044e\u0447\u0435\u0432\u044b\u0435 \u0441\u043b\u043e\u0432\u0430 SEO<\/p>\n<p>\u043f\u043e\u0434\u0433\u0443\u0437\u043d\u0438\u043a\u0438 \u0434\u043b\u044f \u0432\u0437\u0440\u043e\u0441\u043b\u044b\u0445, \u043f\u043e\u0434\u0433\u0443\u0437\u043d\u0438\u043a\u0438 \u0434\u043b\u044f \u043b\u044e\u0434\u0435\u0439 \u0441 \u043d\u0435\u0434\u0435\u0440\u0436\u0430\u043d\u0438\u0435\u043c \u043c\u043e\u0447\u0438 \u0443\u043d\u0438\u0441\u0435\u043a\u0441, \u0432\u043f\u0438\u0442\u044b\u0432\u0430\u044e\u0449\u0438\u0435 \u043c\u0435\u0434\u0438\u0446\u0438\u043d\u0441\u043a\u0438\u0435 \u043f\u043e\u0434\u0433\u0443\u0437\u043d\u0438\u043a\u0438, \u043f\u043e\u0434\u0433\u0443\u0437\u043d\u0438\u043a\u0438 \u043d\u0430 \u043b\u0438\u043f\u0443\u0447\u043a\u0430\u0445, \u0434\u044b\u0448\u0430\u0449\u0438\u0435 \u043f\u043e\u0434\u0433\u0443\u0437\u043d\u0438\u043a\u0438, \u043f\u043e\u0434\u0433\u0443\u0437\u043d\u0438\u043a\u0438 \u0441 \u0438\u043d\u0434\u0438\u043a\u0430\u0442\u043e\u0440\u043e\u043c \u043c\u043e\u0447\u0438, \u043f\u043e\u0434\u0433\u0443\u0437\u043d\u0438\u043a\u0438 \u0441 \u0438\u043d\u0434\u0438\u0432\u0438\u0434\u0443\u0430\u043b\u044c\u043d\u044b\u043c\u0438 \u0440\u0430\u0437\u043c\u0435\u0440\u0430\u043c\u0438, \u043f\u043e\u0434\u0433\u0443\u0437\u043d\u0438\u043a\u0438 \u0434\u043b\u044f \u043f\u043e\u0436\u0438\u043b\u044b\u0445 \u043b\u044e\u0434\u0435\u0439, \u043f\u043e\u0434\u0433\u0443\u0437\u043d\u0438\u043a\u0438 \u0434\u043b\u044f \u0431\u043e\u043b\u044c\u043d\u0438\u0446, \u043e\u0434\u043d\u043e\u0440\u0430\u0437\u043e\u0432\u044b\u0435 \u043f\u043e\u0434\u0433\u0443\u0437\u043d\u0438\u043a\u0438<\/p>","protected":false},"excerpt":{"rendered":"<p>Scutece pentru Adul\u021bi Pampers M-XL Set de 10 bucati \u2013 Protec\u021bie avansat\u0103, confort personalizat, grij\u0103 discret\u0103 Concepute pentru a oferi<\/p>","protected":false},"featured_media":13005,"comment_status":"open","ping_status":"closed","template":"","meta":{"_acf_changed":false},"product_brand":[],"product_cat":[102,107],"product_tag":[],"class_list":{"0":"post-13001","1":"product","2":"type-product","3":"status-publish","4":"has-post-thumbnail","6":"product_cat-diverse","7":"product_cat-tehnica-de-reabilitare","9":"first","10":"instock","11":"shipping-taxable","12":"purchasable","13":"product-type-simple"},"acf":[],"_links":{"self":[{"href":"https:\/\/biomed.md\/ru\/wp-json\/wp\/v2\/product\/13001","targetHints":{"allow":["GET"]}}],"collection":[{"href":"https:\/\/biomed.md\/ru\/wp-json\/wp\/v2\/product"}],"about":[{"href":"https:\/\/biomed.md\/ru\/wp-json\/wp\/v2\/types\/product"}],"replies":[{"embeddable":true,"href":"https:\/\/biomed.md\/ru\/wp-json\/wp\/v2\/comments?post=13001"}],"version-history":[{"count":4,"href":"https:\/\/biomed.md\/ru\/wp-json\/wp\/v2\/product\/13001\/revisions"}],"predecessor-version":[{"id":13717,"href":"https:\/\/biomed.md\/ru\/wp-json\/wp\/v2\/product\/13001\/revisions\/13717"}],"wp:featuredmedia":[{"embeddable":true,"href":"https:\/\/biomed.md\/ru\/wp-json\/wp\/v2\/media\/13005"}],"wp:attachment":[{"href":"https:\/\/biomed.md\/ru\/wp-json\/wp\/v2\/media?parent=13001"}],"wp:term":[{"taxonomy":"product_brand","embeddable":true,"href":"https:\/\/biomed.md\/ru\/wp-json\/wp\/v2\/product_brand?post=13001"},{"taxonomy":"product_cat","embeddable":true,"href":"https:\/\/biomed.md\/ru\/wp-json\/wp\/v2\/product_cat?post=13001"},{"taxonomy":"product_tag","embeddable":true,"href":"https:\/\/biomed.md\/ru\/wp-json\/wp\/v2\/product_tag?post=13001"}],"curies":[{"name":"wp","href":"https:\/\/api.w.org\/{rel}","templated":true}]}}