{"id":12960,"date":"2025-07-15T13:45:24","date_gmt":"2025-07-15T13:45:24","guid":{"rendered":"https:\/\/biomed.md\/?post_type=product&#038;p=12960"},"modified":"2026-01-15T12:14:01","modified_gmt":"2026-01-15T12:14:01","slug":"armurariu-extract-in-capsule","status":"publish","type":"product","link":"https:\/\/biomed.md\/ru\/product\/armurariu-extract-in-capsule\/","title":{"rendered":"\u042d\u043a\u0441\u0442\u0440\u0430\u043a\u0442 \u0440\u0430\u0441\u0442\u043e\u0440\u043e\u043f\u0448\u0438 \u0432 \u043a\u0430\u043f\u0441\u0443\u043b\u0430\u0445"},"content":{"rendered":"<p><strong>\u042d\u043a\u0441\u0442\u0440\u0430\u043a\u0442 \u0440\u0430\u0441\u0442\u043e\u0440\u043e\u043f\u0448\u0438 \u0432 \u043a\u0430\u043f\u0441\u0443\u043b\u0430\u0445 2000\u043c\u0433 <\/strong><\/p>\n<p><strong>\u0415\u0441\u0442\u0435\u0441\u0442\u0432\u0435\u043d\u043d\u0430\u044f \u0437\u0430\u0449\u0438\u0442\u0430 \u043f\u0435\u0447\u0435\u043d\u0438 \u0438 \u0432\u043d\u0443\u0442\u0440\u0435\u043d\u043d\u044f\u044f \u0436\u0438\u0437\u043d\u0435\u043d\u043d\u0430\u044f \u0441\u0438\u043b\u0430<\/strong> \u041f\u043e\u0437\u0430\u0431\u043e\u0442\u044c\u0442\u0435\u0441\u044c \u043e \u0441\u0432\u043e\u0451\u043c \u0437\u0434\u043e\u0440\u043e\u0432\u044c\u0435 \u0438\u0437\u043d\u0443\u0442\u0440\u0438 \u0438 \u0441\u043d\u0430\u0440\u0443\u0436\u0438 \u0441 \u043f\u043e\u043c\u043e\u0449\u044c\u044e Milk Thistle 2000mg \u2013 \u0434\u043e\u0431\u0430\u0432\u043a\u0438 \u043d\u0430 \u043e\u0441\u043d\u043e\u0432\u0435 \u044d\u043a\u0441\u0442\u0440\u0430\u043a\u0442\u0430 \u0440\u0430\u0441\u0442\u043e\u0440\u043e\u043f\u0448\u0438 \u043f\u044f\u0442\u043d\u0438\u0441\u0442\u043e\u0439 (Silybum marianum), \u0432\u0435\u043a\u0430\u043c\u0438 \u0438\u0437\u0432\u0435\u0441\u0442\u043d\u043e\u0433\u043e \u0441\u0432\u043e\u0438\u043c\u0438 \u0433\u0435\u043f\u0430\u0442\u043e\u043f\u0440\u043e\u0442\u0435\u043a\u0442\u043e\u0440\u043d\u044b\u043c\u0438 \u0441\u0432\u043e\u0439\u0441\u0442\u0432\u0430\u043c\u0438. \u041a\u0430\u0436\u0434\u0430\u044f \u043a\u0430\u043f\u0441\u0443\u043b\u0430 \u0441\u043e\u0434\u0435\u0440\u0436\u0438\u0442 \u0432\u043f\u0435\u0447\u0430\u0442\u043b\u044f\u044e\u0449\u0443\u044e \u0434\u043e\u0437\u0443 <strong>2000 \u043c\u0433 \u043a\u043e\u043d\u0446\u0435\u043d\u0442\u0440\u0438\u0440\u043e\u0432\u0430\u043d\u043d\u043e\u0433\u043e \u044d\u043a\u0441\u0442\u0440\u0430\u043a\u0442\u0430<\/strong>, \u0441 \u0441\u043e\u0434\u0435\u0440\u0436\u0430\u043d\u0438\u0435\u043c <strong>80% \u0441\u0438\u043b\u0438\u043c\u0430\u0440\u0438\u043d\u0430<\/strong>, \u043a\u043e\u043c\u043f\u043b\u0435\u043a\u0441 \u0444\u043b\u0430\u0432\u043e\u043d\u043e\u0438\u0434\u043e\u0432, \u043d\u0435\u043e\u0431\u0445\u043e\u0434\u0438\u043c\u044b\u0439 \u0434\u043b\u044f \u0434\u0435\u0442\u043e\u043a\u0441\u0438\u043a\u0430\u0446\u0438\u0438 \u043f\u0435\u0447\u0435\u043d\u0438 \u0438 \u0435\u0435 \u044d\u0444\u0444\u0435\u043a\u0442\u0438\u0432\u043d\u043e\u0439 \u0440\u0430\u0431\u043e\u0442\u044b.<\/p>\n<p><strong>\u0421\u043e\u0441\u0442\u0430\u0432 \u043d\u0430 \u043f\u043e\u0440\u0446\u0438\u044e (1 \u043a\u0430\u043f\u0441\u0443\u043b\u0430)<\/strong><\/p>\n<ul>\n<li>\u042d\u043a\u0441\u0442\u0440\u0430\u043a\u0442 \u0440\u0430\u0441\u0442\u043e\u0440\u043e\u043f\u0448\u0438 \u043f\u044f\u0442\u043d\u0438\u0441\u0442\u043e\u0439 (Silybum Marianum) \u2013 2000 \u043c\u0433<\/li>\n<li>\u0414\u0440\u0443\u0433\u0438\u0435 \u0438\u043d\u0433\u0440\u0435\u0434\u0438\u0435\u043d\u0442\u044b: \u043c\u0438\u043a\u0440\u043e\u043a\u0440\u0438\u0441\u0442\u0430\u043b\u043b\u0438\u0447\u0435\u0441\u043a\u0430\u044f \u0446\u0435\u043b\u043b\u044e\u043b\u043e\u0437\u0430, \u043e\u043a\u0438\u0441\u043b\u0435\u043d\u043d\u044b\u0439 \u043a\u0440\u0430\u0445\u043c\u0430\u043b, \u0440\u0430\u0441\u0442\u0438\u0442\u0435\u043b\u044c\u043d\u0430\u044f \u043a\u0430\u043f\u0441\u0443\u043b\u0430 \u0413\u041f\u041c\u0426.<\/li>\n<\/ul>\n<p><strong>\u041e\u0441\u043d\u043e\u0432\u043d\u044b\u0435 \u043f\u0440\u0435\u0438\u043c\u0443\u0449\u0435\u0441\u0442\u0432\u0430<\/strong><\/p>\n<ul>\n<li>\u2705 <em>\u0420\u0430\u0441\u0448\u0438\u0440\u0435\u043d\u043d\u0430\u044f \u0437\u0430\u0449\u0438\u0442\u0430 \u043f\u0435\u0447\u0435\u043d\u0438<\/em> \u2013 \u0441\u043f\u043e\u0441\u043e\u0431\u0441\u0442\u0432\u0443\u0435\u0442 \u0440\u0435\u0433\u0435\u043d\u0435\u0440\u0430\u0446\u0438\u0438 \u043a\u043b\u0435\u0442\u043e\u043a \u043f\u0435\u0447\u0435\u043d\u0438 \u0438 \u0434\u0435\u0442\u043e\u043a\u0441\u0438\u043a\u0430\u0446\u0438\u0438 \u043e\u0440\u0433\u0430\u043d\u0438\u0437\u043c\u0430<\/li>\n<li>\ud83c\udf3f <em>\u0415\u0441\u0442\u0435\u0441\u0442\u0432\u0435\u043d\u043d\u0430\u044f \u043f\u043e\u0434\u0434\u0435\u0440\u0436\u043a\u0430 \u043f\u0438\u0449\u0435\u0432\u0430\u0440\u0435\u043d\u0438\u044f<\/em> \u2013 \u0441\u043f\u043e\u0441\u043e\u0431\u0441\u0442\u0432\u0443\u0435\u0442 \u0431\u0430\u043b\u0430\u043d\u0441\u0443 \u043a\u0438\u0448\u0435\u0447\u043d\u043e\u0433\u043e \u0442\u0440\u0430\u043d\u0437\u0438\u0442\u0430 \u0438 \u043f\u043e\u0434\u0434\u0435\u0440\u0436\u0438\u0432\u0430\u0435\u0442 \u043f\u0438\u0449\u0435\u0432\u0430\u0440\u0438\u0442\u0435\u043b\u044c\u043d\u0443\u044e \u0444\u043b\u043e\u0440\u0443<\/li>\n<li>\ud83d\udd25 <em>\u0423\u043c\u0435\u043d\u044c\u0448\u0435\u043d\u0438\u0435 \u0432\u043e\u0441\u043f\u0430\u043b\u0435\u043d\u0438\u044f<\/em> \u2013 \u0441\u0438\u043b\u0438\u043c\u0430\u0440\u0438\u043d \u043e\u0431\u043b\u0430\u0434\u0430\u0435\u0442 \u043f\u0440\u043e\u0442\u0438\u0432\u043e\u0432\u043e\u0441\u043f\u0430\u043b\u0438\u0442\u0435\u043b\u044c\u043d\u044b\u043c \u0438 \u0430\u043d\u0442\u0438\u043e\u043a\u0441\u0438\u0434\u0430\u043d\u0442\u043d\u044b\u043c \u0434\u0435\u0439\u0441\u0442\u0432\u0438\u0435\u043c<\/li>\n<li>\ud83e\udde0 <em>\u042f\u0441\u043d\u043e\u0441\u0442\u044c \u0443\u043c\u0430<\/em> \u2013 \u043c\u043e\u0436\u0435\u0442 \u043f\u043e\u0434\u0434\u0435\u0440\u0436\u0438\u0432\u0430\u0442\u044c \u043a\u043e\u0433\u043d\u0438\u0442\u0438\u0432\u043d\u044b\u0435 \u0444\u0443\u043d\u043a\u0446\u0438\u0438, \u043f\u0430\u043c\u044f\u0442\u044c \u0438 \u0437\u0430\u0449\u0438\u0442\u0443 \u043d\u0435\u0439\u0440\u043e\u043d\u043e\u0432<\/li>\n<li>\ud83d\udee1\ufe0f <em>\u0423\u043a\u0440\u0435\u043f\u043b\u0435\u043d\u0438\u0435 \u0438\u043c\u043c\u0443\u043d\u043d\u043e\u0439 \u0441\u0438\u0441\u0442\u0435\u043c\u044b<\/em> \u2013 \u0443\u043a\u0440\u0435\u043f\u043b\u044f\u0435\u0442 \u0435\u0441\u0442\u0435\u0441\u0442\u0432\u0435\u043d\u043d\u044b\u0435 \u0437\u0430\u0449\u0438\u0442\u043d\u044b\u0435 \u043c\u0435\u0445\u0430\u043d\u0438\u0437\u043c\u044b \u043e\u0440\u0433\u0430\u043d\u0438\u0437\u043c\u0430<\/li>\n<li>\u2696\ufe0f <em>\u041f\u043e\u0434\u0434\u0435\u0440\u0436\u0438\u0432\u0430\u0435\u0442 \u0431\u0430\u043b\u0430\u043d\u0441 \u0432\u0435\u0441\u0430<\/em> \u2013 \u043f\u043e\u043c\u043e\u0433\u0430\u0435\u0442 \u043c\u0435\u0442\u0430\u0431\u043e\u043b\u0438\u0437\u0438\u0440\u043e\u0432\u0430\u0442\u044c \u0436\u0438\u0440\u044b \u0438 \u0440\u0435\u0433\u0443\u043b\u0438\u0440\u043e\u0432\u0430\u0442\u044c \u043f\u0438\u0449\u0435\u0432\u0430\u0440\u0435\u043d\u0438\u0435<\/li>\n<li>\ud83e\uddd8\u200d\u2640\ufe0f <em>\u0415\u0436\u0435\u0434\u043d\u0435\u0432\u043d\u0430\u044f \u0436\u0438\u0437\u043d\u0435\u043d\u043d\u0430\u044f \u0441\u0438\u043b\u0430<\/em> \u2013 \u0441\u043f\u043e\u0441\u043e\u0431\u0441\u0442\u0432\u0443\u0435\u0442 \u043f\u043e\u0434\u0434\u0435\u0440\u0436\u0430\u043d\u0438\u044e \u0441\u0431\u0430\u043b\u0430\u043d\u0441\u0438\u0440\u043e\u0432\u0430\u043d\u043d\u043e\u0433\u043e \u0438 \u044d\u043d\u0435\u0440\u0433\u0438\u0447\u043d\u043e\u0433\u043e \u043e\u0431\u0449\u0435\u0433\u043e \u0442\u043e\u043d\u0443\u0441\u0430<\/li>\n<\/ul>\n<p><strong>\u041f\u0440\u0435\u043c\u0438\u0443\u043c-\u0444\u0443\u043d\u043a\u0446\u0438\u0438<\/strong><\/p>\n<ul>\n<li>2000 \u043c\u0433 \u044d\u043a\u0441\u0442\u0440\u0430\u043a\u0442\u0430 \u043d\u0430 \u043a\u0430\u043f\u0441\u0443\u043b\u0443 \u2014 \u043f\u0440\u0435\u0432\u043e\u0441\u0445\u043e\u0434\u043d\u0430\u044f \u044d\u0444\u0444\u0435\u043a\u0442\u0438\u0432\u043d\u043e\u0441\u0442\u044c \u043f\u043e \u0441\u0440\u0430\u0432\u043d\u0435\u043d\u0438\u044e \u0441 \u0434\u0440\u0443\u0433\u0438\u043c\u0438 \u0434\u043e\u0431\u0430\u0432\u043a\u0430\u043c\u0438<\/li>\n<li>80% \u0441\u0438\u043b\u0438\u043c\u0430\u0440\u0438\u043d\u0430 \u2013 \u0432\u044b\u0441\u043e\u043a\u0430\u044f \u043a\u043e\u043d\u0446\u0435\u043d\u0442\u0440\u0430\u0446\u0438\u044f \u0434\u043b\u044f \u043e\u043f\u0442\u0438\u043c\u0430\u043b\u044c\u043d\u043e\u0439 \u044d\u0444\u0444\u0435\u043a\u0442\u0438\u0432\u043d\u043e\u0441\u0442\u0438<\/li>\n<li>100% \u0432\u0435\u0433\u0430\u043d\u0441\u043a\u0438\u0439 \u2014 \u0431\u0435\u0437 \u0436\u0435\u043b\u0430\u0442\u0438\u043d\u0430 \u0438 \u0438\u043d\u0433\u0440\u0435\u0434\u0438\u0435\u043d\u0442\u043e\u0432 \u0436\u0438\u0432\u043e\u0442\u043d\u043e\u0433\u043e \u043f\u0440\u043e\u0438\u0441\u0445\u043e\u0436\u0434\u0435\u043d\u0438\u044f<\/li>\n<li>\u0411\u0435\u0437 \u0438\u0441\u043a\u0443\u0441\u0441\u0442\u0432\u0435\u043d\u043d\u044b\u0445 \u0434\u043e\u0431\u0430\u0432\u043e\u043a, \u0441\u0442\u0435\u0430\u0440\u0430\u0442\u0430 \u043c\u0430\u0433\u043d\u0438\u044f \u0438 \u0413\u041c\u041e.<\/li>\n<li>180 \u043a\u0430\u043f\u0441\u0443\u043b \u0432 \u0431\u0443\u0442\u044b\u043b\u043a\u0435 \u2013 <strong>6 \u043c\u0435\u0441\u044f\u0446\u0435\u0432 \u0438\u0441\u043f\u043e\u043b\u044c\u0437\u043e\u0432\u0430\u043d\u0438\u044f<\/strong> \u0431\u0435\u0437 \u043f\u0440\u043e\u0434\u043b\u0435\u043d\u0438\u044f<\/li>\n<li>\u041f\u0440\u043e\u0434\u0443\u043a\u0442 \u0441\u0435\u0440\u0442\u0438\u0444\u0438\u0446\u0438\u0440\u043e\u0432\u0430\u043d \u043f\u043e \u0441\u0442\u0430\u043d\u0434\u0430\u0440\u0442\u0443 GMP \u2013 \u043f\u0440\u043e\u0438\u0437\u0432\u0435\u0434\u0435\u043d \u043e\u0442\u0432\u0435\u0442\u0441\u0442\u0432\u0435\u043d\u043d\u043e \u0438 \u0431\u0435\u0437\u043e\u043f\u0430\u0441\u043d\u043e<\/li>\n<\/ul>\n<p><strong>\u0421\u043f\u043e\u0441\u043e\u0431 \u043f\u0440\u0438\u043c\u0435\u043d\u0435\u043d\u0438\u044f<\/strong> \u041f\u0440\u0438\u043d\u0438\u043c\u0430\u0439\u0442\u0435 \u043f\u043e 1 \u043a\u0430\u043f\u0441\u0443\u043b\u0435 \u0432 \u0434\u0435\u043d\u044c, \u0437\u0430\u043f\u0438\u0432\u0430\u044f \u0431\u043e\u043b\u044c\u0448\u0438\u043c \u0441\u0442\u0430\u043a\u0430\u043d\u043e\u043c \u0432\u043e\u0434\u044b, \u0436\u0435\u043b\u0430\u0442\u0435\u043b\u044c\u043d\u043e \u0432\u043e \u0432\u0440\u0435\u043c\u044f \u0435\u0434\u044b. \u0414\u043b\u044f \u0434\u043e\u0441\u0442\u0438\u0436\u0435\u043d\u0438\u044f \u043c\u0430\u043a\u0441\u0438\u043c\u0430\u043b\u044c\u043d\u043e\u0433\u043e \u044d\u0444\u0444\u0435\u043a\u0442\u0430 \u043f\u0440\u0438\u043d\u0438\u043c\u0430\u0439\u0442\u0435 \u0432 \u043e\u0434\u043d\u043e \u0438 \u0442\u043e \u0436\u0435 \u0432\u0440\u0435\u043c\u044f \u043a\u0430\u0436\u0434\u044b\u0439 \u0434\u0435\u043d\u044c.<\/p>\n<p><strong>\u0420\u0435\u043a\u043e\u043c\u0435\u043d\u0434\u0430\u0446\u0438\u0438 \u043f\u043e \u0431\u0435\u0437\u043e\u043f\u0430\u0441\u043d\u043e\u0441\u0442\u0438:<\/strong> \u041d\u0435 \u043f\u0440\u0435\u0432\u044b\u0448\u0430\u0439\u0442\u0435 \u0440\u0435\u043a\u043e\u043c\u0435\u043d\u0434\u0443\u0435\u043c\u0443\u044e \u0434\u043e\u0437\u0443. \u041d\u0435 \u0438\u0441\u043f\u043e\u043b\u044c\u0437\u0443\u0439\u0442\u0435 \u0432 \u043a\u0430\u0447\u0435\u0441\u0442\u0432\u0435 \u0437\u0430\u043c\u0435\u043d\u044b \u0440\u0430\u0437\u043d\u043e\u043e\u0431\u0440\u0430\u0437\u043d\u043e\u0433\u043e \u043f\u0438\u0442\u0430\u043d\u0438\u044f. \u0415\u0441\u043b\u0438 \u0432\u044b \u0431\u0435\u0440\u0435\u043c\u0435\u043d\u043d\u044b, \u043a\u043e\u0440\u043c\u0438\u0442\u0435 \u0433\u0440\u0443\u0434\u044c\u044e \u0438\u043b\u0438 \u043f\u0440\u0438\u043d\u0438\u043c\u0430\u0435\u0442\u0435 \u043a\u0430\u043a\u0438\u0435-\u043b\u0438\u0431\u043e \u043b\u0435\u043a\u0430\u0440\u0441\u0442\u0432\u0430, \u043f\u0440\u043e\u043a\u043e\u043d\u0441\u0443\u043b\u044c\u0442\u0438\u0440\u0443\u0439\u0442\u0435\u0441\u044c \u0441 \u0432\u0440\u0430\u0447\u043e\u043c. \u041d\u0435 \u043f\u0440\u0435\u0434\u043d\u0430\u0437\u043d\u0430\u0447\u0435\u043d\u043e \u0434\u043b\u044f \u043b\u0438\u0446 \u043c\u043b\u0430\u0434\u0448\u0435 18 \u043b\u0435\u0442.<\/p>\n<div><\/div>\n<p><strong>\u043a\u043b\u044e\u0447\u0435\u0432\u044b\u0435 \u0441\u043b\u043e\u0432\u0430 SEO<\/strong> \u041a\u0430\u043f\u0441\u0443\u043b\u0430 \u0440\u0430\u0441\u0442\u043e\u0440\u043e\u043f\u0448\u0438, \u0440\u0430\u0441\u0442\u043e\u0440\u043e\u043f\u0448\u0430 2000 \u043c\u0433, \u0441\u0438\u043b\u0438\u043c\u0430\u0440\u0438\u043d \u0434\u043b\u044f \u043f\u0435\u0447\u0435\u043d\u0438, \u0434\u0435\u0442\u043e\u043a\u0441-\u0434\u043e\u0431\u0430\u0432\u043a\u0430, \u043d\u0430\u0442\u0443\u0440\u0430\u043b\u044c\u043d\u044b\u0439 \u0430\u043d\u0442\u0438\u043e\u043a\u0441\u0438\u0434\u0430\u043d\u0442, \u0437\u0430\u0449\u0438\u0442\u0430 \u043f\u0435\u0447\u0435\u043d\u0438, \u044f\u0441\u043d\u043e\u0441\u0442\u044c \u0443\u043c\u0430, \u0432\u0435\u0433\u0430\u043d\u0441\u043a\u0430\u044f \u0434\u043e\u0431\u0430\u0432\u043a\u0430 \u0434\u043b\u044f \u043f\u0435\u0447\u0435\u043d\u0438, \u0440\u0430\u0441\u0442\u043e\u0440\u043e\u043f\u0448\u0430 WeightWorld<\/p>","protected":false},"excerpt":{"rendered":"<p>Armurariu Extract\u00a0 in Capsule Protec\u021bie natural\u0103 pentru ficat \u0219i vitalitate intern\u0103 Ai grij\u0103 de s\u0103n\u0103tatea ta din interior cu Milk<\/p>","protected":false},"featured_media":12967,"comment_status":"open","ping_status":"closed","template":"","meta":{"_acf_changed":false},"product_brand":[],"product_cat":[98],"product_tag":[],"class_list":{"0":"post-12960","1":"product","2":"type-product","3":"status-publish","4":"has-post-thumbnail","6":"product_cat-bio-suplimente","8":"first","9":"instock","10":"shipping-taxable","11":"purchasable","12":"product-type-simple"},"acf":[],"_links":{"self":[{"href":"https:\/\/biomed.md\/ru\/wp-json\/wp\/v2\/product\/12960","targetHints":{"allow":["GET"]}}],"collection":[{"href":"https:\/\/biomed.md\/ru\/wp-json\/wp\/v2\/product"}],"about":[{"href":"https:\/\/biomed.md\/ru\/wp-json\/wp\/v2\/types\/product"}],"replies":[{"embeddable":true,"href":"https:\/\/biomed.md\/ru\/wp-json\/wp\/v2\/comments?post=12960"}],"version-history":[{"count":5,"href":"https:\/\/biomed.md\/ru\/wp-json\/wp\/v2\/product\/12960\/revisions"}],"predecessor-version":[{"id":14018,"href":"https:\/\/biomed.md\/ru\/wp-json\/wp\/v2\/product\/12960\/revisions\/14018"}],"wp:featuredmedia":[{"embeddable":true,"href":"https:\/\/biomed.md\/ru\/wp-json\/wp\/v2\/media\/12967"}],"wp:attachment":[{"href":"https:\/\/biomed.md\/ru\/wp-json\/wp\/v2\/media?parent=12960"}],"wp:term":[{"taxonomy":"product_brand","embeddable":true,"href":"https:\/\/biomed.md\/ru\/wp-json\/wp\/v2\/product_brand?post=12960"},{"taxonomy":"product_cat","embeddable":true,"href":"https:\/\/biomed.md\/ru\/wp-json\/wp\/v2\/product_cat?post=12960"},{"taxonomy":"product_tag","embeddable":true,"href":"https:\/\/biomed.md\/ru\/wp-json\/wp\/v2\/product_tag?post=12960"}],"curies":[{"name":"wp","href":"https:\/\/api.w.org\/{rel}","templated":true}]}}