{"id":12939,"date":"2025-07-15T10:05:16","date_gmt":"2025-07-15T10:05:16","guid":{"rendered":"https:\/\/biomed.md\/?post_type=product&#038;p=12939"},"modified":"2025-10-01T11:13:13","modified_gmt":"2025-10-01T11:13:13","slug":"antioxidanti-resveratrol-cu-quercetina","status":"publish","type":"product","link":"https:\/\/biomed.md\/ru\/product\/antioxidanti-resveratrol-cu-quercetina\/","title":{"rendered":"\u0410\u043d\u0442\u0438\u043e\u043a\u0441\u0438\u0434\u0430\u043d\u0442\u044b \u0420\u0435\u0441\u0432\u0435\u0440\u0430\u0442\u0440\u043e\u043b \u0441 \u041a\u0432\u0435\u0440\u0446\u0435\u0442\u0438\u043d\u043e\u043c\u00a0"},"content":{"rendered":"<p>\u0410\u043d\u0442\u0438\u043e\u043a\u0441\u0438\u0434\u0430\u043d\u0442\u044b \u0420\u0435\u0441\u0432\u0435\u0440\u0430\u0442\u0440\u043e\u043b \u0441 \u041a\u0432\u0435\u0440\u0446\u0435\u0442\u0438\u043d\u043e\u043c<\/p>\n<p><strong>\u0422\u0440\u0430\u043d\u0441-\u0440\u0435\u0441\u0432\u0435\u0440\u0430\u0442\u0440\u043e\u043b 550 \u043c\u0433 120 \u043a\u0430\u043f\u0441\u0443\u043b \u2013 \u0441\u0438\u043b\u0430 \u0430\u043d\u0442\u0438\u043e\u043a\u0441\u0438\u0434\u0430\u043d\u0442\u043e\u0432 \u0438 \u043f\u0440\u0438\u0440\u043e\u0434\u043d\u0430\u044f \u0436\u0438\u0437\u043d\u0435\u043d\u043d\u0430\u044f \u0441\u0438\u043b\u0430<\/strong> \u0423\u043b\u0443\u0447\u0448\u0438\u0442\u0435 \u0441\u0432\u043e\u0451 \u0441\u0430\u043c\u043e\u0447\u0443\u0432\u0441\u0442\u0432\u0438\u0435 \u0441 \u043f\u043e\u043c\u043e\u0449\u044c\u044e \u043f\u0440\u0435\u043c\u0438\u0430\u043b\u044c\u043d\u043e\u0439 \u0434\u043e\u0431\u0430\u0432\u043a\u0438, \u043a\u043e\u0442\u043e\u0440\u0430\u044f \u0438\u0441\u043f\u043e\u043b\u044c\u0437\u0443\u0435\u0442 \u0438\u0437\u0432\u0435\u0441\u0442\u043d\u044b\u0435 \u043f\u043e\u043b\u0435\u0437\u043d\u044b\u0435 \u0441\u0432\u043e\u0439\u0441\u0442\u0432\u0430 \u043a\u0440\u0430\u0441\u043d\u043e\u0433\u043e \u0432\u0438\u043d\u043e\u0433\u0440\u0430\u0434\u0430 \u0438 \u044d\u043a\u0441\u0442\u0440\u0430\u043a\u0442\u0430 \u043a\u0440\u0430\u0441\u043d\u043e\u0433\u043e \u0432\u0438\u043d\u0430 \u2013 \u0431\u0435\u0437 \u0430\u043b\u043a\u043e\u0433\u043e\u043b\u044f, \u043d\u043e \u0441 \u0432\u044b\u0441\u043e\u043a\u043e\u0439 \u043a\u043e\u043d\u0446\u0435\u043d\u0442\u0440\u0430\u0446\u0438\u0435\u0439 \u0430\u043a\u0442\u0438\u0432\u043d\u044b\u0445 \u0432\u0435\u0449\u0435\u0441\u0442\u0432.\u041a\u0430\u043f\u0441\u0443\u043b\u044b \u0441\u043e\u0434\u0435\u0440\u0436\u0430\u0442 <strong>500 \u043c\u0433 \u0447\u0438\u0441\u0442\u043e\u0433\u043e \u0442\u0440\u0430\u043d\u0441-\u0440\u0435\u0441\u0432\u0435\u0440\u0430\u0442\u0440\u043e\u043b\u0430<\/strong> \u0438 <strong>50 \u043c\u0433 \u043a\u0432\u0435\u0440\u0446\u0435\u0442\u0438\u043d\u0430<\/strong>, \u043f\u0440\u0435\u0434\u043b\u0430\u0433\u0430\u044f \u043e\u0434\u043d\u0443 \u0438\u0437 \u0441\u0430\u043c\u044b\u0445 \u043c\u043e\u0449\u043d\u044b\u0445 \u0430\u043d\u0442\u0438\u043e\u043a\u0441\u0438\u0434\u0430\u043d\u0442\u043d\u044b\u0445 \u0434\u043e\u0431\u0430\u0432\u043e\u043a \u043d\u0430 \u0440\u044b\u043d\u043a\u0435.<\/p>\n<p><strong>\u0421\u043e\u0441\u0442\u0430\u0432 \u043d\u0430 \u043f\u043e\u0440\u0446\u0438\u044e (1 \u043a\u0430\u043f\u0441\u0443\u043b\u0430)<\/strong><\/p>\n<ul>\n<li>\u0422\u0440\u0430\u043d\u0441-\u0440\u0435\u0441\u0432\u0435\u0440\u0430\u0442\u0440\u043e\u043b \u2013 500 \u043c\u0433<\/li>\n<li>\u041a\u0432\u0435\u0440\u0446\u0435\u0442\u0438\u043d \u2013 50 \u043c\u0433<\/li>\n<li>\u0414\u0440\u0443\u0433\u0438\u0435 \u0438\u043d\u0433\u0440\u0435\u0434\u0438\u0435\u043d\u0442\u044b: \u0434\u0438\u043a\u0430\u043b\u044c\u0446\u0438\u0439\u0444\u043e\u0441\u0444\u0430\u0442, \u043c\u0438\u043a\u0440\u043e\u043a\u0440\u0438\u0441\u0442\u0430\u043b\u043b\u0438\u0447\u0435\u0441\u043a\u0430\u044f \u0446\u0435\u043b\u043b\u044e\u043b\u043e\u0437\u0430, \u0433\u0438\u043f\u0440\u043e\u043c\u0435\u043b\u043b\u043e\u0437\u0430 (\u0440\u0430\u0441\u0442\u0438\u0442\u0435\u043b\u044c\u043d\u0430\u044f \u043a\u0430\u043f\u0441\u0443\u043b\u0430)<\/li>\n<\/ul>\n<p><strong>\u041e\u0441\u043d\u043e\u0432\u043d\u044b\u0435 \u043f\u0440\u0435\u0438\u043c\u0443\u0449\u0435\u0441\u0442\u0432\u0430<\/strong><\/p>\n<ul>\n<li>\u041f\u043e\u0434\u0434\u0435\u0440\u0436\u0438\u0432\u0430\u0435\u0442 \u0431\u043e\u0440\u044c\u0431\u0443 \u0441 \u043f\u0440\u0438\u0437\u043d\u0430\u043a\u0430\u043c\u0438 \u0441\u0442\u0430\u0440\u0435\u043d\u0438\u044f, \u043d\u0435\u0439\u0442\u0440\u0430\u043b\u0438\u0437\u0443\u044f \u0441\u0432\u043e\u0431\u043e\u0434\u043d\u044b\u0435 \u0440\u0430\u0434\u0438\u043a\u0430\u043b\u044b.<\/li>\n<li>\u041c\u043e\u0449\u043d\u044b\u0439 \u0430\u043d\u0442\u0438\u043e\u043a\u0441\u0438\u0434\u0430\u043d\u0442 \u2013 \u0437\u0430\u0449\u0438\u0449\u0430\u0435\u0442 \u043a\u043b\u0435\u0442\u043a\u0438 \u043e\u0442 \u043e\u043a\u0438\u0441\u043b\u0438\u0442\u0435\u043b\u044c\u043d\u043e\u0433\u043e \u0441\u0442\u0440\u0435\u0441\u0441\u0430 \u0438 \u043f\u0440\u0435\u0436\u0434\u0435\u0432\u0440\u0435\u043c\u0435\u043d\u043d\u043e\u0433\u043e \u0441\u0442\u0430\u0440\u0435\u043d\u0438\u044f.<\/li>\n<li>\u041f\u043e\u0434\u0434\u0435\u0440\u0436\u0438\u0432\u0430\u0435\u0442 \u0437\u0434\u043e\u0440\u043e\u0432\u044c\u0435 \u0441\u0435\u0440\u0434\u0435\u0447\u043d\u043e-\u0441\u043e\u0441\u0443\u0434\u0438\u0441\u0442\u043e\u0439 \u0441\u0438\u0441\u0442\u0435\u043c\u044b \u2014 \u043f\u043e\u043c\u043e\u0433\u0430\u0435\u0442 \u043f\u043e\u0434\u0434\u0435\u0440\u0436\u0438\u0432\u0430\u0442\u044c \u044d\u043b\u0430\u0441\u0442\u0438\u0447\u043d\u043e\u0441\u0442\u044c \u043a\u0440\u043e\u0432\u0435\u043d\u043e\u0441\u043d\u044b\u0445 \u0441\u043e\u0441\u0443\u0434\u043e\u0432 \u0438 \u043e\u043f\u0442\u0438\u043c\u0430\u043b\u044c\u043d\u044b\u0439 \u043a\u0440\u043e\u0432\u043e\u0442\u043e\u043a<\/li>\n<li>\u0421\u0442\u0438\u043c\u0443\u043b\u0438\u0440\u0443\u0435\u0442 \u043a\u043b\u0435\u0442\u043e\u0447\u043d\u044b\u0439 \u043c\u0435\u0442\u0430\u0431\u043e\u043b\u0438\u0437\u043c \u2013 \u0441\u043f\u043e\u0441\u043e\u0431\u0441\u0442\u0432\u0443\u0435\u0442 \u0441\u0436\u0438\u0433\u0430\u043d\u0438\u044e \u0436\u0438\u0440\u0430 \u0438 \u043f\u043e\u0434\u0434\u0435\u0440\u0436\u0430\u043d\u0438\u044e \u0437\u0434\u043e\u0440\u043e\u0432\u043e\u0433\u043e \u0432\u0435\u0441\u0430<\/li>\n<li>\u0421\u043f\u043e\u0441\u043e\u0431\u0441\u0442\u0432\u0443\u0435\u0442 \u0434\u043e\u043b\u0433\u043e\u043b\u0435\u0442\u0438\u044e \u2013 \u043f\u043e\u0434\u0434\u0435\u0440\u0436\u0438\u0432\u0430\u0435\u0442 \u0435\u0441\u0442\u0435\u0441\u0442\u0432\u0435\u043d\u043d\u044b\u0435 \u043c\u0435\u0445\u0430\u043d\u0438\u0437\u043c\u044b \u0440\u0435\u0433\u0435\u043d\u0435\u0440\u0430\u0446\u0438\u0438 \u043a\u043b\u0435\u0442\u043e\u043a<\/li>\n<li>\u0421\u043d\u0438\u043c\u0430\u0435\u0442 \u0432\u043e\u0441\u043f\u0430\u043b\u0435\u043d\u0438\u0435 \u2013 \u043c\u043e\u0436\u0435\u0442 \u0443\u043c\u0435\u043d\u044c\u0448\u0438\u0442\u044c \u0445\u0440\u043e\u043d\u0438\u0447\u0435\u0441\u043a\u043e\u0435 \u0432\u043e\u0441\u043f\u0430\u043b\u0435\u043d\u0438\u0435, \u043f\u043e\u0440\u0430\u0436\u0430\u044e\u0449\u0435\u0435 \u0441\u0443\u0441\u0442\u0430\u0432\u044b \u0438 \u043f\u0438\u0449\u0435\u0432\u0430\u0440\u0438\u0442\u0435\u043b\u044c\u043d\u0443\u044e \u0441\u0438\u0441\u0442\u0435\u043c\u0443.<\/li>\n<li>\u041f\u043e\u0434\u0434\u0435\u0440\u0436\u0438\u0432\u0430\u0435\u0442 \u0440\u0430\u0431\u043e\u0442\u0443 \u043c\u043e\u0437\u0433\u0430 \u2014 \u0437\u0430\u0449\u0438\u0449\u0430\u0435\u0442 \u043d\u0435\u0439\u0440\u043e\u043d\u044b \u0438 \u0441\u043f\u043e\u0441\u043e\u0431\u0441\u0442\u0432\u0443\u0435\u0442 \u043a\u043e\u043d\u0446\u0435\u043d\u0442\u0440\u0430\u0446\u0438\u0438, \u043f\u0430\u043c\u044f\u0442\u0438 \u0438 \u044f\u0441\u043d\u043e\u0441\u0442\u0438 \u0443\u043c\u0430.<\/li>\n<li>\u041f\u043e\u0432\u044b\u0448\u0430\u0435\u0442 \u0443\u0440\u043e\u0432\u0435\u043d\u044c \u044d\u043d\u0435\u0440\u0433\u0438\u0438, \u043f\u043e\u0434\u0434\u0435\u0440\u0436\u0438\u0432\u0430\u044f \u0435\u0441\u0442\u0435\u0441\u0442\u0432\u0435\u043d\u043d\u0443\u044e \u0432\u044b\u0440\u0430\u0431\u043e\u0442\u043a\u0443 \u0410\u0422\u0424 (\u043a\u043b\u0435\u0442\u043e\u0447\u043d\u043e\u0439 \u044d\u043d\u0435\u0440\u0433\u0438\u0438)<\/li>\n<li>\u041f\u043e\u0434\u0434\u0435\u0440\u0436\u0438\u0432\u0430\u0435\u0442 \u0437\u0434\u043e\u0440\u043e\u0432\u044c\u0435 \u043a\u043e\u0436\u0438 \u2013 \u043f\u043e\u043c\u043e\u0433\u0430\u0435\u0442 \u0441\u043e\u0445\u0440\u0430\u043d\u0438\u0442\u044c \u044f\u0440\u043a\u0438\u0439 \u0438 \u0443\u043f\u0440\u0443\u0433\u0438\u0439 \u0446\u0432\u0435\u0442 \u043b\u0438\u0446\u0430<\/li>\n<li>\u041c\u043e\u0436\u0435\u0442 \u0441\u043f\u043e\u0441\u043e\u0431\u0441\u0442\u0432\u043e\u0432\u0430\u0442\u044c \u0433\u043e\u0440\u043c\u043e\u043d\u0430\u043b\u044c\u043d\u043e\u043c\u0443 \u0431\u0430\u043b\u0430\u043d\u0441\u0443, \u0437\u0430\u0449\u0438\u0449\u0430\u044f \u043e\u0442 \u043a\u043b\u0435\u0442\u043e\u0447\u043d\u043e\u0433\u043e \u0441\u0442\u0440\u0435\u0441\u0441\u0430, \u0441\u0432\u044f\u0437\u0430\u043d\u043d\u043e\u0433\u043e \u0441 \u0433\u043e\u0440\u043c\u043e\u043d\u0430\u043b\u044c\u043d\u044b\u043c \u0434\u0438\u0441\u0431\u0430\u043b\u0430\u043d\u0441\u043e\u043c.<\/li>\n<li>\u0421\u043f\u043e\u0441\u043e\u0431\u0441\u0442\u0432\u0443\u0435\u0442 \u0435\u0441\u0442\u0435\u0441\u0442\u0432\u0435\u043d\u043d\u043e\u0439 \u0434\u0435\u0442\u043e\u043a\u0441\u0438\u043a\u0430\u0446\u0438\u0438, \u043f\u043e\u0434\u0434\u0435\u0440\u0436\u0438\u0432\u0430\u044f \u0440\u0430\u0431\u043e\u0442\u0443 \u043f\u0435\u0447\u0435\u043d\u0438 \u0438 \u0432\u043d\u0443\u0442\u0440\u0435\u043d\u043d\u0438\u0435 \u0430\u043d\u0442\u0438\u043e\u043a\u0441\u0438\u0434\u0430\u043d\u0442\u043d\u044b\u0435 \u043f\u0440\u043e\u0446\u0435\u0441\u0441\u044b.<\/li>\n<\/ul>\n<p><strong>\u041f\u0440\u0435\u043c\u0438\u0443\u043c-\u0444\u0443\u043d\u043a\u0446\u0438\u0438<\/strong><\/p>\n<ul>\n<li>\u0412\u044b\u0441\u043e\u043a\u0430\u044f \u043a\u043e\u043d\u0446\u0435\u043d\u0442\u0440\u0430\u0446\u0438\u044f: 550 \u043c\u0433\/\u043a\u0430\u043f\u0441\u0443\u043b\u0430<\/li>\n<li>\u041f\u0440\u043e\u0441\u0442\u0430\u044f \u0438 \u044d\u0444\u0444\u0435\u043a\u0442\u0438\u0432\u043d\u0430\u044f \u0444\u043e\u0440\u043c\u0443\u043b\u0430 \u0441 <strong>\u0431\u044b\u0441\u0442\u0440\u043e\u0435 \u0432\u0441\u0430\u0441\u044b\u0432\u0430\u043d\u0438\u0435<\/strong> \u0438 <strong>\u043f\u043e\u0432\u044b\u0448\u0435\u043d\u043d\u0430\u044f \u0431\u0438\u043e\u0434\u043e\u0441\u0442\u0443\u043f\u043d\u043e\u0441\u0442\u044c<\/strong><\/li>\n<li>120 \u043a\u0430\u043f\u0441\u0443\u043b \u2013 <strong>4 \u043c\u0435\u0441\u044f\u0446\u0430 \u0438\u0441\u043f\u043e\u043b\u044c\u0437\u043e\u0432\u0430\u043d\u0438\u044f<\/strong> \u0431\u0435\u0437 \u043f\u0440\u043e\u0434\u043b\u0435\u043d\u0438\u044f<\/li>\n<li>\u0411\u0435\u0437 \u0430\u043b\u043a\u043e\u0433\u043e\u043b\u044f, \u043a\u0430\u043b\u043e\u0440\u0438\u0439 \u0438 \u0438\u0441\u043a\u0443\u0441\u0441\u0442\u0432\u0435\u043d\u043d\u044b\u0445 \u0438\u043d\u0433\u0440\u0435\u0434\u0438\u0435\u043d\u0442\u043e\u0432.<\/li>\n<li>\u041f\u043e\u0434\u0445\u043e\u0434\u0438\u0442 \u0434\u043b\u044f \u043b\u044e\u0434\u0435\u0439 \u0441 \u043f\u0438\u0449\u0435\u0432\u043e\u0439 \u043d\u0435\u043f\u0435\u0440\u0435\u043d\u043e\u0441\u0438\u043c\u043e\u0441\u0442\u044c\u044e<\/li>\n<\/ul>\n<p><strong>\u0421\u043f\u043e\u0441\u043e\u0431 \u043f\u0440\u0438\u043c\u0435\u043d\u0435\u043d\u0438\u044f<\/strong> \u041f\u0440\u0438\u043d\u0438\u043c\u0430\u0442\u044c \u043f\u043e 1 \u043a\u0430\u043f\u0441\u0443\u043b\u0435 \u0432 \u0434\u0435\u043d\u044c, \u0436\u0435\u043b\u0430\u0442\u0435\u043b\u044c\u043d\u043e \u0432\u043e \u0432\u0440\u0435\u043c\u044f \u0435\u0434\u044b, \u0437\u0430\u043f\u0438\u0432\u0430\u044f \u043f\u043e\u043b\u043d\u044b\u043c \u0441\u0442\u0430\u043a\u0430\u043d\u043e\u043c \u0432\u043e\u0434\u044b.<\/p>\n<p><strong>\u0440\u0435\u043a\u043e\u043c\u0435\u043d\u0434\u0430\u0446\u0438\u044f<\/strong> \u041d\u0435 \u043f\u0440\u0435\u0432\u044b\u0448\u0430\u0439\u0442\u0435 \u0440\u0435\u043a\u043e\u043c\u0435\u043d\u0434\u0443\u0435\u043c\u0443\u044e \u0441\u0443\u0442\u043e\u0447\u043d\u0443\u044e \u0434\u043e\u0437\u0443. \u042d\u0442\u043e\u0442 \u043f\u0440\u043e\u0434\u0443\u043a\u0442 \u043d\u0435 \u0441\u043b\u0435\u0434\u0443\u0435\u0442 \u0438\u0441\u043f\u043e\u043b\u044c\u0437\u043e\u0432\u0430\u0442\u044c \u0432 \u043a\u0430\u0447\u0435\u0441\u0442\u0432\u0435 \u0437\u0430\u043c\u0435\u043d\u044b \u0441\u0431\u0430\u043b\u0430\u043d\u0441\u0438\u0440\u043e\u0432\u0430\u043d\u043d\u043e\u0433\u043e \u043f\u0438\u0442\u0430\u043d\u0438\u044f. \u0415\u0441\u043b\u0438 \u0432\u044b \u0431\u0435\u0440\u0435\u043c\u0435\u043d\u043d\u044b, \u043a\u043e\u0440\u043c\u0438\u0442\u0435 \u0433\u0440\u0443\u0434\u044c\u044e \u0438\u043b\u0438 \u043f\u0440\u0438\u043d\u0438\u043c\u0430\u0435\u0442\u0435 \u043b\u0435\u043a\u0430\u0440\u0441\u0442\u0432\u0430, \u043f\u0440\u043e\u043a\u043e\u043d\u0441\u0443\u043b\u044c\u0442\u0438\u0440\u0443\u0439\u0442\u0435\u0441\u044c \u0441 \u0432\u0440\u0430\u0447\u043e\u043c. \u041d\u0435 \u0440\u0435\u043a\u043e\u043c\u0435\u043d\u0434\u0443\u0435\u0442\u0441\u044f \u043b\u0438\u0446\u0430\u043c \u043c\u043b\u0430\u0434\u0448\u0435 18 \u043b\u0435\u0442.<\/p>\n<p><strong>\u043a\u043b\u044e\u0447\u0435\u0432\u044b\u0435 \u0441\u043b\u043e\u0432\u0430 SEO<\/strong> \u041a\u0430\u043f\u0441\u0443\u043b\u044b \u0441 \u0440\u0435\u0441\u0432\u0435\u0440\u0430\u0442\u0440\u043e\u043b\u043e\u043c, \u0430\u043d\u0442\u0438\u0432\u043e\u0437\u0440\u0430\u0441\u0442\u043d\u0430\u044f \u0434\u043e\u0431\u0430\u0432\u043a\u0430, \u043d\u0430\u0442\u0443\u0440\u0430\u043b\u044c\u043d\u044b\u0439 \u0430\u043d\u0442\u0438\u043e\u043a\u0441\u0438\u0434\u0430\u043d\u0442, \u043a\u0440\u0430\u0441\u043d\u043e\u0435 \u0432\u0438\u043d\u043e, \u0434\u043e\u0431\u0430\u0432\u043a\u0430 \u0441 \u043a\u0432\u0435\u0440\u0446\u0435\u0442\u0438\u043d\u043e\u043c, \u043a\u043b\u0435\u0442\u043e\u0447\u043d\u0430\u044f \u044d\u043d\u0435\u0440\u0433\u0438\u044f, \u0437\u0430\u0449\u0438\u0442\u0430 \u043e\u0442 \u043e\u043a\u0438\u0441\u043b\u0435\u043d\u0438\u044f, \u0437\u0434\u043e\u0440\u043e\u0432\u044c\u0435 \u0441\u0443\u0441\u0442\u0430\u0432\u043e\u0432, \u0432\u0435\u0433\u0430\u043d\u0441\u043a\u0430\u044f \u0434\u043e\u0431\u0430\u0432\u043a\u0430, WeightWorld Resveratrol<\/p>","protected":false},"excerpt":{"rendered":"<p>Antioxidanti Resveratrol\u00a0cu Quercetina Trans &#8211; Resveratrol 550 mg 120 capsule\u2013 Putere Antioxidant\u0103 \u0219i Vitalitate Natural\u0103 \u00cembun\u0103t\u0103\u021be\u0219te-\u021bi starea de bine cu<\/p>","protected":false},"featured_media":12941,"comment_status":"open","ping_status":"closed","template":"","meta":{"_acf_changed":false},"product_brand":[],"product_cat":[98],"product_tag":[],"class_list":{"0":"post-12939","1":"product","2":"type-product","3":"status-publish","4":"has-post-thumbnail","6":"product_cat-bio-suplimente","8":"first","9":"instock","10":"shipping-taxable","11":"purchasable","12":"product-type-simple"},"acf":[],"_links":{"self":[{"href":"https:\/\/biomed.md\/ru\/wp-json\/wp\/v2\/product\/12939","targetHints":{"allow":["GET"]}}],"collection":[{"href":"https:\/\/biomed.md\/ru\/wp-json\/wp\/v2\/product"}],"about":[{"href":"https:\/\/biomed.md\/ru\/wp-json\/wp\/v2\/types\/product"}],"replies":[{"embeddable":true,"href":"https:\/\/biomed.md\/ru\/wp-json\/wp\/v2\/comments?post=12939"}],"version-history":[{"count":5,"href":"https:\/\/biomed.md\/ru\/wp-json\/wp\/v2\/product\/12939\/revisions"}],"predecessor-version":[{"id":14021,"href":"https:\/\/biomed.md\/ru\/wp-json\/wp\/v2\/product\/12939\/revisions\/14021"}],"wp:featuredmedia":[{"embeddable":true,"href":"https:\/\/biomed.md\/ru\/wp-json\/wp\/v2\/media\/12941"}],"wp:attachment":[{"href":"https:\/\/biomed.md\/ru\/wp-json\/wp\/v2\/media?parent=12939"}],"wp:term":[{"taxonomy":"product_brand","embeddable":true,"href":"https:\/\/biomed.md\/ru\/wp-json\/wp\/v2\/product_brand?post=12939"},{"taxonomy":"product_cat","embeddable":true,"href":"https:\/\/biomed.md\/ru\/wp-json\/wp\/v2\/product_cat?post=12939"},{"taxonomy":"product_tag","embeddable":true,"href":"https:\/\/biomed.md\/ru\/wp-json\/wp\/v2\/product_tag?post=12939"}],"curies":[{"name":"wp","href":"https:\/\/api.w.org\/{rel}","templated":true}]}}