{"id":12659,"date":"2025-06-30T11:37:08","date_gmt":"2025-06-30T11:37:08","guid":{"rendered":"https:\/\/biomed.md\/?post_type=product&#038;p=12659"},"modified":"2025-10-16T07:42:23","modified_gmt":"2025-10-16T07:42:23","slug":"set-4-benzi-elastice-sport","status":"publish","type":"product","link":"https:\/\/biomed.md\/ru\/product\/set-4-benzi-elastice-sport\/","title":{"rendered":"\u041d\u0430\u0431\u043e\u0440 \u0438\u0437 4 \u0441\u043f\u043e\u0440\u0442\u0438\u0432\u043d\u044b\u0445 \u0440\u0435\u0437\u0438\u043d\u043e\u043a"},"content":{"rendered":"<p>\u041d\u0430\u0431\u043e\u0440 \u0438\u0437 4 \u0441\u043f\u043e\u0440\u0442\u0438\u0432\u043d\u044b\u0445 \u0440\u0435\u0437\u0438\u043d\u043e\u043a<\/p>\n<p><strong>4 \u0448\u0442\u0443\u043a\u0438 \u0441 \u0440\u0430\u0437\u043d\u044b\u043c \u0441\u043e\u043f\u0440\u043e\u0442\u0438\u0432\u043b\u0435\u043d\u0438\u0435\u043c \u0434\u043b\u044f \u0434\u043e\u043c\u0430\u0448\u043d\u0438\u0445 \u0442\u0440\u0435\u043d\u0438\u0440\u043e\u0432\u043e\u043a, \u0437\u0430\u043d\u044f\u0442\u0438\u0439 \u0432 \u0442\u0440\u0435\u043d\u0430\u0436\u0435\u0440\u043d\u043e\u043c \u0437\u0430\u043b\u0435, \u0439\u043e\u0433\u0438 \u0438 \u043f\u0438\u043b\u0430\u0442\u0435\u0441\u0430<\/strong><\/p>\n<p>\u0412\u044b \u0438\u0449\u0435\u0442\u0435 \u043d\u0430\u0431\u043e\u0440 \u043b\u0435\u043d\u0442 \u0441\u043e\u043f\u0440\u043e\u0442\u0438\u0432\u043b\u0435\u043d\u0438\u044f, \u043a\u043e\u0442\u043e\u0440\u044b\u0435 \u043e\u0431\u0435\u0441\u043f\u0435\u0447\u0430\u0442 \u0432\u0430\u043c \u043f\u043e\u043b\u043d\u043e\u0446\u0435\u043d\u043d\u0443\u044e \u0442\u0440\u0435\u043d\u0438\u0440\u043e\u0432\u043a\u0443, \u0433\u0434\u0435 \u0431\u044b \u0432\u044b \u043d\u0438 \u043d\u0430\u0445\u043e\u0434\u0438\u043b\u0438\u0441\u044c? <strong>\u043d\u0430\u0431\u043e\u0440 \u0438\u0437 4 \u0444\u0438\u0442\u043d\u0435\u0441-\u043b\u0435\u043d\u0442 \u0438\u0437 \u043d\u0430\u0442\u0443\u0440\u0430\u043b\u044c\u043d\u043e\u0433\u043e \u043b\u0430\u0442\u0435\u043a\u0441\u0430<\/strong> \u0438\u0434\u0435\u0430\u043b\u044c\u043d\u043e\u0435 \u0440\u0435\u0448\u0435\u043d\u0438\u0435 \u0434\u043b\u044f \u0441\u0438\u043b\u043e\u0432\u044b\u0445 \u0443\u043f\u0440\u0430\u0436\u043d\u0435\u043d\u0438\u0439, \u0442\u043e\u043d\u0438\u0437\u0438\u0440\u043e\u0432\u0430\u043d\u0438\u044f, \u0439\u043e\u0433\u0438, \u043f\u0438\u043b\u0430\u0442\u0435\u0441\u0430, \u0440\u0430\u0441\u0442\u044f\u0436\u043a\u0438 \u0438 \u043c\u0435\u0434\u0438\u0446\u0438\u043d\u0441\u043a\u043e\u0439 \u0440\u0435\u0430\u0431\u0438\u043b\u0438\u0442\u0430\u0446\u0438\u0438. \u041a\u0430\u0436\u0434\u0430\u044f \u043b\u0435\u043d\u0442\u0430 \u0438\u043c\u0435\u0435\u0442 \u0440\u0430\u0437\u043d\u044b\u0439 \u0443\u0440\u043e\u0432\u0435\u043d\u044c \u0441\u043e\u043f\u0440\u043e\u0442\u0438\u0432\u043b\u0435\u043d\u0438\u044f, \u0447\u0442\u043e \u0434\u0435\u043b\u0430\u0435\u0442 \u0435\u0435 \u0438\u0434\u0435\u0430\u043b\u044c\u043d\u043e\u0439 \u043a\u0430\u043a \u0434\u043b\u044f \u043d\u043e\u0432\u0438\u0447\u043a\u043e\u0432, \u0442\u0430\u043a \u0438 \u0434\u043b\u044f \u043f\u0440\u043e\u0434\u0432\u0438\u043d\u0443\u0442\u044b\u0445 \u0441\u043f\u043e\u0440\u0442\u0441\u043c\u0435\u043d\u043e\u0432.<\/p>\n<p><strong>\u041e\u0441\u043d\u043e\u0432\u043d\u044b\u0435 \u0445\u0430\u0440\u0430\u043a\u0442\u0435\u0440\u0438\u0441\u0442\u0438\u043a\u0438:<\/strong><\/p>\n<ul>\n<li>\u043c\u0430\u0442\u0435\u0440\u0438\u0430\u043b: 100% \u043d\u0430\u0442\u0443\u0440\u0430\u043b\u044c\u043d\u044b\u0439 \u043b\u0430\u0442\u0435\u043a\u0441 \u2013 \u043f\u0440\u043e\u0447\u043d\u044b\u0439, \u044d\u043a\u043e\u043b\u043e\u0433\u0438\u0447\u0435\u0441\u043a\u0438 \u0447\u0438\u0441\u0442\u044b\u0439, \u0431\u0435\u0437 \u0437\u0430\u043f\u0430\u0445\u0430<\/li>\n<li>\u043a\u043e\u043b\u0438\u0447\u0435\u0441\u0442\u0432\u043e \u043f\u043e\u043b\u043e\u0441\u043e\u043a: 4 \u0448\u0442.<\/li>\n<li>\u0423\u0440\u043e\u0432\u043d\u0438 \u0441\u043e\u043f\u0440\u043e\u0442\u0438\u0432\u043b\u0435\u043d\u0438\u044f:\n<ul>\n<li>\u0436\u0435\u043b\u0442\u044b\u0439: 0\u201315 \u0444\u0443\u043d\u0442\u043e\u0432 (\u043b\u0435\u0433\u043a\u0438\u0439)<\/li>\n<li>\u043a\u0440\u0430\u0441\u043d\u044b\u0439: 10\u201335 \u0444\u0443\u043d\u0442\u043e\u0432 (\u0432 \u0441\u0440\u0435\u0434\u043d\u0435\u043c)<\/li>\n<li>\u0447\u0435\u0440\u043d\u044b\u0439: 20\u201360 \u0444\u0443\u043d\u0442\u043e\u0432 (\u0438\u043d\u0442\u0435\u043d\u0441\u0438\u0432\u043d\u044b\u0439)<\/li>\n<li>\u0444\u0438\u043e\u043b\u0435\u0442\u043e\u0432\u044b\u0439: 30\u201380 \u0444\u0443\u043d\u0442\u043e\u0432 (\u043e\u0447\u0435\u043d\u044c \u0438\u043d\u0442\u0435\u043d\u0441\u0438\u0432\u043d\u044b\u0439)<\/li>\n<\/ul>\n<\/li>\n<li>\u0420\u0430\u0437\u043c\u0435\u0440\u044b: \u0434\u043b\u0438\u043d\u0430 208 \u0441\u043c \u00d7 \u0442\u043e\u043b\u0449\u0438\u043d\u0430 2,5 \u043c\u043c<\/li>\n<li>\u0443\u043f\u0430\u043a\u043e\u0432\u043a\u0430: \u0447\u0435\u0445\u043e\u043b \u0434\u043b\u044f \u043f\u0435\u0440\u0435\u043d\u043e\u0441\u043a\u0438 \u0432\u043a\u043b\u044e\u0447\u0435\u043d<\/li>\n<li>\u043e\u0431\u0449\u0438\u0439 \u0432\u0435\u0441: \u043e\u043a\u043e\u043b\u043e 1 \u043a\u0433<\/li>\n<\/ul>\n<p><strong>\u0418\u0434\u0435\u0430\u043b\u044c\u043d\u043e \u043f\u043e\u0434\u0445\u043e\u0434\u0438\u0442 \u0434\u043b\u044f:<\/strong><\/p>\n<ul>\n<li>\u0441\u0438\u043b\u043e\u0432\u044b\u0435 \u0438 \u0442\u043e\u043d\u0438\u0437\u0438\u0440\u0443\u044e\u0449\u0438\u0435 \u0443\u043f\u0440\u0430\u0436\u043d\u0435\u043d\u0438\u044f \u0434\u043b\u044f \u043c\u044b\u0448\u0446 \u2014 \u0434\u043e\u043c\u0430 \u0438\u043b\u0438 \u0432 \u0441\u043f\u043e\u0440\u0442\u0437\u0430\u043b\u0435<\/li>\n<li>\u0417\u0430\u043d\u044f\u0442\u0438\u044f \u0439\u043e\u0433\u043e\u0439 \u0438 \u043f\u0438\u043b\u0430\u0442\u0435\u0441\u043e\u043c \u2014 \u0434\u043b\u044f \u0433\u0438\u0431\u043a\u043e\u0441\u0442\u0438 \u0438 \u0440\u0430\u0432\u043d\u043e\u0432\u0435\u0441\u0438\u044f<\/li>\n<li>\u0440\u0430\u0441\u0442\u044f\u0436\u043a\u0430 \u0438 \u043f\u043e\u0434\u0432\u0438\u0436\u043d\u043e\u0441\u0442\u044c \u2013 \u0434\u043e \u0438\u043b\u0438 \u043f\u043e\u0441\u043b\u0435 \u0442\u0440\u0435\u043d\u0438\u0440\u043e\u0432\u043a\u0438<\/li>\n<li>\u043c\u0435\u0434\u0438\u0446\u0438\u043d\u0441\u043a\u043e\u0435 \u0432\u043e\u0441\u0441\u0442\u0430\u043d\u043e\u0432\u043b\u0435\u043d\u0438\u0435 \u0438 \u0444\u0438\u0437\u0438\u043e\u0442\u0435\u0440\u0430\u043f\u0438\u044f \u2013 \u0434\u043b\u044f \u043f\u043e\u0441\u0442\u0442\u0440\u0430\u0432\u043c\u0430\u0442\u0438\u0447\u0435\u0441\u043a\u043e\u0439 \u0440\u0435\u0430\u0431\u0438\u043b\u0438\u0442\u0430\u0446\u0438\u0438<\/li>\n<li>\u041f\u043e\u0434\u0442\u044f\u0433\u0438\u0432\u0430\u043d\u0438\u044f \u0441 \u043f\u043e\u0434\u0434\u0435\u0440\u0436\u043a\u043e\u0439 \u0438 \u0443\u043f\u0440\u0430\u0436\u043d\u0435\u043d\u0438\u044f \u0441 \u0441\u043e\u0431\u0441\u0442\u0432\u0435\u043d\u043d\u044b\u043c \u0432\u0435\u0441\u043e\u043c<\/li>\n<\/ul>\n<p><strong>\u0420\u0435\u043a\u043e\u043c\u0435\u043d\u0434\u0443\u0435\u0442\u0441\u044f \u0434\u043b\u044f:<\/strong><\/p>\n<ul>\n<li>\u0436\u0435\u043d\u0449\u0438\u043d\u044b \u0438 \u043c\u0443\u0436\u0447\u0438\u043d\u044b \u0432\u0441\u0435\u0445 \u0432\u043e\u0437\u0440\u0430\u0441\u0442\u043e\u0432<\/li>\n<li>\u043d\u0430\u0447\u0438\u043d\u0430\u044e\u0449\u0438\u0435 \u0438 \u043f\u0440\u043e\u0434\u0432\u0438\u043d\u0443\u0442\u044b\u0435 \u0441\u043f\u043e\u0440\u0442\u0441\u043c\u0435\u043d\u044b<\/li>\n<li>\u0443\u043f\u0440\u0430\u0436\u043d\u0435\u043d\u0438\u044f \u0434\u043e\u043c\u0430, \u0432 \u043f\u0430\u0440\u043a\u0435, \u0432 \u043e\u0444\u0438\u0441\u0435 \u0438\u043b\u0438 \u0432\u043e \u0432\u0440\u0435\u043c\u044f \u043f\u0443\u0442\u0435\u0448\u0435\u0441\u0442\u0432\u0438\u044f<\/li>\n<li>\u043f\u0440\u0430\u043a\u0442\u0438\u0447\u043d\u044b\u0439 \u043f\u043e\u0434\u0430\u0440\u043e\u043a \u0434\u043b\u044f \u043b\u044e\u0431\u0438\u0442\u0435\u043b\u0435\u0439 \u0444\u0438\u0442\u043d\u0435\u0441\u0430<\/li>\n<\/ul>\n<p><strong>\u0427\u0442\u043e \u0432\u0445\u043e\u0434\u0438\u0442 \u0432 \u043a\u043e\u043c\u043f\u043b\u0435\u043a\u0442:<\/strong><\/p>\n<ul>\n<li>4 \u044d\u043b\u0430\u0441\u0442\u0438\u0447\u043d\u044b\u0435 \u043b\u0435\u043d\u0442\u044b \u0441 \u043f\u0440\u043e\u0433\u0440\u0435\u0441\u0441\u0438\u0432\u043d\u044b\u043c \u0441\u043e\u043f\u0440\u043e\u0442\u0438\u0432\u043b\u0435\u043d\u0438\u0435\u043c<\/li>\n<li>\u043a\u043e\u043c\u043f\u0430\u043a\u0442\u043d\u044b\u0439 \u0444\u0443\u0442\u043b\u044f\u0440 \u0434\u043b\u044f \u043f\u0435\u0440\u0435\u043d\u043e\u0441\u043a\u0438<\/li>\n<\/ul>\n<p>\u042d\u0442\u043e\u0442 \u043d\u0430\u0431\u043e\u0440 \u2014 \u0438\u0434\u0435\u0430\u043b\u044c\u043d\u044b\u0439 \u0432\u044b\u0431\u043e\u0440, \u0435\u0441\u043b\u0438 \u0432\u044b \u0445\u043e\u0442\u0438\u0442\u0435 <strong>\u044d\u043b\u0430\u0441\u0442\u0438\u0447\u043d\u044b\u0435 \u043b\u0435\u043d\u0442\u044b \u0434\u043b\u044f \u043f\u043e\u0445\u0443\u0434\u0435\u043d\u0438\u044f<\/strong>, <strong>\u043b\u0435\u043d\u0442\u044b \u0441\u043e\u043f\u0440\u043e\u0442\u0438\u0432\u043b\u0435\u043d\u0438\u044f \u0434\u043b\u044f \u0434\u043e\u043c\u0430\u0448\u043d\u0438\u0445 \u0443\u043f\u0440\u0430\u0436\u043d\u0435\u043d\u0438\u0439<\/strong>, sau un <strong>\u043d\u0430\u0431\u043e\u0440 \u0440\u0435\u0437\u0438\u043d\u043e\u043a \u0434\u043b\u044f \u0439\u043e\u0433\u0438 \u0438 \u043f\u0438\u043b\u0430\u0442\u0435\u0441\u0430<\/strong>\u0423\u0434\u043e\u0431\u043d\u044b\u0435 \u0432 \u043f\u0435\u0440\u0435\u043d\u043e\u0441\u043a\u0435, \u043f\u0440\u043e\u0447\u043d\u044b\u0435 \u0438 \u044d\u0444\u0444\u0435\u043a\u0442\u0438\u0432\u043d\u044b\u0435 \u2014 \u043e\u043d\u0438 \u043f\u0440\u043e\u0441\u0442\u043e \u043d\u0435\u043e\u0431\u0445\u043e\u0434\u0438\u043c\u044b \u0432 \u043b\u044e\u0431\u043e\u0439 \u0442\u0440\u0435\u043d\u0438\u0440\u043e\u0432\u043e\u0447\u043d\u043e\u0439 \u043f\u0440\u043e\u0433\u0440\u0430\u043c\u043c\u0435.<\/p>\n<h6><strong>#\u042d\u043b\u0430\u0441\u0442\u0438\u0447\u043d\u044b\u0435\u042d\u043b\u0430\u0441\u0442\u044b #\u0424\u0438\u0442\u043d\u0435\u0441-\u042d\u043b\u0430\u0441\u0442\u044b #\u042d\u043b\u0430\u0441\u0442\u044b\u0421\u043e\u043f\u0440\u043e\u0442\u0438\u0432\u043b\u0435\u043d\u0438\u044f #\u0419\u043e\u0433\u0430-\u042d\u043b\u0430\u0441\u0442\u044b #\u042d\u043b\u0430\u0441\u0442\u044b\u041f\u0438\u043b\u0430\u0442\u0435\u0441\u0430 #\u0414\u043e\u043c\u0430\u0448\u043d\u0438\u0435\u0422\u0440\u0435\u043d\u0438\u0440\u043e\u0432\u043a\u0438 #\u0424\u0438\u0442\u043d\u0435\u0441-\u041e\u0431\u043e\u0440\u0443\u0434\u043e\u0432\u0430\u043d\u0438\u0435 #\u041b\u0430\u0442\u0435\u043a\u0441\u043d\u044b\u0435\u042d\u043b\u0430\u0441\u0442\u044b #\u042d\u043b\u0430\u0441\u0442\u044b\u0422\u044f\u0433\u0438 #\u042d\u043b\u0430\u0441\u0442\u044b\u0423\u0442\u044f\u0436\u0435\u043b\u0438\u0442\u0435\u043b\u0438 #\u042d\u043b\u0430\u0441\u0442\u044b\u0412\u043e\u0441\u0441\u0442\u0430\u043d\u043e\u0432\u043b\u0435\u043d\u0438\u044f #\u0422\u043e\u043d\u0438\u0437\u0438\u0440\u0443\u044e\u0449\u0438\u0435\u042d\u043b\u0430\u0441\u0442\u044b #\u041d\u0430\u0431\u043e\u0440\u042d\u043b\u0430\u0441\u0442\u0438\u0447\u043d\u044b\u0445\u042d\u043b\u0430\u0441\u0442 #\u0416\u0435\u043d\u0441\u043a\u0438\u0435\u042d\u043b\u0430\u0441\u0442\u044b #\u0421\u043f\u043e\u0440\u0442\u0438\u0432\u043d\u044b\u0435\u042d\u043b\u0430\u0441\u0442\u044b<\/strong><\/h6>","protected":false},"excerpt":{"rendered":"<p>Set 4 benzi elastice sport 4 buc\u0103\u021bi cu rezisten\u021b\u0103 diferit\u0103, pentru antrenament acas\u0103, sal\u0103, yoga \u0219i pilates Cau\u021bi un set<\/p>","protected":false},"featured_media":12666,"comment_status":"open","ping_status":"closed","template":"","meta":{"_acf_changed":false},"product_brand":[],"product_cat":[115],"product_tag":[],"class_list":{"0":"post-12659","1":"product","2":"type-product","3":"status-publish","4":"has-post-thumbnail","6":"product_cat-masaj-si-sport","8":"first","9":"instock","10":"shipping-taxable","11":"purchasable","12":"product-type-simple"},"acf":[],"_links":{"self":[{"href":"https:\/\/biomed.md\/ru\/wp-json\/wp\/v2\/product\/12659","targetHints":{"allow":["GET"]}}],"collection":[{"href":"https:\/\/biomed.md\/ru\/wp-json\/wp\/v2\/product"}],"about":[{"href":"https:\/\/biomed.md\/ru\/wp-json\/wp\/v2\/types\/product"}],"replies":[{"embeddable":true,"href":"https:\/\/biomed.md\/ru\/wp-json\/wp\/v2\/comments?post=12659"}],"version-history":[{"count":3,"href":"https:\/\/biomed.md\/ru\/wp-json\/wp\/v2\/product\/12659\/revisions"}],"predecessor-version":[{"id":14184,"href":"https:\/\/biomed.md\/ru\/wp-json\/wp\/v2\/product\/12659\/revisions\/14184"}],"wp:featuredmedia":[{"embeddable":true,"href":"https:\/\/biomed.md\/ru\/wp-json\/wp\/v2\/media\/12666"}],"wp:attachment":[{"href":"https:\/\/biomed.md\/ru\/wp-json\/wp\/v2\/media?parent=12659"}],"wp:term":[{"taxonomy":"product_brand","embeddable":true,"href":"https:\/\/biomed.md\/ru\/wp-json\/wp\/v2\/product_brand?post=12659"},{"taxonomy":"product_cat","embeddable":true,"href":"https:\/\/biomed.md\/ru\/wp-json\/wp\/v2\/product_cat?post=12659"},{"taxonomy":"product_tag","embeddable":true,"href":"https:\/\/biomed.md\/ru\/wp-json\/wp\/v2\/product_tag?post=12659"}],"curies":[{"name":"wp","href":"https:\/\/api.w.org\/{rel}","templated":true}]}}