{"id":12473,"date":"2025-06-18T13:33:17","date_gmt":"2025-06-18T13:33:17","guid":{"rendered":"https:\/\/biomed.md\/?post_type=product&#038;p=12473"},"modified":"2026-03-13T13:07:12","modified_gmt":"2026-03-13T13:07:12","slug":"microscop-digital-usb-500x","status":"publish","type":"product","link":"https:\/\/biomed.md\/ru\/product\/microscop-digital-usb-500x\/","title":{"rendered":"\u0426\u0438\u0444\u0440\u043e\u0432\u043e\u0439 USB-\u043c\u0438\u043a\u0440\u043e\u0441\u043a\u043e\u043f 500x"},"content":{"rendered":"<h4><strong>\u0426\u0438\u0444\u0440\u043e\u0432\u043e\u0439 USB-\u043c\u0438\u043a\u0440\u043e\u0441\u043a\u043e\u043f 500x <\/strong><\/h4>\n<h4><strong>\u0422\u043e\u0447\u043d\u043e\u0441\u0442\u044c \u0438 \u0443\u043d\u0438\u0432\u0435\u0440\u0441\u0430\u043b\u044c\u043d\u043e\u0441\u0442\u044c \u0434\u043b\u044f \u0434\u0435\u0442\u0430\u043b\u044c\u043d\u043e\u0433\u043e \u0430\u043d\u0430\u043b\u0438\u0437\u0430<\/strong><\/h4>\n<p>\u041e\u0442\u043a\u0440\u043e\u0439\u0442\u0435 \u0434\u043b\u044f \u0441\u0435\u0431\u044f \u043c\u0438\u043a\u0440\u043e\u0441\u043a\u043e\u043f\u0438\u0447\u0435\u0441\u043a\u0438\u0439 \u043c\u0438\u0440 \u0441 <strong>\u0426\u0438\u0444\u0440\u043e\u0432\u044b\u043c USB-\u043c\u0438\u043a\u0440\u043e\u0441\u043a\u043e\u043f MT4096<\/strong>, \u043d\u0435\u043e\u0431\u0445\u043e\u0434\u0438\u043c\u044b\u0439 \u0438\u043d\u0441\u0442\u0440\u0443\u043c\u0435\u043d\u0442 \u0434\u043b\u044f <strong>\u043f\u0440\u0435\u0437\u0435\u043d\u0442\u0430\u0446\u0438\u0438, \u0441\u0435\u043c\u0438\u043d\u0430\u0440\u044b, \u0443\u0440\u043e\u043a\u0438, \u0438\u0441\u0441\u043b\u0435\u0434\u043e\u0432\u0430\u043d\u0438\u044f \u0438 \u043f\u0440\u043e\u0444\u0435\u0441\u0441\u0438\u043e\u043d\u0430\u043b\u044c\u043d\u044b\u0439 \u0430\u043d\u0430\u043b\u0438\u0437<\/strong>.\u0421 <strong>\u043f\u0435\u0440\u0435\u043c\u0435\u043d\u043d\u044b\u043c \u0443\u0432\u0435\u043b\u0438\u0447\u0435\u043d\u0438\u0435\u043c \u043e\u0442 50x \u0434\u043e 500x<\/strong>, \u044d\u0442\u043e\u0442 \u043c\u0438\u043a\u0440\u043e\u0441\u043a\u043e\u043f \u043f\u0440\u0435\u0434\u043b\u0430\u0433\u0430\u0435\u0442 <strong>\u0447\u0435\u0442\u043a\u0438\u0435 \u0438 \u043f\u043e\u0434\u0440\u043e\u0431\u043d\u044b\u0435 \u0438\u0437\u043e\u0431\u0440\u0430\u0436\u0435\u043d\u0438\u044f<\/strong>, \u0438\u0434\u0435\u0430\u043b\u044c\u043d\u043e \u043f\u043e\u0434\u0445\u043e\u0434\u0438\u0442 \u0434\u043b\u044f <strong>\u044e\u0432\u0435\u043b\u0438\u0440\u043d\u043e\u0435 \u0434\u0435\u043b\u043e, \u0447\u0430\u0441\u043e\u0432\u043e\u0435 \u0434\u0435\u043b\u043e, \u043d\u0443\u043c\u0438\u0437\u043c\u0430\u0442\u0438\u043a\u0430, \u0444\u0438\u043b\u0430\u0442\u0435\u043b\u0438\u044f, \u0430\u043d\u0430\u043b\u0438\u0437 \u0434\u043e\u043a\u0443\u043c\u0435\u043d\u0442\u043e\u0432 \u0438 \u043c\u043d\u043e\u0433\u043e\u0435 \u0434\u0440\u0443\u0433\u043e\u0435<\/strong>.<\/p>\n<h5><strong>\u041e\u0441\u043d\u043e\u0432\u043d\u044b\u0435 \u0445\u0430\u0440\u0430\u043a\u0442\u0435\u0440\u0438\u0441\u0442\u0438\u043a\u0438<\/strong><\/h5>\n<p>\u2705 \u0420\u0435\u0433\u0443\u043b\u0438\u0440\u0443\u0435\u043c\u043e\u0435 \u0443\u0432\u0435\u043b\u0438\u0447\u0435\u043d\u0438\u0435 \u2014 \u043f\u043e\u0437\u0432\u043e\u043b\u044f\u0435\u0442 \u0434\u0435\u0442\u0430\u043b\u044c\u043d\u043e \u0440\u0430\u0441\u0441\u043c\u0430\u0442\u0440\u0438\u0432\u0430\u0442\u044c \u043c\u0435\u043b\u043a\u0438\u0435 \u043e\u0431\u044a\u0435\u043a\u0442\u044b, 50x\u20131600x \u0434\u043b\u044f \u0442\u043e\u0447\u043d\u044b\u0445 \u0434\u0435\u0442\u0430\u043b\u0435\u0439<\/p>\n<p>\u2705 \u0420\u0435\u0433\u0443\u043b\u0438\u0440\u0443\u0435\u043c\u043e\u0435 \u0441\u0432\u0435\u0442\u043e\u0434\u0438\u043e\u0434\u043d\u043e\u0435 \u043e\u0441\u0432\u0435\u0449\u0435\u043d\u0438\u0435 \u2013 8 \u043c\u043e\u0449\u043d\u044b\u0445 \u0441\u0432\u0435\u0442\u043e\u0434\u0438\u043e\u0434\u043e\u0432 \u0434\u043b\u044f \u043c\u0430\u043a\u0441\u0438\u043c\u0430\u043b\u044c\u043d\u043e\u0439 \u0447\u0435\u0442\u043a\u043e\u0441\u0442\u0438<\/p>\n<p>\u2705 \u0412 \u043a\u043e\u043c\u043f\u043b\u0435\u043a\u0442 \u0432\u0445\u043e\u0434\u0438\u0442 \u043f\u0440\u043e\u0444\u0435\u0441\u0441\u0438\u043e\u043d\u0430\u043b\u044c\u043d\u043e\u0435 \u043f\u0440\u043e\u0433\u0440\u0430\u043c\u043c\u043d\u043e\u0435 \u043e\u0431\u0435\u0441\u043f\u0435\u0447\u0435\u043d\u0438\u0435 \u2014 \u0441\u043d\u0438\u043c\u0430\u0439\u0442\u0435 \u0444\u043e\u0442\u043e\u0433\u0440\u0430\u0444\u0438\u0438 \u0438 \u0432\u0438\u0434\u0435\u043e \u043f\u0440\u044f\u043c\u043e \u043d\u0430 \u0441\u0432\u043e\u0439 \u043a\u043e\u043c\u043f\u044c\u044e\u0442\u0435\u0440<\/p>\n<p>\u2705 \u0428\u0438\u0440\u043e\u043a\u0430\u044f \u0441\u043e\u0432\u043c\u0435\u0441\u0442\u0438\u043c\u043e\u0441\u0442\u044c \u2014 \u0440\u0430\u0431\u043e\u0442\u0430\u0435\u0442 \u0441 Windows \u0438 Mac<\/p>\n<p>\u2705 \u0418\u0434\u0435\u0430\u043b\u044c\u043d\u043e \u043f\u043e\u0434\u0445\u043e\u0434\u0438\u0442 \u0434\u043b\u044f \u0442\u043e\u0447\u043d\u043e\u0433\u043e \u0430\u043d\u0430\u043b\u0438\u0437\u0430 \u2013 \u042e\u0432\u0435\u043b\u0438\u0440\u043d\u044b\u0435 \u0438\u0437\u0434\u0435\u043b\u0438\u044f, \u0447\u0430\u0441\u044b, \u0434\u043e\u043a\u0443\u043c\u0435\u043d\u0442\u044b, \u043f\u0440\u0435\u0434\u043c\u0435\u0442\u044b \u0438\u0441\u043a\u0443\u0441\u0441\u0442\u0432\u0430, \u043a\u043e\u043b\u043b\u0435\u043a\u0446\u0438\u0438<\/p>\n<p>\u2705\u0424\u043e\u0442\u043e \u0438 \u0432\u0438\u0434\u0435\u043e\u0441\u044a\u0435\u043c\u043a\u0430 \u0441 \u0440\u0430\u0437\u0440\u0435\u0448\u0435\u043d\u0438\u0435\u043c 6324x4742ppi<\/p>\n<p>\u2705USB-\u043f\u043e\u0434\u043a\u043b\u044e\u0447\u0435\u043d\u0438\u0435 \u0434\u043b\u044f \u043f\u0440\u044f\u043c\u043e\u0433\u043e \u043f\u0440\u043e\u0441\u043c\u043e\u0442\u0440\u0430 \u043d\u0430 \u043c\u043e\u043d\u0438\u0442\u043e\u0440\u0435<\/p>\n<h5><strong>\u041a\u0430\u043a \u044d\u0442\u043e \u0440\u0430\u0431\u043e\u0442\u0430\u0435\u0442?<\/strong><\/h5>\n<ol>\n<li><strong>\u0428\u0430\u0433 1:<\/strong> \u041f\u043e\u0434\u043a\u043b\u044e\u0447\u0438\u0442\u0435 \u043c\u0438\u043a\u0440\u043e\u0441\u043a\u043e\u043f \u043a \u043a\u043e\u043c\u043f\u044c\u044e\u0442\u0435\u0440\u0443 \u0447\u0435\u0440\u0435\u0437 USB.<\/li>\n<li><strong>\u0428\u0430\u0433 2:<\/strong> \u041e\u0442\u0440\u0435\u0433\u0443\u043b\u0438\u0440\u0443\u0439\u0442\u0435 \u0443\u0440\u043e\u0432\u0435\u043d\u044c \u043c\u0430\u0441\u0448\u0442\u0430\u0431\u0438\u0440\u043e\u0432\u0430\u043d\u0438\u044f \u0441 \u043f\u043e\u043c\u043e\u0449\u044c\u044e \u043f\u043e\u0432\u043e\u0440\u043e\u0442\u043d\u043e\u0439 \u0440\u0443\u0447\u043a\u0438.<\/li>\n<li><strong>\u0428\u0430\u0433 3:<\/strong> \u0420\u0435\u0433\u0443\u043b\u0438\u0440\u0443\u0435\u0442 \u0441\u0432\u0435\u0442\u043e\u0434\u0438\u043e\u0434\u043d\u0443\u044e \u043f\u043e\u0434\u0441\u0432\u0435\u0442\u043a\u0443 \u0434\u043b\u044f \u043e\u043f\u0442\u0438\u043c\u0430\u043b\u044c\u043d\u043e\u0439 \u0447\u0435\u0442\u043a\u043e\u0441\u0442\u0438<\/li>\n<li><strong>\u0428\u0430\u0433 4:<\/strong> \u0414\u0435\u043b\u0430\u0439\u0442\u0435 \u0441\u043d\u0438\u043c\u043a\u0438 \u0438\u043b\u0438 \u0437\u0430\u043f\u0438\u0441\u044b\u0432\u0430\u0439\u0442\u0435 \u0432\u0438\u0434\u0435\u043e \u043f\u0440\u044f\u043c\u043e \u0438\u0437 \u043f\u0440\u043e\u0433\u0440\u0430\u043c\u043c\u044b<\/li>\n<\/ol>\n<h5><strong>\u0425\u0430\u0440\u0430\u043a\u0442\u0435\u0440\u0438\u0441\u0442\u0438\u043a\u0438<\/strong><\/h5>\n<p>\ud83d\udccc Zoom: 50x &#8211; 500x<\/p>\n<p>\ud83d\udccc \u0420\u0430\u0437\u0440\u0435\u0448\u0435\u043d\u0438\u0435 \u0444\u043e\u0442\u043e: 6324x4742ppi (\u0438\u043d\u0442\u0435\u0440\u043f\u043e\u043b\u0438\u0440\u043e\u0432\u0430\u043d\u043d\u043e\u0435)<\/p>\n<p>\ud83d\udccc \u041e\u0441\u0432\u0435\u0449\u0435\u043d\u0438\u0435: 8 \u0440\u0435\u0433\u0443\u043b\u0438\u0440\u0443\u0435\u043c\u044b\u0445 \u0441\u0432\u0435\u0442\u043e\u0434\u0438\u043e\u0434\u043e\u0432<\/p>\n<p>\ud83d\udccc \u0418\u043d\u0442\u0435\u0440\u0444\u0435\u0439\u0441: USB 2.0<\/p>\n<p>\ud83d\udccc \u0414\u0430\u0442\u0447\u0438\u043a: \u0432\u044b\u0441\u043e\u043a\u043e\u043a\u0430\u0447\u0435\u0441\u0442\u0432\u0435\u043d\u043d\u044b\u0439 CMOS<\/p>\n<p>\ud83d\udccc \u0421\u043e\u0432\u043c\u0435\u0441\u0442\u0438\u043c\u043e\u0441\u0442\u044c: Windows, Mac<\/p>\n<p>\ud83d\udccc \u0412\u0435\u0441: 280 \u0433<\/p>\n<p>\ud83d\udccc \u041a\u043e\u043c\u043f\u0430\u043a\u0442\u043d\u044b\u0435 \u0440\u0430\u0437\u043c\u0435\u0440\u044b: \u0438\u0434\u0435\u0430\u043b\u044c\u043d\u043e \u043f\u043e\u0434\u0445\u043e\u0434\u044f\u0442 \u0434\u043b\u044f \u0442\u0440\u0430\u043d\u0441\u043f\u043e\u0440\u0442\u0438\u0440\u043e\u0432\u043a\u0438<\/p>\n<h5><strong>\u041f\u043e\u0447\u0435\u043c\u0443 \u0441\u0442\u043e\u0438\u0442 \u0432\u044b\u0431\u0440\u0430\u0442\u044c \u0446\u0438\u0444\u0440\u043e\u0432\u043e\u0439 USB-\u043c\u0438\u043a\u0440\u043e\u0441\u043a\u043e\u043f MT4096?<\/strong><\/h5>\n<p>\ud83d\udd39 \u0418\u0434\u0435\u0430\u043b\u044c\u043d\u043e \u043f\u043e\u0434\u0445\u043e\u0434\u0438\u0442 \u0434\u043b\u044f \u0438\u0441\u0441\u043b\u0435\u0434\u043e\u0432\u0430\u043d\u0438\u0439, \u043e\u0431\u0440\u0430\u0437\u043e\u0432\u0430\u043d\u0438\u044f \u0438 \u0445\u043e\u0431\u0431\u0438<\/p>\n<p>\ud83d\udd39 \u041c\u043e\u0449\u043d\u044b\u0439 \u0437\u0443\u043c \u0434\u043b\u044f \u043c\u0438\u043a\u0440\u043e\u0441\u043a\u043e\u043f\u0438\u0447\u0435\u0441\u043a\u0438\u0445 \u0434\u0435\u0442\u0430\u043b\u0435\u0439<\/p>\n<p>\ud83d\udd39 \u0420\u0435\u0433\u0443\u043b\u0438\u0440\u0443\u0435\u043c\u0430\u044f \u0441\u0432\u0435\u0442\u043e\u0434\u0438\u043e\u0434\u043d\u0430\u044f \u043f\u043e\u0434\u0441\u0432\u0435\u0442\u043a\u0430 \u0434\u043b\u044f \u043c\u0430\u043a\u0441\u0438\u043c\u0430\u043b\u044c\u043d\u043e\u0439 \u0447\u0435\u0442\u043a\u043e\u0441\u0442\u0438<\/p>\n<p>\ud83d\udd39 \u0412 \u043a\u043e\u043c\u043f\u043b\u0435\u043a\u0442\u0435 \u043f\u0440\u043e\u0433\u0440\u0430\u043c\u043c\u043d\u043e\u0435 \u043e\u0431\u0435\u0441\u043f\u0435\u0447\u0435\u043d\u0438\u0435 \u0434\u043b\u044f \u0444\u043e\u0442\u043e- \u0438 \u0432\u0438\u0434\u0435\u043e\u0441\u044a\u0435\u043c\u043a\u0438<\/p>\n<p>\ud83d\udd39 \u041a\u043e\u043c\u043f\u0430\u043a\u0442\u043d\u044b\u0439 \u0438 \u0443\u0434\u043e\u0431\u043d\u044b\u0439 \u0434\u043b\u044f \u0442\u0440\u0430\u043d\u0441\u043f\u043e\u0440\u0442\u0438\u0440\u043e\u0432\u043a\u0438<\/p>\n<h6><strong>#\u0426\u0438\u0444\u0440\u043e\u0432\u043e\u0439\u041c\u0438\u043a\u0440\u043e\u0441\u043a\u043e\u043f #\u0422\u043e\u0447\u043d\u044b\u0439\u0410\u043d\u0430\u043b\u0438\u0437 #Zoom500x #\u042e\u0432\u0435\u043b\u0438\u0440\u043d\u044b\u0435\u0418\u0437\u0434\u0435\u043b\u0438\u044f #\u0427\u0430\u0441\u043e\u0432\u043e\u0435\u0418\u0437\u0434\u0435\u043b\u0438\u0435 #\u041d\u0443\u043c\u0438\u0437\u043c\u0430\u0442\u0438\u043a\u0430 #\u0424\u0438\u043b\u0430\u0442\u0435\u043b\u0438\u044f #\u041e\u0431\u043d\u0430\u0440\u0443\u0436\u0435\u043d\u0438\u0435\u0414\u043e\u043a\u0443\u043c\u0435\u043d\u0442\u043e\u0432 #\u0416\u0438\u0432\u044b\u0435\u041f\u0440\u0435\u0437\u0435\u043d\u0442\u0430\u0446\u0438\u0438 #\u041c\u0438\u043a\u0440\u043e\u0441\u043a\u043e\u043f\u0438\u0447\u0435\u0441\u043a\u0438\u0435\u0418\u0441\u0441\u043b\u0435\u0434\u043e\u0432\u0430\u043d\u0438\u044f #USBMicroscope #\u041f\u0440\u043e\u0444\u0435\u0441\u0441\u0438\u043e\u043d\u0430\u043b\u044c\u043d\u043e\u0435\u041f\u0440\u043e\u0433\u0440\u0430\u043c\u043c\u043d\u043e\u0435\u041e\u0431\u0435\u0441\u043f\u0435\u0447\u0435\u043d\u0438\u0435<\/strong><\/h6>","protected":false},"excerpt":{"rendered":"<p>Microscop Digital USB 500x Precizie \u0219i Versatilitate pentru Analiz\u0103 Detaliat\u0103 Descoper\u0103 lumea microscopic\u0103 cu Microscopul Digital USB MT4096, un instrument<\/p>","protected":false},"featured_media":15656,"comment_status":"open","ping_status":"closed","template":"","meta":{"_acf_changed":false},"product_brand":[],"product_cat":[105,102],"product_tag":[],"class_list":{"0":"post-12473","1":"product","2":"type-product","3":"status-publish","4":"has-post-thumbnail","6":"product_cat-analizatoare-apa-sol-ph","7":"product_cat-diverse","9":"first","10":"instock","11":"shipping-taxable","12":"purchasable","13":"product-type-simple"},"acf":[],"_links":{"self":[{"href":"https:\/\/biomed.md\/ru\/wp-json\/wp\/v2\/product\/12473","targetHints":{"allow":["GET"]}}],"collection":[{"href":"https:\/\/biomed.md\/ru\/wp-json\/wp\/v2\/product"}],"about":[{"href":"https:\/\/biomed.md\/ru\/wp-json\/wp\/v2\/types\/product"}],"replies":[{"embeddable":true,"href":"https:\/\/biomed.md\/ru\/wp-json\/wp\/v2\/comments?post=12473"}],"version-history":[{"count":4,"href":"https:\/\/biomed.md\/ru\/wp-json\/wp\/v2\/product\/12473\/revisions"}],"predecessor-version":[{"id":15549,"href":"https:\/\/biomed.md\/ru\/wp-json\/wp\/v2\/product\/12473\/revisions\/15549"}],"wp:featuredmedia":[{"embeddable":true,"href":"https:\/\/biomed.md\/ru\/wp-json\/wp\/v2\/media\/15656"}],"wp:attachment":[{"href":"https:\/\/biomed.md\/ru\/wp-json\/wp\/v2\/media?parent=12473"}],"wp:term":[{"taxonomy":"product_brand","embeddable":true,"href":"https:\/\/biomed.md\/ru\/wp-json\/wp\/v2\/product_brand?post=12473"},{"taxonomy":"product_cat","embeddable":true,"href":"https:\/\/biomed.md\/ru\/wp-json\/wp\/v2\/product_cat?post=12473"},{"taxonomy":"product_tag","embeddable":true,"href":"https:\/\/biomed.md\/ru\/wp-json\/wp\/v2\/product_tag?post=12473"}],"curies":[{"name":"wp","href":"https:\/\/api.w.org\/{rel}","templated":true}]}}