{"id":12463,"date":"2025-06-18T13:19:00","date_gmt":"2025-06-18T13:19:00","guid":{"rendered":"https:\/\/biomed.md\/?post_type=product&#038;p=12463"},"modified":"2025-10-21T08:21:22","modified_gmt":"2025-10-21T08:21:22","slug":"analizator-de-sol-7-in-1-ph-metru","status":"publish","type":"product","link":"https:\/\/biomed.md\/ru\/product\/analizator-de-sol-7-in-1-ph-metru\/","title":{"rendered":"\u0410\u043d\u0430\u043b\u0438\u0437\u0430\u0442\u043e\u0440 \u043f\u043e\u0447\u0432\u044b 7-\u0432-1 pH-\u043c\u0435\u0442\u0440"},"content":{"rendered":"<h4><strong>\u0410\u043d\u0430\u043b\u0438\u0437\u0430\u0442\u043e\u0440 \u043f\u043e\u0447\u0432\u044b 7-\u0432-1 pH-\u043c\u0435\u0442\u0440 <\/strong><\/h4>\n<h4><strong>\u0420\u0430\u0441\u0448\u0438\u0440\u0435\u043d\u043d\u044b\u0439 \u043c\u043e\u043d\u0438\u0442\u043e\u0440\u0438\u043d\u0433 \u0434\u043b\u044f \u0437\u0434\u043e\u0440\u043e\u0432\u044c\u044f \u0441\u0435\u043b\u044c\u0441\u043a\u043e\u0445\u043e\u0437\u044f\u0439\u0441\u0442\u0432\u0435\u043d\u043d\u044b\u0445 \u043a\u0443\u043b\u044c\u0442\u0443\u0440<\/strong><\/h4>\n<p>\u041e\u0431\u0435\u0441\u043f\u0435\u0447\u044c\u0442\u0435 \u0438\u0434\u0435\u0430\u043b\u044c\u043d\u044b\u0435 \u0443\u0441\u043b\u043e\u0432\u0438\u044f \u0434\u043b\u044f \u0440\u043e\u0441\u0442\u0430 \u0440\u0430\u0441\u0442\u0435\u043d\u0438\u0439 \u0441 \u043f\u043e\u043c\u043e\u0449\u044c\u044e \u0442\u0435\u0441\u0442\u0435\u0440\u0430 \u043f\u043e\u0447\u0432\u044b 7-\u0432-1, \u0443\u0441\u043e\u0432\u0435\u0440\u0448\u0435\u043d\u0441\u0442\u0432\u043e\u0432\u0430\u043d\u043d\u043e\u0433\u043e \u0443\u0441\u0442\u0440\u043e\u0439\u0441\u0442\u0432\u0430, \u043a\u043e\u0442\u043e\u0440\u043e\u0435 \u043e\u0431\u0435\u0441\u043f\u0435\u0447\u0438\u0432\u0430\u0435\u0442 \u0442\u043e\u0447\u043d\u044b\u0435 \u0438\u0437\u043c\u0435\u0440\u0435\u043d\u0438\u044f pH, \u0432\u043b\u0430\u0436\u043d\u043e\u0441\u0442\u0438, \u043f\u043b\u043e\u0434\u043e\u0440\u043e\u0434\u0438\u044f, \u0442\u0435\u043c\u043f\u0435\u0440\u0430\u0442\u0443\u0440\u044b, \u0441\u043e\u043b\u0435\u043d\u043e\u0441\u0442\u0438, \u044d\u043b\u0435\u043a\u0442\u0440\u043e\u043f\u0440\u043e\u0432\u043e\u0434\u043d\u043e\u0441\u0442\u0438 \u0438 \u0443\u0440\u043e\u0432\u043d\u0435\u0439 \u0430\u0437\u043e\u0442\u0430, \u0444\u043e\u0441\u0444\u043e\u0440\u0430 \u0438 \u043a\u0430\u043b\u0438\u044f (NPK). \u0411\u043b\u0430\u0433\u043e\u0434\u0430\u0440\u044f \u043a\u043e\u043c\u043f\u0430\u043a\u0442\u043d\u043e\u0439 \u043a\u043e\u043d\u0441\u0442\u0440\u0443\u043a\u0446\u0438\u0438 \u0438 \u0438\u043d\u0442\u0443\u0438\u0442\u0438\u0432\u043d\u043e \u043f\u043e\u043d\u044f\u0442\u043d\u043e\u043c\u0443 \u0443\u043f\u0440\u0430\u0432\u043b\u0435\u043d\u0438\u044e \u044d\u0442\u043e\u0442 \u0442\u0435\u0441\u0442\u0435\u0440 \u0438\u0434\u0435\u0430\u043b\u044c\u043d\u043e \u043f\u043e\u0434\u0445\u043e\u0434\u0438\u0442 \u043a\u0430\u043a \u0434\u043b\u044f \u0432\u043d\u0443\u0442\u0440\u0435\u043d\u043d\u0438\u0445, \u0442\u0430\u043a \u0438 \u0434\u043b\u044f \u0432\u043d\u0435\u0448\u043d\u0438\u0445 \u0441\u0430\u0434\u043e\u0432.<\/p>\n<h5><strong>\u041e\u0441\u043d\u043e\u0432\u043d\u044b\u0435 \u043f\u0440\u0435\u0438\u043c\u0443\u0449\u0435\u0441\u0442\u0432\u0430<\/strong><\/h5>\n<p>\u2705 <strong>\u0412\u044b\u0441\u043e\u043a\u0430\u044f \u0442\u043e\u0447\u043d\u043e\u0441\u0442\u044c<\/strong> \u2013 \u041f\u0440\u0435\u0434\u043e\u0441\u0442\u0430\u0432\u043b\u044f\u0435\u0442 \u0442\u043e\u0447\u043d\u044b\u0435 \u043f\u043e\u043a\u0430\u0437\u0430\u043d\u0438\u044f \u0434\u043b\u044f \u043e\u043f\u0442\u0438\u043c\u0438\u0437\u0430\u0446\u0438\u0438 \u0443\u0441\u043b\u043e\u0432\u0438\u0439 \u0432\u044b\u0440\u0430\u0449\u0438\u0432\u0430\u043d\u0438\u044f<\/p>\n<p>\u2705 <strong>\u042d\u0440\u0433\u043e\u043d\u043e\u043c\u0438\u0447\u043d\u044b\u0439 \u0434\u0438\u0437\u0430\u0439\u043d<\/strong> \u2013 \u041f\u043e\u0432\u043e\u0440\u043e\u0442\u043d\u044b\u0439 \u044d\u043a\u0440\u0430\u043d \u0434\u043b\u044f \u043f\u0440\u043e\u0441\u043c\u043e\u0442\u0440\u0430 \u0431\u0435\u0437 \u0431\u043b\u0438\u043a\u043e\u0432<\/p>\n<p>\u2705 <strong>\u041f\u0440\u043e\u0447\u043d\u044b\u0439 \u0438 \u043d\u0430\u0434\u0435\u0436\u043d\u044b\u0439<\/strong> \u2013 \u041f\u0440\u043e\u0447\u043d\u044b\u0435 \u043c\u0430\u0442\u0435\u0440\u0438\u0430\u043b\u044b \u0434\u043b\u044f \u0438\u0441\u043f\u043e\u043b\u044c\u0437\u043e\u0432\u0430\u043d\u0438\u044f \u0432 \u043b\u044e\u0431\u044b\u0445 \u0443\u0441\u043b\u043e\u0432\u0438\u044f\u0445<\/p>\n<p>\u2705 <strong>\u041b\u0435\u0433\u043a\u043e \u0438\u0441\u043f\u043e\u043b\u044c\u0437\u043e\u0432\u0430\u0442\u044c<\/strong> \u2013 \u0418\u043d\u0442\u0443\u0438\u0442\u0438\u0432\u043d\u043e \u043f\u043e\u043d\u044f\u0442\u043d\u043e\u0435 \u0443\u043f\u0440\u0430\u0432\u043b\u0435\u043d\u0438\u0435 \u0434\u0430\u0436\u0435 \u0434\u043b\u044f \u043d\u043e\u0432\u0438\u0447\u043a\u043e\u0432<\/p>\n<p>\u2705 <strong>\u041c\u0438\u043d\u0438\u043c\u0430\u043b\u044c\u043d\u043e\u0435 \u043e\u0431\u0441\u043b\u0443\u0436\u0438\u0432\u0430\u043d\u0438\u0435<\/strong> \u2013 \u0411\u044b\u0441\u0442\u0440\u043e \u043e\u0447\u0438\u0449\u0430\u0435\u0442\u0441\u044f \u043f\u043e\u0441\u043b\u0435 \u043a\u0430\u0436\u0434\u043e\u0433\u043e \u0438\u0441\u043f\u043e\u043b\u044c\u0437\u043e\u0432\u0430\u043d\u0438\u044f<\/p>\n<p>\u2705 <strong>\u041f\u043e\u043b\u043d\u044b\u0439 \u043c\u043e\u043d\u0438\u0442\u043e\u0440\u0438\u043d\u0433<\/strong> \u2013 M\u0103soar\u0103 <strong>pH, \u0432\u043b\u0430\u0436\u043d\u043e\u0441\u0442\u044c, \u043f\u043b\u043e\u0434\u043e\u0440\u043e\u0434\u0438\u0435, \u0442\u0435\u043c\u043f\u0435\u0440\u0430\u0442\u0443\u0440\u0430, \u0441\u043e\u043b\u0435\u043d\u043e\u0441\u0442\u044c, \u044d\u043b\u0435\u043a\u0442\u0440\u043e\u043f\u0440\u043e\u0432\u043e\u0434\u043d\u043e\u0441\u0442\u044c \u0438 NPK<\/strong><\/p>\n<h5><strong>\u041a\u0430\u043a \u044d\u0442\u043e \u0440\u0430\u0431\u043e\u0442\u0430\u0435\u0442?<\/strong><\/h5>\n<p>\ud83d\udccc <strong>\u0428\u0430\u0433 1:<\/strong> \u0412\u0441\u0442\u0430\u0432\u044c\u0442\u0435 \u0442\u0435\u0441\u0442\u0435\u0440 \u0432 \u043f\u043e\u0447\u0432\u0443, \u0447\u0442\u043e\u0431\u044b \u043d\u0430\u0447\u0430\u0442\u044c \u0430\u043d\u0430\u043b\u0438\u0437.<\/p>\n<p>\ud83d\udccc <strong>\u0428\u0430\u0433 2:<\/strong> \u0414\u043e\u0436\u0434\u0438\u0442\u0435\u0441\u044c \u0441\u0442\u0430\u0431\u0438\u043b\u0438\u0437\u0430\u0446\u0438\u0438 \u0434\u0438\u0441\u043f\u043b\u0435\u044f \u0434\u043b\u044f \u043f\u043e\u043b\u0443\u0447\u0435\u043d\u0438\u044f \u0442\u043e\u0447\u043d\u044b\u0445 \u043f\u043e\u043a\u0430\u0437\u0430\u043d\u0438\u0439.<\/p>\n<p>\ud83d\udccc <strong>\u0428\u0430\u0433 3:<\/strong> \u0418\u043d\u0442\u0435\u0440\u043f\u0440\u0435\u0442\u0438\u0440\u0443\u0435\u0442 \u0437\u043d\u0430\u0447\u0435\u043d\u0438\u044f pH, \u0432\u043b\u0430\u0436\u043d\u043e\u0441\u0442\u0438 \u0438 \u043f\u043b\u043e\u0434\u043e\u0440\u043e\u0434\u043d\u043e\u0441\u0442\u0438 \u0434\u043b\u044f \u043e\u043f\u0442\u0438\u043c\u0430\u043b\u044c\u043d\u043e\u0439 \u043a\u043e\u0440\u0440\u0435\u043a\u0442\u0438\u0440\u043e\u0432\u043a\u0438<\/p>\n<p>\ud83d\udccc <strong>\u0428\u0430\u0433 4:<\/strong> \u041e\u0442\u0440\u0435\u0433\u0443\u043b\u0438\u0440\u0443\u0439\u0442\u0435 \u0432\u043d\u0435\u0441\u0435\u043d\u0438\u0435 \u0443\u0434\u043e\u0431\u0440\u0435\u043d\u0438\u0439 \u0438 \u043e\u0440\u043e\u0448\u0435\u043d\u0438\u0435 \u043d\u0430 \u043e\u0441\u043d\u043e\u0432\u0435 \u043f\u043e\u043b\u0443\u0447\u0435\u043d\u043d\u044b\u0445 \u0440\u0435\u0437\u0443\u043b\u044c\u0442\u0430\u0442\u043e\u0432.<\/p>\n<h5><strong>\u0425\u0430\u0440\u0430\u043a\u0442\u0435\u0440\u0438\u0441\u0442\u0438\u043a\u0438<\/strong><\/h5>\n<p>\ud83d\udccc <strong>\u0420\u0430\u0437\u043c\u0435\u0440\u044b:<\/strong><\/p>\n<ul>\n<li><strong>\u0440\u041d:<\/strong> 3.5-9.0<\/li>\n<li><strong>\u0412\u043b\u0430\u0433\u0430:<\/strong> 0-100%<\/li>\n<li><strong>\u041f\u043b\u043e\u0434\u043e\u0440\u043e\u0434\u0438\u0435 (NPK):<\/strong> 0-1999mg\/kg<\/li>\n<li><strong>\u0422\u0435\u043c\u043f\u0435\u0440\u0430\u0442\u0443\u0440\u0430:<\/strong> 0\u00b0C &#8211; 60\u00b0C<\/li>\n<li><strong>\u0421\u043e\u043b\u0435\u043d\u043e\u0441\u0442\u044c:<\/strong> 0-9990ppm<\/li>\n<li><strong>\u042d\u043b\u0435\u043a\u0442\u0440\u043e\u043f\u0440\u043e\u0432\u043e\u0434\u043d\u043e\u0441\u0442\u044c (\u042d\u041f):<\/strong> 0-9990\u03bcS\/cm<\/li>\n<li><strong>\u041e\u0431\u0449\u0435\u0435 \u043a\u043e\u043b\u0438\u0447\u0435\u0441\u0442\u0432\u043e \u0440\u0430\u0441\u0442\u0432\u043e\u0440\u0435\u043d\u043d\u044b\u0445 \u0442\u0432\u0435\u0440\u0434\u044b\u0445 \u0432\u0435\u0449\u0435\u0441\u0442\u0432 (TDS):<\/strong> 0-9990ppm<\/li>\n<\/ul>\n<p>\ud83d\udccc <strong>\u0422\u043e\u0447\u043d\u043e\u0441\u0442\u044c:<\/strong><\/p>\n<ul>\n<li>\u00b10.3 pH<\/li>\n<li>\u00b13% \u0432\u043b\u0430\u0436\u043d\u043e\u0441\u0442\u0438 \u0432 \u0434\u0438\u0430\u043f\u0430\u0437\u043e\u043d\u0435 0-53%, \u00b15% \u0432 \u0434\u0438\u0430\u043f\u0430\u0437\u043e\u043d\u0435 53-100%<\/li>\n<li>\u00b12% \u043f\u043e\u043b\u043d\u043e\u0439 \u0448\u043a\u0430\u043b\u044b \u0434\u043b\u044f NPK \u0438 EC<\/li>\n<\/ul>\n<p>\ud83d\udccc <strong>\u0418\u0441\u0442\u043e\u0447\u043d\u0438\u043a \u043f\u0438\u0442\u0430\u043d\u0438\u044f:<\/strong> <strong>3 \u0431\u0430\u0442\u0430\u0440\u0435\u0439\u043a\u0438 \u0410\u0410\u0410<\/strong><\/p>\n<p>\ud83d\udccc <strong>\u041d\u0435\u043f\u0440\u043e\u043d\u0438\u0446\u0430\u0435\u043c\u043e\u0441\u0442\u044c:<\/strong> <strong>IP67<\/strong> \u2013 \u043e\u043f\u0442\u0438\u043c\u0430\u043b\u044c\u043d\u0430\u044f \u0437\u0430\u0449\u0438\u0442\u0430 \u043e\u0442 \u0432\u043e\u0434\u044b \u0438 \u0432\u043b\u0430\u0436\u043d\u043e\u0441\u0442\u0438<\/p>\n<p>\ud83d\udccc <strong>\u041a\u043e\u043c\u043f\u0430\u043a\u0442\u043d\u044b\u0435 \u0440\u0430\u0437\u043c\u0435\u0440\u044b:<\/strong> <strong>\u041b\u0435\u0433\u043a\u043e \u0442\u0440\u0430\u043d\u0441\u043f\u043e\u0440\u0442\u0438\u0440\u043e\u0432\u0430\u0442\u044c \u0438 \u0438\u0441\u043f\u043e\u043b\u044c\u0437\u043e\u0432\u0430\u0442\u044c \u0432 \u043f\u043e\u043b\u0435\u0432\u044b\u0445 \u0443\u0441\u043b\u043e\u0432\u0438\u044f\u0445<\/strong><\/p>\n<h5><strong>\u041f\u043e\u0447\u0435\u043c\u0443 \u0441\u0442\u043e\u0438\u0442 \u0432\u044b\u0431\u0440\u0430\u0442\u044c \u0442\u0435\u0441\u0442\u0435\u0440 \u043f\u043e\u0447\u0432\u044b \u00ab7 \u0432 1\u00bb?<\/strong><\/h5>\n<p>\ud83d\udd39 \u0422\u043e\u0447\u043d\u044b\u0435 \u043f\u043e\u043a\u0430\u0437\u0430\u043d\u0438\u044f pH, \u0432\u043b\u0430\u0436\u043d\u043e\u0441\u0442\u0438, \u043f\u043b\u043e\u0434\u043e\u0440\u043e\u0434\u043d\u043e\u0441\u0442\u0438 \u0438 \u0442\u0435\u043c\u043f\u0435\u0440\u0430\u0442\u0443\u0440\u044b<\/p>\n<p>\ud83d\udd39 \u0418\u0434\u0435\u0430\u043b\u044c\u043d\u043e \u043f\u043e\u0434\u0445\u043e\u0434\u0438\u0442 \u0434\u043b\u044f \u0441\u0430\u0434\u043e\u0432, \u0433\u043e\u0440\u0448\u043a\u043e\u0432, \u0442\u0435\u043f\u043b\u0438\u0446 \u0438 \u0441\u0435\u043b\u044c\u0441\u043a\u043e\u0445\u043e\u0437\u044f\u0439\u0441\u0442\u0432\u0435\u043d\u043d\u044b\u0445 \u043a\u0443\u043b\u044c\u0442\u0443\u0440.<\/p>\n<p>\ud83d\udd39 \u041a\u043e\u043c\u043f\u0430\u043a\u0442\u043d\u0430\u044f \u0438 \u0443\u0434\u043e\u0431\u043d\u0430\u044f \u0434\u043b\u044f \u043f\u0435\u0440\u0435\u043d\u043e\u0441\u043a\u0438 \u043a\u043e\u043d\u0441\u0442\u0440\u0443\u043a\u0446\u0438\u044f<\/p>\n<p><strong>\ud83d\udd39<\/strong>\u0418\u0437\u043c\u0435\u0440\u044f\u0435\u0442 7 \u043e\u0441\u043d\u043e\u0432\u043d\u044b\u0445 \u043f\u0430\u0440\u0430\u043c\u0435\u0442\u0440\u043e\u0432 \u0437\u0434\u043e\u0440\u043e\u0432\u044c\u044f \u043f\u043e\u0447\u0432\u044b<\/p>\n<p>\ud83d\udd39\u0411\u043e\u043b\u044c\u0448\u043e\u0439 \u0416\u041a-\u044d\u043a\u0440\u0430\u043d \u0441 \u0447\u0435\u0442\u043a\u0438\u043c \u0438 \u0438\u043d\u0442\u0443\u0438\u0442\u0438\u0432\u043d\u043e \u043f\u043e\u043d\u044f\u0442\u043d\u044b\u043c \u043e\u0442\u043e\u0431\u0440\u0430\u0436\u0435\u043d\u0438\u0435\u043c<\/p>\n<p>\ud83d\udd39\u041f\u0440\u043e\u0441\u0442\u043e\u0435 \u0443\u043f\u0440\u0430\u0432\u043b\u0435\u043d\u0438\u0435, \u043e\u0434\u043d\u043e\u0439 \u043a\u043d\u043e\u043f\u043a\u043e\u0439<\/p>\n<p>\ud83d\udd39\u041f\u0440\u043e\u0447\u043d\u0430\u044f \u043a\u043e\u043d\u0441\u0442\u0440\u0443\u043a\u0446\u0438\u044f \u0434\u043b\u044f \u0434\u043b\u0438\u0442\u0435\u043b\u044c\u043d\u043e\u0433\u043e \u0438\u0441\u043f\u043e\u043b\u044c\u0437\u043e\u0432\u0430\u043d\u0438\u044f<\/p>\n<p>\ud83d\udd39\u0414\u043b\u044f \u0440\u0430\u0431\u043e\u0442\u044b \u0442\u0440\u0435\u0431\u0443\u044e\u0442\u0441\u044f \u0432\u0441\u0435\u0433\u043e 3 \u0431\u0430\u0442\u0430\u0440\u0435\u0439\u043a\u0438 \u0442\u0438\u043f\u0430 \u0410\u0410\u0410<\/p>\n<h6><strong>#SoilTester #pH\u041f\u043e\u0447\u0432\u044b #\u0412\u043b\u0430\u0436\u043d\u043e\u0441\u0442\u044c\u041f\u043e\u0447\u0432\u044b #\u041e\u043f\u0442\u0438\u043c\u0430\u043b\u044c\u043d\u043e\u0435\u0423\u0434\u043e\u0431\u0440\u0435\u043d\u0438\u0435 #\u0421\u0430\u0434\u043e\u0432\u043e\u0434\u0441\u0442\u0432\u043e #\u0421\u0435\u043b\u044c\u0441\u043a\u043e\u0445\u043e\u0437\u044f\u0439\u0441\u0442\u0432\u0435\u043d\u043d\u044b\u0435\u041a\u0443\u043b\u044c\u0442\u0443\u0440\u044b #\u041a\u043e\u043d\u0442\u0440\u043e\u043b\u044c\u041f\u043e\u0447\u0432\u044b #\u0423\u0445\u043e\u0434\u0417\u0430\u0420\u0430\u0441\u0442\u0435\u043d\u0438\u044f\u043c\u0438 #\u0422\u043e\u0447\u043d\u043e\u0435\u0418\u0437\u043c\u0435\u0440\u0435\u043d\u0438\u0435 #\u0412\u0440\u0430\u0449\u0430\u044e\u0449\u0438\u0439\u0441\u044f\u0421\u0438\u0442\u043e #\u0417\u0434\u043e\u0440\u043e\u0432\u0430\u044f\u041f\u043e\u0447\u0432\u0430 #\u041f\u0440\u043e\u0434\u0443\u043a\u0442\u0438\u0432\u043d\u044b\u0439\u0421\u0430\u0434 #\u041c\u043e\u043d\u0438\u0442\u043e\u0440\u0438\u043d\u0433\u041f\u043e\u0447\u0432\u044b #\u0422\u0435\u0441\u0442\u0438\u0440\u043e\u0432\u0430\u043d\u0438\u0435\u041f\u043e\u0447\u0432\u044b<\/strong><\/h6>","protected":false},"excerpt":{"rendered":"<p>Analizator de Sol 7-\u00een-1 Ph Metru Monitorizare Avansat\u0103 pentru Culturi S\u0103n\u0103toase Asigur\u0103 condi\u021bii ideale pentru cre\u0219terea plantelor cu Testerul de<\/p>","protected":false},"featured_media":12464,"comment_status":"open","ping_status":"closed","template":"","meta":{"_acf_changed":false},"product_brand":[],"product_cat":[105],"product_tag":[],"class_list":{"0":"post-12463","1":"product","2":"type-product","3":"status-publish","4":"has-post-thumbnail","6":"product_cat-analizatoare-apa-sol-ph","8":"first","9":"instock","10":"shipping-taxable","11":"purchasable","12":"product-type-simple"},"acf":[],"_links":{"self":[{"href":"https:\/\/biomed.md\/ru\/wp-json\/wp\/v2\/product\/12463","targetHints":{"allow":["GET"]}}],"collection":[{"href":"https:\/\/biomed.md\/ru\/wp-json\/wp\/v2\/product"}],"about":[{"href":"https:\/\/biomed.md\/ru\/wp-json\/wp\/v2\/types\/product"}],"replies":[{"embeddable":true,"href":"https:\/\/biomed.md\/ru\/wp-json\/wp\/v2\/comments?post=12463"}],"version-history":[{"count":4,"href":"https:\/\/biomed.md\/ru\/wp-json\/wp\/v2\/product\/12463\/revisions"}],"predecessor-version":[{"id":14232,"href":"https:\/\/biomed.md\/ru\/wp-json\/wp\/v2\/product\/12463\/revisions\/14232"}],"wp:featuredmedia":[{"embeddable":true,"href":"https:\/\/biomed.md\/ru\/wp-json\/wp\/v2\/media\/12464"}],"wp:attachment":[{"href":"https:\/\/biomed.md\/ru\/wp-json\/wp\/v2\/media?parent=12463"}],"wp:term":[{"taxonomy":"product_brand","embeddable":true,"href":"https:\/\/biomed.md\/ru\/wp-json\/wp\/v2\/product_brand?post=12463"},{"taxonomy":"product_cat","embeddable":true,"href":"https:\/\/biomed.md\/ru\/wp-json\/wp\/v2\/product_cat?post=12463"},{"taxonomy":"product_tag","embeddable":true,"href":"https:\/\/biomed.md\/ru\/wp-json\/wp\/v2\/product_tag?post=12463"}],"curies":[{"name":"wp","href":"https:\/\/api.w.org\/{rel}","templated":true}]}}