{"id":12344,"date":"2025-06-11T08:43:47","date_gmt":"2025-06-11T08:43:47","guid":{"rendered":"https:\/\/biomed.md\/?post_type=product&#038;p=12344"},"modified":"2026-04-21T12:20:07","modified_gmt":"2026-04-21T12:20:07","slug":"dispozitiv-de-masaj-cu-vacuum-electric","status":"publish","type":"product","link":"https:\/\/biomed.md\/ru\/product\/dispozitiv-de-masaj-cu-vacuum-electric\/","title":{"rendered":"\u042d\u043b\u0435\u043a\u0442\u0440\u0438\u0447\u0435\u0441\u043a\u0438\u0439 \u0432\u0430\u043a\u0443\u0443\u043c\u043d\u044b\u0439 \u043c\u0430\u0441\u0441\u0430\u0436\u0435\u0440"},"content":{"rendered":"<h5><strong>Dispozitiv de Masaj cu Vacuum . <\/strong><strong>\u0420\u0430\u0441\u0448\u0438\u0440\u0435\u043d\u043d\u0430\u044f \u0442\u0435\u0440\u0430\u043f\u0438\u044f \u0434\u043b\u044f \u0440\u0435\u043b\u0430\u043a\u0441\u0430\u0446\u0438\u0438 \u0438 \u0442\u043e\u043d\u0438\u0437\u0438\u0440\u043e\u0432\u0430\u043d\u0438\u044f<\/strong><\/h5>\n<p>\u041f\u0440\u0435\u0432\u0440\u0430\u0442\u0438\u0442\u0435 \u0441\u0432\u043e\u044e \u043f\u0440\u043e\u0446\u0435\u0434\u0443\u0440\u0443 \u0443\u0445\u043e\u0434\u0430 \u0437\u0430 \u043a\u043e\u0436\u0435\u0439 \u0432 \u043f\u0440\u043e\u0444\u0435\u0441\u0441\u0438\u043e\u043d\u0430\u043b\u044c\u043d\u044b\u0439 \u043e\u043f\u044b\u0442! <strong>.<\/strong>\u042d\u0442\u043e\u0442 <strong>\u0432\u0430\u043a\u0443\u0443\u043c\u043d\u044b\u0439 \u043c\u0430\u0441\u0441\u0430\u0436\u043d\u044b\u0439 \u0430\u043f\u043f\u0430\u0440\u0430\u0442<\/strong> \u0441\u043e\u0432\u043c\u0435\u0449\u0430\u0435\u0442 <strong>\u043a\u043e\u043d\u0442\u0440\u043e\u043b\u0438\u0440\u0443\u0435\u043c\u0443\u044e \u0430\u0441\u043f\u0438\u0440\u0430\u0446\u0438\u044e<\/strong>, <strong>\u0442\u0435\u0440\u0430\u043f\u0435\u0432\u0442\u0438\u0447\u0435\u0441\u043a\u043e\u0435 \u0442\u0435\u043f\u043b\u043e<\/strong>\u00a0\u0434\u043b\u044f \u0441\u0442\u0438\u043c\u0443\u043b\u044f\u0446\u0438\u0438 \u043a\u0440\u043e\u0432\u043e\u043e\u0431\u0440\u0430\u0449\u0435\u043d\u0438\u044f, \u0441\u043d\u0438\u0436\u0435\u043d\u0438\u044f \u043c\u044b\u0448\u0435\u0447\u043d\u043e\u0433\u043e \u043d\u0430\u043f\u0440\u044f\u0436\u0435\u043d\u0438\u044f \u0438 \u0443\u043b\u0443\u0447\u0448\u0435\u043d\u0438\u044f \u0432\u043d\u0435\u0448\u043d\u0435\u0433\u043e \u0432\u0438\u0434\u0430 \u0432\u0430\u0448\u0435\u0439 \u043a\u043e\u0436\u0438<\/p>\n<h5><strong>\u041e\u0441\u043d\u043e\u0432\u043d\u044b\u0435 \u0445\u0430\u0440\u0430\u043a\u0442\u0435\u0440\u0438\u0441\u0442\u0438\u043a\u0438:<\/strong><\/h5>\n<ul>\n<li><strong>\u0412\u0430\u043a\u0443\u0443\u043c\u043d\u0430\u044f \u0442\u0435\u0445\u043d\u043e\u043b\u043e\u0433\u0438\u044f<\/strong> \u2014 \u0441\u0442\u0438\u043c\u0443\u043b\u0438\u0440\u0443\u0435\u0442 \u043a\u0440\u043e\u0432\u043e\u043e\u0431\u0440\u0430\u0449\u0435\u043d\u0438\u0435 \u0438 \u043f\u043e\u043c\u043e\u0433\u0430\u0435\u0442 \u0432\u044b\u0432\u043e\u0434\u0438\u0442\u044c \u0442\u043e\u043a\u0441\u0438\u043d\u044b<\/li>\n<li><strong>\u0413\u043b\u0443\u0431\u043e\u043a\u0438\u0439 \u043c\u0430\u0441\u0441\u0430\u0436<\/strong> \u2014 \u0441\u043d\u0438\u0436\u0430\u0435\u0442 \u043c\u044b\u0448\u0435\u0447\u043d\u043e\u0435 \u043d\u0430\u043f\u0440\u044f\u0436\u0435\u043d\u0438\u0435 \u0438 \u0443\u043b\u0443\u0447\u0448\u0430\u0435\u0442 \u043f\u043e\u0434\u0432\u0438\u0436\u043d\u043e\u0441\u0442\u044c<\/li>\n<li><strong>\u0418\u043d\u0444\u0440\u0430\u043a\u0440\u0430\u0441\u043d\u0430\u044f \u0438 \u0441\u0438\u043d\u044f\u044f \u0441\u0432\u0435\u0442\u043e\u0442\u0435\u0440\u0430\u043f\u0438\u044f <\/strong>\u2014 \u0434\u043b\u044f \u043a\u043b\u0435\u0442\u043e\u0447\u043d\u043e\u0439 \u0441\u0442\u0438\u043c\u0443\u043b\u044f\u0446\u0438\u0438 \u0438 \u043c\u0430\u043a\u0441\u0438\u043c\u0430\u043b\u044c\u043d\u043e\u0433\u043e \u0440\u0430\u0441\u0441\u043b\u0430\u0431\u043b\u0435\u043d\u0438\u044f<\/li>\n<li><strong>\u0426\u0438\u0444\u0440\u043e\u0432\u043e\u0439 \u0441\u0435\u043d\u0441\u043e\u0440\u043d\u044b\u0439 \u044d\u043a\u0440\u0430\u043d \u2014<\/strong> \u0438\u043d\u0442\u0443\u0438\u0442\u0438\u0432\u043d\u043e \u043f\u043e\u043d\u044f\u0442\u043d\u043e\u0435 \u0443\u043f\u0440\u0430\u0432\u043b\u0435\u043d\u0438\u0435 \u043d\u0430\u0441\u0442\u0440\u043e\u0435\u043a<\/li>\n<li><strong>\u042d\u0440\u0433\u043e\u043d\u043e\u043c\u0438\u0447\u043d\u044b\u0439 \u0434\u0438\u0437\u0430\u0439\u043d<\/strong> \u2014 \u0438\u0434\u0435\u0430\u043b\u044c\u043d\u043e \u043f\u043e\u0434\u0445\u043e\u0434\u0438\u0442 \u0434\u043b\u044f \u0440\u0430\u0437\u043d\u044b\u0445 \u0443\u0447\u0430\u0441\u0442\u043a\u043e\u0432 \u0442\u0435\u043b\u0430<\/li>\n<li><strong>\u041f\u043e\u0440\u0442\u0430\u0442\u0438\u0432\u043d\u044b\u0439 \u0438 \u0431\u0435\u0441\u043f\u0440\u043e\u0432\u043e\u0434\u043d\u043e\u0439<\/strong> \u043f\u0438\u0442\u0430\u043d\u0438\u0435 \u043e\u0442 USB-C, \u0438\u0434\u0435\u0430\u043b\u044c\u043d\u043e \u043f\u043e\u0434\u0445\u043e\u0434\u0438\u0442 \u0434\u043b\u044f \u0438\u0441\u043f\u043e\u043b\u044c\u0437\u043e\u0432\u0430\u043d\u0438\u044f \u0434\u043e\u043c\u0430 \u0438\u043b\u0438 \u0432 \u043e\u0444\u0438\u0441\u0435 <strong>!<\/strong>!<\/li>\n<\/ul>\n<h5><strong>\u0422\u0435\u0445\u043d\u0438\u0447\u0435\u0441\u043a\u0438\u0435 \u0445\u0430\u0440\u0430\u043a\u0442\u0435\u0440\u0438\u0441\u0442\u0438\u043a\u0438:<\/strong><\/h5>\n<ul>\n<li><strong>\u0420\u0430\u0437\u043c\u0435\u0440\u044b:<\/strong> \u0440\u0435\u0433\u0443\u043b\u0438\u0440\u0443\u044e\u0442\u0441\u044f \u0434\u043b\u044f \u0440\u0430\u0437\u043d\u044b\u0445 \u0444\u043e\u0440\u043c \u0442\u0435\u043b\u0430<\/li>\n<li><strong>\u0412\u0440\u0435\u043c\u044f \u0440\u0430\u0431\u043e\u0442\u044b:<\/strong> \u0434\u043e <strong>3 \u0447\u0430\u0441\u043e\u0432<\/strong> \u043f\u0440\u0438 \u043f\u043e\u043b\u043d\u043e\u0439 \u0437\u0430\u0440\u044f\u0434\u043a\u0435<\/li>\n<li><strong>\u0420\u0435\u0436\u0438\u043c\u044b \u043c\u0430\u0441\u0441\u0430\u0436\u0430:<\/strong> <strong>9<\/strong> \u0443\u0440\u043e\u0432\u043d\u0435\u0439 \u0438\u043d\u0442\u0435\u043d\u0441\u0438\u0432\u043d\u043e\u0441\u0442\u0438<\/li>\n<li><strong>\u0418\u0441\u0442\u043e\u0447\u043d\u0438\u043a \u043f\u0438\u0442\u0430\u043d\u0438\u044f:<\/strong> USB-C, \u0431\u044b\u0441\u0442\u0440\u0430\u044f \u0437\u0430\u0440\u044f\u0434\u043a\u0430<\/li>\n<\/ul>\n<h5><strong>\u041f\u0440\u0435\u0438\u043c\u0443\u0449\u0435\u0441\u0442\u0432\u0430:<\/strong><\/h5>\n<p>\u2714 \u0423\u0441\u0442\u0440\u0430\u043d\u044f\u0435\u0442 \u0446\u0435\u043b\u043b\u044e\u043b\u0438\u0442 \u0438 \u0432\u044b\u0440\u0430\u0432\u043d\u0438\u0432\u0430\u0435\u0442 \u0442\u0435\u043a\u0441\u0442\u0443\u0440\u0443 \u043a\u043e\u0436\u0438<\/p>\n<p>\u2714 \u0421\u0442\u0438\u043c\u0443\u043b\u0438\u0440\u0443\u0435\u0442 \u043a\u0440\u043e\u0432\u043e\u043e\u0431\u0440\u0430\u0449\u0435\u043d\u0438\u0435 \u0438 \u0434\u0435\u0442\u043e\u043a\u0441\u0438\u043a\u0430\u0446\u0438\u044e \u043a\u043e\u0436\u0438<\/p>\n<p>\u2714 \u0421\u043d\u0438\u0436\u0430\u0435\u0442 \u043c\u044b\u0448\u0435\u0447\u043d\u043e\u0435 \u043d\u0430\u043f\u0440\u044f\u0436\u0435\u043d\u0438\u0435 \u0438 \u0441\u043d\u0438\u043c\u0430\u0435\u0442 \u0431\u043e\u043b\u044c<\/p>\n<p>\u2714 \u0423\u043b\u0443\u0447\u0448\u0430\u0435\u0442 \u044d\u043b\u0430\u0441\u0442\u0438\u0447\u043d\u043e\u0441\u0442\u044c \u043a\u043e\u0436\u0438 \u0438 \u0442\u043e\u043d\u0443\u0441 \u0442\u043a\u0430\u043d\u0435\u0439<\/p>\n<h5><strong>cuvinte cheie :<\/strong><\/h5>\n<p>masajor vacuum, masaj anticelulitic, masaj terapeutic,\u00a0 \u00a0vacuum\u00a0 terapie,\u00a0 \u00a0relaxare,\u00a0 recuperare,\u00a0 dispozitiv Masaj , tonifiere, drenaj limfatic<\/p>","protected":false},"excerpt":{"rendered":"<p>Dispozitiv de Masaj cu Vacuum . Terapie Avansat\u0103 pentru Relaxare \u0219i Tonifiere Transform\u0103 rutina de \u00eengrijire \u00eentr-o experien\u021b\u0103 profesional\u0103! Acest<\/p>","protected":false},"featured_media":12346,"comment_status":"open","ping_status":"closed","template":"","meta":{"_acf_changed":false},"product_brand":[],"product_cat":[103,115],"product_tag":[],"class_list":{"0":"post-12344","1":"product","2":"type-product","3":"status-publish","4":"has-post-thumbnail","6":"product_cat-estetica","7":"product_cat-masaj-si-sport","9":"first","10":"instock","11":"shipping-taxable","12":"purchasable","13":"product-type-simple"},"acf":[],"_links":{"self":[{"href":"https:\/\/biomed.md\/ru\/wp-json\/wp\/v2\/product\/12344","targetHints":{"allow":["GET"]}}],"collection":[{"href":"https:\/\/biomed.md\/ru\/wp-json\/wp\/v2\/product"}],"about":[{"href":"https:\/\/biomed.md\/ru\/wp-json\/wp\/v2\/types\/product"}],"replies":[{"embeddable":true,"href":"https:\/\/biomed.md\/ru\/wp-json\/wp\/v2\/comments?post=12344"}],"version-history":[{"count":4,"href":"https:\/\/biomed.md\/ru\/wp-json\/wp\/v2\/product\/12344\/revisions"}],"predecessor-version":[{"id":16507,"href":"https:\/\/biomed.md\/ru\/wp-json\/wp\/v2\/product\/12344\/revisions\/16507"}],"wp:featuredmedia":[{"embeddable":true,"href":"https:\/\/biomed.md\/ru\/wp-json\/wp\/v2\/media\/12346"}],"wp:attachment":[{"href":"https:\/\/biomed.md\/ru\/wp-json\/wp\/v2\/media?parent=12344"}],"wp:term":[{"taxonomy":"product_brand","embeddable":true,"href":"https:\/\/biomed.md\/ru\/wp-json\/wp\/v2\/product_brand?post=12344"},{"taxonomy":"product_cat","embeddable":true,"href":"https:\/\/biomed.md\/ru\/wp-json\/wp\/v2\/product_cat?post=12344"},{"taxonomy":"product_tag","embeddable":true,"href":"https:\/\/biomed.md\/ru\/wp-json\/wp\/v2\/product_tag?post=12344"}],"curies":[{"name":"wp","href":"https:\/\/api.w.org\/{rel}","templated":true}]}}