{"id":12288,"date":"2025-06-03T15:19:31","date_gmt":"2025-06-03T15:19:31","guid":{"rendered":"https:\/\/biomed.md\/?post_type=product&#038;p=12288"},"modified":"2025-10-03T06:28:47","modified_gmt":"2025-10-03T06:28:47","slug":"omega-3-ulei-de-peste","status":"publish","type":"product","link":"https:\/\/biomed.md\/ru\/product\/omega-3-ulei-de-peste\/","title":{"rendered":"\u0420\u044b\u0431\u0438\u0439 \u0436\u0438\u0440 \u041e\u043c\u0435\u0433\u0430-3 \u0431\u0435\u0437 \u0442\u044f\u0436\u0435\u043b\u044b\u0445 \u043c\u0435\u0442\u0430\u043b\u043b\u043e\u0432"},"content":{"rendered":"<h4><strong>\u041e\u043c\u0435\u0433\u0430-3 \u0438\u0437 \u0434\u0438\u043a\u0438\u0445 \u0410\u043d\u0447\u043e\u0443\u0441\u043e\u0432 <\/strong><\/h4>\n<h4><strong>1000 \u043c\u0433 \u2013 400 \u043a\u0430\u043f\u0441\u0443\u043b | \u0427\u0438\u0441\u0442\u044b\u0439 \u0438\u0441\u0442\u043e\u0447\u043d\u0438\u043a \u0438\u0437 \u0434\u0438\u043a\u0438\u0445 \u0430\u043d\u0447\u043e\u0443\u0441\u043e\u0432<\/strong><\/h4>\n<p><strong>\u0420\u044b\u0431\u0438\u0439 \u0436\u0438\u0440 \u041e\u043c\u0435\u0433\u0430-3 <\/strong><strong>\u0438\u0437 \u043f\u0435\u0440\u0443\u0430\u043d\u0441\u043a\u0438\u0445 \u0430\u043d\u0447\u043e\u0443\u0441\u043e\u0432 <\/strong><strong>1000\u043c\u0433<\/strong> WeightWorld \u2014 \u044d\u0442\u043e \u043b\u0443\u0447\u0448\u0438\u0439 \u0432\u044b\u0431\u043e\u0440 \u0434\u043b\u044f \u043f\u043e\u0434\u0434\u0435\u0440\u0436\u0430\u043d\u0438\u044f \u0437\u0434\u043e\u0440\u043e\u0432\u044c\u044f \u0441\u0435\u0440\u0434\u0446\u0430, \u043c\u043e\u0437\u0433\u0430, \u0437\u0440\u0435\u043d\u0438\u044f \u0438 \u0441\u0443\u0441\u0442\u0430\u0432\u043e\u0432. \u041f\u043e\u043b\u0443\u0447\u0435\u043d\u043e \u0438\u0437 <strong>\u0434\u0438\u043a\u0438\u0435 \u0430\u043d\u0447\u043e\u0443\u0441\u044b \u0438\u0437 \u041f\u0435\u0440\u0443<\/strong>\u043c\u0430\u0441\u043b\u043e \u043e\u0447\u0438\u0449\u0430\u0435\u0442\u0441\u044f \u043f\u0443\u0442\u0435\u043c \u043c\u043e\u043b\u0435\u043a\u0443\u043b\u044f\u0440\u043d\u043e\u0439 \u0434\u0438\u0441\u0442\u0438\u043b\u043b\u044f\u0446\u0438\u0438 \u0434\u043b\u044f \u0443\u0434\u0430\u043b\u0435\u043d\u0438\u044f \u0442\u044f\u0436\u0435\u043b\u044b\u0445 \u043c\u0435\u0442\u0430\u043b\u043b\u043e\u0432 \u0438 \u0442\u043e\u043a\u0441\u0438\u043d\u043e\u0432, \u0447\u0442\u043e \u043e\u0431\u0435\u0441\u043f\u0435\u0447\u0438\u0432\u0430\u0435\u0442 \u0431\u0435\u0437\u043e\u043f\u0430\u0441\u043d\u0443\u044e \u0438 \u044d\u0444\u0444\u0435\u043a\u0442\u0438\u0432\u043d\u0443\u044e \u0444\u043e\u0440\u043c\u0443\u043b\u0443.<\/p>\n<p>\u041a\u0430\u0436\u0434\u0430\u044f \u043a\u0430\u043f\u0441\u0443\u043b\u0430 \u0441\u043e\u0434\u0435\u0440\u0436\u0438\u0442 <strong>300 \u043c\u0433 \u0436\u0438\u0440\u043d\u044b\u0445 \u043a\u0438\u0441\u043b\u043e\u0442 \u041e\u043c\u0435\u0433\u0430-3<\/strong>, \u0432\u043a\u043b\u044e\u0447\u0430\u044f <strong>180 \u043c\u0433 EPA<\/strong> \u0438 <strong>120 \u043c\u0433 DHA<\/strong>, \u043d\u0435\u043e\u0431\u0445\u043e\u0434\u0438\u043c\u044b\u0439 \u0434\u043b\u044f \u043e\u043f\u0442\u0438\u043c\u0430\u043b\u044c\u043d\u043e\u0433\u043e \u0444\u0443\u043d\u043a\u0446\u0438\u043e\u043d\u0438\u0440\u043e\u0432\u0430\u043d\u0438\u044f \u043e\u0440\u0433\u0430\u043d\u0438\u0437\u043c\u0430. <strong>400 \u043a\u0430\u043f\u0441\u0443\u043b \u0432 \u0443\u043f\u0430\u043a\u043e\u0432\u043a\u0435<\/strong>, \u0443 \u0432\u0430\u0441 \u0435\u0441\u0442\u044c \u0449\u0435\u0434\u0440\u044b\u0439 \u0437\u0430\u043f\u0430\u0441 \u0434\u043b\u044f \u0434\u043b\u0438\u0442\u0435\u043b\u044c\u043d\u043e\u0433\u043e \u0435\u0436\u0435\u0434\u043d\u0435\u0432\u043d\u043e\u0433\u043e \u0438\u0441\u043f\u043e\u043b\u044c\u0437\u043e\u0432\u0430\u043d\u0438\u044f.<\/p>\n<h3>\u2705 <strong>\u041e\u0441\u043d\u043e\u0432\u043d\u044b\u0435 \u043f\u0440\u0435\u0438\u043c\u0443\u0449\u0435\u0441\u0442\u0432\u0430:<\/strong><\/h3>\n<ul>\n<li>\u041f\u043e\u0434\u0434\u0435\u0440\u0436\u0438\u0432\u0430\u0435\u0442 \u0437\u0434\u043e\u0440\u043e\u0432\u044c\u0435 \u0441\u0435\u0440\u0434\u0435\u0447\u043d\u043e-\u0441\u043e\u0441\u0443\u0434\u0438\u0441\u0442\u043e\u0439 \u0441\u0438\u0441\u0442\u0435\u043c\u044b \u0438 \u0440\u0435\u0433\u0443\u043b\u0438\u0440\u0443\u0435\u0442 \u0430\u0440\u0442\u0435\u0440\u0438\u0430\u043b\u044c\u043d\u043e\u0435 \u0434\u0430\u0432\u043b\u0435\u043d\u0438\u0435<\/li>\n<li>\u0423\u043b\u0443\u0447\u0448\u0430\u0435\u0442 \u043a\u043e\u0433\u043d\u0438\u0442\u0438\u0432\u043d\u044b\u0435 \u0444\u0443\u043d\u043a\u0446\u0438\u0438 \u0438 \u043f\u0430\u043c\u044f\u0442\u044c<\/li>\n<li>\u0417\u0430\u0449\u0438\u0449\u0430\u0435\u0442 \u0437\u0440\u0435\u043d\u0438\u0435 \u0438 \u0441\u043d\u0438\u0436\u0430\u0435\u0442 \u0440\u0438\u0441\u043a \u0434\u0435\u0433\u0435\u043d\u0435\u0440\u0430\u0446\u0438\u0438 \u0436\u0435\u043b\u0442\u043e\u0433\u043e \u043f\u044f\u0442\u043d\u0430<\/li>\n<li>\u0421\u043f\u043e\u0441\u043e\u0431\u0441\u0442\u0432\u0443\u0435\u0442 \u043b\u0438\u043f\u0438\u0434\u043d\u043e\u043c\u0443 \u0431\u0430\u043b\u0430\u043d\u0441\u0443 \u0438 \u0441\u043d\u0438\u0436\u0435\u043d\u0438\u044e \u0443\u0440\u043e\u0432\u043d\u044f \u0442\u0440\u0438\u0433\u043b\u0438\u0446\u0435\u0440\u0438\u0434\u043e\u0432<\/li>\n<li>\u041f\u043e\u043c\u043e\u0433\u0430\u0435\u0442 \u0443\u043c\u0435\u043d\u044c\u0448\u0438\u0442\u044c \u0432\u043e\u0441\u043f\u0430\u043b\u0435\u043d\u0438\u0435 \u0438 \u043f\u043e\u0434\u0434\u0435\u0440\u0436\u0438\u0432\u0430\u0435\u0442 \u0437\u0434\u043e\u0440\u043e\u0432\u044c\u0435 \u0441\u0443\u0441\u0442\u0430\u0432\u043e\u0432<\/li>\n<li>\u0423\u043b\u0443\u0447\u0448\u0430\u0435\u0442 \u044d\u043b\u0430\u0441\u0442\u0438\u0447\u043d\u043e\u0441\u0442\u044c \u043a\u043e\u0436\u0438 \u0438 \u0431\u043e\u0440\u0435\u0442\u0441\u044f \u0441 \u043f\u0440\u0435\u0436\u0434\u0435\u0432\u0440\u0435\u043c\u0435\u043d\u043d\u044b\u043c \u0441\u0442\u0430\u0440\u0435\u043d\u0438\u0435\u043c<\/li>\n<li>\u041f\u043e\u0434\u0434\u0435\u0440\u0436\u0438\u0432\u0430\u0435\u0442 \u0444\u0443\u043d\u043a\u0446\u0438\u044e \u043f\u0435\u0447\u0435\u043d\u0438 \u0438 \u0435\u0441\u0442\u0435\u0441\u0442\u0432\u0435\u043d\u043d\u0443\u044e \u0434\u0435\u0442\u043e\u043a\u0441\u0438\u043a\u0430\u0446\u0438\u044e<\/li>\n<li>\u041f\u043e\u0434\u0445\u043e\u0434\u0438\u0442 \u0434\u043b\u044f \u0441\u043f\u043e\u0440\u0442\u0441\u043c\u0435\u043d\u043e\u0432, \u043f\u043e\u0436\u0438\u043b\u044b\u0445 \u043b\u044e\u0434\u0435\u0439 \u0438 \u043b\u044e\u0434\u0435\u0439, \u0432\u0435\u0434\u0443\u0449\u0438\u0445 \u0430\u043a\u0442\u0438\u0432\u043d\u044b\u0439 \u043e\u0431\u0440\u0430\u0437 \u0436\u0438\u0437\u043d\u0438.<\/li>\n<\/ul>\n<h5>\u2139\ufe0f <strong>\u041f\u0438\u0449\u0435\u0432\u0430\u044f \u0446\u0435\u043d\u043d\u043e\u0441\u0442\u044c (\u043d\u0430 \u043f\u043e\u0440\u0446\u0438\u044e \u2013 1 \u043a\u0430\u043f\u0441\u0443\u043b\u0430):<\/strong><\/h5>\n<ul>\n<li>\u0420\u044b\u0431\u0438\u0439 \u0436\u0438\u0440: 1000 \u043c\u0433<\/li>\n<li>\u041e\u043c\u0435\u0433\u0430-3 \u0436\u0438\u0440\u043d\u044b\u0435 \u043a\u0438\u0441\u043b\u043e\u0442\u044b: 300 \u043c\u0433 \u2003\u2022 \u042d\u041f\u041a: 180 \u043c\u0433 \u2003\u2022 \u0414\u0413\u041a: 120 \u043c\u0433<\/li>\n<li>\u0414\u0440\u0443\u0433\u0438\u0435 \u0438\u043d\u0433\u0440\u0435\u0434\u0438\u0435\u043d\u0442\u044b: \u0436\u0435\u043b\u0430\u0442\u0438\u043d, \u0433\u043b\u0438\u0446\u0435\u0440\u0438\u043d, \u043e\u0447\u0438\u0449\u0435\u043d\u043d\u0430\u044f \u0432\u043e\u0434\u0430, \u0432\u0438\u0442\u0430\u043c\u0438\u043d \u0415.<\/li>\n<\/ul>\n<h5>\ud83d\udc8a <strong>\u0421\u043f\u043e\u0441\u043e\u0431 \u043f\u0440\u0438\u043c\u0435\u043d\u0435\u043d\u0438\u044f:<\/strong><\/h5>\n<p>\u041f\u0440\u0438\u043d\u0438\u043c\u0430\u0442\u044c \u043f\u043e 1 \u043a\u0430\u043f\u0441\u0443\u043b\u0435 \u0432 \u0434\u0435\u043d\u044c, \u0436\u0435\u043b\u0430\u0442\u0435\u043b\u044c\u043d\u043e \u0432\u043e \u0432\u0440\u0435\u043c\u044f \u0435\u0434\u044b. \u0414\u043b\u044f \u0434\u043e\u0441\u0442\u0438\u0436\u0435\u043d\u0438\u044f \u043d\u0430\u0438\u043b\u0443\u0447\u0448\u0438\u0445 \u0440\u0435\u0437\u0443\u043b\u044c\u0442\u0430\u0442\u043e\u0432 \u0440\u0435\u043a\u043e\u043c\u0435\u043d\u0434\u0443\u0435\u0442\u0441\u044f \u0440\u0435\u0433\u0443\u043b\u044f\u0440\u043d\u043e\u0435 \u043f\u0440\u0438\u043c\u0435\u043d\u0435\u043d\u0438\u0435.<\/p>\n<h5>\ud83c\udf31 <strong>\u041f\u043e\u0447\u0435\u043c\u0443 \u0441\u0442\u043e\u0438\u0442 \u0432\u044b\u0431\u0440\u0430\u0442\u044c WeightWorld Omega-3?<\/strong><\/h5>\n<ul>\n<li>\u042d\u043a\u043e\u043b\u043e\u0433\u0438\u0447\u043d\u044b\u0439 \u0438\u0441\u0442\u043e\u0447\u043d\u0438\u043a \u043f\u0435\u0440\u0443\u0430\u043d\u0441\u043a\u0438\u0445 \u0430\u043d\u0447\u043e\u0443\u0441\u043e\u0432<\/li>\n<li>\u041e\u0447\u0438\u0449\u0435\u043d\u043e \u0434\u043b\u044f \u043c\u0430\u043a\u0441\u0438\u043c\u0430\u043b\u044c\u043d\u043e\u0439 \u0431\u0435\u0437\u043e\u043f\u0430\u0441\u043d\u043e\u0441\u0442\u0438<\/li>\n<li>\u0411\u0435\u0437 \u0413\u041c\u041e, \u0433\u043b\u044e\u0442\u0435\u043d\u0430, \u043b\u0430\u043a\u0442\u043e\u0437\u044b \u0438 \u0438\u0441\u043a\u0443\u0441\u0441\u0442\u0432\u0435\u043d\u043d\u044b\u0445 \u043a\u0440\u0430\u0441\u0438\u0442\u0435\u043b\u0435\u0439.<\/li>\n<li>\u041f\u0440\u043e\u0438\u0437\u0432\u0435\u0434\u0435\u043d\u043e \u0431\u0440\u0438\u0442\u0430\u043d\u0441\u043a\u043e\u0439 \u043a\u043e\u043c\u043f\u0430\u043d\u0438\u0435\u0439 \u0441 \u0431\u043e\u043b\u0435\u0435 \u0447\u0435\u043c 10-\u043b\u0435\u0442\u043d\u0438\u043c \u043e\u043f\u044b\u0442\u043e\u043c \u0440\u0430\u0431\u043e\u0442\u044b.<\/li>\n<li>400 \u043a\u0430\u043f\u0441\u0443\u043b \u2013 \u0445\u0432\u0430\u0442\u0430\u0435\u0442 \u043d\u0430 \u0433\u043e\u0434 \u0438 \u0431\u043e\u043b\u0435\u0435<\/li>\n<\/ul>\n<h6>\ud83d\udd0d <em>\u043a\u043b\u044e\u0447\u0435\u0432\u044b\u0435 \u0441\u043b\u043e\u0432\u0430 SEO<\/em>: \u043a\u0430\u043f\u0441\u0443\u043b\u044b \u043e\u043c\u0435\u0433\u0430-3, \u043e\u0447\u0438\u0449\u0435\u043d\u043d\u044b\u0439 \u0440\u044b\u0431\u0438\u0439 \u0436\u0438\u0440, EPA DHA, \u0441\u0435\u0440\u0434\u0435\u0447\u043d\u0430\u044f \u0434\u043e\u0431\u0430\u0432\u043a\u0430, \u0437\u0434\u043e\u0440\u043e\u0432\u044c\u0435 \u043c\u043e\u0437\u0433\u0430, \u043d\u0430\u0442\u0443\u0440\u0430\u043b\u044c\u043d\u043e\u0435 \u043f\u0440\u043e\u0442\u0438\u0432\u043e\u0432\u043e\u0441\u043f\u0430\u043b\u0438\u0442\u0435\u043b\u044c\u043d\u043e\u0435 \u0441\u0440\u0435\u0434\u0441\u0442\u0432\u043e, \u0434\u0435\u0442\u043e\u043a\u0441\u0438\u043a\u0430\u0446\u0438\u044f, \u043f\u0440\u0435\u043c\u0438\u0443\u043c-\u0434\u043e\u0431\u0430\u0432\u043a\u0438, \u043a\u0430\u043f\u0441\u0443\u043b\u044b \u043e\u043c\u0435\u0433\u0430-3 1000 \u043c\u0433<\/h6>","protected":false},"excerpt":{"rendered":"<p>Omega 3 din Ulei de Peste 1000mg \u2013 400 Capsule | Surs\u0103 Pur\u0103 din Hamsii S\u0103lbatice Omega-3 Fish Oil din<\/p>","protected":false},"featured_media":12292,"comment_status":"open","ping_status":"closed","template":"","meta":{"_acf_changed":false},"product_brand":[],"product_cat":[98],"product_tag":[],"class_list":{"0":"post-12288","1":"product","2":"type-product","3":"status-publish","4":"has-post-thumbnail","6":"product_cat-bio-suplimente","8":"first","9":"instock","10":"shipping-taxable","11":"purchasable","12":"product-type-simple"},"acf":[],"_links":{"self":[{"href":"https:\/\/biomed.md\/ru\/wp-json\/wp\/v2\/product\/12288","targetHints":{"allow":["GET"]}}],"collection":[{"href":"https:\/\/biomed.md\/ru\/wp-json\/wp\/v2\/product"}],"about":[{"href":"https:\/\/biomed.md\/ru\/wp-json\/wp\/v2\/types\/product"}],"replies":[{"embeddable":true,"href":"https:\/\/biomed.md\/ru\/wp-json\/wp\/v2\/comments?post=12288"}],"version-history":[{"count":4,"href":"https:\/\/biomed.md\/ru\/wp-json\/wp\/v2\/product\/12288\/revisions"}],"predecessor-version":[{"id":14033,"href":"https:\/\/biomed.md\/ru\/wp-json\/wp\/v2\/product\/12288\/revisions\/14033"}],"wp:featuredmedia":[{"embeddable":true,"href":"https:\/\/biomed.md\/ru\/wp-json\/wp\/v2\/media\/12292"}],"wp:attachment":[{"href":"https:\/\/biomed.md\/ru\/wp-json\/wp\/v2\/media?parent=12288"}],"wp:term":[{"taxonomy":"product_brand","embeddable":true,"href":"https:\/\/biomed.md\/ru\/wp-json\/wp\/v2\/product_brand?post=12288"},{"taxonomy":"product_cat","embeddable":true,"href":"https:\/\/biomed.md\/ru\/wp-json\/wp\/v2\/product_cat?post=12288"},{"taxonomy":"product_tag","embeddable":true,"href":"https:\/\/biomed.md\/ru\/wp-json\/wp\/v2\/product_tag?post=12288"}],"curies":[{"name":"wp","href":"https:\/\/api.w.org\/{rel}","templated":true}]}}