{"id":12283,"date":"2025-06-03T15:00:28","date_gmt":"2025-06-03T15:00:28","guid":{"rendered":"https:\/\/biomed.md\/?post_type=product&#038;p=12283"},"modified":"2025-10-01T12:46:52","modified_gmt":"2025-10-01T12:46:52","slug":"vitamina-c-liposomal-1000mg","status":"publish","type":"product","link":"https:\/\/biomed.md\/ru\/product\/vitamina-c-liposomal-1000mg\/","title":{"rendered":"\u041b\u0438\u043f\u043e\u0441\u043e\u043c\u0430\u043b\u044c\u043d\u044b\u0439 \u0432\u0438\u0442\u0430\u043c\u0438\u043d \u0421 1000 \u043c\u0433"},"content":{"rendered":"<p><strong>\u041b\u0438\u043f\u043e\u0441\u043e\u043c\u0430\u043b\u044c\u043d\u044b\u0439 \u0432\u0438\u0442\u0430\u043c\u0438\u043d \u0421 1000 \u043c\u0433 \u043b\u0443\u0447\u0448\u0430\u044f \u0444\u043e\u0440\u043c\u0443\u043b\u0430 <\/strong><\/p>\n<p><strong>180 \u043a\u0430\u043f\u0441\u0443\u043b \u2013 \u043f\u0440\u0435\u0432\u043e\u0441\u0445\u043e\u0434\u043d\u043e\u0435 \u0443\u0441\u0432\u043e\u0435\u043d\u0438\u0435 \u0434\u043b\u044f \u0438\u043c\u043c\u0443\u043d\u0438\u0442\u0435\u0442\u0430 \u0438 \u0436\u0438\u0437\u043d\u0435\u043d\u043d\u043e\u0439 \u0441\u0438\u043b\u044b<\/strong><\/p>\n<p>\u0412\u0438\u0442\u0430\u043c\u0438\u043d \u0421 \u043d\u0435\u043e\u0431\u0445\u043e\u0434\u0438\u043c \u0434\u043b\u044f \u0437\u0434\u043e\u0440\u043e\u0432\u044c\u044f \u043e\u0440\u0433\u0430\u043d\u0438\u0437\u043c\u0430, \u043d\u043e \u043d\u0435 \u0432\u0441\u0435 \u0434\u043e\u0431\u0430\u0432\u043a\u0438 \u0443\u0441\u0432\u0430\u0438\u0432\u0430\u044e\u0442\u0441\u044f \u044d\u0444\u0444\u0435\u043a\u0442\u0438\u0432\u043d\u043e. <strong>\u041b\u0438\u043f\u043e\u0441\u043e\u043c\u0430\u043b\u044c\u043d\u044b\u0435 \u043a\u0430\u043f\u0441\u0443\u043b\u044b \u0432\u0438\u0442\u0430\u043c\u0438\u043d\u0430 \u0421<\/strong> \u043f\u0440\u0435\u0434\u043e\u0441\u0442\u0430\u0432\u043b\u044f\u0435\u0442 <strong>1000 \u043c\u0433 \u0432\u0438\u0442\u0430\u043c\u0438\u043d\u0430 \u0421<\/strong> \u043d\u0430 \u043f\u043e\u0440\u0446\u0438\u044e, \u0432 \u0443\u0441\u043e\u0432\u0435\u0440\u0448\u0435\u043d\u0441\u0442\u0432\u043e\u0432\u0430\u043d\u043d\u043e\u0439 \u0444\u043e\u0440\u043c\u0443\u043b\u0435 \u0441 <strong>\u0444\u043e\u0441\u0444\u043e\u043b\u0438\u043f\u0438\u0434\u044b \u043f\u043e\u0434\u0441\u043e\u043b\u043d\u0435\u0447\u043d\u0438\u043a\u0430 \u0438 \u044d\u043a\u0441\u0442\u0440\u0430\u043a\u0442 \u0448\u0438\u043f\u043e\u0432\u043d\u0438\u043a\u0430<\/strong>, \u0434\u043b\u044f \u043f\u0440\u0435\u0432\u043e\u0441\u0445\u043e\u0434\u043d\u043e\u0439 \u0431\u0438\u043e\u0434\u043e\u0441\u0442\u0443\u043f\u043d\u043e\u0441\u0442\u0438.<\/p>\n<p><strong>\u041f\u0440\u0435\u0438\u043c\u0443\u0449\u0435\u0441\u0442\u0432\u0430 \u043b\u0438\u043f\u043e\u0441\u043e\u043c\u0430\u043b\u044c\u043d\u044b\u0445 \u043a\u0430\u043f\u0441\u0443\u043b \u0432\u0438\u0442\u0430\u043c\u0438\u043d\u0430 \u0421<\/strong><\/p>\n<ul>\n<li>\u2714 <strong>\u041f\u043e\u0434\u0434\u0435\u0440\u0436\u0438\u0432\u0430\u0435\u0442 \u0438\u043c\u043c\u0443\u043d\u043d\u0443\u044e \u0441\u0438\u0441\u0442\u0435\u043c\u0443<\/strong>, \u043f\u043e\u043c\u043e\u0433\u0430\u044f \u043e\u0440\u0433\u0430\u043d\u0438\u0437\u043c\u0443 \u0431\u043e\u0440\u043e\u0442\u044c\u0441\u044f \u0441 \u0438\u043d\u0444\u0435\u043a\u0446\u0438\u044f\u043c\u0438<\/li>\n<li>\u2714 <strong>\u0423\u043c\u0435\u043d\u044c\u0448\u0430\u0435\u0442 \u0443\u0441\u0442\u0430\u043b\u043e\u0441\u0442\u044c \u0438 \u0438\u0441\u0442\u043e\u0449\u0435\u043d\u0438\u0435<\/strong>, \u043e\u0431\u0435\u0441\u043f\u0435\u0447\u0438\u0432\u0430\u044f \u044d\u043d\u0435\u0440\u0433\u0438\u0435\u0439 \u0432 \u0442\u0435\u0447\u0435\u043d\u0438\u0435 \u0434\u043d\u044f<\/li>\n<li>\u2714 <strong>\u0417\u0430\u0449\u0438\u0449\u0430\u0435\u0442 \u043a\u043b\u0435\u0442\u043a\u0438 \u043e\u0442 \u043e\u043a\u0438\u0441\u043b\u0438\u0442\u0435\u043b\u044c\u043d\u043e\u0433\u043e \u0441\u0442\u0440\u0435\u0441\u0441\u0430,<\/strong>, \u0431\u043b\u0430\u0433\u043e\u0434\u0430\u0440\u044f \u0430\u043d\u0442\u0438\u043e\u043a\u0441\u0438\u0434\u0430\u043d\u0442\u043d\u043e\u043c\u0443 \u044d\u0444\u0444\u0435\u043a\u0442\u0443<\/li>\n<li>\u2714 <strong>\u0421\u043f\u043e\u0441\u043e\u0431\u0441\u0442\u0432\u0443\u0435\u0442 \u043d\u043e\u0440\u043c\u0430\u043b\u044c\u043d\u043e\u043c\u0443 \u043e\u0431\u0440\u0430\u0437\u043e\u0432\u0430\u043d\u0438\u044e \u043a\u043e\u043b\u043b\u0430\u0433\u0435\u043d\u0430<\/strong>, \u043d\u0435\u043e\u0431\u0445\u043e\u0434\u0438\u043c \u0434\u043b\u044f \u043a\u043e\u0436\u0438, \u043a\u043e\u0441\u0442\u0435\u0439, \u0445\u0440\u044f\u0449\u0435\u0439 \u0438 \u0437\u0443\u0431\u043e\u0432<\/li>\n<li>\u2714 <strong>\u0423\u043b\u0443\u0447\u0448\u0430\u0435\u0442 \u043a\u043e\u0433\u043d\u0438\u0442\u0438\u0432\u043d\u044b\u0435 \u0444\u0443\u043d\u043a\u0446\u0438\u0438<\/strong>, \u043f\u043e\u0434\u0434\u0435\u0440\u0436\u0438\u0432\u0430\u044e\u0449\u0430\u044f \u0437\u0434\u043e\u0440\u043e\u0432\u044c\u0435 \u043c\u043e\u0437\u0433\u0430 \u0438 \u043d\u0435\u0440\u0432\u043d\u043e\u0439 \u0441\u0438\u0441\u0442\u0435\u043c\u044b<\/li>\n<li>\u2714 <strong>\u0421\u043f\u043e\u0441\u043e\u0431\u0441\u0442\u0432\u0443\u0435\u0442 \u043e\u043f\u0442\u0438\u043c\u0430\u043b\u044c\u043d\u043e\u043c\u0443 \u0443\u0441\u0432\u043e\u0435\u043d\u0438\u044e<\/strong>, \u0431\u043b\u0430\u0433\u043e\u0434\u0430\u0440\u044f \u043b\u0438\u043f\u043e\u0441\u043e\u043c\u0430\u043b\u044c\u043d\u043e\u0439 \u0442\u0435\u0445\u043d\u043e\u043b\u043e\u0433\u0438\u0438<\/li>\n<li>\u2714 <strong>\u041f\u043e\u043c\u043e\u0433\u0430\u0435\u0442 \u0432\u043e\u0441\u0441\u0442\u0430\u043d\u043e\u0432\u043b\u0435\u043d\u0438\u044e \u043c\u044b\u0448\u0446<\/strong>, \u0438\u0434\u0435\u0430\u043b\u044c\u043d\u043e \u043f\u043e\u0434\u0445\u043e\u0434\u0438\u0442 \u0434\u043b\u044f \u0441\u043f\u043e\u0440\u0442\u0441\u043c\u0435\u043d\u043e\u0432 \u0438 \u0430\u043a\u0442\u0438\u0432\u043d\u044b\u0445 \u043b\u044e\u0434\u0435\u0439<\/li>\n<li>\u2714 <strong>\u041f\u043e\u0434\u0434\u0435\u0440\u0436\u0438\u0432\u0430\u0435\u0442 \u0437\u0434\u043e\u0440\u043e\u0432\u044c\u0435 \u0441\u0435\u0440\u0434\u0435\u0447\u043d\u043e-\u0441\u043e\u0441\u0443\u0434\u0438\u0441\u0442\u043e\u0439 \u0441\u0438\u0441\u0442\u0435\u043c\u044b<\/strong>, \u0441\u043f\u043e\u0441\u043e\u0431\u0441\u0442\u0432\u0443\u044e\u0449\u0438\u0439 \u043f\u043e\u0434\u0434\u0435\u0440\u0436\u0430\u043d\u0438\u044e \u043d\u043e\u0440\u043c\u0430\u043b\u044c\u043d\u043e\u0433\u043e \u0430\u0440\u0442\u0435\u0440\u0438\u0430\u043b\u044c\u043d\u043e\u0433\u043e \u0434\u0430\u0432\u043b\u0435\u043d\u0438\u044f<\/li>\n<li>\u2714 <strong>\u0423\u0441\u043a\u043e\u0440\u044f\u0435\u0442 \u0437\u0430\u0436\u0438\u0432\u043b\u0435\u043d\u0438\u0435 \u0440\u0430\u043d<\/strong>, \u0438\u0437-\u0437\u0430 \u0435\u0433\u043e \u0440\u043e\u043b\u0438 \u0432 \u0440\u0435\u0433\u0435\u043d\u0435\u0440\u0430\u0446\u0438\u0438 \u043a\u043b\u0435\u0442\u043e\u043a<\/li>\n<li>\u2714 <strong>\u0423\u043b\u0443\u0447\u0448\u0430\u0435\u0442 \u0437\u0434\u043e\u0440\u043e\u0432\u044c\u0435 \u0434\u0435\u0441\u0435\u043d \u0438 \u0437\u0443\u0431\u043e\u0432<\/strong>, \u043f\u0440\u0435\u0434\u043e\u0442\u0432\u0440\u0430\u0449\u0435\u043d\u0438\u0435 \u0432\u043e\u0441\u043f\u0430\u043b\u0435\u043d\u0438\u0439 \u043f\u043e\u043b\u043e\u0441\u0442\u0438 \u0440\u0442\u0430<\/li>\n<li>\u2714 <strong>\u0421\u043d\u0438\u0436\u0430\u0435\u0442 \u0440\u0438\u0441\u043a \u0445\u0440\u043e\u043d\u0438\u0447\u0435\u0441\u043a\u0438\u0445 \u0437\u0430\u0431\u043e\u043b\u0435\u0432\u0430\u043d\u0438\u0439<\/strong>, \u0431\u043e\u0440\u044f\u0441\u044c \u0441\u043e \u0441\u0432\u043e\u0431\u043e\u0434\u043d\u044b\u043c\u0438 \u0440\u0430\u0434\u0438\u043a\u0430\u043b\u0430\u043c\u0438<\/li>\n<li>\u2714 <strong>\u041f\u043e\u0434\u0434\u0435\u0440\u0436\u0438\u0432\u0430\u0435\u0442 \u0437\u0434\u043e\u0440\u043e\u0432\u044c\u0435 \u0433\u043b\u0430\u0437<\/strong>, \u0437\u0430\u0449\u0438\u0449\u0430\u044f \u0437\u0440\u0435\u043d\u0438\u0435 \u043e\u0442 \u043e\u043a\u0438\u0441\u043b\u0438\u0442\u0435\u043b\u044c\u043d\u043e\u0433\u043e \u043f\u043e\u0432\u0440\u0435\u0436\u0434\u0435\u043d\u0438\u044f<\/li>\n<li>\u2714 <strong>\u041f\u043e\u043c\u043e\u0433\u0430\u0435\u0442 \u0443\u0441\u0432\u043e\u0435\u043d\u0438\u044e \u0436\u0435\u043b\u0435\u0437\u0430<\/strong>, \u043f\u0440\u043e\u0444\u0438\u043b\u0430\u043a\u0442\u0438\u043a\u0430 \u0430\u043d\u0435\u043c\u0438\u0438 \u0438 \u043f\u043e\u0434\u0434\u0435\u0440\u0436\u043a\u0430 \u0432\u044b\u0440\u0430\u0431\u043e\u0442\u043a\u0438 \u044d\u0440\u0438\u0442\u0440\u043e\u0446\u0438\u0442\u043e\u0432<\/li>\n<li>\u2714 <strong>\u041f\u043e\u0434\u0434\u0435\u0440\u0436\u0438\u0432\u0430\u0435\u0442 \u0437\u0434\u043e\u0440\u043e\u0432\u044c\u0435 \u043a\u043e\u0436\u0438<\/strong>, \u043e\u0431\u0435\u0441\u043f\u0435\u0447\u0438\u0432\u0430\u044f \u0431\u043e\u043b\u0435\u0435 \u044f\u0440\u043a\u0438\u0439 \u0432\u043d\u0435\u0448\u043d\u0438\u0439 \u0432\u0438\u0434 \u0438 \u0443\u043c\u0435\u043d\u044c\u0448\u0430\u044f \u043f\u0440\u0438\u0437\u043d\u0430\u043a\u0438 \u0441\u0442\u0430\u0440\u0435\u043d\u0438\u044f<\/li>\n<\/ul>\n<p><strong>\u041f\u043e\u0447\u0435\u043c\u0443 \u0441\u0442\u043e\u0438\u0442 \u0432\u044b\u0431\u0440\u0430\u0442\u044c \u043b\u0438\u043f\u043e\u0441\u043e\u043c\u0430\u043b\u044c\u043d\u044b\u0439 \u0432\u0438\u0442\u0430\u043c\u0438\u043d \u0421?<\/strong><\/p>\n<p>\ud83c\udf31 \u0423\u0441\u043e\u0432\u0435\u0440\u0448\u0435\u043d\u0441\u0442\u0432\u043e\u0432\u0430\u043d\u043d\u0430\u044f \u0444\u043e\u0440\u043c\u0443\u043b\u0430 \u0441 \u0444\u043e\u0441\u0444\u043e\u043b\u0438\u043f\u0438\u0434\u0430\u043c\u0438 \u0434\u043b\u044f \u043c\u0430\u043a\u0441\u0438\u043c\u0430\u043b\u044c\u043d\u043e\u0433\u043e \u0443\u0441\u0432\u043e\u0435\u043d\u0438\u044f \ud83d\udc8a 1000 \u043c\u0433 \u0432\u0438\u0442\u0430\u043c\u0438\u043d\u0430 \u0421 \u043d\u0430 \u043f\u043e\u0440\u0446\u0438\u044e \ud83c\udf3f \u041e\u0431\u043e\u0433\u0430\u0449\u0435\u043d \u044d\u043a\u0441\u0442\u0440\u0430\u043a\u0442\u043e\u043c \u0448\u0438\u043f\u043e\u0432\u043d\u0438\u043a\u0430 \u0434\u043b\u044f \u0434\u043e\u043f\u043e\u043b\u043d\u0438\u0442\u0435\u043b\u044c\u043d\u044b\u0445 \u0430\u043d\u0442\u0438\u043e\u043a\u0441\u0438\u0434\u0430\u043d\u0442\u043e\u0432 \ud83d\udeab \u0411\u0435\u0437 \u0413\u041c\u041e, \u0433\u043b\u044e\u0442\u0435\u043d\u0430 \u0438 \u0438\u0441\u043a\u0443\u0441\u0441\u0442\u0432\u0435\u043d\u043d\u044b\u0445 \u0434\u043e\u0431\u0430\u0432\u043e\u043a \ud83d\udce6 180 \u043a\u0430\u043f\u0441\u0443\u043b \u0432 \u0431\u0443\u0442\u044b\u043b\u043a\u0435 \u2014 3 \u043c\u0435\u0441\u044f\u0446\u0430 \u0438\u0441\u043f\u043e\u043b\u044c\u0437\u043e\u0432\u0430\u043d\u0438\u044f \ud83d\udd04 \u041f\u043e\u0434\u0445\u043e\u0434\u0438\u0442 \u0434\u043b\u044f \u0432\u0435\u0433\u0430\u043d\u043e\u0432 \u0438 \u043a\u0435\u0442\u043e-\u0434\u0438\u0435\u0442\u044b \ud83d\udcb0 \u0413\u0430\u0440\u0430\u043d\u0442\u0438\u044f 90 \u0434\u043d\u0435\u0439 \u2014 100% \u0443\u0434\u043e\u0432\u043b\u0435\u0442\u0432\u043e\u0440\u0435\u043d\u0438\u0435 \u0438\u043b\u0438 \u0432\u043e\u0437\u0432\u0440\u0430\u0442 \u0434\u0435\u043d\u0435\u0433<\/p>\n<p><strong>\u0418\u043d\u0444\u043e\u0440\u043c\u0430\u0446\u0438\u044f \u043e \u043f\u0438\u0449\u0435\u0432\u043e\u0439 \u0446\u0435\u043d\u043d\u043e\u0441\u0442\u0438<\/strong><\/p>\n<p>\ud83d\udccc <strong>\u0420\u0435\u043a\u043e\u043c\u0435\u043d\u0434\u0443\u0435\u043c\u0430\u044f \u0441\u0443\u0442\u043e\u0447\u043d\u0430\u044f \u0434\u043e\u0437\u0430:<\/strong> 2 \u043a\u0430\u043f\u0441\u0443\u043b\u044b \ud83d\udccc <strong>\u041f\u043e\u0440\u0446\u0438\u0439 \u0432 \u0443\u043f\u0430\u043a\u043e\u0432\u043a\u0435:<\/strong> 90<\/p>\n<div>\n<div>\n<table>\n<thead>\n<tr>\n<th>\u0438\u043d\u0433\u0440\u0435\u0434\u0438\u0435\u043d\u0442\u044b<\/th>\n<th>\u041a\u043e\u043b\u0438\u0447\u0435\u0441\u0442\u0432\u043e \u043d\u0430 \u043f\u043e\u0440\u0446\u0438\u044e<\/th>\n<th>%VNR\u271d\ufe0e<\/th>\n<\/tr>\n<\/thead>\n<tbody>\n<tr>\n<td>\u0412\u0438\u0442\u0430\u043c\u0438\u043d \u0421 (\u0430\u0441\u043a\u043e\u0440\u0431\u0438\u043d\u043e\u0432\u0430\u044f \u043a\u0438\u0441\u043b\u043e\u0442\u0430)<\/td>\n<td>1000 \u043c\u0433<\/td>\n<td>1250%<\/td>\n<\/tr>\n<tr>\n<td>\u0424\u043e\u0441\u0444\u043e\u043b\u0438\u043f\u0438\u0434\u044b \u043f\u043e\u0434\u0441\u043e\u043b\u043d\u0435\u0447\u043d\u0438\u043a\u0430<\/td>\n<td>100 \u043c\u0433<\/td>\n<td>*<\/td>\n<\/tr>\n<tr>\n<td>\u042d\u043a\u0441\u0442\u0440\u0430\u043a\u0442 \u0448\u0438\u043f\u043e\u0432\u043d\u0438\u043a\u0430<\/td>\n<td>30 \u043c\u0433<\/td>\n<td>*<\/td>\n<\/tr>\n<\/tbody>\n<\/table>\n<\/div>\n<div><\/div>\n<\/div>\n<p>\u271d\ufe0e <strong>\u0420\u0435\u0444\u0435\u0440\u0435\u043d\u0442\u043d\u044b\u0435 \u0437\u043d\u0430\u0447\u0435\u043d\u0438\u044f \u043f\u0438\u0449\u0435\u0432\u043e\u0439 \u0446\u0435\u043d\u043d\u043e\u0441\u0442\u0438 (NRV)<\/strong> *\u0414\u043b\u044f \u043d\u0435\u043a\u043e\u0442\u043e\u0440\u044b\u0445 \u0438\u043d\u0433\u0440\u0435\u0434\u0438\u0435\u043d\u0442\u043e\u0432 \u0440\u0435\u043a\u043e\u043c\u0435\u043d\u0434\u0443\u0435\u043c\u0430\u044f \u0441\u0443\u0442\u043e\u0447\u043d\u0430\u044f \u0434\u043e\u0437\u0430 \u043d\u0435 \u0443\u0441\u0442\u0430\u043d\u043e\u0432\u043b\u0435\u043d\u0430.<\/p>\n<p>\ud83d\udccc <strong>\ud83d\udccc \u0414\u0440\u0443\u0433\u0438\u0435 \u0438\u043d\u0433\u0440\u0435\u0434\u0438\u0435\u043d\u0442\u044b:<\/strong> \u041e\u0440\u0433\u0430\u043d\u0438\u0447\u0435\u0441\u043a\u0430\u044f \u0440\u0438\u0441\u043e\u0432\u0430\u044f \u043c\u0443\u043a\u0430, \u043c\u0430\u0433\u043d\u0438\u0435\u0432\u044b\u0435 \u0441\u043e\u043b\u0438 \u0436\u0438\u0440\u043d\u044b\u0445 \u043a\u0438\u0441\u043b\u043e\u0442, \u0440\u0430\u0441\u0442\u0438\u0442\u0435\u043b\u044c\u043d\u0430\u044f \u043a\u0430\u043f\u0441\u0443\u043b\u0430 \u0433\u0438\u043f\u0440\u043e\u043c\u0435\u043b\u043b\u043e\u0437\u0430 (\u0413\u041f\u041c\u0426)<\/p>\n<p><strong>\u0421\u043f\u043e\u0441\u043e\u0431 \u043f\u0440\u0438\u043c\u0435\u043d\u0435\u043d\u0438\u044f<\/strong><\/p>\n<p>\ud83d\udccc <strong>\u0420\u0435\u043a\u043e\u043c\u0435\u043d\u0434\u0443\u0435\u043c\u0430\u044f \u0434\u043e\u0437\u0438\u0440\u043e\u0432\u043a\u0430:<\/strong> 2 \u043a\u0430\u043f\u0441\u0443\u043b\u044b \u0432 \u0434\u0435\u043d\u044c, \u0436\u0435\u043b\u0430\u0442\u0435\u043b\u044c\u043d\u043e \u0432\u043e \u0432\u0440\u0435\u043c\u044f \u0435\u0434\u044b<\/p>\n<p>\ud83d\udccc <strong>\u0414\u043b\u044f \u0434\u043e\u0441\u0442\u0438\u0436\u0435\u043d\u0438\u044f \u043e\u043f\u0442\u0438\u043c\u0430\u043b\u044c\u043d\u044b\u0445 \u0440\u0435\u0437\u0443\u043b\u044c\u0442\u0430\u0442\u043e\u0432:<\/strong> \u0420\u0435\u043a\u043e\u043c\u0435\u043d\u0434\u0443\u0435\u0442\u0441\u044f \u0440\u0435\u0433\u0443\u043b\u044f\u0440\u043d\u043e\u0435 \u0434\u043b\u0438\u0442\u0435\u043b\u044c\u043d\u043e\u0435 \u0443\u043f\u043e\u0442\u0440\u0435\u0431\u043b\u0435\u043d\u0438\u0435.<\/p>\n<p><strong>\u0442\u0435\u0433\u0438:<\/strong> #\u0412\u0438\u0442\u0430\u043c\u0438\u043dC #\u041b\u0438\u043f\u043e\u0441\u043e\u043c\u0430\u043b\u044c\u043d\u044b\u0439\u0412\u0438\u0442\u0430\u043c\u0438\u043dC #\u0418\u043c\u043c\u0443\u043d\u0438\u0442\u0435\u0442 #\u0410\u043d\u0442\u0438\u043e\u043a\u0441\u0438\u0434\u0430\u043d\u0442 #\u042d\u043d\u0435\u0440\u0433\u0438\u044f #\u0416\u0438\u0437\u043d\u0435\u043d\u043d\u0430\u044f\u0421\u0438\u043b\u0430 #\u041a\u043e\u043b\u043b\u0430\u0433\u0435\u043d #\u0417\u0434\u043e\u0440\u043e\u0432\u044c\u0435\u041a\u043e\u0436\u0438 #\u041d\u0430\u0442\u0443\u0440\u0430\u043b\u044c\u043d\u044b\u0435\u0414\u043e\u0431\u0430\u0432\u043a\u0438 #\u041e\u0440\u0433\u0430\u043d\u0438\u0447\u0435\u0441\u043a\u0438\u0435\u041f\u0440\u043e\u0434\u0443\u043a\u0442\u044b #\u041f\u0438\u0442\u0430\u043d\u0438\u0435 #\u0417\u0434\u043e\u0440\u043e\u0432\u044c\u0435 #\u0412\u0435\u0433\u0430\u043d\u0441\u043a\u0438\u0439 #\u0411\u0435\u0437\u0413\u043b\u044e\u0442\u0435\u043d\u0430 #\u042d\u043a\u043e\u043b\u043e\u0433\u0438\u0447\u043d\u044b\u0439 #\u041e\u0437\u0434\u043e\u0440\u043e\u0432\u043b\u0435\u043d\u0438\u0435 #\u041f\u0440\u0435\u043c\u0438\u0430\u043b\u044c\u043d\u044b\u0435\u0414\u043e\u0431\u0430\u0432\u043a\u0438 #\u0412\u0438\u0442\u0430\u043c\u0438\u043dC\u041a\u0430\u043f\u0441\u0443\u043b\u044b #\u041f\u043e\u043b\u044c\u0437\u0430\u0412\u0438\u0442\u0430\u043c\u0438\u043d\u0430C #\u041f\u043e\u0432\u044b\u0448\u0435\u043d\u0438\u0435\u0418\u043c\u043c\u0443\u043d\u0438\u0442\u0435\u0442\u0430 #\u041e\u043c\u043e\u043b\u043e\u0436\u0435\u043d\u0438\u0435 #\u0414\u043e\u0431\u0430\u0432\u043a\u0438\u0414\u043b\u044f\u0421\u043f\u043e\u0440\u0442\u0441\u043c\u0435\u043d\u043e\u0432 #\u0424\u0438\u0437\u0438\u0447\u0435\u0441\u043a\u0430\u044f\u0412\u044b\u043d\u043e\u0441\u043b\u0438\u0432\u043e\u0441\u0442\u044c #\u0417\u0430\u0449\u0438\u0442\u0430\u041e\u0442\u041e\u043a\u0438\u0441\u043b\u0438\u0442\u0435\u043b\u044c\u043d\u043e\u0433\u043e\u0421\u0442\u0440\u0435\u0441\u0441\u0430 #\u0414\u043e\u0431\u0430\u0432\u043a\u0438\u0414\u043b\u044f\u041f\u043e\u0436\u0438\u043b\u044b\u0445\u041b\u044e\u0434\u0435\u0439 #\u0417\u0434\u043e\u0440\u043e\u0432\u044c\u0435\u041c\u044b\u0448\u0446<\/p>","protected":false},"excerpt":{"rendered":"<p>Vitamina C Liposomal\u00a01000mg 180 capsule \u2013 Absorb\u021bie Superioar\u0103 pentru Imunitate \u0219i Vitalitate Vitamina C este esen\u021bial\u0103 pentru s\u0103n\u0103tatea organismului, dar<\/p>","protected":false},"featured_media":12282,"comment_status":"open","ping_status":"closed","template":"","meta":{"_acf_changed":false},"product_brand":[],"product_cat":[98],"product_tag":[],"class_list":{"0":"post-12283","1":"product","2":"type-product","3":"status-publish","4":"has-post-thumbnail","6":"product_cat-bio-suplimente","8":"first","9":"instock","10":"shipping-taxable","11":"purchasable","12":"product-type-simple"},"acf":[],"_links":{"self":[{"href":"https:\/\/biomed.md\/ru\/wp-json\/wp\/v2\/product\/12283","targetHints":{"allow":["GET"]}}],"collection":[{"href":"https:\/\/biomed.md\/ru\/wp-json\/wp\/v2\/product"}],"about":[{"href":"https:\/\/biomed.md\/ru\/wp-json\/wp\/v2\/types\/product"}],"replies":[{"embeddable":true,"href":"https:\/\/biomed.md\/ru\/wp-json\/wp\/v2\/comments?post=12283"}],"version-history":[{"count":4,"href":"https:\/\/biomed.md\/ru\/wp-json\/wp\/v2\/product\/12283\/revisions"}],"predecessor-version":[{"id":14035,"href":"https:\/\/biomed.md\/ru\/wp-json\/wp\/v2\/product\/12283\/revisions\/14035"}],"wp:featuredmedia":[{"embeddable":true,"href":"https:\/\/biomed.md\/ru\/wp-json\/wp\/v2\/media\/12282"}],"wp:attachment":[{"href":"https:\/\/biomed.md\/ru\/wp-json\/wp\/v2\/media?parent=12283"}],"wp:term":[{"taxonomy":"product_brand","embeddable":true,"href":"https:\/\/biomed.md\/ru\/wp-json\/wp\/v2\/product_brand?post=12283"},{"taxonomy":"product_cat","embeddable":true,"href":"https:\/\/biomed.md\/ru\/wp-json\/wp\/v2\/product_cat?post=12283"},{"taxonomy":"product_tag","embeddable":true,"href":"https:\/\/biomed.md\/ru\/wp-json\/wp\/v2\/product_tag?post=12283"}],"curies":[{"name":"wp","href":"https:\/\/api.w.org\/{rel}","templated":true}]}}