{"id":12006,"date":"2025-04-22T16:46:19","date_gmt":"2025-04-22T16:46:19","guid":{"rendered":"https:\/\/biomed.md\/?post_type=product&#038;p=12006"},"modified":"2026-05-05T08:29:10","modified_gmt":"2026-05-05T08:29:10","slug":"suc-organic-din-curcuma-turmeric","status":"publish","type":"product","link":"https:\/\/biomed.md\/ru\/product\/suc-organic-din-curcuma-turmeric\/","title":{"rendered":"\u041e\u0440\u0433\u0430\u043d\u0438\u0447\u0435\u0441\u043a\u0438\u0439 \u0441\u043e\u043a \u041a\u0443\u0440\u043a\u0443\u043c\u044b"},"content":{"rendered":"<p data-start=\"0\" data-end=\"74\"><strong data-start=\"0\" data-end=\"74\">Suc Organic Din Curcuma Turmeric 330 ml \u2013 <span class=\"hover:entity-accent entity-underline inline cursor-pointer align-baseline\"><span class=\"whitespace-normal\">Medicura Germania<\/span><\/span><\/strong><\/p>\n<p data-start=\"76\" data-end=\"452\">Suc 100% bio ob\u021binut din r\u0103d\u0103cin\u0103 proasp\u0103t\u0103 de curcuma, presat\u0103 direct pentru a p\u0103stra intacte propriet\u0103\u021bile active. Un concentrat natural recunoscut pentru efectele sale antioxidante \u0219i antiinflamatoare, ideal pentru sus\u021binerea organismului \u00een perioade de stres, oboseal\u0103 sau dezechilibru metabolic. F\u0103r\u0103 aditivi, f\u0103r\u0103 conservan\u021bi \u2013 puritate maxim\u0103 din agricultur\u0103 ecologic\u0103.<\/p>\n<p data-start=\"454\" data-end=\"553\"><strong data-start=\"454\" data-end=\"469\">\u0438\u043d\u0433\u0440\u0435\u0434\u0438\u0435\u043d\u0442\u044b<\/strong><br data-start=\"469\" data-end=\"472\" \/>Suc 100% din r\u0103d\u0103cin\u0103 de curcuma (turmeric) provenit\u0103 din agricultur\u0103 ecologic\u0103<\/p>\n<p data-start=\"555\" data-end=\"1340\"><strong data-start=\"555\" data-end=\"568\">\u041f\u0420\u0415\u0418\u041c\u0423\u0429\u0415\u0421\u0422\u0412\u0410<\/strong><br data-start=\"568\" data-end=\"571\" \/>\u2022 Sus\u021bine sistemul imunitar \u0219i capacitatea natural\u0103 de ap\u0103rare a organismului<br data-start=\"648\" data-end=\"651\" \/>\u2022 Puternic efect antioxidant \u2013 protejeaz\u0103 celulele \u00eempotriva stresului oxidativ<br data-start=\"730\" data-end=\"733\" \/>\u2022 Contribuie la reducerea inflama\u021biilor din organism<br data-start=\"785\" data-end=\"788\" \/>\u2022 Sus\u021bine s\u0103n\u0103tatea articula\u021biilor \u0219i mobilitatea acestora<br data-start=\"846\" data-end=\"849\" \/>\u2022 Ajut\u0103 la buna func\u021bionare a ficatului \u0219i sus\u021bine detoxifierea natural\u0103<br data-start=\"921\" data-end=\"924\" \/>\u2022 Sprijin\u0103 digestia \u0219i procesarea gr\u0103similor<br data-start=\"968\" data-end=\"971\" \/>\u2022 Contribuie la men\u021binerea unui metabolism echilibrat<br data-start=\"1024\" data-end=\"1027\" \/>\u2022 Poate sus\u021bine s\u0103n\u0103tatea cardiovascular\u0103 \u0219i circula\u021bia sanguin\u0103<br data-start=\"1091\" data-end=\"1094\" \/>\u2022 Ajut\u0103 la reducerea disconfortului muscular dup\u0103 efort<br data-start=\"1149\" data-end=\"1152\" \/>\u2022 Sus\u021bine s\u0103n\u0103tatea pielii \u0219i ofer\u0103 un aspect luminos<br data-start=\"1205\" data-end=\"1208\" \/>\u2022 Contribuie la men\u021binerea nivelului de energie \u0219i vitalitate<br data-start=\"1269\" data-end=\"1272\" \/>\u2022 Sprijin\u0103 echilibrul general al organismului \u00een perioade de stres<\/p>\n<p data-start=\"1342\" data-end=\"1673\"><strong data-start=\"1342\" data-end=\"1365\">Mod De Administrare<\/strong><br data-start=\"1365\" data-end=\"1368\" \/>Adul\u021bi: 30 ml pe zi<br data-start=\"1387\" data-end=\"1390\" \/>Se poate consuma ca atare sau diluat cu ap\u0103<br data-start=\"1433\" data-end=\"1436\" \/>Se recomand\u0103 administrarea pe nem\u00e2ncate, urmat\u0103 de un pahar mare de ap\u0103<br data-start=\"1507\" data-end=\"1510\" \/>Pentru copii: se administreaz\u0103 jum\u0103tate din doza pentru adul\u021bi<br data-start=\"1572\" data-end=\"1575\" \/>Agita\u021bi \u00eenainte de utilizare<br data-start=\"1603\" data-end=\"1606\" \/>Dup\u0103 deschidere, p\u0103stra\u021bi la frigider \u0219i consuma\u021bi \u00een c\u00e2teva zile<\/p>\n<p data-start=\"1675\" data-end=\"1925\"><strong data-start=\"1675\" data-end=\"1688\">\u041c\u0435\u0440\u044b \u043f\u0440\u0435\u0434\u043e\u0441\u0442\u043e\u0440\u043e\u0436\u043d\u043e\u0441\u0442\u0438<\/strong><br data-start=\"1688\" data-end=\"1691\" \/>A nu se dep\u0103\u0219i doza zilnic\u0103 recomandat\u0103<br data-start=\"1730\" data-end=\"1733\" \/>Nu \u00eenlocuie\u0219te o alimenta\u021bie variat\u0103 \u0219i echilibrat\u0103<br data-start=\"1784\" data-end=\"1787\" \/>Consulta\u021bi specialistul \u00een cazul afec\u021biunilor sau tratamentelor medicamentoase<br data-start=\"1865\" data-end=\"1868\" \/>Produs natural \u2013 pot ap\u0103rea varia\u021bii de gust \u0219i culoare<\/p>\n<p data-start=\"1927\" data-end=\"2185\"><strong data-start=\"1927\" data-end=\"1958\">\u041f\u043e\u0447\u0435\u043c\u0443 \u0441\u0442\u043e\u0438\u0442 \u0432\u044b\u0431\u0440\u0430\u0442\u044c \u044d\u0442\u043e\u0442 \u043f\u0440\u043e\u0434\u0443\u043a\u0442?<\/strong><br data-start=\"1958\" data-end=\"1961\" \/>100% curcuma bio pur\u0103, f\u0103r\u0103 compromisuri<br data-start=\"2001\" data-end=\"2004\" \/>Concentra\u021bie ridicat\u0103 de compu\u0219i activi naturali<br data-start=\"2052\" data-end=\"2055\" \/>Form\u0103 lichid\u0103 \u2013 absorb\u021bie rapid\u0103 \u0219i eficient\u0103<br data-start=\"2100\" data-end=\"2103\" \/>Ideal pentru detox, imunitate \u0219i inflama\u021bii<br data-start=\"2146\" data-end=\"2149\" \/>U\u0219or de integrat \u00een rutina zilnic\u0103<\/p>\n<p data-start=\"2187\" data-end=\"2419\" data-is-last-node=\"\" data-is-only-node=\"\"><strong data-start=\"2187\" data-end=\"2204\">\u041a\u043b\u044e\u0447\u0435\u0432\u044b\u0435 \u0441\u043b\u043e\u0432\u0430<\/strong><br data-start=\"2204\" data-end=\"2207\" \/>suc curcuma bio, suc turmeric natural, curcuma lichid\u0103, suc detox ficat, suc antioxidant natural, turmeric pentru imunitate, curcuma pentru inflama\u021bii, suc bio Medicura, energie natural\u0103, supliment curcuma lichid<\/p>","protected":false},"excerpt":{"rendered":"<p>Suc Organic Din Curcuma Turmeric 330 ml \u2013 Medicura Germania Suc 100% bio ob\u021binut din r\u0103d\u0103cin\u0103 proasp\u0103t\u0103 de curcuma, presat\u0103<\/p>","protected":false},"featured_media":16799,"comment_status":"open","ping_status":"closed","template":"","meta":{"_acf_changed":false},"product_brand":[],"product_cat":[98,112],"product_tag":[],"class_list":{"0":"post-12006","1":"product","2":"type-product","3":"status-publish","4":"has-post-thumbnail","6":"product_cat-bio-suplimente","7":"product_cat-sucuri-siropuri-bio","9":"first","10":"instock","11":"shipping-taxable","12":"purchasable","13":"product-type-simple"},"acf":[],"_links":{"self":[{"href":"https:\/\/biomed.md\/ru\/wp-json\/wp\/v2\/product\/12006","targetHints":{"allow":["GET"]}}],"collection":[{"href":"https:\/\/biomed.md\/ru\/wp-json\/wp\/v2\/product"}],"about":[{"href":"https:\/\/biomed.md\/ru\/wp-json\/wp\/v2\/types\/product"}],"replies":[{"embeddable":true,"href":"https:\/\/biomed.md\/ru\/wp-json\/wp\/v2\/comments?post=12006"}],"version-history":[{"count":6,"href":"https:\/\/biomed.md\/ru\/wp-json\/wp\/v2\/product\/12006\/revisions"}],"predecessor-version":[{"id":16823,"href":"https:\/\/biomed.md\/ru\/wp-json\/wp\/v2\/product\/12006\/revisions\/16823"}],"wp:featuredmedia":[{"embeddable":true,"href":"https:\/\/biomed.md\/ru\/wp-json\/wp\/v2\/media\/16799"}],"wp:attachment":[{"href":"https:\/\/biomed.md\/ru\/wp-json\/wp\/v2\/media?parent=12006"}],"wp:term":[{"taxonomy":"product_brand","embeddable":true,"href":"https:\/\/biomed.md\/ru\/wp-json\/wp\/v2\/product_brand?post=12006"},{"taxonomy":"product_cat","embeddable":true,"href":"https:\/\/biomed.md\/ru\/wp-json\/wp\/v2\/product_cat?post=12006"},{"taxonomy":"product_tag","embeddable":true,"href":"https:\/\/biomed.md\/ru\/wp-json\/wp\/v2\/product_tag?post=12006"}],"curies":[{"name":"wp","href":"https:\/\/api.w.org\/{rel}","templated":true}]}}