{"id":12004,"date":"2025-04-22T16:38:58","date_gmt":"2025-04-22T16:38:58","guid":{"rendered":"https:\/\/biomed.md\/?post_type=product&#038;p=12004"},"modified":"2025-10-09T16:51:47","modified_gmt":"2025-10-09T16:51:47","slug":"sanatatea-rinichilor-din-plante","status":"publish","type":"product","link":"https:\/\/biomed.md\/ru\/product\/sanatatea-rinichilor-din-plante\/","title":{"rendered":"\u0417\u0434\u043e\u0440\u043e\u0432\u044c\u0435 \u043f\u043e\u0447\u0435\u043a \u0438\u0437 \u0440\u0430\u0441\u0442\u0435\u043d\u0438\u0439"},"content":{"rendered":"<h4 data-rm-block-id=\"block-1\"><strong>\u0417\u0434\u043e\u0440\u043e\u0432\u044c\u0435 \u043f\u043e\u0447\u0435\u043a \u0438\u0437 \u0440\u0430\u0441\u0442\u0435\u043d\u0438\u0439 <\/strong><\/h4>\n<h4 data-rm-block-id=\"block-1\"><strong>500 \u043c\u043b | \u041d\u0430\u0442\u0443\u0440\u0430\u043b\u044c\u043d\u0430\u044f \u0434\u0435\u0442\u043e\u043a\u0441\u0438\u043a\u0430\u0446\u0438\u044f \u0438 \u0431\u0430\u043b\u0430\u043d\u0441 \u0443\u0432\u043b\u0430\u0436\u043d\u0435\u043d\u0438\u044f<\/strong><\/h4>\n<p data-rm-block-id=\"block-2\">\u0417\u0430\u0449\u0438\u0442\u0438\u0442\u0435 \u0441\u0432\u043e\u0438 \u043f\u043e\u0447\u043a\u0438 \u0435\u0441\u0442\u0435\u0441\u0442\u0432\u0435\u043d\u043d\u044b\u043c \u043e\u0431\u0440\u0430\u0437\u043e\u043c \u0441 \u043f\u043e\u043c\u043e\u0449\u044c\u044e \u044d\u0442\u043e\u0439 \u043a\u043e\u043d\u0446\u0435\u043d\u0442\u0440\u0438\u0440\u043e\u0432\u0430\u043d\u043d\u043e\u0439 \u0444\u0438\u0442\u043e\u0442\u0435\u0440\u0430\u043f\u0435\u0432\u0442\u0438\u0447\u0435\u0441\u043a\u043e\u0439 \u0444\u043e\u0440\u043c\u0443\u043b\u044b, \u0440\u0430\u0437\u0440\u0430\u0431\u043e\u0442\u0430\u043d\u043d\u043e\u0439 \u0434\u043b\u044f \u043f\u043e\u0434\u0434\u0435\u0440\u0436\u043a\u0438 \u0444\u0443\u043d\u043a\u0446\u0438\u0438 \u043f\u043e\u0447\u0435\u043a, \u043e\u0442\u0442\u043e\u043a\u0430 \u0436\u0438\u0434\u043a\u043e\u0441\u0442\u0438 \u0438 \u0437\u0434\u043e\u0440\u043e\u0432\u044c\u044f \u043c\u043e\u0447\u0435\u0432\u044b\u0432\u043e\u0434\u044f\u0449\u0438\u0445 \u043f\u0443\u0442\u0435\u0439. \u0411\u043b\u0430\u0433\u043e\u0434\u0430\u0440\u044f \u0441\u0438\u043d\u0435\u0440\u0433\u0435\u0442\u0438\u0447\u0435\u0441\u043a\u043e\u0439 \u0441\u043c\u0435\u0441\u0438 \u0442\u0440\u0430\u0432 \u0438 \u0432\u0438\u0442\u0430\u043c\u0438\u043d\u0430 \u0421 \u044d\u0442\u0430 \u0436\u0438\u0434\u043a\u0430\u044f \u0434\u043e\u0431\u0430\u0432\u043a\u0430 \u0441\u043f\u043e\u0441\u043e\u0431\u0441\u0442\u0432\u0443\u0435\u0442 \u0433\u043b\u0443\u0431\u043e\u043a\u043e\u0439 \u0434\u0435\u0442\u043e\u043a\u0441\u0438\u043a\u0430\u0446\u0438\u0438 \u043e\u0440\u0433\u0430\u043d\u0438\u0437\u043c\u0430 \u0438 \u043f\u043e\u0434\u0434\u0435\u0440\u0436\u0430\u043d\u0438\u044e \u043e\u043f\u0442\u0438\u043c\u0430\u043b\u044c\u043d\u043e\u0433\u043e \u0443\u0440\u043e\u0432\u043d\u044f \u0436\u0438\u0434\u043a\u043e\u0441\u0442\u0438.<\/p>\n<h5 data-rm-block-id=\"block-3\">\ud83c\udf3f <strong>\u0410\u043a\u0442\u0438\u0432\u043d\u044b\u0435 \u0438\u043d\u0433\u0440\u0435\u0434\u0438\u0435\u043d\u0442\u044b:<\/strong><\/h5>\n<ul>\n<li>\n<p data-rm-block-id=\"block-4\"><strong>\u0414\u0438\u0441\u0442\u0438\u043b\u043b\u044f\u0442 \u0441\u043f\u0435\u043b\u044c\u0442\u044b (17% \u0430\u043b\u043a\u043e\u0433\u043e\u043b\u044f)<\/strong> \u2013 \u043d\u0430\u0442\u0443\u0440\u0430\u043b\u044c\u043d\u043e\u0435 \u0441\u0440\u0435\u0434\u0441\u0442\u0432\u043e \u0434\u043b\u044f \u0443\u0441\u0432\u043e\u0435\u043d\u0438\u044f \u0440\u0430\u0441\u0442\u0435\u043d\u0438\u044f\u043c\u0438<\/p>\n<\/li>\n<li>\n<p data-rm-block-id=\"block-5\"><strong>\u041b\u0438\u0441\u0442\u044c\u044f \u0441\u0435\u043b\u0435\u0437\u0435\u043d\u043a\u0438<\/strong> \u2013 \u0441\u043f\u043e\u0441\u043e\u0431\u0441\u0442\u0432\u0443\u044e\u0442 \u0432\u044b\u0432\u0435\u0434\u0435\u043d\u0438\u044e \u0442\u043e\u043a\u0441\u0438\u043d\u043e\u0432 \u0438 \u0437\u0434\u043e\u0440\u043e\u0432\u044c\u044e \u043f\u043e\u0447\u0435\u043a<\/p>\n<\/li>\n<li>\n<p data-rm-block-id=\"block-6\"><strong>\u041b\u0438\u0441\u0442\u044c\u044f \u043a\u043b\u044e\u043a\u0432\u044b<\/strong> \u2013 \u0437\u0430\u0449\u0438\u0449\u0430\u0435\u0442 \u043c\u043e\u0447\u0435\u0432\u044b\u0432\u043e\u0434\u044f\u0449\u0438\u0435 \u043f\u0443\u0442\u0438 \u0438 \u0444\u0443\u043d\u043a\u0446\u0438\u044e \u043f\u043e\u0447\u0435\u043a<\/p>\n<\/li>\n<li>\n<p data-rm-block-id=\"block-7\"><strong>\u041b\u0438\u0441\u0442\u044c\u044f \u043e\u0440\u0442\u043e\u0441\u0438\u0444\u043e\u043d\u0430<\/strong> \u2013 \u0441\u043f\u043e\u0441\u043e\u0431\u0441\u0442\u0432\u0443\u0435\u0442 \u043f\u043e\u0447\u0435\u0447\u043d\u043e\u043c\u0443 \u0434\u0440\u0435\u043d\u0430\u0436\u0443 \u0438 \u0432\u044b\u0432\u0435\u0434\u0435\u043d\u0438\u044e \u0436\u0438\u0434\u043a\u043e\u0441\u0442\u0438<\/p>\n<\/li>\n<li>\n<p data-rm-block-id=\"block-8\"><strong>\u0421\u0442\u0435\u0431\u043b\u0438 \u0445\u0432\u043e\u0449\u0430<\/strong> \u2013 \u043c\u043e\u0447\u0435\u0433\u043e\u043d\u043d\u043e\u0435 \u0438 \u0434\u0435\u0442\u043e\u043a\u0441\u0438\u043a\u0430\u0446\u0438\u043e\u043d\u043d\u043e\u0435 \u0434\u0435\u0439\u0441\u0442\u0432\u0438\u0435<\/p>\n<\/li>\n<li>\n<p data-rm-block-id=\"block-9\"><strong>\u0412\u0438\u0442\u0430\u043c\u0438\u043d \u0421<\/strong> \u2013 \u0430\u043d\u0442\u0438\u043e\u043a\u0441\u0438\u0434\u0430\u043d\u0442, \u0437\u0430\u0449\u0438\u0449\u0430\u044e\u0449\u0438\u0439 \u043a\u043b\u0435\u0442\u043a\u0438 \u043e\u0442 \u043e\u043a\u0438\u0441\u043b\u0438\u0442\u0435\u043b\u044c\u043d\u043e\u0433\u043e \u0441\u0442\u0440\u0435\u0441\u0441\u0430<\/p>\n<\/li>\n<\/ul>\n<h5 data-rm-block-id=\"block-10\">\u2705 <strong>\u041e\u0441\u043d\u043e\u0432\u043d\u044b\u0435 \u043f\u0440\u0435\u0438\u043c\u0443\u0449\u0435\u0441\u0442\u0432\u0430:<\/strong><\/h5>\n<ul>\n<li>\n<p data-rm-block-id=\"block-11\">\u0415\u0441\u0442\u0435\u0441\u0442\u0432\u0435\u043d\u043d\u0430\u044f \u0434\u0435\u0442\u043e\u043a\u0441\u0438\u043a\u0430\u0446\u0438\u044f \u043f\u043e\u0447\u0435\u043a \u0438 \u044d\u0444\u0444\u0435\u043a\u0442\u0438\u0432\u043d\u0430\u044f \u0444\u0438\u043b\u044c\u0442\u0440\u0430\u0446\u0438\u044f \u0442\u043e\u043a\u0441\u0438\u043d\u043e\u0432<\/p>\n<\/li>\n<li>\n<p data-rm-block-id=\"block-12\">\u0412\u044b\u0432\u0435\u0434\u0435\u043d\u0438\u0435 \u0438\u0437\u0431\u044b\u0442\u043a\u0430 \u0436\u0438\u0434\u043a\u043e\u0441\u0442\u0438 \u0438 \u0443\u043c\u0435\u043d\u044c\u0448\u0435\u043d\u0438\u0435 \u0437\u0430\u0434\u0435\u0440\u0436\u043a\u0438<\/p>\n<\/li>\n<li>\n<p data-rm-block-id=\"block-13\">\u041f\u043e\u0434\u0434\u0435\u0440\u0436\u043a\u0430 \u0437\u0434\u043e\u0440\u043e\u0432\u044c\u044f \u043c\u043e\u0447\u0435\u0432\u044b\u0432\u043e\u0434\u044f\u0449\u0438\u0445 \u043f\u0443\u0442\u0435\u0439 \u0438 \u043a\u043e\u043c\u0444\u043e\u0440\u0442\u0430 \u043f\u043e\u0447\u0435\u043a<\/p>\n<\/li>\n<li>\n<p data-rm-block-id=\"block-14\">\u0410\u043d\u0442\u0438\u043e\u043a\u0441\u0438\u0434\u0430\u043d\u0442\u043d\u0430\u044f \u0437\u0430\u0449\u0438\u0442\u0430 \u043e\u0442 \u0432\u043e\u0441\u043f\u0430\u043b\u0435\u043d\u0438\u0439 \u0438 \u043f\u043e\u0432\u0440\u0435\u0436\u0434\u0435\u043d\u0438\u044f \u043a\u043b\u0435\u0442\u043e\u043a<\/p>\n<\/li>\n<li>\n<p data-rm-block-id=\"block-15\">\u0423\u043b\u0443\u0447\u0448\u0435\u043d\u0438\u0435 \u0444\u0443\u043d\u043a\u0446\u0438\u0438 \u043f\u043e\u0447\u0435\u043a \u0438 \u043c\u0435\u0442\u0430\u0431\u043e\u043b\u0438\u0447\u0435\u0441\u043a\u043e\u0433\u043e \u0431\u0430\u043b\u0430\u043d\u0441\u0430<\/p>\n<\/li>\n<\/ul>\n<h5 data-rm-block-id=\"block-16\">\ud83d\udca7 <strong>\u0421\u043f\u043e\u0441\u043e\u0431 \u043f\u0440\u0438\u043c\u0435\u043d\u0435\u043d\u0438\u044f:<\/strong><\/h5>\n<p data-rm-block-id=\"block-17\">\u0420\u0435\u043a\u043e\u043c\u0435\u043d\u0434\u0443\u0435\u0442\u0441\u044f <strong>2 \u0440\u0430\u0437\u0430 \u0432 \u0434\u0435\u043d\u044c<\/strong>, \u00eentre <strong>10 \u043c\u043b<\/strong>, \u0440\u0430\u0437\u0431\u0430\u0432\u043b\u0435\u043d\u043d\u044b\u0439 \u0432 <strong>200 \u043c\u043b \u0432\u043e\u0434\u044b<\/strong>, \u0434\u043b\u044f \u043e\u043f\u0442\u0438\u043c\u0430\u043b\u044c\u043d\u043e\u0433\u043e \u0443\u0441\u0432\u043e\u0435\u043d\u0438\u044f \u0438 \u043c\u0430\u043a\u0441\u0438\u043c\u0430\u043b\u044c\u043d\u043e\u0433\u043e \u044d\u0444\u0444\u0435\u043a\u0442\u0430.<\/p>\n<h5 data-rm-block-id=\"block-18\">\u2139\ufe0f <strong>\u0434\u043e\u043f\u043e\u043b\u043d\u0438\u0442\u0435\u043b\u044c\u043d\u0430\u044f \u0438\u043d\u0444\u043e\u0440\u043c\u0430\u0446\u0438\u044f:<\/strong><\/h5>\n<ul>\n<li>\n<p data-rm-block-id=\"block-19\">\u041e\u0431\u044a\u0435\u043c: 500 \u043c\u043b<\/p>\n<\/li>\n<li>\n<p data-rm-block-id=\"block-20\">\u0424\u043e\u0440\u043c\u0430: \u041a\u043e\u043d\u0446\u0435\u043d\u0442\u0440\u0438\u0440\u043e\u0432\u0430\u043d\u043d\u0430\u044f \u0436\u0438\u0434\u043a\u043e\u0441\u0442\u044c<\/p>\n<\/li>\n<li>\n<p data-rm-block-id=\"block-21\">\u041d\u0438\u043a\u0430\u043a\u0438\u0445 \u0438\u0441\u043a\u0443\u0441\u0441\u0442\u0432\u0435\u043d\u043d\u044b\u0445 \u043a\u0440\u0430\u0441\u0438\u0442\u0435\u043b\u0435\u0439, \u043a\u043e\u043d\u0441\u0435\u0440\u0432\u0430\u043d\u0442\u043e\u0432 \u0438 \u0441\u0438\u043d\u0442\u0435\u0442\u0438\u0447\u0435\u0441\u043a\u0438\u0445 \u0438\u043d\u0433\u0440\u0435\u0434\u0438\u0435\u043d\u0442\u043e\u0432.<\/p>\n<\/li>\n<li>\n<p data-rm-block-id=\"block-22\">\u041f\u043e\u0434\u0445\u043e\u0434\u0438\u0442 \u0434\u043b\u044f \u0432\u0435\u0433\u0430\u043d\u0441\u043a\u0438\u0445 \u0434\u0438\u0435\u0442 \u0438 \u043f\u0440\u043e\u0446\u0435\u0434\u0443\u0440 \u0434\u0435\u0442\u043e\u043a\u0441\u0438\u043a\u0430\u0446\u0438\u0438.<\/p>\n<\/li>\n<\/ul>\n<p data-rm-block-id=\"block-23\">\u26a0\ufe0f <em>\u041e\u0441\u0442\u043e\u0440\u043e\u0436\u043d\u043e:<\/em> \u0411\u0438\u043e\u043b\u043e\u0433\u0438\u0447\u0435\u0441\u043a\u0438 \u0430\u043a\u0442\u0438\u0432\u043d\u044b\u0435 \u0434\u043e\u0431\u0430\u0432\u043a\u0438 \u043d\u0435 \u0437\u0430\u043c\u0435\u043d\u044f\u044e\u0442 \u0441\u0431\u0430\u043b\u0430\u043d\u0441\u0438\u0440\u043e\u0432\u0430\u043d\u043d\u043e\u0435 \u043f\u0438\u0442\u0430\u043d\u0438\u0435 \u0438 \u0437\u0434\u043e\u0440\u043e\u0432\u044b\u0439 \u043e\u0431\u0440\u0430\u0437 \u0436\u0438\u0437\u043d\u0438. \u041d\u0435 \u043f\u0440\u0435\u0432\u044b\u0448\u0430\u0439\u0442\u0435 \u0440\u0435\u043a\u043e\u043c\u0435\u043d\u0434\u0443\u0435\u043c\u0443\u044e \u0434\u043e\u0437\u0443. \u0425\u0440\u0430\u043d\u0438\u0442\u044c \u0432 \u043d\u0435\u0434\u043e\u0441\u0442\u0443\u043f\u043d\u043e\u043c \u0434\u043b\u044f \u0434\u0435\u0442\u0435\u0439 \u043c\u0435\u0441\u0442\u0435.<\/p>\n<p data-rm-block-id=\"block-24\">\ud83d\udd0d <em>\u043a\u043b\u044e\u0447\u0435\u0432\u044b\u0435 \u0441\u043b\u043e\u0432\u0430 SEO<\/em>: \u0434\u0435\u0442\u043e\u043a\u0441\u0438\u043a\u0430\u0446\u0438\u044f \u043f\u043e\u0447\u0435\u043a, \u043f\u043e\u0447\u0435\u0447\u043d\u0430\u044f \u0434\u043e\u0431\u0430\u0432\u043a\u0430, \u0437\u0434\u043e\u0440\u043e\u0432\u044c\u0435 \u043c\u043e\u0447\u0435\u0432\u044b\u0432\u043e\u0434\u044f\u0449\u0438\u0445 \u043f\u0443\u0442\u0435\u0439, \u0434\u0440\u0435\u043d\u0430\u0436 \u043f\u043e\u0447\u0435\u043a, \u0432\u043e\u0434\u043d\u044b\u0439 \u0431\u0430\u043b\u0430\u043d\u0441, \u0445\u0432\u043e\u0449, \u043a\u043b\u044e\u043a\u0432\u0430, \u0441\u0435\u043b\u0435\u0437\u0435\u043d\u043a\u0430, \u043e\u0440\u0442\u043e\u0441\u0438\u0444\u043e\u043d, \u0432\u0438\u0442\u0430\u043c\u0438\u043d \u0421, \u043d\u0430\u0442\u0443\u0440\u0430\u043b\u044c\u043d\u0430\u044f \u0436\u0438\u0434\u043a\u0430\u044f \u0434\u043e\u0431\u0430\u0432\u043a\u0430, \u0430\u043d\u0442\u0438\u043e\u043a\u0441\u0438\u0434\u0430\u043d\u0442\u043d\u0430\u044f \u0437\u0430\u0449\u0438\u0442\u0430, \u0440\u0430\u0441\u0442\u0438\u0442\u0435\u043b\u044c\u043d\u0430\u044f \u0434\u0435\u0442\u043e\u043a\u0441\u0438\u043a\u0430\u0446\u0438\u044f<\/p>","protected":false},"excerpt":{"rendered":"<p>Sanatatea Rinichilor din Plante 500 ml | Detoxifiere Natural\u0103 \u0219i Echilibru Hidric Protejeaz\u0103-\u021bi rinichii \u00een mod natural cu aceast\u0103 formul\u0103<\/p>","protected":false},"featured_media":14119,"comment_status":"open","ping_status":"closed","template":"","meta":{"_acf_changed":false},"product_brand":[],"product_cat":[98,112],"product_tag":[],"class_list":{"0":"post-12004","1":"product","2":"type-product","3":"status-publish","4":"has-post-thumbnail","6":"product_cat-bio-suplimente","7":"product_cat-sucuri-siropuri-bio","9":"first","10":"instock","11":"shipping-taxable","12":"purchasable","13":"product-type-simple"},"acf":[],"_links":{"self":[{"href":"https:\/\/biomed.md\/ru\/wp-json\/wp\/v2\/product\/12004","targetHints":{"allow":["GET"]}}],"collection":[{"href":"https:\/\/biomed.md\/ru\/wp-json\/wp\/v2\/product"}],"about":[{"href":"https:\/\/biomed.md\/ru\/wp-json\/wp\/v2\/types\/product"}],"replies":[{"embeddable":true,"href":"https:\/\/biomed.md\/ru\/wp-json\/wp\/v2\/comments?post=12004"}],"version-history":[{"count":3,"href":"https:\/\/biomed.md\/ru\/wp-json\/wp\/v2\/product\/12004\/revisions"}],"predecessor-version":[{"id":14041,"href":"https:\/\/biomed.md\/ru\/wp-json\/wp\/v2\/product\/12004\/revisions\/14041"}],"wp:featuredmedia":[{"embeddable":true,"href":"https:\/\/biomed.md\/ru\/wp-json\/wp\/v2\/media\/14119"}],"wp:attachment":[{"href":"https:\/\/biomed.md\/ru\/wp-json\/wp\/v2\/media?parent=12004"}],"wp:term":[{"taxonomy":"product_brand","embeddable":true,"href":"https:\/\/biomed.md\/ru\/wp-json\/wp\/v2\/product_brand?post=12004"},{"taxonomy":"product_cat","embeddable":true,"href":"https:\/\/biomed.md\/ru\/wp-json\/wp\/v2\/product_cat?post=12004"},{"taxonomy":"product_tag","embeddable":true,"href":"https:\/\/biomed.md\/ru\/wp-json\/wp\/v2\/product_tag?post=12004"}],"curies":[{"name":"wp","href":"https:\/\/api.w.org\/{rel}","templated":true}]}}