{"id":11998,"date":"2025-04-22T16:36:00","date_gmt":"2025-04-22T16:36:00","guid":{"rendered":"https:\/\/biomed.md\/?post_type=product&#038;p=11998"},"modified":"2026-02-19T12:49:52","modified_gmt":"2026-02-19T12:49:52","slug":"sanatatea-ficatului-din-plante","status":"publish","type":"product","link":"https:\/\/biomed.md\/ru\/product\/sanatatea-ficatului-din-plante\/","title":{"rendered":"\u0417\u0434\u043e\u0440\u043e\u0432\u044c\u0435 \u043f\u0435\u0447\u0435\u043d\u0438 \u043e\u0442 \u0440\u0430\u0441\u0442\u0435\u043d\u0438\u0439"},"content":{"rendered":"<h4 data-rm-block-id=\"block-1\"><strong>\u0417\u0434\u043e\u0440\u043e\u0432\u044c\u0435 \u043f\u0435\u0447\u0435\u043d\u0438 \u043e\u0442 \u0440\u0430\u0441\u0442\u0435\u043d\u0438\u0439\u00a0 <\/strong><strong>500 \u043c\u043b | \u041d\u0430\u0442\u0443\u0440\u0430\u043b\u044c\u043d\u0430\u044f \u0434\u0435\u0442\u043e\u043a\u0441\u0438\u043a\u0430\u0446\u0438\u044f \u0438 \u0437\u0434\u043e\u0440\u043e\u0432\u044c\u0435 \u043f\u0435\u0447\u0435\u043d\u0438<\/strong><\/h4>\n<p data-rm-block-id=\"block-2\">\u041e\u0436\u0438\u0432\u0438\u0442\u0435 \u0441\u0432\u043e\u044e \u043f\u0435\u0447\u0435\u043d\u044c \u0441 \u043f\u043e\u043c\u043e\u0449\u044c\u044e \u044d\u0442\u043e\u0439 100% \u043d\u0430\u0442\u0443\u0440\u0430\u043b\u044c\u043d\u043e\u0439 \u0436\u0438\u0434\u043a\u043e\u0439 \u0444\u043e\u0440\u043c\u0443\u043b\u044b, \u0440\u0430\u0437\u0440\u0430\u0431\u043e\u0442\u0430\u043d\u043d\u043e\u0439 \u0434\u043b\u044f \u043f\u043e\u0434\u0434\u0435\u0440\u0436\u043a\u0438 \u0444\u0443\u043d\u043a\u0446\u0438\u0438 \u043f\u0435\u0447\u0435\u043d\u0438, \u0434\u0435\u0442\u043e\u043a\u0441\u0438\u043a\u0430\u0446\u0438\u0438 \u043e\u0440\u0433\u0430\u043d\u0438\u0437\u043c\u0430 \u0438 \u0443\u043b\u0443\u0447\u0448\u0435\u043d\u0438\u044f \u043f\u0438\u0449\u0435\u0432\u0430\u0440\u0435\u043d\u0438\u044f. \u0411\u043b\u0430\u0433\u043e\u0434\u0430\u0440\u044f \u0441\u0438\u043d\u0435\u0440\u0433\u0435\u0442\u0438\u0447\u0435\u0441\u043a\u043e\u0439 \u0441\u043c\u0435\u0441\u0438 \u0442\u0440\u0430\u0432 \u0438 \u0432\u0438\u0442\u0430\u043c\u0438\u043d\u0430 \u0421 \u044d\u0442\u0430 \u0434\u043e\u0431\u0430\u0432\u043a\u0430 \u0438\u0434\u0435\u0430\u043b\u044c\u043d\u043e \u043f\u043e\u0434\u0445\u043e\u0434\u0438\u0442 \u0434\u043b\u044f \u0442\u0435\u0445, \u043a\u0442\u043e \u0445\u043e\u0447\u0435\u0442 \u0437\u0430\u0449\u0438\u0442\u0438\u0442\u044c \u0441\u0432\u043e\u044e \u043f\u0435\u0447\u0435\u043d\u044c \u0438 \u0432\u043e\u0441\u0441\u0442\u0430\u043d\u043e\u0432\u0438\u0442\u044c \u044d\u043d\u0435\u0440\u0433\u0438\u044e.<\/p>\n<h5 data-rm-block-id=\"block-3\">\ud83c\udf3f <strong>\u0410\u043a\u0442\u0438\u0432\u043d\u044b\u0435 \u0438\u043d\u0433\u0440\u0435\u0434\u0438\u0435\u043d\u0442\u044b:<\/strong><\/h5>\n<ul>\n<li data-rm-block-id=\"block-4\"><strong>\u0414\u0438\u0441\u0442\u0438\u043b\u043b\u044f\u0442 \u0441\u043f\u0435\u043b\u044c\u0442\u044b (17% \u0430\u043b\u043a\u043e\u0433\u043e\u043b\u044f)<\/strong> \u2013 \u043d\u0430\u0442\u0443\u0440\u0430\u043b\u044c\u043d\u043e\u0435 \u0441\u0440\u0435\u0434\u0441\u0442\u0432\u043e \u0434\u043b\u044f \u0443\u0441\u0432\u043e\u0435\u043d\u0438\u044f \u0440\u0430\u0441\u0442\u0435\u043d\u0438\u044f\u043c\u0438<\/li>\n<li data-rm-block-id=\"block-5\"><strong>\u041a\u043e\u0440\u0435\u043d\u044c \u043e\u0434\u0443\u0432\u0430\u043d\u0447\u0438\u043a\u0430<\/strong> \u2013 \u0441\u043f\u043e\u0441\u043e\u0431\u0441\u0442\u0432\u0443\u0435\u0442 \u0432\u044b\u0432\u0435\u0434\u0435\u043d\u0438\u044e \u0442\u043e\u043a\u0441\u0438\u043d\u043e\u0432 \u0438 \u0443\u043b\u0443\u0447\u0448\u0435\u043d\u0438\u044e \u0440\u0430\u0431\u043e\u0442\u044b \u043f\u0435\u0447\u0435\u043d\u0438<\/li>\n<li data-rm-block-id=\"block-6\"><strong>\u0421\u0435\u043c\u0435\u043d\u0430 \u0440\u0430\u0441\u0442\u043e\u0440\u043e\u043f\u0448\u0438 \u043f\u044f\u0442\u043d\u0438\u0441\u0442\u043e\u0439<\/strong> \u2013 \u0437\u0430\u0449\u0438\u0449\u0430\u0435\u0442 \u043a\u043b\u0435\u0442\u043a\u0438 \u043f\u0435\u0447\u0435\u043d\u0438 \u0438 \u0441\u043f\u043e\u0441\u043e\u0431\u0441\u0442\u0432\u0443\u0435\u0442 \u0440\u0435\u0433\u0435\u043d\u0435\u0440\u0430\u0446\u0438\u0438 \u043f\u0435\u0447\u0435\u043d\u0438<\/li>\n<li data-rm-block-id=\"block-7\"><strong>\u041b\u0438\u0441\u0442\u044c\u044f \u0430\u0440\u0442\u0438\u0448\u043e\u043a\u0430<\/strong> \u2013 \u0441\u0442\u0438\u043c\u0443\u043b\u0438\u0440\u0443\u0435\u0442 \u043f\u0438\u0449\u0435\u0432\u0430\u0440\u0435\u043d\u0438\u0435 \u0438 \u0436\u0435\u043b\u0447\u0435\u043e\u0442\u0434\u0435\u043b\u0435\u043d\u0438\u0435<\/li>\n<li data-rm-block-id=\"block-8\"><strong>\u041b\u0438\u0441\u0442\u044c\u044f \u0448\u0430\u043b\u0444\u0435\u044f \u0438 \u043c\u044f\u0442\u044b<\/strong> \u2013 \u0441\u043f\u043e\u0441\u043e\u0431\u0441\u0442\u0432\u0443\u0435\u0442 \u043f\u0438\u0449\u0435\u0432\u0430\u0440\u0435\u043d\u0438\u044e \u0438 \u043e\u0431\u0435\u0441\u043f\u0435\u0447\u0438\u0432\u0430\u0435\u0442 \u043e\u0441\u0432\u0435\u0436\u0430\u044e\u0449\u0438\u0439 \u0430\u0440\u043e\u043c\u0430\u0442<\/li>\n<li data-rm-block-id=\"block-9\"><strong>\u0412\u0438\u0442\u0430\u043c\u0438\u043d \u0421<\/strong> \u2013 \u0430\u043d\u0442\u0438\u043e\u043a\u0441\u0438\u0434\u0430\u043d\u0442, \u043a\u043e\u0442\u043e\u0440\u044b\u0439 \u0431\u043e\u0440\u0435\u0442\u0441\u044f \u0441 \u043e\u043a\u0438\u0441\u043b\u0438\u0442\u0435\u043b\u044c\u043d\u044b\u043c \u0441\u0442\u0440\u0435\u0441\u0441\u043e\u043c \u0438 \u0437\u0430\u0449\u0438\u0449\u0430\u0435\u0442 \u043a\u043b\u0435\u0442\u043a\u0438<\/li>\n<\/ul>\n<h5 data-rm-block-id=\"block-10\">\u2705 <strong>\u041e\u0441\u043d\u043e\u0432\u043d\u044b\u0435 \u043f\u0440\u0435\u0438\u043c\u0443\u0449\u0435\u0441\u0442\u0432\u0430:<\/strong><\/h5>\n<ul>\n<li>\n<p data-rm-block-id=\"block-11\"><strong>\u0413\u043b\u0443\u0431\u043e\u043a\u0430\u044f \u0434\u0435\u0442\u043e\u043a\u0441\u0438\u043a\u0430\u0446\u0438\u044f \u043f\u0435\u0447\u0435\u043d\u0438<\/strong> \u2013 \u0432\u044b\u0432\u043e\u0434\u0438\u0442 \u0442\u043e\u043a\u0441\u0438\u043d\u044b \u0438 \u043f\u043e\u0434\u0434\u0435\u0440\u0436\u0438\u0432\u0430\u0435\u0442 \u043f\u0435\u0447\u0435\u043d\u044c<\/p>\n<\/li>\n<li>\n<p data-rm-block-id=\"block-12\"><strong>\u0410\u043d\u0442\u0438\u043e\u043a\u0441\u0438\u0434\u0430\u043d\u0442\u043d\u0430\u044f \u0437\u0430\u0449\u0438\u0442\u0430<\/strong> \u2013 \u043f\u0440\u0435\u0434\u043e\u0442\u0432\u0440\u0430\u0449\u0430\u0435\u0442 \u043f\u043e\u0432\u0440\u0435\u0436\u0434\u0435\u043d\u0438\u0435 \u043a\u043b\u0435\u0442\u043e\u043a \u0438 \u043f\u043e\u0434\u0434\u0435\u0440\u0436\u0438\u0432\u0430\u0435\u0442 \u0438\u043c\u043c\u0443\u043d\u0438\u0442\u0435\u0442<\/p>\n<\/li>\n<li>\n<p data-rm-block-id=\"block-13\"><strong>\u0420\u0435\u0433\u0435\u043d\u0435\u0440\u0430\u0446\u0438\u044f \u043f\u0435\u0447\u0435\u043d\u0438<\/strong> \u2013 \u043f\u043e\u043c\u043e\u0433\u0430\u0435\u0442 \u0432\u043e\u0441\u0441\u0442\u0430\u043d\u043e\u0432\u0438\u0442\u044c \u043a\u043b\u0435\u0442\u043a\u0438 \u043f\u0435\u0447\u0435\u043d\u0438<\/p>\n<\/li>\n<li>\n<p data-rm-block-id=\"block-14\"><strong>\u042d\u0444\u0444\u0435\u043a\u0442\u0438\u0432\u043d\u043e\u0435 \u043f\u0438\u0449\u0435\u0432\u0430\u0440\u0435\u043d\u0438\u0435<\/strong> \u2013 \u0443\u043c\u0435\u043d\u044c\u0448\u0430\u0435\u0442 \u0434\u0438\u0441\u043a\u043e\u043c\u0444\u043e\u0440\u0442 \u0432 \u043f\u0438\u0449\u0435\u0432\u0430\u0440\u0435\u043d\u0438\u0438 \u0438 \u0441\u043f\u043e\u0441\u043e\u0431\u0441\u0442\u0432\u0443\u0435\u0442 \u043f\u0435\u0440\u0435\u0440\u0430\u0431\u043e\u0442\u043a\u0435 \u0436\u0438\u0440\u0430<\/p>\n<\/li>\n<li>\n<p data-rm-block-id=\"block-15\"><strong>\u041f\u043e\u0434\u0434\u0435\u0440\u0436\u043a\u0430 \u043c\u0435\u0442\u0430\u0431\u043e\u043b\u0438\u0437\u043c\u0430<\/strong> \u2013 \u0441\u043f\u043e\u0441\u043e\u0431\u0441\u0442\u0432\u0443\u0435\u0442 \u0443\u0441\u0432\u043e\u0435\u043d\u0438\u044e \u043f\u0438\u0442\u0430\u0442\u0435\u043b\u044c\u043d\u044b\u0445 \u0432\u0435\u0449\u0435\u0441\u0442\u0432<\/p>\n<\/li>\n<li>\n<p data-rm-block-id=\"block-16\"><strong>\u0416\u0438\u0437\u043d\u0435\u043d\u043d\u0430\u044f \u0441\u0438\u043b\u0430 \u0438 \u044d\u043d\u0435\u0440\u0433\u0438\u044f<\/strong> \u2013 \u0441\u043d\u0438\u0436\u0430\u0435\u0442 \u0443\u0442\u043e\u043c\u043b\u044f\u0435\u043c\u043e\u0441\u0442\u044c \u0438 \u043f\u043e\u0434\u0434\u0435\u0440\u0436\u0438\u0432\u0430\u0435\u0442 \u043e\u0431\u0449\u0435\u0435 \u0441\u0430\u043c\u043e\u0447\u0443\u0432\u0441\u0442\u0432\u0438\u0435<\/p>\n<\/li>\n<\/ul>\n<h5 data-rm-block-id=\"block-17\">\ud83d\udca7 <strong>\u0421\u043f\u043e\u0441\u043e\u0431 \u043f\u0440\u0438\u043c\u0435\u043d\u0435\u043d\u0438\u044f:<\/strong><\/h5>\n<p data-rm-block-id=\"block-18\">2\u20133 \u0440\u0430\u0437\u0430 \u0432 \u0434\u0435\u043d\u044c, <strong>1 \u0447\u0430\u0439\u043d\u0430\u044f \u043b\u043e\u0436\u043a\u0430 (\u043f\u0440\u0438\u043c\u0435\u0440\u043d\u043e 5 \u043c\u043b) \u043a\u0430\u0436\u0434\u043e\u0433\u043e<\/strong> \u0440\u0430\u0437\u0431\u0430\u0432\u043b\u0435\u043d\u043d\u044b\u0439 \u0432 <strong>200 \u043c\u043b \u0432\u043e\u0434\u044b<\/strong>. \u0414\u043b\u044f \u0434\u043e\u0441\u0442\u0438\u0436\u0435\u043d\u0438\u044f \u043e\u043f\u0442\u0438\u043c\u0430\u043b\u044c\u043d\u043e\u0433\u043e \u044d\u0444\u0444\u0435\u043a\u0442\u0430 \u0440\u0435\u043a\u043e\u043c\u0435\u043d\u0434\u0443\u0435\u0442\u0441\u044f \u0440\u0435\u0433\u0443\u043b\u044f\u0440\u043d\u043e\u0435 \u0443\u043f\u043e\u0442\u0440\u0435\u0431\u043b\u0435\u043d\u0438\u0435.<\/p>\n<h5 data-rm-block-id=\"block-19\"><strong>\u2139\ufe0f\u0414\u043e\u043f\u043e\u043b\u043d\u0438\u0442\u0435\u043b\u044c\u043d\u0430\u044f \u0438\u043d\u0444\u043e\u0440\u043c\u0430\u0446\u0438\u044f:<\/strong><\/h5>\n<ul>\n<li>\n<p data-rm-block-id=\"block-20\"><strong>\u041e\u0431\u044a\u0435\u043c:<\/strong> 500 \u043c\u043b<\/p>\n<\/li>\n<li>\n<p data-rm-block-id=\"block-21\"><strong>\u0424\u043e\u0440\u043c\u0430:<\/strong> \u041a\u043e\u043d\u0446\u0435\u043d\u0442\u0440\u0438\u0440\u043e\u0432\u0430\u043d\u043d\u0430\u044f \u0436\u0438\u0434\u043a\u043e\u0441\u0442\u044c<\/p>\n<\/li>\n<li>\n<p data-rm-block-id=\"block-22\"><strong>\u041d\u0438\u043a\u0430\u043a\u0438\u0445 \u0438\u0441\u043a\u0443\u0441\u0441\u0442\u0432\u0435\u043d\u043d\u044b\u0445 \u043a\u0440\u0430\u0441\u0438\u0442\u0435\u043b\u0435\u0439, \u043a\u043e\u043d\u0441\u0435\u0440\u0432\u0430\u043d\u0442\u043e\u0432 \u0438 \u0441\u0438\u043d\u0442\u0435\u0442\u0438\u0447\u0435\u0441\u043a\u0438\u0445 \u0438\u043d\u0433\u0440\u0435\u0434\u0438\u0435\u043d\u0442\u043e\u0432.<\/strong><\/p>\n<\/li>\n<li>\n<p data-rm-block-id=\"block-23\"><strong>\u041f\u043e\u0434\u0445\u043e\u0434\u0438\u0442 \u0434\u043b\u044f \u0432\u0435\u0433\u0430\u043d\u0441\u043a\u0438\u0445 \u0434\u0438\u0435\u0442 \u0438 \u043f\u0440\u043e\u0446\u0435\u0434\u0443\u0440 \u0434\u0435\u0442\u043e\u043a\u0441\u0438\u043a\u0430\u0446\u0438\u0438.<\/strong><\/p>\n<\/li>\n<\/ul>\n<p data-rm-block-id=\"block-24\">\u26a0\ufe0f <em>\u041e\u0441\u0442\u043e\u0440\u043e\u0436\u043d\u043e:<\/em> \u0411\u0438\u043e\u043b\u043e\u0433\u0438\u0447\u0435\u0441\u043a\u0438 \u0430\u043a\u0442\u0438\u0432\u043d\u044b\u0435 \u0434\u043e\u0431\u0430\u0432\u043a\u0438 \u043d\u0435 \u0437\u0430\u043c\u0435\u043d\u044f\u044e\u0442 \u0441\u0431\u0430\u043b\u0430\u043d\u0441\u0438\u0440\u043e\u0432\u0430\u043d\u043d\u043e\u0435 \u043f\u0438\u0442\u0430\u043d\u0438\u0435 \u0438 \u0437\u0434\u043e\u0440\u043e\u0432\u044b\u0439 \u043e\u0431\u0440\u0430\u0437 \u0436\u0438\u0437\u043d\u0438. \u041d\u0435 \u043f\u0440\u0435\u0432\u044b\u0448\u0430\u0439\u0442\u0435 \u0440\u0435\u043a\u043e\u043c\u0435\u043d\u0434\u0443\u0435\u043c\u0443\u044e \u0434\u043e\u0437\u0443. \u0425\u0440\u0430\u043d\u0438\u0442\u044c \u0432 \u043d\u0435\u0434\u043e\u0441\u0442\u0443\u043f\u043d\u043e\u043c \u0434\u043b\u044f \u0434\u0435\u0442\u0435\u0439 \u043c\u0435\u0441\u0442\u0435.<\/p>\n<p data-rm-block-id=\"block-25\">\ud83d\udd0d <em>\u043a\u043b\u044e\u0447\u0435\u0432\u044b\u0435 \u0441\u043b\u043e\u0432\u0430 SEO<\/em>: \u0434\u0435\u0442\u043e\u043a\u0441\u0438\u043a\u0430\u0446\u0438\u044f \u043f\u0435\u0447\u0435\u043d\u0438, \u0434\u043e\u0431\u0430\u0432\u043a\u0430 \u0434\u043b\u044f \u043f\u0435\u0447\u0435\u043d\u0438, \u0437\u0434\u043e\u0440\u043e\u0432\u044c\u0435 \u043f\u0435\u0447\u0435\u043d\u0438, \u0440\u0430\u0441\u0442\u043e\u0440\u043e\u043f\u0448\u0430, \u043e\u0434\u0443\u0432\u0430\u043d\u0447\u0438\u043a, \u0430\u0440\u0442\u0438\u0448\u043e\u043a, \u0432\u0438\u0442\u0430\u043c\u0438\u043d \u0421, \u043d\u0430\u0442\u0443\u0440\u0430\u043b\u044c\u043d\u0430\u044f \u0436\u0438\u0434\u043a\u0430\u044f \u0434\u043e\u0431\u0430\u0432\u043a\u0430, \u0440\u0435\u0433\u0435\u043d\u0435\u0440\u0430\u0446\u0438\u044f \u043f\u0435\u0447\u0435\u043d\u0438, \u0437\u0434\u043e\u0440\u043e\u0432\u043e\u0435 \u043f\u0438\u0449\u0435\u0432\u0430\u0440\u0435\u043d\u0438\u0435, \u0430\u043d\u0442\u0438\u043e\u043a\u0441\u0438\u0434\u0430\u043d\u0442\u043d\u0430\u044f \u0437\u0430\u0449\u0438\u0442\u0430, \u0436\u0438\u0437\u043d\u0435\u043d\u043d\u0430\u044f \u0441\u0438\u043b\u0430, \u0434\u043e\u0431\u0430\u0432\u043a\u0430 \u0434\u043b\u044f \u043f\u0435\u0447\u0435\u043d\u0438 500 \u043c\u043b<\/p>","protected":false},"excerpt":{"rendered":"<p>Sanatatea Ficatului din Plante\u00a0 500 ml | Detoxifiere Natural\u0103 \u0219i Vitalitate Hepatic\u0103 Revitalizeaz\u0103-\u021bi ficatul cu aceast\u0103 formul\u0103 lichid\u0103 100% natural\u0103,<\/p>","protected":false},"featured_media":15704,"comment_status":"open","ping_status":"closed","template":"","meta":{"_acf_changed":false},"product_brand":[],"product_cat":[98,112],"product_tag":[],"class_list":{"0":"post-11998","1":"product","2":"type-product","3":"status-publish","4":"has-post-thumbnail","6":"product_cat-bio-suplimente","7":"product_cat-sucuri-siropuri-bio","9":"first","10":"instock","11":"shipping-taxable","12":"purchasable","13":"product-type-simple"},"acf":[],"_links":{"self":[{"href":"https:\/\/biomed.md\/ru\/wp-json\/wp\/v2\/product\/11998","targetHints":{"allow":["GET"]}}],"collection":[{"href":"https:\/\/biomed.md\/ru\/wp-json\/wp\/v2\/product"}],"about":[{"href":"https:\/\/biomed.md\/ru\/wp-json\/wp\/v2\/types\/product"}],"replies":[{"embeddable":true,"href":"https:\/\/biomed.md\/ru\/wp-json\/wp\/v2\/comments?post=11998"}],"version-history":[{"count":5,"href":"https:\/\/biomed.md\/ru\/wp-json\/wp\/v2\/product\/11998\/revisions"}],"predecessor-version":[{"id":15705,"href":"https:\/\/biomed.md\/ru\/wp-json\/wp\/v2\/product\/11998\/revisions\/15705"}],"wp:featuredmedia":[{"embeddable":true,"href":"https:\/\/biomed.md\/ru\/wp-json\/wp\/v2\/media\/15704"}],"wp:attachment":[{"href":"https:\/\/biomed.md\/ru\/wp-json\/wp\/v2\/media?parent=11998"}],"wp:term":[{"taxonomy":"product_brand","embeddable":true,"href":"https:\/\/biomed.md\/ru\/wp-json\/wp\/v2\/product_brand?post=11998"},{"taxonomy":"product_cat","embeddable":true,"href":"https:\/\/biomed.md\/ru\/wp-json\/wp\/v2\/product_cat?post=11998"},{"taxonomy":"product_tag","embeddable":true,"href":"https:\/\/biomed.md\/ru\/wp-json\/wp\/v2\/product_tag?post=11998"}],"curies":[{"name":"wp","href":"https:\/\/api.w.org\/{rel}","templated":true}]}}